{"id":8835,"date":"2022-04-26T08:22:45","date_gmt":"2022-04-26T08:22:45","guid":{"rendered":"https:\/\/proventuss.eu\/produkt\/dowsil-3545-insulating-glass-silicone-sealant\/"},"modified":"2022-04-26T08:22:45","modified_gmt":"2022-04-26T08:22:45","slug":"dowsil-3545-insulating-glass-silicone-sealant","status":"publish","type":"product","link":"https:\/\/proventuss.eu\/sk\/produkt\/dowsil-3545-insulating-glass-silicone-sealant\/","title":{"rendered":"DOWSIL 3545 Insulating Glass Silicone Sealant"},"content":{"rendered":"<p><strong>JEDNOZLO\u017dKOV\u00dd SILIK\u00d3NOV\u00dd TMEL PRE IZOLA\u010cN\u00c9 SKL\u00c1<\/strong> s okam\u017eitou pevnos\u0165ou umo\u017e\u0148uj\u00faci r\u00fdchlu manipul\u00e1ciu lepen\u00fdch izola\u010dn\u00fdch skiel.<\/p>\n<p><strong>VLASTNOSTI A V\u00ddHODY:<\/strong><br \/>\n\u2022 Okam\u017eit\u00e1 vysok\u00e1 pevnos\u0165<br \/>\n\u2022 Technol\u00f3gia jednozlo\u017ekov\u00e9ho alkoxy silik\u00f3nu<br \/>\n\u2022 Okam\u017eit\u00e9 pou\u017eitie<br \/>\n\u2022 Odoln\u00fd vo\u010di UV, oz\u00f3nu a poveternostn\u00fdm vplyvom<br \/>\n\u2022 Sp\u013a\u0148a po\u017eiadavky EN1279 \u010dasti 2\/4<br \/>\n\u2022 Pracovn\u00fd rozsah tepl\u00f4t -50\u00b0C a\u017e +150\u00b0C<br \/>\n\u2022 V\u00fdborn\u00e1 pri\u013enavos\u0165 ku sklu a r\u00f4zn\u00fdm di\u0161tan\u010dn\u00fdm r\u00e1m\u010dekom (napr. hlin\u00edk, nerezov\u00e1 oce\u013e)<br \/>\n\u2022 Nekoroz\u00edvne vytvrdzovanie<br \/>\n\u2022 Bez rozp\u00fa\u0161\u0165adiel, bez z\u00e1pachu<br \/>\n\u2022 N\u00edzk\u00e1 absorpcia vody<br \/>\n\u2022 Vysok\u00e1 \u00farove\u0148 mechanick\u00fdch vlastnost\u00ed<br \/>\n\u2022 Neobsahuje organick\u00e9 plastifik\u00e1tory, ktor\u00e9 mo\u017eu sp\u00f4sobi\u0165 zahmlievanie vo vn\u00fatri izola\u010dn\u00e9ho skla<br \/>\n\u2022 Vysok\u00e9 elastick\u00e9 zotavenie a vysok\u00e1 pevnos\u0165 zni\u017euje nam\u00e1hanie butylu<br \/>\n\u2022 R\u00fdchla manipul\u00e1cia s izola\u010dn\u00fdmi sklami v\u010faka okam\u017eitej pevnosti<br \/>\n\u2022 R\u00fdchle dosiahnutie pevnosti<br \/>\n\u2022 Vysok\u00e1 trvanlivos\u0165 v\u010faka odolnosti vo\u010di teplote, oz\u00f3nu a UV<br \/>\n\u2022 Pre ru\u010dn\u00e9 a automatick\u00e9 nan\u00e1\u0161anie<\/p>\n<p><strong>APLIK\u00c1CIA:<\/strong><br \/>\nDOWSIL\u2122 3545 Silik\u00f3nov\u00fd tmel pre izola\u010dn\u00e9 skl\u00e1 bol \u0161peci\u00e1lne vyvinut\u00fd pre v\u00fdborn\u00fa pri\u013enavos\u0165 ku sklu a \u0161irok\u00e9mu spektru di\u0161tan\u010dn\u00fdch r\u00e1m\u010dekov v aplik\u00e1ciach izola\u010dn\u00fdch skiel pre reziden\u010dn\u00e9 budovy. S okam\u017eitou vysokou pevnos\u0165ou umo\u017e\u0148uje r\u00fdchlu manipul\u00e1ciu izola\u010dn\u00fdch skiel, r\u00fdchlo vytv\u00e1ra adh\u00e9ziu, je odoln\u00fd vo\u010di UV a vytvrdzuje sa v\u010faka pr\u00edtomnosti vlhkosti.<\/p>\n","protected":false},"excerpt":{"rendered":"<p>JEDNOZLO\u017dKOV\u00dd SILIK\u00d3NOV\u00dd TMEL PRE IZOLA\u010cN\u00c9 SKL\u00c1 s okam\u017eitou pevnos\u0165ou umo\u017e\u0148uj\u00faci r\u00fdchlu manipul\u00e1ciu lepen\u00fdch izola\u010dn\u00fdch skiel. VLASTNOSTI A V\u00ddHODY: \u2022 Okam\u017eit\u00e1 vysok\u00e1 pevnos\u0165 \u2022 Technol\u00f3gia jednozlo\u017ekov\u00e9ho alkoxy silik\u00f3nu \u2022 Okam\u017eit\u00e9 pou\u017eitie \u2022 Odoln\u00fd vo\u010di UV, oz\u00f3nu a poveternostn\u00fdm vplyvom \u2022 Sp\u013a\u0148a po\u017eiadavky EN1279 \u010dasti 2\/4 \u2022 Pracovn\u00fd rozsah tepl\u00f4t -50\u00b0C a\u017e +150\u00b0C \u2022 V\u00fdborn\u00e1 pri\u013enavos\u0165 ku [&hellip;]<\/p>\n","protected":false},"featured_media":7364,"comment_status":"open","ping_status":"closed","template":"","meta":{"_acf_changed":false},"product_cat":[389],"product_tag":[],"acf":[],"yoast_head":"<!-- This site is optimized with the Yoast SEO plugin v22.9 - https:\/\/yoast.com\/wordpress\/plugins\/seo\/ -->\n<title>DOWSIL 3545 Insulating Glass Silicone Sealant - Proventuss<\/title>\n<meta name=\"robots\" content=\"index, follow, max-snippet:-1, max-image-preview:large, max-video-preview:-1\" \/>\n<link rel=\"canonical\" href=\"https:\/\/proventuss.eu\/sk\/produkt\/dowsil-3545-insulating-glass-silicone-sealant\/\" \/>\n<meta property=\"og:locale\" content=\"sk_SK\" \/>\n<meta property=\"og:type\" content=\"article\" \/>\n<meta property=\"og:title\" content=\"DOWSIL 3545 Insulating Glass Silicone Sealant - Proventuss\" \/>\n<meta property=\"og:description\" content=\"JEDNOZLO\u017dKOV\u00dd SILIK\u00d3NOV\u00dd TMEL PRE IZOLA\u010cN\u00c9 SKL\u00c1 s okam\u017eitou pevnos\u0165ou umo\u017e\u0148uj\u00faci r\u00fdchlu manipul\u00e1ciu lepen\u00fdch izola\u010dn\u00fdch skiel. VLASTNOSTI A V\u00ddHODY: \u2022 Okam\u017eit\u00e1 vysok\u00e1 pevnos\u0165 \u2022 Technol\u00f3gia jednozlo\u017ekov\u00e9ho alkoxy silik\u00f3nu \u2022 Okam\u017eit\u00e9 pou\u017eitie \u2022 Odoln\u00fd vo\u010di UV, oz\u00f3nu a poveternostn\u00fdm vplyvom \u2022 Sp\u013a\u0148a po\u017eiadavky EN1279 \u010dasti 2\/4 \u2022 Pracovn\u00fd rozsah tepl\u00f4t -50\u00b0C a\u017e +150\u00b0C \u2022 V\u00fdborn\u00e1 pri\u013enavos\u0165 ku [&hellip;]\" \/>\n<meta property=\"og:url\" content=\"https:\/\/proventuss.eu\/sk\/produkt\/dowsil-3545-insulating-glass-silicone-sealant\/\" \/>\n<meta property=\"og:site_name\" content=\"Proventuss\" \/>\n<meta property=\"og:image\" content=\"https:\/\/proventuss.eu\/wp-content\/uploads\/2022\/04\/3545.jpg\" \/>\n\t<meta property=\"og:image:width\" content=\"640\" \/>\n\t<meta property=\"og:image:height\" content=\"782\" \/>\n\t<meta property=\"og:image:type\" content=\"image\/jpeg\" \/>\n<meta name=\"twitter:card\" content=\"summary_large_image\" \/>\n<meta name=\"twitter:label1\" content=\"Predpokladan\u00fd \u010das \u010d\u00edtania\" \/>\n\t<meta name=\"twitter:data1\" content=\"1 min\u00fata\" \/>\n<script type=\"application\/ld+json\" class=\"yoast-schema-graph\">{\"@context\":\"https:\/\/schema.org\",\"@graph\":[{\"@type\":\"WebPage\",\"@id\":\"https:\/\/proventuss.eu\/sk\/produkt\/dowsil-3545-insulating-glass-silicone-sealant\/\",\"url\":\"https:\/\/proventuss.eu\/sk\/produkt\/dowsil-3545-insulating-glass-silicone-sealant\/\",\"name\":\"DOWSIL 3545 Insulating Glass Silicone Sealant - Proventuss\",\"isPartOf\":{\"@id\":\"https:\/\/proventuss.eu\/#website\"},\"primaryImageOfPage\":{\"@id\":\"https:\/\/proventuss.eu\/sk\/produkt\/dowsil-3545-insulating-glass-silicone-sealant\/#primaryimage\"},\"image\":{\"@id\":\"https:\/\/proventuss.eu\/sk\/produkt\/dowsil-3545-insulating-glass-silicone-sealant\/#primaryimage\"},\"thumbnailUrl\":\"https:\/\/proventuss.eu\/wp-content\/uploads\/2022\/04\/3545.jpg\",\"datePublished\":\"2022-04-26T08:22:45+00:00\",\"dateModified\":\"2022-04-26T08:22:45+00:00\",\"breadcrumb\":{\"@id\":\"https:\/\/proventuss.eu\/sk\/produkt\/dowsil-3545-insulating-glass-silicone-sealant\/#breadcrumb\"},\"inLanguage\":\"sk-SK\",\"potentialAction\":[{\"@type\":\"ReadAction\",\"target\":[\"https:\/\/proventuss.eu\/sk\/produkt\/dowsil-3545-insulating-glass-silicone-sealant\/\"]}]},{\"@type\":\"ImageObject\",\"inLanguage\":\"sk-SK\",\"@id\":\"https:\/\/proventuss.eu\/sk\/produkt\/dowsil-3545-insulating-glass-silicone-sealant\/#primaryimage\",\"url\":\"https:\/\/proventuss.eu\/wp-content\/uploads\/2022\/04\/3545.jpg\",\"contentUrl\":\"https:\/\/proventuss.eu\/wp-content\/uploads\/2022\/04\/3545.jpg\",\"width\":640,\"height\":782},{\"@type\":\"BreadcrumbList\",\"@id\":\"https:\/\/proventuss.eu\/sk\/produkt\/dowsil-3545-insulating-glass-silicone-sealant\/#breadcrumb\",\"itemListElement\":[{\"@type\":\"ListItem\",\"position\":1,\"name\":\"Home\",\"item\":\"https:\/\/proventuss.eu\/\"},{\"@type\":\"ListItem\",\"position\":2,\"name\":\"Produkty\",\"item\":\"https:\/\/proventuss.eu\/produkty\/\"},{\"@type\":\"ListItem\",\"position\":3,\"name\":\"DOWSIL 3545 Insulating Glass Silicone Sealant\"}]},{\"@type\":\"WebSite\",\"@id\":\"https:\/\/proventuss.eu\/#website\",\"url\":\"https:\/\/proventuss.eu\/\",\"name\":\"Proventuss\",\"description\":\"\",\"potentialAction\":[{\"@type\":\"SearchAction\",\"target\":{\"@type\":\"EntryPoint\",\"urlTemplate\":\"https:\/\/proventuss.eu\/?s={search_term_string}\"},\"query-input\":\"required name=search_term_string\"}],\"inLanguage\":\"sk-SK\"}]}<\/script>\n<!-- \/ Yoast SEO plugin. -->","yoast_head_json":{"title":"DOWSIL 3545 Insulating Glass Silicone Sealant - Proventuss","robots":{"index":"index","follow":"follow","max-snippet":"max-snippet:-1","max-image-preview":"max-image-preview:large","max-video-preview":"max-video-preview:-1"},"canonical":"https:\/\/proventuss.eu\/sk\/produkt\/dowsil-3545-insulating-glass-silicone-sealant\/","og_locale":"sk_SK","og_type":"article","og_title":"DOWSIL 3545 Insulating Glass Silicone Sealant - Proventuss","og_description":"JEDNOZLO\u017dKOV\u00dd SILIK\u00d3NOV\u00dd TMEL PRE IZOLA\u010cN\u00c9 SKL\u00c1 s okam\u017eitou pevnos\u0165ou umo\u017e\u0148uj\u00faci r\u00fdchlu manipul\u00e1ciu lepen\u00fdch izola\u010dn\u00fdch skiel. VLASTNOSTI A V\u00ddHODY: \u2022 Okam\u017eit\u00e1 vysok\u00e1 pevnos\u0165 \u2022 Technol\u00f3gia jednozlo\u017ekov\u00e9ho alkoxy silik\u00f3nu \u2022 Okam\u017eit\u00e9 pou\u017eitie \u2022 Odoln\u00fd vo\u010di UV, oz\u00f3nu a poveternostn\u00fdm vplyvom \u2022 Sp\u013a\u0148a po\u017eiadavky EN1279 \u010dasti 2\/4 \u2022 Pracovn\u00fd rozsah tepl\u00f4t -50\u00b0C a\u017e +150\u00b0C \u2022 V\u00fdborn\u00e1 pri\u013enavos\u0165 ku [&hellip;]","og_url":"https:\/\/proventuss.eu\/sk\/produkt\/dowsil-3545-insulating-glass-silicone-sealant\/","og_site_name":"Proventuss","og_image":[{"width":640,"height":782,"url":"https:\/\/proventuss.eu\/wp-content\/uploads\/2022\/04\/3545.jpg","type":"image\/jpeg"}],"twitter_card":"summary_large_image","twitter_misc":{"Predpokladan\u00fd \u010das \u010d\u00edtania":"1 min\u00fata"},"schema":{"@context":"https:\/\/schema.org","@graph":[{"@type":"WebPage","@id":"https:\/\/proventuss.eu\/sk\/produkt\/dowsil-3545-insulating-glass-silicone-sealant\/","url":"https:\/\/proventuss.eu\/sk\/produkt\/dowsil-3545-insulating-glass-silicone-sealant\/","name":"DOWSIL 3545 Insulating Glass Silicone Sealant - Proventuss","isPartOf":{"@id":"https:\/\/proventuss.eu\/#website"},"primaryImageOfPage":{"@id":"https:\/\/proventuss.eu\/sk\/produkt\/dowsil-3545-insulating-glass-silicone-sealant\/#primaryimage"},"image":{"@id":"https:\/\/proventuss.eu\/sk\/produkt\/dowsil-3545-insulating-glass-silicone-sealant\/#primaryimage"},"thumbnailUrl":"https:\/\/proventuss.eu\/wp-content\/uploads\/2022\/04\/3545.jpg","datePublished":"2022-04-26T08:22:45+00:00","dateModified":"2022-04-26T08:22:45+00:00","breadcrumb":{"@id":"https:\/\/proventuss.eu\/sk\/produkt\/dowsil-3545-insulating-glass-silicone-sealant\/#breadcrumb"},"inLanguage":"sk-SK","potentialAction":[{"@type":"ReadAction","target":["https:\/\/proventuss.eu\/sk\/produkt\/dowsil-3545-insulating-glass-silicone-sealant\/"]}]},{"@type":"ImageObject","inLanguage":"sk-SK","@id":"https:\/\/proventuss.eu\/sk\/produkt\/dowsil-3545-insulating-glass-silicone-sealant\/#primaryimage","url":"https:\/\/proventuss.eu\/wp-content\/uploads\/2022\/04\/3545.jpg","contentUrl":"https:\/\/proventuss.eu\/wp-content\/uploads\/2022\/04\/3545.jpg","width":640,"height":782},{"@type":"BreadcrumbList","@id":"https:\/\/proventuss.eu\/sk\/produkt\/dowsil-3545-insulating-glass-silicone-sealant\/#breadcrumb","itemListElement":[{"@type":"ListItem","position":1,"name":"Home","item":"https:\/\/proventuss.eu\/"},{"@type":"ListItem","position":2,"name":"Produkty","item":"https:\/\/proventuss.eu\/produkty\/"},{"@type":"ListItem","position":3,"name":"DOWSIL 3545 Insulating Glass Silicone Sealant"}]},{"@type":"WebSite","@id":"https:\/\/proventuss.eu\/#website","url":"https:\/\/proventuss.eu\/","name":"Proventuss","description":"","potentialAction":[{"@type":"SearchAction","target":{"@type":"EntryPoint","urlTemplate":"https:\/\/proventuss.eu\/?s={search_term_string}"},"query-input":"required name=search_term_string"}],"inLanguage":"sk-SK"}]}},"_links":{"self":[{"href":"https:\/\/proventuss.eu\/sk\/wp-json\/wp\/v2\/product\/8835"}],"collection":[{"href":"https:\/\/proventuss.eu\/sk\/wp-json\/wp\/v2\/product"}],"about":[{"href":"https:\/\/proventuss.eu\/sk\/wp-json\/wp\/v2\/types\/product"}],"replies":[{"embeddable":true,"href":"https:\/\/proventuss.eu\/sk\/wp-json\/wp\/v2\/comments?post=8835"}],"wp:featuredmedia":[{"embeddable":true,"href":"https:\/\/proventuss.eu\/sk\/wp-json\/wp\/v2\/media\/7364"}],"wp:attachment":[{"href":"https:\/\/proventuss.eu\/sk\/wp-json\/wp\/v2\/media?parent=8835"}],"wp:term":[{"taxonomy":"product_cat","embeddable":true,"href":"https:\/\/proventuss.eu\/sk\/wp-json\/wp\/v2\/product_cat?post=8835"},{"taxonomy":"product_tag","embeddable":true,"href":"https:\/\/proventuss.eu\/sk\/wp-json\/wp\/v2\/product_tag?post=8835"}],"curies":[{"name":"wp","href":"https:\/\/api.w.org\/{rel}","templated":true}]}}