{"id":8834,"date":"2022-04-26T08:21:21","date_gmt":"2022-04-26T08:21:21","guid":{"rendered":"https:\/\/proventuss.eu\/produkt\/dowsil-3363\/"},"modified":"2022-09-30T08:19:13","modified_gmt":"2022-09-30T08:19:13","slug":"dowsil-3363","status":"publish","type":"product","link":"https:\/\/proventuss.eu\/sk\/produkt\/dowsil-3363\/","title":{"rendered":"DOWSIL 3363"},"content":{"rendered":"<p><strong>DVOJZLO\u017dKOV\u00dd NEUTR\u00c1LNE TVRDEN\u00dd SILIK\u00d3NOV\u00dd TMEL PRE V\u00ddROBU IZOLA\u010cN\u00ddCH SKIEL PRE \u0160TRUKTUR\u00c1LNE POU\u017dITIE<\/strong>, \u0161pecializovan\u00fd tmel navrhnut\u00fd pre pou\u017eitie ako sekund\u00e1rny tmel v izola\u010dn\u00fdch skl\u00e1ch pou\u017e\u00edvan\u00fdch pri \u0161truktur\u00e1lnom zasklievan\u00ed. Poskytuje v\u00fdborn\u00fa pri\u013enavos\u0165 k r\u00f4znym povrchom vr\u00e1tane plaven\u00e9ho skla, skla s m\u00e4kk\u00fdmi i tvrd\u00fdmi povlakmi, n\u00edzkoemisn\u00e9ho skla, laminovan\u00e9ho a smaltovan\u00e9ho skla. Tmel m\u00f4\u017ee by\u0165 pou\u017eit\u00fd pre ak\u00e9ko\u013evek izola\u010dn\u00e9 sklo so \u0161peci\u00e1lnymi a funk\u010dn\u00fdni sklami, ktor\u00e9 m\u00f4\u017eu by\u0165 vystaven\u00e9 extr\u00e9mnym podmienk\u00e1m: extr\u00e9mny vplyv UV, extr\u00e9mna klimatick\u00e1 z\u00e1\u0165a\u017e, vysok\u00e9 a n\u00edzk\u00e9 teploty, rovnako ako vysok\u00e1 vlhkos\u0165.<\/p>\n<p><strong>V\u00ddHODY:<\/strong><br \/>\n\u2022 CE zna\u010denie pod\u013ea ETAG 002 sp\u013a\u0148a po\u017eiadavky na tmel pod\u013ea EN1279, \u010dasti 4 a 6 a pod\u013ea EN13022<br \/>\n\u2022 R\u00fdchle tvrdn\u00faci a nekoroz\u00edvny<br \/>\n\u2022 Vynikaj\u00faca pri\u013enavos\u0165 k \u0161irok\u00e9mu spektru povrchov vr\u00e1tane povlakov\u00fdch a reflekt\u00edvnych skiel, hlin\u00edkov\u00fdm a oce\u013eov\u00fdm di\u0161tan\u010dn\u00fdm r\u00e1m\u010dekom a mnoho plastom<br \/>\n\u2022 Vynikaj\u00edca odolnos\u0165 proti oz\u00f3nu a ultrafialov\u00e9mu (UV) \u017eiareniu<br \/>\n\u2022 Vysok\u00e1 \u00farove\u0148 mechanick\u00fdch vlastnost\u00ed &#8211; vysok\u00fd modulus<br \/>\n\u2022 V\u00fdborn\u00e1 teplotn\u00e1 st\u00e1los\u0165<br \/>\n\u2022 Dostupn\u00e9 v bielej farbe a odtie\u0148och \u0161edej<\/p>\n<p><strong>BALENIE\/FARBY:<\/strong><br \/>\nB\u00e1za: 250 kg sud<br \/>\nFarba: biela<br \/>\nKatalyz\u00e1tor: HV\/GER 25 kg vedro<br \/>\nFarba: svetlo \u0161ed\u00e1, stredne \u0161ed\u00e1, tmavo \u0161ed\u00e1, \u010d\u00edra, \u010dierna<\/p>\n","protected":false},"excerpt":{"rendered":"<p>DVOJZLO\u017dKOV\u00dd NEUTR\u00c1LNE TVRDEN\u00dd SILIK\u00d3NOV\u00dd TMEL PRE V\u00ddROBU IZOLA\u010cN\u00ddCH SKIEL PRE \u0160TRUKTUR\u00c1LNE POU\u017dITIE, \u0161pecializovan\u00fd tmel navrhnut\u00fd pre pou\u017eitie ako sekund\u00e1rny tmel v izola\u010dn\u00fdch skl\u00e1ch pou\u017e\u00edvan\u00fdch pri \u0161truktur\u00e1lnom zasklievan\u00ed. Poskytuje v\u00fdborn\u00fa pri\u013enavos\u0165 k r\u00f4znym povrchom vr\u00e1tane plaven\u00e9ho skla, skla s m\u00e4kk\u00fdmi i tvrd\u00fdmi povlakmi, n\u00edzkoemisn\u00e9ho skla, laminovan\u00e9ho a smaltovan\u00e9ho skla. Tmel m\u00f4\u017ee by\u0165 pou\u017eit\u00fd pre ak\u00e9ko\u013evek izola\u010dn\u00e9 [&hellip;]<\/p>\n","protected":false},"featured_media":7362,"comment_status":"open","ping_status":"closed","template":"","meta":{"_acf_changed":false},"product_cat":[389],"product_tag":[],"acf":[],"yoast_head":"<!-- This site is optimized with the Yoast SEO plugin v22.9 - https:\/\/yoast.com\/wordpress\/plugins\/seo\/ -->\n<title>DOWSIL 3363 - Proventuss<\/title>\n<meta name=\"robots\" content=\"index, follow, max-snippet:-1, max-image-preview:large, max-video-preview:-1\" \/>\n<link rel=\"canonical\" href=\"https:\/\/proventuss.eu\/sk\/produkt\/dowsil-3363\/\" \/>\n<meta property=\"og:locale\" content=\"sk_SK\" \/>\n<meta property=\"og:type\" content=\"article\" \/>\n<meta property=\"og:title\" content=\"DOWSIL 3363 - Proventuss\" \/>\n<meta property=\"og:description\" content=\"DVOJZLO\u017dKOV\u00dd NEUTR\u00c1LNE TVRDEN\u00dd SILIK\u00d3NOV\u00dd TMEL PRE V\u00ddROBU IZOLA\u010cN\u00ddCH SKIEL PRE \u0160TRUKTUR\u00c1LNE POU\u017dITIE, \u0161pecializovan\u00fd tmel navrhnut\u00fd pre pou\u017eitie ako sekund\u00e1rny tmel v izola\u010dn\u00fdch skl\u00e1ch pou\u017e\u00edvan\u00fdch pri \u0161truktur\u00e1lnom zasklievan\u00ed. Poskytuje v\u00fdborn\u00fa pri\u013enavos\u0165 k r\u00f4znym povrchom vr\u00e1tane plaven\u00e9ho skla, skla s m\u00e4kk\u00fdmi i tvrd\u00fdmi povlakmi, n\u00edzkoemisn\u00e9ho skla, laminovan\u00e9ho a smaltovan\u00e9ho skla. Tmel m\u00f4\u017ee by\u0165 pou\u017eit\u00fd pre ak\u00e9ko\u013evek izola\u010dn\u00e9 [&hellip;]\" \/>\n<meta property=\"og:url\" content=\"https:\/\/proventuss.eu\/sk\/produkt\/dowsil-3363\/\" \/>\n<meta property=\"og:site_name\" content=\"Proventuss\" \/>\n<meta property=\"article:modified_time\" content=\"2022-09-30T08:19:13+00:00\" \/>\n<meta property=\"og:image\" content=\"https:\/\/proventuss.eu\/wp-content\/uploads\/2022\/04\/3363.jpg\" \/>\n\t<meta property=\"og:image:width\" content=\"640\" \/>\n\t<meta property=\"og:image:height\" content=\"905\" \/>\n\t<meta property=\"og:image:type\" content=\"image\/jpeg\" \/>\n<meta name=\"twitter:card\" content=\"summary_large_image\" \/>\n<meta name=\"twitter:label1\" content=\"Predpokladan\u00fd \u010das \u010d\u00edtania\" \/>\n\t<meta name=\"twitter:data1\" content=\"1 min\u00fata\" \/>\n<script type=\"application\/ld+json\" class=\"yoast-schema-graph\">{\"@context\":\"https:\/\/schema.org\",\"@graph\":[{\"@type\":\"WebPage\",\"@id\":\"https:\/\/proventuss.eu\/sk\/produkt\/dowsil-3363\/\",\"url\":\"https:\/\/proventuss.eu\/sk\/produkt\/dowsil-3363\/\",\"name\":\"DOWSIL 3363 - Proventuss\",\"isPartOf\":{\"@id\":\"https:\/\/proventuss.eu\/#website\"},\"primaryImageOfPage\":{\"@id\":\"https:\/\/proventuss.eu\/sk\/produkt\/dowsil-3363\/#primaryimage\"},\"image\":{\"@id\":\"https:\/\/proventuss.eu\/sk\/produkt\/dowsil-3363\/#primaryimage\"},\"thumbnailUrl\":\"https:\/\/proventuss.eu\/wp-content\/uploads\/2022\/04\/3363.jpg\",\"datePublished\":\"2022-04-26T08:21:21+00:00\",\"dateModified\":\"2022-09-30T08:19:13+00:00\",\"breadcrumb\":{\"@id\":\"https:\/\/proventuss.eu\/sk\/produkt\/dowsil-3363\/#breadcrumb\"},\"inLanguage\":\"sk-SK\",\"potentialAction\":[{\"@type\":\"ReadAction\",\"target\":[\"https:\/\/proventuss.eu\/sk\/produkt\/dowsil-3363\/\"]}]},{\"@type\":\"ImageObject\",\"inLanguage\":\"sk-SK\",\"@id\":\"https:\/\/proventuss.eu\/sk\/produkt\/dowsil-3363\/#primaryimage\",\"url\":\"https:\/\/proventuss.eu\/wp-content\/uploads\/2022\/04\/3363.jpg\",\"contentUrl\":\"https:\/\/proventuss.eu\/wp-content\/uploads\/2022\/04\/3363.jpg\",\"width\":640,\"height\":905},{\"@type\":\"BreadcrumbList\",\"@id\":\"https:\/\/proventuss.eu\/sk\/produkt\/dowsil-3363\/#breadcrumb\",\"itemListElement\":[{\"@type\":\"ListItem\",\"position\":1,\"name\":\"Home\",\"item\":\"https:\/\/proventuss.eu\/\"},{\"@type\":\"ListItem\",\"position\":2,\"name\":\"Produkty\",\"item\":\"https:\/\/proventuss.eu\/produkty\/\"},{\"@type\":\"ListItem\",\"position\":3,\"name\":\"DOWSIL 3363\"}]},{\"@type\":\"WebSite\",\"@id\":\"https:\/\/proventuss.eu\/#website\",\"url\":\"https:\/\/proventuss.eu\/\",\"name\":\"Proventuss\",\"description\":\"\",\"potentialAction\":[{\"@type\":\"SearchAction\",\"target\":{\"@type\":\"EntryPoint\",\"urlTemplate\":\"https:\/\/proventuss.eu\/?s={search_term_string}\"},\"query-input\":\"required name=search_term_string\"}],\"inLanguage\":\"sk-SK\"}]}<\/script>\n<!-- \/ Yoast SEO plugin. -->","yoast_head_json":{"title":"DOWSIL 3363 - Proventuss","robots":{"index":"index","follow":"follow","max-snippet":"max-snippet:-1","max-image-preview":"max-image-preview:large","max-video-preview":"max-video-preview:-1"},"canonical":"https:\/\/proventuss.eu\/sk\/produkt\/dowsil-3363\/","og_locale":"sk_SK","og_type":"article","og_title":"DOWSIL 3363 - Proventuss","og_description":"DVOJZLO\u017dKOV\u00dd NEUTR\u00c1LNE TVRDEN\u00dd SILIK\u00d3NOV\u00dd TMEL PRE V\u00ddROBU IZOLA\u010cN\u00ddCH SKIEL PRE \u0160TRUKTUR\u00c1LNE POU\u017dITIE, \u0161pecializovan\u00fd tmel navrhnut\u00fd pre pou\u017eitie ako sekund\u00e1rny tmel v izola\u010dn\u00fdch skl\u00e1ch pou\u017e\u00edvan\u00fdch pri \u0161truktur\u00e1lnom zasklievan\u00ed. Poskytuje v\u00fdborn\u00fa pri\u013enavos\u0165 k r\u00f4znym povrchom vr\u00e1tane plaven\u00e9ho skla, skla s m\u00e4kk\u00fdmi i tvrd\u00fdmi povlakmi, n\u00edzkoemisn\u00e9ho skla, laminovan\u00e9ho a smaltovan\u00e9ho skla. Tmel m\u00f4\u017ee by\u0165 pou\u017eit\u00fd pre ak\u00e9ko\u013evek izola\u010dn\u00e9 [&hellip;]","og_url":"https:\/\/proventuss.eu\/sk\/produkt\/dowsil-3363\/","og_site_name":"Proventuss","article_modified_time":"2022-09-30T08:19:13+00:00","og_image":[{"width":640,"height":905,"url":"https:\/\/proventuss.eu\/wp-content\/uploads\/2022\/04\/3363.jpg","type":"image\/jpeg"}],"twitter_card":"summary_large_image","twitter_misc":{"Predpokladan\u00fd \u010das \u010d\u00edtania":"1 min\u00fata"},"schema":{"@context":"https:\/\/schema.org","@graph":[{"@type":"WebPage","@id":"https:\/\/proventuss.eu\/sk\/produkt\/dowsil-3363\/","url":"https:\/\/proventuss.eu\/sk\/produkt\/dowsil-3363\/","name":"DOWSIL 3363 - Proventuss","isPartOf":{"@id":"https:\/\/proventuss.eu\/#website"},"primaryImageOfPage":{"@id":"https:\/\/proventuss.eu\/sk\/produkt\/dowsil-3363\/#primaryimage"},"image":{"@id":"https:\/\/proventuss.eu\/sk\/produkt\/dowsil-3363\/#primaryimage"},"thumbnailUrl":"https:\/\/proventuss.eu\/wp-content\/uploads\/2022\/04\/3363.jpg","datePublished":"2022-04-26T08:21:21+00:00","dateModified":"2022-09-30T08:19:13+00:00","breadcrumb":{"@id":"https:\/\/proventuss.eu\/sk\/produkt\/dowsil-3363\/#breadcrumb"},"inLanguage":"sk-SK","potentialAction":[{"@type":"ReadAction","target":["https:\/\/proventuss.eu\/sk\/produkt\/dowsil-3363\/"]}]},{"@type":"ImageObject","inLanguage":"sk-SK","@id":"https:\/\/proventuss.eu\/sk\/produkt\/dowsil-3363\/#primaryimage","url":"https:\/\/proventuss.eu\/wp-content\/uploads\/2022\/04\/3363.jpg","contentUrl":"https:\/\/proventuss.eu\/wp-content\/uploads\/2022\/04\/3363.jpg","width":640,"height":905},{"@type":"BreadcrumbList","@id":"https:\/\/proventuss.eu\/sk\/produkt\/dowsil-3363\/#breadcrumb","itemListElement":[{"@type":"ListItem","position":1,"name":"Home","item":"https:\/\/proventuss.eu\/"},{"@type":"ListItem","position":2,"name":"Produkty","item":"https:\/\/proventuss.eu\/produkty\/"},{"@type":"ListItem","position":3,"name":"DOWSIL 3363"}]},{"@type":"WebSite","@id":"https:\/\/proventuss.eu\/#website","url":"https:\/\/proventuss.eu\/","name":"Proventuss","description":"","potentialAction":[{"@type":"SearchAction","target":{"@type":"EntryPoint","urlTemplate":"https:\/\/proventuss.eu\/?s={search_term_string}"},"query-input":"required name=search_term_string"}],"inLanguage":"sk-SK"}]}},"_links":{"self":[{"href":"https:\/\/proventuss.eu\/sk\/wp-json\/wp\/v2\/product\/8834"}],"collection":[{"href":"https:\/\/proventuss.eu\/sk\/wp-json\/wp\/v2\/product"}],"about":[{"href":"https:\/\/proventuss.eu\/sk\/wp-json\/wp\/v2\/types\/product"}],"replies":[{"embeddable":true,"href":"https:\/\/proventuss.eu\/sk\/wp-json\/wp\/v2\/comments?post=8834"}],"wp:featuredmedia":[{"embeddable":true,"href":"https:\/\/proventuss.eu\/sk\/wp-json\/wp\/v2\/media\/7362"}],"wp:attachment":[{"href":"https:\/\/proventuss.eu\/sk\/wp-json\/wp\/v2\/media?parent=8834"}],"wp:term":[{"taxonomy":"product_cat","embeddable":true,"href":"https:\/\/proventuss.eu\/sk\/wp-json\/wp\/v2\/product_cat?post=8834"},{"taxonomy":"product_tag","embeddable":true,"href":"https:\/\/proventuss.eu\/sk\/wp-json\/wp\/v2\/product_tag?post=8834"}],"curies":[{"name":"wp","href":"https:\/\/api.w.org\/{rel}","templated":true}]}}