{"id":8832,"date":"2022-04-26T11:55:24","date_gmt":"2022-04-26T11:55:24","guid":{"rendered":"https:\/\/proventuss.eu\/produkt\/dowsil-primer-p\/"},"modified":"2022-04-26T11:55:24","modified_gmt":"2022-04-26T11:55:24","slug":"dowsil-primer-p","status":"publish","type":"product","link":"https:\/\/proventuss.eu\/sk\/produkt\/dowsil-primer-p\/","title":{"rendered":"DOWSIL Primer P"},"content":{"rendered":"<p><strong>CONSTRUCTION PRIMER<\/strong> navrhnut\u00fd k zv\u00fd\u0161eniu pri\u013enavosti silik\u00f3nov\u00fdch tmelov k por\u00e9znym povrchom.<\/p>\n<p>Zvy\u0161uje pri\u013enavos\u0165 silik\u00f3nov\u00fdch tmelov k povrchom ako:<br \/>\n\u2022bet\u00f3n<br \/>\n\u2022 murivo<br \/>\n\u2022 pr\u00edrodn\u00fd kame\u0148<br \/>\n\u2022 vl\u00e1knocement<br \/>\n\u2022 \u017eivica<br \/>\n\u2022 kovy<\/p>\n<p>Pred aplik\u00e1ciou tmelu nechajte primer zaschn\u00fa\u0165 na vzduchu p\u0159i 25\u00b0C po dobu aspo\u0148 30 min\u00fat. Tmel by mal by\u0165 nanesen\u00fd do 8 hod\u00edn od aplik\u00e1cie primeru.<\/p>\n<p><strong>BALENIE:<\/strong> 500 ml plechovka<br \/>\n<strong>FARBA:<\/strong> \u010d\u00edra kvapalina<\/p>\n","protected":false},"excerpt":{"rendered":"<p>CONSTRUCTION PRIMER navrhnut\u00fd k zv\u00fd\u0161eniu pri\u013enavosti silik\u00f3nov\u00fdch tmelov k por\u00e9znym povrchom. Zvy\u0161uje pri\u013enavos\u0165 silik\u00f3nov\u00fdch tmelov k povrchom ako: \u2022bet\u00f3n \u2022 murivo \u2022 pr\u00edrodn\u00fd kame\u0148 \u2022 vl\u00e1knocement \u2022 \u017eivica \u2022 kovy Pred aplik\u00e1ciou tmelu nechajte primer zaschn\u00fa\u0165 na vzduchu p\u0159i 25\u00b0C po dobu aspo\u0148 30 min\u00fat. Tmel by mal by\u0165 nanesen\u00fd do 8 hod\u00edn od aplik\u00e1cie [&hellip;]<\/p>\n","protected":false},"featured_media":7766,"comment_status":"open","ping_status":"closed","template":"","meta":{"_acf_changed":false},"product_cat":[382,474,383],"product_tag":[],"acf":[],"yoast_head":"<!-- This site is optimized with the Yoast SEO plugin v22.9 - https:\/\/yoast.com\/wordpress\/plugins\/seo\/ -->\n<title>DOWSIL Primer P - Proventuss<\/title>\n<meta name=\"robots\" content=\"index, follow, max-snippet:-1, max-image-preview:large, max-video-preview:-1\" \/>\n<link rel=\"canonical\" href=\"https:\/\/proventuss.eu\/sk\/produkt\/dowsil-primer-p\/\" \/>\n<meta property=\"og:locale\" content=\"sk_SK\" \/>\n<meta property=\"og:type\" content=\"article\" \/>\n<meta property=\"og:title\" content=\"DOWSIL Primer P - Proventuss\" \/>\n<meta property=\"og:description\" content=\"CONSTRUCTION PRIMER navrhnut\u00fd k zv\u00fd\u0161eniu pri\u013enavosti silik\u00f3nov\u00fdch tmelov k por\u00e9znym povrchom. Zvy\u0161uje pri\u013enavos\u0165 silik\u00f3nov\u00fdch tmelov k povrchom ako: \u2022bet\u00f3n \u2022 murivo \u2022 pr\u00edrodn\u00fd kame\u0148 \u2022 vl\u00e1knocement \u2022 \u017eivica \u2022 kovy Pred aplik\u00e1ciou tmelu nechajte primer zaschn\u00fa\u0165 na vzduchu p\u0159i 25\u00b0C po dobu aspo\u0148 30 min\u00fat. Tmel by mal by\u0165 nanesen\u00fd do 8 hod\u00edn od aplik\u00e1cie [&hellip;]\" \/>\n<meta property=\"og:url\" content=\"https:\/\/proventuss.eu\/sk\/produkt\/dowsil-primer-p\/\" \/>\n<meta property=\"og:site_name\" content=\"Proventuss\" \/>\n<meta property=\"og:image\" content=\"https:\/\/proventuss.eu\/wp-content\/uploads\/2022\/04\/Dowsil-Primer-P2.webp\" \/>\n\t<meta property=\"og:image:width\" content=\"640\" \/>\n\t<meta property=\"og:image:height\" content=\"792\" \/>\n\t<meta property=\"og:image:type\" content=\"image\/webp\" \/>\n<meta name=\"twitter:card\" content=\"summary_large_image\" \/>\n<script type=\"application\/ld+json\" class=\"yoast-schema-graph\">{\"@context\":\"https:\/\/schema.org\",\"@graph\":[{\"@type\":\"WebPage\",\"@id\":\"https:\/\/proventuss.eu\/sk\/produkt\/dowsil-primer-p\/\",\"url\":\"https:\/\/proventuss.eu\/sk\/produkt\/dowsil-primer-p\/\",\"name\":\"DOWSIL Primer P - Proventuss\",\"isPartOf\":{\"@id\":\"https:\/\/proventuss.eu\/#website\"},\"primaryImageOfPage\":{\"@id\":\"https:\/\/proventuss.eu\/sk\/produkt\/dowsil-primer-p\/#primaryimage\"},\"image\":{\"@id\":\"https:\/\/proventuss.eu\/sk\/produkt\/dowsil-primer-p\/#primaryimage\"},\"thumbnailUrl\":\"https:\/\/proventuss.eu\/wp-content\/uploads\/2022\/04\/Dowsil-Primer-P2.webp\",\"datePublished\":\"2022-04-26T11:55:24+00:00\",\"dateModified\":\"2022-04-26T11:55:24+00:00\",\"breadcrumb\":{\"@id\":\"https:\/\/proventuss.eu\/sk\/produkt\/dowsil-primer-p\/#breadcrumb\"},\"inLanguage\":\"sk-SK\",\"potentialAction\":[{\"@type\":\"ReadAction\",\"target\":[\"https:\/\/proventuss.eu\/sk\/produkt\/dowsil-primer-p\/\"]}]},{\"@type\":\"ImageObject\",\"inLanguage\":\"sk-SK\",\"@id\":\"https:\/\/proventuss.eu\/sk\/produkt\/dowsil-primer-p\/#primaryimage\",\"url\":\"https:\/\/proventuss.eu\/wp-content\/uploads\/2022\/04\/Dowsil-Primer-P2.webp\",\"contentUrl\":\"https:\/\/proventuss.eu\/wp-content\/uploads\/2022\/04\/Dowsil-Primer-P2.webp\",\"width\":640,\"height\":792},{\"@type\":\"BreadcrumbList\",\"@id\":\"https:\/\/proventuss.eu\/sk\/produkt\/dowsil-primer-p\/#breadcrumb\",\"itemListElement\":[{\"@type\":\"ListItem\",\"position\":1,\"name\":\"Home\",\"item\":\"https:\/\/proventuss.eu\/\"},{\"@type\":\"ListItem\",\"position\":2,\"name\":\"Produkty\",\"item\":\"https:\/\/proventuss.eu\/produkty\/\"},{\"@type\":\"ListItem\",\"position\":3,\"name\":\"DOWSIL Primer P\"}]},{\"@type\":\"WebSite\",\"@id\":\"https:\/\/proventuss.eu\/#website\",\"url\":\"https:\/\/proventuss.eu\/\",\"name\":\"Proventuss\",\"description\":\"\",\"potentialAction\":[{\"@type\":\"SearchAction\",\"target\":{\"@type\":\"EntryPoint\",\"urlTemplate\":\"https:\/\/proventuss.eu\/?s={search_term_string}\"},\"query-input\":\"required name=search_term_string\"}],\"inLanguage\":\"sk-SK\"}]}<\/script>\n<!-- \/ Yoast SEO plugin. -->","yoast_head_json":{"title":"DOWSIL Primer P - Proventuss","robots":{"index":"index","follow":"follow","max-snippet":"max-snippet:-1","max-image-preview":"max-image-preview:large","max-video-preview":"max-video-preview:-1"},"canonical":"https:\/\/proventuss.eu\/sk\/produkt\/dowsil-primer-p\/","og_locale":"sk_SK","og_type":"article","og_title":"DOWSIL Primer P - Proventuss","og_description":"CONSTRUCTION PRIMER navrhnut\u00fd k zv\u00fd\u0161eniu pri\u013enavosti silik\u00f3nov\u00fdch tmelov k por\u00e9znym povrchom. Zvy\u0161uje pri\u013enavos\u0165 silik\u00f3nov\u00fdch tmelov k povrchom ako: \u2022bet\u00f3n \u2022 murivo \u2022 pr\u00edrodn\u00fd kame\u0148 \u2022 vl\u00e1knocement \u2022 \u017eivica \u2022 kovy Pred aplik\u00e1ciou tmelu nechajte primer zaschn\u00fa\u0165 na vzduchu p\u0159i 25\u00b0C po dobu aspo\u0148 30 min\u00fat. Tmel by mal by\u0165 nanesen\u00fd do 8 hod\u00edn od aplik\u00e1cie [&hellip;]","og_url":"https:\/\/proventuss.eu\/sk\/produkt\/dowsil-primer-p\/","og_site_name":"Proventuss","og_image":[{"width":640,"height":792,"url":"https:\/\/proventuss.eu\/wp-content\/uploads\/2022\/04\/Dowsil-Primer-P2.webp","type":"image\/webp"}],"twitter_card":"summary_large_image","schema":{"@context":"https:\/\/schema.org","@graph":[{"@type":"WebPage","@id":"https:\/\/proventuss.eu\/sk\/produkt\/dowsil-primer-p\/","url":"https:\/\/proventuss.eu\/sk\/produkt\/dowsil-primer-p\/","name":"DOWSIL Primer P - Proventuss","isPartOf":{"@id":"https:\/\/proventuss.eu\/#website"},"primaryImageOfPage":{"@id":"https:\/\/proventuss.eu\/sk\/produkt\/dowsil-primer-p\/#primaryimage"},"image":{"@id":"https:\/\/proventuss.eu\/sk\/produkt\/dowsil-primer-p\/#primaryimage"},"thumbnailUrl":"https:\/\/proventuss.eu\/wp-content\/uploads\/2022\/04\/Dowsil-Primer-P2.webp","datePublished":"2022-04-26T11:55:24+00:00","dateModified":"2022-04-26T11:55:24+00:00","breadcrumb":{"@id":"https:\/\/proventuss.eu\/sk\/produkt\/dowsil-primer-p\/#breadcrumb"},"inLanguage":"sk-SK","potentialAction":[{"@type":"ReadAction","target":["https:\/\/proventuss.eu\/sk\/produkt\/dowsil-primer-p\/"]}]},{"@type":"ImageObject","inLanguage":"sk-SK","@id":"https:\/\/proventuss.eu\/sk\/produkt\/dowsil-primer-p\/#primaryimage","url":"https:\/\/proventuss.eu\/wp-content\/uploads\/2022\/04\/Dowsil-Primer-P2.webp","contentUrl":"https:\/\/proventuss.eu\/wp-content\/uploads\/2022\/04\/Dowsil-Primer-P2.webp","width":640,"height":792},{"@type":"BreadcrumbList","@id":"https:\/\/proventuss.eu\/sk\/produkt\/dowsil-primer-p\/#breadcrumb","itemListElement":[{"@type":"ListItem","position":1,"name":"Home","item":"https:\/\/proventuss.eu\/"},{"@type":"ListItem","position":2,"name":"Produkty","item":"https:\/\/proventuss.eu\/produkty\/"},{"@type":"ListItem","position":3,"name":"DOWSIL Primer P"}]},{"@type":"WebSite","@id":"https:\/\/proventuss.eu\/#website","url":"https:\/\/proventuss.eu\/","name":"Proventuss","description":"","potentialAction":[{"@type":"SearchAction","target":{"@type":"EntryPoint","urlTemplate":"https:\/\/proventuss.eu\/?s={search_term_string}"},"query-input":"required name=search_term_string"}],"inLanguage":"sk-SK"}]}},"_links":{"self":[{"href":"https:\/\/proventuss.eu\/sk\/wp-json\/wp\/v2\/product\/8832"}],"collection":[{"href":"https:\/\/proventuss.eu\/sk\/wp-json\/wp\/v2\/product"}],"about":[{"href":"https:\/\/proventuss.eu\/sk\/wp-json\/wp\/v2\/types\/product"}],"replies":[{"embeddable":true,"href":"https:\/\/proventuss.eu\/sk\/wp-json\/wp\/v2\/comments?post=8832"}],"wp:featuredmedia":[{"embeddable":true,"href":"https:\/\/proventuss.eu\/sk\/wp-json\/wp\/v2\/media\/7766"}],"wp:attachment":[{"href":"https:\/\/proventuss.eu\/sk\/wp-json\/wp\/v2\/media?parent=8832"}],"wp:term":[{"taxonomy":"product_cat","embeddable":true,"href":"https:\/\/proventuss.eu\/sk\/wp-json\/wp\/v2\/product_cat?post=8832"},{"taxonomy":"product_tag","embeddable":true,"href":"https:\/\/proventuss.eu\/sk\/wp-json\/wp\/v2\/product_tag?post=8832"}],"curies":[{"name":"wp","href":"https:\/\/api.w.org\/{rel}","templated":true}]}}