{"id":8830,"date":"2022-04-20T08:30:42","date_gmt":"2022-04-20T08:30:42","guid":{"rendered":"https:\/\/proventuss.eu\/produkt\/dowsil-896\/"},"modified":"2022-04-20T08:30:42","modified_gmt":"2022-04-20T08:30:42","slug":"dowsil-896","status":"publish","type":"product","link":"https:\/\/proventuss.eu\/sk\/produkt\/dowsil-896\/","title":{"rendered":"DOWSIL 896"},"content":{"rendered":"<p><strong>NEUTR\u00c1LNE SILIK\u00d3NOV\u00c9 LEPIDLO S OKAM\u017dITOU PO\u010cIATO\u010cNOU PEVNOS\u0164OU<\/strong>, jednozlo\u017ekov\u00fd silik\u00f3n \u0161peci\u00e1lne navrhnut\u00fd pre aplik\u00e1ciu lepenia panelov v prevetr\u00e1van\u00fdch f\u00e1s\u00e1dnych syst\u00e9moch na kovov\u00e9 nosn\u00e9 ro\u0161ty. Poskytuje v\u00fdborn\u00fa pri\u013enavos\u0165 bez podkladov\u00e9ho n\u00e1teru k v\u00e4\u010d\u0161ine povrchov v syst\u00e9moch ventilovan\u00fdch fas\u00e1d.<\/p>\n<p><strong>V\u00ddHODY:<\/strong><br \/>\n\u2022 Jednozlo\u017ekov\u00fd v\u00fdrobok, \u013eahk\u00e9 pou\u017eitie na stavenisku<br \/>\n\u2022 Okam\u017eit\u00e1 po\u010diato\u010dn\u00e1 pevnos\u0165 ihne\u010f po aplik\u00e1cii<br \/>\n\u2022 V\u00fdborn\u00e1 pri\u013enavos\u0165 bez podkladov\u00e9ho n\u00e1teru k \u0161irok\u00e9mu v\u00fdberu povrchov<br \/>\n\u2022 Stabiln\u00e1 konzistencia bez zmr\u0161tenia<br \/>\n\u2022 Vysokopevnostn\u00fd silik\u00f3nov\u00fd tmel, odoln\u00fd vo\u010di \u0161truktur\u00e1lnym z\u00e1\u0165a\u017eiam<br \/>\n\u2022 Elastick\u00e9 silik\u00f3nov\u00e9 lepidlo<br \/>\n\u2022 V\u00fdborn\u00e1 odolnost vo\u010di vlhkosti a UV \u017eiareniu<br \/>\n\u2022 V\u00fdborn\u00e1 stabilita v \u0161irokom rozsahu tepl\u00f4t<br \/>\n\u2022 CE zna\u010dka pod\u013ea EN 12004<\/p>\n<p><strong>BALENIE:<\/strong> Sal\u00e1my 600 ml<br \/>\n<strong>FARBA:<\/strong> \u010cierna, biela<\/p>\n","protected":false},"excerpt":{"rendered":"<p>NEUTR\u00c1LNE SILIK\u00d3NOV\u00c9 LEPIDLO S OKAM\u017dITOU PO\u010cIATO\u010cNOU PEVNOS\u0164OU, jednozlo\u017ekov\u00fd silik\u00f3n \u0161peci\u00e1lne navrhnut\u00fd pre aplik\u00e1ciu lepenia panelov v prevetr\u00e1van\u00fdch f\u00e1s\u00e1dnych syst\u00e9moch na kovov\u00e9 nosn\u00e9 ro\u0161ty. Poskytuje v\u00fdborn\u00fa pri\u013enavos\u0165 bez podkladov\u00e9ho n\u00e1teru k v\u00e4\u010d\u0161ine povrchov v syst\u00e9moch ventilovan\u00fdch fas\u00e1d. V\u00ddHODY: \u2022 Jednozlo\u017ekov\u00fd v\u00fdrobok, \u013eahk\u00e9 pou\u017eitie na stavenisku \u2022 Okam\u017eit\u00e1 po\u010diato\u010dn\u00e1 pevnos\u0165 ihne\u010f po aplik\u00e1cii \u2022 V\u00fdborn\u00e1 pri\u013enavos\u0165 bez [&hellip;]<\/p>\n","protected":false},"featured_media":7359,"comment_status":"open","ping_status":"closed","template":"","meta":{"_acf_changed":false},"product_cat":[382],"product_tag":[],"acf":[],"yoast_head":"<!-- This site is optimized with the Yoast SEO plugin v22.9 - https:\/\/yoast.com\/wordpress\/plugins\/seo\/ -->\n<title>DOWSIL 896 - Proventuss<\/title>\n<meta name=\"robots\" content=\"index, follow, max-snippet:-1, max-image-preview:large, max-video-preview:-1\" \/>\n<link rel=\"canonical\" href=\"https:\/\/proventuss.eu\/sk\/produkt\/dowsil-896\/\" \/>\n<meta property=\"og:locale\" content=\"sk_SK\" \/>\n<meta property=\"og:type\" content=\"article\" \/>\n<meta property=\"og:title\" content=\"DOWSIL 896 - Proventuss\" \/>\n<meta property=\"og:description\" content=\"NEUTR\u00c1LNE SILIK\u00d3NOV\u00c9 LEPIDLO S OKAM\u017dITOU PO\u010cIATO\u010cNOU PEVNOS\u0164OU, jednozlo\u017ekov\u00fd silik\u00f3n \u0161peci\u00e1lne navrhnut\u00fd pre aplik\u00e1ciu lepenia panelov v prevetr\u00e1van\u00fdch f\u00e1s\u00e1dnych syst\u00e9moch na kovov\u00e9 nosn\u00e9 ro\u0161ty. Poskytuje v\u00fdborn\u00fa pri\u013enavos\u0165 bez podkladov\u00e9ho n\u00e1teru k v\u00e4\u010d\u0161ine povrchov v syst\u00e9moch ventilovan\u00fdch fas\u00e1d. V\u00ddHODY: \u2022 Jednozlo\u017ekov\u00fd v\u00fdrobok, \u013eahk\u00e9 pou\u017eitie na stavenisku \u2022 Okam\u017eit\u00e1 po\u010diato\u010dn\u00e1 pevnos\u0165 ihne\u010f po aplik\u00e1cii \u2022 V\u00fdborn\u00e1 pri\u013enavos\u0165 bez [&hellip;]\" \/>\n<meta property=\"og:url\" content=\"https:\/\/proventuss.eu\/sk\/produkt\/dowsil-896\/\" \/>\n<meta property=\"og:site_name\" content=\"Proventuss\" \/>\n<meta property=\"og:image\" content=\"https:\/\/proventuss.eu\/wp-content\/uploads\/2022\/04\/896.jpg\" \/>\n\t<meta property=\"og:image:width\" content=\"408\" \/>\n\t<meta property=\"og:image:height\" content=\"1136\" \/>\n\t<meta property=\"og:image:type\" content=\"image\/jpeg\" \/>\n<meta name=\"twitter:card\" content=\"summary_large_image\" \/>\n<meta name=\"twitter:label1\" content=\"Predpokladan\u00fd \u010das \u010d\u00edtania\" \/>\n\t<meta name=\"twitter:data1\" content=\"1 min\u00fata\" \/>\n<script type=\"application\/ld+json\" class=\"yoast-schema-graph\">{\"@context\":\"https:\/\/schema.org\",\"@graph\":[{\"@type\":\"WebPage\",\"@id\":\"https:\/\/proventuss.eu\/sk\/produkt\/dowsil-896\/\",\"url\":\"https:\/\/proventuss.eu\/sk\/produkt\/dowsil-896\/\",\"name\":\"DOWSIL 896 - Proventuss\",\"isPartOf\":{\"@id\":\"https:\/\/proventuss.eu\/#website\"},\"primaryImageOfPage\":{\"@id\":\"https:\/\/proventuss.eu\/sk\/produkt\/dowsil-896\/#primaryimage\"},\"image\":{\"@id\":\"https:\/\/proventuss.eu\/sk\/produkt\/dowsil-896\/#primaryimage\"},\"thumbnailUrl\":\"https:\/\/proventuss.eu\/wp-content\/uploads\/2022\/04\/896.jpg\",\"datePublished\":\"2022-04-20T08:30:42+00:00\",\"dateModified\":\"2022-04-20T08:30:42+00:00\",\"breadcrumb\":{\"@id\":\"https:\/\/proventuss.eu\/sk\/produkt\/dowsil-896\/#breadcrumb\"},\"inLanguage\":\"sk-SK\",\"potentialAction\":[{\"@type\":\"ReadAction\",\"target\":[\"https:\/\/proventuss.eu\/sk\/produkt\/dowsil-896\/\"]}]},{\"@type\":\"ImageObject\",\"inLanguage\":\"sk-SK\",\"@id\":\"https:\/\/proventuss.eu\/sk\/produkt\/dowsil-896\/#primaryimage\",\"url\":\"https:\/\/proventuss.eu\/wp-content\/uploads\/2022\/04\/896.jpg\",\"contentUrl\":\"https:\/\/proventuss.eu\/wp-content\/uploads\/2022\/04\/896.jpg\",\"width\":408,\"height\":1136},{\"@type\":\"BreadcrumbList\",\"@id\":\"https:\/\/proventuss.eu\/sk\/produkt\/dowsil-896\/#breadcrumb\",\"itemListElement\":[{\"@type\":\"ListItem\",\"position\":1,\"name\":\"Home\",\"item\":\"https:\/\/proventuss.eu\/\"},{\"@type\":\"ListItem\",\"position\":2,\"name\":\"Produkty\",\"item\":\"https:\/\/proventuss.eu\/produkty\/\"},{\"@type\":\"ListItem\",\"position\":3,\"name\":\"DOWSIL 896\"}]},{\"@type\":\"WebSite\",\"@id\":\"https:\/\/proventuss.eu\/#website\",\"url\":\"https:\/\/proventuss.eu\/\",\"name\":\"Proventuss\",\"description\":\"\",\"potentialAction\":[{\"@type\":\"SearchAction\",\"target\":{\"@type\":\"EntryPoint\",\"urlTemplate\":\"https:\/\/proventuss.eu\/?s={search_term_string}\"},\"query-input\":\"required name=search_term_string\"}],\"inLanguage\":\"sk-SK\"}]}<\/script>\n<!-- \/ Yoast SEO plugin. -->","yoast_head_json":{"title":"DOWSIL 896 - Proventuss","robots":{"index":"index","follow":"follow","max-snippet":"max-snippet:-1","max-image-preview":"max-image-preview:large","max-video-preview":"max-video-preview:-1"},"canonical":"https:\/\/proventuss.eu\/sk\/produkt\/dowsil-896\/","og_locale":"sk_SK","og_type":"article","og_title":"DOWSIL 896 - Proventuss","og_description":"NEUTR\u00c1LNE SILIK\u00d3NOV\u00c9 LEPIDLO S OKAM\u017dITOU PO\u010cIATO\u010cNOU PEVNOS\u0164OU, jednozlo\u017ekov\u00fd silik\u00f3n \u0161peci\u00e1lne navrhnut\u00fd pre aplik\u00e1ciu lepenia panelov v prevetr\u00e1van\u00fdch f\u00e1s\u00e1dnych syst\u00e9moch na kovov\u00e9 nosn\u00e9 ro\u0161ty. Poskytuje v\u00fdborn\u00fa pri\u013enavos\u0165 bez podkladov\u00e9ho n\u00e1teru k v\u00e4\u010d\u0161ine povrchov v syst\u00e9moch ventilovan\u00fdch fas\u00e1d. V\u00ddHODY: \u2022 Jednozlo\u017ekov\u00fd v\u00fdrobok, \u013eahk\u00e9 pou\u017eitie na stavenisku \u2022 Okam\u017eit\u00e1 po\u010diato\u010dn\u00e1 pevnos\u0165 ihne\u010f po aplik\u00e1cii \u2022 V\u00fdborn\u00e1 pri\u013enavos\u0165 bez [&hellip;]","og_url":"https:\/\/proventuss.eu\/sk\/produkt\/dowsil-896\/","og_site_name":"Proventuss","og_image":[{"width":408,"height":1136,"url":"https:\/\/proventuss.eu\/wp-content\/uploads\/2022\/04\/896.jpg","type":"image\/jpeg"}],"twitter_card":"summary_large_image","twitter_misc":{"Predpokladan\u00fd \u010das \u010d\u00edtania":"1 min\u00fata"},"schema":{"@context":"https:\/\/schema.org","@graph":[{"@type":"WebPage","@id":"https:\/\/proventuss.eu\/sk\/produkt\/dowsil-896\/","url":"https:\/\/proventuss.eu\/sk\/produkt\/dowsil-896\/","name":"DOWSIL 896 - Proventuss","isPartOf":{"@id":"https:\/\/proventuss.eu\/#website"},"primaryImageOfPage":{"@id":"https:\/\/proventuss.eu\/sk\/produkt\/dowsil-896\/#primaryimage"},"image":{"@id":"https:\/\/proventuss.eu\/sk\/produkt\/dowsil-896\/#primaryimage"},"thumbnailUrl":"https:\/\/proventuss.eu\/wp-content\/uploads\/2022\/04\/896.jpg","datePublished":"2022-04-20T08:30:42+00:00","dateModified":"2022-04-20T08:30:42+00:00","breadcrumb":{"@id":"https:\/\/proventuss.eu\/sk\/produkt\/dowsil-896\/#breadcrumb"},"inLanguage":"sk-SK","potentialAction":[{"@type":"ReadAction","target":["https:\/\/proventuss.eu\/sk\/produkt\/dowsil-896\/"]}]},{"@type":"ImageObject","inLanguage":"sk-SK","@id":"https:\/\/proventuss.eu\/sk\/produkt\/dowsil-896\/#primaryimage","url":"https:\/\/proventuss.eu\/wp-content\/uploads\/2022\/04\/896.jpg","contentUrl":"https:\/\/proventuss.eu\/wp-content\/uploads\/2022\/04\/896.jpg","width":408,"height":1136},{"@type":"BreadcrumbList","@id":"https:\/\/proventuss.eu\/sk\/produkt\/dowsil-896\/#breadcrumb","itemListElement":[{"@type":"ListItem","position":1,"name":"Home","item":"https:\/\/proventuss.eu\/"},{"@type":"ListItem","position":2,"name":"Produkty","item":"https:\/\/proventuss.eu\/produkty\/"},{"@type":"ListItem","position":3,"name":"DOWSIL 896"}]},{"@type":"WebSite","@id":"https:\/\/proventuss.eu\/#website","url":"https:\/\/proventuss.eu\/","name":"Proventuss","description":"","potentialAction":[{"@type":"SearchAction","target":{"@type":"EntryPoint","urlTemplate":"https:\/\/proventuss.eu\/?s={search_term_string}"},"query-input":"required name=search_term_string"}],"inLanguage":"sk-SK"}]}},"_links":{"self":[{"href":"https:\/\/proventuss.eu\/sk\/wp-json\/wp\/v2\/product\/8830"}],"collection":[{"href":"https:\/\/proventuss.eu\/sk\/wp-json\/wp\/v2\/product"}],"about":[{"href":"https:\/\/proventuss.eu\/sk\/wp-json\/wp\/v2\/types\/product"}],"replies":[{"embeddable":true,"href":"https:\/\/proventuss.eu\/sk\/wp-json\/wp\/v2\/comments?post=8830"}],"wp:featuredmedia":[{"embeddable":true,"href":"https:\/\/proventuss.eu\/sk\/wp-json\/wp\/v2\/media\/7359"}],"wp:attachment":[{"href":"https:\/\/proventuss.eu\/sk\/wp-json\/wp\/v2\/media?parent=8830"}],"wp:term":[{"taxonomy":"product_cat","embeddable":true,"href":"https:\/\/proventuss.eu\/sk\/wp-json\/wp\/v2\/product_cat?post=8830"},{"taxonomy":"product_tag","embeddable":true,"href":"https:\/\/proventuss.eu\/sk\/wp-json\/wp\/v2\/product_tag?post=8830"}],"curies":[{"name":"wp","href":"https:\/\/api.w.org\/{rel}","templated":true}]}}