{"id":8829,"date":"2022-04-19T13:12:07","date_gmt":"2022-04-19T13:12:07","guid":{"rendered":"https:\/\/proventuss.eu\/produkt\/dowsil-791t\/"},"modified":"2022-04-19T13:12:07","modified_gmt":"2022-04-19T13:12:07","slug":"dowsil-791t","status":"publish","type":"product","link":"https:\/\/proventuss.eu\/sk\/produkt\/dowsil-791t\/","title":{"rendered":"DOWSIL 791T"},"content":{"rendered":"<p><strong>NEUTR\u00c1LNY SILIK\u00d3NOV\u00dd TMEL PRE UTESNENIE PROTI POVETERNOSTN\u00ddM VPYVOM<\/strong>, n\u00edzkomodulov\u00fd jednozlo\u017ekov\u00fd tmel \u0161peci\u00e1lne navrhnut\u00fd pre utesnenie \u0161truktur\u00e1lne zasklen\u00fdch fas\u00e1d proti povetrnostn\u00fdm vplyvom. M\u00f4\u017ee by\u0165 pou\u017eit\u00fd pri zasklievan\u00ed a utes\u0148ovan\u00ed obvodov\u00fdch pl\u00e1\u0161\u0165ov, bodovo kotven\u00fdch sklenen\u00fdch fas\u00e1d a tradi\u010dn\u00fdch fas\u00e1d, v ktor\u00fdch je pou\u017eit\u00e9 sklo, hlin\u00edk, murivo, keramika a in\u00e9 tradi\u010dn\u00e9 stavebn\u00e9 materi\u00e1ly.<\/p>\n<p><strong>V\u00ddHODY:<\/strong><br \/>\n\u2022 Ide\u00e1lny pre dilata\u010dn\u00e9, spojovacie a in\u00e9 pohybliv\u00e9 spoje, preto\u017ee jeho modul umo\u017e\u0148uje vysok\u00fa pohyblivos\u0165 pri\u010dom vzbudzuje relat\u00edvne n\u00edzke nap\u00e4tie na adheznej ploche<br \/>\n\u2022 Vynikaj\u00faca odolnos\u0165 vo\u010di poveternostn\u00fdm vplyvom, oz\u00f3nu, ultrafialov\u00e9mu \u017eiareniu<br \/>\n\u2022 Pracovn\u00e1 pru\u017enost spoja \u00b1 50%<br \/>\n\u2022 V\u00fdborn\u00e1 stabilita v \u0161irokom rozsahu tepl\u00f4t<br \/>\n\u2022 Kompatibiln\u00fd s povlakov\u00fdmi sklami, oce\u013eou, me\u010fou a keramick\u00fdmi prvkami<br \/>\n\u2022 V\u00fdborn\u00e1 pri\u013enavos\u0165 k v\u00e4\u010d\u0161ine stavebn\u00fdch materi\u00e1lov bez primeru<br \/>\n\u2022 N\u00edzky z\u00e1pach<br \/>\n\u2022 \u013dahk\u00e1 aplik\u00e1cia a zapracovanie<br \/>\n\u2022 Vyhovuje EN ISO 11600-F&amp;G-25LM<\/p>\n<p><strong>BALENIE:<\/strong> Kartu\u0161a 310 ml, Sal\u00e1my 600 ml<br \/>\n<strong>FARBA:<\/strong> transparentn\u00e1<\/p>\n","protected":false},"excerpt":{"rendered":"<p>NEUTR\u00c1LNY SILIK\u00d3NOV\u00dd TMEL PRE UTESNENIE PROTI POVETERNOSTN\u00ddM VPYVOM, n\u00edzkomodulov\u00fd jednozlo\u017ekov\u00fd tmel \u0161peci\u00e1lne navrhnut\u00fd pre utesnenie \u0161truktur\u00e1lne zasklen\u00fdch fas\u00e1d proti povetrnostn\u00fdm vplyvom. M\u00f4\u017ee by\u0165 pou\u017eit\u00fd pri zasklievan\u00ed a utes\u0148ovan\u00ed obvodov\u00fdch pl\u00e1\u0161\u0165ov, bodovo kotven\u00fdch sklenen\u00fdch fas\u00e1d a tradi\u010dn\u00fdch fas\u00e1d, v ktor\u00fdch je pou\u017eit\u00e9 sklo, hlin\u00edk, murivo, keramika a in\u00e9 tradi\u010dn\u00e9 stavebn\u00e9 materi\u00e1ly. V\u00ddHODY: \u2022 Ide\u00e1lny pre dilata\u010dn\u00e9, [&hellip;]<\/p>\n","protected":false},"featured_media":7353,"comment_status":"open","ping_status":"closed","template":"","meta":{"_acf_changed":false},"product_cat":[392],"product_tag":[],"acf":[],"yoast_head":"<!-- This site is optimized with the Yoast SEO plugin v22.9 - https:\/\/yoast.com\/wordpress\/plugins\/seo\/ -->\n<title>DOWSIL 791T - Proventuss<\/title>\n<meta name=\"robots\" content=\"index, follow, max-snippet:-1, max-image-preview:large, max-video-preview:-1\" \/>\n<link rel=\"canonical\" href=\"https:\/\/proventuss.eu\/sk\/produkt\/dowsil-791t\/\" \/>\n<meta property=\"og:locale\" content=\"sk_SK\" \/>\n<meta property=\"og:type\" content=\"article\" \/>\n<meta property=\"og:title\" content=\"DOWSIL 791T - Proventuss\" \/>\n<meta property=\"og:description\" content=\"NEUTR\u00c1LNY SILIK\u00d3NOV\u00dd TMEL PRE UTESNENIE PROTI POVETERNOSTN\u00ddM VPYVOM, n\u00edzkomodulov\u00fd jednozlo\u017ekov\u00fd tmel \u0161peci\u00e1lne navrhnut\u00fd pre utesnenie \u0161truktur\u00e1lne zasklen\u00fdch fas\u00e1d proti povetrnostn\u00fdm vplyvom. M\u00f4\u017ee by\u0165 pou\u017eit\u00fd pri zasklievan\u00ed a utes\u0148ovan\u00ed obvodov\u00fdch pl\u00e1\u0161\u0165ov, bodovo kotven\u00fdch sklenen\u00fdch fas\u00e1d a tradi\u010dn\u00fdch fas\u00e1d, v ktor\u00fdch je pou\u017eit\u00e9 sklo, hlin\u00edk, murivo, keramika a in\u00e9 tradi\u010dn\u00e9 stavebn\u00e9 materi\u00e1ly. V\u00ddHODY: \u2022 Ide\u00e1lny pre dilata\u010dn\u00e9, [&hellip;]\" \/>\n<meta property=\"og:url\" content=\"https:\/\/proventuss.eu\/sk\/produkt\/dowsil-791t\/\" \/>\n<meta property=\"og:site_name\" content=\"Proventuss\" \/>\n<meta property=\"og:image\" content=\"https:\/\/proventuss.eu\/wp-content\/uploads\/2022\/04\/791.jpg\" \/>\n\t<meta property=\"og:image:width\" content=\"408\" \/>\n\t<meta property=\"og:image:height\" content=\"1136\" \/>\n\t<meta property=\"og:image:type\" content=\"image\/jpeg\" \/>\n<meta name=\"twitter:card\" content=\"summary_large_image\" \/>\n<meta name=\"twitter:label1\" content=\"Predpokladan\u00fd \u010das \u010d\u00edtania\" \/>\n\t<meta name=\"twitter:data1\" content=\"1 min\u00fata\" \/>\n<script type=\"application\/ld+json\" class=\"yoast-schema-graph\">{\"@context\":\"https:\/\/schema.org\",\"@graph\":[{\"@type\":\"WebPage\",\"@id\":\"https:\/\/proventuss.eu\/sk\/produkt\/dowsil-791t\/\",\"url\":\"https:\/\/proventuss.eu\/sk\/produkt\/dowsil-791t\/\",\"name\":\"DOWSIL 791T - Proventuss\",\"isPartOf\":{\"@id\":\"https:\/\/proventuss.eu\/#website\"},\"primaryImageOfPage\":{\"@id\":\"https:\/\/proventuss.eu\/sk\/produkt\/dowsil-791t\/#primaryimage\"},\"image\":{\"@id\":\"https:\/\/proventuss.eu\/sk\/produkt\/dowsil-791t\/#primaryimage\"},\"thumbnailUrl\":\"https:\/\/proventuss.eu\/wp-content\/uploads\/2022\/04\/791.jpg\",\"datePublished\":\"2022-04-19T13:12:07+00:00\",\"dateModified\":\"2022-04-19T13:12:07+00:00\",\"breadcrumb\":{\"@id\":\"https:\/\/proventuss.eu\/sk\/produkt\/dowsil-791t\/#breadcrumb\"},\"inLanguage\":\"sk-SK\",\"potentialAction\":[{\"@type\":\"ReadAction\",\"target\":[\"https:\/\/proventuss.eu\/sk\/produkt\/dowsil-791t\/\"]}]},{\"@type\":\"ImageObject\",\"inLanguage\":\"sk-SK\",\"@id\":\"https:\/\/proventuss.eu\/sk\/produkt\/dowsil-791t\/#primaryimage\",\"url\":\"https:\/\/proventuss.eu\/wp-content\/uploads\/2022\/04\/791.jpg\",\"contentUrl\":\"https:\/\/proventuss.eu\/wp-content\/uploads\/2022\/04\/791.jpg\",\"width\":408,\"height\":1136},{\"@type\":\"BreadcrumbList\",\"@id\":\"https:\/\/proventuss.eu\/sk\/produkt\/dowsil-791t\/#breadcrumb\",\"itemListElement\":[{\"@type\":\"ListItem\",\"position\":1,\"name\":\"Home\",\"item\":\"https:\/\/proventuss.eu\/\"},{\"@type\":\"ListItem\",\"position\":2,\"name\":\"Produkty\",\"item\":\"https:\/\/proventuss.eu\/produkty\/\"},{\"@type\":\"ListItem\",\"position\":3,\"name\":\"DOWSIL 791T\"}]},{\"@type\":\"WebSite\",\"@id\":\"https:\/\/proventuss.eu\/#website\",\"url\":\"https:\/\/proventuss.eu\/\",\"name\":\"Proventuss\",\"description\":\"\",\"potentialAction\":[{\"@type\":\"SearchAction\",\"target\":{\"@type\":\"EntryPoint\",\"urlTemplate\":\"https:\/\/proventuss.eu\/?s={search_term_string}\"},\"query-input\":\"required name=search_term_string\"}],\"inLanguage\":\"sk-SK\"}]}<\/script>\n<!-- \/ Yoast SEO plugin. -->","yoast_head_json":{"title":"DOWSIL 791T - Proventuss","robots":{"index":"index","follow":"follow","max-snippet":"max-snippet:-1","max-image-preview":"max-image-preview:large","max-video-preview":"max-video-preview:-1"},"canonical":"https:\/\/proventuss.eu\/sk\/produkt\/dowsil-791t\/","og_locale":"sk_SK","og_type":"article","og_title":"DOWSIL 791T - Proventuss","og_description":"NEUTR\u00c1LNY SILIK\u00d3NOV\u00dd TMEL PRE UTESNENIE PROTI POVETERNOSTN\u00ddM VPYVOM, n\u00edzkomodulov\u00fd jednozlo\u017ekov\u00fd tmel \u0161peci\u00e1lne navrhnut\u00fd pre utesnenie \u0161truktur\u00e1lne zasklen\u00fdch fas\u00e1d proti povetrnostn\u00fdm vplyvom. M\u00f4\u017ee by\u0165 pou\u017eit\u00fd pri zasklievan\u00ed a utes\u0148ovan\u00ed obvodov\u00fdch pl\u00e1\u0161\u0165ov, bodovo kotven\u00fdch sklenen\u00fdch fas\u00e1d a tradi\u010dn\u00fdch fas\u00e1d, v ktor\u00fdch je pou\u017eit\u00e9 sklo, hlin\u00edk, murivo, keramika a in\u00e9 tradi\u010dn\u00e9 stavebn\u00e9 materi\u00e1ly. V\u00ddHODY: \u2022 Ide\u00e1lny pre dilata\u010dn\u00e9, [&hellip;]","og_url":"https:\/\/proventuss.eu\/sk\/produkt\/dowsil-791t\/","og_site_name":"Proventuss","og_image":[{"width":408,"height":1136,"url":"https:\/\/proventuss.eu\/wp-content\/uploads\/2022\/04\/791.jpg","type":"image\/jpeg"}],"twitter_card":"summary_large_image","twitter_misc":{"Predpokladan\u00fd \u010das \u010d\u00edtania":"1 min\u00fata"},"schema":{"@context":"https:\/\/schema.org","@graph":[{"@type":"WebPage","@id":"https:\/\/proventuss.eu\/sk\/produkt\/dowsil-791t\/","url":"https:\/\/proventuss.eu\/sk\/produkt\/dowsil-791t\/","name":"DOWSIL 791T - Proventuss","isPartOf":{"@id":"https:\/\/proventuss.eu\/#website"},"primaryImageOfPage":{"@id":"https:\/\/proventuss.eu\/sk\/produkt\/dowsil-791t\/#primaryimage"},"image":{"@id":"https:\/\/proventuss.eu\/sk\/produkt\/dowsil-791t\/#primaryimage"},"thumbnailUrl":"https:\/\/proventuss.eu\/wp-content\/uploads\/2022\/04\/791.jpg","datePublished":"2022-04-19T13:12:07+00:00","dateModified":"2022-04-19T13:12:07+00:00","breadcrumb":{"@id":"https:\/\/proventuss.eu\/sk\/produkt\/dowsil-791t\/#breadcrumb"},"inLanguage":"sk-SK","potentialAction":[{"@type":"ReadAction","target":["https:\/\/proventuss.eu\/sk\/produkt\/dowsil-791t\/"]}]},{"@type":"ImageObject","inLanguage":"sk-SK","@id":"https:\/\/proventuss.eu\/sk\/produkt\/dowsil-791t\/#primaryimage","url":"https:\/\/proventuss.eu\/wp-content\/uploads\/2022\/04\/791.jpg","contentUrl":"https:\/\/proventuss.eu\/wp-content\/uploads\/2022\/04\/791.jpg","width":408,"height":1136},{"@type":"BreadcrumbList","@id":"https:\/\/proventuss.eu\/sk\/produkt\/dowsil-791t\/#breadcrumb","itemListElement":[{"@type":"ListItem","position":1,"name":"Home","item":"https:\/\/proventuss.eu\/"},{"@type":"ListItem","position":2,"name":"Produkty","item":"https:\/\/proventuss.eu\/produkty\/"},{"@type":"ListItem","position":3,"name":"DOWSIL 791T"}]},{"@type":"WebSite","@id":"https:\/\/proventuss.eu\/#website","url":"https:\/\/proventuss.eu\/","name":"Proventuss","description":"","potentialAction":[{"@type":"SearchAction","target":{"@type":"EntryPoint","urlTemplate":"https:\/\/proventuss.eu\/?s={search_term_string}"},"query-input":"required name=search_term_string"}],"inLanguage":"sk-SK"}]}},"_links":{"self":[{"href":"https:\/\/proventuss.eu\/sk\/wp-json\/wp\/v2\/product\/8829"}],"collection":[{"href":"https:\/\/proventuss.eu\/sk\/wp-json\/wp\/v2\/product"}],"about":[{"href":"https:\/\/proventuss.eu\/sk\/wp-json\/wp\/v2\/types\/product"}],"replies":[{"embeddable":true,"href":"https:\/\/proventuss.eu\/sk\/wp-json\/wp\/v2\/comments?post=8829"}],"wp:featuredmedia":[{"embeddable":true,"href":"https:\/\/proventuss.eu\/sk\/wp-json\/wp\/v2\/media\/7353"}],"wp:attachment":[{"href":"https:\/\/proventuss.eu\/sk\/wp-json\/wp\/v2\/media?parent=8829"}],"wp:term":[{"taxonomy":"product_cat","embeddable":true,"href":"https:\/\/proventuss.eu\/sk\/wp-json\/wp\/v2\/product_cat?post=8829"},{"taxonomy":"product_tag","embeddable":true,"href":"https:\/\/proventuss.eu\/sk\/wp-json\/wp\/v2\/product_tag?post=8829"}],"curies":[{"name":"wp","href":"https:\/\/api.w.org\/{rel}","templated":true}]}}