{"id":8827,"date":"2022-04-19T13:09:02","date_gmt":"2022-04-19T13:09:02","guid":{"rendered":"https:\/\/proventuss.eu\/produkt\/dowsil-813c\/"},"modified":"2022-04-19T13:09:02","modified_gmt":"2022-04-19T13:09:02","slug":"dowsil-813c","status":"publish","type":"product","link":"https:\/\/proventuss.eu\/sk\/produkt\/dowsil-813c\/","title":{"rendered":"DOWSIL 813C"},"content":{"rendered":"<p><strong>NEUTR\u00c1LNY SILIK\u00d3NOV\u00dd TMEL PRE UTESNENIE \u0160P\u00c1R POR\u00c9ZNYCH<\/strong><br \/>\n<strong>A NEPOR\u00c9ZNYCH POVRCHOV<\/strong>, n\u00edzkomodulov\u00fd jednozlo\u017ekov\u00fd silik\u00f3nov\u00fd tmel \u0161peci\u00e1lne navrhnut\u00fd pre ochranu pred poveternostn\u00fdmi vplyvmi na stavebn\u00fdch fas\u00e1dach z bet\u00f3nu, teh\u00e1l, kame\u0148a. M\u00f4\u017ee by\u0165 pou\u017eit\u00fd k utesneniu expanzn\u00fdch \u0161p\u00e1r a in\u00fdch druhov pohybliv\u00fdch spojov.<\/p>\n<p><strong>V\u00ddHODY:<\/strong><br \/>\n\u2022 Dobr\u00e1 pri\u013enavos\u0165 bez podkladov\u00e9ho n\u00e1teru k v\u00e4\u010d\u0161ine povrchov<br \/>\n\u2022 Skvel\u00e1 odolnos\u0165 vo\u010di klimatick\u00fdm vplyvom, poveternostn\u00fdm podmienkam, oz\u00f3nu a ultrafialov\u00e9mu \u017eiareniu<br \/>\n\u2022 Pru\u017enos\u0165 spoja \u00b1 50%<br \/>\n\u2022 \u0160irok\u00fd rozsah pracovn\u00fdch tepl\u00f4t<br \/>\n\u2022 Neutr\u00e1lne vytvrdzovanie s tit\u00e1nov\u00fdm katalyz\u00e1torom<br \/>\n\u2022 Bez z\u00e1pachu<br \/>\n\u2022 \u013dahk\u00e1 aplik\u00e1cia a zpracovanie<br \/>\n\u2022 Zhodn\u00e9 s ISO 11600-F-25LM<\/p>\n<p><strong>BALENIE:<\/strong> kartu\u0161e 310 ml, sal\u00e1my 600 ml<br \/>\n<strong>FARBY:<\/strong> biela, hned\u00e1, \u0161ed\u00e1, kame\u0148, piesok, \u010derveno-b\u00e9\u017eov\u00e1, kor\u00e1lovo ru\u017eov\u00e1, \u0161edo-b\u00e9\u017eov\u00e1, pieskovo ru\u017eov\u00e1, antracitov\u00e1, z\u00e1kazkov\u00e9 farby<\/p>\n","protected":false},"excerpt":{"rendered":"<p>NEUTR\u00c1LNY SILIK\u00d3NOV\u00dd TMEL PRE UTESNENIE \u0160P\u00c1R POR\u00c9ZNYCH A NEPOR\u00c9ZNYCH POVRCHOV, n\u00edzkomodulov\u00fd jednozlo\u017ekov\u00fd silik\u00f3nov\u00fd tmel \u0161peci\u00e1lne navrhnut\u00fd pre ochranu pred poveternostn\u00fdmi vplyvmi na stavebn\u00fdch fas\u00e1dach z bet\u00f3nu, teh\u00e1l, kame\u0148a. M\u00f4\u017ee by\u0165 pou\u017eit\u00fd k utesneniu expanzn\u00fdch \u0161p\u00e1r a in\u00fdch druhov pohybliv\u00fdch spojov. V\u00ddHODY: \u2022 Dobr\u00e1 pri\u013enavos\u0165 bez podkladov\u00e9ho n\u00e1teru k v\u00e4\u010d\u0161ine povrchov \u2022 Skvel\u00e1 odolnos\u0165 vo\u010di klimatick\u00fdm [&hellip;]<\/p>\n","protected":false},"featured_media":7356,"comment_status":"open","ping_status":"closed","template":"","meta":{"_acf_changed":false},"product_cat":[392],"product_tag":[],"acf":[],"yoast_head":"<!-- This site is optimized with the Yoast SEO plugin v22.9 - https:\/\/yoast.com\/wordpress\/plugins\/seo\/ -->\n<title>DOWSIL 813C - Proventuss<\/title>\n<meta name=\"robots\" content=\"index, follow, max-snippet:-1, max-image-preview:large, max-video-preview:-1\" \/>\n<link rel=\"canonical\" href=\"https:\/\/proventuss.eu\/sk\/produkt\/dowsil-813c\/\" \/>\n<meta property=\"og:locale\" content=\"sk_SK\" \/>\n<meta property=\"og:type\" content=\"article\" \/>\n<meta property=\"og:title\" content=\"DOWSIL 813C - Proventuss\" \/>\n<meta property=\"og:description\" content=\"NEUTR\u00c1LNY SILIK\u00d3NOV\u00dd TMEL PRE UTESNENIE \u0160P\u00c1R POR\u00c9ZNYCH A NEPOR\u00c9ZNYCH POVRCHOV, n\u00edzkomodulov\u00fd jednozlo\u017ekov\u00fd silik\u00f3nov\u00fd tmel \u0161peci\u00e1lne navrhnut\u00fd pre ochranu pred poveternostn\u00fdmi vplyvmi na stavebn\u00fdch fas\u00e1dach z bet\u00f3nu, teh\u00e1l, kame\u0148a. M\u00f4\u017ee by\u0165 pou\u017eit\u00fd k utesneniu expanzn\u00fdch \u0161p\u00e1r a in\u00fdch druhov pohybliv\u00fdch spojov. V\u00ddHODY: \u2022 Dobr\u00e1 pri\u013enavos\u0165 bez podkladov\u00e9ho n\u00e1teru k v\u00e4\u010d\u0161ine povrchov \u2022 Skvel\u00e1 odolnos\u0165 vo\u010di klimatick\u00fdm [&hellip;]\" \/>\n<meta property=\"og:url\" content=\"https:\/\/proventuss.eu\/sk\/produkt\/dowsil-813c\/\" \/>\n<meta property=\"og:site_name\" content=\"Proventuss\" \/>\n<meta property=\"og:image\" content=\"https:\/\/proventuss.eu\/wp-content\/uploads\/2022\/04\/813.jpg\" \/>\n\t<meta property=\"og:image:width\" content=\"408\" \/>\n\t<meta property=\"og:image:height\" content=\"1136\" \/>\n\t<meta property=\"og:image:type\" content=\"image\/jpeg\" \/>\n<meta name=\"twitter:card\" content=\"summary_large_image\" \/>\n<meta name=\"twitter:label1\" content=\"Predpokladan\u00fd \u010das \u010d\u00edtania\" \/>\n\t<meta name=\"twitter:data1\" content=\"1 min\u00fata\" \/>\n<script type=\"application\/ld+json\" class=\"yoast-schema-graph\">{\"@context\":\"https:\/\/schema.org\",\"@graph\":[{\"@type\":\"WebPage\",\"@id\":\"https:\/\/proventuss.eu\/sk\/produkt\/dowsil-813c\/\",\"url\":\"https:\/\/proventuss.eu\/sk\/produkt\/dowsil-813c\/\",\"name\":\"DOWSIL 813C - Proventuss\",\"isPartOf\":{\"@id\":\"https:\/\/proventuss.eu\/#website\"},\"primaryImageOfPage\":{\"@id\":\"https:\/\/proventuss.eu\/sk\/produkt\/dowsil-813c\/#primaryimage\"},\"image\":{\"@id\":\"https:\/\/proventuss.eu\/sk\/produkt\/dowsil-813c\/#primaryimage\"},\"thumbnailUrl\":\"https:\/\/proventuss.eu\/wp-content\/uploads\/2022\/04\/813.jpg\",\"datePublished\":\"2022-04-19T13:09:02+00:00\",\"dateModified\":\"2022-04-19T13:09:02+00:00\",\"breadcrumb\":{\"@id\":\"https:\/\/proventuss.eu\/sk\/produkt\/dowsil-813c\/#breadcrumb\"},\"inLanguage\":\"sk-SK\",\"potentialAction\":[{\"@type\":\"ReadAction\",\"target\":[\"https:\/\/proventuss.eu\/sk\/produkt\/dowsil-813c\/\"]}]},{\"@type\":\"ImageObject\",\"inLanguage\":\"sk-SK\",\"@id\":\"https:\/\/proventuss.eu\/sk\/produkt\/dowsil-813c\/#primaryimage\",\"url\":\"https:\/\/proventuss.eu\/wp-content\/uploads\/2022\/04\/813.jpg\",\"contentUrl\":\"https:\/\/proventuss.eu\/wp-content\/uploads\/2022\/04\/813.jpg\",\"width\":408,\"height\":1136},{\"@type\":\"BreadcrumbList\",\"@id\":\"https:\/\/proventuss.eu\/sk\/produkt\/dowsil-813c\/#breadcrumb\",\"itemListElement\":[{\"@type\":\"ListItem\",\"position\":1,\"name\":\"Home\",\"item\":\"https:\/\/proventuss.eu\/\"},{\"@type\":\"ListItem\",\"position\":2,\"name\":\"Produkty\",\"item\":\"https:\/\/proventuss.eu\/produkty\/\"},{\"@type\":\"ListItem\",\"position\":3,\"name\":\"DOWSIL 813C\"}]},{\"@type\":\"WebSite\",\"@id\":\"https:\/\/proventuss.eu\/#website\",\"url\":\"https:\/\/proventuss.eu\/\",\"name\":\"Proventuss\",\"description\":\"\",\"potentialAction\":[{\"@type\":\"SearchAction\",\"target\":{\"@type\":\"EntryPoint\",\"urlTemplate\":\"https:\/\/proventuss.eu\/?s={search_term_string}\"},\"query-input\":\"required name=search_term_string\"}],\"inLanguage\":\"sk-SK\"}]}<\/script>\n<!-- \/ Yoast SEO plugin. -->","yoast_head_json":{"title":"DOWSIL 813C - Proventuss","robots":{"index":"index","follow":"follow","max-snippet":"max-snippet:-1","max-image-preview":"max-image-preview:large","max-video-preview":"max-video-preview:-1"},"canonical":"https:\/\/proventuss.eu\/sk\/produkt\/dowsil-813c\/","og_locale":"sk_SK","og_type":"article","og_title":"DOWSIL 813C - Proventuss","og_description":"NEUTR\u00c1LNY SILIK\u00d3NOV\u00dd TMEL PRE UTESNENIE \u0160P\u00c1R POR\u00c9ZNYCH A NEPOR\u00c9ZNYCH POVRCHOV, n\u00edzkomodulov\u00fd jednozlo\u017ekov\u00fd silik\u00f3nov\u00fd tmel \u0161peci\u00e1lne navrhnut\u00fd pre ochranu pred poveternostn\u00fdmi vplyvmi na stavebn\u00fdch fas\u00e1dach z bet\u00f3nu, teh\u00e1l, kame\u0148a. M\u00f4\u017ee by\u0165 pou\u017eit\u00fd k utesneniu expanzn\u00fdch \u0161p\u00e1r a in\u00fdch druhov pohybliv\u00fdch spojov. V\u00ddHODY: \u2022 Dobr\u00e1 pri\u013enavos\u0165 bez podkladov\u00e9ho n\u00e1teru k v\u00e4\u010d\u0161ine povrchov \u2022 Skvel\u00e1 odolnos\u0165 vo\u010di klimatick\u00fdm [&hellip;]","og_url":"https:\/\/proventuss.eu\/sk\/produkt\/dowsil-813c\/","og_site_name":"Proventuss","og_image":[{"width":408,"height":1136,"url":"https:\/\/proventuss.eu\/wp-content\/uploads\/2022\/04\/813.jpg","type":"image\/jpeg"}],"twitter_card":"summary_large_image","twitter_misc":{"Predpokladan\u00fd \u010das \u010d\u00edtania":"1 min\u00fata"},"schema":{"@context":"https:\/\/schema.org","@graph":[{"@type":"WebPage","@id":"https:\/\/proventuss.eu\/sk\/produkt\/dowsil-813c\/","url":"https:\/\/proventuss.eu\/sk\/produkt\/dowsil-813c\/","name":"DOWSIL 813C - Proventuss","isPartOf":{"@id":"https:\/\/proventuss.eu\/#website"},"primaryImageOfPage":{"@id":"https:\/\/proventuss.eu\/sk\/produkt\/dowsil-813c\/#primaryimage"},"image":{"@id":"https:\/\/proventuss.eu\/sk\/produkt\/dowsil-813c\/#primaryimage"},"thumbnailUrl":"https:\/\/proventuss.eu\/wp-content\/uploads\/2022\/04\/813.jpg","datePublished":"2022-04-19T13:09:02+00:00","dateModified":"2022-04-19T13:09:02+00:00","breadcrumb":{"@id":"https:\/\/proventuss.eu\/sk\/produkt\/dowsil-813c\/#breadcrumb"},"inLanguage":"sk-SK","potentialAction":[{"@type":"ReadAction","target":["https:\/\/proventuss.eu\/sk\/produkt\/dowsil-813c\/"]}]},{"@type":"ImageObject","inLanguage":"sk-SK","@id":"https:\/\/proventuss.eu\/sk\/produkt\/dowsil-813c\/#primaryimage","url":"https:\/\/proventuss.eu\/wp-content\/uploads\/2022\/04\/813.jpg","contentUrl":"https:\/\/proventuss.eu\/wp-content\/uploads\/2022\/04\/813.jpg","width":408,"height":1136},{"@type":"BreadcrumbList","@id":"https:\/\/proventuss.eu\/sk\/produkt\/dowsil-813c\/#breadcrumb","itemListElement":[{"@type":"ListItem","position":1,"name":"Home","item":"https:\/\/proventuss.eu\/"},{"@type":"ListItem","position":2,"name":"Produkty","item":"https:\/\/proventuss.eu\/produkty\/"},{"@type":"ListItem","position":3,"name":"DOWSIL 813C"}]},{"@type":"WebSite","@id":"https:\/\/proventuss.eu\/#website","url":"https:\/\/proventuss.eu\/","name":"Proventuss","description":"","potentialAction":[{"@type":"SearchAction","target":{"@type":"EntryPoint","urlTemplate":"https:\/\/proventuss.eu\/?s={search_term_string}"},"query-input":"required name=search_term_string"}],"inLanguage":"sk-SK"}]}},"_links":{"self":[{"href":"https:\/\/proventuss.eu\/sk\/wp-json\/wp\/v2\/product\/8827"}],"collection":[{"href":"https:\/\/proventuss.eu\/sk\/wp-json\/wp\/v2\/product"}],"about":[{"href":"https:\/\/proventuss.eu\/sk\/wp-json\/wp\/v2\/types\/product"}],"replies":[{"embeddable":true,"href":"https:\/\/proventuss.eu\/sk\/wp-json\/wp\/v2\/comments?post=8827"}],"wp:featuredmedia":[{"embeddable":true,"href":"https:\/\/proventuss.eu\/sk\/wp-json\/wp\/v2\/media\/7356"}],"wp:attachment":[{"href":"https:\/\/proventuss.eu\/sk\/wp-json\/wp\/v2\/media?parent=8827"}],"wp:term":[{"taxonomy":"product_cat","embeddable":true,"href":"https:\/\/proventuss.eu\/sk\/wp-json\/wp\/v2\/product_cat?post=8827"},{"taxonomy":"product_tag","embeddable":true,"href":"https:\/\/proventuss.eu\/sk\/wp-json\/wp\/v2\/product_tag?post=8827"}],"curies":[{"name":"wp","href":"https:\/\/api.w.org\/{rel}","templated":true}]}}