{"id":8826,"date":"2022-04-19T13:08:51","date_gmt":"2022-04-19T13:08:51","guid":{"rendered":"https:\/\/proventuss.eu\/produkt\/dowsil-895\/"},"modified":"2022-04-19T13:08:51","modified_gmt":"2022-04-19T13:08:51","slug":"dowsil-895","status":"publish","type":"product","link":"https:\/\/proventuss.eu\/sk\/produkt\/dowsil-895\/","title":{"rendered":"DOWSIL 895"},"content":{"rendered":"<p><strong>NEUTR\u00c1LNY SILIK\u00d3NOV\u00dd \u0160TRUKTUR\u00c1LNY TMEL<\/strong>, jednozlo\u017ekov\u00fd silik\u00f3nov\u00fd tmel navrhnut\u00fd \u0161peci\u00e1lne pre \u0161truktur\u00e1lne lepenie skla (napr. skl\u00e1 s povlakom, smaltovan\u00e9, reflexn\u00e9, n\u00edzkoemisn\u00e9), kovov vr\u00e1tane profilov z pr\u00e1\u0161kovo lakovan\u00e9ho hlin\u00edka a nerezovej ocele<br \/>\na in\u00fdch stavebn\u00fdch prvkov.<\/p>\n<p><strong>BENEFITY:<\/strong><br \/>\n\u2022 Sp\u013a\u0148a eur\u00f3pske normy pre aplik\u00e1ciu \u0161truktur\u00e1lneho zasklievania EOTA ETAG 002<br \/>\n\u2022 Vynikaj\u00faca pri\u013enavos\u0165 k \u0161irokej \u0161k\u00e1le podkladov potiahnut\u00fdch, smaltovan\u00fdch a reflexn\u00fdch skiel a polyesterom potiahnut\u00fdch hlin\u00edkov\u00fdch profilov, ako aj profilom z nehrdzavej\u00facej ocele<br \/>\n\u2022 Vynikaj\u00face vlastnosti vo\u010di poveternostn\u00fdm vplyvom a vysok\u00e1 odolnos\u0165 vo\u010di ultrafialov\u00e9mu \u017eiareniu, extr\u00e9mnym teplot\u00e1m a klimatick\u00fdm zmen\u00e1m<br \/>\n\u2022 Vysok\u00e1 pevnos\u0165 v \u0165ahu a vynikaj\u00face mechanick\u00e9 vlastnosti<br \/>\n\u2022 Vynikaj\u00faca stabilita v \u0161irokom rozsahu tepl\u00f4t<br \/>\n\u2022 Eur\u00f3pske technick\u00e9 pos\u00fadenie \u010d. ETA-01\/0005 a CE Vyhl\u00e1senie o zhode<\/p>\n<p><strong>BALENIE:<\/strong> Kartu\u0161e 310 ml, Sal\u00e1my 600 ml<br \/>\n<strong>FARBY:<\/strong> \u010dierna, \u0161ed\u00e1, svetlo \u0161ed\u00e1, stredne \u0161ed\u00e1, tmavo \u0161ed\u00e1<\/p>\n","protected":false},"excerpt":{"rendered":"<p>NEUTR\u00c1LNY SILIK\u00d3NOV\u00dd \u0160TRUKTUR\u00c1LNY TMEL, jednozlo\u017ekov\u00fd silik\u00f3nov\u00fd tmel navrhnut\u00fd \u0161peci\u00e1lne pre \u0161truktur\u00e1lne lepenie skla (napr. skl\u00e1 s povlakom, smaltovan\u00e9, reflexn\u00e9, n\u00edzkoemisn\u00e9), kovov vr\u00e1tane profilov z pr\u00e1\u0161kovo lakovan\u00e9ho hlin\u00edka a nerezovej ocele a in\u00fdch stavebn\u00fdch prvkov. BENEFITY: \u2022 Sp\u013a\u0148a eur\u00f3pske normy pre aplik\u00e1ciu \u0161truktur\u00e1lneho zasklievania EOTA ETAG 002 \u2022 Vynikaj\u00faca pri\u013enavos\u0165 k \u0161irokej \u0161k\u00e1le podkladov potiahnut\u00fdch, smaltovan\u00fdch [&hellip;]<\/p>\n","protected":false},"featured_media":7358,"comment_status":"open","ping_status":"closed","template":"","meta":{"_acf_changed":false},"product_cat":[392],"product_tag":[],"acf":[],"yoast_head":"<!-- This site is optimized with the Yoast SEO plugin v22.9 - https:\/\/yoast.com\/wordpress\/plugins\/seo\/ -->\n<title>DOWSIL 895 - Proventuss<\/title>\n<meta name=\"robots\" content=\"index, follow, max-snippet:-1, max-image-preview:large, max-video-preview:-1\" \/>\n<link rel=\"canonical\" href=\"https:\/\/proventuss.eu\/sk\/produkt\/dowsil-895\/\" \/>\n<meta property=\"og:locale\" content=\"sk_SK\" \/>\n<meta property=\"og:type\" content=\"article\" \/>\n<meta property=\"og:title\" content=\"DOWSIL 895 - Proventuss\" \/>\n<meta property=\"og:description\" content=\"NEUTR\u00c1LNY SILIK\u00d3NOV\u00dd \u0160TRUKTUR\u00c1LNY TMEL, jednozlo\u017ekov\u00fd silik\u00f3nov\u00fd tmel navrhnut\u00fd \u0161peci\u00e1lne pre \u0161truktur\u00e1lne lepenie skla (napr. skl\u00e1 s povlakom, smaltovan\u00e9, reflexn\u00e9, n\u00edzkoemisn\u00e9), kovov vr\u00e1tane profilov z pr\u00e1\u0161kovo lakovan\u00e9ho hlin\u00edka a nerezovej ocele a in\u00fdch stavebn\u00fdch prvkov. BENEFITY: \u2022 Sp\u013a\u0148a eur\u00f3pske normy pre aplik\u00e1ciu \u0161truktur\u00e1lneho zasklievania EOTA ETAG 002 \u2022 Vynikaj\u00faca pri\u013enavos\u0165 k \u0161irokej \u0161k\u00e1le podkladov potiahnut\u00fdch, smaltovan\u00fdch [&hellip;]\" \/>\n<meta property=\"og:url\" content=\"https:\/\/proventuss.eu\/sk\/produkt\/dowsil-895\/\" \/>\n<meta property=\"og:site_name\" content=\"Proventuss\" \/>\n<meta property=\"og:image\" content=\"https:\/\/proventuss.eu\/wp-content\/uploads\/2022\/04\/895.jpg\" \/>\n\t<meta property=\"og:image:width\" content=\"408\" \/>\n\t<meta property=\"og:image:height\" content=\"1136\" \/>\n\t<meta property=\"og:image:type\" content=\"image\/jpeg\" \/>\n<meta name=\"twitter:card\" content=\"summary_large_image\" \/>\n<meta name=\"twitter:label1\" content=\"Predpokladan\u00fd \u010das \u010d\u00edtania\" \/>\n\t<meta name=\"twitter:data1\" content=\"1 min\u00fata\" \/>\n<script type=\"application\/ld+json\" class=\"yoast-schema-graph\">{\"@context\":\"https:\/\/schema.org\",\"@graph\":[{\"@type\":\"WebPage\",\"@id\":\"https:\/\/proventuss.eu\/sk\/produkt\/dowsil-895\/\",\"url\":\"https:\/\/proventuss.eu\/sk\/produkt\/dowsil-895\/\",\"name\":\"DOWSIL 895 - Proventuss\",\"isPartOf\":{\"@id\":\"https:\/\/proventuss.eu\/#website\"},\"primaryImageOfPage\":{\"@id\":\"https:\/\/proventuss.eu\/sk\/produkt\/dowsil-895\/#primaryimage\"},\"image\":{\"@id\":\"https:\/\/proventuss.eu\/sk\/produkt\/dowsil-895\/#primaryimage\"},\"thumbnailUrl\":\"https:\/\/proventuss.eu\/wp-content\/uploads\/2022\/04\/895.jpg\",\"datePublished\":\"2022-04-19T13:08:51+00:00\",\"dateModified\":\"2022-04-19T13:08:51+00:00\",\"breadcrumb\":{\"@id\":\"https:\/\/proventuss.eu\/sk\/produkt\/dowsil-895\/#breadcrumb\"},\"inLanguage\":\"sk-SK\",\"potentialAction\":[{\"@type\":\"ReadAction\",\"target\":[\"https:\/\/proventuss.eu\/sk\/produkt\/dowsil-895\/\"]}]},{\"@type\":\"ImageObject\",\"inLanguage\":\"sk-SK\",\"@id\":\"https:\/\/proventuss.eu\/sk\/produkt\/dowsil-895\/#primaryimage\",\"url\":\"https:\/\/proventuss.eu\/wp-content\/uploads\/2022\/04\/895.jpg\",\"contentUrl\":\"https:\/\/proventuss.eu\/wp-content\/uploads\/2022\/04\/895.jpg\",\"width\":408,\"height\":1136},{\"@type\":\"BreadcrumbList\",\"@id\":\"https:\/\/proventuss.eu\/sk\/produkt\/dowsil-895\/#breadcrumb\",\"itemListElement\":[{\"@type\":\"ListItem\",\"position\":1,\"name\":\"Home\",\"item\":\"https:\/\/proventuss.eu\/\"},{\"@type\":\"ListItem\",\"position\":2,\"name\":\"Produkty\",\"item\":\"https:\/\/proventuss.eu\/produkty\/\"},{\"@type\":\"ListItem\",\"position\":3,\"name\":\"DOWSIL 895\"}]},{\"@type\":\"WebSite\",\"@id\":\"https:\/\/proventuss.eu\/#website\",\"url\":\"https:\/\/proventuss.eu\/\",\"name\":\"Proventuss\",\"description\":\"\",\"potentialAction\":[{\"@type\":\"SearchAction\",\"target\":{\"@type\":\"EntryPoint\",\"urlTemplate\":\"https:\/\/proventuss.eu\/?s={search_term_string}\"},\"query-input\":\"required name=search_term_string\"}],\"inLanguage\":\"sk-SK\"}]}<\/script>\n<!-- \/ Yoast SEO plugin. -->","yoast_head_json":{"title":"DOWSIL 895 - Proventuss","robots":{"index":"index","follow":"follow","max-snippet":"max-snippet:-1","max-image-preview":"max-image-preview:large","max-video-preview":"max-video-preview:-1"},"canonical":"https:\/\/proventuss.eu\/sk\/produkt\/dowsil-895\/","og_locale":"sk_SK","og_type":"article","og_title":"DOWSIL 895 - Proventuss","og_description":"NEUTR\u00c1LNY SILIK\u00d3NOV\u00dd \u0160TRUKTUR\u00c1LNY TMEL, jednozlo\u017ekov\u00fd silik\u00f3nov\u00fd tmel navrhnut\u00fd \u0161peci\u00e1lne pre \u0161truktur\u00e1lne lepenie skla (napr. skl\u00e1 s povlakom, smaltovan\u00e9, reflexn\u00e9, n\u00edzkoemisn\u00e9), kovov vr\u00e1tane profilov z pr\u00e1\u0161kovo lakovan\u00e9ho hlin\u00edka a nerezovej ocele a in\u00fdch stavebn\u00fdch prvkov. BENEFITY: \u2022 Sp\u013a\u0148a eur\u00f3pske normy pre aplik\u00e1ciu \u0161truktur\u00e1lneho zasklievania EOTA ETAG 002 \u2022 Vynikaj\u00faca pri\u013enavos\u0165 k \u0161irokej \u0161k\u00e1le podkladov potiahnut\u00fdch, smaltovan\u00fdch [&hellip;]","og_url":"https:\/\/proventuss.eu\/sk\/produkt\/dowsil-895\/","og_site_name":"Proventuss","og_image":[{"width":408,"height":1136,"url":"https:\/\/proventuss.eu\/wp-content\/uploads\/2022\/04\/895.jpg","type":"image\/jpeg"}],"twitter_card":"summary_large_image","twitter_misc":{"Predpokladan\u00fd \u010das \u010d\u00edtania":"1 min\u00fata"},"schema":{"@context":"https:\/\/schema.org","@graph":[{"@type":"WebPage","@id":"https:\/\/proventuss.eu\/sk\/produkt\/dowsil-895\/","url":"https:\/\/proventuss.eu\/sk\/produkt\/dowsil-895\/","name":"DOWSIL 895 - Proventuss","isPartOf":{"@id":"https:\/\/proventuss.eu\/#website"},"primaryImageOfPage":{"@id":"https:\/\/proventuss.eu\/sk\/produkt\/dowsil-895\/#primaryimage"},"image":{"@id":"https:\/\/proventuss.eu\/sk\/produkt\/dowsil-895\/#primaryimage"},"thumbnailUrl":"https:\/\/proventuss.eu\/wp-content\/uploads\/2022\/04\/895.jpg","datePublished":"2022-04-19T13:08:51+00:00","dateModified":"2022-04-19T13:08:51+00:00","breadcrumb":{"@id":"https:\/\/proventuss.eu\/sk\/produkt\/dowsil-895\/#breadcrumb"},"inLanguage":"sk-SK","potentialAction":[{"@type":"ReadAction","target":["https:\/\/proventuss.eu\/sk\/produkt\/dowsil-895\/"]}]},{"@type":"ImageObject","inLanguage":"sk-SK","@id":"https:\/\/proventuss.eu\/sk\/produkt\/dowsil-895\/#primaryimage","url":"https:\/\/proventuss.eu\/wp-content\/uploads\/2022\/04\/895.jpg","contentUrl":"https:\/\/proventuss.eu\/wp-content\/uploads\/2022\/04\/895.jpg","width":408,"height":1136},{"@type":"BreadcrumbList","@id":"https:\/\/proventuss.eu\/sk\/produkt\/dowsil-895\/#breadcrumb","itemListElement":[{"@type":"ListItem","position":1,"name":"Home","item":"https:\/\/proventuss.eu\/"},{"@type":"ListItem","position":2,"name":"Produkty","item":"https:\/\/proventuss.eu\/produkty\/"},{"@type":"ListItem","position":3,"name":"DOWSIL 895"}]},{"@type":"WebSite","@id":"https:\/\/proventuss.eu\/#website","url":"https:\/\/proventuss.eu\/","name":"Proventuss","description":"","potentialAction":[{"@type":"SearchAction","target":{"@type":"EntryPoint","urlTemplate":"https:\/\/proventuss.eu\/?s={search_term_string}"},"query-input":"required name=search_term_string"}],"inLanguage":"sk-SK"}]}},"_links":{"self":[{"href":"https:\/\/proventuss.eu\/sk\/wp-json\/wp\/v2\/product\/8826"}],"collection":[{"href":"https:\/\/proventuss.eu\/sk\/wp-json\/wp\/v2\/product"}],"about":[{"href":"https:\/\/proventuss.eu\/sk\/wp-json\/wp\/v2\/types\/product"}],"replies":[{"embeddable":true,"href":"https:\/\/proventuss.eu\/sk\/wp-json\/wp\/v2\/comments?post=8826"}],"wp:featuredmedia":[{"embeddable":true,"href":"https:\/\/proventuss.eu\/sk\/wp-json\/wp\/v2\/media\/7358"}],"wp:attachment":[{"href":"https:\/\/proventuss.eu\/sk\/wp-json\/wp\/v2\/media?parent=8826"}],"wp:term":[{"taxonomy":"product_cat","embeddable":true,"href":"https:\/\/proventuss.eu\/sk\/wp-json\/wp\/v2\/product_cat?post=8826"},{"taxonomy":"product_tag","embeddable":true,"href":"https:\/\/proventuss.eu\/sk\/wp-json\/wp\/v2\/product_tag?post=8826"}],"curies":[{"name":"wp","href":"https:\/\/api.w.org\/{rel}","templated":true}]}}