{"id":18882,"date":"2024-09-20T09:25:33","date_gmt":"2024-09-20T09:25:33","guid":{"rendered":"https:\/\/proventuss.eu\/produkt\/zasklievaci-tmel-vi-pro-wns-plus\/"},"modified":"2024-09-20T09:25:33","modified_gmt":"2024-09-20T09:25:33","slug":"zasklievaci-tmel-vi-pro-wns-plus","status":"publish","type":"product","link":"https:\/\/proventuss.eu\/sk\/produkt\/zasklievaci-tmel-vi-pro-wns-plus\/","title":{"rendered":"Zasklievac\u00ed tmel Vi-Pro\u00ae WNS Plus"},"content":{"rendered":"<p>Vi-Pro\u00ae WNS PLUS je jednozlo\u017ekov\u00fd, n\u00edzkomodulov\u00fd, neutr\u00e1lnym ox\u00edmom vytvrdzovan\u00fd silik\u00f3nov\u00fd tmel, ktor\u00fd reaguje so vzdu\u0161nou vlhkos\u0165ou a vytv\u00e1ra extr\u00e9mne odoln\u00fa elastick\u00fa gumu. Neobsahuje \u017eiadne \u017eierav\u00e9 ani silne vonn\u00e9 pr\u00edsady. Vi-Pro\u00ae WNS PLUS si zachov\u00e1va v\u0161etky elastick\u00e9 a adh\u00e9zne vlastnosti bez probl\u00e9mov so starnut\u00edm a zost\u00e1va stabiln\u00fd vo\u010di atmosf\u00e9rick\u00fdm vplyvom. Vi-Pro\u00ae WNS PLUS je vysoko kvalitn\u00fd 100% silik\u00f3n, ktor\u00fd pri\u013ene k v\u00e4\u010d\u0161ine podkladov be\u017ene sa vyskytuj\u00facich v stavebn\u00edctve, ako je sklo, bet\u00f3n, tehla, v\u00e4\u010d\u0161ina druhov dreva, hol\u00e9 kovy a mnoh\u00e9 plastov\u00e9 povrchy.<\/p>\n<p><strong>V\u00fdhody:<\/strong><\/p>\n<p>-\u0160pi\u010dkov\u00e1 kvalita.<br \/>\n-N\u00edzky modul a vysok\u00e1 flexibilita a pohyb.<br \/>\n-Vynikaj\u00faca pri\u013enavos\u0165 k \u0161irokej \u0161k\u00e1le podkladov bez potreby z\u00e1kladn\u00e9ho n\u00e1teru.<br \/>\n-Ve\u013emi dobr\u00e1 odolnos\u0165 vo\u010di UV \u017eiareniu, poveternostn\u00fdm vplyvom a starnutiu.<br \/>\n-N\u00edzky z\u00e1pach.<br \/>\n-Nekoroz\u00edvne.<br \/>\n-Extr\u00e9mne dlh\u00e1 \u017eivotnos\u0165.<\/p>\n<p><strong>Oblasti pou\u017eitia:<\/strong><\/p>\n<p>Vi-Pro\u00ae WNS PLUS je vysoko kvalitn\u00fd a odoln\u00fd tmel. M\u00e1 vynikaj\u00facu pri\u013enavos\u0165 k v\u00e4\u010d\u0161ine podkladov pou\u017e\u00edvan\u00fdch v stavebn\u00edctve, ako je sklo, hlin\u00edk, drevo, PVC, bet\u00f3n at\u010f. Odpor\u00fa\u010da sa najm\u00e4 na: Tesnenie dilata\u010dn\u00fdch \u0161k\u00e1r na fas\u00e1dnych fas\u00e1dach, \u013eahk\u00fdch fas\u00e1dach a svetl\u00edkoch proti poveternostn\u00fdm vplyvom. Mont\u00e1\u017ee okenn\u00fdch a dverov\u00fdch syst\u00e9mov. Tesnenie v sklen\u00edkoch a \u0161k\u00f4lkach zo skla, polykarbon\u00e1tu alebo metakryl\u00e1tu. Tesnenie \u0161k\u00e1r medzi podlahami a stenami, schodmi a in\u00fdmi kon\u0161truk\u010dn\u00fdmi \u0161k\u00e1rami. Na ochranu pred poveternostn\u00fdmi vplyvmi a tesnenie tam, kde sa vy\u017eaduje odolnos\u0165 v n\u00e1ro\u010dn\u00fdch podmienkach. Kompatibiln\u00e9 so stavebn\u00fdmi silik\u00f3nmi na utesnenie po\u010dasiu.<\/p>\n","protected":false},"excerpt":{"rendered":"<p>Vi-Pro\u00ae WNS PLUS je jednozlo\u017ekov\u00fd, n\u00edzkomodulov\u00fd, neutr\u00e1lnym ox\u00edmom vytvrdzovan\u00fd silik\u00f3nov\u00fd tmel, ktor\u00fd reaguje so vzdu\u0161nou vlhkos\u0165ou a vytv\u00e1ra extr\u00e9mne odoln\u00fa elastick\u00fa gumu. Neobsahuje \u017eiadne \u017eierav\u00e9 ani silne vonn\u00e9 pr\u00edsady. Vi-Pro\u00ae WNS PLUS si zachov\u00e1va v\u0161etky elastick\u00e9 a adh\u00e9zne vlastnosti bez probl\u00e9mov so starnut\u00edm a zost\u00e1va stabiln\u00fd vo\u010di atmosf\u00e9rick\u00fdm vplyvom. Vi-Pro\u00ae WNS PLUS je vysoko kvalitn\u00fd [&hellip;]<\/p>\n","protected":false},"featured_media":18221,"comment_status":"open","ping_status":"closed","template":"","meta":{"_acf_changed":false},"product_cat":[388],"product_tag":[],"acf":[],"yoast_head":"<!-- This site is optimized with the Yoast SEO plugin v22.9 - https:\/\/yoast.com\/wordpress\/plugins\/seo\/ -->\n<title>Zasklievac\u00ed tmel Vi-Pro\u00ae WNS Plus - Proventuss<\/title>\n<meta name=\"robots\" content=\"index, follow, max-snippet:-1, max-image-preview:large, max-video-preview:-1\" \/>\n<link rel=\"canonical\" href=\"https:\/\/proventuss.eu\/sk\/produkt\/zasklievaci-tmel-vi-pro-wns-plus\/\" \/>\n<meta property=\"og:locale\" content=\"sk_SK\" \/>\n<meta property=\"og:type\" content=\"article\" \/>\n<meta property=\"og:title\" content=\"Zasklievac\u00ed tmel Vi-Pro\u00ae WNS Plus - Proventuss\" \/>\n<meta property=\"og:description\" content=\"Vi-Pro\u00ae WNS PLUS je jednozlo\u017ekov\u00fd, n\u00edzkomodulov\u00fd, neutr\u00e1lnym ox\u00edmom vytvrdzovan\u00fd silik\u00f3nov\u00fd tmel, ktor\u00fd reaguje so vzdu\u0161nou vlhkos\u0165ou a vytv\u00e1ra extr\u00e9mne odoln\u00fa elastick\u00fa gumu. Neobsahuje \u017eiadne \u017eierav\u00e9 ani silne vonn\u00e9 pr\u00edsady. Vi-Pro\u00ae WNS PLUS si zachov\u00e1va v\u0161etky elastick\u00e9 a adh\u00e9zne vlastnosti bez probl\u00e9mov so starnut\u00edm a zost\u00e1va stabiln\u00fd vo\u010di atmosf\u00e9rick\u00fdm vplyvom. Vi-Pro\u00ae WNS PLUS je vysoko kvalitn\u00fd [&hellip;]\" \/>\n<meta property=\"og:url\" content=\"https:\/\/proventuss.eu\/sk\/produkt\/zasklievaci-tmel-vi-pro-wns-plus\/\" \/>\n<meta property=\"og:site_name\" content=\"Proventuss\" \/>\n<meta property=\"og:image\" content=\"https:\/\/proventuss.eu\/wp-content\/uploads\/2024\/09\/Vi-Pro-WNS-PLUS_1-scaled-e1729669926633.jpg\" \/>\n\t<meta property=\"og:image:width\" content=\"2560\" \/>\n\t<meta property=\"og:image:height\" content=\"1707\" \/>\n\t<meta property=\"og:image:type\" content=\"image\/jpeg\" \/>\n<meta name=\"twitter:card\" content=\"summary_large_image\" \/>\n<meta name=\"twitter:label1\" content=\"Predpokladan\u00fd \u010das \u010d\u00edtania\" \/>\n\t<meta name=\"twitter:data1\" content=\"1 min\u00fata\" \/>\n<script type=\"application\/ld+json\" class=\"yoast-schema-graph\">{\"@context\":\"https:\/\/schema.org\",\"@graph\":[{\"@type\":\"WebPage\",\"@id\":\"https:\/\/proventuss.eu\/sk\/produkt\/zasklievaci-tmel-vi-pro-wns-plus\/\",\"url\":\"https:\/\/proventuss.eu\/sk\/produkt\/zasklievaci-tmel-vi-pro-wns-plus\/\",\"name\":\"Zasklievac\u00ed tmel Vi-Pro\u00ae WNS Plus - Proventuss\",\"isPartOf\":{\"@id\":\"https:\/\/proventuss.eu\/#website\"},\"primaryImageOfPage\":{\"@id\":\"https:\/\/proventuss.eu\/sk\/produkt\/zasklievaci-tmel-vi-pro-wns-plus\/#primaryimage\"},\"image\":{\"@id\":\"https:\/\/proventuss.eu\/sk\/produkt\/zasklievaci-tmel-vi-pro-wns-plus\/#primaryimage\"},\"thumbnailUrl\":\"https:\/\/proventuss.eu\/wp-content\/uploads\/2024\/09\/Vi-Pro-WNS-PLUS_1-scaled-e1729669926633.jpg\",\"datePublished\":\"2024-09-20T09:25:33+00:00\",\"dateModified\":\"2024-09-20T09:25:33+00:00\",\"breadcrumb\":{\"@id\":\"https:\/\/proventuss.eu\/sk\/produkt\/zasklievaci-tmel-vi-pro-wns-plus\/#breadcrumb\"},\"inLanguage\":\"sk-SK\",\"potentialAction\":[{\"@type\":\"ReadAction\",\"target\":[\"https:\/\/proventuss.eu\/sk\/produkt\/zasklievaci-tmel-vi-pro-wns-plus\/\"]}]},{\"@type\":\"ImageObject\",\"inLanguage\":\"sk-SK\",\"@id\":\"https:\/\/proventuss.eu\/sk\/produkt\/zasklievaci-tmel-vi-pro-wns-plus\/#primaryimage\",\"url\":\"https:\/\/proventuss.eu\/wp-content\/uploads\/2024\/09\/Vi-Pro-WNS-PLUS_1-scaled-e1729669926633.jpg\",\"contentUrl\":\"https:\/\/proventuss.eu\/wp-content\/uploads\/2024\/09\/Vi-Pro-WNS-PLUS_1-scaled-e1729669926633.jpg\",\"width\":2560,\"height\":1707,\"caption\":\"Na zdj\u0119ciu uszczelniacz do zabezpieczania przed warunkami atmosferycznymi i uszczelniania, gdzie wymagana jest trwa\u0142o\u015b\u0107 w trudnych warunkach.\"},{\"@type\":\"BreadcrumbList\",\"@id\":\"https:\/\/proventuss.eu\/sk\/produkt\/zasklievaci-tmel-vi-pro-wns-plus\/#breadcrumb\",\"itemListElement\":[{\"@type\":\"ListItem\",\"position\":1,\"name\":\"Home\",\"item\":\"https:\/\/proventuss.eu\/\"},{\"@type\":\"ListItem\",\"position\":2,\"name\":\"Produkty\",\"item\":\"https:\/\/proventuss.eu\/produkty\/\"},{\"@type\":\"ListItem\",\"position\":3,\"name\":\"Zasklievac\u00ed tmel Vi-Pro\u00ae WNS Plus\"}]},{\"@type\":\"WebSite\",\"@id\":\"https:\/\/proventuss.eu\/#website\",\"url\":\"https:\/\/proventuss.eu\/\",\"name\":\"Proventuss\",\"description\":\"\",\"potentialAction\":[{\"@type\":\"SearchAction\",\"target\":{\"@type\":\"EntryPoint\",\"urlTemplate\":\"https:\/\/proventuss.eu\/?s={search_term_string}\"},\"query-input\":\"required name=search_term_string\"}],\"inLanguage\":\"sk-SK\"}]}<\/script>\n<!-- \/ Yoast SEO plugin. -->","yoast_head_json":{"title":"Zasklievac\u00ed tmel Vi-Pro\u00ae WNS Plus - Proventuss","robots":{"index":"index","follow":"follow","max-snippet":"max-snippet:-1","max-image-preview":"max-image-preview:large","max-video-preview":"max-video-preview:-1"},"canonical":"https:\/\/proventuss.eu\/sk\/produkt\/zasklievaci-tmel-vi-pro-wns-plus\/","og_locale":"sk_SK","og_type":"article","og_title":"Zasklievac\u00ed tmel Vi-Pro\u00ae WNS Plus - Proventuss","og_description":"Vi-Pro\u00ae WNS PLUS je jednozlo\u017ekov\u00fd, n\u00edzkomodulov\u00fd, neutr\u00e1lnym ox\u00edmom vytvrdzovan\u00fd silik\u00f3nov\u00fd tmel, ktor\u00fd reaguje so vzdu\u0161nou vlhkos\u0165ou a vytv\u00e1ra extr\u00e9mne odoln\u00fa elastick\u00fa gumu. Neobsahuje \u017eiadne \u017eierav\u00e9 ani silne vonn\u00e9 pr\u00edsady. Vi-Pro\u00ae WNS PLUS si zachov\u00e1va v\u0161etky elastick\u00e9 a adh\u00e9zne vlastnosti bez probl\u00e9mov so starnut\u00edm a zost\u00e1va stabiln\u00fd vo\u010di atmosf\u00e9rick\u00fdm vplyvom. Vi-Pro\u00ae WNS PLUS je vysoko kvalitn\u00fd [&hellip;]","og_url":"https:\/\/proventuss.eu\/sk\/produkt\/zasklievaci-tmel-vi-pro-wns-plus\/","og_site_name":"Proventuss","og_image":[{"width":2560,"height":1707,"url":"https:\/\/proventuss.eu\/wp-content\/uploads\/2024\/09\/Vi-Pro-WNS-PLUS_1-scaled-e1729669926633.jpg","type":"image\/jpeg"}],"twitter_card":"summary_large_image","twitter_misc":{"Predpokladan\u00fd \u010das \u010d\u00edtania":"1 min\u00fata"},"schema":{"@context":"https:\/\/schema.org","@graph":[{"@type":"WebPage","@id":"https:\/\/proventuss.eu\/sk\/produkt\/zasklievaci-tmel-vi-pro-wns-plus\/","url":"https:\/\/proventuss.eu\/sk\/produkt\/zasklievaci-tmel-vi-pro-wns-plus\/","name":"Zasklievac\u00ed tmel Vi-Pro\u00ae WNS Plus - Proventuss","isPartOf":{"@id":"https:\/\/proventuss.eu\/#website"},"primaryImageOfPage":{"@id":"https:\/\/proventuss.eu\/sk\/produkt\/zasklievaci-tmel-vi-pro-wns-plus\/#primaryimage"},"image":{"@id":"https:\/\/proventuss.eu\/sk\/produkt\/zasklievaci-tmel-vi-pro-wns-plus\/#primaryimage"},"thumbnailUrl":"https:\/\/proventuss.eu\/wp-content\/uploads\/2024\/09\/Vi-Pro-WNS-PLUS_1-scaled-e1729669926633.jpg","datePublished":"2024-09-20T09:25:33+00:00","dateModified":"2024-09-20T09:25:33+00:00","breadcrumb":{"@id":"https:\/\/proventuss.eu\/sk\/produkt\/zasklievaci-tmel-vi-pro-wns-plus\/#breadcrumb"},"inLanguage":"sk-SK","potentialAction":[{"@type":"ReadAction","target":["https:\/\/proventuss.eu\/sk\/produkt\/zasklievaci-tmel-vi-pro-wns-plus\/"]}]},{"@type":"ImageObject","inLanguage":"sk-SK","@id":"https:\/\/proventuss.eu\/sk\/produkt\/zasklievaci-tmel-vi-pro-wns-plus\/#primaryimage","url":"https:\/\/proventuss.eu\/wp-content\/uploads\/2024\/09\/Vi-Pro-WNS-PLUS_1-scaled-e1729669926633.jpg","contentUrl":"https:\/\/proventuss.eu\/wp-content\/uploads\/2024\/09\/Vi-Pro-WNS-PLUS_1-scaled-e1729669926633.jpg","width":2560,"height":1707,"caption":"Na zdj\u0119ciu uszczelniacz do zabezpieczania przed warunkami atmosferycznymi i uszczelniania, gdzie wymagana jest trwa\u0142o\u015b\u0107 w trudnych warunkach."},{"@type":"BreadcrumbList","@id":"https:\/\/proventuss.eu\/sk\/produkt\/zasklievaci-tmel-vi-pro-wns-plus\/#breadcrumb","itemListElement":[{"@type":"ListItem","position":1,"name":"Home","item":"https:\/\/proventuss.eu\/"},{"@type":"ListItem","position":2,"name":"Produkty","item":"https:\/\/proventuss.eu\/produkty\/"},{"@type":"ListItem","position":3,"name":"Zasklievac\u00ed tmel Vi-Pro\u00ae WNS Plus"}]},{"@type":"WebSite","@id":"https:\/\/proventuss.eu\/#website","url":"https:\/\/proventuss.eu\/","name":"Proventuss","description":"","potentialAction":[{"@type":"SearchAction","target":{"@type":"EntryPoint","urlTemplate":"https:\/\/proventuss.eu\/?s={search_term_string}"},"query-input":"required name=search_term_string"}],"inLanguage":"sk-SK"}]}},"_links":{"self":[{"href":"https:\/\/proventuss.eu\/sk\/wp-json\/wp\/v2\/product\/18882"}],"collection":[{"href":"https:\/\/proventuss.eu\/sk\/wp-json\/wp\/v2\/product"}],"about":[{"href":"https:\/\/proventuss.eu\/sk\/wp-json\/wp\/v2\/types\/product"}],"replies":[{"embeddable":true,"href":"https:\/\/proventuss.eu\/sk\/wp-json\/wp\/v2\/comments?post=18882"}],"wp:featuredmedia":[{"embeddable":true,"href":"https:\/\/proventuss.eu\/sk\/wp-json\/wp\/v2\/media\/18221"}],"wp:attachment":[{"href":"https:\/\/proventuss.eu\/sk\/wp-json\/wp\/v2\/media?parent=18882"}],"wp:term":[{"taxonomy":"product_cat","embeddable":true,"href":"https:\/\/proventuss.eu\/sk\/wp-json\/wp\/v2\/product_cat?post=18882"},{"taxonomy":"product_tag","embeddable":true,"href":"https:\/\/proventuss.eu\/sk\/wp-json\/wp\/v2\/product_tag?post=18882"}],"curies":[{"name":"wp","href":"https:\/\/api.w.org\/{rel}","templated":true}]}}