{"id":18503,"date":"2024-11-19T08:57:56","date_gmt":"2024-11-19T08:57:56","guid":{"rendered":"https:\/\/proventuss.eu\/produkt\/vi-pro-manual-gun-310-600-ml\/"},"modified":"2024-11-19T09:10:26","modified_gmt":"2024-11-19T09:10:26","slug":"vi-pro-manual-gun-310-600-ml","status":"publish","type":"product","link":"https:\/\/proventuss.eu\/sk\/produkt\/vi-pro-manual-gun-310-600-ml\/","title":{"rendered":"Vi-Pro\u00ae MANUAL GUN 310-600 ML"},"content":{"rendered":"<p>Profesion\u00e1lny aplik\u00e1tor s hlin\u00edkov\u00fdm telom, p\u00e1kou a rukov\u00e4\u0165ou z lisovanej ocele. Na pou\u017eitie so stredne visk\u00f3znymi silik\u00f3nmi a tmelmi, v \u0161tandardn\u00fdch kartu\u0161iach a \u00fadenin\u00e1ch.<\/p>\n<p>Charakteristika:<\/p>\n<p>\u010cist\u00e1 hmotnos\u0165: 980 kg<br \/>\nMaxim\u00e1lna sila: 350 Kgf \u2013 3,43 kN<br \/>\nPushrod: Vysoko uhl\u00edkov\u00e1 oce\u013e<br \/>\nSpojka: Kalen\u00e1 &#8211; jednodielna<\/p>\n","protected":false},"excerpt":{"rendered":"<p>Profesion\u00e1lny aplik\u00e1tor s hlin\u00edkov\u00fdm telom, p\u00e1kou a rukov\u00e4\u0165ou z lisovanej ocele. Na pou\u017eitie so stredne visk\u00f3znymi silik\u00f3nmi a tmelmi, v \u0161tandardn\u00fdch kartu\u0161iach a \u00fadenin\u00e1ch. Charakteristika: \u010cist\u00e1 hmotnos\u0165: 980 kg Maxim\u00e1lna sila: 350 Kgf \u2013 3,43 kN Pushrod: Vysoko uhl\u00edkov\u00e1 oce\u013e Spojka: Kalen\u00e1 &#8211; jednodielna<\/p>\n","protected":false},"featured_media":18487,"comment_status":"open","ping_status":"closed","template":"","meta":{"_acf_changed":false},"product_cat":[15],"product_tag":[],"acf":[],"yoast_head":"<!-- This site is optimized with the Yoast SEO plugin v22.9 - https:\/\/yoast.com\/wordpress\/plugins\/seo\/ -->\n<title>Vi-Pro\u00ae MANUAL GUN 310-600 ML - Proventuss<\/title>\n<meta name=\"robots\" content=\"index, follow, max-snippet:-1, max-image-preview:large, max-video-preview:-1\" \/>\n<link rel=\"canonical\" href=\"https:\/\/proventuss.eu\/sk\/produkt\/vi-pro-manual-gun-310-600-ml\/\" \/>\n<meta property=\"og:locale\" content=\"sk_SK\" \/>\n<meta property=\"og:type\" content=\"article\" \/>\n<meta property=\"og:title\" content=\"Vi-Pro\u00ae MANUAL GUN 310-600 ML - Proventuss\" \/>\n<meta property=\"og:description\" content=\"Profesion\u00e1lny aplik\u00e1tor s hlin\u00edkov\u00fdm telom, p\u00e1kou a rukov\u00e4\u0165ou z lisovanej ocele. Na pou\u017eitie so stredne visk\u00f3znymi silik\u00f3nmi a tmelmi, v \u0161tandardn\u00fdch kartu\u0161iach a \u00fadenin\u00e1ch. Charakteristika: \u010cist\u00e1 hmotnos\u0165: 980 kg Maxim\u00e1lna sila: 350 Kgf \u2013 3,43 kN Pushrod: Vysoko uhl\u00edkov\u00e1 oce\u013e Spojka: Kalen\u00e1 &#8211; jednodielna\" \/>\n<meta property=\"og:url\" content=\"https:\/\/proventuss.eu\/sk\/produkt\/vi-pro-manual-gun-310-600-ml\/\" \/>\n<meta property=\"og:site_name\" content=\"Proventuss\" \/>\n<meta property=\"article:modified_time\" content=\"2024-11-19T09:10:26+00:00\" \/>\n<meta property=\"og:image\" content=\"https:\/\/proventuss.eu\/wp-content\/uploads\/2024\/11\/Vi-Pro\u00ae-MANUAL-GUN-310-600-ML.jpg\" \/>\n\t<meta property=\"og:image:width\" content=\"1543\" \/>\n\t<meta property=\"og:image:height\" content=\"729\" \/>\n\t<meta property=\"og:image:type\" content=\"image\/jpeg\" \/>\n<meta name=\"twitter:card\" content=\"summary_large_image\" \/>\n<meta name=\"twitter:label1\" content=\"Predpokladan\u00fd \u010das \u010d\u00edtania\" \/>\n\t<meta name=\"twitter:data1\" content=\"1 min\u00fata\" \/>\n<script type=\"application\/ld+json\" class=\"yoast-schema-graph\">{\"@context\":\"https:\/\/schema.org\",\"@graph\":[{\"@type\":\"WebPage\",\"@id\":\"https:\/\/proventuss.eu\/sk\/produkt\/vi-pro-manual-gun-310-600-ml\/\",\"url\":\"https:\/\/proventuss.eu\/sk\/produkt\/vi-pro-manual-gun-310-600-ml\/\",\"name\":\"Vi-Pro\u00ae MANUAL GUN 310-600 ML - Proventuss\",\"isPartOf\":{\"@id\":\"https:\/\/proventuss.eu\/#website\"},\"primaryImageOfPage\":{\"@id\":\"https:\/\/proventuss.eu\/sk\/produkt\/vi-pro-manual-gun-310-600-ml\/#primaryimage\"},\"image\":{\"@id\":\"https:\/\/proventuss.eu\/sk\/produkt\/vi-pro-manual-gun-310-600-ml\/#primaryimage\"},\"thumbnailUrl\":\"https:\/\/proventuss.eu\/wp-content\/uploads\/2024\/11\/Vi-Pro\u00ae-MANUAL-GUN-310-600-ML.jpg\",\"datePublished\":\"2024-11-19T08:57:56+00:00\",\"dateModified\":\"2024-11-19T09:10:26+00:00\",\"breadcrumb\":{\"@id\":\"https:\/\/proventuss.eu\/sk\/produkt\/vi-pro-manual-gun-310-600-ml\/#breadcrumb\"},\"inLanguage\":\"sk-SK\",\"potentialAction\":[{\"@type\":\"ReadAction\",\"target\":[\"https:\/\/proventuss.eu\/sk\/produkt\/vi-pro-manual-gun-310-600-ml\/\"]}]},{\"@type\":\"ImageObject\",\"inLanguage\":\"sk-SK\",\"@id\":\"https:\/\/proventuss.eu\/sk\/produkt\/vi-pro-manual-gun-310-600-ml\/#primaryimage\",\"url\":\"https:\/\/proventuss.eu\/wp-content\/uploads\/2024\/11\/Vi-Pro\u00ae-MANUAL-GUN-310-600-ML.jpg\",\"contentUrl\":\"https:\/\/proventuss.eu\/wp-content\/uploads\/2024\/11\/Vi-Pro\u00ae-MANUAL-GUN-310-600-ML.jpg\",\"width\":1543,\"height\":729,\"caption\":\"Na zdj\u0119ciu pistolet manualny Vi-Pro do stosowania ze \u015brednio lepkimi silikonami i uszczelniaczami, w standardowych kartuszach i kie\u0142baskach.\"},{\"@type\":\"BreadcrumbList\",\"@id\":\"https:\/\/proventuss.eu\/sk\/produkt\/vi-pro-manual-gun-310-600-ml\/#breadcrumb\",\"itemListElement\":[{\"@type\":\"ListItem\",\"position\":1,\"name\":\"Home\",\"item\":\"https:\/\/proventuss.eu\/\"},{\"@type\":\"ListItem\",\"position\":2,\"name\":\"Produkty\",\"item\":\"https:\/\/proventuss.eu\/produkty\/\"},{\"@type\":\"ListItem\",\"position\":3,\"name\":\"Vi-Pro\u00ae MANUAL GUN 310-600 ML\"}]},{\"@type\":\"WebSite\",\"@id\":\"https:\/\/proventuss.eu\/#website\",\"url\":\"https:\/\/proventuss.eu\/\",\"name\":\"Proventuss\",\"description\":\"\",\"potentialAction\":[{\"@type\":\"SearchAction\",\"target\":{\"@type\":\"EntryPoint\",\"urlTemplate\":\"https:\/\/proventuss.eu\/?s={search_term_string}\"},\"query-input\":\"required name=search_term_string\"}],\"inLanguage\":\"sk-SK\"}]}<\/script>\n<!-- \/ Yoast SEO plugin. -->","yoast_head_json":{"title":"Vi-Pro\u00ae MANUAL GUN 310-600 ML - Proventuss","robots":{"index":"index","follow":"follow","max-snippet":"max-snippet:-1","max-image-preview":"max-image-preview:large","max-video-preview":"max-video-preview:-1"},"canonical":"https:\/\/proventuss.eu\/sk\/produkt\/vi-pro-manual-gun-310-600-ml\/","og_locale":"sk_SK","og_type":"article","og_title":"Vi-Pro\u00ae MANUAL GUN 310-600 ML - Proventuss","og_description":"Profesion\u00e1lny aplik\u00e1tor s hlin\u00edkov\u00fdm telom, p\u00e1kou a rukov\u00e4\u0165ou z lisovanej ocele. Na pou\u017eitie so stredne visk\u00f3znymi silik\u00f3nmi a tmelmi, v \u0161tandardn\u00fdch kartu\u0161iach a \u00fadenin\u00e1ch. Charakteristika: \u010cist\u00e1 hmotnos\u0165: 980 kg Maxim\u00e1lna sila: 350 Kgf \u2013 3,43 kN Pushrod: Vysoko uhl\u00edkov\u00e1 oce\u013e Spojka: Kalen\u00e1 &#8211; jednodielna","og_url":"https:\/\/proventuss.eu\/sk\/produkt\/vi-pro-manual-gun-310-600-ml\/","og_site_name":"Proventuss","article_modified_time":"2024-11-19T09:10:26+00:00","og_image":[{"width":1543,"height":729,"url":"https:\/\/proventuss.eu\/wp-content\/uploads\/2024\/11\/Vi-Pro\u00ae-MANUAL-GUN-310-600-ML.jpg","type":"image\/jpeg"}],"twitter_card":"summary_large_image","twitter_misc":{"Predpokladan\u00fd \u010das \u010d\u00edtania":"1 min\u00fata"},"schema":{"@context":"https:\/\/schema.org","@graph":[{"@type":"WebPage","@id":"https:\/\/proventuss.eu\/sk\/produkt\/vi-pro-manual-gun-310-600-ml\/","url":"https:\/\/proventuss.eu\/sk\/produkt\/vi-pro-manual-gun-310-600-ml\/","name":"Vi-Pro\u00ae MANUAL GUN 310-600 ML - Proventuss","isPartOf":{"@id":"https:\/\/proventuss.eu\/#website"},"primaryImageOfPage":{"@id":"https:\/\/proventuss.eu\/sk\/produkt\/vi-pro-manual-gun-310-600-ml\/#primaryimage"},"image":{"@id":"https:\/\/proventuss.eu\/sk\/produkt\/vi-pro-manual-gun-310-600-ml\/#primaryimage"},"thumbnailUrl":"https:\/\/proventuss.eu\/wp-content\/uploads\/2024\/11\/Vi-Pro\u00ae-MANUAL-GUN-310-600-ML.jpg","datePublished":"2024-11-19T08:57:56+00:00","dateModified":"2024-11-19T09:10:26+00:00","breadcrumb":{"@id":"https:\/\/proventuss.eu\/sk\/produkt\/vi-pro-manual-gun-310-600-ml\/#breadcrumb"},"inLanguage":"sk-SK","potentialAction":[{"@type":"ReadAction","target":["https:\/\/proventuss.eu\/sk\/produkt\/vi-pro-manual-gun-310-600-ml\/"]}]},{"@type":"ImageObject","inLanguage":"sk-SK","@id":"https:\/\/proventuss.eu\/sk\/produkt\/vi-pro-manual-gun-310-600-ml\/#primaryimage","url":"https:\/\/proventuss.eu\/wp-content\/uploads\/2024\/11\/Vi-Pro\u00ae-MANUAL-GUN-310-600-ML.jpg","contentUrl":"https:\/\/proventuss.eu\/wp-content\/uploads\/2024\/11\/Vi-Pro\u00ae-MANUAL-GUN-310-600-ML.jpg","width":1543,"height":729,"caption":"Na zdj\u0119ciu pistolet manualny Vi-Pro do stosowania ze \u015brednio lepkimi silikonami i uszczelniaczami, w standardowych kartuszach i kie\u0142baskach."},{"@type":"BreadcrumbList","@id":"https:\/\/proventuss.eu\/sk\/produkt\/vi-pro-manual-gun-310-600-ml\/#breadcrumb","itemListElement":[{"@type":"ListItem","position":1,"name":"Home","item":"https:\/\/proventuss.eu\/"},{"@type":"ListItem","position":2,"name":"Produkty","item":"https:\/\/proventuss.eu\/produkty\/"},{"@type":"ListItem","position":3,"name":"Vi-Pro\u00ae MANUAL GUN 310-600 ML"}]},{"@type":"WebSite","@id":"https:\/\/proventuss.eu\/#website","url":"https:\/\/proventuss.eu\/","name":"Proventuss","description":"","potentialAction":[{"@type":"SearchAction","target":{"@type":"EntryPoint","urlTemplate":"https:\/\/proventuss.eu\/?s={search_term_string}"},"query-input":"required name=search_term_string"}],"inLanguage":"sk-SK"}]}},"_links":{"self":[{"href":"https:\/\/proventuss.eu\/sk\/wp-json\/wp\/v2\/product\/18503"}],"collection":[{"href":"https:\/\/proventuss.eu\/sk\/wp-json\/wp\/v2\/product"}],"about":[{"href":"https:\/\/proventuss.eu\/sk\/wp-json\/wp\/v2\/types\/product"}],"replies":[{"embeddable":true,"href":"https:\/\/proventuss.eu\/sk\/wp-json\/wp\/v2\/comments?post=18503"}],"wp:featuredmedia":[{"embeddable":true,"href":"https:\/\/proventuss.eu\/sk\/wp-json\/wp\/v2\/media\/18487"}],"wp:attachment":[{"href":"https:\/\/proventuss.eu\/sk\/wp-json\/wp\/v2\/media?parent=18503"}],"wp:term":[{"taxonomy":"product_cat","embeddable":true,"href":"https:\/\/proventuss.eu\/sk\/wp-json\/wp\/v2\/product_cat?post=18503"},{"taxonomy":"product_tag","embeddable":true,"href":"https:\/\/proventuss.eu\/sk\/wp-json\/wp\/v2\/product_tag?post=18503"}],"curies":[{"name":"wp","href":"https:\/\/api.w.org\/{rel}","templated":true}]}}