{"id":18085,"date":"2022-04-26T11:08:39","date_gmt":"2022-04-26T11:08:39","guid":{"rendered":"https:\/\/proventuss.eu\/produkt\/vi-pro-pneumatic-gun-600-ml\/"},"modified":"2024-10-22T10:39:40","modified_gmt":"2024-10-22T10:39:40","slug":"vi-pro-pneumatic-gun-600-ml","status":"publish","type":"product","link":"https:\/\/proventuss.eu\/sk\/produkt\/vi-pro-pneumatic-gun-600-ml\/","title":{"rendered":"Vi-Pro\u00ae PNEUMATIC GUN 600 ML"},"content":{"rendered":"<p>Pri renov\u00e1cii a na stavbe z\u00e1le\u017e\u00ed na \u010dase a prec\u00edznosti. Presn\u00fa aplik\u00e1ciu r\u00f4znych druhov lepidiel, silik\u00f3nov a tmelov zabezpe\u010duje profesion\u00e1lna PNEUMATICK\u00c1 STIERKA s regul\u00e1ciou tlaku Vi-Pro\u00ae Pneumatic Gun 600 ML.<\/p>\n<p>Pomocou stl\u00e1\u010da\u010da m\u00f4\u017eeme nan\u00e1\u0161a\u0165 lepidlo Vi-Pro\u00ae EPDM Paste Adhesive 903, ale aj in\u00e9 hmoty balen\u00e9 v tzv. klob\u00e1sa s objemom 600 ml. \u013dahk\u00fa a \u0161ikovn\u00fa v\u00fdbavu si vieme prisp\u00f4sobi\u0165 vlastn\u00fdm preferenci\u00e1m v\u010faka mo\u017enosti \u00fapravy a nastavenia vhodn\u00e9ho vyv\u00e1\u017eenia.<\/p>\n<p>V\u00ddHODY:<br \/>\n\u2022 na p\u00e1rky s objemom 600 ml<br \/>\n\u2022 presn\u00e1 aplik\u00e1cia a vysok\u00e1 citlivos\u0165<br \/>\n\u2022 ergonomick\u00e1 rukov\u00e4\u0165, pohodln\u00e9 uchopenie<\/p>\n","protected":false},"excerpt":{"rendered":"<p>Pri renov\u00e1cii a na stavbe z\u00e1le\u017e\u00ed na \u010dase a prec\u00edznosti. Presn\u00fa aplik\u00e1ciu r\u00f4znych druhov lepidiel, silik\u00f3nov a tmelov zabezpe\u010duje profesion\u00e1lna PNEUMATICK\u00c1 STIERKA s regul\u00e1ciou tlaku Vi-Pro\u00ae Pneumatic Gun 600 ML. Pomocou stl\u00e1\u010da\u010da m\u00f4\u017eeme nan\u00e1\u0161a\u0165 lepidlo Vi-Pro\u00ae EPDM Paste Adhesive 903, ale aj in\u00e9 hmoty balen\u00e9 v tzv. klob\u00e1sa s objemom 600 ml. \u013dahk\u00fa a \u0161ikovn\u00fa [&hellip;]<\/p>\n","protected":false},"featured_media":7792,"comment_status":"open","ping_status":"closed","template":"","meta":{"_acf_changed":false},"product_cat":[461],"product_tag":[],"acf":[],"yoast_head":"<!-- This site is optimized with the Yoast SEO plugin v22.9 - https:\/\/yoast.com\/wordpress\/plugins\/seo\/ -->\n<title>Vi-Pro\u00ae PNEUMATIC GUN 600 ML - Proventuss<\/title>\n<meta name=\"robots\" content=\"index, follow, max-snippet:-1, max-image-preview:large, max-video-preview:-1\" \/>\n<link rel=\"canonical\" href=\"https:\/\/proventuss.eu\/sk\/produkt\/vi-pro-pneumatic-gun-600-ml\/\" \/>\n<meta property=\"og:locale\" content=\"sk_SK\" \/>\n<meta property=\"og:type\" content=\"article\" \/>\n<meta property=\"og:title\" content=\"Vi-Pro\u00ae PNEUMATIC GUN 600 ML - Proventuss\" \/>\n<meta property=\"og:description\" content=\"Pri renov\u00e1cii a na stavbe z\u00e1le\u017e\u00ed na \u010dase a prec\u00edznosti. Presn\u00fa aplik\u00e1ciu r\u00f4znych druhov lepidiel, silik\u00f3nov a tmelov zabezpe\u010duje profesion\u00e1lna PNEUMATICK\u00c1 STIERKA s regul\u00e1ciou tlaku Vi-Pro\u00ae Pneumatic Gun 600 ML. Pomocou stl\u00e1\u010da\u010da m\u00f4\u017eeme nan\u00e1\u0161a\u0165 lepidlo Vi-Pro\u00ae EPDM Paste Adhesive 903, ale aj in\u00e9 hmoty balen\u00e9 v tzv. klob\u00e1sa s objemom 600 ml. \u013dahk\u00fa a \u0161ikovn\u00fa [&hellip;]\" \/>\n<meta property=\"og:url\" content=\"https:\/\/proventuss.eu\/sk\/produkt\/vi-pro-pneumatic-gun-600-ml\/\" \/>\n<meta property=\"og:site_name\" content=\"Proventuss\" \/>\n<meta property=\"article:modified_time\" content=\"2024-10-22T10:39:40+00:00\" \/>\n<meta property=\"og:image\" content=\"https:\/\/proventuss.eu\/wp-content\/uploads\/2022\/04\/Vi-Pro-Pneumatic-Gun-600-ml.png\" \/>\n\t<meta property=\"og:image:width\" content=\"1080\" \/>\n\t<meta property=\"og:image:height\" content=\"1080\" \/>\n\t<meta property=\"og:image:type\" content=\"image\/png\" \/>\n<meta name=\"twitter:card\" content=\"summary_large_image\" \/>\n<meta name=\"twitter:label1\" content=\"Predpokladan\u00fd \u010das \u010d\u00edtania\" \/>\n\t<meta name=\"twitter:data1\" content=\"1 min\u00fata\" \/>\n<script type=\"application\/ld+json\" class=\"yoast-schema-graph\">{\"@context\":\"https:\/\/schema.org\",\"@graph\":[{\"@type\":\"WebPage\",\"@id\":\"https:\/\/proventuss.eu\/sk\/produkt\/vi-pro-pneumatic-gun-600-ml\/\",\"url\":\"https:\/\/proventuss.eu\/sk\/produkt\/vi-pro-pneumatic-gun-600-ml\/\",\"name\":\"Vi-Pro\u00ae PNEUMATIC GUN 600 ML - Proventuss\",\"isPartOf\":{\"@id\":\"https:\/\/proventuss.eu\/#website\"},\"primaryImageOfPage\":{\"@id\":\"https:\/\/proventuss.eu\/sk\/produkt\/vi-pro-pneumatic-gun-600-ml\/#primaryimage\"},\"image\":{\"@id\":\"https:\/\/proventuss.eu\/sk\/produkt\/vi-pro-pneumatic-gun-600-ml\/#primaryimage\"},\"thumbnailUrl\":\"https:\/\/proventuss.eu\/wp-content\/uploads\/2022\/04\/Vi-Pro-Pneumatic-Gun-600-ml.png\",\"datePublished\":\"2022-04-26T11:08:39+00:00\",\"dateModified\":\"2024-10-22T10:39:40+00:00\",\"breadcrumb\":{\"@id\":\"https:\/\/proventuss.eu\/sk\/produkt\/vi-pro-pneumatic-gun-600-ml\/#breadcrumb\"},\"inLanguage\":\"sk-SK\",\"potentialAction\":[{\"@type\":\"ReadAction\",\"target\":[\"https:\/\/proventuss.eu\/sk\/produkt\/vi-pro-pneumatic-gun-600-ml\/\"]}]},{\"@type\":\"ImageObject\",\"inLanguage\":\"sk-SK\",\"@id\":\"https:\/\/proventuss.eu\/sk\/produkt\/vi-pro-pneumatic-gun-600-ml\/#primaryimage\",\"url\":\"https:\/\/proventuss.eu\/wp-content\/uploads\/2022\/04\/Vi-Pro-Pneumatic-Gun-600-ml.png\",\"contentUrl\":\"https:\/\/proventuss.eu\/wp-content\/uploads\/2022\/04\/Vi-Pro-Pneumatic-Gun-600-ml.png\",\"width\":1080,\"height\":1080,\"caption\":\"Na zdj\u0119ciu Pistolet pneumatyczny do kie\u0142basek o obj\u0119to\u015bci 600 ml. Precyzyjna aplikacja, wysoka czu\u0142o\u015b\u0107, ergonomiczna r\u0119koje\u015b\u0107, wygodny chwyt. Kolor czarny.\"},{\"@type\":\"BreadcrumbList\",\"@id\":\"https:\/\/proventuss.eu\/sk\/produkt\/vi-pro-pneumatic-gun-600-ml\/#breadcrumb\",\"itemListElement\":[{\"@type\":\"ListItem\",\"position\":1,\"name\":\"Home\",\"item\":\"https:\/\/proventuss.eu\/\"},{\"@type\":\"ListItem\",\"position\":2,\"name\":\"Produkty\",\"item\":\"https:\/\/proventuss.eu\/produkty\/\"},{\"@type\":\"ListItem\",\"position\":3,\"name\":\"Vi-Pro\u00ae PNEUMATIC GUN 600 ML\"}]},{\"@type\":\"WebSite\",\"@id\":\"https:\/\/proventuss.eu\/#website\",\"url\":\"https:\/\/proventuss.eu\/\",\"name\":\"Proventuss\",\"description\":\"\",\"potentialAction\":[{\"@type\":\"SearchAction\",\"target\":{\"@type\":\"EntryPoint\",\"urlTemplate\":\"https:\/\/proventuss.eu\/?s={search_term_string}\"},\"query-input\":\"required name=search_term_string\"}],\"inLanguage\":\"sk-SK\"}]}<\/script>\n<!-- \/ Yoast SEO plugin. -->","yoast_head_json":{"title":"Vi-Pro\u00ae PNEUMATIC GUN 600 ML - Proventuss","robots":{"index":"index","follow":"follow","max-snippet":"max-snippet:-1","max-image-preview":"max-image-preview:large","max-video-preview":"max-video-preview:-1"},"canonical":"https:\/\/proventuss.eu\/sk\/produkt\/vi-pro-pneumatic-gun-600-ml\/","og_locale":"sk_SK","og_type":"article","og_title":"Vi-Pro\u00ae PNEUMATIC GUN 600 ML - Proventuss","og_description":"Pri renov\u00e1cii a na stavbe z\u00e1le\u017e\u00ed na \u010dase a prec\u00edznosti. Presn\u00fa aplik\u00e1ciu r\u00f4znych druhov lepidiel, silik\u00f3nov a tmelov zabezpe\u010duje profesion\u00e1lna PNEUMATICK\u00c1 STIERKA s regul\u00e1ciou tlaku Vi-Pro\u00ae Pneumatic Gun 600 ML. Pomocou stl\u00e1\u010da\u010da m\u00f4\u017eeme nan\u00e1\u0161a\u0165 lepidlo Vi-Pro\u00ae EPDM Paste Adhesive 903, ale aj in\u00e9 hmoty balen\u00e9 v tzv. klob\u00e1sa s objemom 600 ml. \u013dahk\u00fa a \u0161ikovn\u00fa [&hellip;]","og_url":"https:\/\/proventuss.eu\/sk\/produkt\/vi-pro-pneumatic-gun-600-ml\/","og_site_name":"Proventuss","article_modified_time":"2024-10-22T10:39:40+00:00","og_image":[{"width":1080,"height":1080,"url":"https:\/\/proventuss.eu\/wp-content\/uploads\/2022\/04\/Vi-Pro-Pneumatic-Gun-600-ml.png","type":"image\/png"}],"twitter_card":"summary_large_image","twitter_misc":{"Predpokladan\u00fd \u010das \u010d\u00edtania":"1 min\u00fata"},"schema":{"@context":"https:\/\/schema.org","@graph":[{"@type":"WebPage","@id":"https:\/\/proventuss.eu\/sk\/produkt\/vi-pro-pneumatic-gun-600-ml\/","url":"https:\/\/proventuss.eu\/sk\/produkt\/vi-pro-pneumatic-gun-600-ml\/","name":"Vi-Pro\u00ae PNEUMATIC GUN 600 ML - Proventuss","isPartOf":{"@id":"https:\/\/proventuss.eu\/#website"},"primaryImageOfPage":{"@id":"https:\/\/proventuss.eu\/sk\/produkt\/vi-pro-pneumatic-gun-600-ml\/#primaryimage"},"image":{"@id":"https:\/\/proventuss.eu\/sk\/produkt\/vi-pro-pneumatic-gun-600-ml\/#primaryimage"},"thumbnailUrl":"https:\/\/proventuss.eu\/wp-content\/uploads\/2022\/04\/Vi-Pro-Pneumatic-Gun-600-ml.png","datePublished":"2022-04-26T11:08:39+00:00","dateModified":"2024-10-22T10:39:40+00:00","breadcrumb":{"@id":"https:\/\/proventuss.eu\/sk\/produkt\/vi-pro-pneumatic-gun-600-ml\/#breadcrumb"},"inLanguage":"sk-SK","potentialAction":[{"@type":"ReadAction","target":["https:\/\/proventuss.eu\/sk\/produkt\/vi-pro-pneumatic-gun-600-ml\/"]}]},{"@type":"ImageObject","inLanguage":"sk-SK","@id":"https:\/\/proventuss.eu\/sk\/produkt\/vi-pro-pneumatic-gun-600-ml\/#primaryimage","url":"https:\/\/proventuss.eu\/wp-content\/uploads\/2022\/04\/Vi-Pro-Pneumatic-Gun-600-ml.png","contentUrl":"https:\/\/proventuss.eu\/wp-content\/uploads\/2022\/04\/Vi-Pro-Pneumatic-Gun-600-ml.png","width":1080,"height":1080,"caption":"Na zdj\u0119ciu Pistolet pneumatyczny do kie\u0142basek o obj\u0119to\u015bci 600 ml. Precyzyjna aplikacja, wysoka czu\u0142o\u015b\u0107, ergonomiczna r\u0119koje\u015b\u0107, wygodny chwyt. Kolor czarny."},{"@type":"BreadcrumbList","@id":"https:\/\/proventuss.eu\/sk\/produkt\/vi-pro-pneumatic-gun-600-ml\/#breadcrumb","itemListElement":[{"@type":"ListItem","position":1,"name":"Home","item":"https:\/\/proventuss.eu\/"},{"@type":"ListItem","position":2,"name":"Produkty","item":"https:\/\/proventuss.eu\/produkty\/"},{"@type":"ListItem","position":3,"name":"Vi-Pro\u00ae PNEUMATIC GUN 600 ML"}]},{"@type":"WebSite","@id":"https:\/\/proventuss.eu\/#website","url":"https:\/\/proventuss.eu\/","name":"Proventuss","description":"","potentialAction":[{"@type":"SearchAction","target":{"@type":"EntryPoint","urlTemplate":"https:\/\/proventuss.eu\/?s={search_term_string}"},"query-input":"required name=search_term_string"}],"inLanguage":"sk-SK"}]}},"_links":{"self":[{"href":"https:\/\/proventuss.eu\/sk\/wp-json\/wp\/v2\/product\/18085"}],"collection":[{"href":"https:\/\/proventuss.eu\/sk\/wp-json\/wp\/v2\/product"}],"about":[{"href":"https:\/\/proventuss.eu\/sk\/wp-json\/wp\/v2\/types\/product"}],"replies":[{"embeddable":true,"href":"https:\/\/proventuss.eu\/sk\/wp-json\/wp\/v2\/comments?post=18085"}],"wp:featuredmedia":[{"embeddable":true,"href":"https:\/\/proventuss.eu\/sk\/wp-json\/wp\/v2\/media\/7792"}],"wp:attachment":[{"href":"https:\/\/proventuss.eu\/sk\/wp-json\/wp\/v2\/media?parent=18085"}],"wp:term":[{"taxonomy":"product_cat","embeddable":true,"href":"https:\/\/proventuss.eu\/sk\/wp-json\/wp\/v2\/product_cat?post=18085"},{"taxonomy":"product_tag","embeddable":true,"href":"https:\/\/proventuss.eu\/sk\/wp-json\/wp\/v2\/product_tag?post=18085"}],"curies":[{"name":"wp","href":"https:\/\/api.w.org\/{rel}","templated":true}]}}