{"id":18050,"date":"2022-04-26T11:09:55","date_gmt":"2022-04-26T11:09:55","guid":{"rendered":"https:\/\/proventuss.eu\/produkt\/vi-pro-pneumatic-gun-310-600-ml\/"},"modified":"2024-10-22T10:23:13","modified_gmt":"2024-10-22T10:23:13","slug":"vi-pro-pneumatic-gun-310-600-ml","status":"publish","type":"product","link":"https:\/\/proventuss.eu\/sk\/produkt\/vi-pro-pneumatic-gun-310-600-ml\/","title":{"rendered":"Vi-Pro\u00ae PNEUMATIC GUN 310-600 ML"},"content":{"rendered":"<p>Lepidl\u00e1, silik\u00f3ny a tmely dok\u00e1\u017eeme nan\u00e1\u0161a\u0165 r\u00fdchlo a presne pomocou profesion\u00e1lneho pneumatick\u00e9ho stl\u00e1\u010da\u010da s regul\u00e1ciou tlaku Vi-Pro\u00ae Pneumatic Gun 310-600 ml. Univerz\u00e1lny \u017em\u00fdka\u010d v\u010faka pr\u00eddavn\u00e9mu prvku zais\u0165uje aplik\u00e1ciu hm\u00f4t balen\u00fdch v tzv klob\u00e1sa s objemom 600 ml (napr. lepidlo na pastu Vi-Pro\u00ae EPDM 903) a v kartu\u0161iach s objemom 310 ml.<\/p>\n<p>Charakteristick\u00e9 vlastnosti:<\/p>\n<ul>\n<li>pre 600 ml p\u00e1rky a 310 ml kartu\u0161e<\/li>\n<li>presn\u00e1 aplik\u00e1cia a vysok\u00e1 citlivos\u0165<\/li>\n<li>ergonomick\u00e1 rukov\u00e4\u0165, pohodln\u00e9 uchopenie<\/li>\n<li>reduktor zn\u00ed\u017een\u00e9ho tlaku<\/li>\n<li>integrovan\u00e1 hodnota vyb\u00edjania (bez kvapkania)<\/li>\n<li>pneumatick\u00fd n\u00e1vrat<\/li>\n<li>hladina hluku &#8211; &lt;80 dB<\/li>\n<li>celkov\u00e1 d\u013a\u017eka &#8211; 400 mm<\/li>\n<li>\u010dist\u00e1 hmotnos\u0165 &#8211; 1 252 g<\/li>\n<li>pracovn\u00fd tlak 0-10 bar<\/li>\n<li>maxim\u00e1lna sila &#8211; 200 Kgf (10 bar &#8211; 145 PSI) &#8211; 1 961 kN<\/li>\n<li>pr\u00edpojka &#8211; 1\/4 samec plyn<\/li>\n<\/ul>\n<p>Balenie: 1 ks v kart\u00f3ne.<\/p>\n","protected":false},"excerpt":{"rendered":"<p>Lepidl\u00e1, silik\u00f3ny a tmely dok\u00e1\u017eeme nan\u00e1\u0161a\u0165 r\u00fdchlo a presne pomocou profesion\u00e1lneho pneumatick\u00e9ho stl\u00e1\u010da\u010da s regul\u00e1ciou tlaku Vi-Pro\u00ae Pneumatic Gun 310-600 ml. Univerz\u00e1lny \u017em\u00fdka\u010d v\u010faka pr\u00eddavn\u00e9mu prvku zais\u0165uje aplik\u00e1ciu hm\u00f4t balen\u00fdch v tzv klob\u00e1sa s objemom 600 ml (napr. lepidlo na pastu Vi-Pro\u00ae EPDM 903) a v kartu\u0161iach s objemom 310 ml. Charakteristick\u00e9 vlastnosti: pre 600 [&hellip;]<\/p>\n","protected":false},"featured_media":7691,"comment_status":"open","ping_status":"closed","template":"","meta":{"_acf_changed":false},"product_cat":[461],"product_tag":[],"acf":[],"yoast_head":"<!-- This site is optimized with the Yoast SEO plugin v22.9 - https:\/\/yoast.com\/wordpress\/plugins\/seo\/ -->\n<title>Vi-Pro\u00ae PNEUMATIC GUN 310-600 ML - Proventuss<\/title>\n<meta name=\"robots\" content=\"index, follow, max-snippet:-1, max-image-preview:large, max-video-preview:-1\" \/>\n<link rel=\"canonical\" href=\"https:\/\/proventuss.eu\/sk\/produkt\/vi-pro-pneumatic-gun-310-600-ml\/\" \/>\n<meta property=\"og:locale\" content=\"sk_SK\" \/>\n<meta property=\"og:type\" content=\"article\" \/>\n<meta property=\"og:title\" content=\"Vi-Pro\u00ae PNEUMATIC GUN 310-600 ML - Proventuss\" \/>\n<meta property=\"og:description\" content=\"Lepidl\u00e1, silik\u00f3ny a tmely dok\u00e1\u017eeme nan\u00e1\u0161a\u0165 r\u00fdchlo a presne pomocou profesion\u00e1lneho pneumatick\u00e9ho stl\u00e1\u010da\u010da s regul\u00e1ciou tlaku Vi-Pro\u00ae Pneumatic Gun 310-600 ml. Univerz\u00e1lny \u017em\u00fdka\u010d v\u010faka pr\u00eddavn\u00e9mu prvku zais\u0165uje aplik\u00e1ciu hm\u00f4t balen\u00fdch v tzv klob\u00e1sa s objemom 600 ml (napr. lepidlo na pastu Vi-Pro\u00ae EPDM 903) a v kartu\u0161iach s objemom 310 ml. Charakteristick\u00e9 vlastnosti: pre 600 [&hellip;]\" \/>\n<meta property=\"og:url\" content=\"https:\/\/proventuss.eu\/sk\/produkt\/vi-pro-pneumatic-gun-310-600-ml\/\" \/>\n<meta property=\"og:site_name\" content=\"Proventuss\" \/>\n<meta property=\"article:modified_time\" content=\"2024-10-22T10:23:13+00:00\" \/>\n<meta property=\"og:image\" content=\"https:\/\/proventuss.eu\/wp-content\/uploads\/2022\/04\/Vi-Pro-Pneumatic-Gun-310-600-ml.png\" \/>\n\t<meta property=\"og:image:width\" content=\"768\" \/>\n\t<meta property=\"og:image:height\" content=\"768\" \/>\n\t<meta property=\"og:image:type\" content=\"image\/png\" \/>\n<meta name=\"twitter:card\" content=\"summary_large_image\" \/>\n<meta name=\"twitter:label1\" content=\"Predpokladan\u00fd \u010das \u010d\u00edtania\" \/>\n\t<meta name=\"twitter:data1\" content=\"1 min\u00fata\" \/>\n<script type=\"application\/ld+json\" class=\"yoast-schema-graph\">{\"@context\":\"https:\/\/schema.org\",\"@graph\":[{\"@type\":\"WebPage\",\"@id\":\"https:\/\/proventuss.eu\/sk\/produkt\/vi-pro-pneumatic-gun-310-600-ml\/\",\"url\":\"https:\/\/proventuss.eu\/sk\/produkt\/vi-pro-pneumatic-gun-310-600-ml\/\",\"name\":\"Vi-Pro\u00ae PNEUMATIC GUN 310-600 ML - Proventuss\",\"isPartOf\":{\"@id\":\"https:\/\/proventuss.eu\/#website\"},\"primaryImageOfPage\":{\"@id\":\"https:\/\/proventuss.eu\/sk\/produkt\/vi-pro-pneumatic-gun-310-600-ml\/#primaryimage\"},\"image\":{\"@id\":\"https:\/\/proventuss.eu\/sk\/produkt\/vi-pro-pneumatic-gun-310-600-ml\/#primaryimage\"},\"thumbnailUrl\":\"https:\/\/proventuss.eu\/wp-content\/uploads\/2022\/04\/Vi-Pro-Pneumatic-Gun-310-600-ml.png\",\"datePublished\":\"2022-04-26T11:09:55+00:00\",\"dateModified\":\"2024-10-22T10:23:13+00:00\",\"breadcrumb\":{\"@id\":\"https:\/\/proventuss.eu\/sk\/produkt\/vi-pro-pneumatic-gun-310-600-ml\/#breadcrumb\"},\"inLanguage\":\"sk-SK\",\"potentialAction\":[{\"@type\":\"ReadAction\",\"target\":[\"https:\/\/proventuss.eu\/sk\/produkt\/vi-pro-pneumatic-gun-310-600-ml\/\"]}]},{\"@type\":\"ImageObject\",\"inLanguage\":\"sk-SK\",\"@id\":\"https:\/\/proventuss.eu\/sk\/produkt\/vi-pro-pneumatic-gun-310-600-ml\/#primaryimage\",\"url\":\"https:\/\/proventuss.eu\/wp-content\/uploads\/2022\/04\/Vi-Pro-Pneumatic-Gun-310-600-ml.png\",\"contentUrl\":\"https:\/\/proventuss.eu\/wp-content\/uploads\/2022\/04\/Vi-Pro-Pneumatic-Gun-310-600-ml.png\",\"width\":768,\"height\":768,\"caption\":\"Na zdj\u0119ciu Pistolet pneumatyczny do kie\u0142basek 600 ml i kartuszy 310 ml. Precyzyjna aplikacja i wysoka czu\u0142o\u015b\u0107. Ergonomiczna r\u0119koje\u015b\u0107, wygodny chwyt. Kolor czarny.\"},{\"@type\":\"BreadcrumbList\",\"@id\":\"https:\/\/proventuss.eu\/sk\/produkt\/vi-pro-pneumatic-gun-310-600-ml\/#breadcrumb\",\"itemListElement\":[{\"@type\":\"ListItem\",\"position\":1,\"name\":\"Home\",\"item\":\"https:\/\/proventuss.eu\/\"},{\"@type\":\"ListItem\",\"position\":2,\"name\":\"Produkty\",\"item\":\"https:\/\/proventuss.eu\/produkty\/\"},{\"@type\":\"ListItem\",\"position\":3,\"name\":\"Vi-Pro\u00ae PNEUMATIC GUN 310-600 ML\"}]},{\"@type\":\"WebSite\",\"@id\":\"https:\/\/proventuss.eu\/#website\",\"url\":\"https:\/\/proventuss.eu\/\",\"name\":\"Proventuss\",\"description\":\"\",\"potentialAction\":[{\"@type\":\"SearchAction\",\"target\":{\"@type\":\"EntryPoint\",\"urlTemplate\":\"https:\/\/proventuss.eu\/?s={search_term_string}\"},\"query-input\":\"required name=search_term_string\"}],\"inLanguage\":\"sk-SK\"}]}<\/script>\n<!-- \/ Yoast SEO plugin. -->","yoast_head_json":{"title":"Vi-Pro\u00ae PNEUMATIC GUN 310-600 ML - Proventuss","robots":{"index":"index","follow":"follow","max-snippet":"max-snippet:-1","max-image-preview":"max-image-preview:large","max-video-preview":"max-video-preview:-1"},"canonical":"https:\/\/proventuss.eu\/sk\/produkt\/vi-pro-pneumatic-gun-310-600-ml\/","og_locale":"sk_SK","og_type":"article","og_title":"Vi-Pro\u00ae PNEUMATIC GUN 310-600 ML - Proventuss","og_description":"Lepidl\u00e1, silik\u00f3ny a tmely dok\u00e1\u017eeme nan\u00e1\u0161a\u0165 r\u00fdchlo a presne pomocou profesion\u00e1lneho pneumatick\u00e9ho stl\u00e1\u010da\u010da s regul\u00e1ciou tlaku Vi-Pro\u00ae Pneumatic Gun 310-600 ml. Univerz\u00e1lny \u017em\u00fdka\u010d v\u010faka pr\u00eddavn\u00e9mu prvku zais\u0165uje aplik\u00e1ciu hm\u00f4t balen\u00fdch v tzv klob\u00e1sa s objemom 600 ml (napr. lepidlo na pastu Vi-Pro\u00ae EPDM 903) a v kartu\u0161iach s objemom 310 ml. Charakteristick\u00e9 vlastnosti: pre 600 [&hellip;]","og_url":"https:\/\/proventuss.eu\/sk\/produkt\/vi-pro-pneumatic-gun-310-600-ml\/","og_site_name":"Proventuss","article_modified_time":"2024-10-22T10:23:13+00:00","og_image":[{"width":768,"height":768,"url":"https:\/\/proventuss.eu\/wp-content\/uploads\/2022\/04\/Vi-Pro-Pneumatic-Gun-310-600-ml.png","type":"image\/png"}],"twitter_card":"summary_large_image","twitter_misc":{"Predpokladan\u00fd \u010das \u010d\u00edtania":"1 min\u00fata"},"schema":{"@context":"https:\/\/schema.org","@graph":[{"@type":"WebPage","@id":"https:\/\/proventuss.eu\/sk\/produkt\/vi-pro-pneumatic-gun-310-600-ml\/","url":"https:\/\/proventuss.eu\/sk\/produkt\/vi-pro-pneumatic-gun-310-600-ml\/","name":"Vi-Pro\u00ae PNEUMATIC GUN 310-600 ML - Proventuss","isPartOf":{"@id":"https:\/\/proventuss.eu\/#website"},"primaryImageOfPage":{"@id":"https:\/\/proventuss.eu\/sk\/produkt\/vi-pro-pneumatic-gun-310-600-ml\/#primaryimage"},"image":{"@id":"https:\/\/proventuss.eu\/sk\/produkt\/vi-pro-pneumatic-gun-310-600-ml\/#primaryimage"},"thumbnailUrl":"https:\/\/proventuss.eu\/wp-content\/uploads\/2022\/04\/Vi-Pro-Pneumatic-Gun-310-600-ml.png","datePublished":"2022-04-26T11:09:55+00:00","dateModified":"2024-10-22T10:23:13+00:00","breadcrumb":{"@id":"https:\/\/proventuss.eu\/sk\/produkt\/vi-pro-pneumatic-gun-310-600-ml\/#breadcrumb"},"inLanguage":"sk-SK","potentialAction":[{"@type":"ReadAction","target":["https:\/\/proventuss.eu\/sk\/produkt\/vi-pro-pneumatic-gun-310-600-ml\/"]}]},{"@type":"ImageObject","inLanguage":"sk-SK","@id":"https:\/\/proventuss.eu\/sk\/produkt\/vi-pro-pneumatic-gun-310-600-ml\/#primaryimage","url":"https:\/\/proventuss.eu\/wp-content\/uploads\/2022\/04\/Vi-Pro-Pneumatic-Gun-310-600-ml.png","contentUrl":"https:\/\/proventuss.eu\/wp-content\/uploads\/2022\/04\/Vi-Pro-Pneumatic-Gun-310-600-ml.png","width":768,"height":768,"caption":"Na zdj\u0119ciu Pistolet pneumatyczny do kie\u0142basek 600 ml i kartuszy 310 ml. Precyzyjna aplikacja i wysoka czu\u0142o\u015b\u0107. Ergonomiczna r\u0119koje\u015b\u0107, wygodny chwyt. Kolor czarny."},{"@type":"BreadcrumbList","@id":"https:\/\/proventuss.eu\/sk\/produkt\/vi-pro-pneumatic-gun-310-600-ml\/#breadcrumb","itemListElement":[{"@type":"ListItem","position":1,"name":"Home","item":"https:\/\/proventuss.eu\/"},{"@type":"ListItem","position":2,"name":"Produkty","item":"https:\/\/proventuss.eu\/produkty\/"},{"@type":"ListItem","position":3,"name":"Vi-Pro\u00ae PNEUMATIC GUN 310-600 ML"}]},{"@type":"WebSite","@id":"https:\/\/proventuss.eu\/#website","url":"https:\/\/proventuss.eu\/","name":"Proventuss","description":"","potentialAction":[{"@type":"SearchAction","target":{"@type":"EntryPoint","urlTemplate":"https:\/\/proventuss.eu\/?s={search_term_string}"},"query-input":"required name=search_term_string"}],"inLanguage":"sk-SK"}]}},"_links":{"self":[{"href":"https:\/\/proventuss.eu\/sk\/wp-json\/wp\/v2\/product\/18050"}],"collection":[{"href":"https:\/\/proventuss.eu\/sk\/wp-json\/wp\/v2\/product"}],"about":[{"href":"https:\/\/proventuss.eu\/sk\/wp-json\/wp\/v2\/types\/product"}],"replies":[{"embeddable":true,"href":"https:\/\/proventuss.eu\/sk\/wp-json\/wp\/v2\/comments?post=18050"}],"wp:featuredmedia":[{"embeddable":true,"href":"https:\/\/proventuss.eu\/sk\/wp-json\/wp\/v2\/media\/7691"}],"wp:attachment":[{"href":"https:\/\/proventuss.eu\/sk\/wp-json\/wp\/v2\/media?parent=18050"}],"wp:term":[{"taxonomy":"product_cat","embeddable":true,"href":"https:\/\/proventuss.eu\/sk\/wp-json\/wp\/v2\/product_cat?post=18050"},{"taxonomy":"product_tag","embeddable":true,"href":"https:\/\/proventuss.eu\/sk\/wp-json\/wp\/v2\/product_tag?post=18050"}],"curies":[{"name":"wp","href":"https:\/\/api.w.org\/{rel}","templated":true}]}}