{"id":18044,"date":"2023-06-07T10:34:10","date_gmt":"2023-06-07T10:34:10","guid":{"rendered":"https:\/\/proventuss.eu\/produkt\/vi-pro-pneumatic-gun-for-993\/"},"modified":"2024-10-22T12:27:12","modified_gmt":"2024-10-22T12:27:12","slug":"vi-pro-pneumatic-gun-for-993","status":"publish","type":"product","link":"https:\/\/proventuss.eu\/sk\/produkt\/vi-pro-pneumatic-gun-for-993\/","title":{"rendered":"Vi-Pro\u00ae PNEUMATIC GUN FOR 993"},"content":{"rendered":"<p>Profesion\u00e1lny pneumatick\u00fd aplik\u00e1tor na vytl\u00e1\u010danie v\u0161etk\u00fdch typov vysokovisk\u00f3znych produktov a chemick\u00fdch m\u00e1lt, balen\u00e9 ved\u013ea seba v 490 ml kartu\u0161i v pomere 10:1.<\/p>\n<p>Charakteristick\u00e9 vlastnosti:<\/p>\n<ul>\n<li>\u010cist\u00e1 hmotnos\u0165 &#8211; 3,650 kg<\/li>\n<li>Pracovn\u00fd tlak &#8211; 0-10 bar<\/li>\n<li>Celkov\u00e1 d\u013a\u017eka &#8211; 520 mm<\/li>\n<li>Maxim\u00e1lna sila \u2013 380 Kgf (10 bar \u2013 145 PSI) \u2013 3,72 kN<\/li>\n<li>Pripojenie &#8211; \u00bc samca plyn<\/li>\n<li>Hladina hluku &#8211; &lt;80dBA<\/li>\n<li>Integrovan\u00fd reduk\u010dn\u00fd ventil<\/li>\n<li>Integrovan\u00e1 hodnota v\u00fdpisu<\/li>\n<li>Pneumatick\u00fd n\u00e1vrat.<\/li>\n<\/ul>\n<p>Balenie:\u00a01 ks v kart\u00f3ne.<\/p>\n","protected":false},"excerpt":{"rendered":"<p>Profesion\u00e1lny pneumatick\u00fd aplik\u00e1tor na vytl\u00e1\u010danie v\u0161etk\u00fdch typov vysokovisk\u00f3znych produktov a chemick\u00fdch m\u00e1lt, balen\u00e9 ved\u013ea seba v 490 ml kartu\u0161i v pomere 10:1. Charakteristick\u00e9 vlastnosti: \u010cist\u00e1 hmotnos\u0165 &#8211; 3,650 kg Pracovn\u00fd tlak &#8211; 0-10 bar Celkov\u00e1 d\u013a\u017eka &#8211; 520 mm Maxim\u00e1lna sila \u2013 380 Kgf (10 bar \u2013 145 PSI) \u2013 3,72 kN Pripojenie &#8211; \u00bc [&hellip;]<\/p>\n","protected":false},"featured_media":19869,"comment_status":"open","ping_status":"closed","template":"","meta":{"_acf_changed":false},"product_cat":[461],"product_tag":[],"acf":[],"yoast_head":"<!-- This site is optimized with the Yoast SEO plugin v22.9 - https:\/\/yoast.com\/wordpress\/plugins\/seo\/ -->\n<title>Vi-Pro\u00ae PNEUMATIC GUN FOR 993 - Proventuss<\/title>\n<meta name=\"robots\" content=\"index, follow, max-snippet:-1, max-image-preview:large, max-video-preview:-1\" \/>\n<link rel=\"canonical\" href=\"https:\/\/proventuss.eu\/sk\/produkt\/vi-pro-pneumatic-gun-for-993\/\" \/>\n<meta property=\"og:locale\" content=\"sk_SK\" \/>\n<meta property=\"og:type\" content=\"article\" \/>\n<meta property=\"og:title\" content=\"Vi-Pro\u00ae PNEUMATIC GUN FOR 993 - Proventuss\" \/>\n<meta property=\"og:description\" content=\"Profesion\u00e1lny pneumatick\u00fd aplik\u00e1tor na vytl\u00e1\u010danie v\u0161etk\u00fdch typov vysokovisk\u00f3znych produktov a chemick\u00fdch m\u00e1lt, balen\u00e9 ved\u013ea seba v 490 ml kartu\u0161i v pomere 10:1. Charakteristick\u00e9 vlastnosti: \u010cist\u00e1 hmotnos\u0165 &#8211; 3,650 kg Pracovn\u00fd tlak &#8211; 0-10 bar Celkov\u00e1 d\u013a\u017eka &#8211; 520 mm Maxim\u00e1lna sila \u2013 380 Kgf (10 bar \u2013 145 PSI) \u2013 3,72 kN Pripojenie &#8211; \u00bc [&hellip;]\" \/>\n<meta property=\"og:url\" content=\"https:\/\/proventuss.eu\/sk\/produkt\/vi-pro-pneumatic-gun-for-993\/\" \/>\n<meta property=\"og:site_name\" content=\"Proventuss\" \/>\n<meta property=\"article:modified_time\" content=\"2024-10-22T12:27:12+00:00\" \/>\n<meta property=\"og:image\" content=\"https:\/\/proventuss.eu\/wp-content\/uploads\/2023\/06\/MG_7143a1-z-logoM.jpg\" \/>\n\t<meta property=\"og:image:width\" content=\"1500\" \/>\n\t<meta property=\"og:image:height\" content=\"1149\" \/>\n\t<meta property=\"og:image:type\" content=\"image\/jpeg\" \/>\n<meta name=\"twitter:card\" content=\"summary_large_image\" \/>\n<meta name=\"twitter:label1\" content=\"Predpokladan\u00fd \u010das \u010d\u00edtania\" \/>\n\t<meta name=\"twitter:data1\" content=\"1 min\u00fata\" \/>\n<script type=\"application\/ld+json\" class=\"yoast-schema-graph\">{\"@context\":\"https:\/\/schema.org\",\"@graph\":[{\"@type\":\"WebPage\",\"@id\":\"https:\/\/proventuss.eu\/sk\/produkt\/vi-pro-pneumatic-gun-for-993\/\",\"url\":\"https:\/\/proventuss.eu\/sk\/produkt\/vi-pro-pneumatic-gun-for-993\/\",\"name\":\"Vi-Pro\u00ae PNEUMATIC GUN FOR 993 - Proventuss\",\"isPartOf\":{\"@id\":\"https:\/\/proventuss.eu\/#website\"},\"primaryImageOfPage\":{\"@id\":\"https:\/\/proventuss.eu\/sk\/produkt\/vi-pro-pneumatic-gun-for-993\/#primaryimage\"},\"image\":{\"@id\":\"https:\/\/proventuss.eu\/sk\/produkt\/vi-pro-pneumatic-gun-for-993\/#primaryimage\"},\"thumbnailUrl\":\"https:\/\/proventuss.eu\/wp-content\/uploads\/2023\/06\/Pistolet-pneumatyczny-do-arkuszy-dualnych-nowy-2.png\",\"datePublished\":\"2023-06-07T10:34:10+00:00\",\"dateModified\":\"2024-10-22T12:27:12+00:00\",\"breadcrumb\":{\"@id\":\"https:\/\/proventuss.eu\/sk\/produkt\/vi-pro-pneumatic-gun-for-993\/#breadcrumb\"},\"inLanguage\":\"sk-SK\",\"potentialAction\":[{\"@type\":\"ReadAction\",\"target\":[\"https:\/\/proventuss.eu\/sk\/produkt\/vi-pro-pneumatic-gun-for-993\/\"]}]},{\"@type\":\"ImageObject\",\"inLanguage\":\"sk-SK\",\"@id\":\"https:\/\/proventuss.eu\/sk\/produkt\/vi-pro-pneumatic-gun-for-993\/#primaryimage\",\"url\":\"https:\/\/proventuss.eu\/wp-content\/uploads\/2023\/06\/Pistolet-pneumatyczny-do-arkuszy-dualnych-nowy-2.png\",\"contentUrl\":\"https:\/\/proventuss.eu\/wp-content\/uploads\/2023\/06\/Pistolet-pneumatyczny-do-arkuszy-dualnych-nowy-2.png\",\"width\":6144,\"height\":4608},{\"@type\":\"BreadcrumbList\",\"@id\":\"https:\/\/proventuss.eu\/sk\/produkt\/vi-pro-pneumatic-gun-for-993\/#breadcrumb\",\"itemListElement\":[{\"@type\":\"ListItem\",\"position\":1,\"name\":\"Home\",\"item\":\"https:\/\/proventuss.eu\/\"},{\"@type\":\"ListItem\",\"position\":2,\"name\":\"Produkty\",\"item\":\"https:\/\/proventuss.eu\/produkty\/\"},{\"@type\":\"ListItem\",\"position\":3,\"name\":\"Vi-Pro\u00ae PNEUMATIC GUN FOR 993\"}]},{\"@type\":\"WebSite\",\"@id\":\"https:\/\/proventuss.eu\/#website\",\"url\":\"https:\/\/proventuss.eu\/\",\"name\":\"Proventuss\",\"description\":\"\",\"potentialAction\":[{\"@type\":\"SearchAction\",\"target\":{\"@type\":\"EntryPoint\",\"urlTemplate\":\"https:\/\/proventuss.eu\/?s={search_term_string}\"},\"query-input\":\"required name=search_term_string\"}],\"inLanguage\":\"sk-SK\"}]}<\/script>\n<!-- \/ Yoast SEO plugin. -->","yoast_head_json":{"title":"Vi-Pro\u00ae PNEUMATIC GUN FOR 993 - Proventuss","robots":{"index":"index","follow":"follow","max-snippet":"max-snippet:-1","max-image-preview":"max-image-preview:large","max-video-preview":"max-video-preview:-1"},"canonical":"https:\/\/proventuss.eu\/sk\/produkt\/vi-pro-pneumatic-gun-for-993\/","og_locale":"sk_SK","og_type":"article","og_title":"Vi-Pro\u00ae PNEUMATIC GUN FOR 993 - Proventuss","og_description":"Profesion\u00e1lny pneumatick\u00fd aplik\u00e1tor na vytl\u00e1\u010danie v\u0161etk\u00fdch typov vysokovisk\u00f3znych produktov a chemick\u00fdch m\u00e1lt, balen\u00e9 ved\u013ea seba v 490 ml kartu\u0161i v pomere 10:1. Charakteristick\u00e9 vlastnosti: \u010cist\u00e1 hmotnos\u0165 &#8211; 3,650 kg Pracovn\u00fd tlak &#8211; 0-10 bar Celkov\u00e1 d\u013a\u017eka &#8211; 520 mm Maxim\u00e1lna sila \u2013 380 Kgf (10 bar \u2013 145 PSI) \u2013 3,72 kN Pripojenie &#8211; \u00bc [&hellip;]","og_url":"https:\/\/proventuss.eu\/sk\/produkt\/vi-pro-pneumatic-gun-for-993\/","og_site_name":"Proventuss","article_modified_time":"2024-10-22T12:27:12+00:00","og_image":[{"width":1500,"height":1149,"url":"https:\/\/proventuss.eu\/wp-content\/uploads\/2023\/06\/MG_7143a1-z-logoM.jpg","type":"image\/jpeg"}],"twitter_card":"summary_large_image","twitter_misc":{"Predpokladan\u00fd \u010das \u010d\u00edtania":"1 min\u00fata"},"schema":{"@context":"https:\/\/schema.org","@graph":[{"@type":"WebPage","@id":"https:\/\/proventuss.eu\/sk\/produkt\/vi-pro-pneumatic-gun-for-993\/","url":"https:\/\/proventuss.eu\/sk\/produkt\/vi-pro-pneumatic-gun-for-993\/","name":"Vi-Pro\u00ae PNEUMATIC GUN FOR 993 - Proventuss","isPartOf":{"@id":"https:\/\/proventuss.eu\/#website"},"primaryImageOfPage":{"@id":"https:\/\/proventuss.eu\/sk\/produkt\/vi-pro-pneumatic-gun-for-993\/#primaryimage"},"image":{"@id":"https:\/\/proventuss.eu\/sk\/produkt\/vi-pro-pneumatic-gun-for-993\/#primaryimage"},"thumbnailUrl":"https:\/\/proventuss.eu\/wp-content\/uploads\/2023\/06\/Pistolet-pneumatyczny-do-arkuszy-dualnych-nowy-2.png","datePublished":"2023-06-07T10:34:10+00:00","dateModified":"2024-10-22T12:27:12+00:00","breadcrumb":{"@id":"https:\/\/proventuss.eu\/sk\/produkt\/vi-pro-pneumatic-gun-for-993\/#breadcrumb"},"inLanguage":"sk-SK","potentialAction":[{"@type":"ReadAction","target":["https:\/\/proventuss.eu\/sk\/produkt\/vi-pro-pneumatic-gun-for-993\/"]}]},{"@type":"ImageObject","inLanguage":"sk-SK","@id":"https:\/\/proventuss.eu\/sk\/produkt\/vi-pro-pneumatic-gun-for-993\/#primaryimage","url":"https:\/\/proventuss.eu\/wp-content\/uploads\/2023\/06\/Pistolet-pneumatyczny-do-arkuszy-dualnych-nowy-2.png","contentUrl":"https:\/\/proventuss.eu\/wp-content\/uploads\/2023\/06\/Pistolet-pneumatyczny-do-arkuszy-dualnych-nowy-2.png","width":6144,"height":4608},{"@type":"BreadcrumbList","@id":"https:\/\/proventuss.eu\/sk\/produkt\/vi-pro-pneumatic-gun-for-993\/#breadcrumb","itemListElement":[{"@type":"ListItem","position":1,"name":"Home","item":"https:\/\/proventuss.eu\/"},{"@type":"ListItem","position":2,"name":"Produkty","item":"https:\/\/proventuss.eu\/produkty\/"},{"@type":"ListItem","position":3,"name":"Vi-Pro\u00ae PNEUMATIC GUN FOR 993"}]},{"@type":"WebSite","@id":"https:\/\/proventuss.eu\/#website","url":"https:\/\/proventuss.eu\/","name":"Proventuss","description":"","potentialAction":[{"@type":"SearchAction","target":{"@type":"EntryPoint","urlTemplate":"https:\/\/proventuss.eu\/?s={search_term_string}"},"query-input":"required name=search_term_string"}],"inLanguage":"sk-SK"}]}},"_links":{"self":[{"href":"https:\/\/proventuss.eu\/sk\/wp-json\/wp\/v2\/product\/18044"}],"collection":[{"href":"https:\/\/proventuss.eu\/sk\/wp-json\/wp\/v2\/product"}],"about":[{"href":"https:\/\/proventuss.eu\/sk\/wp-json\/wp\/v2\/types\/product"}],"replies":[{"embeddable":true,"href":"https:\/\/proventuss.eu\/sk\/wp-json\/wp\/v2\/comments?post=18044"}],"wp:featuredmedia":[{"embeddable":true,"href":"https:\/\/proventuss.eu\/sk\/wp-json\/wp\/v2\/media\/19869"}],"wp:attachment":[{"href":"https:\/\/proventuss.eu\/sk\/wp-json\/wp\/v2\/media?parent=18044"}],"wp:term":[{"taxonomy":"product_cat","embeddable":true,"href":"https:\/\/proventuss.eu\/sk\/wp-json\/wp\/v2\/product_cat?post=18044"},{"taxonomy":"product_tag","embeddable":true,"href":"https:\/\/proventuss.eu\/sk\/wp-json\/wp\/v2\/product_tag?post=18044"}],"curies":[{"name":"wp","href":"https:\/\/api.w.org\/{rel}","templated":true}]}}