{"id":17829,"date":"2024-10-22T07:49:13","date_gmt":"2024-10-22T07:49:13","guid":{"rendered":"https:\/\/proventuss.eu\/produkt\/vi-pro-manual-gun-2k-11-ms-400ml\/"},"modified":"2024-10-22T08:01:11","modified_gmt":"2024-10-22T08:01:11","slug":"vi-pro-manual-gun-2k-11-ms-400ml","status":"publish","type":"product","link":"https:\/\/proventuss.eu\/sk\/produkt\/vi-pro-manual-gun-2k-11-ms-400ml\/","title":{"rendered":"Vi-Pro\u00ae MANUAL GUN 2K (1:1 MS), 400ML"},"content":{"rendered":"<p>Profesion\u00e1lny aplik\u00e1tor s hlin\u00edkov\u00fdm telom. P\u00e1ka z liatej ocele. Rukov\u00e4\u0165 potiahnut\u00e1 PVC a tla\u010didlo na uvo\u013enenie ty\u010de. Tla\u010didlo uvo\u013enenia ty\u010de z tlakovo liateho hlin\u00edka a gomb\u00edk na zatiahnutie ty\u010de. Na pou\u017eitie lepidiel a tmelov so strednou\/vysokou viskozitou v dvojzlo\u017ekov\u00fdch kartu\u0161iach ved\u013ea seba.<\/p>\n<p>Charakteristick\u00e9 vlastnosti:<\/p>\n<ul>\n<li>\u010cist\u00e1 hmotnos\u0165 &#8211; 988 g<\/li>\n<li>Spojka &#8211; tvrden\u00e1 dvojdielna<\/li>\n<li>Pusher &#8211; vysoko uhl\u00edkov\u00e1 oce\u013e<\/li>\n<li>Maxim\u00e1lna sila &#8211; 450 Kgf \u2013 4,4 kN<\/li>\n<li>Pomer \u0165ahu &#8211; 24:1<\/li>\n<li>Pokrok\/zdvih &#8211; 3,5 mm<\/li>\n<\/ul>\n<p>Balenie: 1 ks v kart\u00f3ne.<\/p>\n","protected":false},"excerpt":{"rendered":"<p>Profesion\u00e1lny aplik\u00e1tor s hlin\u00edkov\u00fdm telom. P\u00e1ka z liatej ocele. Rukov\u00e4\u0165 potiahnut\u00e1 PVC a tla\u010didlo na uvo\u013enenie ty\u010de. Tla\u010didlo uvo\u013enenia ty\u010de z tlakovo liateho hlin\u00edka a gomb\u00edk na zatiahnutie ty\u010de. Na pou\u017eitie lepidiel a tmelov so strednou\/vysokou viskozitou v dvojzlo\u017ekov\u00fdch kartu\u0161iach ved\u013ea seba. Charakteristick\u00e9 vlastnosti: \u010cist\u00e1 hmotnos\u0165 &#8211; 988 g Spojka &#8211; tvrden\u00e1 dvojdielna Pusher &#8211; [&hellip;]<\/p>\n","protected":false},"featured_media":17826,"comment_status":"open","ping_status":"closed","template":"","meta":{"_acf_changed":false},"product_cat":[461],"product_tag":[],"acf":[],"yoast_head":"<!-- This site is optimized with the Yoast SEO plugin v22.9 - https:\/\/yoast.com\/wordpress\/plugins\/seo\/ -->\n<title>Vi-Pro\u00ae MANUAL GUN 2K (1:1 MS), 400ML - Proventuss<\/title>\n<meta name=\"robots\" content=\"index, follow, max-snippet:-1, max-image-preview:large, max-video-preview:-1\" \/>\n<link rel=\"canonical\" href=\"https:\/\/proventuss.eu\/sk\/produkt\/vi-pro-manual-gun-2k-11-ms-400ml\/\" \/>\n<meta property=\"og:locale\" content=\"sk_SK\" \/>\n<meta property=\"og:type\" content=\"article\" \/>\n<meta property=\"og:title\" content=\"Vi-Pro\u00ae MANUAL GUN 2K (1:1 MS), 400ML - Proventuss\" \/>\n<meta property=\"og:description\" content=\"Profesion\u00e1lny aplik\u00e1tor s hlin\u00edkov\u00fdm telom. P\u00e1ka z liatej ocele. Rukov\u00e4\u0165 potiahnut\u00e1 PVC a tla\u010didlo na uvo\u013enenie ty\u010de. Tla\u010didlo uvo\u013enenia ty\u010de z tlakovo liateho hlin\u00edka a gomb\u00edk na zatiahnutie ty\u010de. Na pou\u017eitie lepidiel a tmelov so strednou\/vysokou viskozitou v dvojzlo\u017ekov\u00fdch kartu\u0161iach ved\u013ea seba. Charakteristick\u00e9 vlastnosti: \u010cist\u00e1 hmotnos\u0165 &#8211; 988 g Spojka &#8211; tvrden\u00e1 dvojdielna Pusher &#8211; [&hellip;]\" \/>\n<meta property=\"og:url\" content=\"https:\/\/proventuss.eu\/sk\/produkt\/vi-pro-manual-gun-2k-11-ms-400ml\/\" \/>\n<meta property=\"og:site_name\" content=\"Proventuss\" \/>\n<meta property=\"article:modified_time\" content=\"2024-10-22T08:01:11+00:00\" \/>\n<meta property=\"og:image\" content=\"https:\/\/proventuss.eu\/wp-content\/uploads\/2024\/10\/Vi-Pro\u00ae-MANUAL-GUN-2K-11-MS-400ML-scaled-e1729583141730.jpg\" \/>\n\t<meta property=\"og:image:width\" content=\"2560\" \/>\n\t<meta property=\"og:image:height\" content=\"1707\" \/>\n\t<meta property=\"og:image:type\" content=\"image\/jpeg\" \/>\n<meta name=\"twitter:card\" content=\"summary_large_image\" \/>\n<meta name=\"twitter:label1\" content=\"Predpokladan\u00fd \u010das \u010d\u00edtania\" \/>\n\t<meta name=\"twitter:data1\" content=\"1 min\u00fata\" \/>\n<script type=\"application\/ld+json\" class=\"yoast-schema-graph\">{\"@context\":\"https:\/\/schema.org\",\"@graph\":[{\"@type\":\"WebPage\",\"@id\":\"https:\/\/proventuss.eu\/sk\/produkt\/vi-pro-manual-gun-2k-11-ms-400ml\/\",\"url\":\"https:\/\/proventuss.eu\/sk\/produkt\/vi-pro-manual-gun-2k-11-ms-400ml\/\",\"name\":\"Vi-Pro\u00ae MANUAL GUN 2K (1:1 MS), 400ML - Proventuss\",\"isPartOf\":{\"@id\":\"https:\/\/proventuss.eu\/#website\"},\"primaryImageOfPage\":{\"@id\":\"https:\/\/proventuss.eu\/sk\/produkt\/vi-pro-manual-gun-2k-11-ms-400ml\/#primaryimage\"},\"image\":{\"@id\":\"https:\/\/proventuss.eu\/sk\/produkt\/vi-pro-manual-gun-2k-11-ms-400ml\/#primaryimage\"},\"thumbnailUrl\":\"https:\/\/proventuss.eu\/wp-content\/uploads\/2024\/10\/Vi-Pro\u00ae-MANUAL-GUN-2K-11-MS-400ML-scaled-e1729583141730.jpg\",\"datePublished\":\"2024-10-22T07:49:13+00:00\",\"dateModified\":\"2024-10-22T08:01:11+00:00\",\"breadcrumb\":{\"@id\":\"https:\/\/proventuss.eu\/sk\/produkt\/vi-pro-manual-gun-2k-11-ms-400ml\/#breadcrumb\"},\"inLanguage\":\"sk-SK\",\"potentialAction\":[{\"@type\":\"ReadAction\",\"target\":[\"https:\/\/proventuss.eu\/sk\/produkt\/vi-pro-manual-gun-2k-11-ms-400ml\/\"]}]},{\"@type\":\"ImageObject\",\"inLanguage\":\"sk-SK\",\"@id\":\"https:\/\/proventuss.eu\/sk\/produkt\/vi-pro-manual-gun-2k-11-ms-400ml\/#primaryimage\",\"url\":\"https:\/\/proventuss.eu\/wp-content\/uploads\/2024\/10\/Vi-Pro\u00ae-MANUAL-GUN-2K-11-MS-400ML-scaled-e1729583141730.jpg\",\"contentUrl\":\"https:\/\/proventuss.eu\/wp-content\/uploads\/2024\/10\/Vi-Pro\u00ae-MANUAL-GUN-2K-11-MS-400ML-scaled-e1729583141730.jpg\",\"width\":2560,\"height\":1707,\"caption\":\"Na zdj\u0119ciu pistolet manualny do podw\u00f3jnych kartuszy o pojemno\u015bci 400 ml w stosunku 1:1. Do stosowania klej\u00f3w i uszczelniaczy o \u015bredniej\/wysokiej lepko\u015bci.\"},{\"@type\":\"BreadcrumbList\",\"@id\":\"https:\/\/proventuss.eu\/sk\/produkt\/vi-pro-manual-gun-2k-11-ms-400ml\/#breadcrumb\",\"itemListElement\":[{\"@type\":\"ListItem\",\"position\":1,\"name\":\"Home\",\"item\":\"https:\/\/proventuss.eu\/\"},{\"@type\":\"ListItem\",\"position\":2,\"name\":\"Produkty\",\"item\":\"https:\/\/proventuss.eu\/produkty\/\"},{\"@type\":\"ListItem\",\"position\":3,\"name\":\"Vi-Pro\u00ae MANUAL GUN 2K (1:1 MS), 400ML\"}]},{\"@type\":\"WebSite\",\"@id\":\"https:\/\/proventuss.eu\/#website\",\"url\":\"https:\/\/proventuss.eu\/\",\"name\":\"Proventuss\",\"description\":\"\",\"potentialAction\":[{\"@type\":\"SearchAction\",\"target\":{\"@type\":\"EntryPoint\",\"urlTemplate\":\"https:\/\/proventuss.eu\/?s={search_term_string}\"},\"query-input\":\"required name=search_term_string\"}],\"inLanguage\":\"sk-SK\"}]}<\/script>\n<!-- \/ Yoast SEO plugin. -->","yoast_head_json":{"title":"Vi-Pro\u00ae MANUAL GUN 2K (1:1 MS), 400ML - Proventuss","robots":{"index":"index","follow":"follow","max-snippet":"max-snippet:-1","max-image-preview":"max-image-preview:large","max-video-preview":"max-video-preview:-1"},"canonical":"https:\/\/proventuss.eu\/sk\/produkt\/vi-pro-manual-gun-2k-11-ms-400ml\/","og_locale":"sk_SK","og_type":"article","og_title":"Vi-Pro\u00ae MANUAL GUN 2K (1:1 MS), 400ML - Proventuss","og_description":"Profesion\u00e1lny aplik\u00e1tor s hlin\u00edkov\u00fdm telom. P\u00e1ka z liatej ocele. Rukov\u00e4\u0165 potiahnut\u00e1 PVC a tla\u010didlo na uvo\u013enenie ty\u010de. Tla\u010didlo uvo\u013enenia ty\u010de z tlakovo liateho hlin\u00edka a gomb\u00edk na zatiahnutie ty\u010de. Na pou\u017eitie lepidiel a tmelov so strednou\/vysokou viskozitou v dvojzlo\u017ekov\u00fdch kartu\u0161iach ved\u013ea seba. Charakteristick\u00e9 vlastnosti: \u010cist\u00e1 hmotnos\u0165 &#8211; 988 g Spojka &#8211; tvrden\u00e1 dvojdielna Pusher &#8211; [&hellip;]","og_url":"https:\/\/proventuss.eu\/sk\/produkt\/vi-pro-manual-gun-2k-11-ms-400ml\/","og_site_name":"Proventuss","article_modified_time":"2024-10-22T08:01:11+00:00","og_image":[{"width":2560,"height":1707,"url":"https:\/\/proventuss.eu\/wp-content\/uploads\/2024\/10\/Vi-Pro\u00ae-MANUAL-GUN-2K-11-MS-400ML-scaled-e1729583141730.jpg","type":"image\/jpeg"}],"twitter_card":"summary_large_image","twitter_misc":{"Predpokladan\u00fd \u010das \u010d\u00edtania":"1 min\u00fata"},"schema":{"@context":"https:\/\/schema.org","@graph":[{"@type":"WebPage","@id":"https:\/\/proventuss.eu\/sk\/produkt\/vi-pro-manual-gun-2k-11-ms-400ml\/","url":"https:\/\/proventuss.eu\/sk\/produkt\/vi-pro-manual-gun-2k-11-ms-400ml\/","name":"Vi-Pro\u00ae MANUAL GUN 2K (1:1 MS), 400ML - Proventuss","isPartOf":{"@id":"https:\/\/proventuss.eu\/#website"},"primaryImageOfPage":{"@id":"https:\/\/proventuss.eu\/sk\/produkt\/vi-pro-manual-gun-2k-11-ms-400ml\/#primaryimage"},"image":{"@id":"https:\/\/proventuss.eu\/sk\/produkt\/vi-pro-manual-gun-2k-11-ms-400ml\/#primaryimage"},"thumbnailUrl":"https:\/\/proventuss.eu\/wp-content\/uploads\/2024\/10\/Vi-Pro\u00ae-MANUAL-GUN-2K-11-MS-400ML-scaled-e1729583141730.jpg","datePublished":"2024-10-22T07:49:13+00:00","dateModified":"2024-10-22T08:01:11+00:00","breadcrumb":{"@id":"https:\/\/proventuss.eu\/sk\/produkt\/vi-pro-manual-gun-2k-11-ms-400ml\/#breadcrumb"},"inLanguage":"sk-SK","potentialAction":[{"@type":"ReadAction","target":["https:\/\/proventuss.eu\/sk\/produkt\/vi-pro-manual-gun-2k-11-ms-400ml\/"]}]},{"@type":"ImageObject","inLanguage":"sk-SK","@id":"https:\/\/proventuss.eu\/sk\/produkt\/vi-pro-manual-gun-2k-11-ms-400ml\/#primaryimage","url":"https:\/\/proventuss.eu\/wp-content\/uploads\/2024\/10\/Vi-Pro\u00ae-MANUAL-GUN-2K-11-MS-400ML-scaled-e1729583141730.jpg","contentUrl":"https:\/\/proventuss.eu\/wp-content\/uploads\/2024\/10\/Vi-Pro\u00ae-MANUAL-GUN-2K-11-MS-400ML-scaled-e1729583141730.jpg","width":2560,"height":1707,"caption":"Na zdj\u0119ciu pistolet manualny do podw\u00f3jnych kartuszy o pojemno\u015bci 400 ml w stosunku 1:1. Do stosowania klej\u00f3w i uszczelniaczy o \u015bredniej\/wysokiej lepko\u015bci."},{"@type":"BreadcrumbList","@id":"https:\/\/proventuss.eu\/sk\/produkt\/vi-pro-manual-gun-2k-11-ms-400ml\/#breadcrumb","itemListElement":[{"@type":"ListItem","position":1,"name":"Home","item":"https:\/\/proventuss.eu\/"},{"@type":"ListItem","position":2,"name":"Produkty","item":"https:\/\/proventuss.eu\/produkty\/"},{"@type":"ListItem","position":3,"name":"Vi-Pro\u00ae MANUAL GUN 2K (1:1 MS), 400ML"}]},{"@type":"WebSite","@id":"https:\/\/proventuss.eu\/#website","url":"https:\/\/proventuss.eu\/","name":"Proventuss","description":"","potentialAction":[{"@type":"SearchAction","target":{"@type":"EntryPoint","urlTemplate":"https:\/\/proventuss.eu\/?s={search_term_string}"},"query-input":"required name=search_term_string"}],"inLanguage":"sk-SK"}]}},"_links":{"self":[{"href":"https:\/\/proventuss.eu\/sk\/wp-json\/wp\/v2\/product\/17829"}],"collection":[{"href":"https:\/\/proventuss.eu\/sk\/wp-json\/wp\/v2\/product"}],"about":[{"href":"https:\/\/proventuss.eu\/sk\/wp-json\/wp\/v2\/types\/product"}],"replies":[{"embeddable":true,"href":"https:\/\/proventuss.eu\/sk\/wp-json\/wp\/v2\/comments?post=17829"}],"wp:featuredmedia":[{"embeddable":true,"href":"https:\/\/proventuss.eu\/sk\/wp-json\/wp\/v2\/media\/17826"}],"wp:attachment":[{"href":"https:\/\/proventuss.eu\/sk\/wp-json\/wp\/v2\/media?parent=17829"}],"wp:term":[{"taxonomy":"product_cat","embeddable":true,"href":"https:\/\/proventuss.eu\/sk\/wp-json\/wp\/v2\/product_cat?post=17829"},{"taxonomy":"product_tag","embeddable":true,"href":"https:\/\/proventuss.eu\/sk\/wp-json\/wp\/v2\/product_tag?post=17829"}],"curies":[{"name":"wp","href":"https:\/\/api.w.org\/{rel}","templated":true}]}}