{"id":17656,"date":"2024-09-27T09:40:16","date_gmt":"2024-09-27T09:40:16","guid":{"rendered":"https:\/\/proventuss.eu\/produkt\/vi-pro-epdm-membrane-self-adhesive\/"},"modified":"2024-10-23T10:29:55","modified_gmt":"2024-10-23T10:29:55","slug":"vi-pro-epdm-membrane-self-adhesive","status":"publish","type":"product","link":"https:\/\/proventuss.eu\/sk\/produkt\/vi-pro-epdm-membrane-self-adhesive\/","title":{"rendered":"Vi-Pro EPDM Membrane Self Adhesive"},"content":{"rendered":"<p>Vi-Pro\u00ae EPDM Membrane Self-Adhesive je hydroizola\u010dn\u00e1 membr\u00e1na vyroben\u00e1 z EPDM gumy s modifikovan\u00fdm akryl\u00e1tov\u00fdm lepidlom na bielej obojstrannej ochrannej f\u00f3lii z PP silik\u00f3nu. Lepidlo je \u010dist\u00e9 polyakrylov\u00e9 na b\u00e1ze vodn\u00fdch disperzi\u00ed. M\u00e1 vysok\u00fa pri\u013enavos\u0165 a ve\u013emi vysok\u00fa pri\u013enavos\u0165 v kombin\u00e1cii s vynikaj\u00facimi parametrami odolnosti vo\u010di starnutiu a poveternostn\u00fdm vplyvom. Pri\u013enavos\u0165 na ve\u013emi \u0161irok\u00fa \u0161k\u00e1lu povrchov je vynikaj\u00faca, vr\u00e1tane n\u00edzkoenergetick\u00fdch substr\u00e1tov (napr. PE, PP a netkan\u00e9 materi\u00e1ly). Okrem toho m\u00e1 lepidlo vynikaj\u00face vlastnosti pri n\u00edzkych teplot\u00e1ch. Lepidlo je bez APEO a bez rozp\u00fa\u0161\u0165adiel.<\/p>\n<p><strong>Aplik\u00e1cie:<\/strong><\/p>\n<p>Je obzvl\u00e1\u0161\u0165 vhodn\u00fd na vonkaj\u0161ie tesniace projekty okien a fas\u00e1d. T\u00e1to membr\u00e1na m\u00e1 vysok\u00fa afinitu k hlavn\u00fdm najpopul\u00e1rnej\u0161\u00edm podkladom v stavebn\u00edctve, ako je cement, kov, drevo a plasty, a to aj pri miernom mno\u017estve ne\u010dist\u00f4t vo forme povrchov\u00e9ho prachu, ako aj s pr\u00edtomnos\u0165ou vody v re\u017eime kondenz\u00e1cie.<\/p>\n<p><strong>Vlastnosti a \u0161pecifik\u00e1cie:<\/strong><\/p>\n<ul>\n<li>\u00daplne vodotesn\u00e9.<\/li>\n<li>Zost\u00e1va pru\u017en\u00fd pri n\u00edzkych teplot\u00e1ch a je odoln\u00fd vo\u010di teplotn\u00fdm \u0161okom a\u017e do 250\u00baC.<\/li>\n<li>Dobr\u00e9 v\u00fdsledky v pr\u00edtomnosti hor\u00facej vody a vysokotlakovej pary.<\/li>\n<li>Vynikaj\u00faca odolnos\u0165 vo\u010di oxid\u00e1cii, poveternostn\u00fdm vplyvom a oz\u00f3nu.<\/li>\n<li>Odoln\u00fd vo\u010di v\u00e4\u010d\u0161ine anorganick\u00fdch chemik\u00e1li\u00ed.<\/li>\n<li>Odoln\u00e9 vo\u010di UV \u017eiareniu a starnutiu.<\/li>\n<li>Vysok\u00e1 odolnos\u0165 proti vlhkosti a vode.<\/li>\n<li>Minim\u00e1lna \u017eivotnos\u0165 10 rokov.<\/li>\n<li>Vlo\u017eka: polyolef\u00ednov\u00e1 f\u00f3lia, 60 \u03bcm.<\/li>\n<li>Z\u00e1klad\u0148a: PES\/PVA sie\u0165ovina, diagon\u00e1lna.<\/li>\n<li>Farba lepidla: biela.<\/li>\n<\/ul>\n","protected":false},"excerpt":{"rendered":"<p>Vi-Pro\u00ae EPDM Membrane Self-Adhesive je hydroizola\u010dn\u00e1 membr\u00e1na vyroben\u00e1 z EPDM gumy s modifikovan\u00fdm akryl\u00e1tov\u00fdm lepidlom na bielej obojstrannej ochrannej f\u00f3lii z PP silik\u00f3nu. Lepidlo je \u010dist\u00e9 polyakrylov\u00e9 na b\u00e1ze vodn\u00fdch disperzi\u00ed. M\u00e1 vysok\u00fa pri\u013enavos\u0165 a ve\u013emi vysok\u00fa pri\u013enavos\u0165 v kombin\u00e1cii s vynikaj\u00facimi parametrami odolnosti vo\u010di starnutiu a poveternostn\u00fdm vplyvom. Pri\u013enavos\u0165 na ve\u013emi \u0161irok\u00fa \u0161k\u00e1lu povrchov [&hellip;]<\/p>\n","protected":false},"featured_media":17636,"comment_status":"open","ping_status":"closed","template":"","meta":{"_acf_changed":false},"product_cat":[390],"product_tag":[],"acf":[],"yoast_head":"<!-- This site is optimized with the Yoast SEO plugin v22.9 - https:\/\/yoast.com\/wordpress\/plugins\/seo\/ -->\n<title>Vi-Pro EPDM Membrane Self Adhesive - Proventuss<\/title>\n<meta name=\"robots\" content=\"index, follow, max-snippet:-1, max-image-preview:large, max-video-preview:-1\" \/>\n<link rel=\"canonical\" href=\"https:\/\/proventuss.eu\/sk\/produkt\/vi-pro-epdm-membrane-self-adhesive\/\" \/>\n<meta property=\"og:locale\" content=\"sk_SK\" \/>\n<meta property=\"og:type\" content=\"article\" \/>\n<meta property=\"og:title\" content=\"Vi-Pro EPDM Membrane Self Adhesive - Proventuss\" \/>\n<meta property=\"og:description\" content=\"Vi-Pro\u00ae EPDM Membrane Self-Adhesive je hydroizola\u010dn\u00e1 membr\u00e1na vyroben\u00e1 z EPDM gumy s modifikovan\u00fdm akryl\u00e1tov\u00fdm lepidlom na bielej obojstrannej ochrannej f\u00f3lii z PP silik\u00f3nu. Lepidlo je \u010dist\u00e9 polyakrylov\u00e9 na b\u00e1ze vodn\u00fdch disperzi\u00ed. M\u00e1 vysok\u00fa pri\u013enavos\u0165 a ve\u013emi vysok\u00fa pri\u013enavos\u0165 v kombin\u00e1cii s vynikaj\u00facimi parametrami odolnosti vo\u010di starnutiu a poveternostn\u00fdm vplyvom. Pri\u013enavos\u0165 na ve\u013emi \u0161irok\u00fa \u0161k\u00e1lu povrchov [&hellip;]\" \/>\n<meta property=\"og:url\" content=\"https:\/\/proventuss.eu\/sk\/produkt\/vi-pro-epdm-membrane-self-adhesive\/\" \/>\n<meta property=\"og:site_name\" content=\"Proventuss\" \/>\n<meta property=\"article:modified_time\" content=\"2024-10-23T10:29:55+00:00\" \/>\n<meta property=\"og:image\" content=\"https:\/\/proventuss.eu\/wp-content\/uploads\/2024\/09\/7515a1m.jpg\" \/>\n\t<meta property=\"og:image:width\" content=\"1500\" \/>\n\t<meta property=\"og:image:height\" content=\"998\" \/>\n\t<meta property=\"og:image:type\" content=\"image\/jpeg\" \/>\n<meta name=\"twitter:card\" content=\"summary_large_image\" \/>\n<meta name=\"twitter:label1\" content=\"Predpokladan\u00fd \u010das \u010d\u00edtania\" \/>\n\t<meta name=\"twitter:data1\" content=\"2 min\u00faty\" \/>\n<script type=\"application\/ld+json\" class=\"yoast-schema-graph\">{\"@context\":\"https:\/\/schema.org\",\"@graph\":[{\"@type\":\"WebPage\",\"@id\":\"https:\/\/proventuss.eu\/sk\/produkt\/vi-pro-epdm-membrane-self-adhesive\/\",\"url\":\"https:\/\/proventuss.eu\/sk\/produkt\/vi-pro-epdm-membrane-self-adhesive\/\",\"name\":\"Vi-Pro EPDM Membrane Self Adhesive - Proventuss\",\"isPartOf\":{\"@id\":\"https:\/\/proventuss.eu\/#website\"},\"primaryImageOfPage\":{\"@id\":\"https:\/\/proventuss.eu\/sk\/produkt\/vi-pro-epdm-membrane-self-adhesive\/#primaryimage\"},\"image\":{\"@id\":\"https:\/\/proventuss.eu\/sk\/produkt\/vi-pro-epdm-membrane-self-adhesive\/#primaryimage\"},\"thumbnailUrl\":\"https:\/\/proventuss.eu\/wp-content\/uploads\/2024\/09\/7515a1m.jpg\",\"datePublished\":\"2024-09-27T09:40:16+00:00\",\"dateModified\":\"2024-10-23T10:29:55+00:00\",\"breadcrumb\":{\"@id\":\"https:\/\/proventuss.eu\/sk\/produkt\/vi-pro-epdm-membrane-self-adhesive\/#breadcrumb\"},\"inLanguage\":\"sk-SK\",\"potentialAction\":[{\"@type\":\"ReadAction\",\"target\":[\"https:\/\/proventuss.eu\/sk\/produkt\/vi-pro-epdm-membrane-self-adhesive\/\"]}]},{\"@type\":\"ImageObject\",\"inLanguage\":\"sk-SK\",\"@id\":\"https:\/\/proventuss.eu\/sk\/produkt\/vi-pro-epdm-membrane-self-adhesive\/#primaryimage\",\"url\":\"https:\/\/proventuss.eu\/wp-content\/uploads\/2024\/09\/7515a1m.jpg\",\"contentUrl\":\"https:\/\/proventuss.eu\/wp-content\/uploads\/2024\/09\/7515a1m.jpg\",\"width\":1500,\"height\":998},{\"@type\":\"BreadcrumbList\",\"@id\":\"https:\/\/proventuss.eu\/sk\/produkt\/vi-pro-epdm-membrane-self-adhesive\/#breadcrumb\",\"itemListElement\":[{\"@type\":\"ListItem\",\"position\":1,\"name\":\"Home\",\"item\":\"https:\/\/proventuss.eu\/\"},{\"@type\":\"ListItem\",\"position\":2,\"name\":\"Produkty\",\"item\":\"https:\/\/proventuss.eu\/produkty\/\"},{\"@type\":\"ListItem\",\"position\":3,\"name\":\"Vi-Pro EPDM Membrane Self Adhesive\"}]},{\"@type\":\"WebSite\",\"@id\":\"https:\/\/proventuss.eu\/#website\",\"url\":\"https:\/\/proventuss.eu\/\",\"name\":\"Proventuss\",\"description\":\"\",\"potentialAction\":[{\"@type\":\"SearchAction\",\"target\":{\"@type\":\"EntryPoint\",\"urlTemplate\":\"https:\/\/proventuss.eu\/?s={search_term_string}\"},\"query-input\":\"required name=search_term_string\"}],\"inLanguage\":\"sk-SK\"}]}<\/script>\n<!-- \/ Yoast SEO plugin. -->","yoast_head_json":{"title":"Vi-Pro EPDM Membrane Self Adhesive - Proventuss","robots":{"index":"index","follow":"follow","max-snippet":"max-snippet:-1","max-image-preview":"max-image-preview:large","max-video-preview":"max-video-preview:-1"},"canonical":"https:\/\/proventuss.eu\/sk\/produkt\/vi-pro-epdm-membrane-self-adhesive\/","og_locale":"sk_SK","og_type":"article","og_title":"Vi-Pro EPDM Membrane Self Adhesive - Proventuss","og_description":"Vi-Pro\u00ae EPDM Membrane Self-Adhesive je hydroizola\u010dn\u00e1 membr\u00e1na vyroben\u00e1 z EPDM gumy s modifikovan\u00fdm akryl\u00e1tov\u00fdm lepidlom na bielej obojstrannej ochrannej f\u00f3lii z PP silik\u00f3nu. Lepidlo je \u010dist\u00e9 polyakrylov\u00e9 na b\u00e1ze vodn\u00fdch disperzi\u00ed. M\u00e1 vysok\u00fa pri\u013enavos\u0165 a ve\u013emi vysok\u00fa pri\u013enavos\u0165 v kombin\u00e1cii s vynikaj\u00facimi parametrami odolnosti vo\u010di starnutiu a poveternostn\u00fdm vplyvom. Pri\u013enavos\u0165 na ve\u013emi \u0161irok\u00fa \u0161k\u00e1lu povrchov [&hellip;]","og_url":"https:\/\/proventuss.eu\/sk\/produkt\/vi-pro-epdm-membrane-self-adhesive\/","og_site_name":"Proventuss","article_modified_time":"2024-10-23T10:29:55+00:00","og_image":[{"width":1500,"height":998,"url":"https:\/\/proventuss.eu\/wp-content\/uploads\/2024\/09\/7515a1m.jpg","type":"image\/jpeg"}],"twitter_card":"summary_large_image","twitter_misc":{"Predpokladan\u00fd \u010das \u010d\u00edtania":"2 min\u00faty"},"schema":{"@context":"https:\/\/schema.org","@graph":[{"@type":"WebPage","@id":"https:\/\/proventuss.eu\/sk\/produkt\/vi-pro-epdm-membrane-self-adhesive\/","url":"https:\/\/proventuss.eu\/sk\/produkt\/vi-pro-epdm-membrane-self-adhesive\/","name":"Vi-Pro EPDM Membrane Self Adhesive - Proventuss","isPartOf":{"@id":"https:\/\/proventuss.eu\/#website"},"primaryImageOfPage":{"@id":"https:\/\/proventuss.eu\/sk\/produkt\/vi-pro-epdm-membrane-self-adhesive\/#primaryimage"},"image":{"@id":"https:\/\/proventuss.eu\/sk\/produkt\/vi-pro-epdm-membrane-self-adhesive\/#primaryimage"},"thumbnailUrl":"https:\/\/proventuss.eu\/wp-content\/uploads\/2024\/09\/7515a1m.jpg","datePublished":"2024-09-27T09:40:16+00:00","dateModified":"2024-10-23T10:29:55+00:00","breadcrumb":{"@id":"https:\/\/proventuss.eu\/sk\/produkt\/vi-pro-epdm-membrane-self-adhesive\/#breadcrumb"},"inLanguage":"sk-SK","potentialAction":[{"@type":"ReadAction","target":["https:\/\/proventuss.eu\/sk\/produkt\/vi-pro-epdm-membrane-self-adhesive\/"]}]},{"@type":"ImageObject","inLanguage":"sk-SK","@id":"https:\/\/proventuss.eu\/sk\/produkt\/vi-pro-epdm-membrane-self-adhesive\/#primaryimage","url":"https:\/\/proventuss.eu\/wp-content\/uploads\/2024\/09\/7515a1m.jpg","contentUrl":"https:\/\/proventuss.eu\/wp-content\/uploads\/2024\/09\/7515a1m.jpg","width":1500,"height":998},{"@type":"BreadcrumbList","@id":"https:\/\/proventuss.eu\/sk\/produkt\/vi-pro-epdm-membrane-self-adhesive\/#breadcrumb","itemListElement":[{"@type":"ListItem","position":1,"name":"Home","item":"https:\/\/proventuss.eu\/"},{"@type":"ListItem","position":2,"name":"Produkty","item":"https:\/\/proventuss.eu\/produkty\/"},{"@type":"ListItem","position":3,"name":"Vi-Pro EPDM Membrane Self Adhesive"}]},{"@type":"WebSite","@id":"https:\/\/proventuss.eu\/#website","url":"https:\/\/proventuss.eu\/","name":"Proventuss","description":"","potentialAction":[{"@type":"SearchAction","target":{"@type":"EntryPoint","urlTemplate":"https:\/\/proventuss.eu\/?s={search_term_string}"},"query-input":"required name=search_term_string"}],"inLanguage":"sk-SK"}]}},"_links":{"self":[{"href":"https:\/\/proventuss.eu\/sk\/wp-json\/wp\/v2\/product\/17656"}],"collection":[{"href":"https:\/\/proventuss.eu\/sk\/wp-json\/wp\/v2\/product"}],"about":[{"href":"https:\/\/proventuss.eu\/sk\/wp-json\/wp\/v2\/types\/product"}],"replies":[{"embeddable":true,"href":"https:\/\/proventuss.eu\/sk\/wp-json\/wp\/v2\/comments?post=17656"}],"wp:featuredmedia":[{"embeddable":true,"href":"https:\/\/proventuss.eu\/sk\/wp-json\/wp\/v2\/media\/17636"}],"wp:attachment":[{"href":"https:\/\/proventuss.eu\/sk\/wp-json\/wp\/v2\/media?parent=17656"}],"wp:term":[{"taxonomy":"product_cat","embeddable":true,"href":"https:\/\/proventuss.eu\/sk\/wp-json\/wp\/v2\/product_cat?post=17656"},{"taxonomy":"product_tag","embeddable":true,"href":"https:\/\/proventuss.eu\/sk\/wp-json\/wp\/v2\/product_tag?post=17656"}],"curies":[{"name":"wp","href":"https:\/\/api.w.org\/{rel}","templated":true}]}}