{"id":17134,"date":"2023-08-29T09:54:12","date_gmt":"2023-08-29T09:54:12","guid":{"rendered":"https:\/\/proventuss.eu\/produkt\/vi-pro-primer-135\/"},"modified":"2024-08-02T09:19:48","modified_gmt":"2024-08-02T09:19:48","slug":"vi-pro-primer-135","status":"publish","type":"product","link":"https:\/\/proventuss.eu\/sk\/produkt\/vi-pro-primer-135\/","title":{"rendered":"Vi-Pro Primer 135"},"content":{"rendered":"<p>Vi-Pro Primer 135 je jednokrokov\u00fd \u010dierny pri\u013enav\u00fd z\u00e1kladn\u00fd n\u00e1ter (2 v 1), navrhnut\u00fd \u0161peci\u00e1lne na zlep\u0161enie pri\u013enavosti mnoh\u00fdch stavebn\u00fdch materi\u00e1lov.<\/p>\n<p>V\u00ddHODY:<br \/>\n\u2022 Poskytuje vynikaj\u00facu pri\u013enavos\u0165 pre tmely Vi-Pro Strongbond.<br \/>\n\u2022 Ide\u00e1lne na obnovu \u0161krabancov laku na zvaroch na ochranu proti kor\u00f3zii.<br \/>\n\u2022 Odoln\u00e9 vo\u010di UV \u017eiareniu, vhodn\u00e9 na nan\u00e1\u0161anie UV n\u00e1teru na \u010d\u00edre sklo.<br \/>\n\u2022 Poskytuje zlep\u0161en\u00fa pri\u013enavos\u0165 na v\u0161etky nepor\u00e9zne materi\u00e1ly pou\u017e\u00edvan\u00e9 v priemysle a stavebn\u00edctve, ako s\u00fa lakovan\u00e9 povrchy, FRP, plasty, sklo, hlin\u00edk a niektor\u00e9 kovy.<\/p>\n","protected":false},"excerpt":{"rendered":"<p>Vi-Pro Primer 135 je jednokrokov\u00fd \u010dierny pri\u013enav\u00fd z\u00e1kladn\u00fd n\u00e1ter (2 v 1), navrhnut\u00fd \u0161peci\u00e1lne na zlep\u0161enie pri\u013enavosti mnoh\u00fdch stavebn\u00fdch materi\u00e1lov. V\u00ddHODY: \u2022 Poskytuje vynikaj\u00facu pri\u013enavos\u0165 pre tmely Vi-Pro Strongbond. \u2022 Ide\u00e1lne na obnovu \u0161krabancov laku na zvaroch na ochranu proti kor\u00f3zii. \u2022 Odoln\u00e9 vo\u010di UV \u017eiareniu, vhodn\u00e9 na nan\u00e1\u0161anie UV n\u00e1teru na \u010d\u00edre sklo. \u2022 [&hellip;]<\/p>\n","protected":false},"featured_media":13712,"comment_status":"open","ping_status":"closed","template":"","meta":{"_acf_changed":false},"product_cat":[474,383],"product_tag":[],"acf":[],"yoast_head":"<!-- This site is optimized with the Yoast SEO plugin v22.9 - https:\/\/yoast.com\/wordpress\/plugins\/seo\/ -->\n<title>Vi-Pro Primer 135 - Proventuss<\/title>\n<meta name=\"description\" content=\"Vi-Pro Primer 135 je jednokrokov\u00fd \u010dierny pri\u013enav\u00fd z\u00e1kladn\u00fd n\u00e1ter navrhnut\u00fd \u0161peci\u00e1lne na zlep\u0161enie pri\u013enavosti k mnoh\u00fdm stavebn\u00fdm materi\u00e1lom.\" \/>\n<meta name=\"robots\" content=\"index, follow, max-snippet:-1, max-image-preview:large, max-video-preview:-1\" \/>\n<link rel=\"canonical\" href=\"https:\/\/proventuss.eu\/sk\/produkt\/vi-pro-primer-135\/\" \/>\n<meta property=\"og:locale\" content=\"sk_SK\" \/>\n<meta property=\"og:type\" content=\"article\" \/>\n<meta property=\"og:title\" content=\"Vi-Pro Primer 135 - Proventuss\" \/>\n<meta property=\"og:description\" content=\"Vi-Pro Primer 135 je jednokrokov\u00fd \u010dierny pri\u013enav\u00fd z\u00e1kladn\u00fd n\u00e1ter navrhnut\u00fd \u0161peci\u00e1lne na zlep\u0161enie pri\u013enavosti k mnoh\u00fdm stavebn\u00fdm materi\u00e1lom.\" \/>\n<meta property=\"og:url\" content=\"https:\/\/proventuss.eu\/sk\/produkt\/vi-pro-primer-135\/\" \/>\n<meta property=\"og:site_name\" content=\"Proventuss\" \/>\n<meta property=\"article:modified_time\" content=\"2024-08-02T09:19:48+00:00\" \/>\n<meta property=\"og:image\" content=\"https:\/\/proventuss.eu\/wp-content\/uploads\/2023\/08\/Vi-Pro-Primer-135m.jpg\" \/>\n\t<meta property=\"og:image:width\" content=\"636\" \/>\n\t<meta property=\"og:image:height\" content=\"1059\" \/>\n\t<meta property=\"og:image:type\" content=\"image\/jpeg\" \/>\n<meta name=\"twitter:card\" content=\"summary_large_image\" \/>\n<meta name=\"twitter:label1\" content=\"Predpokladan\u00fd \u010das \u010d\u00edtania\" \/>\n\t<meta name=\"twitter:data1\" content=\"1 min\u00fata\" \/>\n<script type=\"application\/ld+json\" class=\"yoast-schema-graph\">{\"@context\":\"https:\/\/schema.org\",\"@graph\":[{\"@type\":\"WebPage\",\"@id\":\"https:\/\/proventuss.eu\/sk\/produkt\/vi-pro-primer-135\/\",\"url\":\"https:\/\/proventuss.eu\/sk\/produkt\/vi-pro-primer-135\/\",\"name\":\"Vi-Pro Primer 135 - Proventuss\",\"isPartOf\":{\"@id\":\"https:\/\/proventuss.eu\/#website\"},\"primaryImageOfPage\":{\"@id\":\"https:\/\/proventuss.eu\/sk\/produkt\/vi-pro-primer-135\/#primaryimage\"},\"image\":{\"@id\":\"https:\/\/proventuss.eu\/sk\/produkt\/vi-pro-primer-135\/#primaryimage\"},\"thumbnailUrl\":\"https:\/\/proventuss.eu\/wp-content\/uploads\/2023\/08\/Vi-Pro-Primer-135m.jpg\",\"datePublished\":\"2023-08-29T09:54:12+00:00\",\"dateModified\":\"2024-08-02T09:19:48+00:00\",\"description\":\"Vi-Pro Primer 135 je jednokrokov\u00fd \u010dierny pri\u013enav\u00fd z\u00e1kladn\u00fd n\u00e1ter navrhnut\u00fd \u0161peci\u00e1lne na zlep\u0161enie pri\u013enavosti k mnoh\u00fdm stavebn\u00fdm materi\u00e1lom.\",\"breadcrumb\":{\"@id\":\"https:\/\/proventuss.eu\/sk\/produkt\/vi-pro-primer-135\/#breadcrumb\"},\"inLanguage\":\"sk-SK\",\"potentialAction\":[{\"@type\":\"ReadAction\",\"target\":[\"https:\/\/proventuss.eu\/sk\/produkt\/vi-pro-primer-135\/\"]}]},{\"@type\":\"ImageObject\",\"inLanguage\":\"sk-SK\",\"@id\":\"https:\/\/proventuss.eu\/sk\/produkt\/vi-pro-primer-135\/#primaryimage\",\"url\":\"https:\/\/proventuss.eu\/wp-content\/uploads\/2023\/08\/Vi-Pro-Primer-135m.jpg\",\"contentUrl\":\"https:\/\/proventuss.eu\/wp-content\/uploads\/2023\/08\/Vi-Pro-Primer-135m.jpg\",\"width\":636,\"height\":1059,\"caption\":\"Na zdj\u0119ciu jednoetapowy czarny podk\u0142ad zwi\u0119kszaj\u0105cy przyczepno\u015b\u0107 Vi-Pro Primer 135 zaprojektowany specjalnie do poprawy adhezji dla wielu materia\u0142\u00f3w budowlanych.\"},{\"@type\":\"BreadcrumbList\",\"@id\":\"https:\/\/proventuss.eu\/sk\/produkt\/vi-pro-primer-135\/#breadcrumb\",\"itemListElement\":[{\"@type\":\"ListItem\",\"position\":1,\"name\":\"Home\",\"item\":\"https:\/\/proventuss.eu\/\"},{\"@type\":\"ListItem\",\"position\":2,\"name\":\"Produkty\",\"item\":\"https:\/\/proventuss.eu\/produkty\/\"},{\"@type\":\"ListItem\",\"position\":3,\"name\":\"Vi-Pro Primer 135\"}]},{\"@type\":\"WebSite\",\"@id\":\"https:\/\/proventuss.eu\/#website\",\"url\":\"https:\/\/proventuss.eu\/\",\"name\":\"Proventuss\",\"description\":\"\",\"potentialAction\":[{\"@type\":\"SearchAction\",\"target\":{\"@type\":\"EntryPoint\",\"urlTemplate\":\"https:\/\/proventuss.eu\/?s={search_term_string}\"},\"query-input\":\"required name=search_term_string\"}],\"inLanguage\":\"sk-SK\"}]}<\/script>\n<!-- \/ Yoast SEO plugin. -->","yoast_head_json":{"title":"Vi-Pro Primer 135 - Proventuss","description":"Vi-Pro Primer 135 je jednokrokov\u00fd \u010dierny pri\u013enav\u00fd z\u00e1kladn\u00fd n\u00e1ter navrhnut\u00fd \u0161peci\u00e1lne na zlep\u0161enie pri\u013enavosti k mnoh\u00fdm stavebn\u00fdm materi\u00e1lom.","robots":{"index":"index","follow":"follow","max-snippet":"max-snippet:-1","max-image-preview":"max-image-preview:large","max-video-preview":"max-video-preview:-1"},"canonical":"https:\/\/proventuss.eu\/sk\/produkt\/vi-pro-primer-135\/","og_locale":"sk_SK","og_type":"article","og_title":"Vi-Pro Primer 135 - Proventuss","og_description":"Vi-Pro Primer 135 je jednokrokov\u00fd \u010dierny pri\u013enav\u00fd z\u00e1kladn\u00fd n\u00e1ter navrhnut\u00fd \u0161peci\u00e1lne na zlep\u0161enie pri\u013enavosti k mnoh\u00fdm stavebn\u00fdm materi\u00e1lom.","og_url":"https:\/\/proventuss.eu\/sk\/produkt\/vi-pro-primer-135\/","og_site_name":"Proventuss","article_modified_time":"2024-08-02T09:19:48+00:00","og_image":[{"width":636,"height":1059,"url":"https:\/\/proventuss.eu\/wp-content\/uploads\/2023\/08\/Vi-Pro-Primer-135m.jpg","type":"image\/jpeg"}],"twitter_card":"summary_large_image","twitter_misc":{"Predpokladan\u00fd \u010das \u010d\u00edtania":"1 min\u00fata"},"schema":{"@context":"https:\/\/schema.org","@graph":[{"@type":"WebPage","@id":"https:\/\/proventuss.eu\/sk\/produkt\/vi-pro-primer-135\/","url":"https:\/\/proventuss.eu\/sk\/produkt\/vi-pro-primer-135\/","name":"Vi-Pro Primer 135 - Proventuss","isPartOf":{"@id":"https:\/\/proventuss.eu\/#website"},"primaryImageOfPage":{"@id":"https:\/\/proventuss.eu\/sk\/produkt\/vi-pro-primer-135\/#primaryimage"},"image":{"@id":"https:\/\/proventuss.eu\/sk\/produkt\/vi-pro-primer-135\/#primaryimage"},"thumbnailUrl":"https:\/\/proventuss.eu\/wp-content\/uploads\/2023\/08\/Vi-Pro-Primer-135m.jpg","datePublished":"2023-08-29T09:54:12+00:00","dateModified":"2024-08-02T09:19:48+00:00","description":"Vi-Pro Primer 135 je jednokrokov\u00fd \u010dierny pri\u013enav\u00fd z\u00e1kladn\u00fd n\u00e1ter navrhnut\u00fd \u0161peci\u00e1lne na zlep\u0161enie pri\u013enavosti k mnoh\u00fdm stavebn\u00fdm materi\u00e1lom.","breadcrumb":{"@id":"https:\/\/proventuss.eu\/sk\/produkt\/vi-pro-primer-135\/#breadcrumb"},"inLanguage":"sk-SK","potentialAction":[{"@type":"ReadAction","target":["https:\/\/proventuss.eu\/sk\/produkt\/vi-pro-primer-135\/"]}]},{"@type":"ImageObject","inLanguage":"sk-SK","@id":"https:\/\/proventuss.eu\/sk\/produkt\/vi-pro-primer-135\/#primaryimage","url":"https:\/\/proventuss.eu\/wp-content\/uploads\/2023\/08\/Vi-Pro-Primer-135m.jpg","contentUrl":"https:\/\/proventuss.eu\/wp-content\/uploads\/2023\/08\/Vi-Pro-Primer-135m.jpg","width":636,"height":1059,"caption":"Na zdj\u0119ciu jednoetapowy czarny podk\u0142ad zwi\u0119kszaj\u0105cy przyczepno\u015b\u0107 Vi-Pro Primer 135 zaprojektowany specjalnie do poprawy adhezji dla wielu materia\u0142\u00f3w budowlanych."},{"@type":"BreadcrumbList","@id":"https:\/\/proventuss.eu\/sk\/produkt\/vi-pro-primer-135\/#breadcrumb","itemListElement":[{"@type":"ListItem","position":1,"name":"Home","item":"https:\/\/proventuss.eu\/"},{"@type":"ListItem","position":2,"name":"Produkty","item":"https:\/\/proventuss.eu\/produkty\/"},{"@type":"ListItem","position":3,"name":"Vi-Pro Primer 135"}]},{"@type":"WebSite","@id":"https:\/\/proventuss.eu\/#website","url":"https:\/\/proventuss.eu\/","name":"Proventuss","description":"","potentialAction":[{"@type":"SearchAction","target":{"@type":"EntryPoint","urlTemplate":"https:\/\/proventuss.eu\/?s={search_term_string}"},"query-input":"required name=search_term_string"}],"inLanguage":"sk-SK"}]}},"_links":{"self":[{"href":"https:\/\/proventuss.eu\/sk\/wp-json\/wp\/v2\/product\/17134"}],"collection":[{"href":"https:\/\/proventuss.eu\/sk\/wp-json\/wp\/v2\/product"}],"about":[{"href":"https:\/\/proventuss.eu\/sk\/wp-json\/wp\/v2\/types\/product"}],"replies":[{"embeddable":true,"href":"https:\/\/proventuss.eu\/sk\/wp-json\/wp\/v2\/comments?post=17134"}],"wp:featuredmedia":[{"embeddable":true,"href":"https:\/\/proventuss.eu\/sk\/wp-json\/wp\/v2\/media\/13712"}],"wp:attachment":[{"href":"https:\/\/proventuss.eu\/sk\/wp-json\/wp\/v2\/media?parent=17134"}],"wp:term":[{"taxonomy":"product_cat","embeddable":true,"href":"https:\/\/proventuss.eu\/sk\/wp-json\/wp\/v2\/product_cat?post=17134"},{"taxonomy":"product_tag","embeddable":true,"href":"https:\/\/proventuss.eu\/sk\/wp-json\/wp\/v2\/product_tag?post=17134"}],"curies":[{"name":"wp","href":"https:\/\/api.w.org\/{rel}","templated":true}]}}