{"id":15726,"date":"2024-05-10T13:01:10","date_gmt":"2024-05-10T13:01:10","guid":{"rendered":"https:\/\/proventuss.eu\/produkt\/vi-pro-pu-2k-polyurethane-adhesive\/"},"modified":"2024-11-04T11:55:38","modified_gmt":"2024-11-04T11:55:38","slug":"vi-pro-pu-2k-polyurethane-adhesive","status":"publish","type":"product","link":"https:\/\/proventuss.eu\/sk\/produkt\/vi-pro-pu-2k-polyurethane-adhesive\/","title":{"rendered":"Vi-Pro PU 2K POLYURETHANE ADHESIVE"},"content":{"rendered":"<p><strong>Vi-Pro\u00ae PU 2K POLYURET\u00c1NOV\u00c9 GLUE<\/strong> je dvojzlo\u017ekov\u00e9 reakt\u00edvne lepidlo na b\u00e1ze polyuret\u00e1nov na sp\u00e1janie kovov medzi sebou a s in\u00fdmi materi\u00e1lmi a aplik\u00e1tormi ako je drevo, tvrd\u00e9 PVC a GRP. Lepidlo je vhodn\u00e9 najm\u00e4 na lepenie rohov pri kon\u0161trukcii hlin\u00edkov\u00fdch okien a dver\u00ed, ako aj kontajnerov a vozidiel. Ak pou\u017e\u00edvate v\u00fdkon, zvo\u013ete Vi-Pro\u00ae PU 2K POLYURET\u00c1NOV\u00c9 GLUE, kompozitn\u00e9 prvky s jemn\u00fdm PS, PUR a PVC. V\u010faka tomu, \u017ee lepidlo neobsahuje l\u00e1tky, je vhodn\u00e9 na lepenie lakovan\u00fdch a eloxovan\u00fdch hlin\u00edkov\u00fdch povrchov.<\/p>\n<p>Dvojzlo\u017ekov\u00e9 POLYURET\u00c1NOV\u00c9 GLUE Vi-Pro\u00ae m\u00e1 tvrd\u00fd a odoln\u00fd lepiaci spoj a zariadenie sp\u013a\u0148aj\u00face z\u00e1kladn\u00e9 podmienky, ktor\u00e9 je v\u00fdborn\u00fdm rie\u0161en\u00edm pre pou\u017eitie v mnoh\u00fdch r\u00f4znych zariadeniach.<\/p>\n<p><strong>\u00a0<\/strong><\/p>\n<p><strong>\u0160peci\u00e1lne vlastnosti:<\/strong><\/p>\n<ul>\n<li>Vysok\u00e1 retencia a pevnos\u0165 v \u0161myku<\/li>\n<li>\u0160irok\u00e9 spektrum pri\u013enavosti<\/li>\n<li>R\u00fdchle vytvrdzovanie<\/li>\n<li>Dobr\u00e9 plniace vlastnosti<\/li>\n<li>Stabilita<\/li>\n<li>D\u00e1 sa t\u00f3nova\u0165<\/li>\n<li>Mo\u017eno potiahnu\u0165<\/li>\n<\/ul>\n<p><strong>\u00a0<\/strong><\/p>\n<p><strong>Vi-Pro\u00ae PU 2K sa pou\u017e\u00edva v r\u00f4znych priemyseln\u00fdch oblastiach:<\/strong><\/p>\n<ul>\n<li>V\u00fdstavba okien, dver\u00ed a fas\u00e1d<\/li>\n<li>Kon\u0161trukcia kontajnerov a \u00e1ut<\/li>\n<li>Spracovanie keramiky, umel\u00e9ho kame\u0148a a pr\u00edrodn\u00e9ho kame\u0148a<\/li>\n<li>V\u0161eobecn\u00e9 kovoobr\u00e1banie<\/li>\n<li>Spracovanie bet\u00f3nu a stavebn\u00fdch materi\u00e1lov<\/li>\n<li>Vetracia a klimatiza\u010dn\u00e1 technika<\/li>\n<li>Technol\u00f3gia izol\u00e1cie a kompozitn\u00fdch panelov<\/li>\n<li>Spracovanie dreva<\/li>\n<\/ul>\n","protected":false},"excerpt":{"rendered":"<p>Vi-Pro\u00ae PU 2K POLYURET\u00c1NOV\u00c9 GLUE je dvojzlo\u017ekov\u00e9 reakt\u00edvne lepidlo na b\u00e1ze polyuret\u00e1nov na sp\u00e1janie kovov medzi sebou a s in\u00fdmi materi\u00e1lmi a aplik\u00e1tormi ako je drevo, tvrd\u00e9 PVC a GRP. Lepidlo je vhodn\u00e9 najm\u00e4 na lepenie rohov pri kon\u0161trukcii hlin\u00edkov\u00fdch okien a dver\u00ed, ako aj kontajnerov a vozidiel. Ak pou\u017e\u00edvate v\u00fdkon, zvo\u013ete Vi-Pro\u00ae PU 2K [&hellip;]<\/p>\n","protected":false},"featured_media":15846,"comment_status":"open","ping_status":"closed","template":"","meta":{"_acf_changed":false},"product_cat":[388],"product_tag":[],"acf":[],"yoast_head":"<!-- This site is optimized with the Yoast SEO plugin v22.9 - https:\/\/yoast.com\/wordpress\/plugins\/seo\/ -->\n<title>Vi-Pro PU 2K POLYURETHANE ADHESIVE - Proventuss<\/title>\n<meta name=\"robots\" content=\"index, follow, max-snippet:-1, max-image-preview:large, max-video-preview:-1\" \/>\n<link rel=\"canonical\" href=\"https:\/\/proventuss.eu\/sk\/produkt\/vi-pro-pu-2k-polyurethane-adhesive\/\" \/>\n<meta property=\"og:locale\" content=\"sk_SK\" \/>\n<meta property=\"og:type\" content=\"article\" \/>\n<meta property=\"og:title\" content=\"Vi-Pro PU 2K POLYURETHANE ADHESIVE - Proventuss\" \/>\n<meta property=\"og:description\" content=\"Vi-Pro\u00ae PU 2K POLYURET\u00c1NOV\u00c9 GLUE je dvojzlo\u017ekov\u00e9 reakt\u00edvne lepidlo na b\u00e1ze polyuret\u00e1nov na sp\u00e1janie kovov medzi sebou a s in\u00fdmi materi\u00e1lmi a aplik\u00e1tormi ako je drevo, tvrd\u00e9 PVC a GRP. Lepidlo je vhodn\u00e9 najm\u00e4 na lepenie rohov pri kon\u0161trukcii hlin\u00edkov\u00fdch okien a dver\u00ed, ako aj kontajnerov a vozidiel. Ak pou\u017e\u00edvate v\u00fdkon, zvo\u013ete Vi-Pro\u00ae PU 2K [&hellip;]\" \/>\n<meta property=\"og:url\" content=\"https:\/\/proventuss.eu\/sk\/produkt\/vi-pro-pu-2k-polyurethane-adhesive\/\" \/>\n<meta property=\"og:site_name\" content=\"Proventuss\" \/>\n<meta property=\"article:modified_time\" content=\"2024-11-04T11:55:38+00:00\" \/>\n<meta property=\"og:image\" content=\"https:\/\/proventuss.eu\/wp-content\/uploads\/2024\/05\/MG_7407m.jpg\" \/>\n\t<meta property=\"og:image:width\" content=\"678\" \/>\n\t<meta property=\"og:image:height\" content=\"1445\" \/>\n\t<meta property=\"og:image:type\" content=\"image\/jpeg\" \/>\n<meta name=\"twitter:card\" content=\"summary_large_image\" \/>\n<meta name=\"twitter:label1\" content=\"Predpokladan\u00fd \u010das \u010d\u00edtania\" \/>\n\t<meta name=\"twitter:data1\" content=\"2 min\u00faty\" \/>\n<script type=\"application\/ld+json\" class=\"yoast-schema-graph\">{\"@context\":\"https:\/\/schema.org\",\"@graph\":[{\"@type\":\"WebPage\",\"@id\":\"https:\/\/proventuss.eu\/sk\/produkt\/vi-pro-pu-2k-polyurethane-adhesive\/\",\"url\":\"https:\/\/proventuss.eu\/sk\/produkt\/vi-pro-pu-2k-polyurethane-adhesive\/\",\"name\":\"Vi-Pro PU 2K POLYURETHANE ADHESIVE - Proventuss\",\"isPartOf\":{\"@id\":\"https:\/\/proventuss.eu\/#website\"},\"primaryImageOfPage\":{\"@id\":\"https:\/\/proventuss.eu\/sk\/produkt\/vi-pro-pu-2k-polyurethane-adhesive\/#primaryimage\"},\"image\":{\"@id\":\"https:\/\/proventuss.eu\/sk\/produkt\/vi-pro-pu-2k-polyurethane-adhesive\/#primaryimage\"},\"thumbnailUrl\":\"https:\/\/proventuss.eu\/wp-content\/uploads\/2024\/05\/MG_7407m.jpg\",\"datePublished\":\"2024-05-10T13:01:10+00:00\",\"dateModified\":\"2024-11-04T11:55:38+00:00\",\"breadcrumb\":{\"@id\":\"https:\/\/proventuss.eu\/sk\/produkt\/vi-pro-pu-2k-polyurethane-adhesive\/#breadcrumb\"},\"inLanguage\":\"sk-SK\",\"potentialAction\":[{\"@type\":\"ReadAction\",\"target\":[\"https:\/\/proventuss.eu\/sk\/produkt\/vi-pro-pu-2k-polyurethane-adhesive\/\"]}]},{\"@type\":\"ImageObject\",\"inLanguage\":\"sk-SK\",\"@id\":\"https:\/\/proventuss.eu\/sk\/produkt\/vi-pro-pu-2k-polyurethane-adhesive\/#primaryimage\",\"url\":\"https:\/\/proventuss.eu\/wp-content\/uploads\/2024\/05\/MG_7407m.jpg\",\"contentUrl\":\"https:\/\/proventuss.eu\/wp-content\/uploads\/2024\/05\/MG_7407m.jpg\",\"width\":678,\"height\":1445,\"caption\":\"Na zdj\u0119ciu dwusk\u0142adnikowy klej reaktywny przeznaczony do \u0142\u0105czenia metali mi\u0119dzy sob\u0105 oraz z innymi materia\u0142ami, takimi jak drewno, twarde PCV i GRP.\"},{\"@type\":\"BreadcrumbList\",\"@id\":\"https:\/\/proventuss.eu\/sk\/produkt\/vi-pro-pu-2k-polyurethane-adhesive\/#breadcrumb\",\"itemListElement\":[{\"@type\":\"ListItem\",\"position\":1,\"name\":\"Home\",\"item\":\"https:\/\/proventuss.eu\/\"},{\"@type\":\"ListItem\",\"position\":2,\"name\":\"Produkty\",\"item\":\"https:\/\/proventuss.eu\/produkty\/\"},{\"@type\":\"ListItem\",\"position\":3,\"name\":\"Vi-Pro PU 2K POLYURETHANE ADHESIVE\"}]},{\"@type\":\"WebSite\",\"@id\":\"https:\/\/proventuss.eu\/#website\",\"url\":\"https:\/\/proventuss.eu\/\",\"name\":\"Proventuss\",\"description\":\"\",\"potentialAction\":[{\"@type\":\"SearchAction\",\"target\":{\"@type\":\"EntryPoint\",\"urlTemplate\":\"https:\/\/proventuss.eu\/?s={search_term_string}\"},\"query-input\":\"required name=search_term_string\"}],\"inLanguage\":\"sk-SK\"}]}<\/script>\n<!-- \/ Yoast SEO plugin. -->","yoast_head_json":{"title":"Vi-Pro PU 2K POLYURETHANE ADHESIVE - Proventuss","robots":{"index":"index","follow":"follow","max-snippet":"max-snippet:-1","max-image-preview":"max-image-preview:large","max-video-preview":"max-video-preview:-1"},"canonical":"https:\/\/proventuss.eu\/sk\/produkt\/vi-pro-pu-2k-polyurethane-adhesive\/","og_locale":"sk_SK","og_type":"article","og_title":"Vi-Pro PU 2K POLYURETHANE ADHESIVE - Proventuss","og_description":"Vi-Pro\u00ae PU 2K POLYURET\u00c1NOV\u00c9 GLUE je dvojzlo\u017ekov\u00e9 reakt\u00edvne lepidlo na b\u00e1ze polyuret\u00e1nov na sp\u00e1janie kovov medzi sebou a s in\u00fdmi materi\u00e1lmi a aplik\u00e1tormi ako je drevo, tvrd\u00e9 PVC a GRP. Lepidlo je vhodn\u00e9 najm\u00e4 na lepenie rohov pri kon\u0161trukcii hlin\u00edkov\u00fdch okien a dver\u00ed, ako aj kontajnerov a vozidiel. Ak pou\u017e\u00edvate v\u00fdkon, zvo\u013ete Vi-Pro\u00ae PU 2K [&hellip;]","og_url":"https:\/\/proventuss.eu\/sk\/produkt\/vi-pro-pu-2k-polyurethane-adhesive\/","og_site_name":"Proventuss","article_modified_time":"2024-11-04T11:55:38+00:00","og_image":[{"width":678,"height":1445,"url":"https:\/\/proventuss.eu\/wp-content\/uploads\/2024\/05\/MG_7407m.jpg","type":"image\/jpeg"}],"twitter_card":"summary_large_image","twitter_misc":{"Predpokladan\u00fd \u010das \u010d\u00edtania":"2 min\u00faty"},"schema":{"@context":"https:\/\/schema.org","@graph":[{"@type":"WebPage","@id":"https:\/\/proventuss.eu\/sk\/produkt\/vi-pro-pu-2k-polyurethane-adhesive\/","url":"https:\/\/proventuss.eu\/sk\/produkt\/vi-pro-pu-2k-polyurethane-adhesive\/","name":"Vi-Pro PU 2K POLYURETHANE ADHESIVE - Proventuss","isPartOf":{"@id":"https:\/\/proventuss.eu\/#website"},"primaryImageOfPage":{"@id":"https:\/\/proventuss.eu\/sk\/produkt\/vi-pro-pu-2k-polyurethane-adhesive\/#primaryimage"},"image":{"@id":"https:\/\/proventuss.eu\/sk\/produkt\/vi-pro-pu-2k-polyurethane-adhesive\/#primaryimage"},"thumbnailUrl":"https:\/\/proventuss.eu\/wp-content\/uploads\/2024\/05\/MG_7407m.jpg","datePublished":"2024-05-10T13:01:10+00:00","dateModified":"2024-11-04T11:55:38+00:00","breadcrumb":{"@id":"https:\/\/proventuss.eu\/sk\/produkt\/vi-pro-pu-2k-polyurethane-adhesive\/#breadcrumb"},"inLanguage":"sk-SK","potentialAction":[{"@type":"ReadAction","target":["https:\/\/proventuss.eu\/sk\/produkt\/vi-pro-pu-2k-polyurethane-adhesive\/"]}]},{"@type":"ImageObject","inLanguage":"sk-SK","@id":"https:\/\/proventuss.eu\/sk\/produkt\/vi-pro-pu-2k-polyurethane-adhesive\/#primaryimage","url":"https:\/\/proventuss.eu\/wp-content\/uploads\/2024\/05\/MG_7407m.jpg","contentUrl":"https:\/\/proventuss.eu\/wp-content\/uploads\/2024\/05\/MG_7407m.jpg","width":678,"height":1445,"caption":"Na zdj\u0119ciu dwusk\u0142adnikowy klej reaktywny przeznaczony do \u0142\u0105czenia metali mi\u0119dzy sob\u0105 oraz z innymi materia\u0142ami, takimi jak drewno, twarde PCV i GRP."},{"@type":"BreadcrumbList","@id":"https:\/\/proventuss.eu\/sk\/produkt\/vi-pro-pu-2k-polyurethane-adhesive\/#breadcrumb","itemListElement":[{"@type":"ListItem","position":1,"name":"Home","item":"https:\/\/proventuss.eu\/"},{"@type":"ListItem","position":2,"name":"Produkty","item":"https:\/\/proventuss.eu\/produkty\/"},{"@type":"ListItem","position":3,"name":"Vi-Pro PU 2K POLYURETHANE ADHESIVE"}]},{"@type":"WebSite","@id":"https:\/\/proventuss.eu\/#website","url":"https:\/\/proventuss.eu\/","name":"Proventuss","description":"","potentialAction":[{"@type":"SearchAction","target":{"@type":"EntryPoint","urlTemplate":"https:\/\/proventuss.eu\/?s={search_term_string}"},"query-input":"required name=search_term_string"}],"inLanguage":"sk-SK"}]}},"_links":{"self":[{"href":"https:\/\/proventuss.eu\/sk\/wp-json\/wp\/v2\/product\/15726"}],"collection":[{"href":"https:\/\/proventuss.eu\/sk\/wp-json\/wp\/v2\/product"}],"about":[{"href":"https:\/\/proventuss.eu\/sk\/wp-json\/wp\/v2\/types\/product"}],"replies":[{"embeddable":true,"href":"https:\/\/proventuss.eu\/sk\/wp-json\/wp\/v2\/comments?post=15726"}],"wp:featuredmedia":[{"embeddable":true,"href":"https:\/\/proventuss.eu\/sk\/wp-json\/wp\/v2\/media\/15846"}],"wp:attachment":[{"href":"https:\/\/proventuss.eu\/sk\/wp-json\/wp\/v2\/media?parent=15726"}],"wp:term":[{"taxonomy":"product_cat","embeddable":true,"href":"https:\/\/proventuss.eu\/sk\/wp-json\/wp\/v2\/product_cat?post=15726"},{"taxonomy":"product_tag","embeddable":true,"href":"https:\/\/proventuss.eu\/sk\/wp-json\/wp\/v2\/product_tag?post=15726"}],"curies":[{"name":"wp","href":"https:\/\/api.w.org\/{rel}","templated":true}]}}