{"id":15714,"date":"2024-05-10T12:46:46","date_gmt":"2024-05-10T12:46:46","guid":{"rendered":"https:\/\/proventuss.eu\/produkt\/vi-pro-wb-2k-window-bonding-silicone-adhesive\/"},"modified":"2024-08-02T08:49:02","modified_gmt":"2024-08-02T08:49:02","slug":"vi-pro-wb-2k-window-bonding-silicone-adhesive","status":"publish","type":"product","link":"https:\/\/proventuss.eu\/sk\/produkt\/vi-pro-wb-2k-window-bonding-silicone-adhesive\/","title":{"rendered":"Vi-Pro WB 2K WINDOW BONDING SILICONE ADHESIVE"},"content":{"rendered":"<p>Vi-Pro\u00ae WB 2K WINDOW BONDING SILICONE LEPIDLO je r\u00fdchlotuhn\u00face dvojzlo\u017ekov\u00e9 silik\u00f3nov\u00e9 lepidlo na lepenie skiel do okenn\u00fdch a dverov\u00fdch kon\u0161trukci\u00ed z hlin\u00edka, PVC, ocele alebo dreva.<\/p>\n<p>Z\u00e1kladom je hladk\u00e1 biela pasta a tu\u017eidlo \u010dierna pasta. Po zmie\u0161an\u00ed materi\u00e1l vytvrdne a vytvor\u00ed flexibiln\u00fa, vysokomodulov\u00fa silik\u00f3nov\u00fa gumu, vhodn\u00fa na pou\u017eitie pri lepen\u00ed okien a dver\u00ed. Je ide\u00e1lny na spevnenie ve\u013ekorozmern\u00fdch okenn\u00fdch a dverov\u00fdch kon\u0161trukci\u00ed, ako aj na bezpe\u010dn\u00e9 zasklenie okien a dver\u00ed proti vl\u00e1maniu.<\/p>\n<p>Dvojzlo\u017ekov\u00e9 zlo\u017eenie umo\u017e\u0148uje r\u00fdchly \u010das tuhnutia, \u010do zvy\u0161uje efektivitu v\u00fdroby a umo\u017e\u0148uje aplik\u00e1ciu na miesta s \u0165a\u017ek\u00fdm pr\u00edstupom vlhkosti. Vi-Pro\u00ae WB 2K je vhodn\u00fd aj na v\u00fdrobu panelov\u00fdch dver\u00ed, zais\u0165uje r\u00fdchle a odoln\u00e9 spojenie.<\/p>\n<p>HLAVN\u00c9 V\u00ddHODY:<br \/>\n&#8211; Doba tuhnutia 6-18 min\u00fat v z\u00e1vislosti od pomeru mie\u0161ania<br \/>\n&#8211; Trvanlivos\u0165 silik\u00f3nu &#8211; v\u00fdborn\u00e1 odolnos\u0165 vo\u010di poveternostn\u00fdm vplyvom<br \/>\n&#8211; Neutr\u00e1lne vytvrdzovanie &#8211; vynikaj\u00faca pri\u013enavos\u0165 bez z\u00e1kladn\u00e9ho n\u00e1teru k \u0161irok\u00e9mu spektru podkladov, vr\u00e1tane pokovovan\u00fdch, smaltovan\u00fdch a reflexn\u00fdch skiel; eloxovan\u00e9 a polyesterom potiahnut\u00e9 alebo lakovan\u00e9 hlin\u00edkov\u00e9 profily, vr\u00e1tane v\u00e4\u010d\u0161iny farieb na b\u00e1ze fluoropolym\u00e9rov.<br \/>\n&#8211; Dostupnos\u0165 vhodn\u00fdch Vi-Pro\u00ae primerov a primerov pre povrchy vy\u017eaduj\u00face zv\u00fd\u0161en\u00fa pri\u013enavos\u0165.<\/p>\n","protected":false},"excerpt":{"rendered":"<p>Vi-Pro\u00ae WB 2K WINDOW BONDING SILICONE LEPIDLO je r\u00fdchlotuhn\u00face dvojzlo\u017ekov\u00e9 silik\u00f3nov\u00e9 lepidlo na lepenie skiel do okenn\u00fdch a dverov\u00fdch kon\u0161trukci\u00ed z hlin\u00edka, PVC, ocele alebo dreva. Z\u00e1kladom je hladk\u00e1 biela pasta a tu\u017eidlo \u010dierna pasta. Po zmie\u0161an\u00ed materi\u00e1l vytvrdne a vytvor\u00ed flexibiln\u00fa, vysokomodulov\u00fa silik\u00f3nov\u00fa gumu, vhodn\u00fa na pou\u017eitie pri lepen\u00ed okien a dver\u00ed. Je ide\u00e1lny [&hellip;]<\/p>\n","protected":false},"featured_media":15707,"comment_status":"open","ping_status":"closed","template":"","meta":{"_acf_changed":false},"product_cat":[388],"product_tag":[],"acf":[],"yoast_head":"<!-- This site is optimized with the Yoast SEO plugin v22.9 - https:\/\/yoast.com\/wordpress\/plugins\/seo\/ -->\n<title>Vi-Pro WB 2K WINDOW BONDING SILICONE ADHESIVE - Proventuss<\/title>\n<meta name=\"robots\" content=\"index, follow, max-snippet:-1, max-image-preview:large, max-video-preview:-1\" \/>\n<link rel=\"canonical\" href=\"https:\/\/proventuss.eu\/sk\/produkt\/vi-pro-wb-2k-window-bonding-silicone-adhesive\/\" \/>\n<meta property=\"og:locale\" content=\"sk_SK\" \/>\n<meta property=\"og:type\" content=\"article\" \/>\n<meta property=\"og:title\" content=\"Vi-Pro WB 2K WINDOW BONDING SILICONE ADHESIVE - Proventuss\" \/>\n<meta property=\"og:description\" content=\"Vi-Pro\u00ae WB 2K WINDOW BONDING SILICONE LEPIDLO je r\u00fdchlotuhn\u00face dvojzlo\u017ekov\u00e9 silik\u00f3nov\u00e9 lepidlo na lepenie skiel do okenn\u00fdch a dverov\u00fdch kon\u0161trukci\u00ed z hlin\u00edka, PVC, ocele alebo dreva. Z\u00e1kladom je hladk\u00e1 biela pasta a tu\u017eidlo \u010dierna pasta. Po zmie\u0161an\u00ed materi\u00e1l vytvrdne a vytvor\u00ed flexibiln\u00fa, vysokomodulov\u00fa silik\u00f3nov\u00fa gumu, vhodn\u00fa na pou\u017eitie pri lepen\u00ed okien a dver\u00ed. Je ide\u00e1lny [&hellip;]\" \/>\n<meta property=\"og:url\" content=\"https:\/\/proventuss.eu\/sk\/produkt\/vi-pro-wb-2k-window-bonding-silicone-adhesive\/\" \/>\n<meta property=\"og:site_name\" content=\"Proventuss\" \/>\n<meta property=\"article:modified_time\" content=\"2024-08-02T08:49:02+00:00\" \/>\n<meta property=\"og:image\" content=\"https:\/\/proventuss.eu\/wp-content\/uploads\/2024\/05\/MG_7395m.png\" \/>\n\t<meta property=\"og:image:width\" content=\"368\" \/>\n\t<meta property=\"og:image:height\" content=\"1000\" \/>\n\t<meta property=\"og:image:type\" content=\"image\/png\" \/>\n<meta name=\"twitter:card\" content=\"summary_large_image\" \/>\n<meta name=\"twitter:label1\" content=\"Predpokladan\u00fd \u010das \u010d\u00edtania\" \/>\n\t<meta name=\"twitter:data1\" content=\"2 min\u00faty\" \/>\n<script type=\"application\/ld+json\" class=\"yoast-schema-graph\">{\"@context\":\"https:\/\/schema.org\",\"@graph\":[{\"@type\":\"WebPage\",\"@id\":\"https:\/\/proventuss.eu\/sk\/produkt\/vi-pro-wb-2k-window-bonding-silicone-adhesive\/\",\"url\":\"https:\/\/proventuss.eu\/sk\/produkt\/vi-pro-wb-2k-window-bonding-silicone-adhesive\/\",\"name\":\"Vi-Pro WB 2K WINDOW BONDING SILICONE ADHESIVE - Proventuss\",\"isPartOf\":{\"@id\":\"https:\/\/proventuss.eu\/#website\"},\"primaryImageOfPage\":{\"@id\":\"https:\/\/proventuss.eu\/sk\/produkt\/vi-pro-wb-2k-window-bonding-silicone-adhesive\/#primaryimage\"},\"image\":{\"@id\":\"https:\/\/proventuss.eu\/sk\/produkt\/vi-pro-wb-2k-window-bonding-silicone-adhesive\/#primaryimage\"},\"thumbnailUrl\":\"https:\/\/proventuss.eu\/wp-content\/uploads\/2024\/05\/MG_7395m.png\",\"datePublished\":\"2024-05-10T12:46:46+00:00\",\"dateModified\":\"2024-08-02T08:49:02+00:00\",\"breadcrumb\":{\"@id\":\"https:\/\/proventuss.eu\/sk\/produkt\/vi-pro-wb-2k-window-bonding-silicone-adhesive\/#breadcrumb\"},\"inLanguage\":\"sk-SK\",\"potentialAction\":[{\"@type\":\"ReadAction\",\"target\":[\"https:\/\/proventuss.eu\/sk\/produkt\/vi-pro-wb-2k-window-bonding-silicone-adhesive\/\"]}]},{\"@type\":\"ImageObject\",\"inLanguage\":\"sk-SK\",\"@id\":\"https:\/\/proventuss.eu\/sk\/produkt\/vi-pro-wb-2k-window-bonding-silicone-adhesive\/#primaryimage\",\"url\":\"https:\/\/proventuss.eu\/wp-content\/uploads\/2024\/05\/MG_7395m.png\",\"contentUrl\":\"https:\/\/proventuss.eu\/wp-content\/uploads\/2024\/05\/MG_7395m.png\",\"width\":368,\"height\":1000,\"caption\":\"Na zdj\u0119ciu szybkowi\u0105\u017c\u0105cy dwusk\u0142adnikowy klej silikonowy do wklejania szyb w konstrukcje okien i drzwi wykonanych z aluminium, PCV, stali lub drewna.\"},{\"@type\":\"BreadcrumbList\",\"@id\":\"https:\/\/proventuss.eu\/sk\/produkt\/vi-pro-wb-2k-window-bonding-silicone-adhesive\/#breadcrumb\",\"itemListElement\":[{\"@type\":\"ListItem\",\"position\":1,\"name\":\"Home\",\"item\":\"https:\/\/proventuss.eu\/\"},{\"@type\":\"ListItem\",\"position\":2,\"name\":\"Produkty\",\"item\":\"https:\/\/proventuss.eu\/produkty\/\"},{\"@type\":\"ListItem\",\"position\":3,\"name\":\"Vi-Pro WB 2K WINDOW BONDING SILICONE ADHESIVE\"}]},{\"@type\":\"WebSite\",\"@id\":\"https:\/\/proventuss.eu\/#website\",\"url\":\"https:\/\/proventuss.eu\/\",\"name\":\"Proventuss\",\"description\":\"\",\"potentialAction\":[{\"@type\":\"SearchAction\",\"target\":{\"@type\":\"EntryPoint\",\"urlTemplate\":\"https:\/\/proventuss.eu\/?s={search_term_string}\"},\"query-input\":\"required name=search_term_string\"}],\"inLanguage\":\"sk-SK\"}]}<\/script>\n<!-- \/ Yoast SEO plugin. -->","yoast_head_json":{"title":"Vi-Pro WB 2K WINDOW BONDING SILICONE ADHESIVE - Proventuss","robots":{"index":"index","follow":"follow","max-snippet":"max-snippet:-1","max-image-preview":"max-image-preview:large","max-video-preview":"max-video-preview:-1"},"canonical":"https:\/\/proventuss.eu\/sk\/produkt\/vi-pro-wb-2k-window-bonding-silicone-adhesive\/","og_locale":"sk_SK","og_type":"article","og_title":"Vi-Pro WB 2K WINDOW BONDING SILICONE ADHESIVE - Proventuss","og_description":"Vi-Pro\u00ae WB 2K WINDOW BONDING SILICONE LEPIDLO je r\u00fdchlotuhn\u00face dvojzlo\u017ekov\u00e9 silik\u00f3nov\u00e9 lepidlo na lepenie skiel do okenn\u00fdch a dverov\u00fdch kon\u0161trukci\u00ed z hlin\u00edka, PVC, ocele alebo dreva. Z\u00e1kladom je hladk\u00e1 biela pasta a tu\u017eidlo \u010dierna pasta. Po zmie\u0161an\u00ed materi\u00e1l vytvrdne a vytvor\u00ed flexibiln\u00fa, vysokomodulov\u00fa silik\u00f3nov\u00fa gumu, vhodn\u00fa na pou\u017eitie pri lepen\u00ed okien a dver\u00ed. Je ide\u00e1lny [&hellip;]","og_url":"https:\/\/proventuss.eu\/sk\/produkt\/vi-pro-wb-2k-window-bonding-silicone-adhesive\/","og_site_name":"Proventuss","article_modified_time":"2024-08-02T08:49:02+00:00","og_image":[{"width":368,"height":1000,"url":"https:\/\/proventuss.eu\/wp-content\/uploads\/2024\/05\/MG_7395m.png","type":"image\/png"}],"twitter_card":"summary_large_image","twitter_misc":{"Predpokladan\u00fd \u010das \u010d\u00edtania":"2 min\u00faty"},"schema":{"@context":"https:\/\/schema.org","@graph":[{"@type":"WebPage","@id":"https:\/\/proventuss.eu\/sk\/produkt\/vi-pro-wb-2k-window-bonding-silicone-adhesive\/","url":"https:\/\/proventuss.eu\/sk\/produkt\/vi-pro-wb-2k-window-bonding-silicone-adhesive\/","name":"Vi-Pro WB 2K WINDOW BONDING SILICONE ADHESIVE - Proventuss","isPartOf":{"@id":"https:\/\/proventuss.eu\/#website"},"primaryImageOfPage":{"@id":"https:\/\/proventuss.eu\/sk\/produkt\/vi-pro-wb-2k-window-bonding-silicone-adhesive\/#primaryimage"},"image":{"@id":"https:\/\/proventuss.eu\/sk\/produkt\/vi-pro-wb-2k-window-bonding-silicone-adhesive\/#primaryimage"},"thumbnailUrl":"https:\/\/proventuss.eu\/wp-content\/uploads\/2024\/05\/MG_7395m.png","datePublished":"2024-05-10T12:46:46+00:00","dateModified":"2024-08-02T08:49:02+00:00","breadcrumb":{"@id":"https:\/\/proventuss.eu\/sk\/produkt\/vi-pro-wb-2k-window-bonding-silicone-adhesive\/#breadcrumb"},"inLanguage":"sk-SK","potentialAction":[{"@type":"ReadAction","target":["https:\/\/proventuss.eu\/sk\/produkt\/vi-pro-wb-2k-window-bonding-silicone-adhesive\/"]}]},{"@type":"ImageObject","inLanguage":"sk-SK","@id":"https:\/\/proventuss.eu\/sk\/produkt\/vi-pro-wb-2k-window-bonding-silicone-adhesive\/#primaryimage","url":"https:\/\/proventuss.eu\/wp-content\/uploads\/2024\/05\/MG_7395m.png","contentUrl":"https:\/\/proventuss.eu\/wp-content\/uploads\/2024\/05\/MG_7395m.png","width":368,"height":1000,"caption":"Na zdj\u0119ciu szybkowi\u0105\u017c\u0105cy dwusk\u0142adnikowy klej silikonowy do wklejania szyb w konstrukcje okien i drzwi wykonanych z aluminium, PCV, stali lub drewna."},{"@type":"BreadcrumbList","@id":"https:\/\/proventuss.eu\/sk\/produkt\/vi-pro-wb-2k-window-bonding-silicone-adhesive\/#breadcrumb","itemListElement":[{"@type":"ListItem","position":1,"name":"Home","item":"https:\/\/proventuss.eu\/"},{"@type":"ListItem","position":2,"name":"Produkty","item":"https:\/\/proventuss.eu\/produkty\/"},{"@type":"ListItem","position":3,"name":"Vi-Pro WB 2K WINDOW BONDING SILICONE ADHESIVE"}]},{"@type":"WebSite","@id":"https:\/\/proventuss.eu\/#website","url":"https:\/\/proventuss.eu\/","name":"Proventuss","description":"","potentialAction":[{"@type":"SearchAction","target":{"@type":"EntryPoint","urlTemplate":"https:\/\/proventuss.eu\/?s={search_term_string}"},"query-input":"required name=search_term_string"}],"inLanguage":"sk-SK"}]}},"_links":{"self":[{"href":"https:\/\/proventuss.eu\/sk\/wp-json\/wp\/v2\/product\/15714"}],"collection":[{"href":"https:\/\/proventuss.eu\/sk\/wp-json\/wp\/v2\/product"}],"about":[{"href":"https:\/\/proventuss.eu\/sk\/wp-json\/wp\/v2\/types\/product"}],"replies":[{"embeddable":true,"href":"https:\/\/proventuss.eu\/sk\/wp-json\/wp\/v2\/comments?post=15714"}],"wp:featuredmedia":[{"embeddable":true,"href":"https:\/\/proventuss.eu\/sk\/wp-json\/wp\/v2\/media\/15707"}],"wp:attachment":[{"href":"https:\/\/proventuss.eu\/sk\/wp-json\/wp\/v2\/media?parent=15714"}],"wp:term":[{"taxonomy":"product_cat","embeddable":true,"href":"https:\/\/proventuss.eu\/sk\/wp-json\/wp\/v2\/product_cat?post=15714"},{"taxonomy":"product_tag","embeddable":true,"href":"https:\/\/proventuss.eu\/sk\/wp-json\/wp\/v2\/product_tag?post=15714"}],"curies":[{"name":"wp","href":"https:\/\/api.w.org\/{rel}","templated":true}]}}