{"id":12546,"date":"2023-03-22T10:56:20","date_gmt":"2023-03-22T10:56:20","guid":{"rendered":"https:\/\/proventuss.eu\/produkt\/graco-battery-pump\/"},"modified":"2023-03-22T10:56:20","modified_gmt":"2023-03-22T10:56:20","slug":"graco-battery-pump","status":"publish","type":"product","link":"https:\/\/proventuss.eu\/sk\/produkt\/graco-battery-pump\/","title":{"rendered":"GRACO battery pump"},"content":{"rendered":"<p>Pokro\u010dil\u00e9 ru\u010dn\u00e9 bezvzduchov\u00e9 striekacie zariadenie.<br \/>\nSmartControl\u2122 pre Perfect Airless Finish\u2122 s ru\u010dn\u00fdm sprejom. Presne zvolen\u00fd tlak pokryje povrch jednou vrstvou pri akejko\u013evek r\u00fdchlosti \u2013 bez riedenia! Funkcia ProControl\u2122 II reguluje r\u00fdchlos\u0165 motora pri plnej kotrole tlaku. Striekanie v\u0161etk\u00fdch architektonick\u00fdch povlakov\/n\u00e1terov.<\/p>\n<p><strong>V\u00ddHODY:<\/strong><br \/>\n\u2013 Perfect Airless Finish\u2122 \u2013 hladk\u00fd a rovn\u00fd povrch bez oh\u013eadu na r\u00fdchlos\u0165. Jeden n\u00e1ter, \u017eiadne riedenie materi\u00e1lu &#8211; v\u0161etky architektonick\u00e9 a interi\u00e9rov\u00e9 dokon\u010dovacie n\u00e1tery<br \/>\n\u2013 Spo\u013eahlivos\u0165 \u2013 v\u017edy a pre ka\u017ed\u00fa pr\u00e1cu. Nov\u00fd dizajn na jednoduch\u00e9 \u010distenie.<\/p>\n","protected":false},"excerpt":{"rendered":"<p>Pokro\u010dil\u00e9 ru\u010dn\u00e9 bezvzduchov\u00e9 striekacie zariadenie. SmartControl\u2122 pre Perfect Airless Finish\u2122 s ru\u010dn\u00fdm sprejom. Presne zvolen\u00fd tlak pokryje povrch jednou vrstvou pri akejko\u013evek r\u00fdchlosti \u2013 bez riedenia! Funkcia ProControl\u2122 II reguluje r\u00fdchlos\u0165 motora pri plnej kotrole tlaku. Striekanie v\u0161etk\u00fdch architektonick\u00fdch povlakov\/n\u00e1terov. V\u00ddHODY: \u2013 Perfect Airless Finish\u2122 \u2013 hladk\u00fd a rovn\u00fd povrch bez oh\u013eadu na r\u00fdchlos\u0165. Jeden [&hellip;]<\/p>\n","protected":false},"featured_media":11804,"comment_status":"open","ping_status":"closed","template":"","meta":{"_acf_changed":false},"product_cat":[461],"product_tag":[],"acf":[],"yoast_head":"<!-- This site is optimized with the Yoast SEO plugin v22.9 - https:\/\/yoast.com\/wordpress\/plugins\/seo\/ -->\n<title>GRACO battery pump - Proventuss<\/title>\n<meta name=\"robots\" content=\"index, follow, max-snippet:-1, max-image-preview:large, max-video-preview:-1\" \/>\n<link rel=\"canonical\" href=\"https:\/\/proventuss.eu\/sk\/produkt\/graco-battery-pump\/\" \/>\n<meta property=\"og:locale\" content=\"sk_SK\" \/>\n<meta property=\"og:type\" content=\"article\" \/>\n<meta property=\"og:title\" content=\"GRACO battery pump - Proventuss\" \/>\n<meta property=\"og:description\" content=\"Pokro\u010dil\u00e9 ru\u010dn\u00e9 bezvzduchov\u00e9 striekacie zariadenie. SmartControl\u2122 pre Perfect Airless Finish\u2122 s ru\u010dn\u00fdm sprejom. Presne zvolen\u00fd tlak pokryje povrch jednou vrstvou pri akejko\u013evek r\u00fdchlosti \u2013 bez riedenia! Funkcia ProControl\u2122 II reguluje r\u00fdchlos\u0165 motora pri plnej kotrole tlaku. Striekanie v\u0161etk\u00fdch architektonick\u00fdch povlakov\/n\u00e1terov. V\u00ddHODY: \u2013 Perfect Airless Finish\u2122 \u2013 hladk\u00fd a rovn\u00fd povrch bez oh\u013eadu na r\u00fdchlos\u0165. Jeden [&hellip;]\" \/>\n<meta property=\"og:url\" content=\"https:\/\/proventuss.eu\/sk\/produkt\/graco-battery-pump\/\" \/>\n<meta property=\"og:site_name\" content=\"Proventuss\" \/>\n<meta property=\"og:image\" content=\"https:\/\/proventuss.eu\/wp-content\/uploads\/2023\/03\/graco-dewalt-pistolet.jpg\" \/>\n\t<meta property=\"og:image:width\" content=\"1042\" \/>\n\t<meta property=\"og:image:height\" content=\"859\" \/>\n\t<meta property=\"og:image:type\" content=\"image\/jpeg\" \/>\n<meta name=\"twitter:card\" content=\"summary_large_image\" \/>\n<script type=\"application\/ld+json\" class=\"yoast-schema-graph\">{\"@context\":\"https:\/\/schema.org\",\"@graph\":[{\"@type\":\"WebPage\",\"@id\":\"https:\/\/proventuss.eu\/sk\/produkt\/graco-battery-pump\/\",\"url\":\"https:\/\/proventuss.eu\/sk\/produkt\/graco-battery-pump\/\",\"name\":\"GRACO battery pump - Proventuss\",\"isPartOf\":{\"@id\":\"https:\/\/proventuss.eu\/#website\"},\"primaryImageOfPage\":{\"@id\":\"https:\/\/proventuss.eu\/sk\/produkt\/graco-battery-pump\/#primaryimage\"},\"image\":{\"@id\":\"https:\/\/proventuss.eu\/sk\/produkt\/graco-battery-pump\/#primaryimage\"},\"thumbnailUrl\":\"https:\/\/proventuss.eu\/wp-content\/uploads\/2023\/03\/graco-dewalt-pistolet.jpg\",\"datePublished\":\"2023-03-22T10:56:20+00:00\",\"dateModified\":\"2023-03-22T10:56:20+00:00\",\"breadcrumb\":{\"@id\":\"https:\/\/proventuss.eu\/sk\/produkt\/graco-battery-pump\/#breadcrumb\"},\"inLanguage\":\"sk-SK\",\"potentialAction\":[{\"@type\":\"ReadAction\",\"target\":[\"https:\/\/proventuss.eu\/sk\/produkt\/graco-battery-pump\/\"]}]},{\"@type\":\"ImageObject\",\"inLanguage\":\"sk-SK\",\"@id\":\"https:\/\/proventuss.eu\/sk\/produkt\/graco-battery-pump\/#primaryimage\",\"url\":\"https:\/\/proventuss.eu\/wp-content\/uploads\/2023\/03\/graco-dewalt-pistolet.jpg\",\"contentUrl\":\"https:\/\/proventuss.eu\/wp-content\/uploads\/2023\/03\/graco-dewalt-pistolet.jpg\",\"width\":1042,\"height\":859},{\"@type\":\"BreadcrumbList\",\"@id\":\"https:\/\/proventuss.eu\/sk\/produkt\/graco-battery-pump\/#breadcrumb\",\"itemListElement\":[{\"@type\":\"ListItem\",\"position\":1,\"name\":\"Home\",\"item\":\"https:\/\/proventuss.eu\/\"},{\"@type\":\"ListItem\",\"position\":2,\"name\":\"Produkty\",\"item\":\"https:\/\/proventuss.eu\/produkty\/\"},{\"@type\":\"ListItem\",\"position\":3,\"name\":\"GRACO battery pump\"}]},{\"@type\":\"WebSite\",\"@id\":\"https:\/\/proventuss.eu\/#website\",\"url\":\"https:\/\/proventuss.eu\/\",\"name\":\"Proventuss\",\"description\":\"\",\"potentialAction\":[{\"@type\":\"SearchAction\",\"target\":{\"@type\":\"EntryPoint\",\"urlTemplate\":\"https:\/\/proventuss.eu\/?s={search_term_string}\"},\"query-input\":\"required name=search_term_string\"}],\"inLanguage\":\"sk-SK\"}]}<\/script>\n<!-- \/ Yoast SEO plugin. -->","yoast_head_json":{"title":"GRACO battery pump - Proventuss","robots":{"index":"index","follow":"follow","max-snippet":"max-snippet:-1","max-image-preview":"max-image-preview:large","max-video-preview":"max-video-preview:-1"},"canonical":"https:\/\/proventuss.eu\/sk\/produkt\/graco-battery-pump\/","og_locale":"sk_SK","og_type":"article","og_title":"GRACO battery pump - Proventuss","og_description":"Pokro\u010dil\u00e9 ru\u010dn\u00e9 bezvzduchov\u00e9 striekacie zariadenie. SmartControl\u2122 pre Perfect Airless Finish\u2122 s ru\u010dn\u00fdm sprejom. Presne zvolen\u00fd tlak pokryje povrch jednou vrstvou pri akejko\u013evek r\u00fdchlosti \u2013 bez riedenia! Funkcia ProControl\u2122 II reguluje r\u00fdchlos\u0165 motora pri plnej kotrole tlaku. Striekanie v\u0161etk\u00fdch architektonick\u00fdch povlakov\/n\u00e1terov. V\u00ddHODY: \u2013 Perfect Airless Finish\u2122 \u2013 hladk\u00fd a rovn\u00fd povrch bez oh\u013eadu na r\u00fdchlos\u0165. Jeden [&hellip;]","og_url":"https:\/\/proventuss.eu\/sk\/produkt\/graco-battery-pump\/","og_site_name":"Proventuss","og_image":[{"width":1042,"height":859,"url":"https:\/\/proventuss.eu\/wp-content\/uploads\/2023\/03\/graco-dewalt-pistolet.jpg","type":"image\/jpeg"}],"twitter_card":"summary_large_image","schema":{"@context":"https:\/\/schema.org","@graph":[{"@type":"WebPage","@id":"https:\/\/proventuss.eu\/sk\/produkt\/graco-battery-pump\/","url":"https:\/\/proventuss.eu\/sk\/produkt\/graco-battery-pump\/","name":"GRACO battery pump - Proventuss","isPartOf":{"@id":"https:\/\/proventuss.eu\/#website"},"primaryImageOfPage":{"@id":"https:\/\/proventuss.eu\/sk\/produkt\/graco-battery-pump\/#primaryimage"},"image":{"@id":"https:\/\/proventuss.eu\/sk\/produkt\/graco-battery-pump\/#primaryimage"},"thumbnailUrl":"https:\/\/proventuss.eu\/wp-content\/uploads\/2023\/03\/graco-dewalt-pistolet.jpg","datePublished":"2023-03-22T10:56:20+00:00","dateModified":"2023-03-22T10:56:20+00:00","breadcrumb":{"@id":"https:\/\/proventuss.eu\/sk\/produkt\/graco-battery-pump\/#breadcrumb"},"inLanguage":"sk-SK","potentialAction":[{"@type":"ReadAction","target":["https:\/\/proventuss.eu\/sk\/produkt\/graco-battery-pump\/"]}]},{"@type":"ImageObject","inLanguage":"sk-SK","@id":"https:\/\/proventuss.eu\/sk\/produkt\/graco-battery-pump\/#primaryimage","url":"https:\/\/proventuss.eu\/wp-content\/uploads\/2023\/03\/graco-dewalt-pistolet.jpg","contentUrl":"https:\/\/proventuss.eu\/wp-content\/uploads\/2023\/03\/graco-dewalt-pistolet.jpg","width":1042,"height":859},{"@type":"BreadcrumbList","@id":"https:\/\/proventuss.eu\/sk\/produkt\/graco-battery-pump\/#breadcrumb","itemListElement":[{"@type":"ListItem","position":1,"name":"Home","item":"https:\/\/proventuss.eu\/"},{"@type":"ListItem","position":2,"name":"Produkty","item":"https:\/\/proventuss.eu\/produkty\/"},{"@type":"ListItem","position":3,"name":"GRACO battery pump"}]},{"@type":"WebSite","@id":"https:\/\/proventuss.eu\/#website","url":"https:\/\/proventuss.eu\/","name":"Proventuss","description":"","potentialAction":[{"@type":"SearchAction","target":{"@type":"EntryPoint","urlTemplate":"https:\/\/proventuss.eu\/?s={search_term_string}"},"query-input":"required name=search_term_string"}],"inLanguage":"sk-SK"}]}},"_links":{"self":[{"href":"https:\/\/proventuss.eu\/sk\/wp-json\/wp\/v2\/product\/12546"}],"collection":[{"href":"https:\/\/proventuss.eu\/sk\/wp-json\/wp\/v2\/product"}],"about":[{"href":"https:\/\/proventuss.eu\/sk\/wp-json\/wp\/v2\/types\/product"}],"replies":[{"embeddable":true,"href":"https:\/\/proventuss.eu\/sk\/wp-json\/wp\/v2\/comments?post=12546"}],"wp:featuredmedia":[{"embeddable":true,"href":"https:\/\/proventuss.eu\/sk\/wp-json\/wp\/v2\/media\/11804"}],"wp:attachment":[{"href":"https:\/\/proventuss.eu\/sk\/wp-json\/wp\/v2\/media?parent=12546"}],"wp:term":[{"taxonomy":"product_cat","embeddable":true,"href":"https:\/\/proventuss.eu\/sk\/wp-json\/wp\/v2\/product_cat?post=12546"},{"taxonomy":"product_tag","embeddable":true,"href":"https:\/\/proventuss.eu\/sk\/wp-json\/wp\/v2\/product_tag?post=12546"}],"curies":[{"name":"wp","href":"https:\/\/api.w.org\/{rel}","templated":true}]}}