{"id":12540,"date":"2023-02-14T13:21:42","date_gmt":"2023-02-14T13:21:42","guid":{"rendered":"https:\/\/proventuss.eu\/produkt\/contiflow-versa\/"},"modified":"2023-05-09T14:10:26","modified_gmt":"2023-05-09T14:10:26","slug":"contiflow-versa","status":"publish","type":"product","link":"https:\/\/proventuss.eu\/sk\/produkt\/contiflow-versa\/","title":{"rendered":"ContiFlow Versa"},"content":{"rendered":"<p>Conti Flow Versa je mobiln\u00fd a kompaktn\u00fd 2C d\u00e1vkovac\u00ed a mie\u0161ac\u00ed syst\u00e9m na spracovanie 2C materi\u00e1lov s n\u00edzkou a\u017e vysokou viskozitou.<br \/>\nJeho flexibilita z neho rob\u00ed partnera v n\u00e1ro\u010dn\u00fdch pracovn\u00fdch oblastiach.<\/p>\n<p>\u0160TANDARDN\u00c9 FUNKCIE<br \/>\n\u2013 7\u201c dotykov\u00fd displej<br \/>\n\u2013 Vysok\u00e1 presnos\u0165 d\u00e1vkovania v\u010faka kr\u00e1tkej vzdialenosti od d\u00e1vkovacej jednotky k aplik\u00e1cii<br \/>\n\u2013 Extr\u00e9mne pohodln\u00e9 ovl\u00e1danie s flexibiln\u00fdm oto\u010dn\u00fdm ramenom a oporou vyva\u017eova\u010da<br \/>\n\u2013 S r\u00f4znymi mo\u017enos\u0165ami a funkciami konfigurovate\u013en\u00fdmi pod\u013ea va\u0161ich po\u017eiadaviek<br \/>\n\u2013 Vr\u00e1tane pohodlnej ru\u010dnej pi\u0161tole Gamma Mix s ergonomick\u00fdm dizajnom sp\u00edna\u010da<br \/>\n\u2013 Monitorovanie vstupn\u00e9ho a v\u00fdstupn\u00e9ho tlaku<br \/>\n\u2013 Mo\u017en\u00e9 r\u00f4zne syst\u00e9my pod\u00e1vania<br \/>\n\u2013 Upozornenie na pr\u00e1zdny sud<\/p>\n<p>MO\u017dNOSTI:<br \/>\n\u2013 A\u017e 600 g \u013eahk\u00e1 a pohodln\u00e1 aplika\u010dn\u00e1 pi\u0161to\u013e vr. nastavite\u013en\u00e9ho uhla a mie\u0161acej jednotky namontovanej na oto\u010dnom ramene<br \/>\n\u2013 Regul\u00e1cia zmie\u0161avacieho pomeru s merac\u00edmi \u010dl\u00e1nkami<br \/>\n\u2013 Dostupn\u00e9 v kombin\u00e1cii s pod\u00e1vac\u00edmi jednotkami RT alebo tlakovou n\u00e1dobou v z\u00e1vislosti od materi\u00e1lu a spotreby<br \/>\n\u2013 Mo\u017enos\u0165 a\u017e 8 vykurovac\u00edch okruhov<br \/>\n\u2013 Inline sledovanie zmie\u0161avacieho pomeru (volite\u013ene vr\u00e1tane regul\u00e1cie)<br \/>\n\u2013 MPC (Mold Pressure Control) pre procesy RTM\/RIM pri v\u00fdrobe kompozitov<br \/>\n\u2013 A\u017e 64 programov merania<br \/>\n\u2013 Rolovacie telo stroja<br \/>\n\u2013 Alternat\u00edvne s no\u017en\u00fdm alebo ru\u010dn\u00fdm sp\u00edna\u010dom<br \/>\n\u2013 Evaku\u00e1cia<br \/>\n\u2013 Sp\u00e4tn\u00fd ventil<br \/>\n\u2013 Elektrick\u00e9 mie\u0161adlo<\/p>\n","protected":false},"excerpt":{"rendered":"<p>Conti Flow Versa je mobiln\u00fd a kompaktn\u00fd 2C d\u00e1vkovac\u00ed a mie\u0161ac\u00ed syst\u00e9m na spracovanie 2C materi\u00e1lov s n\u00edzkou a\u017e vysokou viskozitou. Jeho flexibilita z neho rob\u00ed partnera v n\u00e1ro\u010dn\u00fdch pracovn\u00fdch oblastiach. \u0160TANDARDN\u00c9 FUNKCIE \u2013 7\u201c dotykov\u00fd displej \u2013 Vysok\u00e1 presnos\u0165 d\u00e1vkovania v\u010faka kr\u00e1tkej vzdialenosti od d\u00e1vkovacej jednotky k aplik\u00e1cii \u2013 Extr\u00e9mne pohodln\u00e9 ovl\u00e1danie s flexibiln\u00fdm [&hellip;]<\/p>\n","protected":false},"featured_media":11318,"comment_status":"open","ping_status":"closed","template":"","meta":{"_acf_changed":false},"product_cat":[461],"product_tag":[],"acf":[],"yoast_head":"<!-- This site is optimized with the Yoast SEO plugin v22.9 - https:\/\/yoast.com\/wordpress\/plugins\/seo\/ -->\n<title>ContiFlow Versa - Proventuss<\/title>\n<meta name=\"robots\" content=\"index, follow, max-snippet:-1, max-image-preview:large, max-video-preview:-1\" \/>\n<link rel=\"canonical\" href=\"https:\/\/proventuss.eu\/sk\/produkt\/contiflow-versa\/\" \/>\n<meta property=\"og:locale\" content=\"sk_SK\" \/>\n<meta property=\"og:type\" content=\"article\" \/>\n<meta property=\"og:title\" content=\"ContiFlow Versa - Proventuss\" \/>\n<meta property=\"og:description\" content=\"Conti Flow Versa je mobiln\u00fd a kompaktn\u00fd 2C d\u00e1vkovac\u00ed a mie\u0161ac\u00ed syst\u00e9m na spracovanie 2C materi\u00e1lov s n\u00edzkou a\u017e vysokou viskozitou. Jeho flexibilita z neho rob\u00ed partnera v n\u00e1ro\u010dn\u00fdch pracovn\u00fdch oblastiach. \u0160TANDARDN\u00c9 FUNKCIE \u2013 7\u201c dotykov\u00fd displej \u2013 Vysok\u00e1 presnos\u0165 d\u00e1vkovania v\u010faka kr\u00e1tkej vzdialenosti od d\u00e1vkovacej jednotky k aplik\u00e1cii \u2013 Extr\u00e9mne pohodln\u00e9 ovl\u00e1danie s flexibiln\u00fdm [&hellip;]\" \/>\n<meta property=\"og:url\" content=\"https:\/\/proventuss.eu\/sk\/produkt\/contiflow-versa\/\" \/>\n<meta property=\"og:site_name\" content=\"Proventuss\" \/>\n<meta property=\"article:modified_time\" content=\"2023-05-09T14:10:26+00:00\" \/>\n<meta property=\"og:image\" content=\"https:\/\/proventuss.eu\/wp-content\/uploads\/2023\/02\/Conti-Flow-Versa-1500x1200-1.png\" \/>\n\t<meta property=\"og:image:width\" content=\"1200\" \/>\n\t<meta property=\"og:image:height\" content=\"1500\" \/>\n\t<meta property=\"og:image:type\" content=\"image\/png\" \/>\n<meta name=\"twitter:card\" content=\"summary_large_image\" \/>\n<meta name=\"twitter:label1\" content=\"Predpokladan\u00fd \u010das \u010d\u00edtania\" \/>\n\t<meta name=\"twitter:data1\" content=\"1 min\u00fata\" \/>\n<script type=\"application\/ld+json\" class=\"yoast-schema-graph\">{\"@context\":\"https:\/\/schema.org\",\"@graph\":[{\"@type\":\"WebPage\",\"@id\":\"https:\/\/proventuss.eu\/sk\/produkt\/contiflow-versa\/\",\"url\":\"https:\/\/proventuss.eu\/sk\/produkt\/contiflow-versa\/\",\"name\":\"ContiFlow Versa - Proventuss\",\"isPartOf\":{\"@id\":\"https:\/\/proventuss.eu\/#website\"},\"primaryImageOfPage\":{\"@id\":\"https:\/\/proventuss.eu\/sk\/produkt\/contiflow-versa\/#primaryimage\"},\"image\":{\"@id\":\"https:\/\/proventuss.eu\/sk\/produkt\/contiflow-versa\/#primaryimage\"},\"thumbnailUrl\":\"https:\/\/proventuss.eu\/wp-content\/uploads\/2023\/02\/Conti-Flow-Versa-1500x1200-1.png\",\"datePublished\":\"2023-02-14T13:21:42+00:00\",\"dateModified\":\"2023-05-09T14:10:26+00:00\",\"breadcrumb\":{\"@id\":\"https:\/\/proventuss.eu\/sk\/produkt\/contiflow-versa\/#breadcrumb\"},\"inLanguage\":\"sk-SK\",\"potentialAction\":[{\"@type\":\"ReadAction\",\"target\":[\"https:\/\/proventuss.eu\/sk\/produkt\/contiflow-versa\/\"]}]},{\"@type\":\"ImageObject\",\"inLanguage\":\"sk-SK\",\"@id\":\"https:\/\/proventuss.eu\/sk\/produkt\/contiflow-versa\/#primaryimage\",\"url\":\"https:\/\/proventuss.eu\/wp-content\/uploads\/2023\/02\/Conti-Flow-Versa-1500x1200-1.png\",\"contentUrl\":\"https:\/\/proventuss.eu\/wp-content\/uploads\/2023\/02\/Conti-Flow-Versa-1500x1200-1.png\",\"width\":1200,\"height\":1500},{\"@type\":\"BreadcrumbList\",\"@id\":\"https:\/\/proventuss.eu\/sk\/produkt\/contiflow-versa\/#breadcrumb\",\"itemListElement\":[{\"@type\":\"ListItem\",\"position\":1,\"name\":\"Home\",\"item\":\"https:\/\/proventuss.eu\/\"},{\"@type\":\"ListItem\",\"position\":2,\"name\":\"Produkty\",\"item\":\"https:\/\/proventuss.eu\/produkty\/\"},{\"@type\":\"ListItem\",\"position\":3,\"name\":\"ContiFlow Versa\"}]},{\"@type\":\"WebSite\",\"@id\":\"https:\/\/proventuss.eu\/#website\",\"url\":\"https:\/\/proventuss.eu\/\",\"name\":\"Proventuss\",\"description\":\"\",\"potentialAction\":[{\"@type\":\"SearchAction\",\"target\":{\"@type\":\"EntryPoint\",\"urlTemplate\":\"https:\/\/proventuss.eu\/?s={search_term_string}\"},\"query-input\":\"required name=search_term_string\"}],\"inLanguage\":\"sk-SK\"}]}<\/script>\n<!-- \/ Yoast SEO plugin. -->","yoast_head_json":{"title":"ContiFlow Versa - Proventuss","robots":{"index":"index","follow":"follow","max-snippet":"max-snippet:-1","max-image-preview":"max-image-preview:large","max-video-preview":"max-video-preview:-1"},"canonical":"https:\/\/proventuss.eu\/sk\/produkt\/contiflow-versa\/","og_locale":"sk_SK","og_type":"article","og_title":"ContiFlow Versa - Proventuss","og_description":"Conti Flow Versa je mobiln\u00fd a kompaktn\u00fd 2C d\u00e1vkovac\u00ed a mie\u0161ac\u00ed syst\u00e9m na spracovanie 2C materi\u00e1lov s n\u00edzkou a\u017e vysokou viskozitou. Jeho flexibilita z neho rob\u00ed partnera v n\u00e1ro\u010dn\u00fdch pracovn\u00fdch oblastiach. \u0160TANDARDN\u00c9 FUNKCIE \u2013 7\u201c dotykov\u00fd displej \u2013 Vysok\u00e1 presnos\u0165 d\u00e1vkovania v\u010faka kr\u00e1tkej vzdialenosti od d\u00e1vkovacej jednotky k aplik\u00e1cii \u2013 Extr\u00e9mne pohodln\u00e9 ovl\u00e1danie s flexibiln\u00fdm [&hellip;]","og_url":"https:\/\/proventuss.eu\/sk\/produkt\/contiflow-versa\/","og_site_name":"Proventuss","article_modified_time":"2023-05-09T14:10:26+00:00","og_image":[{"width":1200,"height":1500,"url":"https:\/\/proventuss.eu\/wp-content\/uploads\/2023\/02\/Conti-Flow-Versa-1500x1200-1.png","type":"image\/png"}],"twitter_card":"summary_large_image","twitter_misc":{"Predpokladan\u00fd \u010das \u010d\u00edtania":"1 min\u00fata"},"schema":{"@context":"https:\/\/schema.org","@graph":[{"@type":"WebPage","@id":"https:\/\/proventuss.eu\/sk\/produkt\/contiflow-versa\/","url":"https:\/\/proventuss.eu\/sk\/produkt\/contiflow-versa\/","name":"ContiFlow Versa - Proventuss","isPartOf":{"@id":"https:\/\/proventuss.eu\/#website"},"primaryImageOfPage":{"@id":"https:\/\/proventuss.eu\/sk\/produkt\/contiflow-versa\/#primaryimage"},"image":{"@id":"https:\/\/proventuss.eu\/sk\/produkt\/contiflow-versa\/#primaryimage"},"thumbnailUrl":"https:\/\/proventuss.eu\/wp-content\/uploads\/2023\/02\/Conti-Flow-Versa-1500x1200-1.png","datePublished":"2023-02-14T13:21:42+00:00","dateModified":"2023-05-09T14:10:26+00:00","breadcrumb":{"@id":"https:\/\/proventuss.eu\/sk\/produkt\/contiflow-versa\/#breadcrumb"},"inLanguage":"sk-SK","potentialAction":[{"@type":"ReadAction","target":["https:\/\/proventuss.eu\/sk\/produkt\/contiflow-versa\/"]}]},{"@type":"ImageObject","inLanguage":"sk-SK","@id":"https:\/\/proventuss.eu\/sk\/produkt\/contiflow-versa\/#primaryimage","url":"https:\/\/proventuss.eu\/wp-content\/uploads\/2023\/02\/Conti-Flow-Versa-1500x1200-1.png","contentUrl":"https:\/\/proventuss.eu\/wp-content\/uploads\/2023\/02\/Conti-Flow-Versa-1500x1200-1.png","width":1200,"height":1500},{"@type":"BreadcrumbList","@id":"https:\/\/proventuss.eu\/sk\/produkt\/contiflow-versa\/#breadcrumb","itemListElement":[{"@type":"ListItem","position":1,"name":"Home","item":"https:\/\/proventuss.eu\/"},{"@type":"ListItem","position":2,"name":"Produkty","item":"https:\/\/proventuss.eu\/produkty\/"},{"@type":"ListItem","position":3,"name":"ContiFlow Versa"}]},{"@type":"WebSite","@id":"https:\/\/proventuss.eu\/#website","url":"https:\/\/proventuss.eu\/","name":"Proventuss","description":"","potentialAction":[{"@type":"SearchAction","target":{"@type":"EntryPoint","urlTemplate":"https:\/\/proventuss.eu\/?s={search_term_string}"},"query-input":"required name=search_term_string"}],"inLanguage":"sk-SK"}]}},"_links":{"self":[{"href":"https:\/\/proventuss.eu\/sk\/wp-json\/wp\/v2\/product\/12540"}],"collection":[{"href":"https:\/\/proventuss.eu\/sk\/wp-json\/wp\/v2\/product"}],"about":[{"href":"https:\/\/proventuss.eu\/sk\/wp-json\/wp\/v2\/types\/product"}],"replies":[{"embeddable":true,"href":"https:\/\/proventuss.eu\/sk\/wp-json\/wp\/v2\/comments?post=12540"}],"wp:featuredmedia":[{"embeddable":true,"href":"https:\/\/proventuss.eu\/sk\/wp-json\/wp\/v2\/media\/11318"}],"wp:attachment":[{"href":"https:\/\/proventuss.eu\/sk\/wp-json\/wp\/v2\/media?parent=12540"}],"wp:term":[{"taxonomy":"product_cat","embeddable":true,"href":"https:\/\/proventuss.eu\/sk\/wp-json\/wp\/v2\/product_cat?post=12540"},{"taxonomy":"product_tag","embeddable":true,"href":"https:\/\/proventuss.eu\/sk\/wp-json\/wp\/v2\/product_tag?post=12540"}],"curies":[{"name":"wp","href":"https:\/\/api.w.org\/{rel}","templated":true}]}}