{"id":12538,"date":"2023-03-23T08:16:32","date_gmt":"2023-03-23T08:16:32","guid":{"rendered":"https:\/\/proventuss.eu\/produkt\/bituthene-8000-vode-a-pare-odolna-samolepiaca-membrana-pre-podzemne-konstrukcie\/"},"modified":"2023-03-23T08:16:32","modified_gmt":"2023-03-23T08:16:32","slug":"bituthene-8000-vode-a-pare-odolna-samolepiaca-membrana-pre-podzemne-konstrukcie","status":"publish","type":"product","link":"https:\/\/proventuss.eu\/sk\/produkt\/bituthene-8000-vode-a-pare-odolna-samolepiaca-membrana-pre-podzemne-konstrukcie\/","title":{"rendered":"Bituthene\u00ae 8000 vode a pare odoln\u00e1 samolepiaca membr\u00e1na pre podzemn\u00e9 kon\u0161trukcie"},"content":{"rendered":"<p>Bituthene\u00ae 8000 kombinuje osved\u010den\u00fa technol\u00f3giu bitut\u00e9nov\u00e9ho lepidla s jedine\u010dnou \u0161edou zadnou vrstvou pre lep\u0161\u00ed v\u00fdkon a jednoduch\u0161iu in\u0161tal\u00e1ciu. Bituthene 8000 je v\u00fdnimo\u010dne pevn\u00fd a odoln\u00fd. Ak\u00e9ko\u013evek n\u00e1hodn\u00e9 po\u0161kodenie membr\u00e1ny, ktor\u00e9 by za norm\u00e1lnych okolnost\u00ed zostalo bez pov\u0161imnutia, sa prejav\u00ed ako \u010dierna \u0161kvrna na svetlosivom povrchu.<\/p>\n<p>V\u00ddHODY:<br \/>\n\u2022 Odolnos\u0165 vo\u010di vode a vlhkosti \u2013 zais\u0165uje bezpe\u010dnos\u0165 v\u0161etk\u00fdch podzemn\u00fdch stavieb.<br \/>\n\u2022 Plynotesn\u00e9 \u2013 odoln\u00e9 vo\u010di met\u00e1nu, oxidu uhli\u010dit\u00e9mu a rad\u00f3nu. Prekra\u010duje po\u017eiadavky stanoven\u00e9 v spr\u00e1ve BRE 211 (rad\u00f3n) a 212 (met\u00e1n a oxid uhli\u010dit\u00fd).<br \/>\n\u2022 Odolnos\u0165 proti hydrostatick\u00e9mu tlaku \u2013 70 m vodn\u00e9ho st\u013apca.<br \/>\n\u2022 \u0160irok\u00fd rozsah pou\u017eitia \u2013 mo\u017enos\u0165 aplik\u00e1cie v rozsahu tepl\u00f4t od -5 \u00b0C do +35 \u00b0C, aj na vlhk\u00e9 povrchy.<br \/>\n\u2022 Jednoduch\u00e9 pou\u017eitie pri vysok\u00fdch teplot\u00e1ch \u2013 viac ako 20% zn\u00ed\u017eenie absorpcie slne\u010dn\u00e9ho tepla.<br \/>\n\u2022 Jedine\u010dn\u00fd povrch \u2013 hladk\u00fd, pru\u017en\u00fd povrch poskytuje vysok\u00fa pevnos\u0165 proti roztrhnutiu a vysok\u00fa odolnos\u0165 proti prepichnutiu.<br \/>\n\u2022 Jednoduch\u00e1 mont\u00e1\u017e \u2013 tla\u010den\u00e1 z\u00e1lo\u017eka u\u013eah\u010duje aplik\u00e1ciu a zais\u0165uje minim\u00e1lne presahy. Svetl\u00e1 farba u\u013eah\u010duje opravy zv\u00fdraznen\u00edm n\u00e1hodn\u00e9ho po\u0161kodenia.<br \/>\n\u2022 Syst\u00e9mov\u00e1 kompatibilita \u2013 je mo\u017en\u00e9 kombinova\u0165 s p\u00e1sov\u00fdmi membr\u00e1nami Preprufe\u00ae, tekutou membr\u00e1nou Bituthene\u00ae LM a dren\u00e1\u017enymi doskami Hydroduct\u00ae.<\/p>\n","protected":false},"excerpt":{"rendered":"<p>Bituthene\u00ae 8000 kombinuje osved\u010den\u00fa technol\u00f3giu bitut\u00e9nov\u00e9ho lepidla s jedine\u010dnou \u0161edou zadnou vrstvou pre lep\u0161\u00ed v\u00fdkon a jednoduch\u0161iu in\u0161tal\u00e1ciu. Bituthene 8000 je v\u00fdnimo\u010dne pevn\u00fd a odoln\u00fd. Ak\u00e9ko\u013evek n\u00e1hodn\u00e9 po\u0161kodenie membr\u00e1ny, ktor\u00e9 by za norm\u00e1lnych okolnost\u00ed zostalo bez pov\u0161imnutia, sa prejav\u00ed ako \u010dierna \u0161kvrna na svetlosivom povrchu. V\u00ddHODY: \u2022 Odolnos\u0165 vo\u010di vode a vlhkosti \u2013 zais\u0165uje bezpe\u010dnos\u0165 [&hellip;]<\/p>\n","protected":false},"featured_media":11878,"comment_status":"open","ping_status":"closed","template":"","meta":{"_acf_changed":false},"product_cat":[15],"product_tag":[],"acf":[],"yoast_head":"<!-- This site is optimized with the Yoast SEO plugin v22.9 - https:\/\/yoast.com\/wordpress\/plugins\/seo\/ -->\n<title>Bituthene\u00ae 8000 vode a pare odoln\u00e1 samolepiaca membr\u00e1na pre podzemn\u00e9 kon\u0161trukcie - Proventuss<\/title>\n<meta name=\"robots\" content=\"index, follow, max-snippet:-1, max-image-preview:large, max-video-preview:-1\" \/>\n<link rel=\"canonical\" href=\"https:\/\/proventuss.eu\/sk\/produkt\/bituthene-8000-vode-a-pare-odolna-samolepiaca-membrana-pre-podzemne-konstrukcie\/\" \/>\n<meta property=\"og:locale\" content=\"sk_SK\" \/>\n<meta property=\"og:type\" content=\"article\" \/>\n<meta property=\"og:title\" content=\"Bituthene\u00ae 8000 vode a pare odoln\u00e1 samolepiaca membr\u00e1na pre podzemn\u00e9 kon\u0161trukcie - Proventuss\" \/>\n<meta property=\"og:description\" content=\"Bituthene\u00ae 8000 kombinuje osved\u010den\u00fa technol\u00f3giu bitut\u00e9nov\u00e9ho lepidla s jedine\u010dnou \u0161edou zadnou vrstvou pre lep\u0161\u00ed v\u00fdkon a jednoduch\u0161iu in\u0161tal\u00e1ciu. Bituthene 8000 je v\u00fdnimo\u010dne pevn\u00fd a odoln\u00fd. Ak\u00e9ko\u013evek n\u00e1hodn\u00e9 po\u0161kodenie membr\u00e1ny, ktor\u00e9 by za norm\u00e1lnych okolnost\u00ed zostalo bez pov\u0161imnutia, sa prejav\u00ed ako \u010dierna \u0161kvrna na svetlosivom povrchu. V\u00ddHODY: \u2022 Odolnos\u0165 vo\u010di vode a vlhkosti \u2013 zais\u0165uje bezpe\u010dnos\u0165 [&hellip;]\" \/>\n<meta property=\"og:url\" content=\"https:\/\/proventuss.eu\/sk\/produkt\/bituthene-8000-vode-a-pare-odolna-samolepiaca-membrana-pre-podzemne-konstrukcie\/\" \/>\n<meta property=\"og:site_name\" content=\"Proventuss\" \/>\n<meta property=\"og:image\" content=\"https:\/\/proventuss.eu\/wp-content\/uploads\/2023\/03\/shutterstock_252856777-strona.jpg\" \/>\n\t<meta property=\"og:image:width\" content=\"2330\" \/>\n\t<meta property=\"og:image:height\" content=\"1553\" \/>\n\t<meta property=\"og:image:type\" content=\"image\/jpeg\" \/>\n<meta name=\"twitter:card\" content=\"summary_large_image\" \/>\n<meta name=\"twitter:label1\" content=\"Predpokladan\u00fd \u010das \u010d\u00edtania\" \/>\n\t<meta name=\"twitter:data1\" content=\"1 min\u00fata\" \/>\n<script type=\"application\/ld+json\" class=\"yoast-schema-graph\">{\"@context\":\"https:\/\/schema.org\",\"@graph\":[{\"@type\":\"WebPage\",\"@id\":\"https:\/\/proventuss.eu\/sk\/produkt\/bituthene-8000-vode-a-pare-odolna-samolepiaca-membrana-pre-podzemne-konstrukcie\/\",\"url\":\"https:\/\/proventuss.eu\/sk\/produkt\/bituthene-8000-vode-a-pare-odolna-samolepiaca-membrana-pre-podzemne-konstrukcie\/\",\"name\":\"Bituthene\u00ae 8000 vode a pare odoln\u00e1 samolepiaca membr\u00e1na pre podzemn\u00e9 kon\u0161trukcie - Proventuss\",\"isPartOf\":{\"@id\":\"https:\/\/proventuss.eu\/#website\"},\"primaryImageOfPage\":{\"@id\":\"https:\/\/proventuss.eu\/sk\/produkt\/bituthene-8000-vode-a-pare-odolna-samolepiaca-membrana-pre-podzemne-konstrukcie\/#primaryimage\"},\"image\":{\"@id\":\"https:\/\/proventuss.eu\/sk\/produkt\/bituthene-8000-vode-a-pare-odolna-samolepiaca-membrana-pre-podzemne-konstrukcie\/#primaryimage\"},\"thumbnailUrl\":\"https:\/\/proventuss.eu\/wp-content\/uploads\/2023\/03\/shutterstock_252856777-strona.jpg\",\"datePublished\":\"2023-03-23T08:16:32+00:00\",\"dateModified\":\"2023-03-23T08:16:32+00:00\",\"breadcrumb\":{\"@id\":\"https:\/\/proventuss.eu\/sk\/produkt\/bituthene-8000-vode-a-pare-odolna-samolepiaca-membrana-pre-podzemne-konstrukcie\/#breadcrumb\"},\"inLanguage\":\"sk-SK\",\"potentialAction\":[{\"@type\":\"ReadAction\",\"target\":[\"https:\/\/proventuss.eu\/sk\/produkt\/bituthene-8000-vode-a-pare-odolna-samolepiaca-membrana-pre-podzemne-konstrukcie\/\"]}]},{\"@type\":\"ImageObject\",\"inLanguage\":\"sk-SK\",\"@id\":\"https:\/\/proventuss.eu\/sk\/produkt\/bituthene-8000-vode-a-pare-odolna-samolepiaca-membrana-pre-podzemne-konstrukcie\/#primaryimage\",\"url\":\"https:\/\/proventuss.eu\/wp-content\/uploads\/2023\/03\/shutterstock_252856777-strona.jpg\",\"contentUrl\":\"https:\/\/proventuss.eu\/wp-content\/uploads\/2023\/03\/shutterstock_252856777-strona.jpg\",\"width\":2330,\"height\":1553,\"caption\":\"Photovoltaic modules with reflection of cloudy sky\"},{\"@type\":\"BreadcrumbList\",\"@id\":\"https:\/\/proventuss.eu\/sk\/produkt\/bituthene-8000-vode-a-pare-odolna-samolepiaca-membrana-pre-podzemne-konstrukcie\/#breadcrumb\",\"itemListElement\":[{\"@type\":\"ListItem\",\"position\":1,\"name\":\"Home\",\"item\":\"https:\/\/proventuss.eu\/\"},{\"@type\":\"ListItem\",\"position\":2,\"name\":\"Produkty\",\"item\":\"https:\/\/proventuss.eu\/produkty\/\"},{\"@type\":\"ListItem\",\"position\":3,\"name\":\"Bituthene\u00ae 8000 vode a pare odoln\u00e1 samolepiaca membr\u00e1na pre podzemn\u00e9 kon\u0161trukcie\"}]},{\"@type\":\"WebSite\",\"@id\":\"https:\/\/proventuss.eu\/#website\",\"url\":\"https:\/\/proventuss.eu\/\",\"name\":\"Proventuss\",\"description\":\"\",\"potentialAction\":[{\"@type\":\"SearchAction\",\"target\":{\"@type\":\"EntryPoint\",\"urlTemplate\":\"https:\/\/proventuss.eu\/?s={search_term_string}\"},\"query-input\":\"required name=search_term_string\"}],\"inLanguage\":\"sk-SK\"}]}<\/script>\n<!-- \/ Yoast SEO plugin. -->","yoast_head_json":{"title":"Bituthene\u00ae 8000 vode a pare odoln\u00e1 samolepiaca membr\u00e1na pre podzemn\u00e9 kon\u0161trukcie - Proventuss","robots":{"index":"index","follow":"follow","max-snippet":"max-snippet:-1","max-image-preview":"max-image-preview:large","max-video-preview":"max-video-preview:-1"},"canonical":"https:\/\/proventuss.eu\/sk\/produkt\/bituthene-8000-vode-a-pare-odolna-samolepiaca-membrana-pre-podzemne-konstrukcie\/","og_locale":"sk_SK","og_type":"article","og_title":"Bituthene\u00ae 8000 vode a pare odoln\u00e1 samolepiaca membr\u00e1na pre podzemn\u00e9 kon\u0161trukcie - Proventuss","og_description":"Bituthene\u00ae 8000 kombinuje osved\u010den\u00fa technol\u00f3giu bitut\u00e9nov\u00e9ho lepidla s jedine\u010dnou \u0161edou zadnou vrstvou pre lep\u0161\u00ed v\u00fdkon a jednoduch\u0161iu in\u0161tal\u00e1ciu. Bituthene 8000 je v\u00fdnimo\u010dne pevn\u00fd a odoln\u00fd. Ak\u00e9ko\u013evek n\u00e1hodn\u00e9 po\u0161kodenie membr\u00e1ny, ktor\u00e9 by za norm\u00e1lnych okolnost\u00ed zostalo bez pov\u0161imnutia, sa prejav\u00ed ako \u010dierna \u0161kvrna na svetlosivom povrchu. V\u00ddHODY: \u2022 Odolnos\u0165 vo\u010di vode a vlhkosti \u2013 zais\u0165uje bezpe\u010dnos\u0165 [&hellip;]","og_url":"https:\/\/proventuss.eu\/sk\/produkt\/bituthene-8000-vode-a-pare-odolna-samolepiaca-membrana-pre-podzemne-konstrukcie\/","og_site_name":"Proventuss","og_image":[{"width":2330,"height":1553,"url":"https:\/\/proventuss.eu\/wp-content\/uploads\/2023\/03\/shutterstock_252856777-strona.jpg","type":"image\/jpeg"}],"twitter_card":"summary_large_image","twitter_misc":{"Predpokladan\u00fd \u010das \u010d\u00edtania":"1 min\u00fata"},"schema":{"@context":"https:\/\/schema.org","@graph":[{"@type":"WebPage","@id":"https:\/\/proventuss.eu\/sk\/produkt\/bituthene-8000-vode-a-pare-odolna-samolepiaca-membrana-pre-podzemne-konstrukcie\/","url":"https:\/\/proventuss.eu\/sk\/produkt\/bituthene-8000-vode-a-pare-odolna-samolepiaca-membrana-pre-podzemne-konstrukcie\/","name":"Bituthene\u00ae 8000 vode a pare odoln\u00e1 samolepiaca membr\u00e1na pre podzemn\u00e9 kon\u0161trukcie - Proventuss","isPartOf":{"@id":"https:\/\/proventuss.eu\/#website"},"primaryImageOfPage":{"@id":"https:\/\/proventuss.eu\/sk\/produkt\/bituthene-8000-vode-a-pare-odolna-samolepiaca-membrana-pre-podzemne-konstrukcie\/#primaryimage"},"image":{"@id":"https:\/\/proventuss.eu\/sk\/produkt\/bituthene-8000-vode-a-pare-odolna-samolepiaca-membrana-pre-podzemne-konstrukcie\/#primaryimage"},"thumbnailUrl":"https:\/\/proventuss.eu\/wp-content\/uploads\/2023\/03\/shutterstock_252856777-strona.jpg","datePublished":"2023-03-23T08:16:32+00:00","dateModified":"2023-03-23T08:16:32+00:00","breadcrumb":{"@id":"https:\/\/proventuss.eu\/sk\/produkt\/bituthene-8000-vode-a-pare-odolna-samolepiaca-membrana-pre-podzemne-konstrukcie\/#breadcrumb"},"inLanguage":"sk-SK","potentialAction":[{"@type":"ReadAction","target":["https:\/\/proventuss.eu\/sk\/produkt\/bituthene-8000-vode-a-pare-odolna-samolepiaca-membrana-pre-podzemne-konstrukcie\/"]}]},{"@type":"ImageObject","inLanguage":"sk-SK","@id":"https:\/\/proventuss.eu\/sk\/produkt\/bituthene-8000-vode-a-pare-odolna-samolepiaca-membrana-pre-podzemne-konstrukcie\/#primaryimage","url":"https:\/\/proventuss.eu\/wp-content\/uploads\/2023\/03\/shutterstock_252856777-strona.jpg","contentUrl":"https:\/\/proventuss.eu\/wp-content\/uploads\/2023\/03\/shutterstock_252856777-strona.jpg","width":2330,"height":1553,"caption":"Photovoltaic modules with reflection of cloudy sky"},{"@type":"BreadcrumbList","@id":"https:\/\/proventuss.eu\/sk\/produkt\/bituthene-8000-vode-a-pare-odolna-samolepiaca-membrana-pre-podzemne-konstrukcie\/#breadcrumb","itemListElement":[{"@type":"ListItem","position":1,"name":"Home","item":"https:\/\/proventuss.eu\/"},{"@type":"ListItem","position":2,"name":"Produkty","item":"https:\/\/proventuss.eu\/produkty\/"},{"@type":"ListItem","position":3,"name":"Bituthene\u00ae 8000 vode a pare odoln\u00e1 samolepiaca membr\u00e1na pre podzemn\u00e9 kon\u0161trukcie"}]},{"@type":"WebSite","@id":"https:\/\/proventuss.eu\/#website","url":"https:\/\/proventuss.eu\/","name":"Proventuss","description":"","potentialAction":[{"@type":"SearchAction","target":{"@type":"EntryPoint","urlTemplate":"https:\/\/proventuss.eu\/?s={search_term_string}"},"query-input":"required name=search_term_string"}],"inLanguage":"sk-SK"}]}},"_links":{"self":[{"href":"https:\/\/proventuss.eu\/sk\/wp-json\/wp\/v2\/product\/12538"}],"collection":[{"href":"https:\/\/proventuss.eu\/sk\/wp-json\/wp\/v2\/product"}],"about":[{"href":"https:\/\/proventuss.eu\/sk\/wp-json\/wp\/v2\/types\/product"}],"replies":[{"embeddable":true,"href":"https:\/\/proventuss.eu\/sk\/wp-json\/wp\/v2\/comments?post=12538"}],"wp:featuredmedia":[{"embeddable":true,"href":"https:\/\/proventuss.eu\/sk\/wp-json\/wp\/v2\/media\/11878"}],"wp:attachment":[{"href":"https:\/\/proventuss.eu\/sk\/wp-json\/wp\/v2\/media?parent=12538"}],"wp:term":[{"taxonomy":"product_cat","embeddable":true,"href":"https:\/\/proventuss.eu\/sk\/wp-json\/wp\/v2\/product_cat?post=12538"},{"taxonomy":"product_tag","embeddable":true,"href":"https:\/\/proventuss.eu\/sk\/wp-json\/wp\/v2\/product_tag?post=12538"}],"curies":[{"name":"wp","href":"https:\/\/api.w.org\/{rel}","templated":true}]}}