{"id":12536,"date":"2023-03-23T08:11:29","date_gmt":"2023-03-23T08:11:29","guid":{"rendered":"https:\/\/proventuss.eu\/produkt\/wodoszczelna-membrana-hdpe-o-wlasciwosciach-klejacych-bituthene-4000\/"},"modified":"2023-04-12T13:47:12","modified_gmt":"2023-04-12T13:47:12","slug":"hdpe-vodotesna-membrana-s-adheznymi-vlastnostami-bituthene-4000","status":"publish","type":"product","link":"https:\/\/proventuss.eu\/sk\/produkt\/hdpe-vodotesna-membrana-s-adheznymi-vlastnostami-bituthene-4000\/","title":{"rendered":"HDPE vodotesn\u00e1 membr\u00e1na s adh\u00e9znymi vlastnos\u0165ami Bituthene\u00ae 4000"},"content":{"rendered":"<p>Bituthene\u00ae 4000 je za studena kladen\u00e1, samolepiaca, flexibiln\u00e1 membr\u00e1na, ktor\u00e1 kombinuje vysok\u00fd v\u00fdkon kr\u00ed\u017eovo laminovanej HDPE f\u00f3lie so super lepivou bit\u00famenovou kau\u010dukovou zmesou.<\/p>\n<p>V\u00ddHODY:<br \/>\n\u2022 Pokl\u00e1dka za studena \u2013 jednoduch\u00e1 aplik\u00e1cia na bet\u00f3nov\u00e9 povrchy, najm\u00e4 pri n\u00edzkych teplot\u00e1ch.<br \/>\n\u2022 Mo\u017enos\u0165 pokl\u00e1dky na \u201e\u010derstv\u00fd\u201c bet\u00f3n \u2013 skracuje dobu realiz\u00e1cie.<br \/>\n\u2022 Z\u00e1kladn\u00fd n\u00e1ter odoln\u00fd vo\u010di vlhkosti \u2013 umo\u017e\u0148uje aplik\u00e1ciu na vlhk\u00e9 podklady a za extr\u00e9mnych poveternostn\u00fdch podmienok.<br \/>\n\u2022 Pou\u017eitie v \u0161irokom rozsahu tepl\u00f4t \u2013 ve\u013emi dobr\u00e1 vz\u00e1jomn\u00e1 a povrchov\u00e1 pri\u013enavos\u0165 od -5 \u00b0C do +35 \u00b0C.<br \/>\n\u2022 Odolnos\u0165 pripojenia \u2013 Zosilnen\u00e9 spoje poskytuj\u00fa extra bezpe\u010dnos\u0165<br \/>\n\u2022 Kr\u00ed\u017eovo laminovan\u00e1 f\u00f3lia \u2013 poskytuje rozmerov\u00fa stabilitu, vysok\u00fa odolnos\u0165 proti roztrhnutiu, prerazeniu a n\u00e1razu.<br \/>\n\u2022 Pru\u017enos\u0165 \u2013 vyrovn\u00e1va trhliny sp\u00f4soben\u00e9 zmr\u0161\u0165ovan\u00edm bet\u00f3nu.<br \/>\n\u2022 Plynotesn\u00e9 \u2013 odoln\u00e9 vo\u010di met\u00e1nu, oxidu uhli\u010dit\u00e9mu a rad\u00f3nu. Prekra\u010duje po\u017eiadavky spr\u00e1vy BRE 211 (rad\u00f3n) a 212 (met\u00e1n a oxid uhli\u010dit\u00fd).<\/p>\n","protected":false},"excerpt":{"rendered":"<p>Bituthene\u00ae 4000 je za studena kladen\u00e1, samolepiaca, flexibiln\u00e1 membr\u00e1na, ktor\u00e1 kombinuje vysok\u00fd v\u00fdkon kr\u00ed\u017eovo laminovanej HDPE f\u00f3lie so super lepivou bit\u00famenovou kau\u010dukovou zmesou. V\u00ddHODY: \u2022 Pokl\u00e1dka za studena \u2013 jednoduch\u00e1 aplik\u00e1cia na bet\u00f3nov\u00e9 povrchy, najm\u00e4 pri n\u00edzkych teplot\u00e1ch. \u2022 Mo\u017enos\u0165 pokl\u00e1dky na \u201e\u010derstv\u00fd\u201c bet\u00f3n \u2013 skracuje dobu realiz\u00e1cie. \u2022 Z\u00e1kladn\u00fd n\u00e1ter odoln\u00fd vo\u010di vlhkosti \u2013 [&hellip;]<\/p>\n","protected":false},"featured_media":11886,"comment_status":"open","ping_status":"closed","template":"","meta":{"_acf_changed":false},"product_cat":[15],"product_tag":[],"acf":[],"yoast_head":"<!-- This site is optimized with the Yoast SEO plugin v22.9 - https:\/\/yoast.com\/wordpress\/plugins\/seo\/ -->\n<title>HDPE vodotesn\u00e1 membr\u00e1na s adh\u00e9znymi vlastnos\u0165ami Bituthene\u00ae 4000 - Proventuss<\/title>\n<meta name=\"robots\" content=\"index, follow, max-snippet:-1, max-image-preview:large, max-video-preview:-1\" \/>\n<link rel=\"canonical\" href=\"https:\/\/proventuss.eu\/produkt\/wodoszczelna-membrana-hdpe-o-wlasciwosciach-klejacych-bituthene-4000\/\" \/>\n<meta property=\"og:locale\" content=\"sk_SK\" \/>\n<meta property=\"og:type\" content=\"article\" \/>\n<meta property=\"og:title\" content=\"HDPE vodotesn\u00e1 membr\u00e1na s adh\u00e9znymi vlastnos\u0165ami Bituthene\u00ae 4000 - Proventuss\" \/>\n<meta property=\"og:description\" content=\"Bituthene\u00ae 4000 je za studena kladen\u00e1, samolepiaca, flexibiln\u00e1 membr\u00e1na, ktor\u00e1 kombinuje vysok\u00fd v\u00fdkon kr\u00ed\u017eovo laminovanej HDPE f\u00f3lie so super lepivou bit\u00famenovou kau\u010dukovou zmesou. V\u00ddHODY: \u2022 Pokl\u00e1dka za studena \u2013 jednoduch\u00e1 aplik\u00e1cia na bet\u00f3nov\u00e9 povrchy, najm\u00e4 pri n\u00edzkych teplot\u00e1ch. \u2022 Mo\u017enos\u0165 pokl\u00e1dky na \u201e\u010derstv\u00fd\u201c bet\u00f3n \u2013 skracuje dobu realiz\u00e1cie. \u2022 Z\u00e1kladn\u00fd n\u00e1ter odoln\u00fd vo\u010di vlhkosti \u2013 [&hellip;]\" \/>\n<meta property=\"og:url\" content=\"https:\/\/proventuss.eu\/produkt\/wodoszczelna-membrana-hdpe-o-wlasciwosciach-klejacych-bituthene-4000\/\" \/>\n<meta property=\"og:site_name\" content=\"Proventuss\" \/>\n<meta property=\"article:modified_time\" content=\"2023-04-12T13:47:12+00:00\" \/>\n<meta property=\"og:image\" content=\"https:\/\/proventuss.eu\/wp-content\/uploads\/2023\/03\/bithuthene-strona.jpg\" \/>\n\t<meta property=\"og:image:width\" content=\"2036\" \/>\n\t<meta property=\"og:image:height\" content=\"1357\" \/>\n\t<meta property=\"og:image:type\" content=\"image\/jpeg\" \/>\n<meta name=\"twitter:card\" content=\"summary_large_image\" \/>\n<meta name=\"twitter:label1\" content=\"Predpokladan\u00fd \u010das \u010d\u00edtania\" \/>\n\t<meta name=\"twitter:data1\" content=\"1 min\u00fata\" \/>\n<script type=\"application\/ld+json\" class=\"yoast-schema-graph\">{\"@context\":\"https:\/\/schema.org\",\"@graph\":[{\"@type\":\"WebPage\",\"@id\":\"https:\/\/proventuss.eu\/produkt\/wodoszczelna-membrana-hdpe-o-wlasciwosciach-klejacych-bituthene-4000\/\",\"url\":\"https:\/\/proventuss.eu\/produkt\/wodoszczelna-membrana-hdpe-o-wlasciwosciach-klejacych-bituthene-4000\/\",\"name\":\"HDPE vodotesn\u00e1 membr\u00e1na s adh\u00e9znymi vlastnos\u0165ami Bituthene\u00ae 4000 - Proventuss\",\"isPartOf\":{\"@id\":\"https:\/\/proventuss.eu\/#website\"},\"primaryImageOfPage\":{\"@id\":\"https:\/\/proventuss.eu\/produkt\/wodoszczelna-membrana-hdpe-o-wlasciwosciach-klejacych-bituthene-4000\/#primaryimage\"},\"image\":{\"@id\":\"https:\/\/proventuss.eu\/produkt\/wodoszczelna-membrana-hdpe-o-wlasciwosciach-klejacych-bituthene-4000\/#primaryimage\"},\"thumbnailUrl\":\"https:\/\/proventuss.eu\/wp-content\/uploads\/2023\/03\/bithuthene-strona.jpg\",\"datePublished\":\"2023-03-23T08:11:29+00:00\",\"dateModified\":\"2023-04-12T13:47:12+00:00\",\"breadcrumb\":{\"@id\":\"https:\/\/proventuss.eu\/produkt\/wodoszczelna-membrana-hdpe-o-wlasciwosciach-klejacych-bituthene-4000\/#breadcrumb\"},\"inLanguage\":\"sk-SK\",\"potentialAction\":[{\"@type\":\"ReadAction\",\"target\":[\"https:\/\/proventuss.eu\/produkt\/wodoszczelna-membrana-hdpe-o-wlasciwosciach-klejacych-bituthene-4000\/\"]}]},{\"@type\":\"ImageObject\",\"inLanguage\":\"sk-SK\",\"@id\":\"https:\/\/proventuss.eu\/produkt\/wodoszczelna-membrana-hdpe-o-wlasciwosciach-klejacych-bituthene-4000\/#primaryimage\",\"url\":\"https:\/\/proventuss.eu\/wp-content\/uploads\/2023\/03\/bithuthene-strona.jpg\",\"contentUrl\":\"https:\/\/proventuss.eu\/wp-content\/uploads\/2023\/03\/bithuthene-strona.jpg\",\"width\":2036,\"height\":1357,\"caption\":\"Photovoltaic modules with reflection of cloudy sky\"},{\"@type\":\"BreadcrumbList\",\"@id\":\"https:\/\/proventuss.eu\/produkt\/wodoszczelna-membrana-hdpe-o-wlasciwosciach-klejacych-bituthene-4000\/#breadcrumb\",\"itemListElement\":[{\"@type\":\"ListItem\",\"position\":1,\"name\":\"Home\",\"item\":\"https:\/\/proventuss.eu\/\"},{\"@type\":\"ListItem\",\"position\":2,\"name\":\"Produkty\",\"item\":\"https:\/\/proventuss.eu\/produkty\/\"},{\"@type\":\"ListItem\",\"position\":3,\"name\":\"HDPE vodotesn\u00e1 membr\u00e1na s adh\u00e9znymi vlastnos\u0165ami Bituthene\u00ae 4000\"}]},{\"@type\":\"WebSite\",\"@id\":\"https:\/\/proventuss.eu\/#website\",\"url\":\"https:\/\/proventuss.eu\/\",\"name\":\"Proventuss\",\"description\":\"\",\"potentialAction\":[{\"@type\":\"SearchAction\",\"target\":{\"@type\":\"EntryPoint\",\"urlTemplate\":\"https:\/\/proventuss.eu\/?s={search_term_string}\"},\"query-input\":\"required name=search_term_string\"}],\"inLanguage\":\"sk-SK\"}]}<\/script>\n<!-- \/ Yoast SEO plugin. -->","yoast_head_json":{"title":"HDPE vodotesn\u00e1 membr\u00e1na s adh\u00e9znymi vlastnos\u0165ami Bituthene\u00ae 4000 - Proventuss","robots":{"index":"index","follow":"follow","max-snippet":"max-snippet:-1","max-image-preview":"max-image-preview:large","max-video-preview":"max-video-preview:-1"},"canonical":"https:\/\/proventuss.eu\/produkt\/wodoszczelna-membrana-hdpe-o-wlasciwosciach-klejacych-bituthene-4000\/","og_locale":"sk_SK","og_type":"article","og_title":"HDPE vodotesn\u00e1 membr\u00e1na s adh\u00e9znymi vlastnos\u0165ami Bituthene\u00ae 4000 - Proventuss","og_description":"Bituthene\u00ae 4000 je za studena kladen\u00e1, samolepiaca, flexibiln\u00e1 membr\u00e1na, ktor\u00e1 kombinuje vysok\u00fd v\u00fdkon kr\u00ed\u017eovo laminovanej HDPE f\u00f3lie so super lepivou bit\u00famenovou kau\u010dukovou zmesou. V\u00ddHODY: \u2022 Pokl\u00e1dka za studena \u2013 jednoduch\u00e1 aplik\u00e1cia na bet\u00f3nov\u00e9 povrchy, najm\u00e4 pri n\u00edzkych teplot\u00e1ch. \u2022 Mo\u017enos\u0165 pokl\u00e1dky na \u201e\u010derstv\u00fd\u201c bet\u00f3n \u2013 skracuje dobu realiz\u00e1cie. \u2022 Z\u00e1kladn\u00fd n\u00e1ter odoln\u00fd vo\u010di vlhkosti \u2013 [&hellip;]","og_url":"https:\/\/proventuss.eu\/produkt\/wodoszczelna-membrana-hdpe-o-wlasciwosciach-klejacych-bituthene-4000\/","og_site_name":"Proventuss","article_modified_time":"2023-04-12T13:47:12+00:00","og_image":[{"width":2036,"height":1357,"url":"https:\/\/proventuss.eu\/wp-content\/uploads\/2023\/03\/bithuthene-strona.jpg","type":"image\/jpeg"}],"twitter_card":"summary_large_image","twitter_misc":{"Predpokladan\u00fd \u010das \u010d\u00edtania":"1 min\u00fata"},"schema":{"@context":"https:\/\/schema.org","@graph":[{"@type":"WebPage","@id":"https:\/\/proventuss.eu\/produkt\/wodoszczelna-membrana-hdpe-o-wlasciwosciach-klejacych-bituthene-4000\/","url":"https:\/\/proventuss.eu\/produkt\/wodoszczelna-membrana-hdpe-o-wlasciwosciach-klejacych-bituthene-4000\/","name":"HDPE vodotesn\u00e1 membr\u00e1na s adh\u00e9znymi vlastnos\u0165ami Bituthene\u00ae 4000 - Proventuss","isPartOf":{"@id":"https:\/\/proventuss.eu\/#website"},"primaryImageOfPage":{"@id":"https:\/\/proventuss.eu\/produkt\/wodoszczelna-membrana-hdpe-o-wlasciwosciach-klejacych-bituthene-4000\/#primaryimage"},"image":{"@id":"https:\/\/proventuss.eu\/produkt\/wodoszczelna-membrana-hdpe-o-wlasciwosciach-klejacych-bituthene-4000\/#primaryimage"},"thumbnailUrl":"https:\/\/proventuss.eu\/wp-content\/uploads\/2023\/03\/bithuthene-strona.jpg","datePublished":"2023-03-23T08:11:29+00:00","dateModified":"2023-04-12T13:47:12+00:00","breadcrumb":{"@id":"https:\/\/proventuss.eu\/produkt\/wodoszczelna-membrana-hdpe-o-wlasciwosciach-klejacych-bituthene-4000\/#breadcrumb"},"inLanguage":"sk-SK","potentialAction":[{"@type":"ReadAction","target":["https:\/\/proventuss.eu\/produkt\/wodoszczelna-membrana-hdpe-o-wlasciwosciach-klejacych-bituthene-4000\/"]}]},{"@type":"ImageObject","inLanguage":"sk-SK","@id":"https:\/\/proventuss.eu\/produkt\/wodoszczelna-membrana-hdpe-o-wlasciwosciach-klejacych-bituthene-4000\/#primaryimage","url":"https:\/\/proventuss.eu\/wp-content\/uploads\/2023\/03\/bithuthene-strona.jpg","contentUrl":"https:\/\/proventuss.eu\/wp-content\/uploads\/2023\/03\/bithuthene-strona.jpg","width":2036,"height":1357,"caption":"Photovoltaic modules with reflection of cloudy sky"},{"@type":"BreadcrumbList","@id":"https:\/\/proventuss.eu\/produkt\/wodoszczelna-membrana-hdpe-o-wlasciwosciach-klejacych-bituthene-4000\/#breadcrumb","itemListElement":[{"@type":"ListItem","position":1,"name":"Home","item":"https:\/\/proventuss.eu\/"},{"@type":"ListItem","position":2,"name":"Produkty","item":"https:\/\/proventuss.eu\/produkty\/"},{"@type":"ListItem","position":3,"name":"HDPE vodotesn\u00e1 membr\u00e1na s adh\u00e9znymi vlastnos\u0165ami Bituthene\u00ae 4000"}]},{"@type":"WebSite","@id":"https:\/\/proventuss.eu\/#website","url":"https:\/\/proventuss.eu\/","name":"Proventuss","description":"","potentialAction":[{"@type":"SearchAction","target":{"@type":"EntryPoint","urlTemplate":"https:\/\/proventuss.eu\/?s={search_term_string}"},"query-input":"required name=search_term_string"}],"inLanguage":"sk-SK"}]}},"_links":{"self":[{"href":"https:\/\/proventuss.eu\/sk\/wp-json\/wp\/v2\/product\/12536"}],"collection":[{"href":"https:\/\/proventuss.eu\/sk\/wp-json\/wp\/v2\/product"}],"about":[{"href":"https:\/\/proventuss.eu\/sk\/wp-json\/wp\/v2\/types\/product"}],"replies":[{"embeddable":true,"href":"https:\/\/proventuss.eu\/sk\/wp-json\/wp\/v2\/comments?post=12536"}],"wp:featuredmedia":[{"embeddable":true,"href":"https:\/\/proventuss.eu\/sk\/wp-json\/wp\/v2\/media\/11886"}],"wp:attachment":[{"href":"https:\/\/proventuss.eu\/sk\/wp-json\/wp\/v2\/media?parent=12536"}],"wp:term":[{"taxonomy":"product_cat","embeddable":true,"href":"https:\/\/proventuss.eu\/sk\/wp-json\/wp\/v2\/product_cat?post=12536"},{"taxonomy":"product_tag","embeddable":true,"href":"https:\/\/proventuss.eu\/sk\/wp-json\/wp\/v2\/product_tag?post=12536"}],"curies":[{"name":"wp","href":"https:\/\/api.w.org\/{rel}","templated":true}]}}