{"id":12534,"date":"2023-03-20T12:35:24","date_gmt":"2023-03-20T12:35:24","guid":{"rendered":"https:\/\/proventuss.eu\/produkt\/preprufe-300r-plus\/"},"modified":"2023-03-20T12:35:24","modified_gmt":"2023-03-20T12:35:24","slug":"preprufe-300r-plus","status":"publish","type":"product","link":"https:\/\/proventuss.eu\/sk\/produkt\/preprufe-300r-plus\/","title":{"rendered":"Preprufe 300R Plus"},"content":{"rendered":"<p>Nov\u00e1 gener\u00e1cia membr\u00e1n Preprufe\u00ae s unik\u00e1tnym syst\u00e9mom Preprufe\u00ae ZipLap\u2122 pre r\u00fdchlu a bezpe\u010dn\u00fa aplik\u00e1ciu v akomko\u013evek ro\u010dnom obdob\u00ed a kl\u00edme v podzemnej \u010dasti budovy.<\/p>\n<p>Preprufe\u00ae Plus Insulation Membranes s\u00fa kompozitn\u00e9 dosky skladaj\u00face sa z \u010distej HDPE membr\u00e1ny, lepiacej vrstvy citlivej na tlak a vrchnej vrstvy poch\u00f4dznej ochrannej vrstvy s lepiacimi dvojit\u00fdmi prekrytiami Preprufe\u00ae ZipLap\u2122 pre v\u00e4\u010d\u0161iu bezpe\u010dnos\u0165 a jednoduch\u00fa in\u0161tal\u00e1ciu v miestach prekrytia.<\/p>\n<p>Spolo\u010dnos\u0165 GCP spojila svoju osved\u010den\u00fa technol\u00f3giu Advanced Bond Technology\u2122 s viac ako 25 rokmi sk\u00fasenost\u00ed na ve\u013ek\u00fdch projektoch, aby vytvorila hydroizola\u010dn\u00fa membr\u00e1nu s jedine\u010dn\u00fdmi vlastnos\u0165ami, ktor\u00e1 poskytuje technick\u00e9 a ekonomick\u00e9 v\u00fdhody. Advanced Bond Technology\u2122 \u2013 technol\u00f3gia, ktor\u00e1 zais\u0165uje kontinu\u00e1lne a trval\u00e9 spojenie s bet\u00f3nom, ktor\u00fd k nemu prilieha, zabra\u0148uje migr\u00e1cii vody medzi kon\u0161trukciou a membr\u00e1nou a v\u00fdrazne zlep\u0161uje ochranu proti presakovaniu.<\/p>\n<p>V\u00fdhody pri aplik\u00e1cii \u2013 Syst\u00e9m Preprufe\u00ae Plus je jednoduch\u00fd, r\u00fdchly a bezpe\u010dn\u00fd. \u010eal\u0161ie produkty s\u00fa obmedzen\u00e9 na jednu p\u00e1sku a na utesnenie detailov tekutej membr\u00e1ny Bituthene\u00ae LM. Cel\u00fa in\u0161tal\u00e1ciu zvl\u00e1dnu dvaja vy\u0161kolen\u00ed pracovn\u00edci, \u010do \u0161etr\u00ed n\u00e1klady a pracovn\u00fd \u010das. Unik\u00e1tny syst\u00e9m Preprufe\u00ae ZipLap\u2122 zais\u0165uje r\u00fdchle a efekt\u00edvne lepenie aj za nepriazniv\u00fdch podmienok.<\/p>\n<p>V\u00ddHODY:<br \/>\n\u2022 R\u00fdchle, jednoduch\u00e9 a bezpe\u010dn\u00e9 \u2013 navrhnut\u00e9 na efekt\u00edvnu in\u0161tal\u00e1ciu na mieste a dlhodob\u00e9 hydroizola\u010dn\u00e9 vlastnosti.<br \/>\n\u2022 Advanced Bond Technology\u2122 zni\u017euje riziko \u2013 vytv\u00e1ra trval\u00e9 a s\u00favisl\u00e9 spojenie s vystu\u017eenou bet\u00f3novou kon\u0161trukciou. Jedin\u00e9 osved\u010den\u00e9 a \u00fa\u010dinn\u00e9 rie\u0161enie na zamedzenie migr\u00e1cie vody pod vysok\u00fdm tlakom.<br \/>\n\u2022 Dvojit\u00e9 samolepiace vodeodoln\u00e9 prekrytie Preprufe\u00ae ZipLap\u2122 \u2013 jednoduch\u00e1 in\u0161tal\u00e1cia po cel\u00fd rok aj v n\u00e1ro\u010dn\u00fdch podmienkach. Presahy zost\u00e1vaj\u00fa \u010dist\u00e9 a such\u00e9, pokia\u013e nie je aplikovan\u00e9 tesnenie.<br \/>\n\u2022 Zni\u017euje n\u00e1klady a \u010das \u2013 r\u00fdchla in\u0161tal\u00e1cia s t\u00edmom 2 os\u00f4b.<br \/>\n\u2022 \u017diadne skryt\u00e9 pr\u00edsady \u2013 nie s\u00fa potrebn\u00e9 \u017eiadne z\u00e1kladn\u00e9 n\u00e1tery, tmely, k\u00fatov\u00e9 zvary alebo \u0161peci\u00e1lne vybavenie.<br \/>\n\u2022 Pred\u013a\u017een\u00e1 doba p\u00f4sobenia \u2013 jedine\u010dn\u00e1 ochrann\u00e1 vrstva tvoriaca bari\u00e9ru proti UV \u017eiareniu a\u017e 56 dn\u00ed pred za\u010diatkom ukladania bet\u00f3novej zmesi. D\u00e1va mo\u017enos\u0165 flexibiln\u00e9ho pl\u00e1novania v\u00fdstavby v pr\u00edpade oneskorenia v realiz\u00e1cii projektu.<br \/>\n\u2022 \u013dahk\u00e1, jednoduch\u00e1 manipul\u00e1cia \u2013 men\u0161ia \u00falo\u017en\u00e1 plocha a v\u00e4\u010d\u0161ia bezpe\u010dnos\u0165 v porovnan\u00ed so silnej\u0161\u00edmi, \u0165a\u017e\u0161\u00edmi technol\u00f3giami s v\u00e4\u010d\u0161\u00edm objemom.<br \/>\n\u2022 Jednoduch\u00fd syst\u00e9m \u2013 in\u0161tal\u00e1cia zatep\u013eovacieho syst\u00e9mu vy\u017eaduje iba membr\u00e1nu a jednu p\u00e1sku.<br \/>\n\u2022 Jednoduch\u00e9 tvarovanie detailov \u2013 celistv\u00e9 spojenie membr\u00e1ny s kon\u0161trukciou pomocou adhez\u00edvnej vrstvy eliminuje nutnos\u0165 rozde\u013eovania prvkov do men\u0161\u00edch pol\u00ed, ako je to pri syst\u00e9moch nes\u00favisiacich s kon\u0161trukciou.<\/p>\n<p>\u2022 Hladk\u00fd, nenasiakav\u00fd povrch \u2013 na rozdiel od membr\u00e1n pokryt\u00fdch geotext\u00edliou, membr\u00e1na odol\u00e1va kontamin\u00e1cii na mieste a \u013eahko sa \u010dist\u00ed pred zaliat\u00edm bet\u00f3nom, \u010do zais\u0165uje trval\u00fa v\u00e4zbu na kon\u0161trukciu.<br \/>\n\u2022 Nie je potrebn\u00e9 rozde\u013eova\u0165 prvky do pol\u00ed \u2013 integr\u00e1lne adhez\u00edvne spojenie eliminuje potrebu zlo\u017eit\u00fdch delen\u00ed pou\u017e\u00edvan\u00fdch v membr\u00e1nach, ktor\u00e9 sa akt\u00edvne nesp\u00e1jaj\u00fa s bet\u00f3nom.<br \/>\n\u2022 Jednovrstvov\u00fd, nan\u00e1\u0161an\u00fd za studena \u2013 Jednovrstvov\u00fd syst\u00e9m, nevy\u017eaduje ochrann\u00fa vrstvu ani pr\u00e1cu s otvoren\u00fdm plame\u0148om.<br \/>\n\u2022 Odoln\u00e1 vodotesn\u00e1 HDPE geomembr\u00e1na \u2013 odoln\u00e1, pevn\u00e1, chr\u00e1ni kon\u0161trukciu proti chemick\u00e9mu napadnutiu, p\u00f4sobeniu sol\u00ed a sulfidov a prenikaniu plynov.<br \/>\n\u2022 25 rokov sk\u00fasenost\u00ed \u2013 membr\u00e1ny Preprfe\u00ae sa pou\u017e\u00edvaj\u00fa u\u017e viac ako 25 rokov na mnoh\u00fdch ve\u013ek\u00fdch aj mal\u00fdch projektoch po celom svete.<br \/>\n\u2022 Pas\u00edvna izol\u00e1cia \u2013 na rozdiel od syst\u00e9mov na b\u00e1ze bentonitu syst\u00e9m nevy\u017eaduje aktiv\u00e1ciu, je odoln\u00fd proti zne\u010disteniu zeminou, da\u017e\u010fom a such\u00fdm\/mokr\u00fdm cyklom po\u010das v\u00fdstavby a pou\u017e\u00edvania kon\u0161trukcie.<br \/>\n\u2022 Kompletn\u00fd syst\u00e9m GCP \u2013 kompletn\u00fd rad hydrofiln\u00fdch a PVC p\u00e1sok GCP na ochranu kon\u0161truk\u010dn\u00fdch dilata\u010dn\u00fdch \u0161k\u00e1r, vr\u00e1tane \u0161irok\u00fdch dilata\u010dn\u00fdch \u0161k\u00e1r (seizmickej oblasti). Mo\u017eno pou\u017ei\u0165 v spojen\u00ed s radom samolepiacich membr\u00e1n GCP na in\u0161tal\u00e1ciu na existuj\u00face kon\u0161trukcie.<\/p>\n","protected":false},"excerpt":{"rendered":"<p>Nov\u00e1 gener\u00e1cia membr\u00e1n Preprufe\u00ae s unik\u00e1tnym syst\u00e9mom Preprufe\u00ae ZipLap\u2122 pre r\u00fdchlu a bezpe\u010dn\u00fa aplik\u00e1ciu v akomko\u013evek ro\u010dnom obdob\u00ed a kl\u00edme v podzemnej \u010dasti budovy. Preprufe\u00ae Plus Insulation Membranes s\u00fa kompozitn\u00e9 dosky skladaj\u00face sa z \u010distej HDPE membr\u00e1ny, lepiacej vrstvy citlivej na tlak a vrchnej vrstvy poch\u00f4dznej ochrannej vrstvy s lepiacimi dvojit\u00fdmi prekrytiami Preprufe\u00ae ZipLap\u2122 pre [&hellip;]<\/p>\n","protected":false},"featured_media":12569,"comment_status":"open","ping_status":"closed","template":"","meta":{"_acf_changed":false},"product_cat":[15],"product_tag":[],"acf":[],"yoast_head":"<!-- This site is optimized with the Yoast SEO plugin v22.9 - https:\/\/yoast.com\/wordpress\/plugins\/seo\/ -->\n<title>Preprufe 300R Plus - Proventuss<\/title>\n<meta name=\"robots\" content=\"index, follow, max-snippet:-1, max-image-preview:large, max-video-preview:-1\" \/>\n<link rel=\"canonical\" href=\"https:\/\/proventuss.eu\/sk\/produkt\/preprufe-300r-plus\/\" \/>\n<meta property=\"og:locale\" content=\"sk_SK\" \/>\n<meta property=\"og:type\" content=\"article\" \/>\n<meta property=\"og:title\" content=\"Preprufe 300R Plus - Proventuss\" \/>\n<meta property=\"og:description\" content=\"Nov\u00e1 gener\u00e1cia membr\u00e1n Preprufe\u00ae s unik\u00e1tnym syst\u00e9mom Preprufe\u00ae ZipLap\u2122 pre r\u00fdchlu a bezpe\u010dn\u00fa aplik\u00e1ciu v akomko\u013evek ro\u010dnom obdob\u00ed a kl\u00edme v podzemnej \u010dasti budovy. Preprufe\u00ae Plus Insulation Membranes s\u00fa kompozitn\u00e9 dosky skladaj\u00face sa z \u010distej HDPE membr\u00e1ny, lepiacej vrstvy citlivej na tlak a vrchnej vrstvy poch\u00f4dznej ochrannej vrstvy s lepiacimi dvojit\u00fdmi prekrytiami Preprufe\u00ae ZipLap\u2122 pre [&hellip;]\" \/>\n<meta property=\"og:url\" content=\"https:\/\/proventuss.eu\/sk\/produkt\/preprufe-300r-plus\/\" \/>\n<meta property=\"og:site_name\" content=\"Proventuss\" \/>\n<meta name=\"twitter:card\" content=\"summary_large_image\" \/>\n<meta name=\"twitter:label1\" content=\"Predpokladan\u00fd \u010das \u010d\u00edtania\" \/>\n\t<meta name=\"twitter:data1\" content=\"4 min\u00faty\" \/>\n<script type=\"application\/ld+json\" class=\"yoast-schema-graph\">{\"@context\":\"https:\/\/schema.org\",\"@graph\":[{\"@type\":\"WebPage\",\"@id\":\"https:\/\/proventuss.eu\/sk\/produkt\/preprufe-300r-plus\/\",\"url\":\"https:\/\/proventuss.eu\/sk\/produkt\/preprufe-300r-plus\/\",\"name\":\"Preprufe 300R Plus - Proventuss\",\"isPartOf\":{\"@id\":\"https:\/\/proventuss.eu\/#website\"},\"primaryImageOfPage\":{\"@id\":\"https:\/\/proventuss.eu\/sk\/produkt\/preprufe-300r-plus\/#primaryimage\"},\"image\":{\"@id\":\"https:\/\/proventuss.eu\/sk\/produkt\/preprufe-300r-plus\/#primaryimage\"},\"thumbnailUrl\":\"https:\/\/proventuss.eu\/wp-content\/uploads\/2023\/03\/Preprufe-300Rplus.jpg\",\"datePublished\":\"2023-03-20T12:35:24+00:00\",\"dateModified\":\"2023-03-20T12:35:24+00:00\",\"breadcrumb\":{\"@id\":\"https:\/\/proventuss.eu\/sk\/produkt\/preprufe-300r-plus\/#breadcrumb\"},\"inLanguage\":\"sk-SK\",\"potentialAction\":[{\"@type\":\"ReadAction\",\"target\":[\"https:\/\/proventuss.eu\/sk\/produkt\/preprufe-300r-plus\/\"]}]},{\"@type\":\"ImageObject\",\"inLanguage\":\"sk-SK\",\"@id\":\"https:\/\/proventuss.eu\/sk\/produkt\/preprufe-300r-plus\/#primaryimage\",\"url\":\"https:\/\/proventuss.eu\/wp-content\/uploads\/2023\/03\/Preprufe-300Rplus.jpg\",\"contentUrl\":\"https:\/\/proventuss.eu\/wp-content\/uploads\/2023\/03\/Preprufe-300Rplus.jpg\",\"width\":2048,\"height\":1536},{\"@type\":\"BreadcrumbList\",\"@id\":\"https:\/\/proventuss.eu\/sk\/produkt\/preprufe-300r-plus\/#breadcrumb\",\"itemListElement\":[{\"@type\":\"ListItem\",\"position\":1,\"name\":\"Home\",\"item\":\"https:\/\/proventuss.eu\/\"},{\"@type\":\"ListItem\",\"position\":2,\"name\":\"Produkty\",\"item\":\"https:\/\/proventuss.eu\/produkty\/\"},{\"@type\":\"ListItem\",\"position\":3,\"name\":\"Preprufe 300R Plus\"}]},{\"@type\":\"WebSite\",\"@id\":\"https:\/\/proventuss.eu\/#website\",\"url\":\"https:\/\/proventuss.eu\/\",\"name\":\"Proventuss\",\"description\":\"\",\"potentialAction\":[{\"@type\":\"SearchAction\",\"target\":{\"@type\":\"EntryPoint\",\"urlTemplate\":\"https:\/\/proventuss.eu\/?s={search_term_string}\"},\"query-input\":\"required name=search_term_string\"}],\"inLanguage\":\"sk-SK\"}]}<\/script>\n<!-- \/ Yoast SEO plugin. -->","yoast_head_json":{"title":"Preprufe 300R Plus - Proventuss","robots":{"index":"index","follow":"follow","max-snippet":"max-snippet:-1","max-image-preview":"max-image-preview:large","max-video-preview":"max-video-preview:-1"},"canonical":"https:\/\/proventuss.eu\/sk\/produkt\/preprufe-300r-plus\/","og_locale":"sk_SK","og_type":"article","og_title":"Preprufe 300R Plus - Proventuss","og_description":"Nov\u00e1 gener\u00e1cia membr\u00e1n Preprufe\u00ae s unik\u00e1tnym syst\u00e9mom Preprufe\u00ae ZipLap\u2122 pre r\u00fdchlu a bezpe\u010dn\u00fa aplik\u00e1ciu v akomko\u013evek ro\u010dnom obdob\u00ed a kl\u00edme v podzemnej \u010dasti budovy. Preprufe\u00ae Plus Insulation Membranes s\u00fa kompozitn\u00e9 dosky skladaj\u00face sa z \u010distej HDPE membr\u00e1ny, lepiacej vrstvy citlivej na tlak a vrchnej vrstvy poch\u00f4dznej ochrannej vrstvy s lepiacimi dvojit\u00fdmi prekrytiami Preprufe\u00ae ZipLap\u2122 pre [&hellip;]","og_url":"https:\/\/proventuss.eu\/sk\/produkt\/preprufe-300r-plus\/","og_site_name":"Proventuss","twitter_card":"summary_large_image","twitter_misc":{"Predpokladan\u00fd \u010das \u010d\u00edtania":"4 min\u00faty"},"schema":{"@context":"https:\/\/schema.org","@graph":[{"@type":"WebPage","@id":"https:\/\/proventuss.eu\/sk\/produkt\/preprufe-300r-plus\/","url":"https:\/\/proventuss.eu\/sk\/produkt\/preprufe-300r-plus\/","name":"Preprufe 300R Plus - Proventuss","isPartOf":{"@id":"https:\/\/proventuss.eu\/#website"},"primaryImageOfPage":{"@id":"https:\/\/proventuss.eu\/sk\/produkt\/preprufe-300r-plus\/#primaryimage"},"image":{"@id":"https:\/\/proventuss.eu\/sk\/produkt\/preprufe-300r-plus\/#primaryimage"},"thumbnailUrl":"https:\/\/proventuss.eu\/wp-content\/uploads\/2023\/03\/Preprufe-300Rplus.jpg","datePublished":"2023-03-20T12:35:24+00:00","dateModified":"2023-03-20T12:35:24+00:00","breadcrumb":{"@id":"https:\/\/proventuss.eu\/sk\/produkt\/preprufe-300r-plus\/#breadcrumb"},"inLanguage":"sk-SK","potentialAction":[{"@type":"ReadAction","target":["https:\/\/proventuss.eu\/sk\/produkt\/preprufe-300r-plus\/"]}]},{"@type":"ImageObject","inLanguage":"sk-SK","@id":"https:\/\/proventuss.eu\/sk\/produkt\/preprufe-300r-plus\/#primaryimage","url":"https:\/\/proventuss.eu\/wp-content\/uploads\/2023\/03\/Preprufe-300Rplus.jpg","contentUrl":"https:\/\/proventuss.eu\/wp-content\/uploads\/2023\/03\/Preprufe-300Rplus.jpg","width":2048,"height":1536},{"@type":"BreadcrumbList","@id":"https:\/\/proventuss.eu\/sk\/produkt\/preprufe-300r-plus\/#breadcrumb","itemListElement":[{"@type":"ListItem","position":1,"name":"Home","item":"https:\/\/proventuss.eu\/"},{"@type":"ListItem","position":2,"name":"Produkty","item":"https:\/\/proventuss.eu\/produkty\/"},{"@type":"ListItem","position":3,"name":"Preprufe 300R Plus"}]},{"@type":"WebSite","@id":"https:\/\/proventuss.eu\/#website","url":"https:\/\/proventuss.eu\/","name":"Proventuss","description":"","potentialAction":[{"@type":"SearchAction","target":{"@type":"EntryPoint","urlTemplate":"https:\/\/proventuss.eu\/?s={search_term_string}"},"query-input":"required name=search_term_string"}],"inLanguage":"sk-SK"}]}},"_links":{"self":[{"href":"https:\/\/proventuss.eu\/sk\/wp-json\/wp\/v2\/product\/12534"}],"collection":[{"href":"https:\/\/proventuss.eu\/sk\/wp-json\/wp\/v2\/product"}],"about":[{"href":"https:\/\/proventuss.eu\/sk\/wp-json\/wp\/v2\/types\/product"}],"replies":[{"embeddable":true,"href":"https:\/\/proventuss.eu\/sk\/wp-json\/wp\/v2\/comments?post=12534"}],"wp:featuredmedia":[{"embeddable":true,"href":"https:\/\/proventuss.eu\/sk\/wp-json\/wp\/v2\/media\/12569"}],"wp:attachment":[{"href":"https:\/\/proventuss.eu\/sk\/wp-json\/wp\/v2\/media?parent=12534"}],"wp:term":[{"taxonomy":"product_cat","embeddable":true,"href":"https:\/\/proventuss.eu\/sk\/wp-json\/wp\/v2\/product_cat?post=12534"},{"taxonomy":"product_tag","embeddable":true,"href":"https:\/\/proventuss.eu\/sk\/wp-json\/wp\/v2\/product_tag?post=12534"}],"curies":[{"name":"wp","href":"https:\/\/api.w.org\/{rel}","templated":true}]}}