{"id":12532,"date":"2023-03-20T12:44:06","date_gmt":"2023-03-20T12:44:06","guid":{"rendered":"https:\/\/proventuss.eu\/produkt\/preprufe-250\/"},"modified":"2023-04-12T13:37:43","modified_gmt":"2023-04-12T13:37:43","slug":"preprufe-250","status":"publish","type":"product","link":"https:\/\/proventuss.eu\/sk\/produkt\/preprufe-250\/","title":{"rendered":"Preprufe 250"},"content":{"rendered":"<p>Hydroizola\u010dn\u00e1 lepiaca f\u00f3lia Preprufe 250 na liate bet\u00f3nov\u00e9 zmesi z\u00e1kladov\u00fdch dosiek a jednostrann\u00e9 debnenie stien v podzemn\u00fdch \u010dastiach budov.<\/p>\n<p>Preprufe 250 je kompozitn\u00e1 f\u00f3liov\u00e1 membr\u00e1na skladaj\u00faca sa z nosnej vrstvy HDPE, akt\u00edvnej adhez\u00edvnej vrstvy a vrstvy odolnej vo\u010di poveternostn\u00fdm vplyvom.<br \/>\nS vyu\u017eit\u00edm jedine\u010dnej technol\u00f3gie GCP Advanced Bond Technology\u2122 vytv\u00e1ra Preprfe 250 nepretr\u017eit\u00e9 a trval\u00e9 spojenie s bet\u00f3nom, aby sa zabr\u00e1nilo migr\u00e1cii vody a poskytla sa dlhodob\u00e1 hydroizola\u010dn\u00e1 ochrana.<\/p>\n<p><strong>Syst\u00e9m Preprufe 250 zah\u0155\u0148a:<\/strong><br \/>\n\u2022 Preprufe\u00ae 250 \u2013 Vodotesn\u00e1 membr\u00e1na na horizont\u00e1lne pou\u017eitie pod bet\u00f3nov\u00e9 dosky alebo na vertik\u00e1lne pou\u017eitie v syst\u00e9moch straten\u00e9ho debnenia.<br \/>\n\u2022 P\u00e1ska Preprufe\u00ae \u2013 100 mm \u0161irok\u00e1 samolepiaca p\u00e1ska na sp\u00e1janie koncov rol\u00ed, rezan\u00fdch hr\u00e1n, utes\u0148ovanie vpichov a detailov. Verzia s p\u00e1skou LT pre aplik\u00e1cie pri -4C a\u017e +30C. P\u00e1skov\u00e1 verzia HC pre aplik\u00e1cie pri teplot\u00e1ch od +10C.<br \/>\n\u2022 Bituthene\u00ae LM \u2013 vysoko kvalitn\u00e1 tekut\u00e1 izol\u00e1cia na utesnenie r\u00f4znych typov prepichnutia membr\u00e1ny.<\/p>\n<p>Preprufe 250 sa poklad\u00e1 vodorovne na vhodne pripraven\u00fd bet\u00f3n a zvisle na jednostrann\u00e9 debnenie na mieste. Bet\u00f3nov\u00e1 zmes je umiestnen\u00e1 priamo na akt\u00edvnu stranu membr\u00e1ny. \u0160peci\u00e1lne vyvinut\u00e1 akt\u00edvna adhez\u00edvna vrstva membr\u00e1ny Preprufe vytv\u00e1ra s\u00favisl\u00e9 a celistv\u00e9 tesnenie liatej bet\u00f3novej zmesi. F\u00f3lia Preprufe 250 je ur\u010den\u00e1 na pou\u017eitie v \u017eelezobet\u00f3nov\u00fdch kon\u0161trukci\u00e1ch bet\u00f3novan\u00fdch na mieste.<\/p>\n<p><strong>V\u00fdhody produktu:<\/strong><br \/>\n\u2022 Kladenie za studena: bezpe\u010dn\u00e9, nie je potrebn\u00e9 \u017eiadne \u0161peci\u00e1lne vybavenie<br \/>\n\u2022 Chr\u00e1ni pred pr\u00faden\u00edm vody<br \/>\n\u2022 R\u00fdchle a jednoduch\u00e9 pokladanie<br \/>\n\u2022 Pom\u00e1ha vyhn\u00fa\u0165 sa oneskoreniam projektu<br \/>\n\u2022 Vynikaj\u00faca bari\u00e9ra proti plynom a vodnej pare<br \/>\n\u2022 Prirodzene vodeodoln\u00fd, nie je nutn\u00e1 \u017eiadna aktiv\u00e1cia<br \/>\n\u2022 Chemicky odoln\u00fd \u2013 trvanliv\u00fd<br \/>\n\u2022 Nie je nutn\u00e1 \u017eiadna ochrann\u00e1 vrstva: ochrann\u00e9 dosky, ochrann\u00fd bet\u00f3n po in\u0161tal\u00e1cii membr\u00e1ny pred beton\u00e1\u017eou<br \/>\n\u2022 Odolnos\u0165 proti UV \u017eiareniu: je mo\u017en\u00e9 ponecha\u0165 40 dn\u00ed<br \/>\n\u2022 Vy\u0161\u0161ie pokrytie rol\u00ed: Men\u0161\u00ed po\u010det pokl\u00e1dok, jednoduch\u0161ia logistika.<\/p>\n<p>&nbsp;<\/p>\n","protected":false},"excerpt":{"rendered":"<p>Hydroizola\u010dn\u00e1 lepiaca f\u00f3lia Preprufe 250 na liate bet\u00f3nov\u00e9 zmesi z\u00e1kladov\u00fdch dosiek a jednostrann\u00e9 debnenie stien v podzemn\u00fdch \u010dastiach budov. Preprufe 250 je kompozitn\u00e1 f\u00f3liov\u00e1 membr\u00e1na skladaj\u00faca sa z nosnej vrstvy HDPE, akt\u00edvnej adhez\u00edvnej vrstvy a vrstvy odolnej vo\u010di poveternostn\u00fdm vplyvom. S vyu\u017eit\u00edm jedine\u010dnej technol\u00f3gie GCP Advanced Bond Technology\u2122 vytv\u00e1ra Preprfe 250 nepretr\u017eit\u00e9 a trval\u00e9 spojenie [&hellip;]<\/p>\n","protected":false},"featured_media":12585,"comment_status":"open","ping_status":"closed","template":"","meta":{"_acf_changed":false},"product_cat":[15],"product_tag":[],"acf":[],"yoast_head":"<!-- This site is optimized with the Yoast SEO plugin v22.9 - https:\/\/yoast.com\/wordpress\/plugins\/seo\/ -->\n<title>Preprufe 250 - Proventuss<\/title>\n<meta name=\"robots\" content=\"index, follow, max-snippet:-1, max-image-preview:large, max-video-preview:-1\" \/>\n<link rel=\"canonical\" href=\"https:\/\/proventuss.eu\/sk\/produkt\/preprufe-250\/\" \/>\n<meta property=\"og:locale\" content=\"sk_SK\" \/>\n<meta property=\"og:type\" content=\"article\" \/>\n<meta property=\"og:title\" content=\"Preprufe 250 - Proventuss\" \/>\n<meta property=\"og:description\" content=\"Hydroizola\u010dn\u00e1 lepiaca f\u00f3lia Preprufe 250 na liate bet\u00f3nov\u00e9 zmesi z\u00e1kladov\u00fdch dosiek a jednostrann\u00e9 debnenie stien v podzemn\u00fdch \u010dastiach budov. Preprufe 250 je kompozitn\u00e1 f\u00f3liov\u00e1 membr\u00e1na skladaj\u00faca sa z nosnej vrstvy HDPE, akt\u00edvnej adhez\u00edvnej vrstvy a vrstvy odolnej vo\u010di poveternostn\u00fdm vplyvom. S vyu\u017eit\u00edm jedine\u010dnej technol\u00f3gie GCP Advanced Bond Technology\u2122 vytv\u00e1ra Preprfe 250 nepretr\u017eit\u00e9 a trval\u00e9 spojenie [&hellip;]\" \/>\n<meta property=\"og:url\" content=\"https:\/\/proventuss.eu\/sk\/produkt\/preprufe-250\/\" \/>\n<meta property=\"og:site_name\" content=\"Proventuss\" \/>\n<meta property=\"article:modified_time\" content=\"2023-04-12T13:37:43+00:00\" \/>\n<meta name=\"twitter:card\" content=\"summary_large_image\" \/>\n<meta name=\"twitter:label1\" content=\"Predpokladan\u00fd \u010das \u010d\u00edtania\" \/>\n\t<meta name=\"twitter:data1\" content=\"2 min\u00faty\" \/>\n<script type=\"application\/ld+json\" class=\"yoast-schema-graph\">{\"@context\":\"https:\/\/schema.org\",\"@graph\":[{\"@type\":\"WebPage\",\"@id\":\"https:\/\/proventuss.eu\/sk\/produkt\/preprufe-250\/\",\"url\":\"https:\/\/proventuss.eu\/sk\/produkt\/preprufe-250\/\",\"name\":\"Preprufe 250 - Proventuss\",\"isPartOf\":{\"@id\":\"https:\/\/proventuss.eu\/#website\"},\"primaryImageOfPage\":{\"@id\":\"https:\/\/proventuss.eu\/sk\/produkt\/preprufe-250\/#primaryimage\"},\"image\":{\"@id\":\"https:\/\/proventuss.eu\/sk\/produkt\/preprufe-250\/#primaryimage\"},\"thumbnailUrl\":\"https:\/\/proventuss.eu\/wp-content\/uploads\/2023\/03\/shutterstock_1852800412-scaled.jpg\",\"datePublished\":\"2023-03-20T12:44:06+00:00\",\"dateModified\":\"2023-04-12T13:37:43+00:00\",\"breadcrumb\":{\"@id\":\"https:\/\/proventuss.eu\/sk\/produkt\/preprufe-250\/#breadcrumb\"},\"inLanguage\":\"sk-SK\",\"potentialAction\":[{\"@type\":\"ReadAction\",\"target\":[\"https:\/\/proventuss.eu\/sk\/produkt\/preprufe-250\/\"]}]},{\"@type\":\"ImageObject\",\"inLanguage\":\"sk-SK\",\"@id\":\"https:\/\/proventuss.eu\/sk\/produkt\/preprufe-250\/#primaryimage\",\"url\":\"https:\/\/proventuss.eu\/wp-content\/uploads\/2023\/03\/shutterstock_1852800412-scaled.jpg\",\"contentUrl\":\"https:\/\/proventuss.eu\/wp-content\/uploads\/2023\/03\/shutterstock_1852800412-scaled.jpg\",\"width\":2560,\"height\":1706},{\"@type\":\"BreadcrumbList\",\"@id\":\"https:\/\/proventuss.eu\/sk\/produkt\/preprufe-250\/#breadcrumb\",\"itemListElement\":[{\"@type\":\"ListItem\",\"position\":1,\"name\":\"Home\",\"item\":\"https:\/\/proventuss.eu\/\"},{\"@type\":\"ListItem\",\"position\":2,\"name\":\"Produkty\",\"item\":\"https:\/\/proventuss.eu\/produkty\/\"},{\"@type\":\"ListItem\",\"position\":3,\"name\":\"Preprufe 250\"}]},{\"@type\":\"WebSite\",\"@id\":\"https:\/\/proventuss.eu\/#website\",\"url\":\"https:\/\/proventuss.eu\/\",\"name\":\"Proventuss\",\"description\":\"\",\"potentialAction\":[{\"@type\":\"SearchAction\",\"target\":{\"@type\":\"EntryPoint\",\"urlTemplate\":\"https:\/\/proventuss.eu\/?s={search_term_string}\"},\"query-input\":\"required name=search_term_string\"}],\"inLanguage\":\"sk-SK\"}]}<\/script>\n<!-- \/ Yoast SEO plugin. -->","yoast_head_json":{"title":"Preprufe 250 - Proventuss","robots":{"index":"index","follow":"follow","max-snippet":"max-snippet:-1","max-image-preview":"max-image-preview:large","max-video-preview":"max-video-preview:-1"},"canonical":"https:\/\/proventuss.eu\/sk\/produkt\/preprufe-250\/","og_locale":"sk_SK","og_type":"article","og_title":"Preprufe 250 - Proventuss","og_description":"Hydroizola\u010dn\u00e1 lepiaca f\u00f3lia Preprufe 250 na liate bet\u00f3nov\u00e9 zmesi z\u00e1kladov\u00fdch dosiek a jednostrann\u00e9 debnenie stien v podzemn\u00fdch \u010dastiach budov. Preprufe 250 je kompozitn\u00e1 f\u00f3liov\u00e1 membr\u00e1na skladaj\u00faca sa z nosnej vrstvy HDPE, akt\u00edvnej adhez\u00edvnej vrstvy a vrstvy odolnej vo\u010di poveternostn\u00fdm vplyvom. S vyu\u017eit\u00edm jedine\u010dnej technol\u00f3gie GCP Advanced Bond Technology\u2122 vytv\u00e1ra Preprfe 250 nepretr\u017eit\u00e9 a trval\u00e9 spojenie [&hellip;]","og_url":"https:\/\/proventuss.eu\/sk\/produkt\/preprufe-250\/","og_site_name":"Proventuss","article_modified_time":"2023-04-12T13:37:43+00:00","twitter_card":"summary_large_image","twitter_misc":{"Predpokladan\u00fd \u010das \u010d\u00edtania":"2 min\u00faty"},"schema":{"@context":"https:\/\/schema.org","@graph":[{"@type":"WebPage","@id":"https:\/\/proventuss.eu\/sk\/produkt\/preprufe-250\/","url":"https:\/\/proventuss.eu\/sk\/produkt\/preprufe-250\/","name":"Preprufe 250 - Proventuss","isPartOf":{"@id":"https:\/\/proventuss.eu\/#website"},"primaryImageOfPage":{"@id":"https:\/\/proventuss.eu\/sk\/produkt\/preprufe-250\/#primaryimage"},"image":{"@id":"https:\/\/proventuss.eu\/sk\/produkt\/preprufe-250\/#primaryimage"},"thumbnailUrl":"https:\/\/proventuss.eu\/wp-content\/uploads\/2023\/03\/shutterstock_1852800412-scaled.jpg","datePublished":"2023-03-20T12:44:06+00:00","dateModified":"2023-04-12T13:37:43+00:00","breadcrumb":{"@id":"https:\/\/proventuss.eu\/sk\/produkt\/preprufe-250\/#breadcrumb"},"inLanguage":"sk-SK","potentialAction":[{"@type":"ReadAction","target":["https:\/\/proventuss.eu\/sk\/produkt\/preprufe-250\/"]}]},{"@type":"ImageObject","inLanguage":"sk-SK","@id":"https:\/\/proventuss.eu\/sk\/produkt\/preprufe-250\/#primaryimage","url":"https:\/\/proventuss.eu\/wp-content\/uploads\/2023\/03\/shutterstock_1852800412-scaled.jpg","contentUrl":"https:\/\/proventuss.eu\/wp-content\/uploads\/2023\/03\/shutterstock_1852800412-scaled.jpg","width":2560,"height":1706},{"@type":"BreadcrumbList","@id":"https:\/\/proventuss.eu\/sk\/produkt\/preprufe-250\/#breadcrumb","itemListElement":[{"@type":"ListItem","position":1,"name":"Home","item":"https:\/\/proventuss.eu\/"},{"@type":"ListItem","position":2,"name":"Produkty","item":"https:\/\/proventuss.eu\/produkty\/"},{"@type":"ListItem","position":3,"name":"Preprufe 250"}]},{"@type":"WebSite","@id":"https:\/\/proventuss.eu\/#website","url":"https:\/\/proventuss.eu\/","name":"Proventuss","description":"","potentialAction":[{"@type":"SearchAction","target":{"@type":"EntryPoint","urlTemplate":"https:\/\/proventuss.eu\/?s={search_term_string}"},"query-input":"required name=search_term_string"}],"inLanguage":"sk-SK"}]}},"_links":{"self":[{"href":"https:\/\/proventuss.eu\/sk\/wp-json\/wp\/v2\/product\/12532"}],"collection":[{"href":"https:\/\/proventuss.eu\/sk\/wp-json\/wp\/v2\/product"}],"about":[{"href":"https:\/\/proventuss.eu\/sk\/wp-json\/wp\/v2\/types\/product"}],"replies":[{"embeddable":true,"href":"https:\/\/proventuss.eu\/sk\/wp-json\/wp\/v2\/comments?post=12532"}],"wp:featuredmedia":[{"embeddable":true,"href":"https:\/\/proventuss.eu\/sk\/wp-json\/wp\/v2\/media\/12585"}],"wp:attachment":[{"href":"https:\/\/proventuss.eu\/sk\/wp-json\/wp\/v2\/media?parent=12532"}],"wp:term":[{"taxonomy":"product_cat","embeddable":true,"href":"https:\/\/proventuss.eu\/sk\/wp-json\/wp\/v2\/product_cat?post=12532"},{"taxonomy":"product_tag","embeddable":true,"href":"https:\/\/proventuss.eu\/sk\/wp-json\/wp\/v2\/product_tag?post=12532"}],"curies":[{"name":"wp","href":"https:\/\/api.w.org\/{rel}","templated":true}]}}