{"id":9080,"date":"2022-05-18T07:50:05","date_gmt":"2022-05-18T07:50:05","guid":{"rendered":"https:\/\/proventuss.eu\/tabulky-spotreby\/"},"modified":"2022-10-03T13:03:32","modified_gmt":"2022-10-03T13:03:32","slug":"tabulky-spotreby","status":"publish","type":"page","link":"https:\/\/proventuss.eu\/sk\/kalkulacka-tabulky-spotreby-materialu\/tabulky-spotreby\/","title":{"rendered":"Tabu\u013eky spotreby"},"content":{"rendered":"\t\t<div data-elementor-type=\"wp-page\" data-elementor-id=\"9080\" class=\"elementor elementor-9080 elementor-1311\" data-elementor-post-type=\"page\">\n\t\t\t\t\t\t<section class=\"elementor-section elementor-top-section elementor-element elementor-element-16f0fd5 elementor-section-height-min-height elementor-section-boxed elementor-section-height-default elementor-section-items-middle\" data-id=\"16f0fd5\" data-element_type=\"section\" data-settings=\"{&quot;background_background&quot;:&quot;classic&quot;}\">\n\t\t\t\t\t\t\t<div class=\"elementor-background-overlay\"><\/div>\n\t\t\t\t\t\t\t<div class=\"elementor-container elementor-column-gap-default\">\n\t\t\t\t\t<div class=\"elementor-column elementor-col-50 elementor-top-column elementor-element elementor-element-fcc2505\" data-id=\"fcc2505\" data-element_type=\"column\">\n\t\t\t<div class=\"elementor-widget-wrap elementor-element-populated\">\n\t\t\t\t\t\t\t<\/div>\n\t\t<\/div>\n\t\t\t\t<div class=\"elementor-column elementor-col-50 elementor-top-column elementor-element elementor-element-24e50ee\" data-id=\"24e50ee\" data-element_type=\"column\">\n\t\t\t<div class=\"elementor-widget-wrap\">\n\t\t\t\t\t\t\t<\/div>\n\t\t<\/div>\n\t\t\t\t\t<\/div>\n\t\t<\/section>\n\t\t\t\t<section class=\"elementor-section elementor-top-section elementor-element elementor-element-0c0b20f elementor-section-boxed elementor-section-height-default elementor-section-height-default\" data-id=\"0c0b20f\" data-element_type=\"section\">\n\t\t\t\t\t\t<div class=\"elementor-container elementor-column-gap-default\">\n\t\t\t\t\t<div class=\"elementor-column elementor-col-100 elementor-top-column elementor-element elementor-element-3ba744c\" data-id=\"3ba744c\" data-element_type=\"column\">\n\t\t\t<div class=\"elementor-widget-wrap elementor-element-populated\">\n\t\t\t\t\t\t<div class=\"elementor-element elementor-element-7fe9c5b elementor-widget elementor-widget-image\" data-id=\"7fe9c5b\" data-element_type=\"widget\" data-widget_type=\"image.default\">\n\t\t\t\t<div class=\"elementor-widget-container\">\n\t\t\t<style>\/*! elementor - v3.22.0 - 26-06-2024 *\/\n.elementor-widget-image{text-align:center}.elementor-widget-image a{display:inline-block}.elementor-widget-image a img[src$=\".svg\"]{width:48px}.elementor-widget-image img{vertical-align:middle;display:inline-block}<\/style>\t\t\t\t\t\t\t\t\t\t<img fetchpriority=\"high\" decoding=\"async\" width=\"529\" height=\"249\" src=\"https:\/\/proventuss.eu\/wp-content\/uploads\/2022\/06\/uszczelnienie-zlacza-kompensacyjnego.jpg\" class=\"attachment-large size-large wp-image-7573\" alt=\"\" srcset=\"https:\/\/proventuss.eu\/wp-content\/uploads\/2022\/06\/uszczelnienie-zlacza-kompensacyjnego.jpg 529w, https:\/\/proventuss.eu\/wp-content\/uploads\/2022\/06\/uszczelnienie-zlacza-kompensacyjnego-300x141.jpg 300w\" sizes=\"(max-width: 529px) 100vw, 529px\" \/>\t\t\t\t\t\t\t\t\t\t\t\t\t<\/div>\n\t\t\t\t<\/div>\n\t\t\t\t<div class=\"elementor-element elementor-element-2595b7b elementor-widget elementor-widget-text-editor\" data-id=\"2595b7b\" data-element_type=\"widget\" data-widget_type=\"text-editor.default\">\n\t\t\t\t<div class=\"elementor-widget-container\">\n\t\t\t<style>\/*! elementor - v3.22.0 - 26-06-2024 *\/\n.elementor-widget-text-editor.elementor-drop-cap-view-stacked .elementor-drop-cap{background-color:#69727d;color:#fff}.elementor-widget-text-editor.elementor-drop-cap-view-framed .elementor-drop-cap{color:#69727d;border:3px solid;background-color:transparent}.elementor-widget-text-editor:not(.elementor-drop-cap-view-default) .elementor-drop-cap{margin-top:8px}.elementor-widget-text-editor:not(.elementor-drop-cap-view-default) .elementor-drop-cap-letter{width:1em;height:1em}.elementor-widget-text-editor .elementor-drop-cap{float:left;text-align:center;line-height:1;font-size:50px}.elementor-widget-text-editor .elementor-drop-cap-letter{display:inline-block}<\/style>\t\t\t\t<strong>Utesnenie dilata\u010dnej \u0161k\u00e1ry<\/strong>\r\nRozmer A \u2013 \u0160\u00edrka spoja\r\nRozmer B \u2013 H\u013abka tesnenia (nad nosnou ty\u010dou)\r\nRozmer C \u2013 Kontakt s tesniacim tmelom alebo povrch lepidla\r\n\r\n<strong>K\u013e\u00fa\u010dov\u00e9 body<\/strong>\r\n1. Rozmer A mus\u00ed by\u0165 minim\u00e1lne 6 mm alebo v\u00e4\u010d\u0161\u00ed v z\u00e1vislosti od pohybu k\u013abu\r\n2. Rozmer B by mal by\u0165 medzi 6 mm a 12 mm\r\n3. Rozmer C mus\u00ed by\u0165 minim\u00e1lne 6 mm\t\t\t\t\t\t<\/div>\n\t\t\t\t<\/div>\n\t\t\t\t<div class=\"elementor-element elementor-element-c8d7d48 elementor-widget elementor-widget-heading\" data-id=\"c8d7d48\" data-element_type=\"widget\" data-widget_type=\"heading.default\">\n\t\t\t\t<div class=\"elementor-widget-container\">\n\t\t\t<style>\/*! elementor - v3.22.0 - 26-06-2024 *\/\n.elementor-heading-title{padding:0;margin:0;line-height:1}.elementor-widget-heading .elementor-heading-title[class*=elementor-size-]>a{color:inherit;font-size:inherit;line-height:inherit}.elementor-widget-heading .elementor-heading-title.elementor-size-small{font-size:15px}.elementor-widget-heading .elementor-heading-title.elementor-size-medium{font-size:19px}.elementor-widget-heading .elementor-heading-title.elementor-size-large{font-size:29px}.elementor-widget-heading .elementor-heading-title.elementor-size-xl{font-size:39px}.elementor-widget-heading .elementor-heading-title.elementor-size-xxl{font-size:59px}<\/style><p class=\"elementor-heading-title elementor-size-default\">Tabu\u013eka spotreby<\/p>\t\t<\/div>\n\t\t\t\t<\/div>\n\t\t\t\t<div class=\"elementor-element elementor-element-7a322d6 elementor-widget elementor-widget-text-editor\" data-id=\"7a322d6\" data-element_type=\"widget\" data-widget_type=\"text-editor.default\">\n\t\t\t\t<div class=\"elementor-widget-container\">\n\t\t\t\t\t\t\tUveden\u00e9 hodnoty s\u00fa pribli\u017en\u00e9 a s\u00fa len orienta\u010dn\u00e9. Hodnoty sa m\u00f4\u017eu meni\u0165 v z\u00e1vislosti od typu materi\u00e1lu, stavebn\u00fdch podmienok alebo individu\u00e1lnych preferenci\u00ed \u010di odpor\u00fa\u010dan\u00ed. V z\u00e1vislosti od techniky spracovania, sp\u00f4sobu aplik\u00e1cie a podmienok treba po\u010d\u00edta\u0165 s 10 a\u017e 30 % vy\u0161\u0161ou spotrebou.\t\t\t\t\t\t<\/div>\n\t\t\t\t<\/div>\n\t\t\t\t<div class=\"elementor-element elementor-element-b4b8bcd elementor-widget elementor-widget-text-editor\" data-id=\"b4b8bcd\" data-element_type=\"widget\" data-widget_type=\"text-editor.default\">\n\t\t\t\t<div class=\"elementor-widget-container\">\n\t\t\t\t\t\t\t<strong>1. Lepenie panelov a okien<\/strong>\r\n<table>\r\n<tbody>\r\n<tr>\r\n<td width=\"174\"><strong>\u0160\u00edrka spoja v mm<\/strong><\/td>\r\n<td width=\"174\"><strong>H\u013abka spoja v mm<\/strong><\/td>\r\n<td colspan=\"2\" width=\"349\"><strong>Pou\u017eitie\/ be\u017en\u00e9 metre<\/strong><\/td>\r\n<\/tr>\r\n<tr>\r\n<td width=\"174\"><strong>\u00a0<\/strong><\/td>\r\n<td width=\"174\"><strong>\u00a0<\/strong><\/td>\r\n<td width=\"174\"><strong>310 ml<\/strong><\/td>\r\n<td width=\"174\"><strong>600 ml<\/strong><\/td>\r\n<\/tr>\r\n<tr>\r\n<td width=\"174\">6<\/td>\r\n<td width=\"174\">3<\/td>\r\n<td width=\"174\">15,5<\/td>\r\n<td width=\"174\">30,0<\/td>\r\n<\/tr>\r\n<tr>\r\n<td width=\"174\">6<\/td>\r\n<td width=\"174\">4<\/td>\r\n<td width=\"174\">11,6<\/td>\r\n<td width=\"174\">22,5<\/td>\r\n<\/tr>\r\n<tr>\r\n<td width=\"174\">12<\/td>\r\n<td width=\"174\">3<\/td>\r\n<td width=\"174\">7,8<\/td>\r\n<td width=\"174\">15,0<\/td>\r\n<\/tr>\r\n<\/tbody>\r\n<\/table>\t\t\t\t\t\t<\/div>\n\t\t\t\t<\/div>\n\t\t\t\t<div class=\"elementor-element elementor-element-27485bb elementor-widget elementor-widget-text-editor\" data-id=\"27485bb\" data-element_type=\"widget\" data-widget_type=\"text-editor.default\">\n\t\t\t\t<div class=\"elementor-widget-container\">\n\t\t\t\t\t\t\t<strong>2. Tesnenie<\/strong>\r\n<table>\r\n<tbody>\r\n<tr>\r\n<td width=\"174\"><strong>\u0160\u00edrka spoja v mm<\/strong><\/td>\r\n<td width=\"174\"><strong>H\u013abka spoja v mm<\/strong><\/td>\r\n<td colspan=\"2\" width=\"349\"><strong>Pou\u017eitie\/ be\u017en\u00e9 metre<\/strong><\/td>\r\n<\/tr>\r\n<tr>\r\n<td width=\"174\"><strong>\u00a0<\/strong><\/td>\r\n<td width=\"174\"><strong>\u00a0<\/strong><\/td>\r\n<td width=\"174\"><strong>310 ml<\/strong><\/td>\r\n<td width=\"174\"><strong>600 ml<\/strong><\/td>\r\n<\/tr>\r\n<tr>\r\n<td width=\"174\">6<\/td>\r\n<td width=\"174\">6<\/td>\r\n<td width=\"174\">7,8<\/td>\r\n<td width=\"174\">15,0<\/td>\r\n<\/tr>\r\n<tr>\r\n<td width=\"174\">8<\/td>\r\n<td width=\"174\">6<\/td>\r\n<td width=\"174\">5,8<\/td>\r\n<td width=\"174\">11,3<\/td>\r\n<\/tr>\r\n<tr>\r\n<td width=\"174\">8<\/td>\r\n<td width=\"174\">8<\/td>\r\n<td width=\"174\">4,4<\/td>\r\n<td width=\"174\">8,4<\/td>\r\n<\/tr>\r\n<tr>\r\n<td width=\"174\">10<\/td>\r\n<td width=\"174\">6<\/td>\r\n<td width=\"174\">4,7<\/td>\r\n<td width=\"174\">9,0<\/td>\r\n<\/tr>\r\n<tr>\r\n<td width=\"174\">10<\/td>\r\n<td width=\"174\">8<\/td>\r\n<td width=\"174\">3,5<\/td>\r\n<td width=\"174\">6,8<\/td>\r\n<\/tr>\r\n<tr>\r\n<td width=\"174\">10<\/td>\r\n<td width=\"174\">10<\/td>\r\n<td width=\"174\">2,8<\/td>\r\n<td width=\"174\">5,4<\/td>\r\n<\/tr>\r\n<tr>\r\n<td width=\"174\">12<\/td>\r\n<td width=\"174\">6<\/td>\r\n<td width=\"174\">3,9<\/td>\r\n<td width=\"174\">7,5<\/td>\r\n<\/tr>\r\n<tr>\r\n<td width=\"174\">12<\/td>\r\n<td width=\"174\">8<\/td>\r\n<td width=\"174\">2,9<\/td>\r\n<td width=\"174\">5,6<\/td>\r\n<\/tr>\r\n<tr>\r\n<td width=\"174\">12<\/td>\r\n<td width=\"174\">10<\/td>\r\n<td width=\"174\">2,3<\/td>\r\n<td width=\"174\">4,5<\/td>\r\n<\/tr>\r\n<tr>\r\n<td width=\"174\">14<\/td>\r\n<td width=\"174\">6<\/td>\r\n<td width=\"174\">3,3<\/td>\r\n<td width=\"174\">6,4<\/td>\r\n<\/tr>\r\n<tr>\r\n<td width=\"174\">14<\/td>\r\n<td width=\"174\">8<\/td>\r\n<td width=\"174\">2,5<\/td>\r\n<td width=\"174\">4,8<\/td>\r\n<\/tr>\r\n<tr>\r\n<td width=\"174\">14<\/td>\r\n<td width=\"174\">10<\/td>\r\n<td width=\"174\">2,0<\/td>\r\n<td width=\"174\">3,9<\/td>\r\n<\/tr>\r\n<tr>\r\n<td width=\"174\">16<\/td>\r\n<td width=\"174\">6<\/td>\r\n<td width=\"174\">2,9<\/td>\r\n<td width=\"174\">5,6<\/td>\r\n<\/tr>\r\n<tr>\r\n<td width=\"174\">16<\/td>\r\n<td width=\"174\">8<\/td>\r\n<td width=\"174\">2,2<\/td>\r\n<td width=\"174\">4,2<\/td>\r\n<\/tr>\r\n<tr>\r\n<td width=\"174\">16<\/td>\r\n<td width=\"174\">10<\/td>\r\n<td width=\"174\">1,7<\/td>\r\n<td width=\"174\">3,4<\/td>\r\n<\/tr>\r\n<tr>\r\n<td width=\"174\">18<\/td>\r\n<td width=\"174\">6<\/td>\r\n<td width=\"174\">2,6<\/td>\r\n<td width=\"174\">5,0<\/td>\r\n<\/tr>\r\n<tr>\r\n<td width=\"174\">18<\/td>\r\n<td width=\"174\">8<\/td>\r\n<td width=\"174\">1,9<\/td>\r\n<td width=\"174\">3,8<\/td>\r\n<\/tr>\r\n<tr>\r\n<td width=\"174\">18<\/td>\r\n<td width=\"174\">10<\/td>\r\n<td width=\"174\">1,6<\/td>\r\n<td width=\"174\">3,0<\/td>\r\n<\/tr>\r\n<tr>\r\n<td width=\"174\">20<\/td>\r\n<td width=\"174\">8<\/td>\r\n<td width=\"174\">1,7<\/td>\r\n<td width=\"174\">3,4<\/td>\r\n<\/tr>\r\n<tr>\r\n<td width=\"174\">20<\/td>\r\n<td width=\"174\">10<\/td>\r\n<td width=\"174\">1,4<\/td>\r\n<td width=\"174\">2,7<\/td>\r\n<\/tr>\r\n<tr>\r\n<td width=\"174\">22<\/td>\r\n<td width=\"174\">8<\/td>\r\n<td width=\"174\">1,6<\/td>\r\n<td width=\"174\">3,1<\/td>\r\n<\/tr>\r\n<tr>\r\n<td width=\"174\">22<\/td>\r\n<td width=\"174\">10<\/td>\r\n<td width=\"174\">1,3<\/td>\r\n<td width=\"174\">2,5<\/td>\r\n<\/tr>\r\n<tr>\r\n<td width=\"174\">24<\/td>\r\n<td width=\"174\">10<\/td>\r\n<td width=\"174\">1,2<\/td>\r\n<td width=\"174\">2,3<\/td>\r\n<\/tr>\r\n<tr>\r\n<td width=\"174\">24<\/td>\r\n<td width=\"174\">12<\/td>\r\n<td width=\"174\">1,0<\/td>\r\n<td width=\"174\">1,9<\/td>\r\n<\/tr>\r\n<tr>\r\n<td width=\"174\">26<\/td>\r\n<td width=\"174\">10<\/td>\r\n<td width=\"174\">1,1<\/td>\r\n<td width=\"174\">2,1<\/td>\r\n<\/tr>\r\n<tr>\r\n<td width=\"174\">26<\/td>\r\n<td width=\"174\">12<\/td>\r\n<td width=\"174\">0,9<\/td>\r\n<td width=\"174\">1,7<\/td>\r\n<\/tr>\r\n<tr>\r\n<td width=\"174\">28<\/td>\r\n<td width=\"174\">12<\/td>\r\n<td width=\"174\">0,8<\/td>\r\n<td width=\"174\">1,6<\/td>\r\n<\/tr>\r\n<tr>\r\n<td width=\"174\">28<\/td>\r\n<td width=\"174\">14<\/td>\r\n<td width=\"174\">0,7<\/td>\r\n<td width=\"174\">1,4<\/td>\r\n<\/tr>\r\n<tr>\r\n<td width=\"174\">30<\/td>\r\n<td width=\"174\">12<\/td>\r\n<td width=\"174\">0,8<\/td>\r\n<td width=\"174\">1,5<\/td>\r\n<\/tr>\r\n<tr>\r\n<td width=\"174\">30<\/td>\r\n<td width=\"174\">14<\/td>\r\n<td width=\"174\">0,7<\/td>\r\n<td width=\"174\">1,3<\/td>\r\n<\/tr>\r\n<\/tbody>\r\n<\/table>\t\t\t\t\t\t<\/div>\n\t\t\t\t<\/div>\n\t\t\t\t\t<\/div>\n\t\t<\/div>\n\t\t\t\t\t<\/div>\n\t\t<\/section>\n\t\t\t\t<\/div>\n\t\t","protected":false},"excerpt":{"rendered":"<p>Utesnenie dilata\u010dnej \u0161k\u00e1ry Rozmer A \u2013 \u0160\u00edrka spoja Rozmer B \u2013 H\u013abka tesnenia (nad nosnou ty\u010dou) Rozmer C \u2013 Kontakt s tesniacim tmelom alebo povrch lepidla K\u013e\u00fa\u010dov\u00e9 body 1. Rozmer A mus\u00ed by\u0165 minim\u00e1lne 6 mm alebo v\u00e4\u010d\u0161\u00ed v z\u00e1vislosti od pohybu k\u013abu 2. Rozmer B by mal by\u0165 medzi 6 mm a 12 mm [&hellip;]<\/p>\n","protected":false},"author":1,"featured_media":0,"parent":9082,"menu_order":0,"comment_status":"closed","ping_status":"closed","template":"elementor_header_footer","meta":{"_acf_changed":false,"footnotes":""},"acf":[],"yoast_head":"<!-- This site is optimized with the Yoast SEO plugin v22.9 - https:\/\/yoast.com\/wordpress\/plugins\/seo\/ -->\n<title>Tabu\u013eky spotreby - Proventuss<\/title>\n<meta name=\"robots\" content=\"index, follow, max-snippet:-1, max-image-preview:large, max-video-preview:-1\" \/>\n<link rel=\"canonical\" href=\"https:\/\/proventuss.eu\/kalkulator-tabele-zuzycia-materialow\/tabele-zuzycia\/\" \/>\n<meta property=\"og:locale\" content=\"sk_SK\" \/>\n<meta property=\"og:type\" content=\"article\" \/>\n<meta property=\"og:title\" content=\"Tabu\u013eky spotreby - Proventuss\" \/>\n<meta property=\"og:description\" content=\"Utesnenie dilata\u010dnej \u0161k\u00e1ry Rozmer A \u2013 \u0160\u00edrka spoja Rozmer B \u2013 H\u013abka tesnenia (nad nosnou ty\u010dou) Rozmer C \u2013 Kontakt s tesniacim tmelom alebo povrch lepidla K\u013e\u00fa\u010dov\u00e9 body 1. Rozmer A mus\u00ed by\u0165 minim\u00e1lne 6 mm alebo v\u00e4\u010d\u0161\u00ed v z\u00e1vislosti od pohybu k\u013abu 2. Rozmer B by mal by\u0165 medzi 6 mm a 12 mm [&hellip;]\" \/>\n<meta property=\"og:url\" content=\"https:\/\/proventuss.eu\/kalkulator-tabele-zuzycia-materialow\/tabele-zuzycia\/\" \/>\n<meta property=\"og:site_name\" content=\"Proventuss\" \/>\n<meta property=\"article:modified_time\" content=\"2022-10-03T13:03:32+00:00\" \/>\n<meta property=\"og:image\" content=\"https:\/\/proventuss.eu\/wp-content\/uploads\/2022\/06\/uszczelnienie-zlacza-kompensacyjnego.jpg\" \/>\n<meta name=\"twitter:card\" content=\"summary_large_image\" \/>\n<meta name=\"twitter:label1\" content=\"Predpokladan\u00fd \u010das \u010d\u00edtania\" \/>\n\t<meta name=\"twitter:data1\" content=\"1 min\u00fata\" \/>\n<script type=\"application\/ld+json\" class=\"yoast-schema-graph\">{\"@context\":\"https:\/\/schema.org\",\"@graph\":[{\"@type\":\"WebPage\",\"@id\":\"https:\/\/proventuss.eu\/kalkulator-tabele-zuzycia-materialow\/tabele-zuzycia\/\",\"url\":\"https:\/\/proventuss.eu\/kalkulator-tabele-zuzycia-materialow\/tabele-zuzycia\/\",\"name\":\"Tabu\u013eky spotreby - Proventuss\",\"isPartOf\":{\"@id\":\"https:\/\/proventuss.eu\/#website\"},\"primaryImageOfPage\":{\"@id\":\"https:\/\/proventuss.eu\/kalkulator-tabele-zuzycia-materialow\/tabele-zuzycia\/#primaryimage\"},\"image\":{\"@id\":\"https:\/\/proventuss.eu\/kalkulator-tabele-zuzycia-materialow\/tabele-zuzycia\/#primaryimage\"},\"thumbnailUrl\":\"https:\/\/proventuss.eu\/wp-content\/uploads\/2022\/06\/uszczelnienie-zlacza-kompensacyjnego.jpg\",\"datePublished\":\"2022-05-18T07:50:05+00:00\",\"dateModified\":\"2022-10-03T13:03:32+00:00\",\"breadcrumb\":{\"@id\":\"https:\/\/proventuss.eu\/kalkulator-tabele-zuzycia-materialow\/tabele-zuzycia\/#breadcrumb\"},\"inLanguage\":\"sk-SK\",\"potentialAction\":[{\"@type\":\"ReadAction\",\"target\":[\"https:\/\/proventuss.eu\/kalkulator-tabele-zuzycia-materialow\/tabele-zuzycia\/\"]}]},{\"@type\":\"ImageObject\",\"inLanguage\":\"sk-SK\",\"@id\":\"https:\/\/proventuss.eu\/kalkulator-tabele-zuzycia-materialow\/tabele-zuzycia\/#primaryimage\",\"url\":\"https:\/\/proventuss.eu\/wp-content\/uploads\/2022\/06\/uszczelnienie-zlacza-kompensacyjnego.jpg\",\"contentUrl\":\"https:\/\/proventuss.eu\/wp-content\/uploads\/2022\/06\/uszczelnienie-zlacza-kompensacyjnego.jpg\"},{\"@type\":\"BreadcrumbList\",\"@id\":\"https:\/\/proventuss.eu\/kalkulator-tabele-zuzycia-materialow\/tabele-zuzycia\/#breadcrumb\",\"itemListElement\":[{\"@type\":\"ListItem\",\"position\":1,\"name\":\"Home\",\"item\":\"https:\/\/proventuss.eu\/\"},{\"@type\":\"ListItem\",\"position\":2,\"name\":\"Tabu\u013eky spotreby\"}]},{\"@type\":\"WebSite\",\"@id\":\"https:\/\/proventuss.eu\/#website\",\"url\":\"https:\/\/proventuss.eu\/\",\"name\":\"Proventuss\",\"description\":\"\",\"potentialAction\":[{\"@type\":\"SearchAction\",\"target\":{\"@type\":\"EntryPoint\",\"urlTemplate\":\"https:\/\/proventuss.eu\/?s={search_term_string}\"},\"query-input\":\"required name=search_term_string\"}],\"inLanguage\":\"sk-SK\"}]}<\/script>\n<!-- \/ Yoast SEO plugin. -->","yoast_head_json":{"title":"Tabu\u013eky spotreby - Proventuss","robots":{"index":"index","follow":"follow","max-snippet":"max-snippet:-1","max-image-preview":"max-image-preview:large","max-video-preview":"max-video-preview:-1"},"canonical":"https:\/\/proventuss.eu\/kalkulator-tabele-zuzycia-materialow\/tabele-zuzycia\/","og_locale":"sk_SK","og_type":"article","og_title":"Tabu\u013eky spotreby - Proventuss","og_description":"Utesnenie dilata\u010dnej \u0161k\u00e1ry Rozmer A \u2013 \u0160\u00edrka spoja Rozmer B \u2013 H\u013abka tesnenia (nad nosnou ty\u010dou) Rozmer C \u2013 Kontakt s tesniacim tmelom alebo povrch lepidla K\u013e\u00fa\u010dov\u00e9 body 1. Rozmer A mus\u00ed by\u0165 minim\u00e1lne 6 mm alebo v\u00e4\u010d\u0161\u00ed v z\u00e1vislosti od pohybu k\u013abu 2. Rozmer B by mal by\u0165 medzi 6 mm a 12 mm [&hellip;]","og_url":"https:\/\/proventuss.eu\/kalkulator-tabele-zuzycia-materialow\/tabele-zuzycia\/","og_site_name":"Proventuss","article_modified_time":"2022-10-03T13:03:32+00:00","og_image":[{"url":"https:\/\/proventuss.eu\/wp-content\/uploads\/2022\/06\/uszczelnienie-zlacza-kompensacyjnego.jpg"}],"twitter_card":"summary_large_image","twitter_misc":{"Predpokladan\u00fd \u010das \u010d\u00edtania":"1 min\u00fata"},"schema":{"@context":"https:\/\/schema.org","@graph":[{"@type":"WebPage","@id":"https:\/\/proventuss.eu\/kalkulator-tabele-zuzycia-materialow\/tabele-zuzycia\/","url":"https:\/\/proventuss.eu\/kalkulator-tabele-zuzycia-materialow\/tabele-zuzycia\/","name":"Tabu\u013eky spotreby - Proventuss","isPartOf":{"@id":"https:\/\/proventuss.eu\/#website"},"primaryImageOfPage":{"@id":"https:\/\/proventuss.eu\/kalkulator-tabele-zuzycia-materialow\/tabele-zuzycia\/#primaryimage"},"image":{"@id":"https:\/\/proventuss.eu\/kalkulator-tabele-zuzycia-materialow\/tabele-zuzycia\/#primaryimage"},"thumbnailUrl":"https:\/\/proventuss.eu\/wp-content\/uploads\/2022\/06\/uszczelnienie-zlacza-kompensacyjnego.jpg","datePublished":"2022-05-18T07:50:05+00:00","dateModified":"2022-10-03T13:03:32+00:00","breadcrumb":{"@id":"https:\/\/proventuss.eu\/kalkulator-tabele-zuzycia-materialow\/tabele-zuzycia\/#breadcrumb"},"inLanguage":"sk-SK","potentialAction":[{"@type":"ReadAction","target":["https:\/\/proventuss.eu\/kalkulator-tabele-zuzycia-materialow\/tabele-zuzycia\/"]}]},{"@type":"ImageObject","inLanguage":"sk-SK","@id":"https:\/\/proventuss.eu\/kalkulator-tabele-zuzycia-materialow\/tabele-zuzycia\/#primaryimage","url":"https:\/\/proventuss.eu\/wp-content\/uploads\/2022\/06\/uszczelnienie-zlacza-kompensacyjnego.jpg","contentUrl":"https:\/\/proventuss.eu\/wp-content\/uploads\/2022\/06\/uszczelnienie-zlacza-kompensacyjnego.jpg"},{"@type":"BreadcrumbList","@id":"https:\/\/proventuss.eu\/kalkulator-tabele-zuzycia-materialow\/tabele-zuzycia\/#breadcrumb","itemListElement":[{"@type":"ListItem","position":1,"name":"Home","item":"https:\/\/proventuss.eu\/"},{"@type":"ListItem","position":2,"name":"Tabu\u013eky spotreby"}]},{"@type":"WebSite","@id":"https:\/\/proventuss.eu\/#website","url":"https:\/\/proventuss.eu\/","name":"Proventuss","description":"","potentialAction":[{"@type":"SearchAction","target":{"@type":"EntryPoint","urlTemplate":"https:\/\/proventuss.eu\/?s={search_term_string}"},"query-input":"required name=search_term_string"}],"inLanguage":"sk-SK"}]}},"_links":{"self":[{"href":"https:\/\/proventuss.eu\/sk\/wp-json\/wp\/v2\/pages\/9080"}],"collection":[{"href":"https:\/\/proventuss.eu\/sk\/wp-json\/wp\/v2\/pages"}],"about":[{"href":"https:\/\/proventuss.eu\/sk\/wp-json\/wp\/v2\/types\/page"}],"author":[{"embeddable":true,"href":"https:\/\/proventuss.eu\/sk\/wp-json\/wp\/v2\/users\/1"}],"replies":[{"embeddable":true,"href":"https:\/\/proventuss.eu\/sk\/wp-json\/wp\/v2\/comments?post=9080"}],"version-history":[{"count":1,"href":"https:\/\/proventuss.eu\/sk\/wp-json\/wp\/v2\/pages\/9080\/revisions"}],"predecessor-version":[{"id":9081,"href":"https:\/\/proventuss.eu\/sk\/wp-json\/wp\/v2\/pages\/9080\/revisions\/9081"}],"up":[{"embeddable":true,"href":"https:\/\/proventuss.eu\/sk\/wp-json\/wp\/v2\/pages\/9082"}],"wp:attachment":[{"href":"https:\/\/proventuss.eu\/sk\/wp-json\/wp\/v2\/media?parent=9080"}],"curies":[{"name":"wp","href":"https:\/\/api.w.org\/{rel}","templated":true}]}}