{"id":9078,"date":"2022-05-18T07:50:39","date_gmt":"2022-05-18T07:50:39","guid":{"rendered":"https:\/\/proventuss.eu\/kalkulacka-spotreby\/"},"modified":"2022-10-03T13:00:41","modified_gmt":"2022-10-03T13:00:41","slug":"kalkulacka-spotreby","status":"publish","type":"page","link":"https:\/\/proventuss.eu\/sk\/kalkulacka-tabulky-spotreby-materialu\/kalkulacka-spotreby\/","title":{"rendered":"Kalkula\u010dka spotreby"},"content":{"rendered":"\t\t<div data-elementor-type=\"wp-page\" data-elementor-id=\"9078\" class=\"elementor elementor-9078 elementor-1313\" data-elementor-post-type=\"page\">\n\t\t\t\t\t\t<section class=\"elementor-section elementor-top-section elementor-element elementor-element-16f0fd5 elementor-section-height-min-height elementor-section-boxed elementor-section-height-default elementor-section-items-middle\" data-id=\"16f0fd5\" data-element_type=\"section\" data-settings=\"{&quot;background_background&quot;:&quot;classic&quot;}\">\n\t\t\t\t\t\t\t<div class=\"elementor-background-overlay\"><\/div>\n\t\t\t\t\t\t\t<div class=\"elementor-container elementor-column-gap-default\">\n\t\t\t\t\t<div class=\"elementor-column elementor-col-50 elementor-top-column elementor-element elementor-element-fcc2505\" data-id=\"fcc2505\" data-element_type=\"column\">\n\t\t\t<div class=\"elementor-widget-wrap elementor-element-populated\">\n\t\t\t\t\t\t\t<\/div>\n\t\t<\/div>\n\t\t\t\t<div class=\"elementor-column elementor-col-50 elementor-top-column elementor-element elementor-element-24e50ee\" data-id=\"24e50ee\" data-element_type=\"column\">\n\t\t\t<div class=\"elementor-widget-wrap\">\n\t\t\t\t\t\t\t<\/div>\n\t\t<\/div>\n\t\t\t\t\t<\/div>\n\t\t<\/section>\n\t\t\t\t<section class=\"elementor-section elementor-top-section elementor-element elementor-element-0c0b20f elementor-section-boxed elementor-section-height-default elementor-section-height-default\" data-id=\"0c0b20f\" data-element_type=\"section\">\n\t\t\t\t\t\t<div class=\"elementor-container elementor-column-gap-default\">\n\t\t\t\t\t<div class=\"elementor-column elementor-col-100 elementor-top-column elementor-element elementor-element-3ba744c\" data-id=\"3ba744c\" data-element_type=\"column\">\n\t\t\t<div class=\"elementor-widget-wrap elementor-element-populated\">\n\t\t\t\t\t\t<div class=\"elementor-element elementor-element-57efc84 elementor-widget elementor-widget-text-editor\" data-id=\"57efc84\" data-element_type=\"widget\" data-widget_type=\"text-editor.default\">\n\t\t\t\t<div class=\"elementor-widget-container\">\n\t\t\t<style>\/*! elementor - v3.22.0 - 26-06-2024 *\/\n.elementor-widget-text-editor.elementor-drop-cap-view-stacked .elementor-drop-cap{background-color:#69727d;color:#fff}.elementor-widget-text-editor.elementor-drop-cap-view-framed .elementor-drop-cap{color:#69727d;border:3px solid;background-color:transparent}.elementor-widget-text-editor:not(.elementor-drop-cap-view-default) .elementor-drop-cap{margin-top:8px}.elementor-widget-text-editor:not(.elementor-drop-cap-view-default) .elementor-drop-cap-letter{width:1em;height:1em}.elementor-widget-text-editor .elementor-drop-cap{float:left;text-align:center;line-height:1;font-size:50px}.elementor-widget-text-editor .elementor-drop-cap-letter{display:inline-block}<\/style>\t\t\t\t<script src=\"https:\/\/proventuss.eu\/calc\/kalkulator.js\" type=\"text\/javascript\"><\/script><script type=\"text\/javascript\">\/\/ <![CDATA[ readyCalc(); \/\/ ]]><\/script>\r\n<table id=\"kalkulator\" style=\"background-color: #ffffff; width: 87.7103%; height: 216px;\">\r\n<tbody>\r\n<tr style=\"height: 24px;\">\r\n<td style=\"width: 50%; height: 24px;\">H\u013abka spoja (mm)<\/td>\r\n<td style=\"width: 50%; height: 24px;\"><input name=\"gleb_do_sred_prost\" type=\"number\" value=\"10\" \/><\/td>\r\n<\/tr>\r\n<tr style=\"height: 24px;\">\r\n<td style=\"width: 33.2226%; height: 24px;\">\u0160\u00edrka spoja (mm)<\/td>\r\n<td style=\"width: 60.4651%; height: 24px;\"><input name=\"szer_zlacza\" type=\"number\" value=\"20\" \/><\/td>\r\n<\/tr>\r\n<tr style=\"height: 24px;\">\r\n<td style=\"width: 33.2226%; height: 24px;\">D\u013a\u017eka spoja &#8211; be\u017en\u00e9 metre (m)<\/td>\r\n<td style=\"width: 60.4651%; height: 24px;\"><input name=\"dl_zlacza_prost\" type=\"number\" value=\"100\" \/><\/td>\r\n<\/tr>\r\n<tr style=\"height: 24px;\">\r\n<td style=\"width: 33.2226%; height: 24px;\">Odpad -%<\/td>\r\n<td style=\"width: 60.4651%; height: 24px;\"><input name=\"odpad_prost\" type=\"number\" value=\"10\" \/><\/td>\r\n<\/tr>\r\n<tr style=\"height: 48px;\">\r\n<td style=\"width: 33.2226%; height: 48px;\">Spotreba tmelu (litre) [dm3]<\/td>\r\n<td style=\"width: 60.4651%; height: 48px;\"><input style=\"font-weight: bold;\" name=\"kons_prost\" type=\"readonly\" \/><\/td>\r\n<\/tr>\r\n<tr style=\"height: 24px;\">\r\n<td style=\"width: 33.2226%; height: 24px;\">Kartu\u0161e (310ml)<\/td>\r\n<td style=\"width: 60.4651%; height: 24px;\"><input style=\"font-weight: bold;\" name=\"kart310_prost\" type=\"readonly\" \/><\/td>\r\n<\/tr>\r\n<tr style=\"height: 24px;\">\r\n<td style=\"width: 33.2226%; height: 24px;\">Kartu\u0161e (280ml)<\/td>\r\n<td style=\"width: 60.4651%; height: 24px;\"><input style=\"font-weight: bold;\" name=\"kart280_prost\" type=\"readonly\" \/><\/td>\r\n<\/tr>\r\n<tr style=\"height: 24px;\">\r\n<td style=\"width: 33.2226%; height: 24px;\">Sal\u00e1my (600ml)<\/td>\r\n<td style=\"width: 60.4651%; height: 24px;\"><input style=\"font-weight: bold;\" name=\"kart600_prost\" type=\"readonly\" \/><\/td>\r\n<\/tr>\r\n<\/tbody>\r\n<\/table>\t\t\t\t\t\t<\/div>\n\t\t\t\t<\/div>\n\t\t\t\t<div class=\"elementor-element elementor-element-9d5cfd5 elementor-widget elementor-widget-text-editor\" data-id=\"9d5cfd5\" data-element_type=\"widget\" data-widget_type=\"text-editor.default\">\n\t\t\t\t<div class=\"elementor-widget-container\">\n\t\t\t\t\t\t\t<strong>Tip:<\/strong>\r\n\r\nUveden\u00e9 hodnoty s\u00fa pribli\u017en\u00e9 a s\u00fa len orienta\u010dn\u00e9. Hodnoty sa m\u00f4\u017eu meni\u0165 v z\u00e1vislosti od typu materi\u00e1lu, stavebn\u00fdch podmienok alebo individu\u00e1lnych preferenci\u00ed \u010di odpor\u00fa\u010dan\u00ed. V z\u00e1vislosti od techniky spracovania, sp\u00f4sobu aplik\u00e1cie a podmienok treba po\u010d\u00edta\u0165 s 10 a\u017e 30 % vy\u0161\u0161ou spotrebou.\t\t\t\t\t\t<\/div>\n\t\t\t\t<\/div>\n\t\t\t\t<div class=\"elementor-element elementor-element-63fa3cb elementor-widget elementor-widget-heading\" data-id=\"63fa3cb\" data-element_type=\"widget\" data-widget_type=\"heading.default\">\n\t\t\t\t<div class=\"elementor-widget-container\">\n\t\t\t<style>\/*! elementor - v3.22.0 - 26-06-2024 *\/\n.elementor-heading-title{padding:0;margin:0;line-height:1}.elementor-widget-heading .elementor-heading-title[class*=elementor-size-]>a{color:inherit;font-size:inherit;line-height:inherit}.elementor-widget-heading .elementor-heading-title.elementor-size-small{font-size:15px}.elementor-widget-heading .elementor-heading-title.elementor-size-medium{font-size:19px}.elementor-widget-heading .elementor-heading-title.elementor-size-large{font-size:29px}.elementor-widget-heading .elementor-heading-title.elementor-size-xl{font-size:39px}.elementor-widget-heading .elementor-heading-title.elementor-size-xxl{font-size:59px}<\/style><p class=\"elementor-heading-title elementor-size-default\">Pribli\u017en\u00e1 spotreba pre por\u00e9zny povrch<\/p>\t\t<\/div>\n\t\t\t\t<\/div>\n\t\t\t\t<div class=\"elementor-element elementor-element-708a265 elementor-widget elementor-widget-text-editor\" data-id=\"708a265\" data-element_type=\"widget\" data-widget_type=\"text-editor.default\">\n\t\t\t\t<div class=\"elementor-widget-container\">\n\t\t\t\t\t\t\t<table id=\"kalkulator\" style=\"background-color: #ffffff;\">\r\n<tbody>\r\n<tr>\r\n<td style=\"width: 50%;\">Primer 1200 OS \u2013 balenie 500 ml<\/td>\r\n<td style=\"width: 50%;\"><strong>~400 mb\/l<\/strong><\/td>\r\n<\/tr>\r\n<tr>\r\n<td style=\"width: 33.2226%;\">Primer C \u2013 balenie 384 g<\/td>\r\n<td style=\"width: 60.4651%;\"><strong>~400 mb\/l<\/strong><\/td>\r\n<\/tr>\r\n<tr>\r\n<td style=\"width: 33.2226%;\">Primer P \u2013 balenie 500 ml<\/td>\r\n<td style=\"width: 60.4651%;\"><strong>~450 mb\/l<\/strong><\/td>\r\n<\/tr>\r\n<tr>\r\n<td style=\"width: 48.285%; text-align: center; background: #00B2AA; color: #ffffff; text-transform: uppercase;\" colspan=\"2\"><strong>\u010cISTIACE A ZAHLADZOVACIE \u010cINIDL\u00c1<\/strong><\/td>\r\n<\/tr>\r\n<tr>\r\n<td style=\"width: 33.2226%;\">Vi-Pro\u00ae Easy To Tool \u2013 zahladzovacie \u010dinidlo 1 L (koncentr\u00e1t)<\/td>\r\n<td style=\"width: 60.4651%;\"><strong>koncentr\u00e1cia 5 \u2013 10%<\/strong><\/td>\r\n<\/tr>\r\n<\/tbody>\r\n<\/table>\t\t\t\t\t\t<\/div>\n\t\t\t\t<\/div>\n\t\t\t\t<div class=\"elementor-element elementor-element-78743df elementor-widget elementor-widget-heading\" data-id=\"78743df\" data-element_type=\"widget\" data-widget_type=\"heading.default\">\n\t\t\t\t<div class=\"elementor-widget-container\">\n\t\t\t<p class=\"elementor-heading-title elementor-size-default\">Pribli\u017en\u00e1 spotreba pre nepor\u00e9zny povrch<\/p>\t\t<\/div>\n\t\t\t\t<\/div>\n\t\t\t\t<div class=\"elementor-element elementor-element-3b27f5c elementor-widget elementor-widget-text-editor\" data-id=\"3b27f5c\" data-element_type=\"widget\" data-widget_type=\"text-editor.default\">\n\t\t\t\t<div class=\"elementor-widget-container\">\n\t\t\t\t\t\t\t<table id=\"kalkulator\" style=\"width: 100%; height: 240px;\">\r\n<tbody>\r\n<tr style=\"height: 24px;\">\r\n<td style=\"width: 50%; height: 24px;\">R40 \/ 41 \u010distidlo \u2013 1l<\/td>\r\n<td style=\"width: 50%; height: 24px;\"><b>~1000 mb\/l<\/b><\/td>\r\n<\/tr>\r\n<tr style=\"height: 48px;\">\r\n<td style=\"width: 48.285%; height: 48px;\">Primer 1200 OS \/ 1203 \u2013 500 ml<\/td>\r\n<td style=\"width: 49.6042%; height: 48px;\"><b>~800 mb\/l<\/b><\/td>\r\n<\/tr>\r\n<tr style=\"height: 24px;\">\r\n<td style=\"width: 48.285%; height: 24px;\">Primer C \u2013 384 g<\/td>\r\n<td style=\"width: 49.6042%; height: 24px;\"><b>~800 mb\/l<\/b><\/td>\r\n<\/tr>\r\n<tr style=\"height: 24px;\">\r\n<td style=\"width: 97.8892%; text-align: center; background: #00b2aa; color: #ffffff; text-transform: uppercase; height: 24px;\" colspan=\"2\"><strong>\u010cISTIACE A ZAHLADZOVACIE \u010cINIDLA<\/strong><\/td>\r\n<\/tr>\r\n<tr style=\"height: 24px;\">\r\n<td style=\"width: 48.285%; height: 24px;\">Vi-Pro\u00ae Easy To Clean \u2013 1 L<\/td>\r\n<td style=\"width: 49.6042%; height: 24px;\"><b>~1000 mb\/l<\/b><\/td>\r\n<\/tr>\r\n<tr style=\"height: 48px;\">\r\n<td style=\"width: 48.285%; height: 48px;\">Vi-Pro\u00ae Easy To Tool \u2013 zahladzovacie \u010dinidlo 1 L (koncentr\u00e1t)<\/td>\r\n<td style=\"width: 49.6042%; height: 48px;\"><strong>\u00a0z 10 na 20 litrov<\/strong><\/td>\r\n<\/tr>\r\n<tr style=\"height: 48px;\">\r\n<td style=\"width: 48.285%; height: 48px;\">Vi-Pro\u00ae Universal Wipes \u2013 \u010distiace obr\u00fasky<\/td>\r\n<td style=\"width: 49.6042%; height: 48px;\"><strong>150 ks \/ balenie<\/strong><\/td>\r\n<\/tr>\r\n<\/tbody>\r\n<\/table>\t\t\t\t\t\t<\/div>\n\t\t\t\t<\/div>\n\t\t\t\t\t<\/div>\n\t\t<\/div>\n\t\t\t\t\t<\/div>\n\t\t<\/section>\n\t\t\t\t<\/div>\n\t\t","protected":false},"excerpt":{"rendered":"<p>H\u013abka spoja (mm) \u0160\u00edrka spoja (mm) D\u013a\u017eka spoja &#8211; be\u017en\u00e9 metre (m) Odpad -% Spotreba tmelu (litre) [dm3] Kartu\u0161e (310ml) Kartu\u0161e (280ml) Sal\u00e1my (600ml) Tip: Uveden\u00e9 hodnoty s\u00fa pribli\u017en\u00e9 a s\u00fa len orienta\u010dn\u00e9. Hodnoty sa m\u00f4\u017eu meni\u0165 v z\u00e1vislosti od typu materi\u00e1lu, stavebn\u00fdch podmienok alebo individu\u00e1lnych preferenci\u00ed \u010di odpor\u00fa\u010dan\u00ed. V z\u00e1vislosti od techniky spracovania, sp\u00f4sobu [&hellip;]<\/p>\n","protected":false},"author":1,"featured_media":0,"parent":9082,"menu_order":0,"comment_status":"closed","ping_status":"closed","template":"elementor_header_footer","meta":{"_acf_changed":false,"footnotes":""},"acf":[],"yoast_head":"<!-- This site is optimized with the Yoast SEO plugin v22.9 - https:\/\/yoast.com\/wordpress\/plugins\/seo\/ -->\n<title>Kalkula\u010dka spotreby - Proventuss<\/title>\n<meta name=\"robots\" content=\"index, follow, max-snippet:-1, max-image-preview:large, max-video-preview:-1\" \/>\n<link rel=\"canonical\" href=\"https:\/\/proventuss.eu\/kalkulator-tabele-zuzycia-materialow\/kalkulator-zuzycia\/\" \/>\n<meta property=\"og:locale\" content=\"sk_SK\" \/>\n<meta property=\"og:type\" content=\"article\" \/>\n<meta property=\"og:title\" content=\"Kalkula\u010dka spotreby - Proventuss\" \/>\n<meta property=\"og:description\" content=\"H\u013abka spoja (mm) \u0160\u00edrka spoja (mm) D\u013a\u017eka spoja &#8211; be\u017en\u00e9 metre (m) Odpad -% Spotreba tmelu (litre) [dm3] Kartu\u0161e (310ml) Kartu\u0161e (280ml) Sal\u00e1my (600ml) Tip: Uveden\u00e9 hodnoty s\u00fa pribli\u017en\u00e9 a s\u00fa len orienta\u010dn\u00e9. Hodnoty sa m\u00f4\u017eu meni\u0165 v z\u00e1vislosti od typu materi\u00e1lu, stavebn\u00fdch podmienok alebo individu\u00e1lnych preferenci\u00ed \u010di odpor\u00fa\u010dan\u00ed. V z\u00e1vislosti od techniky spracovania, sp\u00f4sobu [&hellip;]\" \/>\n<meta property=\"og:url\" content=\"https:\/\/proventuss.eu\/kalkulator-tabele-zuzycia-materialow\/kalkulator-zuzycia\/\" \/>\n<meta property=\"og:site_name\" content=\"Proventuss\" \/>\n<meta property=\"article:modified_time\" content=\"2022-10-03T13:00:41+00:00\" \/>\n<meta name=\"twitter:card\" content=\"summary_large_image\" \/>\n<meta name=\"twitter:label1\" content=\"Predpokladan\u00fd \u010das \u010d\u00edtania\" \/>\n\t<meta name=\"twitter:data1\" content=\"1 min\u00fata\" \/>\n<script type=\"application\/ld+json\" class=\"yoast-schema-graph\">{\"@context\":\"https:\/\/schema.org\",\"@graph\":[{\"@type\":\"WebPage\",\"@id\":\"https:\/\/proventuss.eu\/kalkulator-tabele-zuzycia-materialow\/kalkulator-zuzycia\/\",\"url\":\"https:\/\/proventuss.eu\/kalkulator-tabele-zuzycia-materialow\/kalkulator-zuzycia\/\",\"name\":\"Kalkula\u010dka spotreby - Proventuss\",\"isPartOf\":{\"@id\":\"https:\/\/proventuss.eu\/#website\"},\"datePublished\":\"2022-05-18T07:50:39+00:00\",\"dateModified\":\"2022-10-03T13:00:41+00:00\",\"breadcrumb\":{\"@id\":\"https:\/\/proventuss.eu\/kalkulator-tabele-zuzycia-materialow\/kalkulator-zuzycia\/#breadcrumb\"},\"inLanguage\":\"sk-SK\",\"potentialAction\":[{\"@type\":\"ReadAction\",\"target\":[\"https:\/\/proventuss.eu\/kalkulator-tabele-zuzycia-materialow\/kalkulator-zuzycia\/\"]}]},{\"@type\":\"BreadcrumbList\",\"@id\":\"https:\/\/proventuss.eu\/kalkulator-tabele-zuzycia-materialow\/kalkulator-zuzycia\/#breadcrumb\",\"itemListElement\":[{\"@type\":\"ListItem\",\"position\":1,\"name\":\"Home\",\"item\":\"https:\/\/proventuss.eu\/\"},{\"@type\":\"ListItem\",\"position\":2,\"name\":\"Kalkula\u010dka spotreby\"}]},{\"@type\":\"WebSite\",\"@id\":\"https:\/\/proventuss.eu\/#website\",\"url\":\"https:\/\/proventuss.eu\/\",\"name\":\"Proventuss\",\"description\":\"\",\"potentialAction\":[{\"@type\":\"SearchAction\",\"target\":{\"@type\":\"EntryPoint\",\"urlTemplate\":\"https:\/\/proventuss.eu\/?s={search_term_string}\"},\"query-input\":\"required name=search_term_string\"}],\"inLanguage\":\"sk-SK\"}]}<\/script>\n<!-- \/ Yoast SEO plugin. -->","yoast_head_json":{"title":"Kalkula\u010dka spotreby - Proventuss","robots":{"index":"index","follow":"follow","max-snippet":"max-snippet:-1","max-image-preview":"max-image-preview:large","max-video-preview":"max-video-preview:-1"},"canonical":"https:\/\/proventuss.eu\/kalkulator-tabele-zuzycia-materialow\/kalkulator-zuzycia\/","og_locale":"sk_SK","og_type":"article","og_title":"Kalkula\u010dka spotreby - Proventuss","og_description":"H\u013abka spoja (mm) \u0160\u00edrka spoja (mm) D\u013a\u017eka spoja &#8211; be\u017en\u00e9 metre (m) Odpad -% Spotreba tmelu (litre) [dm3] Kartu\u0161e (310ml) Kartu\u0161e (280ml) Sal\u00e1my (600ml) Tip: Uveden\u00e9 hodnoty s\u00fa pribli\u017en\u00e9 a s\u00fa len orienta\u010dn\u00e9. Hodnoty sa m\u00f4\u017eu meni\u0165 v z\u00e1vislosti od typu materi\u00e1lu, stavebn\u00fdch podmienok alebo individu\u00e1lnych preferenci\u00ed \u010di odpor\u00fa\u010dan\u00ed. V z\u00e1vislosti od techniky spracovania, sp\u00f4sobu [&hellip;]","og_url":"https:\/\/proventuss.eu\/kalkulator-tabele-zuzycia-materialow\/kalkulator-zuzycia\/","og_site_name":"Proventuss","article_modified_time":"2022-10-03T13:00:41+00:00","twitter_card":"summary_large_image","twitter_misc":{"Predpokladan\u00fd \u010das \u010d\u00edtania":"1 min\u00fata"},"schema":{"@context":"https:\/\/schema.org","@graph":[{"@type":"WebPage","@id":"https:\/\/proventuss.eu\/kalkulator-tabele-zuzycia-materialow\/kalkulator-zuzycia\/","url":"https:\/\/proventuss.eu\/kalkulator-tabele-zuzycia-materialow\/kalkulator-zuzycia\/","name":"Kalkula\u010dka spotreby - Proventuss","isPartOf":{"@id":"https:\/\/proventuss.eu\/#website"},"datePublished":"2022-05-18T07:50:39+00:00","dateModified":"2022-10-03T13:00:41+00:00","breadcrumb":{"@id":"https:\/\/proventuss.eu\/kalkulator-tabele-zuzycia-materialow\/kalkulator-zuzycia\/#breadcrumb"},"inLanguage":"sk-SK","potentialAction":[{"@type":"ReadAction","target":["https:\/\/proventuss.eu\/kalkulator-tabele-zuzycia-materialow\/kalkulator-zuzycia\/"]}]},{"@type":"BreadcrumbList","@id":"https:\/\/proventuss.eu\/kalkulator-tabele-zuzycia-materialow\/kalkulator-zuzycia\/#breadcrumb","itemListElement":[{"@type":"ListItem","position":1,"name":"Home","item":"https:\/\/proventuss.eu\/"},{"@type":"ListItem","position":2,"name":"Kalkula\u010dka spotreby"}]},{"@type":"WebSite","@id":"https:\/\/proventuss.eu\/#website","url":"https:\/\/proventuss.eu\/","name":"Proventuss","description":"","potentialAction":[{"@type":"SearchAction","target":{"@type":"EntryPoint","urlTemplate":"https:\/\/proventuss.eu\/?s={search_term_string}"},"query-input":"required name=search_term_string"}],"inLanguage":"sk-SK"}]}},"_links":{"self":[{"href":"https:\/\/proventuss.eu\/sk\/wp-json\/wp\/v2\/pages\/9078"}],"collection":[{"href":"https:\/\/proventuss.eu\/sk\/wp-json\/wp\/v2\/pages"}],"about":[{"href":"https:\/\/proventuss.eu\/sk\/wp-json\/wp\/v2\/types\/page"}],"author":[{"embeddable":true,"href":"https:\/\/proventuss.eu\/sk\/wp-json\/wp\/v2\/users\/1"}],"replies":[{"embeddable":true,"href":"https:\/\/proventuss.eu\/sk\/wp-json\/wp\/v2\/comments?post=9078"}],"version-history":[{"count":1,"href":"https:\/\/proventuss.eu\/sk\/wp-json\/wp\/v2\/pages\/9078\/revisions"}],"predecessor-version":[{"id":9079,"href":"https:\/\/proventuss.eu\/sk\/wp-json\/wp\/v2\/pages\/9078\/revisions\/9079"}],"up":[{"embeddable":true,"href":"https:\/\/proventuss.eu\/sk\/wp-json\/wp\/v2\/pages\/9082"}],"wp:attachment":[{"href":"https:\/\/proventuss.eu\/sk\/wp-json\/wp\/v2\/media?parent=9078"}],"curies":[{"name":"wp","href":"https:\/\/api.w.org\/{rel}","templated":true}]}}