{"id":8999,"date":"2022-05-19T12:59:48","date_gmt":"2022-05-19T12:59:48","guid":{"rendered":"https:\/\/proventuss.eu\/kariera\/"},"modified":"2022-12-07T10:14:49","modified_gmt":"2022-12-07T10:14:49","slug":"kariera","status":"publish","type":"page","link":"https:\/\/proventuss.eu\/sk\/kariera\/","title":{"rendered":"Kari\u00e9ra"},"content":{"rendered":"\t\t<div data-elementor-type=\"wp-page\" data-elementor-id=\"8999\" class=\"elementor elementor-8999 elementor-1684\" data-elementor-post-type=\"page\">\n\t\t\t\t\t\t<section class=\"elementor-section elementor-top-section elementor-element elementor-element-60fc409a elementor-section-height-min-height elementor-section-boxed elementor-section-height-default elementor-section-items-middle\" data-id=\"60fc409a\" data-element_type=\"section\" data-settings=\"{&quot;background_background&quot;:&quot;classic&quot;}\">\n\t\t\t\t\t\t\t<div class=\"elementor-background-overlay\"><\/div>\n\t\t\t\t\t\t\t<div class=\"elementor-container elementor-column-gap-default\">\n\t\t\t\t\t<div class=\"elementor-column elementor-col-50 elementor-top-column elementor-element elementor-element-433247ac\" data-id=\"433247ac\" data-element_type=\"column\">\n\t\t\t<div class=\"elementor-widget-wrap elementor-element-populated\">\n\t\t\t\t\t\t\t<\/div>\n\t\t<\/div>\n\t\t\t\t<div class=\"elementor-column elementor-col-50 elementor-top-column elementor-element elementor-element-60d2a8b7\" data-id=\"60d2a8b7\" data-element_type=\"column\">\n\t\t\t<div class=\"elementor-widget-wrap\">\n\t\t\t\t\t\t\t<\/div>\n\t\t<\/div>\n\t\t\t\t\t<\/div>\n\t\t<\/section>\n\t\t\t\t<section class=\"elementor-section elementor-top-section elementor-element elementor-element-faa45c2 elementor-section-boxed elementor-section-height-default elementor-section-height-default\" data-id=\"faa45c2\" data-element_type=\"section\">\n\t\t\t\t\t\t<div class=\"elementor-container elementor-column-gap-default\">\n\t\t\t\t\t<div class=\"elementor-column elementor-col-100 elementor-top-column elementor-element elementor-element-278a36e\" data-id=\"278a36e\" data-element_type=\"column\">\n\t\t\t<div class=\"elementor-widget-wrap elementor-element-populated\">\n\t\t\t\t\t\t<div class=\"elementor-element elementor-element-596965b elementor-invisible elementor-widget elementor-widget-heading\" data-id=\"596965b\" data-element_type=\"widget\" data-settings=\"{&quot;_animation&quot;:&quot;fadeInUp&quot;,&quot;_animation_delay&quot;:1000}\" data-widget_type=\"heading.default\">\n\t\t\t\t<div class=\"elementor-widget-container\">\n\t\t\t<style>\/*! elementor - v3.22.0 - 26-06-2024 *\/\n.elementor-heading-title{padding:0;margin:0;line-height:1}.elementor-widget-heading .elementor-heading-title[class*=elementor-size-]>a{color:inherit;font-size:inherit;line-height:inherit}.elementor-widget-heading .elementor-heading-title.elementor-size-small{font-size:15px}.elementor-widget-heading .elementor-heading-title.elementor-size-medium{font-size:19px}.elementor-widget-heading .elementor-heading-title.elementor-size-large{font-size:29px}.elementor-widget-heading .elementor-heading-title.elementor-size-xl{font-size:39px}.elementor-widget-heading .elementor-heading-title.elementor-size-xxl{font-size:59px}<\/style><p class=\"elementor-heading-title elementor-size-default\">Pripoj sa k n\u00e1m<\/p>\t\t<\/div>\n\t\t\t\t<\/div>\n\t\t\t\t<div class=\"elementor-element elementor-element-44e7143 elementor-widget elementor-widget-heading\" data-id=\"44e7143\" data-element_type=\"widget\" data-widget_type=\"heading.default\">\n\t\t\t\t<div class=\"elementor-widget-container\">\n\t\t\t<p class=\"elementor-heading-title elementor-size-default\">Ponuky pr\u00e1ce<\/p>\t\t<\/div>\n\t\t\t\t<\/div>\n\t\t\t\t<div class=\"elementor-element elementor-element-983145b elementor-widget elementor-widget-text-editor\" data-id=\"983145b\" data-element_type=\"widget\" data-widget_type=\"text-editor.default\">\n\t\t\t\t<div class=\"elementor-widget-container\">\n\t\t\t<style>\/*! elementor - v3.22.0 - 26-06-2024 *\/\n.elementor-widget-text-editor.elementor-drop-cap-view-stacked .elementor-drop-cap{background-color:#69727d;color:#fff}.elementor-widget-text-editor.elementor-drop-cap-view-framed .elementor-drop-cap{color:#69727d;border:3px solid;background-color:transparent}.elementor-widget-text-editor:not(.elementor-drop-cap-view-default) .elementor-drop-cap{margin-top:8px}.elementor-widget-text-editor:not(.elementor-drop-cap-view-default) .elementor-drop-cap-letter{width:1em;height:1em}.elementor-widget-text-editor .elementor-drop-cap{float:left;text-align:center;line-height:1;font-size:50px}.elementor-widget-text-editor .elementor-drop-cap-letter{display:inline-block}<\/style>\t\t\t\tProventuss st\u00e1le h\u013ead\u00e1 ambici\u00f3znych a pracovit\u00fdch \u013eud\u00ed, ktor\u00ed sa chc\u00fa prida\u0165 do profesion\u00e1lneho t\u00edmu. V\u0161etk\u00fdm na\u0161im kandid\u00e1tom pon\u00fakame neust\u00e1ly rozvoj a stabilitu zamestnania. Ni\u017e\u0161ie uv\u00e1dzame aktu\u00e1lne pracovn\u00e9 ponuky.\r\n\r\nAk pr\u00e1ve neh\u013ead\u00e1me zamestnanca vo va\u0161ej \u0161pecializ\u00e1cii \u2013 m\u00f4\u017eete n\u00e1m posla\u0165 aj svoj \u017eivotopis. Mo\u017eno v\u00e1s budeme v bl\u00edzkej bud\u00facnosti kontaktova\u0165.\t\t\t\t\t\t<\/div>\n\t\t\t\t<\/div>\n\t\t\t\t<div class=\"elementor-element elementor-element-f4c39ba elementor-widget elementor-widget-button\" data-id=\"f4c39ba\" data-element_type=\"widget\" data-widget_type=\"button.default\">\n\t\t\t\t<div class=\"elementor-widget-container\">\n\t\t\t\t\t<div class=\"elementor-button-wrapper\">\n\t\t\t<a class=\"elementor-button elementor-button-link elementor-size-sm elementor-animation-float\" href=\"mailto:office.sk@proventuss.eu\">\n\t\t\t\t\t\t<span class=\"elementor-button-content-wrapper\">\n\t\t\t\t\t\t<span class=\"elementor-button-icon\">\n\t\t\t\t<i aria-hidden=\"true\" class=\"icon icon-envelope2\"><\/i>\t\t\t<\/span>\n\t\t\t\t\t\t\t\t\t<span class=\"elementor-button-text\"> office.sk@proventuss.eu<\/span>\n\t\t\t\t\t<\/span>\n\t\t\t\t\t<\/a>\n\t\t<\/div>\n\t\t\t\t<\/div>\n\t\t\t\t<\/div>\n\t\t\t\t\t<\/div>\n\t\t<\/div>\n\t\t\t\t\t<\/div>\n\t\t<\/section>\n\t\t\t\t<section class=\"elementor-section elementor-top-section elementor-element elementor-element-fc651ca elementor-section-boxed elementor-section-height-default elementor-section-height-default\" data-id=\"fc651ca\" data-element_type=\"section\" data-settings=\"{&quot;background_background&quot;:&quot;classic&quot;}\">\n\t\t\t\t\t\t<div class=\"elementor-container elementor-column-gap-default\">\n\t\t\t\t\t<div class=\"elementor-column elementor-col-33 elementor-top-column elementor-element elementor-element-b2f243f\" data-id=\"b2f243f\" data-element_type=\"column\">\n\t\t\t<div class=\"elementor-widget-wrap elementor-element-populated\">\n\t\t\t\t\t\t<div class=\"elementor-element elementor-element-78a5826 ekit-equal-height-enable elementor-widget elementor-widget-elementskit-icon-box\" data-id=\"78a5826\" data-element_type=\"widget\" data-widget_type=\"elementskit-icon-box.default\">\n\t\t\t\t<div class=\"elementor-widget-container\">\n\t\t\t<div class=\"ekit-wid-con\" >        <!-- link opening -->\n                <!-- end link opening -->\n\n        <div class=\"elementskit-infobox text-left text-left icon-top-align elementor-animation-   image-active\">\n                    <div class=\"elementskit-box-header elementor-animation-\">\n                <div class=\"elementskit-info-box-icon  \">\n                    <i aria-hidden=\"true\" class=\"elementkit-infobox-icon icon icon-management\"><\/i>\n                <\/div>\n          <\/div>\n                        <div class=\"box-body\">\n                            <h3 class=\"elementskit-info-box-title\">\n                    Sales Manager                <\/h3>\n                        \t\t  <p>regi\u00f3n: \u010cesk\u00e1 republika a Slovensko<\/p>\n                                        <div class=\"box-footer disable_hover_button\">\n                    <div class=\"btn-wraper\">\n                                                            <a href=\"https:\/\/proventuss.eu\/sk\/kariera\/sales-manager\/\"  target=\"_self\" rel=\"\" class=\"elementskit-btn whitespace--normal elementor-animation-\">\n                                        Uporabiti\n                                        <i aria-hidden=\"true\" class=\"icon icon-right-arrow\"><\/i>\n                                    <\/a>\n                                                        <\/div>\n                <\/div>\n                    <\/div>\n        \n        <div class=\"icon-hover\">\n            <i aria-hidden=\"true\" class=\"icon icon-management\"><\/i>        <\/div>\n\n        \n                            \n                <\/div>\n        <\/div>\t\t<\/div>\n\t\t\t\t<\/div>\n\t\t\t\t\t<\/div>\n\t\t<\/div>\n\t\t\t\t<div class=\"elementor-column elementor-col-33 elementor-top-column elementor-element elementor-element-7a3a696\" data-id=\"7a3a696\" data-element_type=\"column\">\n\t\t\t<div class=\"elementor-widget-wrap\">\n\t\t\t\t\t\t\t<\/div>\n\t\t<\/div>\n\t\t\t\t<div class=\"elementor-column elementor-col-33 elementor-top-column elementor-element elementor-element-ca5e879\" data-id=\"ca5e879\" data-element_type=\"column\">\n\t\t\t<div class=\"elementor-widget-wrap\">\n\t\t\t\t\t\t\t<\/div>\n\t\t<\/div>\n\t\t\t\t\t<\/div>\n\t\t<\/section>\n\t\t\t\t<\/div>\n\t\t","protected":false},"excerpt":{"rendered":"<p>Pripoj sa k n\u00e1m Ponuky pr\u00e1ce Proventuss st\u00e1le h\u013ead\u00e1 ambici\u00f3znych a pracovit\u00fdch \u013eud\u00ed, ktor\u00ed sa chc\u00fa prida\u0165 do profesion\u00e1lneho t\u00edmu. V\u0161etk\u00fdm na\u0161im kandid\u00e1tom pon\u00fakame neust\u00e1ly rozvoj a stabilitu zamestnania. Ni\u017e\u0161ie uv\u00e1dzame aktu\u00e1lne pracovn\u00e9 ponuky. Ak pr\u00e1ve neh\u013ead\u00e1me zamestnanca vo va\u0161ej \u0161pecializ\u00e1cii \u2013 m\u00f4\u017eete n\u00e1m posla\u0165 aj svoj \u017eivotopis. Mo\u017eno v\u00e1s budeme v bl\u00edzkej bud\u00facnosti kontaktova\u0165. [&hellip;]<\/p>\n","protected":false},"author":1,"featured_media":0,"parent":0,"menu_order":0,"comment_status":"closed","ping_status":"closed","template":"elementor_header_footer","meta":{"_acf_changed":false,"footnotes":""},"acf":[],"yoast_head":"<!-- This site is optimized with the Yoast SEO plugin v22.9 - https:\/\/yoast.com\/wordpress\/plugins\/seo\/ -->\n<title>Kari\u00e9ra - Proventuss<\/title>\n<meta name=\"robots\" content=\"index, follow, max-snippet:-1, max-image-preview:large, max-video-preview:-1\" \/>\n<link rel=\"canonical\" href=\"https:\/\/proventuss.eu\/sk\/kariera\/\" \/>\n<meta property=\"og:locale\" content=\"sk_SK\" \/>\n<meta property=\"og:type\" content=\"article\" \/>\n<meta property=\"og:title\" content=\"Kari\u00e9ra - Proventuss\" \/>\n<meta property=\"og:description\" content=\"Pripoj sa k n\u00e1m Ponuky pr\u00e1ce Proventuss st\u00e1le h\u013ead\u00e1 ambici\u00f3znych a pracovit\u00fdch \u013eud\u00ed, ktor\u00ed sa chc\u00fa prida\u0165 do profesion\u00e1lneho t\u00edmu. V\u0161etk\u00fdm na\u0161im kandid\u00e1tom pon\u00fakame neust\u00e1ly rozvoj a stabilitu zamestnania. Ni\u017e\u0161ie uv\u00e1dzame aktu\u00e1lne pracovn\u00e9 ponuky. Ak pr\u00e1ve neh\u013ead\u00e1me zamestnanca vo va\u0161ej \u0161pecializ\u00e1cii \u2013 m\u00f4\u017eete n\u00e1m posla\u0165 aj svoj \u017eivotopis. Mo\u017eno v\u00e1s budeme v bl\u00edzkej bud\u00facnosti kontaktova\u0165. [&hellip;]\" \/>\n<meta property=\"og:url\" content=\"https:\/\/proventuss.eu\/sk\/kariera\/\" \/>\n<meta property=\"og:site_name\" content=\"Proventuss\" \/>\n<meta property=\"article:modified_time\" content=\"2022-12-07T10:14:49+00:00\" \/>\n<meta name=\"twitter:card\" content=\"summary_large_image\" \/>\n<meta name=\"twitter:label1\" content=\"Predpokladan\u00fd \u010das \u010d\u00edtania\" \/>\n\t<meta name=\"twitter:data1\" content=\"1 min\u00fata\" \/>\n<script type=\"application\/ld+json\" class=\"yoast-schema-graph\">{\"@context\":\"https:\/\/schema.org\",\"@graph\":[{\"@type\":\"WebPage\",\"@id\":\"https:\/\/proventuss.eu\/sk\/kariera\/\",\"url\":\"https:\/\/proventuss.eu\/sk\/kariera\/\",\"name\":\"Kari\u00e9ra - Proventuss\",\"isPartOf\":{\"@id\":\"https:\/\/proventuss.eu\/#website\"},\"datePublished\":\"2022-05-19T12:59:48+00:00\",\"dateModified\":\"2022-12-07T10:14:49+00:00\",\"breadcrumb\":{\"@id\":\"https:\/\/proventuss.eu\/sk\/kariera\/#breadcrumb\"},\"inLanguage\":\"sk-SK\",\"potentialAction\":[{\"@type\":\"ReadAction\",\"target\":[\"https:\/\/proventuss.eu\/sk\/kariera\/\"]}]},{\"@type\":\"BreadcrumbList\",\"@id\":\"https:\/\/proventuss.eu\/sk\/kariera\/#breadcrumb\",\"itemListElement\":[{\"@type\":\"ListItem\",\"position\":1,\"name\":\"Home\",\"item\":\"https:\/\/proventuss.eu\/\"},{\"@type\":\"ListItem\",\"position\":2,\"name\":\"Kari\u00e9ra\"}]},{\"@type\":\"WebSite\",\"@id\":\"https:\/\/proventuss.eu\/#website\",\"url\":\"https:\/\/proventuss.eu\/\",\"name\":\"Proventuss\",\"description\":\"\",\"potentialAction\":[{\"@type\":\"SearchAction\",\"target\":{\"@type\":\"EntryPoint\",\"urlTemplate\":\"https:\/\/proventuss.eu\/?s={search_term_string}\"},\"query-input\":\"required name=search_term_string\"}],\"inLanguage\":\"sk-SK\"}]}<\/script>\n<!-- \/ Yoast SEO plugin. -->","yoast_head_json":{"title":"Kari\u00e9ra - Proventuss","robots":{"index":"index","follow":"follow","max-snippet":"max-snippet:-1","max-image-preview":"max-image-preview:large","max-video-preview":"max-video-preview:-1"},"canonical":"https:\/\/proventuss.eu\/sk\/kariera\/","og_locale":"sk_SK","og_type":"article","og_title":"Kari\u00e9ra - Proventuss","og_description":"Pripoj sa k n\u00e1m Ponuky pr\u00e1ce Proventuss st\u00e1le h\u013ead\u00e1 ambici\u00f3znych a pracovit\u00fdch \u013eud\u00ed, ktor\u00ed sa chc\u00fa prida\u0165 do profesion\u00e1lneho t\u00edmu. V\u0161etk\u00fdm na\u0161im kandid\u00e1tom pon\u00fakame neust\u00e1ly rozvoj a stabilitu zamestnania. Ni\u017e\u0161ie uv\u00e1dzame aktu\u00e1lne pracovn\u00e9 ponuky. Ak pr\u00e1ve neh\u013ead\u00e1me zamestnanca vo va\u0161ej \u0161pecializ\u00e1cii \u2013 m\u00f4\u017eete n\u00e1m posla\u0165 aj svoj \u017eivotopis. Mo\u017eno v\u00e1s budeme v bl\u00edzkej bud\u00facnosti kontaktova\u0165. [&hellip;]","og_url":"https:\/\/proventuss.eu\/sk\/kariera\/","og_site_name":"Proventuss","article_modified_time":"2022-12-07T10:14:49+00:00","twitter_card":"summary_large_image","twitter_misc":{"Predpokladan\u00fd \u010das \u010d\u00edtania":"1 min\u00fata"},"schema":{"@context":"https:\/\/schema.org","@graph":[{"@type":"WebPage","@id":"https:\/\/proventuss.eu\/sk\/kariera\/","url":"https:\/\/proventuss.eu\/sk\/kariera\/","name":"Kari\u00e9ra - Proventuss","isPartOf":{"@id":"https:\/\/proventuss.eu\/#website"},"datePublished":"2022-05-19T12:59:48+00:00","dateModified":"2022-12-07T10:14:49+00:00","breadcrumb":{"@id":"https:\/\/proventuss.eu\/sk\/kariera\/#breadcrumb"},"inLanguage":"sk-SK","potentialAction":[{"@type":"ReadAction","target":["https:\/\/proventuss.eu\/sk\/kariera\/"]}]},{"@type":"BreadcrumbList","@id":"https:\/\/proventuss.eu\/sk\/kariera\/#breadcrumb","itemListElement":[{"@type":"ListItem","position":1,"name":"Home","item":"https:\/\/proventuss.eu\/"},{"@type":"ListItem","position":2,"name":"Kari\u00e9ra"}]},{"@type":"WebSite","@id":"https:\/\/proventuss.eu\/#website","url":"https:\/\/proventuss.eu\/","name":"Proventuss","description":"","potentialAction":[{"@type":"SearchAction","target":{"@type":"EntryPoint","urlTemplate":"https:\/\/proventuss.eu\/?s={search_term_string}"},"query-input":"required name=search_term_string"}],"inLanguage":"sk-SK"}]}},"_links":{"self":[{"href":"https:\/\/proventuss.eu\/sk\/wp-json\/wp\/v2\/pages\/8999"}],"collection":[{"href":"https:\/\/proventuss.eu\/sk\/wp-json\/wp\/v2\/pages"}],"about":[{"href":"https:\/\/proventuss.eu\/sk\/wp-json\/wp\/v2\/types\/page"}],"author":[{"embeddable":true,"href":"https:\/\/proventuss.eu\/sk\/wp-json\/wp\/v2\/users\/1"}],"replies":[{"embeddable":true,"href":"https:\/\/proventuss.eu\/sk\/wp-json\/wp\/v2\/comments?post=8999"}],"version-history":[{"count":10,"href":"https:\/\/proventuss.eu\/sk\/wp-json\/wp\/v2\/pages\/8999\/revisions"}],"predecessor-version":[{"id":10556,"href":"https:\/\/proventuss.eu\/sk\/wp-json\/wp\/v2\/pages\/8999\/revisions\/10556"}],"wp:attachment":[{"href":"https:\/\/proventuss.eu\/sk\/wp-json\/wp\/v2\/media?parent=8999"}],"curies":[{"name":"wp","href":"https:\/\/api.w.org\/{rel}","templated":true}]}}