{"id":8997,"date":"2022-06-01T10:41:52","date_gmt":"2022-06-01T10:41:52","guid":{"rendered":"https:\/\/proventuss.eu\/projektovy-manazer\/"},"modified":"2022-12-07T10:16:28","modified_gmt":"2022-12-07T10:16:28","slug":"sales-manager","status":"publish","type":"page","link":"https:\/\/proventuss.eu\/sk\/kariera\/sales-manager\/","title":{"rendered":"Sales Manager"},"content":{"rendered":"\t\t<div data-elementor-type=\"wp-page\" data-elementor-id=\"8997\" class=\"elementor elementor-8997 elementor-1863\" data-elementor-post-type=\"page\">\n\t\t\t\t\t\t<section class=\"elementor-section elementor-top-section elementor-element elementor-element-60fc409a elementor-section-height-min-height elementor-section-boxed elementor-section-height-default elementor-section-items-middle\" data-id=\"60fc409a\" data-element_type=\"section\" data-settings=\"{&quot;background_background&quot;:&quot;classic&quot;}\">\n\t\t\t\t\t\t\t<div class=\"elementor-background-overlay\"><\/div>\n\t\t\t\t\t\t\t<div class=\"elementor-container elementor-column-gap-default\">\n\t\t\t\t\t<div class=\"elementor-column elementor-col-50 elementor-top-column elementor-element elementor-element-433247ac\" data-id=\"433247ac\" data-element_type=\"column\">\n\t\t\t<div class=\"elementor-widget-wrap elementor-element-populated\">\n\t\t\t\t\t\t\t<\/div>\n\t\t<\/div>\n\t\t\t\t<div class=\"elementor-column elementor-col-50 elementor-top-column elementor-element elementor-element-60d2a8b7\" data-id=\"60d2a8b7\" data-element_type=\"column\">\n\t\t\t<div class=\"elementor-widget-wrap\">\n\t\t\t\t\t\t\t<\/div>\n\t\t<\/div>\n\t\t\t\t\t<\/div>\n\t\t<\/section>\n\t\t\t\t<section class=\"elementor-section elementor-top-section elementor-element elementor-element-faa45c2 elementor-section-boxed elementor-section-height-default elementor-section-height-default\" data-id=\"faa45c2\" data-element_type=\"section\">\n\t\t\t\t\t\t<div class=\"elementor-container elementor-column-gap-default\">\n\t\t\t\t\t<div class=\"elementor-column elementor-col-100 elementor-top-column elementor-element elementor-element-278a36e\" data-id=\"278a36e\" data-element_type=\"column\">\n\t\t\t<div class=\"elementor-widget-wrap elementor-element-populated\">\n\t\t\t\t\t\t<div class=\"elementor-element elementor-element-596965b elementor-invisible elementor-widget elementor-widget-heading\" data-id=\"596965b\" data-element_type=\"widget\" data-settings=\"{&quot;_animation&quot;:&quot;fadeInUp&quot;,&quot;_animation_delay&quot;:1000}\" data-widget_type=\"heading.default\">\n\t\t\t\t<div class=\"elementor-widget-container\">\n\t\t\t<style>\/*! elementor - v3.22.0 - 26-06-2024 *\/\n.elementor-heading-title{padding:0;margin:0;line-height:1}.elementor-widget-heading .elementor-heading-title[class*=elementor-size-]>a{color:inherit;font-size:inherit;line-height:inherit}.elementor-widget-heading .elementor-heading-title.elementor-size-small{font-size:15px}.elementor-widget-heading .elementor-heading-title.elementor-size-medium{font-size:19px}.elementor-widget-heading .elementor-heading-title.elementor-size-large{font-size:29px}.elementor-widget-heading .elementor-heading-title.elementor-size-xl{font-size:39px}.elementor-widget-heading .elementor-heading-title.elementor-size-xxl{font-size:59px}<\/style><p class=\"elementor-heading-title elementor-size-default\">regi\u00f3n: \u010cesk\u00e1 republika a Slovensko<\/p>\t\t<\/div>\n\t\t\t\t<\/div>\n\t\t\t\t<div class=\"elementor-element elementor-element-f588e78 elementor-widget elementor-widget-image\" data-id=\"f588e78\" data-element_type=\"widget\" data-widget_type=\"image.default\">\n\t\t\t\t<div class=\"elementor-widget-container\">\n\t\t\t<style>\/*! elementor - v3.22.0 - 26-06-2024 *\/\n.elementor-widget-image{text-align:center}.elementor-widget-image a{display:inline-block}.elementor-widget-image a img[src$=\".svg\"]{width:48px}.elementor-widget-image img{vertical-align:middle;display:inline-block}<\/style>\t\t\t\t\t\t\t\t\t\t<img fetchpriority=\"high\" decoding=\"async\" width=\"1620\" height=\"1080\" src=\"https:\/\/proventuss.eu\/wp-content\/uploads\/2022\/12\/shutterstock_518303563.jpg\" class=\"attachment-full size-full wp-image-10544\" alt=\"\" srcset=\"https:\/\/proventuss.eu\/wp-content\/uploads\/2022\/12\/shutterstock_518303563.jpg 1620w, https:\/\/proventuss.eu\/wp-content\/uploads\/2022\/12\/shutterstock_518303563-300x200.jpg 300w, https:\/\/proventuss.eu\/wp-content\/uploads\/2022\/12\/shutterstock_518303563-1024x683.jpg 1024w, https:\/\/proventuss.eu\/wp-content\/uploads\/2022\/12\/shutterstock_518303563-768x512.jpg 768w, https:\/\/proventuss.eu\/wp-content\/uploads\/2022\/12\/shutterstock_518303563-1536x1024.jpg 1536w, https:\/\/proventuss.eu\/wp-content\/uploads\/2022\/12\/shutterstock_518303563-600x400.jpg 600w\" sizes=\"(max-width: 1620px) 100vw, 1620px\" \/>\t\t\t\t\t\t\t\t\t\t\t\t\t<\/div>\n\t\t\t\t<\/div>\n\t\t\t\t<div class=\"elementor-element elementor-element-983145b elementor-widget elementor-widget-text-editor\" data-id=\"983145b\" data-element_type=\"widget\" data-widget_type=\"text-editor.default\">\n\t\t\t\t<div class=\"elementor-widget-container\">\n\t\t\t<style>\/*! elementor - v3.22.0 - 26-06-2024 *\/\n.elementor-widget-text-editor.elementor-drop-cap-view-stacked .elementor-drop-cap{background-color:#69727d;color:#fff}.elementor-widget-text-editor.elementor-drop-cap-view-framed .elementor-drop-cap{color:#69727d;border:3px solid;background-color:transparent}.elementor-widget-text-editor:not(.elementor-drop-cap-view-default) .elementor-drop-cap{margin-top:8px}.elementor-widget-text-editor:not(.elementor-drop-cap-view-default) .elementor-drop-cap-letter{width:1em;height:1em}.elementor-widget-text-editor .elementor-drop-cap{float:left;text-align:center;line-height:1;font-size:50px}.elementor-widget-text-editor .elementor-drop-cap-letter{display:inline-block}<\/style>\t\t\t\t<p>Dovozca a distrib\u00fator tmelov a \u010fal\u0161\u00edch stavebn\u00fdch materi\u00e1lov h\u013ead\u00e1 kolegu\/kolegy\u0148u na poz\u00edciu:<\/p>\t\t\t\t\t\t<\/div>\n\t\t\t\t<\/div>\n\t\t\t\t<div class=\"elementor-element elementor-element-44e7143 elementor-widget elementor-widget-heading\" data-id=\"44e7143\" data-element_type=\"widget\" data-widget_type=\"heading.default\">\n\t\t\t\t<div class=\"elementor-widget-container\">\n\t\t\t<p class=\"elementor-heading-title elementor-size-default\">Sales Manager<\/p>\t\t<\/div>\n\t\t\t\t<\/div>\n\t\t\t\t<div class=\"elementor-element elementor-element-f779df1 elementor-widget elementor-widget-text-editor\" data-id=\"f779df1\" data-element_type=\"widget\" data-widget_type=\"text-editor.default\">\n\t\t\t\t<div class=\"elementor-widget-container\">\n\t\t\t\t\t\t\t<p><strong>regi\u00f3n: \u010cesk\u00e1 republika a Slovensko<\/strong><\/p>\t\t\t\t\t\t<\/div>\n\t\t\t\t<\/div>\n\t\t\t\t<div class=\"elementor-element elementor-element-76e8e8f elementor-widget elementor-widget-text-editor\" data-id=\"76e8e8f\" data-element_type=\"widget\" data-widget_type=\"text-editor.default\">\n\t\t\t\t<div class=\"elementor-widget-container\">\n\t\t\t\t\t\t\t<p><strong>N\u00e1pl\u0148 pr\u00e1ce<\/strong><\/p><ul><li>Vedenie investi\u010dn\u00fdch projektov, predaj a poradenstvo<\/li><li>Starostlivos\u0165 o z\u00e1kazn\u00edkov a nadv\u00e4zovanie kontaktov s nov\u00fdmi firmami<\/li><li>Spolupr\u00e1ca so z\u00e1kazn\u00edkmi \u2013 gener\u00e1ln\u00fdmi dod\u00e1vate\u013emi, investormi, zmluvn\u00fdmi partnermi\u2013 v oblasti technickej podpory<\/li><li>N\u00e1v\u0161tevy a predaj z\u00e1kazn\u00edkom z \u010ceskej republiky a Slovenska<\/li><li>Pr\u00edprava pon\u00fak a vedenie B2B obchodn\u00fdch stretnut\u00ed<\/li><li>Realiz\u00e1cia pl\u00e1nu predaja a stanoven\u00fdch obchodn\u00fdch cie\u013eov<br \/><br \/><\/li><\/ul><p><strong>Po\u017eiadavky<\/strong><\/p><ul><li>Minim\u00e1lne stredn\u00e1 \u0161kola technick\u00e9ho alebo ekonomick\u00e9ho smeru<\/li><li>Bydlisko v \u010ceskej republike alebo na Slovensku<\/li><li>Pr\u00e1ca v ter\u00e9ne so z\u00e1kazn\u00edkmi z cel\u00e9ho \u010ceska a Slovenska<\/li><li>Pripravenos\u0165 cestova\u0165 za z\u00e1kazn\u00edkmi po celom \u010cesku a Slovensku<\/li><li>U\u017e\u00edvate\u013esk\u00e1 znalost pr\u00e1ce v prostred\u00ed Microsoft Office<\/li><li>Vodi\u010dsk\u00fd preukaz skupiny B<\/li><li>3 ro\u010dn\u00e1 prax v predaji technick\u00fdch produktov<\/li><li>Sk\u00fasenos\u0165 z predaja v oblasti stavebn\u00edctva v\u00fdhodou<\/li><li>Znalos\u0165 trhu stavebn\u00fdch aplik\u00e1cii ve\u013ekou v\u00fdhodou<\/li><li>Komunikat\u00edvna znalos\u0165 anglick\u00e9ho jazyka<br \/><br \/><\/li><\/ul><p><strong>Pon\u00fakame<\/strong><\/p><ul><li>Stabiln\u00e9 podmienky pr\u00e1ce a odmeny<\/li><li>Pr\u00e1ca na pracovn\u00fa zmluvu alebo SZ\u010cO<\/li><li>Slu\u017eobn\u00e9 auto a vybavenie potrebn\u00e9 k pr\u00e1ci<\/li><li>\u00da\u010das\u0165 na \u0161koleniach doma i v zahrani\u010d\u00ed<\/li><li>Pr\u00e1ca v kolektive motivovan\u00fdch kolegov<\/li><\/ul>\t\t\t\t\t\t<\/div>\n\t\t\t\t<\/div>\n\t\t\t\t<div class=\"elementor-element elementor-element-50516f5 elementor-widget elementor-widget-text-editor\" data-id=\"50516f5\" data-element_type=\"widget\" data-widget_type=\"text-editor.default\">\n\t\t\t\t<div class=\"elementor-widget-container\">\n\t\t\t\t\t\t\t<p>V pr\u00edpade V\u00e1\u0161ho z\u00e1ujmu o t\u00fato poz\u00edciu za\u0161lite, pros\u00edm, svoju odpove\u010f na email office.cz@proventuss.eu<\/p>\t\t\t\t\t\t<\/div>\n\t\t\t\t<\/div>\n\t\t\t\t<div class=\"elementor-element elementor-element-f4c39ba elementor-align-center elementor-widget elementor-widget-button\" data-id=\"f4c39ba\" data-element_type=\"widget\" data-widget_type=\"button.default\">\n\t\t\t\t<div class=\"elementor-widget-container\">\n\t\t\t\t\t<div class=\"elementor-button-wrapper\">\n\t\t\t<a class=\"elementor-button elementor-button-link elementor-size-sm elementor-animation-float\" href=\"mailto:office.cz@proventuss.eu\">\n\t\t\t\t\t\t<span class=\"elementor-button-content-wrapper\">\n\t\t\t\t\t\t<span class=\"elementor-button-icon\">\n\t\t\t\t<i aria-hidden=\"true\" class=\"icon icon-right-arrow2\"><\/i>\t\t\t<\/span>\n\t\t\t\t\t\t\t\t\t<span class=\"elementor-button-text\">Pou\u017ei\u0165<\/span>\n\t\t\t\t\t<\/span>\n\t\t\t\t\t<\/a>\n\t\t<\/div>\n\t\t\t\t<\/div>\n\t\t\t\t<\/div>\n\t\t\t\t\t<\/div>\n\t\t<\/div>\n\t\t\t\t\t<\/div>\n\t\t<\/section>\n\t\t\t\t<\/div>\n\t\t","protected":false},"excerpt":{"rendered":"<p>regi\u00f3n: \u010cesk\u00e1 republika a Slovensko Dovozca a distrib\u00fator tmelov a \u010fal\u0161\u00edch stavebn\u00fdch materi\u00e1lov h\u013ead\u00e1 kolegu\/kolegy\u0148u na poz\u00edciu: Sales Manager regi\u00f3n: \u010cesk\u00e1 republika a Slovensko N\u00e1pl\u0148 pr\u00e1ce Vedenie investi\u010dn\u00fdch projektov, predaj a poradenstvo Starostlivos\u0165 o z\u00e1kazn\u00edkov a nadv\u00e4zovanie kontaktov s nov\u00fdmi firmami Spolupr\u00e1ca so z\u00e1kazn\u00edkmi \u2013 gener\u00e1ln\u00fdmi dod\u00e1vate\u013emi, investormi, zmluvn\u00fdmi partnermi\u2013 v oblasti technickej podpory N\u00e1v\u0161tevy [&hellip;]<\/p>\n","protected":false},"author":1,"featured_media":0,"parent":8999,"menu_order":0,"comment_status":"closed","ping_status":"closed","template":"elementor_header_footer","meta":{"_acf_changed":false,"footnotes":""},"acf":[],"yoast_head":"<!-- This site is optimized with the Yoast SEO plugin v22.9 - https:\/\/yoast.com\/wordpress\/plugins\/seo\/ -->\n<title>Sales Manager - Proventuss<\/title>\n<meta name=\"robots\" content=\"index, follow, max-snippet:-1, max-image-preview:large, max-video-preview:-1\" \/>\n<link rel=\"canonical\" href=\"https:\/\/proventuss.eu\/sk\/kariera\/sales-manager\/\" \/>\n<meta property=\"og:locale\" content=\"sk_SK\" \/>\n<meta property=\"og:type\" content=\"article\" \/>\n<meta property=\"og:title\" content=\"Sales Manager - Proventuss\" \/>\n<meta property=\"og:description\" content=\"regi\u00f3n: \u010cesk\u00e1 republika a Slovensko Dovozca a distrib\u00fator tmelov a \u010fal\u0161\u00edch stavebn\u00fdch materi\u00e1lov h\u013ead\u00e1 kolegu\/kolegy\u0148u na poz\u00edciu: Sales Manager regi\u00f3n: \u010cesk\u00e1 republika a Slovensko N\u00e1pl\u0148 pr\u00e1ce Vedenie investi\u010dn\u00fdch projektov, predaj a poradenstvo Starostlivos\u0165 o z\u00e1kazn\u00edkov a nadv\u00e4zovanie kontaktov s nov\u00fdmi firmami Spolupr\u00e1ca so z\u00e1kazn\u00edkmi \u2013 gener\u00e1ln\u00fdmi dod\u00e1vate\u013emi, investormi, zmluvn\u00fdmi partnermi\u2013 v oblasti technickej podpory N\u00e1v\u0161tevy [&hellip;]\" \/>\n<meta property=\"og:url\" content=\"https:\/\/proventuss.eu\/sk\/kariera\/sales-manager\/\" \/>\n<meta property=\"og:site_name\" content=\"Proventuss\" \/>\n<meta property=\"article:modified_time\" content=\"2022-12-07T10:16:28+00:00\" \/>\n<meta property=\"og:image\" content=\"https:\/\/proventuss.eu\/wp-content\/uploads\/2022\/12\/shutterstock_518303563.jpg\" \/>\n<meta name=\"twitter:card\" content=\"summary_large_image\" \/>\n<meta name=\"twitter:label1\" content=\"Predpokladan\u00fd \u010das \u010d\u00edtania\" \/>\n\t<meta name=\"twitter:data1\" content=\"2 min\u00faty\" \/>\n<script type=\"application\/ld+json\" class=\"yoast-schema-graph\">{\"@context\":\"https:\/\/schema.org\",\"@graph\":[{\"@type\":\"WebPage\",\"@id\":\"https:\/\/proventuss.eu\/sk\/kariera\/sales-manager\/\",\"url\":\"https:\/\/proventuss.eu\/sk\/kariera\/sales-manager\/\",\"name\":\"Sales Manager - Proventuss\",\"isPartOf\":{\"@id\":\"https:\/\/proventuss.eu\/#website\"},\"primaryImageOfPage\":{\"@id\":\"https:\/\/proventuss.eu\/sk\/kariera\/sales-manager\/#primaryimage\"},\"image\":{\"@id\":\"https:\/\/proventuss.eu\/sk\/kariera\/sales-manager\/#primaryimage\"},\"thumbnailUrl\":\"https:\/\/proventuss.eu\/wp-content\/uploads\/2022\/12\/shutterstock_518303563.jpg\",\"datePublished\":\"2022-06-01T10:41:52+00:00\",\"dateModified\":\"2022-12-07T10:16:28+00:00\",\"breadcrumb\":{\"@id\":\"https:\/\/proventuss.eu\/sk\/kariera\/sales-manager\/#breadcrumb\"},\"inLanguage\":\"sk-SK\",\"potentialAction\":[{\"@type\":\"ReadAction\",\"target\":[\"https:\/\/proventuss.eu\/sk\/kariera\/sales-manager\/\"]}]},{\"@type\":\"ImageObject\",\"inLanguage\":\"sk-SK\",\"@id\":\"https:\/\/proventuss.eu\/sk\/kariera\/sales-manager\/#primaryimage\",\"url\":\"https:\/\/proventuss.eu\/wp-content\/uploads\/2022\/12\/shutterstock_518303563.jpg\",\"contentUrl\":\"https:\/\/proventuss.eu\/wp-content\/uploads\/2022\/12\/shutterstock_518303563.jpg\"},{\"@type\":\"BreadcrumbList\",\"@id\":\"https:\/\/proventuss.eu\/sk\/kariera\/sales-manager\/#breadcrumb\",\"itemListElement\":[{\"@type\":\"ListItem\",\"position\":1,\"name\":\"Home\",\"item\":\"https:\/\/proventuss.eu\/\"},{\"@type\":\"ListItem\",\"position\":2,\"name\":\"Kari\u00e9ra\",\"item\":\"https:\/\/proventuss.eu\/sk\/kariera\/\"},{\"@type\":\"ListItem\",\"position\":3,\"name\":\"Sales Manager\"}]},{\"@type\":\"WebSite\",\"@id\":\"https:\/\/proventuss.eu\/#website\",\"url\":\"https:\/\/proventuss.eu\/\",\"name\":\"Proventuss\",\"description\":\"\",\"potentialAction\":[{\"@type\":\"SearchAction\",\"target\":{\"@type\":\"EntryPoint\",\"urlTemplate\":\"https:\/\/proventuss.eu\/?s={search_term_string}\"},\"query-input\":\"required name=search_term_string\"}],\"inLanguage\":\"sk-SK\"}]}<\/script>\n<!-- \/ Yoast SEO plugin. -->","yoast_head_json":{"title":"Sales Manager - Proventuss","robots":{"index":"index","follow":"follow","max-snippet":"max-snippet:-1","max-image-preview":"max-image-preview:large","max-video-preview":"max-video-preview:-1"},"canonical":"https:\/\/proventuss.eu\/sk\/kariera\/sales-manager\/","og_locale":"sk_SK","og_type":"article","og_title":"Sales Manager - Proventuss","og_description":"regi\u00f3n: \u010cesk\u00e1 republika a Slovensko Dovozca a distrib\u00fator tmelov a \u010fal\u0161\u00edch stavebn\u00fdch materi\u00e1lov h\u013ead\u00e1 kolegu\/kolegy\u0148u na poz\u00edciu: Sales Manager regi\u00f3n: \u010cesk\u00e1 republika a Slovensko N\u00e1pl\u0148 pr\u00e1ce Vedenie investi\u010dn\u00fdch projektov, predaj a poradenstvo Starostlivos\u0165 o z\u00e1kazn\u00edkov a nadv\u00e4zovanie kontaktov s nov\u00fdmi firmami Spolupr\u00e1ca so z\u00e1kazn\u00edkmi \u2013 gener\u00e1ln\u00fdmi dod\u00e1vate\u013emi, investormi, zmluvn\u00fdmi partnermi\u2013 v oblasti technickej podpory N\u00e1v\u0161tevy [&hellip;]","og_url":"https:\/\/proventuss.eu\/sk\/kariera\/sales-manager\/","og_site_name":"Proventuss","article_modified_time":"2022-12-07T10:16:28+00:00","og_image":[{"url":"https:\/\/proventuss.eu\/wp-content\/uploads\/2022\/12\/shutterstock_518303563.jpg"}],"twitter_card":"summary_large_image","twitter_misc":{"Predpokladan\u00fd \u010das \u010d\u00edtania":"2 min\u00faty"},"schema":{"@context":"https:\/\/schema.org","@graph":[{"@type":"WebPage","@id":"https:\/\/proventuss.eu\/sk\/kariera\/sales-manager\/","url":"https:\/\/proventuss.eu\/sk\/kariera\/sales-manager\/","name":"Sales Manager - Proventuss","isPartOf":{"@id":"https:\/\/proventuss.eu\/#website"},"primaryImageOfPage":{"@id":"https:\/\/proventuss.eu\/sk\/kariera\/sales-manager\/#primaryimage"},"image":{"@id":"https:\/\/proventuss.eu\/sk\/kariera\/sales-manager\/#primaryimage"},"thumbnailUrl":"https:\/\/proventuss.eu\/wp-content\/uploads\/2022\/12\/shutterstock_518303563.jpg","datePublished":"2022-06-01T10:41:52+00:00","dateModified":"2022-12-07T10:16:28+00:00","breadcrumb":{"@id":"https:\/\/proventuss.eu\/sk\/kariera\/sales-manager\/#breadcrumb"},"inLanguage":"sk-SK","potentialAction":[{"@type":"ReadAction","target":["https:\/\/proventuss.eu\/sk\/kariera\/sales-manager\/"]}]},{"@type":"ImageObject","inLanguage":"sk-SK","@id":"https:\/\/proventuss.eu\/sk\/kariera\/sales-manager\/#primaryimage","url":"https:\/\/proventuss.eu\/wp-content\/uploads\/2022\/12\/shutterstock_518303563.jpg","contentUrl":"https:\/\/proventuss.eu\/wp-content\/uploads\/2022\/12\/shutterstock_518303563.jpg"},{"@type":"BreadcrumbList","@id":"https:\/\/proventuss.eu\/sk\/kariera\/sales-manager\/#breadcrumb","itemListElement":[{"@type":"ListItem","position":1,"name":"Home","item":"https:\/\/proventuss.eu\/"},{"@type":"ListItem","position":2,"name":"Kari\u00e9ra","item":"https:\/\/proventuss.eu\/sk\/kariera\/"},{"@type":"ListItem","position":3,"name":"Sales Manager"}]},{"@type":"WebSite","@id":"https:\/\/proventuss.eu\/#website","url":"https:\/\/proventuss.eu\/","name":"Proventuss","description":"","potentialAction":[{"@type":"SearchAction","target":{"@type":"EntryPoint","urlTemplate":"https:\/\/proventuss.eu\/?s={search_term_string}"},"query-input":"required name=search_term_string"}],"inLanguage":"sk-SK"}]}},"_links":{"self":[{"href":"https:\/\/proventuss.eu\/sk\/wp-json\/wp\/v2\/pages\/8997"}],"collection":[{"href":"https:\/\/proventuss.eu\/sk\/wp-json\/wp\/v2\/pages"}],"about":[{"href":"https:\/\/proventuss.eu\/sk\/wp-json\/wp\/v2\/types\/page"}],"author":[{"embeddable":true,"href":"https:\/\/proventuss.eu\/sk\/wp-json\/wp\/v2\/users\/1"}],"replies":[{"embeddable":true,"href":"https:\/\/proventuss.eu\/sk\/wp-json\/wp\/v2\/comments?post=8997"}],"version-history":[{"count":6,"href":"https:\/\/proventuss.eu\/sk\/wp-json\/wp\/v2\/pages\/8997\/revisions"}],"predecessor-version":[{"id":10576,"href":"https:\/\/proventuss.eu\/sk\/wp-json\/wp\/v2\/pages\/8997\/revisions\/10576"}],"up":[{"embeddable":true,"href":"https:\/\/proventuss.eu\/sk\/wp-json\/wp\/v2\/pages\/8999"}],"wp:attachment":[{"href":"https:\/\/proventuss.eu\/sk\/wp-json\/wp\/v2\/media?parent=8997"}],"curies":[{"name":"wp","href":"https:\/\/api.w.org\/{rel}","templated":true}]}}