{"id":8947,"date":"2022-05-24T08:56:52","date_gmt":"2022-05-24T08:56:52","guid":{"rendered":"https:\/\/proventuss.eu\/zasady-ochrany-osobnych-udajov\/"},"modified":"2022-09-30T13:41:10","modified_gmt":"2022-09-30T13:41:10","slug":"zasady-ochrany-osobnych-udajov","status":"publish","type":"page","link":"https:\/\/proventuss.eu\/sk\/zasady-ochrany-osobnych-udajov\/","title":{"rendered":"Z\u00e1sady ochrany osobn\u00fdch \u00fadajov"},"content":{"rendered":"\t\t<div data-elementor-type=\"wp-page\" data-elementor-id=\"8947\" class=\"elementor elementor-8947 elementor-1770\" data-elementor-post-type=\"page\">\n\t\t\t\t\t\t<section class=\"elementor-section elementor-top-section elementor-element elementor-element-60fc409a elementor-section-height-min-height elementor-section-boxed elementor-section-height-default elementor-section-items-middle\" data-id=\"60fc409a\" data-element_type=\"section\" data-settings=\"{&quot;background_background&quot;:&quot;classic&quot;}\">\n\t\t\t\t\t\t\t<div class=\"elementor-background-overlay\"><\/div>\n\t\t\t\t\t\t\t<div class=\"elementor-container elementor-column-gap-default\">\n\t\t\t\t\t<div class=\"elementor-column elementor-col-50 elementor-top-column elementor-element elementor-element-433247ac\" data-id=\"433247ac\" data-element_type=\"column\">\n\t\t\t<div class=\"elementor-widget-wrap elementor-element-populated\">\n\t\t\t\t\t\t\t<\/div>\n\t\t<\/div>\n\t\t\t\t<div class=\"elementor-column elementor-col-50 elementor-top-column elementor-element elementor-element-60d2a8b7\" data-id=\"60d2a8b7\" data-element_type=\"column\">\n\t\t\t<div class=\"elementor-widget-wrap\">\n\t\t\t\t\t\t\t<\/div>\n\t\t<\/div>\n\t\t\t\t\t<\/div>\n\t\t<\/section>\n\t\t\t\t<section class=\"elementor-section elementor-top-section elementor-element elementor-element-faa45c2 elementor-section-boxed elementor-section-height-default elementor-section-height-default\" data-id=\"faa45c2\" data-element_type=\"section\">\n\t\t\t\t\t\t<div class=\"elementor-container elementor-column-gap-default\">\n\t\t\t\t\t<div class=\"elementor-column elementor-col-100 elementor-top-column elementor-element elementor-element-278a36e\" data-id=\"278a36e\" data-element_type=\"column\">\n\t\t\t<div class=\"elementor-widget-wrap elementor-element-populated\">\n\t\t\t\t\t\t<div class=\"elementor-element elementor-element-596965b elementor-invisible elementor-widget elementor-widget-heading\" data-id=\"596965b\" data-element_type=\"widget\" data-settings=\"{&quot;_animation&quot;:&quot;fadeInUp&quot;,&quot;_animation_delay&quot;:1000}\" data-widget_type=\"heading.default\">\n\t\t\t\t<div class=\"elementor-widget-container\">\n\t\t\t<style>\/*! elementor - v3.22.0 - 26-06-2024 *\/\n.elementor-heading-title{padding:0;margin:0;line-height:1}.elementor-widget-heading .elementor-heading-title[class*=elementor-size-]>a{color:inherit;font-size:inherit;line-height:inherit}.elementor-widget-heading .elementor-heading-title.elementor-size-small{font-size:15px}.elementor-widget-heading .elementor-heading-title.elementor-size-medium{font-size:19px}.elementor-widget-heading .elementor-heading-title.elementor-size-large{font-size:29px}.elementor-widget-heading .elementor-heading-title.elementor-size-xl{font-size:39px}.elementor-widget-heading .elementor-heading-title.elementor-size-xxl{font-size:59px}<\/style><p class=\"elementor-heading-title elementor-size-default\">INFORMA\u010cN\u00c1 DOLO\u017dKA<\/p>\t\t<\/div>\n\t\t\t\t<\/div>\n\t\t\t\t<div class=\"elementor-element elementor-element-44e7143 elementor-widget elementor-widget-heading\" data-id=\"44e7143\" data-element_type=\"widget\" data-widget_type=\"heading.default\">\n\t\t\t\t<div class=\"elementor-widget-container\">\n\t\t\t<p class=\"elementor-heading-title elementor-size-default\">GDPR<\/p>\t\t<\/div>\n\t\t\t\t<\/div>\n\t\t\t\t<div class=\"elementor-element elementor-element-983145b elementor-widget elementor-widget-text-editor\" data-id=\"983145b\" data-element_type=\"widget\" data-widget_type=\"text-editor.default\">\n\t\t\t\t<div class=\"elementor-widget-container\">\n\t\t\t<style>\/*! elementor - v3.22.0 - 26-06-2024 *\/\n.elementor-widget-text-editor.elementor-drop-cap-view-stacked .elementor-drop-cap{background-color:#69727d;color:#fff}.elementor-widget-text-editor.elementor-drop-cap-view-framed .elementor-drop-cap{color:#69727d;border:3px solid;background-color:transparent}.elementor-widget-text-editor:not(.elementor-drop-cap-view-default) .elementor-drop-cap{margin-top:8px}.elementor-widget-text-editor:not(.elementor-drop-cap-view-default) .elementor-drop-cap-letter{width:1em;height:1em}.elementor-widget-text-editor .elementor-drop-cap{float:left;text-align:center;line-height:1;font-size:50px}.elementor-widget-text-editor .elementor-drop-cap-letter{display:inline-block}<\/style>\t\t\t\tOd 25. m\u00e1ja 2018 plat\u00ed nariadenie Eur\u00f3pskeho parlamentu a Rady (E\u00da) 2016\/679 z 27. apr\u00edla 2016 o ochrane osobn\u00fdch \u00fadajov fyzick\u00fdch os\u00f4b, ozna\u010dovan\u00e9 ako GDPR (\u010dl\u00e1nok 13 GDPR)\r\n\r\n<strong>Tento dokument obsahuje inform\u00e1cie o z\u00e1sad\u00e1ch spracovania va\u0161ich \u00fadajov v spolo\u010dnosti Proventuss Polska Sp. z o.o<\/strong>\t\t\t\t\t\t<\/div>\n\t\t\t\t<\/div>\n\t\t\t\t<div class=\"elementor-element elementor-element-2be1242 elementor-widget elementor-widget-text-editor\" data-id=\"2be1242\" data-element_type=\"widget\" data-widget_type=\"text-editor.default\">\n\t\t\t\t<div class=\"elementor-widget-container\">\n\t\t\t\t\t\t\t<strong>1. Spr\u00e1vca osobn\u00fdch \u00fadajov<\/strong>\r\n\r\nSpr\u00e1vcom Va\u0161ich osobn\u00fdch \u00fadajov je Proventuss Polska Sp. z o.o. so s\u00eddlom vo Var\u0161ave, 02-247 Warszawa, ul. Flisa 4, rodo@proventuss.eu, tel. 22 122 85 40\t\t\t\t\t\t<\/div>\n\t\t\t\t<\/div>\n\t\t\t\t<div class=\"elementor-element elementor-element-dc6f615 elementor-widget elementor-widget-text-editor\" data-id=\"dc6f615\" data-element_type=\"widget\" data-widget_type=\"text-editor.default\">\n\t\t\t\t<div class=\"elementor-widget-container\">\n\t\t\t\t\t\t\t<strong>2. Kontaktn\u00e9 \u00fadaje in\u0161pektora ochrany osobn\u00fdch \u00fadajov<\/strong>\r\n\r\nIn\u0161pektor ochrany osobn\u00fdch \u00fadajov nie je vymenovan\u00fd.\t\t\t\t\t\t<\/div>\n\t\t\t\t<\/div>\n\t\t\t\t<div class=\"elementor-element elementor-element-dab9672 elementor-widget elementor-widget-text-editor\" data-id=\"dab9672\" data-element_type=\"widget\" data-widget_type=\"text-editor.default\">\n\t\t\t\t<div class=\"elementor-widget-container\">\n\t\t\t\t\t\t\t<strong>3. \u00da\u010dely sprac\u00favania osobn\u00fdch \u00fadajov a pr\u00e1vny z\u00e1klad sprac\u00favania<\/strong>\r\n\r\nVa\u0161e osobn\u00e9 \u00fadaje s\u00fa sprac\u00favan\u00e9 na \u00fa\u010dely: uzatvorenia a plnenia zmluvy\/doh\u00f4d, realiz\u00e1cie objedn\u00e1vok (\u010dl\u00e1nok 6.1. p\u00edsm. c GDPR).\t\t\t\t\t\t<\/div>\n\t\t\t\t<\/div>\n\t\t\t\t<div class=\"elementor-element elementor-element-0db248b elementor-widget elementor-widget-text-editor\" data-id=\"0db248b\" data-element_type=\"widget\" data-widget_type=\"text-editor.default\">\n\t\t\t\t<div class=\"elementor-widget-container\">\n\t\t\t\t\t\t\t<strong>4. Ak spracovanie vypl\u00fdva z opr\u00e1vnen\u00fdch z\u00e1ujmov, ktor\u00e9 sleduje Spr\u00e1vca osobn\u00fdch \u00fadajov<\/strong>\r\n\r\nSprac\u00favanie va\u0161ich osobn\u00fdch \u00fadajov vypl\u00fdva z opr\u00e1vnen\u00e9ho z\u00e1ujmu pre\u0161etrenia alebo obrany proti ak\u00fdmko\u013evek n\u00e1rokom s\u00favisiacim so zmluvou (objedn\u00e1vkou) uzatvorenou s vami (\u010dl\u00e1nok 6 ods. 1 p\u00edsm. f) GDPR).\t\t\t\t\t\t<\/div>\n\t\t\t\t<\/div>\n\t\t\t\t<div class=\"elementor-element elementor-element-bf42522 elementor-widget elementor-widget-text-editor\" data-id=\"bf42522\" data-element_type=\"widget\" data-widget_type=\"text-editor.default\">\n\t\t\t\t<div class=\"elementor-widget-container\">\n\t\t\t\t\t\t\t<strong>5. Inform\u00e1cie o pr\u00edjemcoch osobn\u00fdch \u00fadajov alebo kateg\u00f3ri\u00e1ch pr\u00edjemcov, ak existuj\u00fa<\/strong>\r\n\r\nPr\u00edstup k Va\u0161im osobn\u00fdm \u00fadajom bud\u00fa ma\u0165 subjekty, ktor\u00fdm zad\u00e1vame v\u00fdkon \u010dinnost\u00ed vy\u017eaduj\u00facich spracovanie \u00fadajov: extern\u00e1 u\u010dt\u00e1re\u0148, advok\u00e1tska kancel\u00e1ria, logistick\u00e9, kuri\u00e9rske a po\u0161tov\u00e9 spolo\u010dnosti, prev\u00e1dzkovatelia IT syst\u00e9mov, subjekty opr\u00e1vnen\u00e9 pod\u013ea platnej legislat\u00edvy (s\u00fady a \u0161t\u00e1t \u00farady), ako aj ekonomick\u00e9 informa\u010dn\u00e9 kancel\u00e1rie, pois\u0165ovne a inkasn\u00e9 spolo\u010dnosti.\t\t\t\t\t\t<\/div>\n\t\t\t\t<\/div>\n\t\t\t\t<div class=\"elementor-element elementor-element-37ff798 elementor-widget elementor-widget-text-editor\" data-id=\"37ff798\" data-element_type=\"widget\" data-widget_type=\"text-editor.default\">\n\t\t\t\t<div class=\"elementor-widget-container\">\n\t\t\t\t\t\t\t<strong>6. Prenos osobn\u00fdch \u00fadajov do tretej krajiny<\/strong>\r\n\r\nVa\u0161e \u00fadaje sa nepren\u00e1\u0161aj\u00fa do tret\u00edch kraj\u00edn, t.j. mimo Eur\u00f3pskeho hospod\u00e1rskeho priestoru.\t\t\t\t\t\t<\/div>\n\t\t\t\t<\/div>\n\t\t\t\t<div class=\"elementor-element elementor-element-0060a2d elementor-widget elementor-widget-text-editor\" data-id=\"0060a2d\" data-element_type=\"widget\" data-widget_type=\"text-editor.default\">\n\t\t\t\t<div class=\"elementor-widget-container\">\n\t\t\t\t\t\t\t<strong>7. Doba, po ktor\u00fa bud\u00fa osobn\u00e9 \u00fadaje uchov\u00e1van\u00e9<\/strong>\r\n\r\nOsobn\u00e9 \u00fadaje bud\u00fa uchov\u00e1van\u00e9 po dobu: plnenia zmluvy (realiz\u00e1cia n\u00e1kupn\u00fdch a predajn\u00fdch objedn\u00e1vok), a po jej ukon\u010den\u00ed po dobu 6 rokov; Va\u0161e osobn\u00e9 \u00fadaje bud\u00fa sprac\u00favan\u00e9 po dobu nevyhnutn\u00fa na dosiahnutie cie\u013eov uveden\u00fdch v bode 3 a po uplynut\u00ed tejto doby do preml\u010dania pr\u00edpadn\u00fdch n\u00e1rokov alebo do uplynutia povinnost\u00ed uchov\u00e1vania \u00fadajov vypl\u00fdvaj\u00facich zo z\u00e1konn\u00fdch ustanoven\u00ed.\t\t\t\t\t\t<\/div>\n\t\t\t\t<\/div>\n\t\t\t\t<div class=\"elementor-element elementor-element-3f06eb4 elementor-widget elementor-widget-text-editor\" data-id=\"3f06eb4\" data-element_type=\"widget\" data-widget_type=\"text-editor.default\">\n\t\t\t\t<div class=\"elementor-widget-container\">\n\t\t\t\t\t\t\t<strong>8. Inform\u00e1ciu o pr\u00e1ve po\u017eadova\u0165 od spr\u00e1vcu pr\u00edstup k osobn\u00fdm \u00fadajom<\/strong>\r\n\r\nM\u00e1te pr\u00e1vo na pr\u00edstup k svojim \u00fadajom a pr\u00e1vo na opravu, vymazanie, obmedzenie sprac\u00favania, pr\u00e1vo po\u017eadova\u0165 k\u00f3piu \u00fadajov, ktor\u00e9 sa maj\u00fa sprac\u00fava\u0165, na prenos \u00fadajov a namieta\u0165. Spr\u00e1vca je povinn\u00fd vymaza\u0165 \u00fadaje alebo obmedzi\u0165 ich spracovanie len vtedy, ke\u010f nastan\u00fa ur\u010dit\u00e9 okolnosti, pop\u00edsan\u00e9 v ustanoveniach o ochrane osobn\u00fdch \u00fadajov. Zoh\u013eadnenie n\u00e1mietky proti spracovaniu \u00fadajov, ktor\u00fdch poskytnutie bolo dobrovo\u013en\u00e9, m\u00f4\u017ee br\u00e1ni\u0165 plneniu zmluvy.\t\t\t\t\t\t<\/div>\n\t\t\t\t<\/div>\n\t\t\t\t<div class=\"elementor-element elementor-element-d793826 elementor-widget elementor-widget-text-editor\" data-id=\"d793826\" data-element_type=\"widget\" data-widget_type=\"text-editor.default\">\n\t\t\t\t<div class=\"elementor-widget-container\">\n\t\t\t\t\t\t\t<strong>9. Inform\u00e1ciu o pr\u00e1ve kedyko\u013evek odvola\u0165 s\u00fahlas<\/strong>\r\n\r\nM\u00e1te pr\u00e1vo svoj s\u00fahlas kedyko\u013evek odvola\u0165 bez toho, aby to malo vplyv na z\u00e1konnos\u0165 sprac\u00favania zalo\u017een\u00e9ho na s\u00fahlase pred jeho odvolan\u00edm.\t\t\t\t\t\t<\/div>\n\t\t\t\t<\/div>\n\t\t\t\t<div class=\"elementor-element elementor-element-a066906 elementor-widget elementor-widget-text-editor\" data-id=\"a066906\" data-element_type=\"widget\" data-widget_type=\"text-editor.default\">\n\t\t\t\t<div class=\"elementor-widget-container\">\n\t\t\t\t\t\t\t<strong>10. Inform\u00e1cie o pr\u00e1ve poda\u0165 s\u0165a\u017enos\u0165 dozorn\u00e9mu org\u00e1nu<\/strong>\r\n\r\nM\u00e1te pr\u00e1vo poda\u0165 na n\u00e1s s\u0165a\u017enos\u0165 dozorn\u00e9mu org\u00e1nu, ak sa domnievate, \u017ee sprac\u00favanie va\u0161ich \u00fadajov poru\u0161uje GDPR.\t\t\t\t\t\t<\/div>\n\t\t\t\t<\/div>\n\t\t\t\t<div class=\"elementor-element elementor-element-bc8f1e1 elementor-widget elementor-widget-text-editor\" data-id=\"bc8f1e1\" data-element_type=\"widget\" data-widget_type=\"text-editor.default\">\n\t\t\t\t<div class=\"elementor-widget-container\">\n\t\t\t\t\t\t\t<strong>11. Inform\u00e1ciu, \u010di je poskytnutie osobn\u00fdch \u00fadajov z\u00e1konnou alebo zmluvnou po\u017eiadavkou alebo podmienkou uzatvorenia zmluvy<\/strong>\r\n\r\nPoskytnutie osobn\u00fdch \u00fadajov je dobrovo\u013en\u00e9, av\u0161ak nevyhnutn\u00e9 na uzavretie zmluvy, splnenie objedn\u00e1vky\/predaja.\t\t\t\t\t\t<\/div>\n\t\t\t\t<\/div>\n\t\t\t\t<div class=\"elementor-element elementor-element-c056064 elementor-widget elementor-widget-text-editor\" data-id=\"c056064\" data-element_type=\"widget\" data-widget_type=\"text-editor.default\">\n\t\t\t\t<div class=\"elementor-widget-container\">\n\t\t\t\t\t\t\t<strong>12. Inform\u00e1cie o automatizovanom rozhodovan\u00ed vr\u00e1tane profilovania uveden\u00e9 v \u010dl. 22 sek. 1 a 4 a &#8211; aspo\u0148 v t\u00fdchto pr\u00edpadoch &#8211; pr\u00edslu\u0161n\u00e9 inform\u00e1cie o pravidl\u00e1ch ich prij\u00edmania, ako aj o v\u00fdzname a predpokladan\u00fdch d\u00f4sledkoch tak\u00e9hoto sprac\u00favania pre dotknut\u00fa osobu<\/strong>\r\n\r\nVa\u0161e osobn\u00e9 \u00fadaje nebud\u00fa sprac\u00favan\u00e9 automaticky bez osobitn\u00e9ho s\u00fahlasu, a to ani na z\u00e1klade profilovania.\t\t\t\t\t\t<\/div>\n\t\t\t\t<\/div>\n\t\t\t\t\t<\/div>\n\t\t<\/div>\n\t\t\t\t\t<\/div>\n\t\t<\/section>\n\t\t\t\t<\/div>\n\t\t","protected":false},"excerpt":{"rendered":"<p>INFORMA\u010cN\u00c1 DOLO\u017dKA GDPR Od 25. m\u00e1ja 2018 plat\u00ed nariadenie Eur\u00f3pskeho parlamentu a Rady (E\u00da) 2016\/679 z 27. apr\u00edla 2016 o ochrane osobn\u00fdch \u00fadajov fyzick\u00fdch os\u00f4b, ozna\u010dovan\u00e9 ako GDPR (\u010dl\u00e1nok 13 GDPR) Tento dokument obsahuje inform\u00e1cie o z\u00e1sad\u00e1ch spracovania va\u0161ich \u00fadajov v spolo\u010dnosti Proventuss Polska Sp. z o.o1. Spr\u00e1vca osobn\u00fdch \u00fadajov Spr\u00e1vcom Va\u0161ich osobn\u00fdch \u00fadajov je [&hellip;]<\/p>\n","protected":false},"author":1,"featured_media":0,"parent":0,"menu_order":0,"comment_status":"closed","ping_status":"closed","template":"elementor_header_footer","meta":{"_acf_changed":false,"footnotes":""},"acf":[],"yoast_head":"<!-- This site is optimized with the Yoast SEO plugin v22.9 - https:\/\/yoast.com\/wordpress\/plugins\/seo\/ -->\n<title>Z\u00e1sady ochrany osobn\u00fdch \u00fadajov - Proventuss<\/title>\n<meta name=\"robots\" content=\"index, follow, max-snippet:-1, max-image-preview:large, max-video-preview:-1\" \/>\n<link rel=\"canonical\" href=\"https:\/\/proventuss.eu\/polityka-prywatnosci\/\" \/>\n<meta property=\"og:locale\" content=\"sk_SK\" \/>\n<meta property=\"og:type\" content=\"article\" \/>\n<meta property=\"og:title\" content=\"Z\u00e1sady ochrany osobn\u00fdch \u00fadajov - Proventuss\" \/>\n<meta property=\"og:description\" content=\"INFORMA\u010cN\u00c1 DOLO\u017dKA GDPR Od 25. m\u00e1ja 2018 plat\u00ed nariadenie Eur\u00f3pskeho parlamentu a Rady (E\u00da) 2016\/679 z 27. apr\u00edla 2016 o ochrane osobn\u00fdch \u00fadajov fyzick\u00fdch os\u00f4b, ozna\u010dovan\u00e9 ako GDPR (\u010dl\u00e1nok 13 GDPR) Tento dokument obsahuje inform\u00e1cie o z\u00e1sad\u00e1ch spracovania va\u0161ich \u00fadajov v spolo\u010dnosti Proventuss Polska Sp. z o.o1. Spr\u00e1vca osobn\u00fdch \u00fadajov Spr\u00e1vcom Va\u0161ich osobn\u00fdch \u00fadajov je [&hellip;]\" \/>\n<meta property=\"og:url\" content=\"https:\/\/proventuss.eu\/polityka-prywatnosci\/\" \/>\n<meta property=\"og:site_name\" content=\"Proventuss\" \/>\n<meta property=\"article:modified_time\" content=\"2022-09-30T13:41:10+00:00\" \/>\n<meta name=\"twitter:card\" content=\"summary_large_image\" \/>\n<meta name=\"twitter:label1\" content=\"Predpokladan\u00fd \u010das \u010d\u00edtania\" \/>\n\t<meta name=\"twitter:data1\" content=\"3 min\u00faty\" \/>\n<script type=\"application\/ld+json\" class=\"yoast-schema-graph\">{\"@context\":\"https:\/\/schema.org\",\"@graph\":[{\"@type\":\"WebPage\",\"@id\":\"https:\/\/proventuss.eu\/polityka-prywatnosci\/\",\"url\":\"https:\/\/proventuss.eu\/polityka-prywatnosci\/\",\"name\":\"Z\u00e1sady ochrany osobn\u00fdch \u00fadajov - Proventuss\",\"isPartOf\":{\"@id\":\"https:\/\/proventuss.eu\/#website\"},\"datePublished\":\"2022-05-24T08:56:52+00:00\",\"dateModified\":\"2022-09-30T13:41:10+00:00\",\"breadcrumb\":{\"@id\":\"https:\/\/proventuss.eu\/polityka-prywatnosci\/#breadcrumb\"},\"inLanguage\":\"sk-SK\",\"potentialAction\":[{\"@type\":\"ReadAction\",\"target\":[\"https:\/\/proventuss.eu\/polityka-prywatnosci\/\"]}]},{\"@type\":\"BreadcrumbList\",\"@id\":\"https:\/\/proventuss.eu\/polityka-prywatnosci\/#breadcrumb\",\"itemListElement\":[{\"@type\":\"ListItem\",\"position\":1,\"name\":\"Home\",\"item\":\"https:\/\/proventuss.eu\/\"},{\"@type\":\"ListItem\",\"position\":2,\"name\":\"Z\u00e1sady ochrany osobn\u00fdch \u00fadajov\"}]},{\"@type\":\"WebSite\",\"@id\":\"https:\/\/proventuss.eu\/#website\",\"url\":\"https:\/\/proventuss.eu\/\",\"name\":\"Proventuss\",\"description\":\"\",\"potentialAction\":[{\"@type\":\"SearchAction\",\"target\":{\"@type\":\"EntryPoint\",\"urlTemplate\":\"https:\/\/proventuss.eu\/?s={search_term_string}\"},\"query-input\":\"required name=search_term_string\"}],\"inLanguage\":\"sk-SK\"}]}<\/script>\n<!-- \/ Yoast SEO plugin. -->","yoast_head_json":{"title":"Z\u00e1sady ochrany osobn\u00fdch \u00fadajov - Proventuss","robots":{"index":"index","follow":"follow","max-snippet":"max-snippet:-1","max-image-preview":"max-image-preview:large","max-video-preview":"max-video-preview:-1"},"canonical":"https:\/\/proventuss.eu\/polityka-prywatnosci\/","og_locale":"sk_SK","og_type":"article","og_title":"Z\u00e1sady ochrany osobn\u00fdch \u00fadajov - Proventuss","og_description":"INFORMA\u010cN\u00c1 DOLO\u017dKA GDPR Od 25. m\u00e1ja 2018 plat\u00ed nariadenie Eur\u00f3pskeho parlamentu a Rady (E\u00da) 2016\/679 z 27. apr\u00edla 2016 o ochrane osobn\u00fdch \u00fadajov fyzick\u00fdch os\u00f4b, ozna\u010dovan\u00e9 ako GDPR (\u010dl\u00e1nok 13 GDPR) Tento dokument obsahuje inform\u00e1cie o z\u00e1sad\u00e1ch spracovania va\u0161ich \u00fadajov v spolo\u010dnosti Proventuss Polska Sp. z o.o1. Spr\u00e1vca osobn\u00fdch \u00fadajov Spr\u00e1vcom Va\u0161ich osobn\u00fdch \u00fadajov je [&hellip;]","og_url":"https:\/\/proventuss.eu\/polityka-prywatnosci\/","og_site_name":"Proventuss","article_modified_time":"2022-09-30T13:41:10+00:00","twitter_card":"summary_large_image","twitter_misc":{"Predpokladan\u00fd \u010das \u010d\u00edtania":"3 min\u00faty"},"schema":{"@context":"https:\/\/schema.org","@graph":[{"@type":"WebPage","@id":"https:\/\/proventuss.eu\/polityka-prywatnosci\/","url":"https:\/\/proventuss.eu\/polityka-prywatnosci\/","name":"Z\u00e1sady ochrany osobn\u00fdch \u00fadajov - Proventuss","isPartOf":{"@id":"https:\/\/proventuss.eu\/#website"},"datePublished":"2022-05-24T08:56:52+00:00","dateModified":"2022-09-30T13:41:10+00:00","breadcrumb":{"@id":"https:\/\/proventuss.eu\/polityka-prywatnosci\/#breadcrumb"},"inLanguage":"sk-SK","potentialAction":[{"@type":"ReadAction","target":["https:\/\/proventuss.eu\/polityka-prywatnosci\/"]}]},{"@type":"BreadcrumbList","@id":"https:\/\/proventuss.eu\/polityka-prywatnosci\/#breadcrumb","itemListElement":[{"@type":"ListItem","position":1,"name":"Home","item":"https:\/\/proventuss.eu\/"},{"@type":"ListItem","position":2,"name":"Z\u00e1sady ochrany osobn\u00fdch \u00fadajov"}]},{"@type":"WebSite","@id":"https:\/\/proventuss.eu\/#website","url":"https:\/\/proventuss.eu\/","name":"Proventuss","description":"","potentialAction":[{"@type":"SearchAction","target":{"@type":"EntryPoint","urlTemplate":"https:\/\/proventuss.eu\/?s={search_term_string}"},"query-input":"required name=search_term_string"}],"inLanguage":"sk-SK"}]}},"_links":{"self":[{"href":"https:\/\/proventuss.eu\/sk\/wp-json\/wp\/v2\/pages\/8947"}],"collection":[{"href":"https:\/\/proventuss.eu\/sk\/wp-json\/wp\/v2\/pages"}],"about":[{"href":"https:\/\/proventuss.eu\/sk\/wp-json\/wp\/v2\/types\/page"}],"author":[{"embeddable":true,"href":"https:\/\/proventuss.eu\/sk\/wp-json\/wp\/v2\/users\/1"}],"replies":[{"embeddable":true,"href":"https:\/\/proventuss.eu\/sk\/wp-json\/wp\/v2\/comments?post=8947"}],"version-history":[{"count":1,"href":"https:\/\/proventuss.eu\/sk\/wp-json\/wp\/v2\/pages\/8947\/revisions"}],"predecessor-version":[{"id":8948,"href":"https:\/\/proventuss.eu\/sk\/wp-json\/wp\/v2\/pages\/8947\/revisions\/8948"}],"wp:attachment":[{"href":"https:\/\/proventuss.eu\/sk\/wp-json\/wp\/v2\/media?parent=8947"}],"curies":[{"name":"wp","href":"https:\/\/api.w.org\/{rel}","templated":true}]}}