{"id":8945,"date":"2022-05-19T11:27:27","date_gmt":"2022-05-19T11:27:27","guid":{"rendered":"https:\/\/proventuss.eu\/tipy\/"},"modified":"2022-10-03T07:31:19","modified_gmt":"2022-10-03T07:31:19","slug":"tipy","status":"publish","type":"page","link":"https:\/\/proventuss.eu\/sk\/tipy\/","title":{"rendered":"Tipy"},"content":{"rendered":"\t\t<div data-elementor-type=\"wp-page\" data-elementor-id=\"8945\" class=\"elementor elementor-8945 elementor-1663\" data-elementor-post-type=\"page\">\n\t\t\t\t\t\t<section class=\"elementor-section elementor-top-section elementor-element elementor-element-c88c21e elementor-section-height-min-height elementor-section-boxed elementor-section-height-default elementor-section-items-middle\" data-id=\"c88c21e\" data-element_type=\"section\" data-settings=\"{&quot;background_background&quot;:&quot;classic&quot;}\">\n\t\t\t\t\t\t\t<div class=\"elementor-background-overlay\"><\/div>\n\t\t\t\t\t\t\t<div class=\"elementor-container elementor-column-gap-default\">\n\t\t\t\t\t<div class=\"elementor-column elementor-col-50 elementor-top-column elementor-element elementor-element-b5a3f83\" data-id=\"b5a3f83\" data-element_type=\"column\">\n\t\t\t<div class=\"elementor-widget-wrap elementor-element-populated\">\n\t\t\t\t\t\t\t<\/div>\n\t\t<\/div>\n\t\t\t\t<div class=\"elementor-column elementor-col-50 elementor-top-column elementor-element elementor-element-4edbc4e\" data-id=\"4edbc4e\" data-element_type=\"column\">\n\t\t\t<div class=\"elementor-widget-wrap\">\n\t\t\t\t\t\t\t<\/div>\n\t\t<\/div>\n\t\t\t\t\t<\/div>\n\t\t<\/section>\n\t\t\t\t<section class=\"elementor-section elementor-top-section elementor-element elementor-element-db3e646 elementor-section-boxed elementor-section-height-default elementor-section-height-default\" data-id=\"db3e646\" data-element_type=\"section\">\n\t\t\t\t\t\t<div class=\"elementor-container elementor-column-gap-default\">\n\t\t\t\t\t<div class=\"elementor-column elementor-col-100 elementor-top-column elementor-element elementor-element-a193fbd\" data-id=\"a193fbd\" data-element_type=\"column\">\n\t\t\t<div class=\"elementor-widget-wrap elementor-element-populated\">\n\t\t\t\t\t\t<div class=\"elementor-element elementor-element-d489962 elementor-widget__width-initial elementor-widget-mobile__width-inherit elementor-position-top elementor-widget elementor-widget-image-box\" data-id=\"d489962\" data-element_type=\"widget\" data-widget_type=\"image-box.default\">\n\t\t\t\t<div class=\"elementor-widget-container\">\n\t\t\t<style>\/*! elementor - v3.22.0 - 26-06-2024 *\/\n.elementor-widget-image-box .elementor-image-box-content{width:100%}@media (min-width:768px){.elementor-widget-image-box.elementor-position-left .elementor-image-box-wrapper,.elementor-widget-image-box.elementor-position-right .elementor-image-box-wrapper{display:flex}.elementor-widget-image-box.elementor-position-right .elementor-image-box-wrapper{text-align:end;flex-direction:row-reverse}.elementor-widget-image-box.elementor-position-left .elementor-image-box-wrapper{text-align:start;flex-direction:row}.elementor-widget-image-box.elementor-position-top .elementor-image-box-img{margin:auto}.elementor-widget-image-box.elementor-vertical-align-top .elementor-image-box-wrapper{align-items:flex-start}.elementor-widget-image-box.elementor-vertical-align-middle .elementor-image-box-wrapper{align-items:center}.elementor-widget-image-box.elementor-vertical-align-bottom .elementor-image-box-wrapper{align-items:flex-end}}@media (max-width:767px){.elementor-widget-image-box .elementor-image-box-img{margin-left:auto!important;margin-right:auto!important;margin-bottom:15px}}.elementor-widget-image-box .elementor-image-box-img{display:inline-block}.elementor-widget-image-box .elementor-image-box-title a{color:inherit}.elementor-widget-image-box .elementor-image-box-wrapper{text-align:center}.elementor-widget-image-box .elementor-image-box-description{margin:0}<\/style><div class=\"elementor-image-box-wrapper\"><figure class=\"elementor-image-box-img\"><a href=\"#\" tabindex=\"-1\"><img decoding=\"async\" src=\"https:\/\/proventuss.eu\/wp-content\/uploads\/elementor\/thumbs\/1_Kalkulator-zuzycia-materialow-pp1ksqgtz32v2f4irb8gj6qiq6bxn01jbdqypngvow.jpg\" title=\"1_Kalkulator zu\u017cycia materia\u0142\u00f3w\" alt=\"1_Kalkulator zu\u017cycia materia\u0142\u00f3w\" loading=\"lazy\" \/><\/a><\/figure><div class=\"elementor-image-box-content\"><h5 class=\"elementor-image-box-title\"><a href=\"#\">Kalkula\u010dka spotreby materi\u00e1lu<\/a><\/h5><\/div><\/div>\t\t<\/div>\n\t\t\t\t<\/div>\n\t\t\t\t<div class=\"elementor-element elementor-element-5c3ccde elementor-widget__width-initial elementor-widget-mobile__width-inherit elementor-position-top elementor-widget elementor-widget-image-box\" data-id=\"5c3ccde\" data-element_type=\"widget\" data-widget_type=\"image-box.default\">\n\t\t\t\t<div class=\"elementor-widget-container\">\n\t\t\t<div class=\"elementor-image-box-wrapper\"><figure class=\"elementor-image-box-img\"><a href=\"https:\/\/proventuss.eu\/sk\/video-tipy\/\" tabindex=\"-1\"><img decoding=\"async\" src=\"https:\/\/proventuss.eu\/wp-content\/uploads\/elementor\/thumbs\/2_Video-porady-pp1lahn32fdud9c32zirmpfyo6tj16j0f9d51t565s.jpg\" title=\"2_Video porady\" alt=\"2_Video porady\" loading=\"lazy\" \/><\/a><\/figure><div class=\"elementor-image-box-content\"><h5 class=\"elementor-image-box-title\"><a href=\"https:\/\/proventuss.eu\/sk\/video-tipy\/\">VIDEO TIPY<\/a><\/h5><\/div><\/div>\t\t<\/div>\n\t\t\t\t<\/div>\n\t\t\t\t<div class=\"elementor-element elementor-element-2a8c934 elementor-widget__width-initial elementor-widget-mobile__width-inherit elementor-position-top elementor-widget elementor-widget-image-box\" data-id=\"2a8c934\" data-element_type=\"widget\" data-widget_type=\"image-box.default\">\n\t\t\t\t<div class=\"elementor-widget-container\">\n\t\t\t<div class=\"elementor-image-box-wrapper\"><figure class=\"elementor-image-box-img\"><a href=\"https:\/\/proventuss.eu\/sk\/technicke-poradenstvo\/\" tabindex=\"-1\"><img decoding=\"async\" src=\"https:\/\/proventuss.eu\/wp-content\/uploads\/elementor\/thumbs\/3_Porady-techniczne-pp1lg3qdvt2hpf6jawvk0sg2e15g03tav1mj8atj00.jpg\" title=\"3_Porady techniczne\" alt=\"3_Porady techniczne\" loading=\"lazy\" \/><\/a><\/figure><div class=\"elementor-image-box-content\"><h5 class=\"elementor-image-box-title\"><a href=\"https:\/\/proventuss.eu\/sk\/technicke-poradenstvo\/\">Technick\u00e9 poradenstvo<\/a><\/h5><\/div><\/div>\t\t<\/div>\n\t\t\t\t<\/div>\n\t\t\t\t<div class=\"elementor-element elementor-element-927b51c elementor-widget__width-initial elementor-widget-mobile__width-inherit elementor-position-top elementor-widget elementor-widget-image-box\" data-id=\"927b51c\" data-element_type=\"widget\" data-widget_type=\"image-box.default\">\n\t\t\t\t<div class=\"elementor-widget-container\">\n\t\t\t<div class=\"elementor-image-box-wrapper\"><figure class=\"elementor-image-box-img\"><a href=\"https:\/\/proventuss.eu\/sk\/navod-na-montaz\/\" tabindex=\"-1\"><img decoding=\"async\" src=\"https:\/\/proventuss.eu\/wp-content\/uploads\/elementor\/thumbs\/4_Instrukcje-montazu-pp1lix8ydwxgjb32u4r9i2tujn933f0b902z26n0c0.jpg\" title=\"4_Instrukcje monta\u017cu\" alt=\"4_Instrukcje monta\u017cu\" loading=\"lazy\" \/><\/a><\/figure><div class=\"elementor-image-box-content\"><h5 class=\"elementor-image-box-title\"><a href=\"https:\/\/proventuss.eu\/sk\/navod-na-montaz\/\">N\u00c1VOD NA MONT\u00c1\u017d<\/a><\/h5><\/div><\/div>\t\t<\/div>\n\t\t\t\t<\/div>\n\t\t\t\t<div class=\"elementor-element elementor-element-bde74f9 elementor-widget__width-initial elementor-widget-mobile__width-inherit elementor-position-top elementor-widget elementor-widget-image-box\" data-id=\"bde74f9\" data-element_type=\"widget\" data-widget_type=\"image-box.default\">\n\t\t\t\t<div class=\"elementor-widget-container\">\n\t\t\t<div class=\"elementor-image-box-wrapper\"><figure class=\"elementor-image-box-img\"><a href=\"https:\/\/proventuss.eu\/sk\/pdf-katalogy\/\" tabindex=\"-1\"><img decoding=\"async\" src=\"https:\/\/proventuss.eu\/wp-content\/uploads\/elementor\/thumbs\/5_Katalogi-pdf-pp1lm7omb1fl66b1mjy988xxe71c1a2hpaa5j1rek0.jpg\" title=\"5_Katalogi pdf\" alt=\"5_Katalogi pdf\" loading=\"lazy\" \/><\/a><\/figure><div class=\"elementor-image-box-content\"><h5 class=\"elementor-image-box-title\"><a href=\"https:\/\/proventuss.eu\/sk\/pdf-katalogy\/\">KATAL\u00d3GY PDF<\/a><\/h5><\/div><\/div>\t\t<\/div>\n\t\t\t\t<\/div>\n\t\t\t\t\t<\/div>\n\t\t<\/div>\n\t\t\t\t\t<\/div>\n\t\t<\/section>\n\t\t\t\t<\/div>\n\t\t","protected":false},"excerpt":{"rendered":"<p>Kalkula\u010dka spotreby materi\u00e1lu VIDEO TIPY Technick\u00e9 poradenstvo N\u00c1VOD NA MONT\u00c1\u017d KATAL\u00d3GY PDF<\/p>\n","protected":false},"author":1,"featured_media":0,"parent":0,"menu_order":0,"comment_status":"closed","ping_status":"closed","template":"elementor_header_footer","meta":{"_acf_changed":false,"footnotes":""},"acf":[],"yoast_head":"<!-- This site is optimized with the Yoast SEO plugin v22.9 - https:\/\/yoast.com\/wordpress\/plugins\/seo\/ -->\n<title>Tipy - Proventuss<\/title>\n<meta name=\"robots\" content=\"index, follow, max-snippet:-1, max-image-preview:large, max-video-preview:-1\" \/>\n<link rel=\"canonical\" href=\"https:\/\/proventuss.eu\/sk\/tipy\/\" \/>\n<meta property=\"og:locale\" content=\"sk_SK\" \/>\n<meta property=\"og:type\" content=\"article\" \/>\n<meta property=\"og:title\" content=\"Tipy - Proventuss\" \/>\n<meta property=\"og:description\" content=\"Kalkula\u010dka spotreby materi\u00e1lu VIDEO TIPY Technick\u00e9 poradenstvo N\u00c1VOD NA MONT\u00c1\u017d KATAL\u00d3GY PDF\" \/>\n<meta property=\"og:url\" content=\"https:\/\/proventuss.eu\/sk\/tipy\/\" \/>\n<meta property=\"og:site_name\" content=\"Proventuss\" \/>\n<meta property=\"article:modified_time\" content=\"2022-10-03T07:31:19+00:00\" \/>\n<meta property=\"og:image\" content=\"https:\/\/proventuss.eu\/wp-content\/uploads\/elementor\/thumbs\/1_Kalkulator-zuzycia-materialow-pp1ksqgtz32v2f4irb8gj6qiq6bxn01jbdqypngvow.jpg\" \/>\n<meta name=\"twitter:card\" content=\"summary_large_image\" \/>\n<meta name=\"twitter:label1\" content=\"Predpokladan\u00fd \u010das \u010d\u00edtania\" \/>\n\t<meta name=\"twitter:data1\" content=\"2 min\u00faty\" \/>\n<script type=\"application\/ld+json\" class=\"yoast-schema-graph\">{\"@context\":\"https:\/\/schema.org\",\"@graph\":[{\"@type\":\"WebPage\",\"@id\":\"https:\/\/proventuss.eu\/sk\/tipy\/\",\"url\":\"https:\/\/proventuss.eu\/sk\/tipy\/\",\"name\":\"Tipy - Proventuss\",\"isPartOf\":{\"@id\":\"https:\/\/proventuss.eu\/#website\"},\"primaryImageOfPage\":{\"@id\":\"https:\/\/proventuss.eu\/sk\/tipy\/#primaryimage\"},\"image\":{\"@id\":\"https:\/\/proventuss.eu\/sk\/tipy\/#primaryimage\"},\"thumbnailUrl\":\"https:\/\/proventuss.eu\/wp-content\/uploads\/elementor\/thumbs\/1_Kalkulator-zuzycia-materialow-pp1ksqgtz32v2f4irb8gj6qiq6bxn01jbdqypngvow.jpg\",\"datePublished\":\"2022-05-19T11:27:27+00:00\",\"dateModified\":\"2022-10-03T07:31:19+00:00\",\"breadcrumb\":{\"@id\":\"https:\/\/proventuss.eu\/sk\/tipy\/#breadcrumb\"},\"inLanguage\":\"sk-SK\",\"potentialAction\":[{\"@type\":\"ReadAction\",\"target\":[\"https:\/\/proventuss.eu\/sk\/tipy\/\"]}]},{\"@type\":\"ImageObject\",\"inLanguage\":\"sk-SK\",\"@id\":\"https:\/\/proventuss.eu\/sk\/tipy\/#primaryimage\",\"url\":\"https:\/\/proventuss.eu\/wp-content\/uploads\/elementor\/thumbs\/1_Kalkulator-zuzycia-materialow-pp1ksqgtz32v2f4irb8gj6qiq6bxn01jbdqypngvow.jpg\",\"contentUrl\":\"https:\/\/proventuss.eu\/wp-content\/uploads\/elementor\/thumbs\/1_Kalkulator-zuzycia-materialow-pp1ksqgtz32v2f4irb8gj6qiq6bxn01jbdqypngvow.jpg\"},{\"@type\":\"BreadcrumbList\",\"@id\":\"https:\/\/proventuss.eu\/sk\/tipy\/#breadcrumb\",\"itemListElement\":[{\"@type\":\"ListItem\",\"position\":1,\"name\":\"Home\",\"item\":\"https:\/\/proventuss.eu\/\"},{\"@type\":\"ListItem\",\"position\":2,\"name\":\"Tipy\"}]},{\"@type\":\"WebSite\",\"@id\":\"https:\/\/proventuss.eu\/#website\",\"url\":\"https:\/\/proventuss.eu\/\",\"name\":\"Proventuss\",\"description\":\"\",\"potentialAction\":[{\"@type\":\"SearchAction\",\"target\":{\"@type\":\"EntryPoint\",\"urlTemplate\":\"https:\/\/proventuss.eu\/?s={search_term_string}\"},\"query-input\":\"required name=search_term_string\"}],\"inLanguage\":\"sk-SK\"}]}<\/script>\n<!-- \/ Yoast SEO plugin. -->","yoast_head_json":{"title":"Tipy - Proventuss","robots":{"index":"index","follow":"follow","max-snippet":"max-snippet:-1","max-image-preview":"max-image-preview:large","max-video-preview":"max-video-preview:-1"},"canonical":"https:\/\/proventuss.eu\/sk\/tipy\/","og_locale":"sk_SK","og_type":"article","og_title":"Tipy - Proventuss","og_description":"Kalkula\u010dka spotreby materi\u00e1lu VIDEO TIPY Technick\u00e9 poradenstvo N\u00c1VOD NA MONT\u00c1\u017d KATAL\u00d3GY PDF","og_url":"https:\/\/proventuss.eu\/sk\/tipy\/","og_site_name":"Proventuss","article_modified_time":"2022-10-03T07:31:19+00:00","og_image":[{"url":"https:\/\/proventuss.eu\/wp-content\/uploads\/elementor\/thumbs\/1_Kalkulator-zuzycia-materialow-pp1ksqgtz32v2f4irb8gj6qiq6bxn01jbdqypngvow.jpg"}],"twitter_card":"summary_large_image","twitter_misc":{"Predpokladan\u00fd \u010das \u010d\u00edtania":"2 min\u00faty"},"schema":{"@context":"https:\/\/schema.org","@graph":[{"@type":"WebPage","@id":"https:\/\/proventuss.eu\/sk\/tipy\/","url":"https:\/\/proventuss.eu\/sk\/tipy\/","name":"Tipy - Proventuss","isPartOf":{"@id":"https:\/\/proventuss.eu\/#website"},"primaryImageOfPage":{"@id":"https:\/\/proventuss.eu\/sk\/tipy\/#primaryimage"},"image":{"@id":"https:\/\/proventuss.eu\/sk\/tipy\/#primaryimage"},"thumbnailUrl":"https:\/\/proventuss.eu\/wp-content\/uploads\/elementor\/thumbs\/1_Kalkulator-zuzycia-materialow-pp1ksqgtz32v2f4irb8gj6qiq6bxn01jbdqypngvow.jpg","datePublished":"2022-05-19T11:27:27+00:00","dateModified":"2022-10-03T07:31:19+00:00","breadcrumb":{"@id":"https:\/\/proventuss.eu\/sk\/tipy\/#breadcrumb"},"inLanguage":"sk-SK","potentialAction":[{"@type":"ReadAction","target":["https:\/\/proventuss.eu\/sk\/tipy\/"]}]},{"@type":"ImageObject","inLanguage":"sk-SK","@id":"https:\/\/proventuss.eu\/sk\/tipy\/#primaryimage","url":"https:\/\/proventuss.eu\/wp-content\/uploads\/elementor\/thumbs\/1_Kalkulator-zuzycia-materialow-pp1ksqgtz32v2f4irb8gj6qiq6bxn01jbdqypngvow.jpg","contentUrl":"https:\/\/proventuss.eu\/wp-content\/uploads\/elementor\/thumbs\/1_Kalkulator-zuzycia-materialow-pp1ksqgtz32v2f4irb8gj6qiq6bxn01jbdqypngvow.jpg"},{"@type":"BreadcrumbList","@id":"https:\/\/proventuss.eu\/sk\/tipy\/#breadcrumb","itemListElement":[{"@type":"ListItem","position":1,"name":"Home","item":"https:\/\/proventuss.eu\/"},{"@type":"ListItem","position":2,"name":"Tipy"}]},{"@type":"WebSite","@id":"https:\/\/proventuss.eu\/#website","url":"https:\/\/proventuss.eu\/","name":"Proventuss","description":"","potentialAction":[{"@type":"SearchAction","target":{"@type":"EntryPoint","urlTemplate":"https:\/\/proventuss.eu\/?s={search_term_string}"},"query-input":"required name=search_term_string"}],"inLanguage":"sk-SK"}]}},"_links":{"self":[{"href":"https:\/\/proventuss.eu\/sk\/wp-json\/wp\/v2\/pages\/8945"}],"collection":[{"href":"https:\/\/proventuss.eu\/sk\/wp-json\/wp\/v2\/pages"}],"about":[{"href":"https:\/\/proventuss.eu\/sk\/wp-json\/wp\/v2\/types\/page"}],"author":[{"embeddable":true,"href":"https:\/\/proventuss.eu\/sk\/wp-json\/wp\/v2\/users\/1"}],"replies":[{"embeddable":true,"href":"https:\/\/proventuss.eu\/sk\/wp-json\/wp\/v2\/comments?post=8945"}],"version-history":[{"count":7,"href":"https:\/\/proventuss.eu\/sk\/wp-json\/wp\/v2\/pages\/8945\/revisions"}],"predecessor-version":[{"id":9073,"href":"https:\/\/proventuss.eu\/sk\/wp-json\/wp\/v2\/pages\/8945\/revisions\/9073"}],"wp:attachment":[{"href":"https:\/\/proventuss.eu\/sk\/wp-json\/wp\/v2\/media?parent=8945"}],"curies":[{"name":"wp","href":"https:\/\/api.w.org\/{rel}","templated":true}]}}