{"id":8931,"date":"2022-05-19T08:35:59","date_gmt":"2022-05-19T08:35:59","guid":{"rendered":"https:\/\/proventuss.eu\/pouzitie\/"},"modified":"2022-09-30T13:21:20","modified_gmt":"2022-09-30T13:21:20","slug":"pouzitie","status":"publish","type":"page","link":"https:\/\/proventuss.eu\/sk\/pouzitie\/","title":{"rendered":"Pou\u017eitie"},"content":{"rendered":"\t\t<div data-elementor-type=\"wp-page\" data-elementor-id=\"8931\" class=\"elementor elementor-8931 elementor-1601\" data-elementor-post-type=\"page\">\n\t\t\t\t\t\t<section class=\"elementor-section elementor-top-section elementor-element elementor-element-c88c21e elementor-section-height-min-height elementor-section-boxed elementor-section-height-default elementor-section-items-middle\" data-id=\"c88c21e\" data-element_type=\"section\" data-settings=\"{&quot;background_background&quot;:&quot;classic&quot;}\">\n\t\t\t\t\t\t\t<div class=\"elementor-background-overlay\"><\/div>\n\t\t\t\t\t\t\t<div class=\"elementor-container elementor-column-gap-default\">\n\t\t\t\t\t<div class=\"elementor-column elementor-col-50 elementor-top-column elementor-element elementor-element-b5a3f83\" data-id=\"b5a3f83\" data-element_type=\"column\">\n\t\t\t<div class=\"elementor-widget-wrap elementor-element-populated\">\n\t\t\t\t\t\t\t<\/div>\n\t\t<\/div>\n\t\t\t\t<div class=\"elementor-column elementor-col-50 elementor-top-column elementor-element elementor-element-4edbc4e\" data-id=\"4edbc4e\" data-element_type=\"column\">\n\t\t\t<div class=\"elementor-widget-wrap\">\n\t\t\t\t\t\t\t<\/div>\n\t\t<\/div>\n\t\t\t\t\t<\/div>\n\t\t<\/section>\n\t\t\t\t<section class=\"elementor-section elementor-top-section elementor-element elementor-element-db3e646 elementor-section-boxed elementor-section-height-default elementor-section-height-default\" data-id=\"db3e646\" data-element_type=\"section\">\n\t\t\t\t\t\t<div class=\"elementor-container elementor-column-gap-default\">\n\t\t\t\t\t<div class=\"elementor-column elementor-col-100 elementor-top-column elementor-element elementor-element-a193fbd\" data-id=\"a193fbd\" data-element_type=\"column\">\n\t\t\t<div class=\"elementor-widget-wrap elementor-element-populated\">\n\t\t\t\t\t\t<div class=\"elementor-element elementor-element-bfd84f8 elementor-invisible elementor-widget elementor-widget-heading\" data-id=\"bfd84f8\" data-element_type=\"widget\" data-settings=\"{&quot;_animation&quot;:&quot;fadeInUp&quot;,&quot;_animation_delay&quot;:1000}\" data-widget_type=\"heading.default\">\n\t\t\t\t<div class=\"elementor-widget-container\">\n\t\t\t<style>\/*! elementor - v3.22.0 - 26-06-2024 *\/\n.elementor-heading-title{padding:0;margin:0;line-height:1}.elementor-widget-heading .elementor-heading-title[class*=elementor-size-]>a{color:inherit;font-size:inherit;line-height:inherit}.elementor-widget-heading .elementor-heading-title.elementor-size-small{font-size:15px}.elementor-widget-heading .elementor-heading-title.elementor-size-medium{font-size:19px}.elementor-widget-heading .elementor-heading-title.elementor-size-large{font-size:29px}.elementor-widget-heading .elementor-heading-title.elementor-size-xl{font-size:39px}.elementor-widget-heading .elementor-heading-title.elementor-size-xxl{font-size:59px}<\/style><p class=\"elementor-heading-title elementor-size-default\">NOV\u00c1 KVALITA<\/p>\t\t<\/div>\n\t\t\t\t<\/div>\n\t\t\t\t<div class=\"elementor-element elementor-element-7c121ac elementor-widget elementor-widget-heading\" data-id=\"7c121ac\" data-element_type=\"widget\" data-widget_type=\"heading.default\">\n\t\t\t\t<div class=\"elementor-widget-container\">\n\t\t\t<p class=\"elementor-heading-title elementor-size-default\">Produkty<\/p>\t\t<\/div>\n\t\t\t\t<\/div>\n\t\t\t\t<div class=\"elementor-element elementor-element-d489962 elementor-widget__width-initial elementor-widget-mobile__width-inherit elementor-position-top elementor-widget elementor-widget-image-box\" data-id=\"d489962\" data-element_type=\"widget\" data-widget_type=\"image-box.default\">\n\t\t\t\t<div class=\"elementor-widget-container\">\n\t\t\t<style>\/*! elementor - v3.22.0 - 26-06-2024 *\/\n.elementor-widget-image-box .elementor-image-box-content{width:100%}@media (min-width:768px){.elementor-widget-image-box.elementor-position-left .elementor-image-box-wrapper,.elementor-widget-image-box.elementor-position-right .elementor-image-box-wrapper{display:flex}.elementor-widget-image-box.elementor-position-right .elementor-image-box-wrapper{text-align:end;flex-direction:row-reverse}.elementor-widget-image-box.elementor-position-left .elementor-image-box-wrapper{text-align:start;flex-direction:row}.elementor-widget-image-box.elementor-position-top .elementor-image-box-img{margin:auto}.elementor-widget-image-box.elementor-vertical-align-top .elementor-image-box-wrapper{align-items:flex-start}.elementor-widget-image-box.elementor-vertical-align-middle .elementor-image-box-wrapper{align-items:center}.elementor-widget-image-box.elementor-vertical-align-bottom .elementor-image-box-wrapper{align-items:flex-end}}@media (max-width:767px){.elementor-widget-image-box .elementor-image-box-img{margin-left:auto!important;margin-right:auto!important;margin-bottom:15px}}.elementor-widget-image-box .elementor-image-box-img{display:inline-block}.elementor-widget-image-box .elementor-image-box-title a{color:inherit}.elementor-widget-image-box .elementor-image-box-wrapper{text-align:center}.elementor-widget-image-box .elementor-image-box-description{margin:0}<\/style><div class=\"elementor-image-box-wrapper\"><figure class=\"elementor-image-box-img\"><a href=\"https:\/\/proventuss.eu\/sk\/pou%C5%BEitie\/zaklady-sk\/\" tabindex=\"-1\"><img decoding=\"async\" src=\"https:\/\/proventuss.eu\/wp-content\/uploads\/elementor\/thumbs\/1_Fundamenty-pp1d6ltathtf4fbahbgduv21xrh9ssrnykg55jx8c0.jpg\" title=\"1_Fundamenty\" alt=\"1_Fundamenty\" loading=\"lazy\" \/><\/a><\/figure><div class=\"elementor-image-box-content\"><h5 class=\"elementor-image-box-title\"><a href=\"https:\/\/proventuss.eu\/sk\/pou%C5%BEitie\/zaklady-sk\/\">Z\u00c1KLADY<\/a><\/h5><\/div><\/div>\t\t<\/div>\n\t\t\t\t<\/div>\n\t\t\t\t<div class=\"elementor-element elementor-element-5c3ccde elementor-widget__width-initial elementor-widget-mobile__width-inherit elementor-position-top elementor-widget elementor-widget-image-box\" data-id=\"5c3ccde\" data-element_type=\"widget\" data-widget_type=\"image-box.default\">\n\t\t\t\t<div class=\"elementor-widget-container\">\n\t\t\t<div class=\"elementor-image-box-wrapper\"><figure class=\"elementor-image-box-img\"><a href=\"https:\/\/proventuss.eu\/sk\/pou%C5%BEitie\/okna-a-dvere-sk\/\" tabindex=\"-1\"><img decoding=\"async\" src=\"https:\/\/proventuss.eu\/wp-content\/uploads\/elementor\/thumbs\/2_Okna-i-drzwi-pp1d8eo5x2a7dip2ylhn4wouxclljwx57hgn9n92eo.jpg\" title=\"2_Okna i drzwi\" alt=\"2_Okna i drzwi\" loading=\"lazy\" \/><\/a><\/figure><div class=\"elementor-image-box-content\"><h5 class=\"elementor-image-box-title\"><a href=\"https:\/\/proventuss.eu\/sk\/pou%C5%BEitie\/okna-a-dvere-sk\/\">OKN\u00c1 A DVERE<\/a><\/h5><\/div><\/div>\t\t<\/div>\n\t\t\t\t<\/div>\n\t\t\t\t<div class=\"elementor-element elementor-element-2a8c934 elementor-widget__width-initial elementor-widget-mobile__width-inherit elementor-position-top elementor-widget elementor-widget-image-box\" data-id=\"2a8c934\" data-element_type=\"widget\" data-widget_type=\"image-box.default\">\n\t\t\t\t<div class=\"elementor-widget-container\">\n\t\t\t<div class=\"elementor-image-box-wrapper\"><figure class=\"elementor-image-box-img\"><a href=\"https:\/\/proventuss.eu\/sk\/pou%C5%BEitie\/kuchyna-a-kupelna\/\" tabindex=\"-1\"><img decoding=\"async\" src=\"https:\/\/proventuss.eu\/wp-content\/uploads\/elementor\/thumbs\/3_Kuchnia-i-lazienka-pp1d97t5sxe3dfir8g32s7c5calz6j4tnhop581v1s.jpg\" title=\"3_Kuchnia i \u0142azienka\" alt=\"3_Kuchnia i \u0142azienka\" loading=\"lazy\" \/><\/a><\/figure><div class=\"elementor-image-box-content\"><h5 class=\"elementor-image-box-title\"><a href=\"https:\/\/proventuss.eu\/sk\/pou%C5%BEitie\/kuchyna-a-kupelna\/\">KUCHY\u0147A A K\u00daPE\u013d\u0147A<\/a><\/h5><\/div><\/div>\t\t<\/div>\n\t\t\t\t<\/div>\n\t\t\t\t<div class=\"elementor-element elementor-element-927b51c elementor-widget__width-initial elementor-widget-mobile__width-inherit elementor-position-top elementor-widget elementor-widget-image-box\" data-id=\"927b51c\" data-element_type=\"widget\" data-widget_type=\"image-box.default\">\n\t\t\t\t<div class=\"elementor-widget-container\">\n\t\t\t<div class=\"elementor-image-box-wrapper\"><figure class=\"elementor-image-box-img\"><a href=\"https:\/\/proventuss.eu\/sk\/pou%C5%BEitie\/balkony-a-terasy-sk\/\" tabindex=\"-1\"><img decoding=\"async\" src=\"https:\/\/proventuss.eu\/wp-content\/uploads\/elementor\/thumbs\/4_Balkony-i-tarasy-pp1dagxewz3uupp7wzl63vy9usflg03xtp006i6yr4.jpg\" title=\"4_Balkony i tarasy\" alt=\"4_Balkony i tarasy\" loading=\"lazy\" \/><\/a><\/figure><div class=\"elementor-image-box-content\"><h5 class=\"elementor-image-box-title\"><a href=\"https:\/\/proventuss.eu\/sk\/pou%C5%BEitie\/balkony-a-terasy-sk\/\">BALK\u00d3NY A TERASY<\/a><\/h5><\/div><\/div>\t\t<\/div>\n\t\t\t\t<\/div>\n\t\t\t\t<div class=\"elementor-element elementor-element-e7ad38b elementor-widget__width-initial elementor-widget-mobile__width-inherit elementor-position-top elementor-widget elementor-widget-image-box\" data-id=\"e7ad38b\" data-element_type=\"widget\" data-widget_type=\"image-box.default\">\n\t\t\t\t<div class=\"elementor-widget-container\">\n\t\t\t<div class=\"elementor-image-box-wrapper\"><figure class=\"elementor-image-box-img\"><a href=\"https:\/\/proventuss.eu\/sk\/pou%C5%BEitie\/nadmorske-vysky\/\" tabindex=\"-1\"><img decoding=\"async\" src=\"https:\/\/proventuss.eu\/wp-content\/uploads\/elementor\/thumbs\/5_Elewacje-pp1db5d7uo1b8kppya5gwps9at3504syl1ymnp6q9c.jpg\" title=\"5_Elewacje\" alt=\"5_Elewacje\" loading=\"lazy\" \/><\/a><\/figure><div class=\"elementor-image-box-content\"><h5 class=\"elementor-image-box-title\"><a href=\"https:\/\/proventuss.eu\/sk\/pou%C5%BEitie\/nadmorske-vysky\/\">FAS\u00c1DY<\/a><\/h5><\/div><\/div>\t\t<\/div>\n\t\t\t\t<\/div>\n\t\t\t\t<div class=\"elementor-element elementor-element-bde74f9 elementor-widget__width-initial elementor-widget-mobile__width-inherit elementor-position-top elementor-widget elementor-widget-image-box\" data-id=\"bde74f9\" data-element_type=\"widget\" data-widget_type=\"image-box.default\">\n\t\t\t\t<div class=\"elementor-widget-container\">\n\t\t\t<div class=\"elementor-image-box-wrapper\"><figure class=\"elementor-image-box-img\"><a href=\"https:\/\/proventuss.eu\/sk\/pou%C5%BEitie\/strecha-sk\/\" tabindex=\"-1\"><img decoding=\"async\" src=\"https:\/\/proventuss.eu\/wp-content\/uploads\/elementor\/thumbs\/6_Dach-pp1dc60x97fhtd8h07zx3yj8gu2gcbuhq3ekdhodio.jpg\" title=\"6_Dach\" alt=\"6_Dach\" loading=\"lazy\" \/><\/a><\/figure><div class=\"elementor-image-box-content\"><h5 class=\"elementor-image-box-title\"><a href=\"https:\/\/proventuss.eu\/sk\/pou%C5%BEitie\/strecha-sk\/\">STRECHA<\/a><\/h5><\/div><\/div>\t\t<\/div>\n\t\t\t\t<\/div>\n\t\t\t\t\t<\/div>\n\t\t<\/div>\n\t\t\t\t\t<\/div>\n\t\t<\/section>\n\t\t\t\t<\/div>\n\t\t","protected":false},"excerpt":{"rendered":"<p>NOV\u00c1 KVALITA Produkty Z\u00c1KLADY OKN\u00c1 A DVERE KUCHY\u0147A A K\u00daPE\u013d\u0147A BALK\u00d3NY A TERASY FAS\u00c1DY STRECHA<\/p>\n","protected":false},"author":1,"featured_media":0,"parent":0,"menu_order":0,"comment_status":"closed","ping_status":"closed","template":"elementor_header_footer","meta":{"_acf_changed":false,"footnotes":""},"acf":[],"yoast_head":"<!-- This site is optimized with the Yoast SEO plugin v22.9 - https:\/\/yoast.com\/wordpress\/plugins\/seo\/ -->\n<title>Pou\u017eitie - Proventuss<\/title>\n<meta name=\"robots\" content=\"index, follow, max-snippet:-1, max-image-preview:large, max-video-preview:-1\" \/>\n<link rel=\"canonical\" href=\"https:\/\/proventuss.eu\/zastosowania\/\" \/>\n<meta property=\"og:locale\" content=\"sk_SK\" \/>\n<meta property=\"og:type\" content=\"article\" \/>\n<meta property=\"og:title\" content=\"Pou\u017eitie - Proventuss\" \/>\n<meta property=\"og:description\" content=\"NOV\u00c1 KVALITA Produkty Z\u00c1KLADY OKN\u00c1 A DVERE KUCHY\u0147A A K\u00daPE\u013d\u0147A BALK\u00d3NY A TERASY FAS\u00c1DY STRECHA\" \/>\n<meta property=\"og:url\" content=\"https:\/\/proventuss.eu\/zastosowania\/\" \/>\n<meta property=\"og:site_name\" content=\"Proventuss\" \/>\n<meta property=\"article:modified_time\" content=\"2022-09-30T13:21:20+00:00\" \/>\n<meta property=\"og:image\" content=\"https:\/\/proventuss.eu\/wp-content\/uploads\/elementor\/thumbs\/1_Fundamenty-pp1d6ltathtf4fbahbgduv21xrh9ssrnykg55jx8c0.jpg\" \/>\n<meta name=\"twitter:card\" content=\"summary_large_image\" \/>\n<script type=\"application\/ld+json\" class=\"yoast-schema-graph\">{\"@context\":\"https:\/\/schema.org\",\"@graph\":[{\"@type\":\"WebPage\",\"@id\":\"https:\/\/proventuss.eu\/zastosowania\/\",\"url\":\"https:\/\/proventuss.eu\/zastosowania\/\",\"name\":\"Pou\u017eitie - Proventuss\",\"isPartOf\":{\"@id\":\"https:\/\/proventuss.eu\/#website\"},\"primaryImageOfPage\":{\"@id\":\"https:\/\/proventuss.eu\/zastosowania\/#primaryimage\"},\"image\":{\"@id\":\"https:\/\/proventuss.eu\/zastosowania\/#primaryimage\"},\"thumbnailUrl\":\"https:\/\/proventuss.eu\/wp-content\/uploads\/elementor\/thumbs\/1_Fundamenty-pp1d6ltathtf4fbahbgduv21xrh9ssrnykg55jx8c0.jpg\",\"datePublished\":\"2022-05-19T08:35:59+00:00\",\"dateModified\":\"2022-09-30T13:21:20+00:00\",\"breadcrumb\":{\"@id\":\"https:\/\/proventuss.eu\/zastosowania\/#breadcrumb\"},\"inLanguage\":\"sk-SK\",\"potentialAction\":[{\"@type\":\"ReadAction\",\"target\":[\"https:\/\/proventuss.eu\/zastosowania\/\"]}]},{\"@type\":\"ImageObject\",\"inLanguage\":\"sk-SK\",\"@id\":\"https:\/\/proventuss.eu\/zastosowania\/#primaryimage\",\"url\":\"https:\/\/proventuss.eu\/wp-content\/uploads\/elementor\/thumbs\/1_Fundamenty-pp1d6ltathtf4fbahbgduv21xrh9ssrnykg55jx8c0.jpg\",\"contentUrl\":\"https:\/\/proventuss.eu\/wp-content\/uploads\/elementor\/thumbs\/1_Fundamenty-pp1d6ltathtf4fbahbgduv21xrh9ssrnykg55jx8c0.jpg\"},{\"@type\":\"BreadcrumbList\",\"@id\":\"https:\/\/proventuss.eu\/zastosowania\/#breadcrumb\",\"itemListElement\":[{\"@type\":\"ListItem\",\"position\":1,\"name\":\"Home\",\"item\":\"https:\/\/proventuss.eu\/\"},{\"@type\":\"ListItem\",\"position\":2,\"name\":\"Pou\u017eitie\"}]},{\"@type\":\"WebSite\",\"@id\":\"https:\/\/proventuss.eu\/#website\",\"url\":\"https:\/\/proventuss.eu\/\",\"name\":\"Proventuss\",\"description\":\"\",\"potentialAction\":[{\"@type\":\"SearchAction\",\"target\":{\"@type\":\"EntryPoint\",\"urlTemplate\":\"https:\/\/proventuss.eu\/?s={search_term_string}\"},\"query-input\":\"required name=search_term_string\"}],\"inLanguage\":\"sk-SK\"}]}<\/script>\n<!-- \/ Yoast SEO plugin. -->","yoast_head_json":{"title":"Pou\u017eitie - Proventuss","robots":{"index":"index","follow":"follow","max-snippet":"max-snippet:-1","max-image-preview":"max-image-preview:large","max-video-preview":"max-video-preview:-1"},"canonical":"https:\/\/proventuss.eu\/zastosowania\/","og_locale":"sk_SK","og_type":"article","og_title":"Pou\u017eitie - Proventuss","og_description":"NOV\u00c1 KVALITA Produkty Z\u00c1KLADY OKN\u00c1 A DVERE KUCHY\u0147A A K\u00daPE\u013d\u0147A BALK\u00d3NY A TERASY FAS\u00c1DY STRECHA","og_url":"https:\/\/proventuss.eu\/zastosowania\/","og_site_name":"Proventuss","article_modified_time":"2022-09-30T13:21:20+00:00","og_image":[{"url":"https:\/\/proventuss.eu\/wp-content\/uploads\/elementor\/thumbs\/1_Fundamenty-pp1d6ltathtf4fbahbgduv21xrh9ssrnykg55jx8c0.jpg"}],"twitter_card":"summary_large_image","schema":{"@context":"https:\/\/schema.org","@graph":[{"@type":"WebPage","@id":"https:\/\/proventuss.eu\/zastosowania\/","url":"https:\/\/proventuss.eu\/zastosowania\/","name":"Pou\u017eitie - Proventuss","isPartOf":{"@id":"https:\/\/proventuss.eu\/#website"},"primaryImageOfPage":{"@id":"https:\/\/proventuss.eu\/zastosowania\/#primaryimage"},"image":{"@id":"https:\/\/proventuss.eu\/zastosowania\/#primaryimage"},"thumbnailUrl":"https:\/\/proventuss.eu\/wp-content\/uploads\/elementor\/thumbs\/1_Fundamenty-pp1d6ltathtf4fbahbgduv21xrh9ssrnykg55jx8c0.jpg","datePublished":"2022-05-19T08:35:59+00:00","dateModified":"2022-09-30T13:21:20+00:00","breadcrumb":{"@id":"https:\/\/proventuss.eu\/zastosowania\/#breadcrumb"},"inLanguage":"sk-SK","potentialAction":[{"@type":"ReadAction","target":["https:\/\/proventuss.eu\/zastosowania\/"]}]},{"@type":"ImageObject","inLanguage":"sk-SK","@id":"https:\/\/proventuss.eu\/zastosowania\/#primaryimage","url":"https:\/\/proventuss.eu\/wp-content\/uploads\/elementor\/thumbs\/1_Fundamenty-pp1d6ltathtf4fbahbgduv21xrh9ssrnykg55jx8c0.jpg","contentUrl":"https:\/\/proventuss.eu\/wp-content\/uploads\/elementor\/thumbs\/1_Fundamenty-pp1d6ltathtf4fbahbgduv21xrh9ssrnykg55jx8c0.jpg"},{"@type":"BreadcrumbList","@id":"https:\/\/proventuss.eu\/zastosowania\/#breadcrumb","itemListElement":[{"@type":"ListItem","position":1,"name":"Home","item":"https:\/\/proventuss.eu\/"},{"@type":"ListItem","position":2,"name":"Pou\u017eitie"}]},{"@type":"WebSite","@id":"https:\/\/proventuss.eu\/#website","url":"https:\/\/proventuss.eu\/","name":"Proventuss","description":"","potentialAction":[{"@type":"SearchAction","target":{"@type":"EntryPoint","urlTemplate":"https:\/\/proventuss.eu\/?s={search_term_string}"},"query-input":"required name=search_term_string"}],"inLanguage":"sk-SK"}]}},"_links":{"self":[{"href":"https:\/\/proventuss.eu\/sk\/wp-json\/wp\/v2\/pages\/8931"}],"collection":[{"href":"https:\/\/proventuss.eu\/sk\/wp-json\/wp\/v2\/pages"}],"about":[{"href":"https:\/\/proventuss.eu\/sk\/wp-json\/wp\/v2\/types\/page"}],"author":[{"embeddable":true,"href":"https:\/\/proventuss.eu\/sk\/wp-json\/wp\/v2\/users\/1"}],"replies":[{"embeddable":true,"href":"https:\/\/proventuss.eu\/sk\/wp-json\/wp\/v2\/comments?post=8931"}],"version-history":[{"count":1,"href":"https:\/\/proventuss.eu\/sk\/wp-json\/wp\/v2\/pages\/8931\/revisions"}],"predecessor-version":[{"id":8932,"href":"https:\/\/proventuss.eu\/sk\/wp-json\/wp\/v2\/pages\/8931\/revisions\/8932"}],"wp:attachment":[{"href":"https:\/\/proventuss.eu\/sk\/wp-json\/wp\/v2\/media?parent=8931"}],"curies":[{"name":"wp","href":"https:\/\/api.w.org\/{rel}","templated":true}]}}