{"id":18881,"date":"2024-09-20T09:25:33","date_gmt":"2024-09-20T09:25:33","guid":{"rendered":"https:\/\/proventuss.eu\/produkt\/etansant-pentru-geamuri-vi-pro-wns-plus\/"},"modified":"2024-09-20T09:25:33","modified_gmt":"2024-09-20T09:25:33","slug":"etansant-pentru-geamuri-vi-pro-wns-plus","status":"publish","type":"product","link":"https:\/\/proventuss.eu\/ro\/produs\/etansant-pentru-geamuri-vi-pro-wns-plus\/","title":{"rendered":"Etan\u0219ant pentru geamuri Vi-Pro\u00ae WNS Plus"},"content":{"rendered":"<p>Vi-Pro\u00ae WNS PLUS este un etan\u0219ant siliconic monocomponent, cu modul sc\u0103zut, \u00eent\u0103rit neutru cu oxim\u0103, care reac\u021bioneaz\u0103 cu umiditatea atmosferic\u0103 pentru a crea un cauciuc elastic extrem de rezistent. Nu con\u021bine aditivi corozivi sau puternic parfuma\u021bi. Vi-Pro\u00ae WNS PLUS p\u0103streaz\u0103 toate propriet\u0103\u021bile de elasticitate \u0219i aderen\u021b\u0103 f\u0103r\u0103 probleme de \u00eemb\u0103tr\u00e2nire, r\u0103m\u00e2n\u00e2nd stabil \u00eempotriva agen\u021bilor atmosferici. Vi-Pro\u00ae WNS PLUS este un silicon 100% de \u00eenalt\u0103 calitate, care va adera la majoritatea substraturilor \u00eent\u00e2lnite \u00een mod obi\u0219nuit \u00een construc\u021bii, cum ar fi sticl\u0103, beton, c\u0103r\u0103mid\u0103, majoritatea tipurilor de lemn, metale goale \u0219i multe suprafe\u021be din plastic.<\/p>\n<p><strong>Avantaje:<\/strong><\/p>\n<p>-Calitate superioar\u0103.<br \/>\n-Modul redus \u0219i flexibilitate \u0219i mi\u0219care ridicate.<br \/>\n-Aderen\u021b\u0103 excelent\u0103 la o gam\u0103 larg\u0103 de substraturi f\u0103r\u0103 a fi nevoie de grunduire.<br \/>\n-Rezistenta foarte buna la radiatiile UV, conditiile meteorologice si imbatranire.<br \/>\n-Miros sc\u0103zut.<br \/>\n-Non-coroziv.<br \/>\n-Durat\u0103 de via\u021b\u0103 extrem de lung\u0103.<\/p>\n<p><strong>Domenii de aplicare:<\/strong><\/p>\n<p>Vi-Pro\u00ae WNS PLUS este un etan\u0219ant de \u00eenalt\u0103 calitate \u0219i rezistent. Are o aderenta excelenta la majoritatea substraturilor folosite in constructii, precum sticla, aluminiu, lemn, PVC, beton, etc. Recomandat in special pentru: Etansarea rosturilor de dilatatie la fatadele de pereti cortina, fatade usoare si luminatoare impotriva conditiilor meteorologice. Instalatii sisteme de usi si ferestre. Etan\u0219are \u00een sere \u0219i pepiniere din sticl\u0103, policarbonat sau metacrilat. Etan\u0219area rosturilor dintre podele \u0219i pere\u021bi, sc\u0103ri \u0219i alte rosturi de construc\u021bie. Pentru protec\u021bie \u00eempotriva intemperiilor \u0219i etan\u0219are acolo unde este necesar\u0103 durabilitatea \u00een condi\u021bii dificile. Compatibil cu siliconi de construc\u021bie pentru etan\u0219area la intemperii.<\/p>\n","protected":false},"excerpt":{"rendered":"<p>Vi-Pro\u00ae WNS PLUS este un etan\u0219ant siliconic monocomponent, cu modul sc\u0103zut, \u00eent\u0103rit neutru cu oxim\u0103, care reac\u021bioneaz\u0103 cu umiditatea atmosferic\u0103 pentru a crea un cauciuc elastic extrem de rezistent. Nu con\u021bine aditivi corozivi sau puternic parfuma\u021bi. Vi-Pro\u00ae WNS PLUS p\u0103streaz\u0103 toate propriet\u0103\u021bile de elasticitate \u0219i aderen\u021b\u0103 f\u0103r\u0103 probleme de \u00eemb\u0103tr\u00e2nire, r\u0103m\u00e2n\u00e2nd stabil \u00eempotriva agen\u021bilor atmosferici. [&hellip;]<\/p>\n","protected":false},"featured_media":18220,"comment_status":"open","ping_status":"closed","template":"","meta":{"_acf_changed":false},"product_cat":[417],"product_tag":[],"acf":[],"yoast_head":"<!-- This site is optimized with the Yoast SEO plugin v22.9 - https:\/\/yoast.com\/wordpress\/plugins\/seo\/ -->\n<title>Etan\u0219ant pentru geamuri Vi-Pro\u00ae WNS Plus - Proventuss<\/title>\n<meta name=\"robots\" content=\"index, follow, max-snippet:-1, max-image-preview:large, max-video-preview:-1\" \/>\n<link rel=\"canonical\" href=\"https:\/\/proventuss.eu\/ro\/produkt\/etansant-pentru-geamuri-vi-pro-wns-plus\/\" \/>\n<meta property=\"og:locale\" content=\"ro_RO\" \/>\n<meta property=\"og:type\" content=\"article\" \/>\n<meta property=\"og:title\" content=\"Etan\u0219ant pentru geamuri Vi-Pro\u00ae WNS Plus - Proventuss\" \/>\n<meta property=\"og:description\" content=\"Vi-Pro\u00ae WNS PLUS este un etan\u0219ant siliconic monocomponent, cu modul sc\u0103zut, \u00eent\u0103rit neutru cu oxim\u0103, care reac\u021bioneaz\u0103 cu umiditatea atmosferic\u0103 pentru a crea un cauciuc elastic extrem de rezistent. Nu con\u021bine aditivi corozivi sau puternic parfuma\u021bi. Vi-Pro\u00ae WNS PLUS p\u0103streaz\u0103 toate propriet\u0103\u021bile de elasticitate \u0219i aderen\u021b\u0103 f\u0103r\u0103 probleme de \u00eemb\u0103tr\u00e2nire, r\u0103m\u00e2n\u00e2nd stabil \u00eempotriva agen\u021bilor atmosferici. [&hellip;]\" \/>\n<meta property=\"og:url\" content=\"https:\/\/proventuss.eu\/ro\/produkt\/etansant-pentru-geamuri-vi-pro-wns-plus\/\" \/>\n<meta property=\"og:site_name\" content=\"Proventuss\" \/>\n<meta property=\"og:image\" content=\"https:\/\/proventuss.eu\/wp-content\/uploads\/2024\/09\/Vi-Pro-WNS-PLUS_1-scaled-e1729669926633.jpg\" \/>\n\t<meta property=\"og:image:width\" content=\"2560\" \/>\n\t<meta property=\"og:image:height\" content=\"1707\" \/>\n\t<meta property=\"og:image:type\" content=\"image\/jpeg\" \/>\n<meta name=\"twitter:card\" content=\"summary_large_image\" \/>\n<meta name=\"twitter:label1\" content=\"Timp estimat pentru citire\" \/>\n\t<meta name=\"twitter:data1\" content=\"1 minut\" \/>\n<script type=\"application\/ld+json\" class=\"yoast-schema-graph\">{\"@context\":\"https:\/\/schema.org\",\"@graph\":[{\"@type\":\"WebPage\",\"@id\":\"https:\/\/proventuss.eu\/ro\/produkt\/etansant-pentru-geamuri-vi-pro-wns-plus\/\",\"url\":\"https:\/\/proventuss.eu\/ro\/produkt\/etansant-pentru-geamuri-vi-pro-wns-plus\/\",\"name\":\"Etan\u0219ant pentru geamuri Vi-Pro\u00ae WNS Plus - Proventuss\",\"isPartOf\":{\"@id\":\"https:\/\/proventuss.eu\/#website\"},\"primaryImageOfPage\":{\"@id\":\"https:\/\/proventuss.eu\/ro\/produkt\/etansant-pentru-geamuri-vi-pro-wns-plus\/#primaryimage\"},\"image\":{\"@id\":\"https:\/\/proventuss.eu\/ro\/produkt\/etansant-pentru-geamuri-vi-pro-wns-plus\/#primaryimage\"},\"thumbnailUrl\":\"https:\/\/proventuss.eu\/wp-content\/uploads\/2024\/09\/Vi-Pro-WNS-PLUS_1-scaled-e1729669926633.jpg\",\"datePublished\":\"2024-09-20T09:25:33+00:00\",\"dateModified\":\"2024-09-20T09:25:33+00:00\",\"breadcrumb\":{\"@id\":\"https:\/\/proventuss.eu\/ro\/produkt\/etansant-pentru-geamuri-vi-pro-wns-plus\/#breadcrumb\"},\"inLanguage\":\"ro-RO\",\"potentialAction\":[{\"@type\":\"ReadAction\",\"target\":[\"https:\/\/proventuss.eu\/ro\/produkt\/etansant-pentru-geamuri-vi-pro-wns-plus\/\"]}]},{\"@type\":\"ImageObject\",\"inLanguage\":\"ro-RO\",\"@id\":\"https:\/\/proventuss.eu\/ro\/produkt\/etansant-pentru-geamuri-vi-pro-wns-plus\/#primaryimage\",\"url\":\"https:\/\/proventuss.eu\/wp-content\/uploads\/2024\/09\/Vi-Pro-WNS-PLUS_1-scaled-e1729669926633.jpg\",\"contentUrl\":\"https:\/\/proventuss.eu\/wp-content\/uploads\/2024\/09\/Vi-Pro-WNS-PLUS_1-scaled-e1729669926633.jpg\",\"width\":2560,\"height\":1707,\"caption\":\"Na zdj\u0119ciu uszczelniacz do zabezpieczania przed warunkami atmosferycznymi i uszczelniania, gdzie wymagana jest trwa\u0142o\u015b\u0107 w trudnych warunkach.\"},{\"@type\":\"BreadcrumbList\",\"@id\":\"https:\/\/proventuss.eu\/ro\/produkt\/etansant-pentru-geamuri-vi-pro-wns-plus\/#breadcrumb\",\"itemListElement\":[{\"@type\":\"ListItem\",\"position\":1,\"name\":\"Home\",\"item\":\"https:\/\/proventuss.eu\/ro\/\"},{\"@type\":\"ListItem\",\"position\":2,\"name\":\"Produse\",\"item\":\"https:\/\/proventuss.eu\/produse\/\"},{\"@type\":\"ListItem\",\"position\":3,\"name\":\"Etan\u0219ant pentru geamuri Vi-Pro\u00ae WNS Plus\"}]},{\"@type\":\"WebSite\",\"@id\":\"https:\/\/proventuss.eu\/#website\",\"url\":\"https:\/\/proventuss.eu\/\",\"name\":\"Proventuss\",\"description\":\"\",\"potentialAction\":[{\"@type\":\"SearchAction\",\"target\":{\"@type\":\"EntryPoint\",\"urlTemplate\":\"https:\/\/proventuss.eu\/?s={search_term_string}\"},\"query-input\":\"required name=search_term_string\"}],\"inLanguage\":\"ro-RO\"}]}<\/script>\n<!-- \/ Yoast SEO plugin. -->","yoast_head_json":{"title":"Etan\u0219ant pentru geamuri Vi-Pro\u00ae WNS Plus - Proventuss","robots":{"index":"index","follow":"follow","max-snippet":"max-snippet:-1","max-image-preview":"max-image-preview:large","max-video-preview":"max-video-preview:-1"},"canonical":"https:\/\/proventuss.eu\/ro\/produkt\/etansant-pentru-geamuri-vi-pro-wns-plus\/","og_locale":"ro_RO","og_type":"article","og_title":"Etan\u0219ant pentru geamuri Vi-Pro\u00ae WNS Plus - Proventuss","og_description":"Vi-Pro\u00ae WNS PLUS este un etan\u0219ant siliconic monocomponent, cu modul sc\u0103zut, \u00eent\u0103rit neutru cu oxim\u0103, care reac\u021bioneaz\u0103 cu umiditatea atmosferic\u0103 pentru a crea un cauciuc elastic extrem de rezistent. Nu con\u021bine aditivi corozivi sau puternic parfuma\u021bi. Vi-Pro\u00ae WNS PLUS p\u0103streaz\u0103 toate propriet\u0103\u021bile de elasticitate \u0219i aderen\u021b\u0103 f\u0103r\u0103 probleme de \u00eemb\u0103tr\u00e2nire, r\u0103m\u00e2n\u00e2nd stabil \u00eempotriva agen\u021bilor atmosferici. [&hellip;]","og_url":"https:\/\/proventuss.eu\/ro\/produkt\/etansant-pentru-geamuri-vi-pro-wns-plus\/","og_site_name":"Proventuss","og_image":[{"width":2560,"height":1707,"url":"https:\/\/proventuss.eu\/wp-content\/uploads\/2024\/09\/Vi-Pro-WNS-PLUS_1-scaled-e1729669926633.jpg","type":"image\/jpeg"}],"twitter_card":"summary_large_image","twitter_misc":{"Timp estimat pentru citire":"1 minut"},"schema":{"@context":"https:\/\/schema.org","@graph":[{"@type":"WebPage","@id":"https:\/\/proventuss.eu\/ro\/produkt\/etansant-pentru-geamuri-vi-pro-wns-plus\/","url":"https:\/\/proventuss.eu\/ro\/produkt\/etansant-pentru-geamuri-vi-pro-wns-plus\/","name":"Etan\u0219ant pentru geamuri Vi-Pro\u00ae WNS Plus - Proventuss","isPartOf":{"@id":"https:\/\/proventuss.eu\/#website"},"primaryImageOfPage":{"@id":"https:\/\/proventuss.eu\/ro\/produkt\/etansant-pentru-geamuri-vi-pro-wns-plus\/#primaryimage"},"image":{"@id":"https:\/\/proventuss.eu\/ro\/produkt\/etansant-pentru-geamuri-vi-pro-wns-plus\/#primaryimage"},"thumbnailUrl":"https:\/\/proventuss.eu\/wp-content\/uploads\/2024\/09\/Vi-Pro-WNS-PLUS_1-scaled-e1729669926633.jpg","datePublished":"2024-09-20T09:25:33+00:00","dateModified":"2024-09-20T09:25:33+00:00","breadcrumb":{"@id":"https:\/\/proventuss.eu\/ro\/produkt\/etansant-pentru-geamuri-vi-pro-wns-plus\/#breadcrumb"},"inLanguage":"ro-RO","potentialAction":[{"@type":"ReadAction","target":["https:\/\/proventuss.eu\/ro\/produkt\/etansant-pentru-geamuri-vi-pro-wns-plus\/"]}]},{"@type":"ImageObject","inLanguage":"ro-RO","@id":"https:\/\/proventuss.eu\/ro\/produkt\/etansant-pentru-geamuri-vi-pro-wns-plus\/#primaryimage","url":"https:\/\/proventuss.eu\/wp-content\/uploads\/2024\/09\/Vi-Pro-WNS-PLUS_1-scaled-e1729669926633.jpg","contentUrl":"https:\/\/proventuss.eu\/wp-content\/uploads\/2024\/09\/Vi-Pro-WNS-PLUS_1-scaled-e1729669926633.jpg","width":2560,"height":1707,"caption":"Na zdj\u0119ciu uszczelniacz do zabezpieczania przed warunkami atmosferycznymi i uszczelniania, gdzie wymagana jest trwa\u0142o\u015b\u0107 w trudnych warunkach."},{"@type":"BreadcrumbList","@id":"https:\/\/proventuss.eu\/ro\/produkt\/etansant-pentru-geamuri-vi-pro-wns-plus\/#breadcrumb","itemListElement":[{"@type":"ListItem","position":1,"name":"Home","item":"https:\/\/proventuss.eu\/ro\/"},{"@type":"ListItem","position":2,"name":"Produse","item":"https:\/\/proventuss.eu\/produse\/"},{"@type":"ListItem","position":3,"name":"Etan\u0219ant pentru geamuri Vi-Pro\u00ae WNS Plus"}]},{"@type":"WebSite","@id":"https:\/\/proventuss.eu\/#website","url":"https:\/\/proventuss.eu\/","name":"Proventuss","description":"","potentialAction":[{"@type":"SearchAction","target":{"@type":"EntryPoint","urlTemplate":"https:\/\/proventuss.eu\/?s={search_term_string}"},"query-input":"required name=search_term_string"}],"inLanguage":"ro-RO"}]}},"_links":{"self":[{"href":"https:\/\/proventuss.eu\/ro\/wp-json\/wp\/v2\/product\/18881"}],"collection":[{"href":"https:\/\/proventuss.eu\/ro\/wp-json\/wp\/v2\/product"}],"about":[{"href":"https:\/\/proventuss.eu\/ro\/wp-json\/wp\/v2\/types\/product"}],"replies":[{"embeddable":true,"href":"https:\/\/proventuss.eu\/ro\/wp-json\/wp\/v2\/comments?post=18881"}],"wp:featuredmedia":[{"embeddable":true,"href":"https:\/\/proventuss.eu\/ro\/wp-json\/wp\/v2\/media\/18220"}],"wp:attachment":[{"href":"https:\/\/proventuss.eu\/ro\/wp-json\/wp\/v2\/media?parent=18881"}],"wp:term":[{"taxonomy":"product_cat","embeddable":true,"href":"https:\/\/proventuss.eu\/ro\/wp-json\/wp\/v2\/product_cat?post=18881"},{"taxonomy":"product_tag","embeddable":true,"href":"https:\/\/proventuss.eu\/ro\/wp-json\/wp\/v2\/product_tag?post=18881"}],"curies":[{"name":"wp","href":"https:\/\/api.w.org\/{rel}","templated":true}]}}