{"id":18502,"date":"2024-11-19T08:57:56","date_gmt":"2024-11-19T08:57:56","guid":{"rendered":"https:\/\/proventuss.eu\/produkt\/vi-pro-manual-gun-310-600-ml\/"},"modified":"2024-11-19T09:10:06","modified_gmt":"2024-11-19T09:10:06","slug":"vi-pro-manual-gun-310-600-ml","status":"publish","type":"product","link":"https:\/\/proventuss.eu\/ro\/produs\/vi-pro-manual-gun-310-600-ml\/","title":{"rendered":"Vi-Pro\u00ae MANUAL GUN 310-600 ML"},"content":{"rendered":"<p>Aplicator profesional cu corp din aluminiu, maneta si maner din otel presat. Pentru utilizare cu siliconi \u0219i etan\u0219an\u021bi cu v\u00e2scozitate medie, \u00een cartu\u0219e \u0219i c\u00e2rna\u021bi standard.<\/p>\n<p>Caracteristic\u0103:<\/p>\n<p>Greutate neta: 980 kg<br \/>\nForta maxima: 350 Kgf \u2013 3,43 kN<br \/>\nTij\u0103 de \u00eempingere: o\u021bel cu con\u021binut ridicat de carbon<br \/>\nAmbreiaj: \u00cent\u0103rit &#8211; dintr-o bucat\u0103<\/p>\n","protected":false},"excerpt":{"rendered":"<p>Aplicator profesional cu corp din aluminiu, maneta si maner din otel presat. Pentru utilizare cu siliconi \u0219i etan\u0219an\u021bi cu v\u00e2scozitate medie, \u00een cartu\u0219e \u0219i c\u00e2rna\u021bi standard. Caracteristic\u0103: Greutate neta: 980 kg Forta maxima: 350 Kgf \u2013 3,43 kN Tij\u0103 de \u00eempingere: o\u021bel cu con\u021binut ridicat de carbon Ambreiaj: \u00cent\u0103rit &#8211; dintr-o bucat\u0103<\/p>\n","protected":false},"featured_media":18486,"comment_status":"open","ping_status":"closed","template":"","meta":{"_acf_changed":false},"product_cat":[410],"product_tag":[],"acf":[],"yoast_head":"<!-- This site is optimized with the Yoast SEO plugin v22.9 - https:\/\/yoast.com\/wordpress\/plugins\/seo\/ -->\n<title>Vi-Pro\u00ae MANUAL GUN 310-600 ML - Proventuss<\/title>\n<meta name=\"robots\" content=\"index, follow, max-snippet:-1, max-image-preview:large, max-video-preview:-1\" \/>\n<link rel=\"canonical\" href=\"https:\/\/proventuss.eu\/ro\/produkt\/vi-pro-manual-gun-310-600-ml\/\" \/>\n<meta property=\"og:locale\" content=\"ro_RO\" \/>\n<meta property=\"og:type\" content=\"article\" \/>\n<meta property=\"og:title\" content=\"Vi-Pro\u00ae MANUAL GUN 310-600 ML - Proventuss\" \/>\n<meta property=\"og:description\" content=\"Aplicator profesional cu corp din aluminiu, maneta si maner din otel presat. Pentru utilizare cu siliconi \u0219i etan\u0219an\u021bi cu v\u00e2scozitate medie, \u00een cartu\u0219e \u0219i c\u00e2rna\u021bi standard. Caracteristic\u0103: Greutate neta: 980 kg Forta maxima: 350 Kgf \u2013 3,43 kN Tij\u0103 de \u00eempingere: o\u021bel cu con\u021binut ridicat de carbon Ambreiaj: \u00cent\u0103rit &#8211; dintr-o bucat\u0103\" \/>\n<meta property=\"og:url\" content=\"https:\/\/proventuss.eu\/ro\/produkt\/vi-pro-manual-gun-310-600-ml\/\" \/>\n<meta property=\"og:site_name\" content=\"Proventuss\" \/>\n<meta property=\"article:modified_time\" content=\"2024-11-19T09:10:06+00:00\" \/>\n<meta property=\"og:image\" content=\"https:\/\/proventuss.eu\/wp-content\/uploads\/2024\/11\/Vi-Pro\u00ae-MANUAL-GUN-310-600-ML.jpg\" \/>\n\t<meta property=\"og:image:width\" content=\"1543\" \/>\n\t<meta property=\"og:image:height\" content=\"729\" \/>\n\t<meta property=\"og:image:type\" content=\"image\/jpeg\" \/>\n<meta name=\"twitter:card\" content=\"summary_large_image\" \/>\n<meta name=\"twitter:label1\" content=\"Timp estimat pentru citire\" \/>\n\t<meta name=\"twitter:data1\" content=\"1 minut\" \/>\n<script type=\"application\/ld+json\" class=\"yoast-schema-graph\">{\"@context\":\"https:\/\/schema.org\",\"@graph\":[{\"@type\":\"WebPage\",\"@id\":\"https:\/\/proventuss.eu\/ro\/produkt\/vi-pro-manual-gun-310-600-ml\/\",\"url\":\"https:\/\/proventuss.eu\/ro\/produkt\/vi-pro-manual-gun-310-600-ml\/\",\"name\":\"Vi-Pro\u00ae MANUAL GUN 310-600 ML - Proventuss\",\"isPartOf\":{\"@id\":\"https:\/\/proventuss.eu\/#website\"},\"primaryImageOfPage\":{\"@id\":\"https:\/\/proventuss.eu\/ro\/produkt\/vi-pro-manual-gun-310-600-ml\/#primaryimage\"},\"image\":{\"@id\":\"https:\/\/proventuss.eu\/ro\/produkt\/vi-pro-manual-gun-310-600-ml\/#primaryimage\"},\"thumbnailUrl\":\"https:\/\/proventuss.eu\/wp-content\/uploads\/2024\/11\/Vi-Pro\u00ae-MANUAL-GUN-310-600-ML.jpg\",\"datePublished\":\"2024-11-19T08:57:56+00:00\",\"dateModified\":\"2024-11-19T09:10:06+00:00\",\"breadcrumb\":{\"@id\":\"https:\/\/proventuss.eu\/ro\/produkt\/vi-pro-manual-gun-310-600-ml\/#breadcrumb\"},\"inLanguage\":\"ro-RO\",\"potentialAction\":[{\"@type\":\"ReadAction\",\"target\":[\"https:\/\/proventuss.eu\/ro\/produkt\/vi-pro-manual-gun-310-600-ml\/\"]}]},{\"@type\":\"ImageObject\",\"inLanguage\":\"ro-RO\",\"@id\":\"https:\/\/proventuss.eu\/ro\/produkt\/vi-pro-manual-gun-310-600-ml\/#primaryimage\",\"url\":\"https:\/\/proventuss.eu\/wp-content\/uploads\/2024\/11\/Vi-Pro\u00ae-MANUAL-GUN-310-600-ML.jpg\",\"contentUrl\":\"https:\/\/proventuss.eu\/wp-content\/uploads\/2024\/11\/Vi-Pro\u00ae-MANUAL-GUN-310-600-ML.jpg\",\"width\":1543,\"height\":729,\"caption\":\"Na zdj\u0119ciu pistolet manualny Vi-Pro do stosowania ze \u015brednio lepkimi silikonami i uszczelniaczami, w standardowych kartuszach i kie\u0142baskach.\"},{\"@type\":\"BreadcrumbList\",\"@id\":\"https:\/\/proventuss.eu\/ro\/produkt\/vi-pro-manual-gun-310-600-ml\/#breadcrumb\",\"itemListElement\":[{\"@type\":\"ListItem\",\"position\":1,\"name\":\"Home\",\"item\":\"https:\/\/proventuss.eu\/ro\/\"},{\"@type\":\"ListItem\",\"position\":2,\"name\":\"Produse\",\"item\":\"https:\/\/proventuss.eu\/produse\/\"},{\"@type\":\"ListItem\",\"position\":3,\"name\":\"Vi-Pro\u00ae MANUAL GUN 310-600 ML\"}]},{\"@type\":\"WebSite\",\"@id\":\"https:\/\/proventuss.eu\/#website\",\"url\":\"https:\/\/proventuss.eu\/\",\"name\":\"Proventuss\",\"description\":\"\",\"potentialAction\":[{\"@type\":\"SearchAction\",\"target\":{\"@type\":\"EntryPoint\",\"urlTemplate\":\"https:\/\/proventuss.eu\/?s={search_term_string}\"},\"query-input\":\"required name=search_term_string\"}],\"inLanguage\":\"ro-RO\"}]}<\/script>\n<!-- \/ Yoast SEO plugin. -->","yoast_head_json":{"title":"Vi-Pro\u00ae MANUAL GUN 310-600 ML - Proventuss","robots":{"index":"index","follow":"follow","max-snippet":"max-snippet:-1","max-image-preview":"max-image-preview:large","max-video-preview":"max-video-preview:-1"},"canonical":"https:\/\/proventuss.eu\/ro\/produkt\/vi-pro-manual-gun-310-600-ml\/","og_locale":"ro_RO","og_type":"article","og_title":"Vi-Pro\u00ae MANUAL GUN 310-600 ML - Proventuss","og_description":"Aplicator profesional cu corp din aluminiu, maneta si maner din otel presat. Pentru utilizare cu siliconi \u0219i etan\u0219an\u021bi cu v\u00e2scozitate medie, \u00een cartu\u0219e \u0219i c\u00e2rna\u021bi standard. Caracteristic\u0103: Greutate neta: 980 kg Forta maxima: 350 Kgf \u2013 3,43 kN Tij\u0103 de \u00eempingere: o\u021bel cu con\u021binut ridicat de carbon Ambreiaj: \u00cent\u0103rit &#8211; dintr-o bucat\u0103","og_url":"https:\/\/proventuss.eu\/ro\/produkt\/vi-pro-manual-gun-310-600-ml\/","og_site_name":"Proventuss","article_modified_time":"2024-11-19T09:10:06+00:00","og_image":[{"width":1543,"height":729,"url":"https:\/\/proventuss.eu\/wp-content\/uploads\/2024\/11\/Vi-Pro\u00ae-MANUAL-GUN-310-600-ML.jpg","type":"image\/jpeg"}],"twitter_card":"summary_large_image","twitter_misc":{"Timp estimat pentru citire":"1 minut"},"schema":{"@context":"https:\/\/schema.org","@graph":[{"@type":"WebPage","@id":"https:\/\/proventuss.eu\/ro\/produkt\/vi-pro-manual-gun-310-600-ml\/","url":"https:\/\/proventuss.eu\/ro\/produkt\/vi-pro-manual-gun-310-600-ml\/","name":"Vi-Pro\u00ae MANUAL GUN 310-600 ML - Proventuss","isPartOf":{"@id":"https:\/\/proventuss.eu\/#website"},"primaryImageOfPage":{"@id":"https:\/\/proventuss.eu\/ro\/produkt\/vi-pro-manual-gun-310-600-ml\/#primaryimage"},"image":{"@id":"https:\/\/proventuss.eu\/ro\/produkt\/vi-pro-manual-gun-310-600-ml\/#primaryimage"},"thumbnailUrl":"https:\/\/proventuss.eu\/wp-content\/uploads\/2024\/11\/Vi-Pro\u00ae-MANUAL-GUN-310-600-ML.jpg","datePublished":"2024-11-19T08:57:56+00:00","dateModified":"2024-11-19T09:10:06+00:00","breadcrumb":{"@id":"https:\/\/proventuss.eu\/ro\/produkt\/vi-pro-manual-gun-310-600-ml\/#breadcrumb"},"inLanguage":"ro-RO","potentialAction":[{"@type":"ReadAction","target":["https:\/\/proventuss.eu\/ro\/produkt\/vi-pro-manual-gun-310-600-ml\/"]}]},{"@type":"ImageObject","inLanguage":"ro-RO","@id":"https:\/\/proventuss.eu\/ro\/produkt\/vi-pro-manual-gun-310-600-ml\/#primaryimage","url":"https:\/\/proventuss.eu\/wp-content\/uploads\/2024\/11\/Vi-Pro\u00ae-MANUAL-GUN-310-600-ML.jpg","contentUrl":"https:\/\/proventuss.eu\/wp-content\/uploads\/2024\/11\/Vi-Pro\u00ae-MANUAL-GUN-310-600-ML.jpg","width":1543,"height":729,"caption":"Na zdj\u0119ciu pistolet manualny Vi-Pro do stosowania ze \u015brednio lepkimi silikonami i uszczelniaczami, w standardowych kartuszach i kie\u0142baskach."},{"@type":"BreadcrumbList","@id":"https:\/\/proventuss.eu\/ro\/produkt\/vi-pro-manual-gun-310-600-ml\/#breadcrumb","itemListElement":[{"@type":"ListItem","position":1,"name":"Home","item":"https:\/\/proventuss.eu\/ro\/"},{"@type":"ListItem","position":2,"name":"Produse","item":"https:\/\/proventuss.eu\/produse\/"},{"@type":"ListItem","position":3,"name":"Vi-Pro\u00ae MANUAL GUN 310-600 ML"}]},{"@type":"WebSite","@id":"https:\/\/proventuss.eu\/#website","url":"https:\/\/proventuss.eu\/","name":"Proventuss","description":"","potentialAction":[{"@type":"SearchAction","target":{"@type":"EntryPoint","urlTemplate":"https:\/\/proventuss.eu\/?s={search_term_string}"},"query-input":"required name=search_term_string"}],"inLanguage":"ro-RO"}]}},"_links":{"self":[{"href":"https:\/\/proventuss.eu\/ro\/wp-json\/wp\/v2\/product\/18502"}],"collection":[{"href":"https:\/\/proventuss.eu\/ro\/wp-json\/wp\/v2\/product"}],"about":[{"href":"https:\/\/proventuss.eu\/ro\/wp-json\/wp\/v2\/types\/product"}],"replies":[{"embeddable":true,"href":"https:\/\/proventuss.eu\/ro\/wp-json\/wp\/v2\/comments?post=18502"}],"wp:featuredmedia":[{"embeddable":true,"href":"https:\/\/proventuss.eu\/ro\/wp-json\/wp\/v2\/media\/18486"}],"wp:attachment":[{"href":"https:\/\/proventuss.eu\/ro\/wp-json\/wp\/v2\/media?parent=18502"}],"wp:term":[{"taxonomy":"product_cat","embeddable":true,"href":"https:\/\/proventuss.eu\/ro\/wp-json\/wp\/v2\/product_cat?post=18502"},{"taxonomy":"product_tag","embeddable":true,"href":"https:\/\/proventuss.eu\/ro\/wp-json\/wp\/v2\/product_tag?post=18502"}],"curies":[{"name":"wp","href":"https:\/\/api.w.org\/{rel}","templated":true}]}}