{"id":17657,"date":"2024-09-27T09:40:16","date_gmt":"2024-09-27T09:40:16","guid":{"rendered":"https:\/\/proventuss.eu\/produkt\/vi-pro-epdm-membrane-self-adhesive\/"},"modified":"2024-10-23T10:29:34","modified_gmt":"2024-10-23T10:29:34","slug":"vi-pro-epdm-membrane-self-adhesive","status":"publish","type":"product","link":"https:\/\/proventuss.eu\/ro\/produs\/vi-pro-epdm-membrane-self-adhesive\/","title":{"rendered":"Vi-Pro EPDM Membrane Self Adhesive"},"content":{"rendered":"<p>Vi-Pro\u00ae EPDM Membrane Self-Adhesive este o membran\u0103 hidroizolatoare din cauciuc EPDM cu un adeziv acrilic modificat pe o folie de protec\u021bie alb\u0103 pe dou\u0103 fe\u021be din silicon PP. Adezivul este poliacrilic pur pe baz\u0103 de dispersii de ap\u0103. Are o aderen\u021b\u0103 ridicat\u0103 \u0219i o aderen\u021b\u0103 foarte mare combinat\u0103 cu parametri excelen\u021bi de rezisten\u021b\u0103 la \u00eemb\u0103tr\u00e2nire \u0219i la intemperii. Aderen\u021ba la o gam\u0103 foarte larg\u0103 de suprafe\u021be este excelent\u0103, inclusiv substraturi cu energie sc\u0103zut\u0103 (de exemplu, PE, PP \u0219i materiale ne\u021besute). \u00cen plus, adezivul are propriet\u0103\u021bi excelente la temperaturi sc\u0103zute. Adezivul este APEO \u0219i nu con\u021bine solven\u021bi.<\/p>\n<p><strong>Aplicatii:<\/strong><\/p>\n<p>Este deosebit de potrivit pentru proiectele de etan\u0219are a ferestrelor exterioare \u0219i fa\u021badelor. Aceast\u0103 membran\u0103 are o afinitate ridicat\u0103 pentru principalele substraturi cele mai populare \u00een construc\u021bii, precum ciment, metal, lemn \u0219i materiale plastice, chiar \u0219i cu cantit\u0103\u021bi moderate de murd\u0103rie sub form\u0103 de praf de suprafa\u021b\u0103, precum \u0219i prezen\u021ba apei \u00een modul de condensare.<\/p>\n<p><strong>Caracteristici si specificatii:<\/strong><\/p>\n<ul>\n<li>Complet rezistent la apa.<\/li>\n<li>R\u0103m\u00e2ne flexibil la temperaturi sc\u0103zute \u0219i este rezistent la \u0219ocuri de temperatur\u0103 de p\u00e2n\u0103 la 250\u00baC.<\/li>\n<li>Rezultate bune \u00een prezen\u021ba apei fierbin\u021bi \u0219i a aburului de \u00eenalt\u0103 presiune.<\/li>\n<li>Rezisten\u021b\u0103 excelent\u0103 la oxidare, condi\u021bii meteorologice \u0219i ozon.<\/li>\n<li>Rezistent la majoritatea substan\u021belor chimice anorganice.<\/li>\n<li>Rezistent la radia\u021biile UV \u0219i la \u00eemb\u0103tr\u00e2nire.<\/li>\n<li>Rezisten\u021b\u0103 ridicat\u0103 la umiditate \u0219i ap\u0103.<\/li>\n<li>Durabilitate minima 10 ani.<\/li>\n<li>Intercalare: folie de poliolefin\u0103, 60 \u03bcm.<\/li>\n<li>Baza: plasa PES\/PVA, diagonala.<\/li>\n<li>Culoare adeziv: alb.<\/li>\n<\/ul>\n","protected":false},"excerpt":{"rendered":"<p>Vi-Pro\u00ae EPDM Membrane Self-Adhesive este o membran\u0103 hidroizolatoare din cauciuc EPDM cu un adeziv acrilic modificat pe o folie de protec\u021bie alb\u0103 pe dou\u0103 fe\u021be din silicon PP. Adezivul este poliacrilic pur pe baz\u0103 de dispersii de ap\u0103. Are o aderen\u021b\u0103 ridicat\u0103 \u0219i o aderen\u021b\u0103 foarte mare combinat\u0103 cu parametri excelen\u021bi de rezisten\u021b\u0103 la \u00eemb\u0103tr\u00e2nire [&hellip;]<\/p>\n","protected":false},"featured_media":17635,"comment_status":"open","ping_status":"closed","template":"","meta":{"_acf_changed":false},"product_cat":[419],"product_tag":[],"acf":[],"yoast_head":"<!-- This site is optimized with the Yoast SEO plugin v22.9 - https:\/\/yoast.com\/wordpress\/plugins\/seo\/ -->\n<title>Vi-Pro EPDM Membrane Self Adhesive - Proventuss<\/title>\n<meta name=\"robots\" content=\"index, follow, max-snippet:-1, max-image-preview:large, max-video-preview:-1\" \/>\n<link rel=\"canonical\" href=\"https:\/\/proventuss.eu\/ro\/produkt\/vi-pro-epdm-membrane-self-adhesive\/\" \/>\n<meta property=\"og:locale\" content=\"ro_RO\" \/>\n<meta property=\"og:type\" content=\"article\" \/>\n<meta property=\"og:title\" content=\"Vi-Pro EPDM Membrane Self Adhesive - Proventuss\" \/>\n<meta property=\"og:description\" content=\"Vi-Pro\u00ae EPDM Membrane Self-Adhesive este o membran\u0103 hidroizolatoare din cauciuc EPDM cu un adeziv acrilic modificat pe o folie de protec\u021bie alb\u0103 pe dou\u0103 fe\u021be din silicon PP. Adezivul este poliacrilic pur pe baz\u0103 de dispersii de ap\u0103. Are o aderen\u021b\u0103 ridicat\u0103 \u0219i o aderen\u021b\u0103 foarte mare combinat\u0103 cu parametri excelen\u021bi de rezisten\u021b\u0103 la \u00eemb\u0103tr\u00e2nire [&hellip;]\" \/>\n<meta property=\"og:url\" content=\"https:\/\/proventuss.eu\/ro\/produkt\/vi-pro-epdm-membrane-self-adhesive\/\" \/>\n<meta property=\"og:site_name\" content=\"Proventuss\" \/>\n<meta property=\"article:modified_time\" content=\"2024-10-23T10:29:34+00:00\" \/>\n<meta property=\"og:image\" content=\"https:\/\/proventuss.eu\/wp-content\/uploads\/2024\/09\/7515a1m.jpg\" \/>\n\t<meta property=\"og:image:width\" content=\"1500\" \/>\n\t<meta property=\"og:image:height\" content=\"998\" \/>\n\t<meta property=\"og:image:type\" content=\"image\/jpeg\" \/>\n<meta name=\"twitter:card\" content=\"summary_large_image\" \/>\n<meta name=\"twitter:label1\" content=\"Timp estimat pentru citire\" \/>\n\t<meta name=\"twitter:data1\" content=\"2 minute\" \/>\n<script type=\"application\/ld+json\" class=\"yoast-schema-graph\">{\"@context\":\"https:\/\/schema.org\",\"@graph\":[{\"@type\":\"WebPage\",\"@id\":\"https:\/\/proventuss.eu\/ro\/produkt\/vi-pro-epdm-membrane-self-adhesive\/\",\"url\":\"https:\/\/proventuss.eu\/ro\/produkt\/vi-pro-epdm-membrane-self-adhesive\/\",\"name\":\"Vi-Pro EPDM Membrane Self Adhesive - Proventuss\",\"isPartOf\":{\"@id\":\"https:\/\/proventuss.eu\/#website\"},\"primaryImageOfPage\":{\"@id\":\"https:\/\/proventuss.eu\/ro\/produkt\/vi-pro-epdm-membrane-self-adhesive\/#primaryimage\"},\"image\":{\"@id\":\"https:\/\/proventuss.eu\/ro\/produkt\/vi-pro-epdm-membrane-self-adhesive\/#primaryimage\"},\"thumbnailUrl\":\"https:\/\/proventuss.eu\/wp-content\/uploads\/2024\/09\/7515a1m.jpg\",\"datePublished\":\"2024-09-27T09:40:16+00:00\",\"dateModified\":\"2024-10-23T10:29:34+00:00\",\"breadcrumb\":{\"@id\":\"https:\/\/proventuss.eu\/ro\/produkt\/vi-pro-epdm-membrane-self-adhesive\/#breadcrumb\"},\"inLanguage\":\"ro-RO\",\"potentialAction\":[{\"@type\":\"ReadAction\",\"target\":[\"https:\/\/proventuss.eu\/ro\/produkt\/vi-pro-epdm-membrane-self-adhesive\/\"]}]},{\"@type\":\"ImageObject\",\"inLanguage\":\"ro-RO\",\"@id\":\"https:\/\/proventuss.eu\/ro\/produkt\/vi-pro-epdm-membrane-self-adhesive\/#primaryimage\",\"url\":\"https:\/\/proventuss.eu\/wp-content\/uploads\/2024\/09\/7515a1m.jpg\",\"contentUrl\":\"https:\/\/proventuss.eu\/wp-content\/uploads\/2024\/09\/7515a1m.jpg\",\"width\":1500,\"height\":998},{\"@type\":\"BreadcrumbList\",\"@id\":\"https:\/\/proventuss.eu\/ro\/produkt\/vi-pro-epdm-membrane-self-adhesive\/#breadcrumb\",\"itemListElement\":[{\"@type\":\"ListItem\",\"position\":1,\"name\":\"Home\",\"item\":\"https:\/\/proventuss.eu\/ro\/\"},{\"@type\":\"ListItem\",\"position\":2,\"name\":\"Produse\",\"item\":\"https:\/\/proventuss.eu\/produse\/\"},{\"@type\":\"ListItem\",\"position\":3,\"name\":\"Vi-Pro EPDM Membrane Self Adhesive\"}]},{\"@type\":\"WebSite\",\"@id\":\"https:\/\/proventuss.eu\/#website\",\"url\":\"https:\/\/proventuss.eu\/\",\"name\":\"Proventuss\",\"description\":\"\",\"potentialAction\":[{\"@type\":\"SearchAction\",\"target\":{\"@type\":\"EntryPoint\",\"urlTemplate\":\"https:\/\/proventuss.eu\/?s={search_term_string}\"},\"query-input\":\"required name=search_term_string\"}],\"inLanguage\":\"ro-RO\"}]}<\/script>\n<!-- \/ Yoast SEO plugin. -->","yoast_head_json":{"title":"Vi-Pro EPDM Membrane Self Adhesive - Proventuss","robots":{"index":"index","follow":"follow","max-snippet":"max-snippet:-1","max-image-preview":"max-image-preview:large","max-video-preview":"max-video-preview:-1"},"canonical":"https:\/\/proventuss.eu\/ro\/produkt\/vi-pro-epdm-membrane-self-adhesive\/","og_locale":"ro_RO","og_type":"article","og_title":"Vi-Pro EPDM Membrane Self Adhesive - Proventuss","og_description":"Vi-Pro\u00ae EPDM Membrane Self-Adhesive este o membran\u0103 hidroizolatoare din cauciuc EPDM cu un adeziv acrilic modificat pe o folie de protec\u021bie alb\u0103 pe dou\u0103 fe\u021be din silicon PP. Adezivul este poliacrilic pur pe baz\u0103 de dispersii de ap\u0103. Are o aderen\u021b\u0103 ridicat\u0103 \u0219i o aderen\u021b\u0103 foarte mare combinat\u0103 cu parametri excelen\u021bi de rezisten\u021b\u0103 la \u00eemb\u0103tr\u00e2nire [&hellip;]","og_url":"https:\/\/proventuss.eu\/ro\/produkt\/vi-pro-epdm-membrane-self-adhesive\/","og_site_name":"Proventuss","article_modified_time":"2024-10-23T10:29:34+00:00","og_image":[{"width":1500,"height":998,"url":"https:\/\/proventuss.eu\/wp-content\/uploads\/2024\/09\/7515a1m.jpg","type":"image\/jpeg"}],"twitter_card":"summary_large_image","twitter_misc":{"Timp estimat pentru citire":"2 minute"},"schema":{"@context":"https:\/\/schema.org","@graph":[{"@type":"WebPage","@id":"https:\/\/proventuss.eu\/ro\/produkt\/vi-pro-epdm-membrane-self-adhesive\/","url":"https:\/\/proventuss.eu\/ro\/produkt\/vi-pro-epdm-membrane-self-adhesive\/","name":"Vi-Pro EPDM Membrane Self Adhesive - Proventuss","isPartOf":{"@id":"https:\/\/proventuss.eu\/#website"},"primaryImageOfPage":{"@id":"https:\/\/proventuss.eu\/ro\/produkt\/vi-pro-epdm-membrane-self-adhesive\/#primaryimage"},"image":{"@id":"https:\/\/proventuss.eu\/ro\/produkt\/vi-pro-epdm-membrane-self-adhesive\/#primaryimage"},"thumbnailUrl":"https:\/\/proventuss.eu\/wp-content\/uploads\/2024\/09\/7515a1m.jpg","datePublished":"2024-09-27T09:40:16+00:00","dateModified":"2024-10-23T10:29:34+00:00","breadcrumb":{"@id":"https:\/\/proventuss.eu\/ro\/produkt\/vi-pro-epdm-membrane-self-adhesive\/#breadcrumb"},"inLanguage":"ro-RO","potentialAction":[{"@type":"ReadAction","target":["https:\/\/proventuss.eu\/ro\/produkt\/vi-pro-epdm-membrane-self-adhesive\/"]}]},{"@type":"ImageObject","inLanguage":"ro-RO","@id":"https:\/\/proventuss.eu\/ro\/produkt\/vi-pro-epdm-membrane-self-adhesive\/#primaryimage","url":"https:\/\/proventuss.eu\/wp-content\/uploads\/2024\/09\/7515a1m.jpg","contentUrl":"https:\/\/proventuss.eu\/wp-content\/uploads\/2024\/09\/7515a1m.jpg","width":1500,"height":998},{"@type":"BreadcrumbList","@id":"https:\/\/proventuss.eu\/ro\/produkt\/vi-pro-epdm-membrane-self-adhesive\/#breadcrumb","itemListElement":[{"@type":"ListItem","position":1,"name":"Home","item":"https:\/\/proventuss.eu\/ro\/"},{"@type":"ListItem","position":2,"name":"Produse","item":"https:\/\/proventuss.eu\/produse\/"},{"@type":"ListItem","position":3,"name":"Vi-Pro EPDM Membrane Self Adhesive"}]},{"@type":"WebSite","@id":"https:\/\/proventuss.eu\/#website","url":"https:\/\/proventuss.eu\/","name":"Proventuss","description":"","potentialAction":[{"@type":"SearchAction","target":{"@type":"EntryPoint","urlTemplate":"https:\/\/proventuss.eu\/?s={search_term_string}"},"query-input":"required name=search_term_string"}],"inLanguage":"ro-RO"}]}},"_links":{"self":[{"href":"https:\/\/proventuss.eu\/ro\/wp-json\/wp\/v2\/product\/17657"}],"collection":[{"href":"https:\/\/proventuss.eu\/ro\/wp-json\/wp\/v2\/product"}],"about":[{"href":"https:\/\/proventuss.eu\/ro\/wp-json\/wp\/v2\/types\/product"}],"replies":[{"embeddable":true,"href":"https:\/\/proventuss.eu\/ro\/wp-json\/wp\/v2\/comments?post=17657"}],"wp:featuredmedia":[{"embeddable":true,"href":"https:\/\/proventuss.eu\/ro\/wp-json\/wp\/v2\/media\/17635"}],"wp:attachment":[{"href":"https:\/\/proventuss.eu\/ro\/wp-json\/wp\/v2\/media?parent=17657"}],"wp:term":[{"taxonomy":"product_cat","embeddable":true,"href":"https:\/\/proventuss.eu\/ro\/wp-json\/wp\/v2\/product_cat?post=17657"},{"taxonomy":"product_tag","embeddable":true,"href":"https:\/\/proventuss.eu\/ro\/wp-json\/wp\/v2\/product_tag?post=17657"}],"curies":[{"name":"wp","href":"https:\/\/api.w.org\/{rel}","templated":true}]}}