{"id":17136,"date":"2023-08-29T09:54:12","date_gmt":"2023-08-29T09:54:12","guid":{"rendered":"https:\/\/proventuss.eu\/produkt\/vi-pro-primer-135\/"},"modified":"2024-08-02T09:16:55","modified_gmt":"2024-08-02T09:16:55","slug":"vi-pro-primer-135","status":"publish","type":"product","link":"https:\/\/proventuss.eu\/ro\/produs\/vi-pro-primer-135\/","title":{"rendered":"Vi-Pro Primer 135"},"content":{"rendered":"<p>Vi-Pro Primer 135 este un grund negru cu aderen\u021b\u0103 \u00eentr-o singur\u0103 etap\u0103 (2 \u00een 1), conceput special pentru a \u00eembun\u0103t\u0103\u021bi aderen\u021ba multor materiale de construc\u021bie.<\/p>\n<p>AVANTAJE:<br \/>\n\u2022 Ofer\u0103 o aderen\u021b\u0103 excelent\u0103 pentru etan\u0219an\u021bii Vi-Pro Strongbond.<br \/>\n\u2022 Perfect pentru refacerea zg\u00e2rieturilor de vopsea de pe suduri pentru a proteja \u00eempotriva coroziunii.<br \/>\n\u2022 Rezistent UV, potrivit pentru aplicarea unui strat UV pe sticla transparent\u0103.<br \/>\n\u2022 Ofer\u0103 o aderen\u021b\u0103 \u00eembun\u0103t\u0103\u021bit\u0103 pe toate materialele neporoase utilizate \u00een industrie \u0219i construc\u021bii, cum ar fi suprafe\u021bele vopsite, FRP, materiale plastice, sticl\u0103, aluminiu \u0219i unele metale.<\/p>\n","protected":false},"excerpt":{"rendered":"<p>Vi-Pro Primer 135 este un grund negru cu aderen\u021b\u0103 \u00eentr-o singur\u0103 etap\u0103 (2 \u00een 1), conceput special pentru a \u00eembun\u0103t\u0103\u021bi aderen\u021ba multor materiale de construc\u021bie. AVANTAJE: \u2022 Ofer\u0103 o aderen\u021b\u0103 excelent\u0103 pentru etan\u0219an\u021bii Vi-Pro Strongbond. \u2022 Perfect pentru refacerea zg\u00e2rieturilor de vopsea de pe suduri pentru a proteja \u00eempotriva coroziunii. \u2022 Rezistent UV, potrivit pentru [&hellip;]<\/p>\n","protected":false},"featured_media":13711,"comment_status":"open","ping_status":"closed","template":"","meta":{"_acf_changed":false},"product_cat":[402,406],"product_tag":[],"acf":[],"yoast_head":"<!-- This site is optimized with the Yoast SEO plugin v22.9 - https:\/\/yoast.com\/wordpress\/plugins\/seo\/ -->\n<title>Vi-Pro Primer 135 - Proventuss<\/title>\n<meta name=\"description\" content=\"Vi-Pro Primer 135 este un grund negru cu aderen\u021b\u0103 \u00eentr-o singur\u0103 etap\u0103, conceput special pentru a \u00eembun\u0103t\u0103\u021bi aderen\u021ba la multe materiale de construc\u021bie.\" \/>\n<meta name=\"robots\" content=\"index, follow, max-snippet:-1, max-image-preview:large, max-video-preview:-1\" \/>\n<link rel=\"canonical\" href=\"https:\/\/proventuss.eu\/ro\/produkt\/vi-pro-primer-135\/\" \/>\n<meta property=\"og:locale\" content=\"ro_RO\" \/>\n<meta property=\"og:type\" content=\"article\" \/>\n<meta property=\"og:title\" content=\"Vi-Pro Primer 135 - Proventuss\" \/>\n<meta property=\"og:description\" content=\"Vi-Pro Primer 135 este un grund negru cu aderen\u021b\u0103 \u00eentr-o singur\u0103 etap\u0103, conceput special pentru a \u00eembun\u0103t\u0103\u021bi aderen\u021ba la multe materiale de construc\u021bie.\" \/>\n<meta property=\"og:url\" content=\"https:\/\/proventuss.eu\/ro\/produkt\/vi-pro-primer-135\/\" \/>\n<meta property=\"og:site_name\" content=\"Proventuss\" \/>\n<meta property=\"article:modified_time\" content=\"2024-08-02T09:16:55+00:00\" \/>\n<meta property=\"og:image\" content=\"https:\/\/proventuss.eu\/wp-content\/uploads\/2023\/08\/Vi-Pro-Primer-135m.jpg\" \/>\n\t<meta property=\"og:image:width\" content=\"636\" \/>\n\t<meta property=\"og:image:height\" content=\"1059\" \/>\n\t<meta property=\"og:image:type\" content=\"image\/jpeg\" \/>\n<meta name=\"twitter:card\" content=\"summary_large_image\" \/>\n<meta name=\"twitter:label1\" content=\"Timp estimat pentru citire\" \/>\n\t<meta name=\"twitter:data1\" content=\"1 minut\" \/>\n<script type=\"application\/ld+json\" class=\"yoast-schema-graph\">{\"@context\":\"https:\/\/schema.org\",\"@graph\":[{\"@type\":\"WebPage\",\"@id\":\"https:\/\/proventuss.eu\/ro\/produkt\/vi-pro-primer-135\/\",\"url\":\"https:\/\/proventuss.eu\/ro\/produkt\/vi-pro-primer-135\/\",\"name\":\"Vi-Pro Primer 135 - Proventuss\",\"isPartOf\":{\"@id\":\"https:\/\/proventuss.eu\/#website\"},\"primaryImageOfPage\":{\"@id\":\"https:\/\/proventuss.eu\/ro\/produkt\/vi-pro-primer-135\/#primaryimage\"},\"image\":{\"@id\":\"https:\/\/proventuss.eu\/ro\/produkt\/vi-pro-primer-135\/#primaryimage\"},\"thumbnailUrl\":\"https:\/\/proventuss.eu\/wp-content\/uploads\/2023\/08\/Vi-Pro-Primer-135m.jpg\",\"datePublished\":\"2023-08-29T09:54:12+00:00\",\"dateModified\":\"2024-08-02T09:16:55+00:00\",\"description\":\"Vi-Pro Primer 135 este un grund negru cu aderen\u021b\u0103 \u00eentr-o singur\u0103 etap\u0103, conceput special pentru a \u00eembun\u0103t\u0103\u021bi aderen\u021ba la multe materiale de construc\u021bie.\",\"breadcrumb\":{\"@id\":\"https:\/\/proventuss.eu\/ro\/produkt\/vi-pro-primer-135\/#breadcrumb\"},\"inLanguage\":\"ro-RO\",\"potentialAction\":[{\"@type\":\"ReadAction\",\"target\":[\"https:\/\/proventuss.eu\/ro\/produkt\/vi-pro-primer-135\/\"]}]},{\"@type\":\"ImageObject\",\"inLanguage\":\"ro-RO\",\"@id\":\"https:\/\/proventuss.eu\/ro\/produkt\/vi-pro-primer-135\/#primaryimage\",\"url\":\"https:\/\/proventuss.eu\/wp-content\/uploads\/2023\/08\/Vi-Pro-Primer-135m.jpg\",\"contentUrl\":\"https:\/\/proventuss.eu\/wp-content\/uploads\/2023\/08\/Vi-Pro-Primer-135m.jpg\",\"width\":636,\"height\":1059,\"caption\":\"Na zdj\u0119ciu jednoetapowy czarny podk\u0142ad zwi\u0119kszaj\u0105cy przyczepno\u015b\u0107 Vi-Pro Primer 135 zaprojektowany specjalnie do poprawy adhezji dla wielu materia\u0142\u00f3w budowlanych.\"},{\"@type\":\"BreadcrumbList\",\"@id\":\"https:\/\/proventuss.eu\/ro\/produkt\/vi-pro-primer-135\/#breadcrumb\",\"itemListElement\":[{\"@type\":\"ListItem\",\"position\":1,\"name\":\"Home\",\"item\":\"https:\/\/proventuss.eu\/ro\/\"},{\"@type\":\"ListItem\",\"position\":2,\"name\":\"Produse\",\"item\":\"https:\/\/proventuss.eu\/produse\/\"},{\"@type\":\"ListItem\",\"position\":3,\"name\":\"Vi-Pro Primer 135\"}]},{\"@type\":\"WebSite\",\"@id\":\"https:\/\/proventuss.eu\/#website\",\"url\":\"https:\/\/proventuss.eu\/\",\"name\":\"Proventuss\",\"description\":\"\",\"potentialAction\":[{\"@type\":\"SearchAction\",\"target\":{\"@type\":\"EntryPoint\",\"urlTemplate\":\"https:\/\/proventuss.eu\/?s={search_term_string}\"},\"query-input\":\"required name=search_term_string\"}],\"inLanguage\":\"ro-RO\"}]}<\/script>\n<!-- \/ Yoast SEO plugin. -->","yoast_head_json":{"title":"Vi-Pro Primer 135 - Proventuss","description":"Vi-Pro Primer 135 este un grund negru cu aderen\u021b\u0103 \u00eentr-o singur\u0103 etap\u0103, conceput special pentru a \u00eembun\u0103t\u0103\u021bi aderen\u021ba la multe materiale de construc\u021bie.","robots":{"index":"index","follow":"follow","max-snippet":"max-snippet:-1","max-image-preview":"max-image-preview:large","max-video-preview":"max-video-preview:-1"},"canonical":"https:\/\/proventuss.eu\/ro\/produkt\/vi-pro-primer-135\/","og_locale":"ro_RO","og_type":"article","og_title":"Vi-Pro Primer 135 - Proventuss","og_description":"Vi-Pro Primer 135 este un grund negru cu aderen\u021b\u0103 \u00eentr-o singur\u0103 etap\u0103, conceput special pentru a \u00eembun\u0103t\u0103\u021bi aderen\u021ba la multe materiale de construc\u021bie.","og_url":"https:\/\/proventuss.eu\/ro\/produkt\/vi-pro-primer-135\/","og_site_name":"Proventuss","article_modified_time":"2024-08-02T09:16:55+00:00","og_image":[{"width":636,"height":1059,"url":"https:\/\/proventuss.eu\/wp-content\/uploads\/2023\/08\/Vi-Pro-Primer-135m.jpg","type":"image\/jpeg"}],"twitter_card":"summary_large_image","twitter_misc":{"Timp estimat pentru citire":"1 minut"},"schema":{"@context":"https:\/\/schema.org","@graph":[{"@type":"WebPage","@id":"https:\/\/proventuss.eu\/ro\/produkt\/vi-pro-primer-135\/","url":"https:\/\/proventuss.eu\/ro\/produkt\/vi-pro-primer-135\/","name":"Vi-Pro Primer 135 - Proventuss","isPartOf":{"@id":"https:\/\/proventuss.eu\/#website"},"primaryImageOfPage":{"@id":"https:\/\/proventuss.eu\/ro\/produkt\/vi-pro-primer-135\/#primaryimage"},"image":{"@id":"https:\/\/proventuss.eu\/ro\/produkt\/vi-pro-primer-135\/#primaryimage"},"thumbnailUrl":"https:\/\/proventuss.eu\/wp-content\/uploads\/2023\/08\/Vi-Pro-Primer-135m.jpg","datePublished":"2023-08-29T09:54:12+00:00","dateModified":"2024-08-02T09:16:55+00:00","description":"Vi-Pro Primer 135 este un grund negru cu aderen\u021b\u0103 \u00eentr-o singur\u0103 etap\u0103, conceput special pentru a \u00eembun\u0103t\u0103\u021bi aderen\u021ba la multe materiale de construc\u021bie.","breadcrumb":{"@id":"https:\/\/proventuss.eu\/ro\/produkt\/vi-pro-primer-135\/#breadcrumb"},"inLanguage":"ro-RO","potentialAction":[{"@type":"ReadAction","target":["https:\/\/proventuss.eu\/ro\/produkt\/vi-pro-primer-135\/"]}]},{"@type":"ImageObject","inLanguage":"ro-RO","@id":"https:\/\/proventuss.eu\/ro\/produkt\/vi-pro-primer-135\/#primaryimage","url":"https:\/\/proventuss.eu\/wp-content\/uploads\/2023\/08\/Vi-Pro-Primer-135m.jpg","contentUrl":"https:\/\/proventuss.eu\/wp-content\/uploads\/2023\/08\/Vi-Pro-Primer-135m.jpg","width":636,"height":1059,"caption":"Na zdj\u0119ciu jednoetapowy czarny podk\u0142ad zwi\u0119kszaj\u0105cy przyczepno\u015b\u0107 Vi-Pro Primer 135 zaprojektowany specjalnie do poprawy adhezji dla wielu materia\u0142\u00f3w budowlanych."},{"@type":"BreadcrumbList","@id":"https:\/\/proventuss.eu\/ro\/produkt\/vi-pro-primer-135\/#breadcrumb","itemListElement":[{"@type":"ListItem","position":1,"name":"Home","item":"https:\/\/proventuss.eu\/ro\/"},{"@type":"ListItem","position":2,"name":"Produse","item":"https:\/\/proventuss.eu\/produse\/"},{"@type":"ListItem","position":3,"name":"Vi-Pro Primer 135"}]},{"@type":"WebSite","@id":"https:\/\/proventuss.eu\/#website","url":"https:\/\/proventuss.eu\/","name":"Proventuss","description":"","potentialAction":[{"@type":"SearchAction","target":{"@type":"EntryPoint","urlTemplate":"https:\/\/proventuss.eu\/?s={search_term_string}"},"query-input":"required name=search_term_string"}],"inLanguage":"ro-RO"}]}},"_links":{"self":[{"href":"https:\/\/proventuss.eu\/ro\/wp-json\/wp\/v2\/product\/17136"}],"collection":[{"href":"https:\/\/proventuss.eu\/ro\/wp-json\/wp\/v2\/product"}],"about":[{"href":"https:\/\/proventuss.eu\/ro\/wp-json\/wp\/v2\/types\/product"}],"replies":[{"embeddable":true,"href":"https:\/\/proventuss.eu\/ro\/wp-json\/wp\/v2\/comments?post=17136"}],"wp:featuredmedia":[{"embeddable":true,"href":"https:\/\/proventuss.eu\/ro\/wp-json\/wp\/v2\/media\/13711"}],"wp:attachment":[{"href":"https:\/\/proventuss.eu\/ro\/wp-json\/wp\/v2\/media?parent=17136"}],"wp:term":[{"taxonomy":"product_cat","embeddable":true,"href":"https:\/\/proventuss.eu\/ro\/wp-json\/wp\/v2\/product_cat?post=17136"},{"taxonomy":"product_tag","embeddable":true,"href":"https:\/\/proventuss.eu\/ro\/wp-json\/wp\/v2\/product_tag?post=17136"}],"curies":[{"name":"wp","href":"https:\/\/api.w.org\/{rel}","templated":true}]}}