{"id":16718,"date":"2024-06-28T12:59:19","date_gmt":"2024-06-28T12:59:19","guid":{"rendered":"https:\/\/proventuss.eu\/produkt\/dupont-great-stuff-pro-all-seasons\/"},"modified":"2024-11-27T08:16:09","modified_gmt":"2024-11-27T08:16:09","slug":"dupont-great-stuff-pro-all-seasons","status":"publish","type":"product","link":"https:\/\/proventuss.eu\/ro\/produs\/dupont-great-stuff-pro-all-seasons\/","title":{"rendered":"DuPont\u2122 Great Stuff Pro All Seasons"},"content":{"rendered":"<p>Great Stuff\u2122 Pro All Seasons este o spum\u0103 de etan\u0219are poliuretanic\u0103, monocomponent\u0103, \u00eent\u0103rit\u0103 la umiditate, conceput\u0103 pentru utilizare \u00een toate condi\u021biile meteorologice, inclusiv la temperaturi sc\u0103zute \u0219i condi\u021bii meteorologice extreme.<\/p>\n<p>Ader\u0103 la cele mai comune materiale de construc\u021bie, inclusiv lemn, beton, gips-carton \u0219i materiale plastice, cu excep\u021bia suprafe\u021belor netede din polietilen\u0103, silicon, ulei \u0219i gr\u0103sime sau substraturi similare.<\/p>\n<p>AVANTAJE:<\/p>\n<ul>\n<li>Poate fi folosit la temperaturi de la -10\u00b0C p\u00e2n\u0103 la +35\u00b0C.<\/li>\n<li>Propriet\u0103\u021bi excelente de izolare termic\u0103.<\/li>\n<li>Este rezistent la temperaturi de la -55\u00b0C pana la +80\u00b0C.<\/li>\n<li>Joas\u0103 presiune.<\/li>\n<\/ul>\n<p>Spuma DuPont Great Stuff\u2122 Pro All Seasons cu expansiune redus\u0103 este ideal\u0103 pentru instalarea ferestrelor \u0219i u\u0219ilor din PVC, lemn \u0219i aluminiu. Poate fi folosit \u0219i pentru a umple g\u0103urile, golurile \u0219i ad\u00e2nciturile din diferite materiale de construc\u021bie.<\/p>\n","protected":false},"excerpt":{"rendered":"<p>Great Stuff\u2122 Pro All Seasons este o spum\u0103 de etan\u0219are poliuretanic\u0103, monocomponent\u0103, \u00eent\u0103rit\u0103 la umiditate, conceput\u0103 pentru utilizare \u00een toate condi\u021biile meteorologice, inclusiv la temperaturi sc\u0103zute \u0219i condi\u021bii meteorologice extreme. Ader\u0103 la cele mai comune materiale de construc\u021bie, inclusiv lemn, beton, gips-carton \u0219i materiale plastice, cu excep\u021bia suprafe\u021belor netede din polietilen\u0103, silicon, ulei \u0219i gr\u0103sime [&hellip;]<\/p>\n","protected":false},"featured_media":17268,"comment_status":"open","ping_status":"closed","template":"","meta":{"_acf_changed":false},"product_cat":[417,423],"product_tag":[],"acf":[],"yoast_head":"<!-- This site is optimized with the Yoast SEO plugin v22.9 - https:\/\/yoast.com\/wordpress\/plugins\/seo\/ -->\n<title>DuPont\u2122 Great Stuff Pro All Seasons - Proventuss<\/title>\n<meta name=\"robots\" content=\"index, follow, max-snippet:-1, max-image-preview:large, max-video-preview:-1\" \/>\n<link rel=\"canonical\" href=\"https:\/\/proventuss.eu\/ro\/produkt\/dupont-great-stuff-pro-all-seasons\/\" \/>\n<meta property=\"og:locale\" content=\"ro_RO\" \/>\n<meta property=\"og:type\" content=\"article\" \/>\n<meta property=\"og:title\" content=\"DuPont\u2122 Great Stuff Pro All Seasons - Proventuss\" \/>\n<meta property=\"og:description\" content=\"Great Stuff\u2122 Pro All Seasons este o spum\u0103 de etan\u0219are poliuretanic\u0103, monocomponent\u0103, \u00eent\u0103rit\u0103 la umiditate, conceput\u0103 pentru utilizare \u00een toate condi\u021biile meteorologice, inclusiv la temperaturi sc\u0103zute \u0219i condi\u021bii meteorologice extreme. Ader\u0103 la cele mai comune materiale de construc\u021bie, inclusiv lemn, beton, gips-carton \u0219i materiale plastice, cu excep\u021bia suprafe\u021belor netede din polietilen\u0103, silicon, ulei \u0219i gr\u0103sime [&hellip;]\" \/>\n<meta property=\"og:url\" content=\"https:\/\/proventuss.eu\/ro\/produkt\/dupont-great-stuff-pro-all-seasons\/\" \/>\n<meta property=\"og:site_name\" content=\"Proventuss\" \/>\n<meta property=\"article:modified_time\" content=\"2024-11-27T08:16:09+00:00\" \/>\n<meta property=\"og:image\" content=\"https:\/\/proventuss.eu\/wp-content\/uploads\/2024\/06\/MG_7486a-scaled-e1723199826161.jpg\" \/>\n\t<meta property=\"og:image:width\" content=\"2133\" \/>\n\t<meta property=\"og:image:height\" content=\"2560\" \/>\n\t<meta property=\"og:image:type\" content=\"image\/jpeg\" \/>\n<meta name=\"twitter:card\" content=\"summary_large_image\" \/>\n<meta name=\"twitter:label1\" content=\"Timp estimat pentru citire\" \/>\n\t<meta name=\"twitter:data1\" content=\"1 minut\" \/>\n<script type=\"application\/ld+json\" class=\"yoast-schema-graph\">{\"@context\":\"https:\/\/schema.org\",\"@graph\":[{\"@type\":\"WebPage\",\"@id\":\"https:\/\/proventuss.eu\/ro\/produkt\/dupont-great-stuff-pro-all-seasons\/\",\"url\":\"https:\/\/proventuss.eu\/ro\/produkt\/dupont-great-stuff-pro-all-seasons\/\",\"name\":\"DuPont\u2122 Great Stuff Pro All Seasons - Proventuss\",\"isPartOf\":{\"@id\":\"https:\/\/proventuss.eu\/#website\"},\"primaryImageOfPage\":{\"@id\":\"https:\/\/proventuss.eu\/ro\/produkt\/dupont-great-stuff-pro-all-seasons\/#primaryimage\"},\"image\":{\"@id\":\"https:\/\/proventuss.eu\/ro\/produkt\/dupont-great-stuff-pro-all-seasons\/#primaryimage\"},\"thumbnailUrl\":\"https:\/\/proventuss.eu\/wp-content\/uploads\/2024\/06\/MG_7486a-scaled-e1723199826161.jpg\",\"datePublished\":\"2024-06-28T12:59:19+00:00\",\"dateModified\":\"2024-11-27T08:16:09+00:00\",\"breadcrumb\":{\"@id\":\"https:\/\/proventuss.eu\/ro\/produkt\/dupont-great-stuff-pro-all-seasons\/#breadcrumb\"},\"inLanguage\":\"ro-RO\",\"potentialAction\":[{\"@type\":\"ReadAction\",\"target\":[\"https:\/\/proventuss.eu\/ro\/produkt\/dupont-great-stuff-pro-all-seasons\/\"]}]},{\"@type\":\"ImageObject\",\"inLanguage\":\"ro-RO\",\"@id\":\"https:\/\/proventuss.eu\/ro\/produkt\/dupont-great-stuff-pro-all-seasons\/#primaryimage\",\"url\":\"https:\/\/proventuss.eu\/wp-content\/uploads\/2024\/06\/MG_7486a-scaled-e1723199826161.jpg\",\"contentUrl\":\"https:\/\/proventuss.eu\/wp-content\/uploads\/2024\/06\/MG_7486a-scaled-e1723199826161.jpg\",\"width\":2133,\"height\":2560,\"caption\":\"Na zdj\u0119ciu piana DuPont\"},{\"@type\":\"BreadcrumbList\",\"@id\":\"https:\/\/proventuss.eu\/ro\/produkt\/dupont-great-stuff-pro-all-seasons\/#breadcrumb\",\"itemListElement\":[{\"@type\":\"ListItem\",\"position\":1,\"name\":\"Home\",\"item\":\"https:\/\/proventuss.eu\/ro\/\"},{\"@type\":\"ListItem\",\"position\":2,\"name\":\"Produse\",\"item\":\"https:\/\/proventuss.eu\/produse\/\"},{\"@type\":\"ListItem\",\"position\":3,\"name\":\"DuPont\u2122 Great Stuff Pro All Seasons\"}]},{\"@type\":\"WebSite\",\"@id\":\"https:\/\/proventuss.eu\/#website\",\"url\":\"https:\/\/proventuss.eu\/\",\"name\":\"Proventuss\",\"description\":\"\",\"potentialAction\":[{\"@type\":\"SearchAction\",\"target\":{\"@type\":\"EntryPoint\",\"urlTemplate\":\"https:\/\/proventuss.eu\/?s={search_term_string}\"},\"query-input\":\"required name=search_term_string\"}],\"inLanguage\":\"ro-RO\"}]}<\/script>\n<!-- \/ Yoast SEO plugin. -->","yoast_head_json":{"title":"DuPont\u2122 Great Stuff Pro All Seasons - Proventuss","robots":{"index":"index","follow":"follow","max-snippet":"max-snippet:-1","max-image-preview":"max-image-preview:large","max-video-preview":"max-video-preview:-1"},"canonical":"https:\/\/proventuss.eu\/ro\/produkt\/dupont-great-stuff-pro-all-seasons\/","og_locale":"ro_RO","og_type":"article","og_title":"DuPont\u2122 Great Stuff Pro All Seasons - Proventuss","og_description":"Great Stuff\u2122 Pro All Seasons este o spum\u0103 de etan\u0219are poliuretanic\u0103, monocomponent\u0103, \u00eent\u0103rit\u0103 la umiditate, conceput\u0103 pentru utilizare \u00een toate condi\u021biile meteorologice, inclusiv la temperaturi sc\u0103zute \u0219i condi\u021bii meteorologice extreme. Ader\u0103 la cele mai comune materiale de construc\u021bie, inclusiv lemn, beton, gips-carton \u0219i materiale plastice, cu excep\u021bia suprafe\u021belor netede din polietilen\u0103, silicon, ulei \u0219i gr\u0103sime [&hellip;]","og_url":"https:\/\/proventuss.eu\/ro\/produkt\/dupont-great-stuff-pro-all-seasons\/","og_site_name":"Proventuss","article_modified_time":"2024-11-27T08:16:09+00:00","og_image":[{"width":2133,"height":2560,"url":"https:\/\/proventuss.eu\/wp-content\/uploads\/2024\/06\/MG_7486a-scaled-e1723199826161.jpg","type":"image\/jpeg"}],"twitter_card":"summary_large_image","twitter_misc":{"Timp estimat pentru citire":"1 minut"},"schema":{"@context":"https:\/\/schema.org","@graph":[{"@type":"WebPage","@id":"https:\/\/proventuss.eu\/ro\/produkt\/dupont-great-stuff-pro-all-seasons\/","url":"https:\/\/proventuss.eu\/ro\/produkt\/dupont-great-stuff-pro-all-seasons\/","name":"DuPont\u2122 Great Stuff Pro All Seasons - Proventuss","isPartOf":{"@id":"https:\/\/proventuss.eu\/#website"},"primaryImageOfPage":{"@id":"https:\/\/proventuss.eu\/ro\/produkt\/dupont-great-stuff-pro-all-seasons\/#primaryimage"},"image":{"@id":"https:\/\/proventuss.eu\/ro\/produkt\/dupont-great-stuff-pro-all-seasons\/#primaryimage"},"thumbnailUrl":"https:\/\/proventuss.eu\/wp-content\/uploads\/2024\/06\/MG_7486a-scaled-e1723199826161.jpg","datePublished":"2024-06-28T12:59:19+00:00","dateModified":"2024-11-27T08:16:09+00:00","breadcrumb":{"@id":"https:\/\/proventuss.eu\/ro\/produkt\/dupont-great-stuff-pro-all-seasons\/#breadcrumb"},"inLanguage":"ro-RO","potentialAction":[{"@type":"ReadAction","target":["https:\/\/proventuss.eu\/ro\/produkt\/dupont-great-stuff-pro-all-seasons\/"]}]},{"@type":"ImageObject","inLanguage":"ro-RO","@id":"https:\/\/proventuss.eu\/ro\/produkt\/dupont-great-stuff-pro-all-seasons\/#primaryimage","url":"https:\/\/proventuss.eu\/wp-content\/uploads\/2024\/06\/MG_7486a-scaled-e1723199826161.jpg","contentUrl":"https:\/\/proventuss.eu\/wp-content\/uploads\/2024\/06\/MG_7486a-scaled-e1723199826161.jpg","width":2133,"height":2560,"caption":"Na zdj\u0119ciu piana DuPont"},{"@type":"BreadcrumbList","@id":"https:\/\/proventuss.eu\/ro\/produkt\/dupont-great-stuff-pro-all-seasons\/#breadcrumb","itemListElement":[{"@type":"ListItem","position":1,"name":"Home","item":"https:\/\/proventuss.eu\/ro\/"},{"@type":"ListItem","position":2,"name":"Produse","item":"https:\/\/proventuss.eu\/produse\/"},{"@type":"ListItem","position":3,"name":"DuPont\u2122 Great Stuff Pro All Seasons"}]},{"@type":"WebSite","@id":"https:\/\/proventuss.eu\/#website","url":"https:\/\/proventuss.eu\/","name":"Proventuss","description":"","potentialAction":[{"@type":"SearchAction","target":{"@type":"EntryPoint","urlTemplate":"https:\/\/proventuss.eu\/?s={search_term_string}"},"query-input":"required name=search_term_string"}],"inLanguage":"ro-RO"}]}},"_links":{"self":[{"href":"https:\/\/proventuss.eu\/ro\/wp-json\/wp\/v2\/product\/16718"}],"collection":[{"href":"https:\/\/proventuss.eu\/ro\/wp-json\/wp\/v2\/product"}],"about":[{"href":"https:\/\/proventuss.eu\/ro\/wp-json\/wp\/v2\/types\/product"}],"replies":[{"embeddable":true,"href":"https:\/\/proventuss.eu\/ro\/wp-json\/wp\/v2\/comments?post=16718"}],"wp:featuredmedia":[{"embeddable":true,"href":"https:\/\/proventuss.eu\/ro\/wp-json\/wp\/v2\/media\/17268"}],"wp:attachment":[{"href":"https:\/\/proventuss.eu\/ro\/wp-json\/wp\/v2\/media?parent=16718"}],"wp:term":[{"taxonomy":"product_cat","embeddable":true,"href":"https:\/\/proventuss.eu\/ro\/wp-json\/wp\/v2\/product_cat?post=16718"},{"taxonomy":"product_tag","embeddable":true,"href":"https:\/\/proventuss.eu\/ro\/wp-json\/wp\/v2\/product_tag?post=16718"}],"curies":[{"name":"wp","href":"https:\/\/api.w.org\/{rel}","templated":true}]}}