{"id":15752,"date":"2024-05-10T13:17:06","date_gmt":"2024-05-10T13:17:06","guid":{"rendered":"https:\/\/proventuss.eu\/produkt\/vi-pro-mma-2k-high-performance-adhesive\/"},"modified":"2024-10-09T11:21:14","modified_gmt":"2024-10-09T11:21:14","slug":"vi-pro-mma-2k-high-performance-adhesive","status":"publish","type":"product","link":"https:\/\/proventuss.eu\/ro\/produs\/vi-pro-mma-2k-high-performance-adhesive\/","title":{"rendered":"Vi-Pro\u00ae MMA 2K HIGH PERFORMANCE ADHESIVE"},"content":{"rendered":"<p>Vi-Pro\u00ae MMA 2K HIGH PERFORMANCE ADEZIVE este un sistem adeziv structural MMA cu dou\u0103 componente, de \u00eenalt\u0103 rezisten\u021b\u0103, cu \u00eent\u0103rire rapid\u0103, conceput pentru a oferi o rezisten\u021b\u0103 ridicat\u0103 a aderen\u021bei \u0219i rezisten\u021b\u0103 la oboseal\u0103.<\/p>\n<p>Este potrivit at\u00e2t pentru umplerea golurilor, c\u00e2t \u0219i pentru aplica\u021bii pe suprafe\u021be verticale, oferind \u00een acela\u0219i timp un grad de flexibilitate. Pentru lipire, printre altele: termoplastice, dar \u0219i aderen\u021b\u0103 excelent\u0103 la compozite \u0219i multe metale, \u00een cele mai multe cazuri f\u0103r\u0103 grund.<\/p>\n<p>Vi-Pro\u00ae MMA 2K este potrivit pentru utilizare pe substraturi precum: o\u021bel carbon, stiren, gelcoats de o\u021bel, poliesteri, FRP, nailon, PPO, FRT, ABS, lemn, aluminiu, PBT, o\u021bel inoxidabil, fibr\u0103 de sticl\u0103 etc.<\/p>\n","protected":false},"excerpt":{"rendered":"<p>Vi-Pro\u00ae MMA 2K HIGH PERFORMANCE ADEZIVE este un sistem adeziv structural MMA cu dou\u0103 componente, de \u00eenalt\u0103 rezisten\u021b\u0103, cu \u00eent\u0103rire rapid\u0103, conceput pentru a oferi o rezisten\u021b\u0103 ridicat\u0103 a aderen\u021bei \u0219i rezisten\u021b\u0103 la oboseal\u0103. Este potrivit at\u00e2t pentru umplerea golurilor, c\u00e2t \u0219i pentru aplica\u021bii pe suprafe\u021be verticale, oferind \u00een acela\u0219i timp un grad de flexibilitate. [&hellip;]<\/p>\n","protected":false},"featured_media":15746,"comment_status":"open","ping_status":"closed","template":"","meta":{"_acf_changed":false},"product_cat":[417],"product_tag":[],"acf":[],"yoast_head":"<!-- This site is optimized with the Yoast SEO plugin v22.9 - https:\/\/yoast.com\/wordpress\/plugins\/seo\/ -->\n<title>Vi-Pro\u00ae MMA 2K HIGH PERFORMANCE ADHESIVE - Proventuss<\/title>\n<meta name=\"robots\" content=\"index, follow, max-snippet:-1, max-image-preview:large, max-video-preview:-1\" \/>\n<link rel=\"canonical\" href=\"https:\/\/proventuss.eu\/ro\/produkt\/vi-pro-mma-2k-high-performance-adhesive\/\" \/>\n<meta property=\"og:locale\" content=\"ro_RO\" \/>\n<meta property=\"og:type\" content=\"article\" \/>\n<meta property=\"og:title\" content=\"Vi-Pro\u00ae MMA 2K HIGH PERFORMANCE ADHESIVE - Proventuss\" \/>\n<meta property=\"og:description\" content=\"Vi-Pro\u00ae MMA 2K HIGH PERFORMANCE ADEZIVE este un sistem adeziv structural MMA cu dou\u0103 componente, de \u00eenalt\u0103 rezisten\u021b\u0103, cu \u00eent\u0103rire rapid\u0103, conceput pentru a oferi o rezisten\u021b\u0103 ridicat\u0103 a aderen\u021bei \u0219i rezisten\u021b\u0103 la oboseal\u0103. Este potrivit at\u00e2t pentru umplerea golurilor, c\u00e2t \u0219i pentru aplica\u021bii pe suprafe\u021be verticale, oferind \u00een acela\u0219i timp un grad de flexibilitate. [&hellip;]\" \/>\n<meta property=\"og:url\" content=\"https:\/\/proventuss.eu\/ro\/produkt\/vi-pro-mma-2k-high-performance-adhesive\/\" \/>\n<meta property=\"og:site_name\" content=\"Proventuss\" \/>\n<meta property=\"article:modified_time\" content=\"2024-10-09T11:21:14+00:00\" \/>\n<meta property=\"og:image\" content=\"https:\/\/proventuss.eu\/wp-content\/uploads\/2024\/05\/MG_7383m.jpg\" \/>\n\t<meta property=\"og:image:width\" content=\"308\" \/>\n\t<meta property=\"og:image:height\" content=\"1000\" \/>\n\t<meta property=\"og:image:type\" content=\"image\/jpeg\" \/>\n<meta name=\"twitter:card\" content=\"summary_large_image\" \/>\n<meta name=\"twitter:label1\" content=\"Timp estimat pentru citire\" \/>\n\t<meta name=\"twitter:data1\" content=\"1 minut\" \/>\n<script type=\"application\/ld+json\" class=\"yoast-schema-graph\">{\"@context\":\"https:\/\/schema.org\",\"@graph\":[{\"@type\":\"WebPage\",\"@id\":\"https:\/\/proventuss.eu\/ro\/produkt\/vi-pro-mma-2k-high-performance-adhesive\/\",\"url\":\"https:\/\/proventuss.eu\/ro\/produkt\/vi-pro-mma-2k-high-performance-adhesive\/\",\"name\":\"Vi-Pro\u00ae MMA 2K HIGH PERFORMANCE ADHESIVE - Proventuss\",\"isPartOf\":{\"@id\":\"https:\/\/proventuss.eu\/#website\"},\"primaryImageOfPage\":{\"@id\":\"https:\/\/proventuss.eu\/ro\/produkt\/vi-pro-mma-2k-high-performance-adhesive\/#primaryimage\"},\"image\":{\"@id\":\"https:\/\/proventuss.eu\/ro\/produkt\/vi-pro-mma-2k-high-performance-adhesive\/#primaryimage\"},\"thumbnailUrl\":\"https:\/\/proventuss.eu\/wp-content\/uploads\/2024\/05\/MG_7383m.jpg\",\"datePublished\":\"2024-05-10T13:17:06+00:00\",\"dateModified\":\"2024-10-09T11:21:14+00:00\",\"breadcrumb\":{\"@id\":\"https:\/\/proventuss.eu\/ro\/produkt\/vi-pro-mma-2k-high-performance-adhesive\/#breadcrumb\"},\"inLanguage\":\"ro-RO\",\"potentialAction\":[{\"@type\":\"ReadAction\",\"target\":[\"https:\/\/proventuss.eu\/ro\/produkt\/vi-pro-mma-2k-high-performance-adhesive\/\"]}]},{\"@type\":\"ImageObject\",\"inLanguage\":\"ro-RO\",\"@id\":\"https:\/\/proventuss.eu\/ro\/produkt\/vi-pro-mma-2k-high-performance-adhesive\/#primaryimage\",\"url\":\"https:\/\/proventuss.eu\/wp-content\/uploads\/2024\/05\/MG_7383m.jpg\",\"contentUrl\":\"https:\/\/proventuss.eu\/wp-content\/uploads\/2024\/05\/MG_7383m.jpg\",\"width\":308,\"height\":1000,\"caption\":\"Na zdj\u0119ciu wysokowytrzyma\u0142y, szybko utwardzaj\u0105cy si\u0119 dwusk\u0142adnikowy system kleju strukturalnego MMA do klejenia m.in. tworzyw termoplastycznych.\"},{\"@type\":\"BreadcrumbList\",\"@id\":\"https:\/\/proventuss.eu\/ro\/produkt\/vi-pro-mma-2k-high-performance-adhesive\/#breadcrumb\",\"itemListElement\":[{\"@type\":\"ListItem\",\"position\":1,\"name\":\"Home\",\"item\":\"https:\/\/proventuss.eu\/ro\/\"},{\"@type\":\"ListItem\",\"position\":2,\"name\":\"Produse\",\"item\":\"https:\/\/proventuss.eu\/produse\/\"},{\"@type\":\"ListItem\",\"position\":3,\"name\":\"Vi-Pro\u00ae MMA 2K HIGH PERFORMANCE ADHESIVE\"}]},{\"@type\":\"WebSite\",\"@id\":\"https:\/\/proventuss.eu\/#website\",\"url\":\"https:\/\/proventuss.eu\/\",\"name\":\"Proventuss\",\"description\":\"\",\"potentialAction\":[{\"@type\":\"SearchAction\",\"target\":{\"@type\":\"EntryPoint\",\"urlTemplate\":\"https:\/\/proventuss.eu\/?s={search_term_string}\"},\"query-input\":\"required name=search_term_string\"}],\"inLanguage\":\"ro-RO\"}]}<\/script>\n<!-- \/ Yoast SEO plugin. -->","yoast_head_json":{"title":"Vi-Pro\u00ae MMA 2K HIGH PERFORMANCE ADHESIVE - Proventuss","robots":{"index":"index","follow":"follow","max-snippet":"max-snippet:-1","max-image-preview":"max-image-preview:large","max-video-preview":"max-video-preview:-1"},"canonical":"https:\/\/proventuss.eu\/ro\/produkt\/vi-pro-mma-2k-high-performance-adhesive\/","og_locale":"ro_RO","og_type":"article","og_title":"Vi-Pro\u00ae MMA 2K HIGH PERFORMANCE ADHESIVE - Proventuss","og_description":"Vi-Pro\u00ae MMA 2K HIGH PERFORMANCE ADEZIVE este un sistem adeziv structural MMA cu dou\u0103 componente, de \u00eenalt\u0103 rezisten\u021b\u0103, cu \u00eent\u0103rire rapid\u0103, conceput pentru a oferi o rezisten\u021b\u0103 ridicat\u0103 a aderen\u021bei \u0219i rezisten\u021b\u0103 la oboseal\u0103. Este potrivit at\u00e2t pentru umplerea golurilor, c\u00e2t \u0219i pentru aplica\u021bii pe suprafe\u021be verticale, oferind \u00een acela\u0219i timp un grad de flexibilitate. [&hellip;]","og_url":"https:\/\/proventuss.eu\/ro\/produkt\/vi-pro-mma-2k-high-performance-adhesive\/","og_site_name":"Proventuss","article_modified_time":"2024-10-09T11:21:14+00:00","og_image":[{"width":308,"height":1000,"url":"https:\/\/proventuss.eu\/wp-content\/uploads\/2024\/05\/MG_7383m.jpg","type":"image\/jpeg"}],"twitter_card":"summary_large_image","twitter_misc":{"Timp estimat pentru citire":"1 minut"},"schema":{"@context":"https:\/\/schema.org","@graph":[{"@type":"WebPage","@id":"https:\/\/proventuss.eu\/ro\/produkt\/vi-pro-mma-2k-high-performance-adhesive\/","url":"https:\/\/proventuss.eu\/ro\/produkt\/vi-pro-mma-2k-high-performance-adhesive\/","name":"Vi-Pro\u00ae MMA 2K HIGH PERFORMANCE ADHESIVE - Proventuss","isPartOf":{"@id":"https:\/\/proventuss.eu\/#website"},"primaryImageOfPage":{"@id":"https:\/\/proventuss.eu\/ro\/produkt\/vi-pro-mma-2k-high-performance-adhesive\/#primaryimage"},"image":{"@id":"https:\/\/proventuss.eu\/ro\/produkt\/vi-pro-mma-2k-high-performance-adhesive\/#primaryimage"},"thumbnailUrl":"https:\/\/proventuss.eu\/wp-content\/uploads\/2024\/05\/MG_7383m.jpg","datePublished":"2024-05-10T13:17:06+00:00","dateModified":"2024-10-09T11:21:14+00:00","breadcrumb":{"@id":"https:\/\/proventuss.eu\/ro\/produkt\/vi-pro-mma-2k-high-performance-adhesive\/#breadcrumb"},"inLanguage":"ro-RO","potentialAction":[{"@type":"ReadAction","target":["https:\/\/proventuss.eu\/ro\/produkt\/vi-pro-mma-2k-high-performance-adhesive\/"]}]},{"@type":"ImageObject","inLanguage":"ro-RO","@id":"https:\/\/proventuss.eu\/ro\/produkt\/vi-pro-mma-2k-high-performance-adhesive\/#primaryimage","url":"https:\/\/proventuss.eu\/wp-content\/uploads\/2024\/05\/MG_7383m.jpg","contentUrl":"https:\/\/proventuss.eu\/wp-content\/uploads\/2024\/05\/MG_7383m.jpg","width":308,"height":1000,"caption":"Na zdj\u0119ciu wysokowytrzyma\u0142y, szybko utwardzaj\u0105cy si\u0119 dwusk\u0142adnikowy system kleju strukturalnego MMA do klejenia m.in. tworzyw termoplastycznych."},{"@type":"BreadcrumbList","@id":"https:\/\/proventuss.eu\/ro\/produkt\/vi-pro-mma-2k-high-performance-adhesive\/#breadcrumb","itemListElement":[{"@type":"ListItem","position":1,"name":"Home","item":"https:\/\/proventuss.eu\/ro\/"},{"@type":"ListItem","position":2,"name":"Produse","item":"https:\/\/proventuss.eu\/produse\/"},{"@type":"ListItem","position":3,"name":"Vi-Pro\u00ae MMA 2K HIGH PERFORMANCE ADHESIVE"}]},{"@type":"WebSite","@id":"https:\/\/proventuss.eu\/#website","url":"https:\/\/proventuss.eu\/","name":"Proventuss","description":"","potentialAction":[{"@type":"SearchAction","target":{"@type":"EntryPoint","urlTemplate":"https:\/\/proventuss.eu\/?s={search_term_string}"},"query-input":"required name=search_term_string"}],"inLanguage":"ro-RO"}]}},"_links":{"self":[{"href":"https:\/\/proventuss.eu\/ro\/wp-json\/wp\/v2\/product\/15752"}],"collection":[{"href":"https:\/\/proventuss.eu\/ro\/wp-json\/wp\/v2\/product"}],"about":[{"href":"https:\/\/proventuss.eu\/ro\/wp-json\/wp\/v2\/types\/product"}],"replies":[{"embeddable":true,"href":"https:\/\/proventuss.eu\/ro\/wp-json\/wp\/v2\/comments?post=15752"}],"wp:featuredmedia":[{"embeddable":true,"href":"https:\/\/proventuss.eu\/ro\/wp-json\/wp\/v2\/media\/15746"}],"wp:attachment":[{"href":"https:\/\/proventuss.eu\/ro\/wp-json\/wp\/v2\/media?parent=15752"}],"wp:term":[{"taxonomy":"product_cat","embeddable":true,"href":"https:\/\/proventuss.eu\/ro\/wp-json\/wp\/v2\/product_cat?post=15752"},{"taxonomy":"product_tag","embeddable":true,"href":"https:\/\/proventuss.eu\/ro\/wp-json\/wp\/v2\/product_tag?post=15752"}],"curies":[{"name":"wp","href":"https:\/\/api.w.org\/{rel}","templated":true}]}}