{"id":15730,"date":"2024-05-10T13:01:10","date_gmt":"2024-05-10T13:01:10","guid":{"rendered":"https:\/\/proventuss.eu\/produkt\/vi-pro-pu-2k-polyurethane-adhesive\/"},"modified":"2024-11-04T11:55:08","modified_gmt":"2024-11-04T11:55:08","slug":"vi-pro-pu-2k-polyurethane-adhesive","status":"publish","type":"product","link":"https:\/\/proventuss.eu\/ro\/produs\/vi-pro-pu-2k-polyurethane-adhesive\/","title":{"rendered":"Vi-Pro PU 2K POLYURETHANE ADHESIVE"},"content":{"rendered":"<p>Vi-Pro\u00ae PU 2K POLYURETHANE ADHESIVE este un adeziv reactiv bicomponent pe baz\u0103 de poliuretani pentru conectarea metalelor \u00eentre ele \u0219i cu alte materiale \u0219i aplicatoare precum lemn, PVC dur \u0219i GRP. Adezivul este potrivit \u00een special pentru lipirea col\u021burilor \u00een construc\u021bia de ferestre \u0219i u\u0219i din aluminiu, precum \u0219i a containerelor \u0219i vehiculelor. Dac\u0103 folosi\u021bi performan\u021b\u0103, alege\u021bi Vi-Pro\u00ae PU 2K POLIURETANIC ADHESIVE, elemente compozite cu PS, PUR \u0219i PVC delicat. Datorita faptului ca adezivul nu contine substante, este potrivit pentru lipirea suprafetelor de aluminiu acoperite si anodizate.<\/p>\n<p>Adeziv poliuretanic bicomponent Vi-Pro\u00ae are o \u00eembinare adeziv\u0103 dura \u0219i durabil\u0103 \u0219i un dispozitiv care \u00eendepline\u0219te condi\u021biile de baz\u0103, ceea ce este o solu\u021bie excelent\u0103 pentru utilizarea \u00een multe dispozitive diferite.<\/p>\n<p><strong>\u00a0<\/strong><\/p>\n<p><strong>Caracteristici speciale:<\/strong><\/p>\n<ul>\n<li>Reten\u021bie mare \u0219i rezisten\u021b\u0103 la forfecare<\/li>\n<li>Spectru larg de aderen\u021b\u0103<\/li>\n<li>\u00cent\u0103rire rapid\u0103<\/li>\n<li>Propriet\u0103\u021bi bune de umplere<\/li>\n<li>Stabilitate<\/li>\n<li>Poate fi colorat<\/li>\n<li>Poate fi acoperit<\/li>\n<\/ul>\n<p><strong>\u00a0<\/strong><\/p>\n<p><strong>Vi-Pro\u00ae PU 2K este utilizat \u00een diverse domenii industriale:<\/strong><\/p>\n<ul>\n<li>Construc\u021bia ferestrelor, u\u0219ilor \u0219i fa\u021badelor<\/li>\n<li>Constructii de containere si autoturisme<\/li>\n<li>Prelucrarea ceramicii, a pietrei artificiale si a pietrei naturale<\/li>\n<li>Prelucrarea metalelor generale<\/li>\n<li>Prelucrarea betonului \u0219i a materialelor de construc\u021bie<\/li>\n<li>Tehnologia de ventila\u021bie \u0219i aer condi\u021bionat<\/li>\n<li>Tehnologia de izola\u021bie \u0219i panouri compozite<\/li>\n<li>Prelucrarea lemnului<\/li>\n<\/ul>\n","protected":false},"excerpt":{"rendered":"<p>Vi-Pro\u00ae PU 2K POLYURETHANE ADHESIVE este un adeziv reactiv bicomponent pe baz\u0103 de poliuretani pentru conectarea metalelor \u00eentre ele \u0219i cu alte materiale \u0219i aplicatoare precum lemn, PVC dur \u0219i GRP. Adezivul este potrivit \u00een special pentru lipirea col\u021burilor \u00een construc\u021bia de ferestre \u0219i u\u0219i din aluminiu, precum \u0219i a containerelor \u0219i vehiculelor. Dac\u0103 folosi\u021bi [&hellip;]<\/p>\n","protected":false},"featured_media":15845,"comment_status":"open","ping_status":"closed","template":"","meta":{"_acf_changed":false},"product_cat":[417],"product_tag":[],"acf":[],"yoast_head":"<!-- This site is optimized with the Yoast SEO plugin v22.9 - https:\/\/yoast.com\/wordpress\/plugins\/seo\/ -->\n<title>Vi-Pro PU 2K POLYURETHANE ADHESIVE - Proventuss<\/title>\n<meta name=\"robots\" content=\"index, follow, max-snippet:-1, max-image-preview:large, max-video-preview:-1\" \/>\n<link rel=\"canonical\" href=\"https:\/\/proventuss.eu\/ro\/produkt\/vi-pro-pu-2k-polyurethane-adhesive\/\" \/>\n<meta property=\"og:locale\" content=\"ro_RO\" \/>\n<meta property=\"og:type\" content=\"article\" \/>\n<meta property=\"og:title\" content=\"Vi-Pro PU 2K POLYURETHANE ADHESIVE - Proventuss\" \/>\n<meta property=\"og:description\" content=\"Vi-Pro\u00ae PU 2K POLYURETHANE ADHESIVE este un adeziv reactiv bicomponent pe baz\u0103 de poliuretani pentru conectarea metalelor \u00eentre ele \u0219i cu alte materiale \u0219i aplicatoare precum lemn, PVC dur \u0219i GRP. Adezivul este potrivit \u00een special pentru lipirea col\u021burilor \u00een construc\u021bia de ferestre \u0219i u\u0219i din aluminiu, precum \u0219i a containerelor \u0219i vehiculelor. Dac\u0103 folosi\u021bi [&hellip;]\" \/>\n<meta property=\"og:url\" content=\"https:\/\/proventuss.eu\/ro\/produkt\/vi-pro-pu-2k-polyurethane-adhesive\/\" \/>\n<meta property=\"og:site_name\" content=\"Proventuss\" \/>\n<meta property=\"article:modified_time\" content=\"2024-11-04T11:55:08+00:00\" \/>\n<meta property=\"og:image\" content=\"https:\/\/proventuss.eu\/wp-content\/uploads\/2024\/05\/MG_7407m.jpg\" \/>\n\t<meta property=\"og:image:width\" content=\"678\" \/>\n\t<meta property=\"og:image:height\" content=\"1445\" \/>\n\t<meta property=\"og:image:type\" content=\"image\/jpeg\" \/>\n<meta name=\"twitter:card\" content=\"summary_large_image\" \/>\n<meta name=\"twitter:label1\" content=\"Timp estimat pentru citire\" \/>\n\t<meta name=\"twitter:data1\" content=\"2 minute\" \/>\n<script type=\"application\/ld+json\" class=\"yoast-schema-graph\">{\"@context\":\"https:\/\/schema.org\",\"@graph\":[{\"@type\":\"WebPage\",\"@id\":\"https:\/\/proventuss.eu\/ro\/produkt\/vi-pro-pu-2k-polyurethane-adhesive\/\",\"url\":\"https:\/\/proventuss.eu\/ro\/produkt\/vi-pro-pu-2k-polyurethane-adhesive\/\",\"name\":\"Vi-Pro PU 2K POLYURETHANE ADHESIVE - Proventuss\",\"isPartOf\":{\"@id\":\"https:\/\/proventuss.eu\/#website\"},\"primaryImageOfPage\":{\"@id\":\"https:\/\/proventuss.eu\/ro\/produkt\/vi-pro-pu-2k-polyurethane-adhesive\/#primaryimage\"},\"image\":{\"@id\":\"https:\/\/proventuss.eu\/ro\/produkt\/vi-pro-pu-2k-polyurethane-adhesive\/#primaryimage\"},\"thumbnailUrl\":\"https:\/\/proventuss.eu\/wp-content\/uploads\/2024\/05\/MG_7407m.jpg\",\"datePublished\":\"2024-05-10T13:01:10+00:00\",\"dateModified\":\"2024-11-04T11:55:08+00:00\",\"breadcrumb\":{\"@id\":\"https:\/\/proventuss.eu\/ro\/produkt\/vi-pro-pu-2k-polyurethane-adhesive\/#breadcrumb\"},\"inLanguage\":\"ro-RO\",\"potentialAction\":[{\"@type\":\"ReadAction\",\"target\":[\"https:\/\/proventuss.eu\/ro\/produkt\/vi-pro-pu-2k-polyurethane-adhesive\/\"]}]},{\"@type\":\"ImageObject\",\"inLanguage\":\"ro-RO\",\"@id\":\"https:\/\/proventuss.eu\/ro\/produkt\/vi-pro-pu-2k-polyurethane-adhesive\/#primaryimage\",\"url\":\"https:\/\/proventuss.eu\/wp-content\/uploads\/2024\/05\/MG_7407m.jpg\",\"contentUrl\":\"https:\/\/proventuss.eu\/wp-content\/uploads\/2024\/05\/MG_7407m.jpg\",\"width\":678,\"height\":1445,\"caption\":\"Na zdj\u0119ciu dwusk\u0142adnikowy klej reaktywny przeznaczony do \u0142\u0105czenia metali mi\u0119dzy sob\u0105 oraz z innymi materia\u0142ami, takimi jak drewno, twarde PCV i GRP.\"},{\"@type\":\"BreadcrumbList\",\"@id\":\"https:\/\/proventuss.eu\/ro\/produkt\/vi-pro-pu-2k-polyurethane-adhesive\/#breadcrumb\",\"itemListElement\":[{\"@type\":\"ListItem\",\"position\":1,\"name\":\"Home\",\"item\":\"https:\/\/proventuss.eu\/ro\/\"},{\"@type\":\"ListItem\",\"position\":2,\"name\":\"Produse\",\"item\":\"https:\/\/proventuss.eu\/produse\/\"},{\"@type\":\"ListItem\",\"position\":3,\"name\":\"Vi-Pro PU 2K POLYURETHANE ADHESIVE\"}]},{\"@type\":\"WebSite\",\"@id\":\"https:\/\/proventuss.eu\/#website\",\"url\":\"https:\/\/proventuss.eu\/\",\"name\":\"Proventuss\",\"description\":\"\",\"potentialAction\":[{\"@type\":\"SearchAction\",\"target\":{\"@type\":\"EntryPoint\",\"urlTemplate\":\"https:\/\/proventuss.eu\/?s={search_term_string}\"},\"query-input\":\"required name=search_term_string\"}],\"inLanguage\":\"ro-RO\"}]}<\/script>\n<!-- \/ Yoast SEO plugin. -->","yoast_head_json":{"title":"Vi-Pro PU 2K POLYURETHANE ADHESIVE - Proventuss","robots":{"index":"index","follow":"follow","max-snippet":"max-snippet:-1","max-image-preview":"max-image-preview:large","max-video-preview":"max-video-preview:-1"},"canonical":"https:\/\/proventuss.eu\/ro\/produkt\/vi-pro-pu-2k-polyurethane-adhesive\/","og_locale":"ro_RO","og_type":"article","og_title":"Vi-Pro PU 2K POLYURETHANE ADHESIVE - Proventuss","og_description":"Vi-Pro\u00ae PU 2K POLYURETHANE ADHESIVE este un adeziv reactiv bicomponent pe baz\u0103 de poliuretani pentru conectarea metalelor \u00eentre ele \u0219i cu alte materiale \u0219i aplicatoare precum lemn, PVC dur \u0219i GRP. Adezivul este potrivit \u00een special pentru lipirea col\u021burilor \u00een construc\u021bia de ferestre \u0219i u\u0219i din aluminiu, precum \u0219i a containerelor \u0219i vehiculelor. Dac\u0103 folosi\u021bi [&hellip;]","og_url":"https:\/\/proventuss.eu\/ro\/produkt\/vi-pro-pu-2k-polyurethane-adhesive\/","og_site_name":"Proventuss","article_modified_time":"2024-11-04T11:55:08+00:00","og_image":[{"width":678,"height":1445,"url":"https:\/\/proventuss.eu\/wp-content\/uploads\/2024\/05\/MG_7407m.jpg","type":"image\/jpeg"}],"twitter_card":"summary_large_image","twitter_misc":{"Timp estimat pentru citire":"2 minute"},"schema":{"@context":"https:\/\/schema.org","@graph":[{"@type":"WebPage","@id":"https:\/\/proventuss.eu\/ro\/produkt\/vi-pro-pu-2k-polyurethane-adhesive\/","url":"https:\/\/proventuss.eu\/ro\/produkt\/vi-pro-pu-2k-polyurethane-adhesive\/","name":"Vi-Pro PU 2K POLYURETHANE ADHESIVE - Proventuss","isPartOf":{"@id":"https:\/\/proventuss.eu\/#website"},"primaryImageOfPage":{"@id":"https:\/\/proventuss.eu\/ro\/produkt\/vi-pro-pu-2k-polyurethane-adhesive\/#primaryimage"},"image":{"@id":"https:\/\/proventuss.eu\/ro\/produkt\/vi-pro-pu-2k-polyurethane-adhesive\/#primaryimage"},"thumbnailUrl":"https:\/\/proventuss.eu\/wp-content\/uploads\/2024\/05\/MG_7407m.jpg","datePublished":"2024-05-10T13:01:10+00:00","dateModified":"2024-11-04T11:55:08+00:00","breadcrumb":{"@id":"https:\/\/proventuss.eu\/ro\/produkt\/vi-pro-pu-2k-polyurethane-adhesive\/#breadcrumb"},"inLanguage":"ro-RO","potentialAction":[{"@type":"ReadAction","target":["https:\/\/proventuss.eu\/ro\/produkt\/vi-pro-pu-2k-polyurethane-adhesive\/"]}]},{"@type":"ImageObject","inLanguage":"ro-RO","@id":"https:\/\/proventuss.eu\/ro\/produkt\/vi-pro-pu-2k-polyurethane-adhesive\/#primaryimage","url":"https:\/\/proventuss.eu\/wp-content\/uploads\/2024\/05\/MG_7407m.jpg","contentUrl":"https:\/\/proventuss.eu\/wp-content\/uploads\/2024\/05\/MG_7407m.jpg","width":678,"height":1445,"caption":"Na zdj\u0119ciu dwusk\u0142adnikowy klej reaktywny przeznaczony do \u0142\u0105czenia metali mi\u0119dzy sob\u0105 oraz z innymi materia\u0142ami, takimi jak drewno, twarde PCV i GRP."},{"@type":"BreadcrumbList","@id":"https:\/\/proventuss.eu\/ro\/produkt\/vi-pro-pu-2k-polyurethane-adhesive\/#breadcrumb","itemListElement":[{"@type":"ListItem","position":1,"name":"Home","item":"https:\/\/proventuss.eu\/ro\/"},{"@type":"ListItem","position":2,"name":"Produse","item":"https:\/\/proventuss.eu\/produse\/"},{"@type":"ListItem","position":3,"name":"Vi-Pro PU 2K POLYURETHANE ADHESIVE"}]},{"@type":"WebSite","@id":"https:\/\/proventuss.eu\/#website","url":"https:\/\/proventuss.eu\/","name":"Proventuss","description":"","potentialAction":[{"@type":"SearchAction","target":{"@type":"EntryPoint","urlTemplate":"https:\/\/proventuss.eu\/?s={search_term_string}"},"query-input":"required name=search_term_string"}],"inLanguage":"ro-RO"}]}},"_links":{"self":[{"href":"https:\/\/proventuss.eu\/ro\/wp-json\/wp\/v2\/product\/15730"}],"collection":[{"href":"https:\/\/proventuss.eu\/ro\/wp-json\/wp\/v2\/product"}],"about":[{"href":"https:\/\/proventuss.eu\/ro\/wp-json\/wp\/v2\/types\/product"}],"replies":[{"embeddable":true,"href":"https:\/\/proventuss.eu\/ro\/wp-json\/wp\/v2\/comments?post=15730"}],"wp:featuredmedia":[{"embeddable":true,"href":"https:\/\/proventuss.eu\/ro\/wp-json\/wp\/v2\/media\/15845"}],"wp:attachment":[{"href":"https:\/\/proventuss.eu\/ro\/wp-json\/wp\/v2\/media?parent=15730"}],"wp:term":[{"taxonomy":"product_cat","embeddable":true,"href":"https:\/\/proventuss.eu\/ro\/wp-json\/wp\/v2\/product_cat?post=15730"},{"taxonomy":"product_tag","embeddable":true,"href":"https:\/\/proventuss.eu\/ro\/wp-json\/wp\/v2\/product_tag?post=15730"}],"curies":[{"name":"wp","href":"https:\/\/api.w.org\/{rel}","templated":true}]}}