{"id":15710,"date":"2024-05-10T12:46:46","date_gmt":"2024-05-10T12:46:46","guid":{"rendered":"https:\/\/proventuss.eu\/produkt\/vi-pro-wb-2k-window-bonding-silicone-adhesive\/"},"modified":"2024-08-02T08:48:04","modified_gmt":"2024-08-02T08:48:04","slug":"vi-pro-wb-2k-window-bonding-silicone-adhesive","status":"publish","type":"product","link":"https:\/\/proventuss.eu\/ro\/produs\/vi-pro-wb-2k-window-bonding-silicone-adhesive\/","title":{"rendered":"Vi-Pro WB 2K WINDOW BONDING SILICONE ADHESIVE"},"content":{"rendered":"<p>Vi-Pro\u00ae WB 2K WINDOW BONDING SILICONE ADEZIVE este un adeziv siliconic bicomponent cu priz\u0103 rapid\u0103 pentru lipirea sticlei \u00een structurile de ferestre \u0219i u\u0219i din aluminiu, PVC, o\u021bel sau lemn.<\/p>\n<p>Baza este o past\u0103 alb\u0103 neted\u0103, iar \u00eent\u0103ritorul este o past\u0103 neagr\u0103. Odat\u0103 amestecat, materialul se \u00eent\u0103re\u0219te pentru a forma un cauciuc siliconic flexibil, cu modul \u00eenalt, potrivit pentru lipirea ferestrelor \u0219i u\u0219ilor. Este perfect pentru consolidarea structurilor de ferestre \u0219i u\u0219i de dimensiuni mari, precum \u0219i pentru geamurile sigure la ferestre \u0219i u\u0219i antiefrac\u021bie.<\/p>\n<p>Formula bicomponent\u0103 permite un timp de priz\u0103 rapid, ceea ce m\u0103re\u0219te eficien\u021ba produc\u021biei \u0219i permite aplicarea \u00een locuri cu acces dificil la umiditate. Vi-Pro\u00ae WB 2K este potrivit \u0219i pentru produc\u021bia de u\u0219i cu panouri, asigur\u00e2nd o conexiune rapid\u0103 \u0219i durabil\u0103.<\/p>\n<p>PRINCIPALE AVANTAJE:<br \/>\n&#8211; Timp de priz\u0103 6-18 minute \u00een func\u021bie de raportul de amestecare<br \/>\n&#8211; Durabilitatea siliconului &#8211; rezisten\u021b\u0103 excelent\u0103 la condi\u021biile meteorologice<br \/>\n&#8211; Intarire neutra &#8211; aderenta excelenta fara grund la o gama larga de substraturi, inclusiv sticle acoperite, emailate si reflectorizante; profile din aluminiu anodizate \u0219i acoperite cu poliester sau vopsite, inclusiv majoritatea vopselelor pe baz\u0103 de fluoropolimeri.<br \/>\n&#8211; Disponibilitatea grundurilor \u0219i grundurilor Vi-Pro\u00ae adecvate pentru suprafe\u021bele care necesit\u0103 o aderen\u021b\u0103 sporit\u0103.<\/p>\n","protected":false},"excerpt":{"rendered":"<p>Vi-Pro\u00ae WB 2K WINDOW BONDING SILICONE ADEZIVE este un adeziv siliconic bicomponent cu priz\u0103 rapid\u0103 pentru lipirea sticlei \u00een structurile de ferestre \u0219i u\u0219i din aluminiu, PVC, o\u021bel sau lemn. Baza este o past\u0103 alb\u0103 neted\u0103, iar \u00eent\u0103ritorul este o past\u0103 neagr\u0103. Odat\u0103 amestecat, materialul se \u00eent\u0103re\u0219te pentru a forma un cauciuc siliconic flexibil, cu [&hellip;]<\/p>\n","protected":false},"featured_media":15706,"comment_status":"open","ping_status":"closed","template":"","meta":{"_acf_changed":false},"product_cat":[417],"product_tag":[],"acf":[],"yoast_head":"<!-- This site is optimized with the Yoast SEO plugin v22.9 - https:\/\/yoast.com\/wordpress\/plugins\/seo\/ -->\n<title>Vi-Pro WB 2K WINDOW BONDING SILICONE ADHESIVE - Proventuss<\/title>\n<meta name=\"robots\" content=\"index, follow, max-snippet:-1, max-image-preview:large, max-video-preview:-1\" \/>\n<link rel=\"canonical\" href=\"https:\/\/proventuss.eu\/ro\/produkt\/vi-pro-wb-2k-window-bonding-silicone-adhesive\/\" \/>\n<meta property=\"og:locale\" content=\"ro_RO\" \/>\n<meta property=\"og:type\" content=\"article\" \/>\n<meta property=\"og:title\" content=\"Vi-Pro WB 2K WINDOW BONDING SILICONE ADHESIVE - Proventuss\" \/>\n<meta property=\"og:description\" content=\"Vi-Pro\u00ae WB 2K WINDOW BONDING SILICONE ADEZIVE este un adeziv siliconic bicomponent cu priz\u0103 rapid\u0103 pentru lipirea sticlei \u00een structurile de ferestre \u0219i u\u0219i din aluminiu, PVC, o\u021bel sau lemn. Baza este o past\u0103 alb\u0103 neted\u0103, iar \u00eent\u0103ritorul este o past\u0103 neagr\u0103. Odat\u0103 amestecat, materialul se \u00eent\u0103re\u0219te pentru a forma un cauciuc siliconic flexibil, cu [&hellip;]\" \/>\n<meta property=\"og:url\" content=\"https:\/\/proventuss.eu\/ro\/produkt\/vi-pro-wb-2k-window-bonding-silicone-adhesive\/\" \/>\n<meta property=\"og:site_name\" content=\"Proventuss\" \/>\n<meta property=\"article:modified_time\" content=\"2024-08-02T08:48:04+00:00\" \/>\n<meta property=\"og:image\" content=\"https:\/\/proventuss.eu\/wp-content\/uploads\/2024\/05\/MG_7395m.png\" \/>\n\t<meta property=\"og:image:width\" content=\"368\" \/>\n\t<meta property=\"og:image:height\" content=\"1000\" \/>\n\t<meta property=\"og:image:type\" content=\"image\/png\" \/>\n<meta name=\"twitter:card\" content=\"summary_large_image\" \/>\n<meta name=\"twitter:label1\" content=\"Timp estimat pentru citire\" \/>\n\t<meta name=\"twitter:data1\" content=\"2 minute\" \/>\n<script type=\"application\/ld+json\" class=\"yoast-schema-graph\">{\"@context\":\"https:\/\/schema.org\",\"@graph\":[{\"@type\":\"WebPage\",\"@id\":\"https:\/\/proventuss.eu\/ro\/produkt\/vi-pro-wb-2k-window-bonding-silicone-adhesive\/\",\"url\":\"https:\/\/proventuss.eu\/ro\/produkt\/vi-pro-wb-2k-window-bonding-silicone-adhesive\/\",\"name\":\"Vi-Pro WB 2K WINDOW BONDING SILICONE ADHESIVE - Proventuss\",\"isPartOf\":{\"@id\":\"https:\/\/proventuss.eu\/#website\"},\"primaryImageOfPage\":{\"@id\":\"https:\/\/proventuss.eu\/ro\/produkt\/vi-pro-wb-2k-window-bonding-silicone-adhesive\/#primaryimage\"},\"image\":{\"@id\":\"https:\/\/proventuss.eu\/ro\/produkt\/vi-pro-wb-2k-window-bonding-silicone-adhesive\/#primaryimage\"},\"thumbnailUrl\":\"https:\/\/proventuss.eu\/wp-content\/uploads\/2024\/05\/MG_7395m.png\",\"datePublished\":\"2024-05-10T12:46:46+00:00\",\"dateModified\":\"2024-08-02T08:48:04+00:00\",\"breadcrumb\":{\"@id\":\"https:\/\/proventuss.eu\/ro\/produkt\/vi-pro-wb-2k-window-bonding-silicone-adhesive\/#breadcrumb\"},\"inLanguage\":\"ro-RO\",\"potentialAction\":[{\"@type\":\"ReadAction\",\"target\":[\"https:\/\/proventuss.eu\/ro\/produkt\/vi-pro-wb-2k-window-bonding-silicone-adhesive\/\"]}]},{\"@type\":\"ImageObject\",\"inLanguage\":\"ro-RO\",\"@id\":\"https:\/\/proventuss.eu\/ro\/produkt\/vi-pro-wb-2k-window-bonding-silicone-adhesive\/#primaryimage\",\"url\":\"https:\/\/proventuss.eu\/wp-content\/uploads\/2024\/05\/MG_7395m.png\",\"contentUrl\":\"https:\/\/proventuss.eu\/wp-content\/uploads\/2024\/05\/MG_7395m.png\",\"width\":368,\"height\":1000,\"caption\":\"Na zdj\u0119ciu szybkowi\u0105\u017c\u0105cy dwusk\u0142adnikowy klej silikonowy do wklejania szyb w konstrukcje okien i drzwi wykonanych z aluminium, PCV, stali lub drewna.\"},{\"@type\":\"BreadcrumbList\",\"@id\":\"https:\/\/proventuss.eu\/ro\/produkt\/vi-pro-wb-2k-window-bonding-silicone-adhesive\/#breadcrumb\",\"itemListElement\":[{\"@type\":\"ListItem\",\"position\":1,\"name\":\"Home\",\"item\":\"https:\/\/proventuss.eu\/ro\/\"},{\"@type\":\"ListItem\",\"position\":2,\"name\":\"Produse\",\"item\":\"https:\/\/proventuss.eu\/produse\/\"},{\"@type\":\"ListItem\",\"position\":3,\"name\":\"Vi-Pro WB 2K WINDOW BONDING SILICONE ADHESIVE\"}]},{\"@type\":\"WebSite\",\"@id\":\"https:\/\/proventuss.eu\/#website\",\"url\":\"https:\/\/proventuss.eu\/\",\"name\":\"Proventuss\",\"description\":\"\",\"potentialAction\":[{\"@type\":\"SearchAction\",\"target\":{\"@type\":\"EntryPoint\",\"urlTemplate\":\"https:\/\/proventuss.eu\/?s={search_term_string}\"},\"query-input\":\"required name=search_term_string\"}],\"inLanguage\":\"ro-RO\"}]}<\/script>\n<!-- \/ Yoast SEO plugin. -->","yoast_head_json":{"title":"Vi-Pro WB 2K WINDOW BONDING SILICONE ADHESIVE - Proventuss","robots":{"index":"index","follow":"follow","max-snippet":"max-snippet:-1","max-image-preview":"max-image-preview:large","max-video-preview":"max-video-preview:-1"},"canonical":"https:\/\/proventuss.eu\/ro\/produkt\/vi-pro-wb-2k-window-bonding-silicone-adhesive\/","og_locale":"ro_RO","og_type":"article","og_title":"Vi-Pro WB 2K WINDOW BONDING SILICONE ADHESIVE - Proventuss","og_description":"Vi-Pro\u00ae WB 2K WINDOW BONDING SILICONE ADEZIVE este un adeziv siliconic bicomponent cu priz\u0103 rapid\u0103 pentru lipirea sticlei \u00een structurile de ferestre \u0219i u\u0219i din aluminiu, PVC, o\u021bel sau lemn. Baza este o past\u0103 alb\u0103 neted\u0103, iar \u00eent\u0103ritorul este o past\u0103 neagr\u0103. Odat\u0103 amestecat, materialul se \u00eent\u0103re\u0219te pentru a forma un cauciuc siliconic flexibil, cu [&hellip;]","og_url":"https:\/\/proventuss.eu\/ro\/produkt\/vi-pro-wb-2k-window-bonding-silicone-adhesive\/","og_site_name":"Proventuss","article_modified_time":"2024-08-02T08:48:04+00:00","og_image":[{"width":368,"height":1000,"url":"https:\/\/proventuss.eu\/wp-content\/uploads\/2024\/05\/MG_7395m.png","type":"image\/png"}],"twitter_card":"summary_large_image","twitter_misc":{"Timp estimat pentru citire":"2 minute"},"schema":{"@context":"https:\/\/schema.org","@graph":[{"@type":"WebPage","@id":"https:\/\/proventuss.eu\/ro\/produkt\/vi-pro-wb-2k-window-bonding-silicone-adhesive\/","url":"https:\/\/proventuss.eu\/ro\/produkt\/vi-pro-wb-2k-window-bonding-silicone-adhesive\/","name":"Vi-Pro WB 2K WINDOW BONDING SILICONE ADHESIVE - Proventuss","isPartOf":{"@id":"https:\/\/proventuss.eu\/#website"},"primaryImageOfPage":{"@id":"https:\/\/proventuss.eu\/ro\/produkt\/vi-pro-wb-2k-window-bonding-silicone-adhesive\/#primaryimage"},"image":{"@id":"https:\/\/proventuss.eu\/ro\/produkt\/vi-pro-wb-2k-window-bonding-silicone-adhesive\/#primaryimage"},"thumbnailUrl":"https:\/\/proventuss.eu\/wp-content\/uploads\/2024\/05\/MG_7395m.png","datePublished":"2024-05-10T12:46:46+00:00","dateModified":"2024-08-02T08:48:04+00:00","breadcrumb":{"@id":"https:\/\/proventuss.eu\/ro\/produkt\/vi-pro-wb-2k-window-bonding-silicone-adhesive\/#breadcrumb"},"inLanguage":"ro-RO","potentialAction":[{"@type":"ReadAction","target":["https:\/\/proventuss.eu\/ro\/produkt\/vi-pro-wb-2k-window-bonding-silicone-adhesive\/"]}]},{"@type":"ImageObject","inLanguage":"ro-RO","@id":"https:\/\/proventuss.eu\/ro\/produkt\/vi-pro-wb-2k-window-bonding-silicone-adhesive\/#primaryimage","url":"https:\/\/proventuss.eu\/wp-content\/uploads\/2024\/05\/MG_7395m.png","contentUrl":"https:\/\/proventuss.eu\/wp-content\/uploads\/2024\/05\/MG_7395m.png","width":368,"height":1000,"caption":"Na zdj\u0119ciu szybkowi\u0105\u017c\u0105cy dwusk\u0142adnikowy klej silikonowy do wklejania szyb w konstrukcje okien i drzwi wykonanych z aluminium, PCV, stali lub drewna."},{"@type":"BreadcrumbList","@id":"https:\/\/proventuss.eu\/ro\/produkt\/vi-pro-wb-2k-window-bonding-silicone-adhesive\/#breadcrumb","itemListElement":[{"@type":"ListItem","position":1,"name":"Home","item":"https:\/\/proventuss.eu\/ro\/"},{"@type":"ListItem","position":2,"name":"Produse","item":"https:\/\/proventuss.eu\/produse\/"},{"@type":"ListItem","position":3,"name":"Vi-Pro WB 2K WINDOW BONDING SILICONE ADHESIVE"}]},{"@type":"WebSite","@id":"https:\/\/proventuss.eu\/#website","url":"https:\/\/proventuss.eu\/","name":"Proventuss","description":"","potentialAction":[{"@type":"SearchAction","target":{"@type":"EntryPoint","urlTemplate":"https:\/\/proventuss.eu\/?s={search_term_string}"},"query-input":"required name=search_term_string"}],"inLanguage":"ro-RO"}]}},"_links":{"self":[{"href":"https:\/\/proventuss.eu\/ro\/wp-json\/wp\/v2\/product\/15710"}],"collection":[{"href":"https:\/\/proventuss.eu\/ro\/wp-json\/wp\/v2\/product"}],"about":[{"href":"https:\/\/proventuss.eu\/ro\/wp-json\/wp\/v2\/types\/product"}],"replies":[{"embeddable":true,"href":"https:\/\/proventuss.eu\/ro\/wp-json\/wp\/v2\/comments?post=15710"}],"wp:featuredmedia":[{"embeddable":true,"href":"https:\/\/proventuss.eu\/ro\/wp-json\/wp\/v2\/media\/15706"}],"wp:attachment":[{"href":"https:\/\/proventuss.eu\/ro\/wp-json\/wp\/v2\/media?parent=15710"}],"wp:term":[{"taxonomy":"product_cat","embeddable":true,"href":"https:\/\/proventuss.eu\/ro\/wp-json\/wp\/v2\/product_cat?post=15710"},{"taxonomy":"product_tag","embeddable":true,"href":"https:\/\/proventuss.eu\/ro\/wp-json\/wp\/v2\/product_tag?post=15710"}],"curies":[{"name":"wp","href":"https:\/\/api.w.org\/{rel}","templated":true}]}}