{"id":15664,"date":"2024-04-25T09:06:48","date_gmt":"2024-04-25T09:06:48","guid":{"rendered":"https:\/\/proventuss.eu\/produkt\/dupont-insta-stik-flex\/"},"modified":"2024-11-27T08:45:38","modified_gmt":"2024-11-27T08:45:38","slug":"dupont-insta-stik-flex","status":"publish","type":"product","link":"https:\/\/proventuss.eu\/ro\/produs\/dupont-insta-stik-flex\/","title":{"rendered":"DuPont\u2122 Insta Stik\u2122 Flex+"},"content":{"rendered":"<p>Du Pont\u2122 Insta Stik\u2122 Flex+ este o spum\u0103 permanent flexibil\u0103, rezistent\u0103, pentru instalarea str\u00e2ns\u0103 a ferestrelor \u0219i u\u0219ilor, care nu necesit\u0103 utilizarea de band\u0103 intern\u0103 sau folie de barier\u0103 de vapori lichide.<\/p>\n<p>DuPont\u2122 Insta Stik\u2122 Flex+ este o spum\u0103 poliuretanic\u0103 monocomponent\u0103, \u00eent\u0103rit\u0103 la umiditate, rezistent\u0103 la foc. Este folosit \u00een principal pentru instalarea durabil\u0103 \u0219i etan\u0219\u0103 a ferestrelor \u0219i u\u0219ilor.<\/p>\n<p>Datorit\u0103 flexibilit\u0103\u021bii sale impresionante, face fa\u021b\u0103 mi\u0219c\u0103rilor tocului ferestrelor cauzate de schimb\u0103rile de temperatur\u0103 \u0219i \u00eenc\u0103rc\u0103turile v\u00e2ntului, f\u0103r\u0103 a afecta etan\u0219eitatea. \u00cen plus, spuma de etan\u0219are are propriet\u0103\u021bi bune de izolare fonic\u0103 \u0219i termic\u0103.<\/p>\n<p>Cea mai \u00eenalt\u0103 clas\u0103 de etan\u0219eitate certificat\u0103 4, la 600 Pa conform standardelor EN 12207:2016 \u0219i EN 1026:2016, realizat\u0103 f\u0103r\u0103 band\u0103 intern\u0103.\u201d (ITB: KOT \u2013 2023\/2465 num\u0103rul 1).<\/p>\n<p>AVANTAJE:<br \/>\n&#8211; Eficien\u021b\u0103 ridicat\u0103 \u0219i etan\u0219eitate de lung\u0103 durat\u0103.<br \/>\n&#8211; Propriet\u0103\u021bi bune de izolare fonic\u0103 \u0219i termic\u0103.<br \/>\n&#8211; 25 ani garan\u021bie.<br \/>\n&#8211; Reducerea timpului \u0219i a materialelor necesare pentru o instalare etan\u0219\u0103.<br \/>\n&#8211; Propriet\u0103\u021bi ignifuge.<\/p>\n","protected":false},"excerpt":{"rendered":"<p>Du Pont\u2122 Insta Stik\u2122 Flex+ este o spum\u0103 permanent flexibil\u0103, rezistent\u0103, pentru instalarea str\u00e2ns\u0103 a ferestrelor \u0219i u\u0219ilor, care nu necesit\u0103 utilizarea de band\u0103 intern\u0103 sau folie de barier\u0103 de vapori lichide. DuPont\u2122 Insta Stik\u2122 Flex+ este o spum\u0103 poliuretanic\u0103 monocomponent\u0103, \u00eent\u0103rit\u0103 la umiditate, rezistent\u0103 la foc. Este folosit \u00een principal pentru instalarea durabil\u0103 \u0219i [&hellip;]<\/p>\n","protected":false},"featured_media":17526,"comment_status":"open","ping_status":"closed","template":"","meta":{"_acf_changed":false},"product_cat":[417,423],"product_tag":[],"acf":[],"yoast_head":"<!-- This site is optimized with the Yoast SEO plugin v22.9 - https:\/\/yoast.com\/wordpress\/plugins\/seo\/ -->\n<title>DuPont\u2122 Insta Stik\u2122 Flex+ - Proventuss<\/title>\n<meta name=\"robots\" content=\"index, follow, max-snippet:-1, max-image-preview:large, max-video-preview:-1\" \/>\n<link rel=\"canonical\" href=\"https:\/\/proventuss.eu\/ro\/produkt\/dupont-insta-stik-flex\/\" \/>\n<meta property=\"og:locale\" content=\"ro_RO\" \/>\n<meta property=\"og:type\" content=\"article\" \/>\n<meta property=\"og:title\" content=\"DuPont\u2122 Insta Stik\u2122 Flex+ - Proventuss\" \/>\n<meta property=\"og:description\" content=\"Du Pont\u2122 Insta Stik\u2122 Flex+ este o spum\u0103 permanent flexibil\u0103, rezistent\u0103, pentru instalarea str\u00e2ns\u0103 a ferestrelor \u0219i u\u0219ilor, care nu necesit\u0103 utilizarea de band\u0103 intern\u0103 sau folie de barier\u0103 de vapori lichide. DuPont\u2122 Insta Stik\u2122 Flex+ este o spum\u0103 poliuretanic\u0103 monocomponent\u0103, \u00eent\u0103rit\u0103 la umiditate, rezistent\u0103 la foc. Este folosit \u00een principal pentru instalarea durabil\u0103 \u0219i [&hellip;]\" \/>\n<meta property=\"og:url\" content=\"https:\/\/proventuss.eu\/ro\/produkt\/dupont-insta-stik-flex\/\" \/>\n<meta property=\"og:site_name\" content=\"Proventuss\" \/>\n<meta property=\"article:modified_time\" content=\"2024-11-27T08:45:38+00:00\" \/>\n<meta property=\"og:image\" content=\"https:\/\/proventuss.eu\/wp-content\/uploads\/2024\/04\/DuPont-Insta-Stik-Flex-2.png\" \/>\n\t<meta property=\"og:image:width\" content=\"588\" \/>\n\t<meta property=\"og:image:height\" content=\"672\" \/>\n\t<meta property=\"og:image:type\" content=\"image\/png\" \/>\n<meta name=\"twitter:card\" content=\"summary_large_image\" \/>\n<meta name=\"twitter:label1\" content=\"Timp estimat pentru citire\" \/>\n\t<meta name=\"twitter:data1\" content=\"1 minut\" \/>\n<script type=\"application\/ld+json\" class=\"yoast-schema-graph\">{\"@context\":\"https:\/\/schema.org\",\"@graph\":[{\"@type\":\"WebPage\",\"@id\":\"https:\/\/proventuss.eu\/ro\/produkt\/dupont-insta-stik-flex\/\",\"url\":\"https:\/\/proventuss.eu\/ro\/produkt\/dupont-insta-stik-flex\/\",\"name\":\"DuPont\u2122 Insta Stik\u2122 Flex+ - Proventuss\",\"isPartOf\":{\"@id\":\"https:\/\/proventuss.eu\/#website\"},\"primaryImageOfPage\":{\"@id\":\"https:\/\/proventuss.eu\/ro\/produkt\/dupont-insta-stik-flex\/#primaryimage\"},\"image\":{\"@id\":\"https:\/\/proventuss.eu\/ro\/produkt\/dupont-insta-stik-flex\/#primaryimage\"},\"thumbnailUrl\":\"https:\/\/proventuss.eu\/wp-content\/uploads\/2024\/04\/DuPont-Insta-Stik-Flex-2.png\",\"datePublished\":\"2024-04-25T09:06:48+00:00\",\"dateModified\":\"2024-11-27T08:45:38+00:00\",\"breadcrumb\":{\"@id\":\"https:\/\/proventuss.eu\/ro\/produkt\/dupont-insta-stik-flex\/#breadcrumb\"},\"inLanguage\":\"ro-RO\",\"potentialAction\":[{\"@type\":\"ReadAction\",\"target\":[\"https:\/\/proventuss.eu\/ro\/produkt\/dupont-insta-stik-flex\/\"]}]},{\"@type\":\"ImageObject\",\"inLanguage\":\"ro-RO\",\"@id\":\"https:\/\/proventuss.eu\/ro\/produkt\/dupont-insta-stik-flex\/#primaryimage\",\"url\":\"https:\/\/proventuss.eu\/wp-content\/uploads\/2024\/04\/DuPont-Insta-Stik-Flex-2.png\",\"contentUrl\":\"https:\/\/proventuss.eu\/wp-content\/uploads\/2024\/04\/DuPont-Insta-Stik-Flex-2.png\",\"width\":588,\"height\":672,\"caption\":\"Piana DuPont InstaStik Flex Plus stosowana do trwa\u0142ego, szczelnego monta\u017cu okien i drzwi. Wykazuje dobre w\u0142a\u015bciwo\u015bci akustyczne i termoizolacyjne.\"},{\"@type\":\"BreadcrumbList\",\"@id\":\"https:\/\/proventuss.eu\/ro\/produkt\/dupont-insta-stik-flex\/#breadcrumb\",\"itemListElement\":[{\"@type\":\"ListItem\",\"position\":1,\"name\":\"Home\",\"item\":\"https:\/\/proventuss.eu\/ro\/\"},{\"@type\":\"ListItem\",\"position\":2,\"name\":\"Produse\",\"item\":\"https:\/\/proventuss.eu\/produse\/\"},{\"@type\":\"ListItem\",\"position\":3,\"name\":\"DuPont\u2122 Insta Stik\u2122 Flex+\"}]},{\"@type\":\"WebSite\",\"@id\":\"https:\/\/proventuss.eu\/#website\",\"url\":\"https:\/\/proventuss.eu\/\",\"name\":\"Proventuss\",\"description\":\"\",\"potentialAction\":[{\"@type\":\"SearchAction\",\"target\":{\"@type\":\"EntryPoint\",\"urlTemplate\":\"https:\/\/proventuss.eu\/?s={search_term_string}\"},\"query-input\":\"required name=search_term_string\"}],\"inLanguage\":\"ro-RO\"}]}<\/script>\n<!-- \/ Yoast SEO plugin. -->","yoast_head_json":{"title":"DuPont\u2122 Insta Stik\u2122 Flex+ - Proventuss","robots":{"index":"index","follow":"follow","max-snippet":"max-snippet:-1","max-image-preview":"max-image-preview:large","max-video-preview":"max-video-preview:-1"},"canonical":"https:\/\/proventuss.eu\/ro\/produkt\/dupont-insta-stik-flex\/","og_locale":"ro_RO","og_type":"article","og_title":"DuPont\u2122 Insta Stik\u2122 Flex+ - Proventuss","og_description":"Du Pont\u2122 Insta Stik\u2122 Flex+ este o spum\u0103 permanent flexibil\u0103, rezistent\u0103, pentru instalarea str\u00e2ns\u0103 a ferestrelor \u0219i u\u0219ilor, care nu necesit\u0103 utilizarea de band\u0103 intern\u0103 sau folie de barier\u0103 de vapori lichide. DuPont\u2122 Insta Stik\u2122 Flex+ este o spum\u0103 poliuretanic\u0103 monocomponent\u0103, \u00eent\u0103rit\u0103 la umiditate, rezistent\u0103 la foc. Este folosit \u00een principal pentru instalarea durabil\u0103 \u0219i [&hellip;]","og_url":"https:\/\/proventuss.eu\/ro\/produkt\/dupont-insta-stik-flex\/","og_site_name":"Proventuss","article_modified_time":"2024-11-27T08:45:38+00:00","og_image":[{"width":588,"height":672,"url":"https:\/\/proventuss.eu\/wp-content\/uploads\/2024\/04\/DuPont-Insta-Stik-Flex-2.png","type":"image\/png"}],"twitter_card":"summary_large_image","twitter_misc":{"Timp estimat pentru citire":"1 minut"},"schema":{"@context":"https:\/\/schema.org","@graph":[{"@type":"WebPage","@id":"https:\/\/proventuss.eu\/ro\/produkt\/dupont-insta-stik-flex\/","url":"https:\/\/proventuss.eu\/ro\/produkt\/dupont-insta-stik-flex\/","name":"DuPont\u2122 Insta Stik\u2122 Flex+ - Proventuss","isPartOf":{"@id":"https:\/\/proventuss.eu\/#website"},"primaryImageOfPage":{"@id":"https:\/\/proventuss.eu\/ro\/produkt\/dupont-insta-stik-flex\/#primaryimage"},"image":{"@id":"https:\/\/proventuss.eu\/ro\/produkt\/dupont-insta-stik-flex\/#primaryimage"},"thumbnailUrl":"https:\/\/proventuss.eu\/wp-content\/uploads\/2024\/04\/DuPont-Insta-Stik-Flex-2.png","datePublished":"2024-04-25T09:06:48+00:00","dateModified":"2024-11-27T08:45:38+00:00","breadcrumb":{"@id":"https:\/\/proventuss.eu\/ro\/produkt\/dupont-insta-stik-flex\/#breadcrumb"},"inLanguage":"ro-RO","potentialAction":[{"@type":"ReadAction","target":["https:\/\/proventuss.eu\/ro\/produkt\/dupont-insta-stik-flex\/"]}]},{"@type":"ImageObject","inLanguage":"ro-RO","@id":"https:\/\/proventuss.eu\/ro\/produkt\/dupont-insta-stik-flex\/#primaryimage","url":"https:\/\/proventuss.eu\/wp-content\/uploads\/2024\/04\/DuPont-Insta-Stik-Flex-2.png","contentUrl":"https:\/\/proventuss.eu\/wp-content\/uploads\/2024\/04\/DuPont-Insta-Stik-Flex-2.png","width":588,"height":672,"caption":"Piana DuPont InstaStik Flex Plus stosowana do trwa\u0142ego, szczelnego monta\u017cu okien i drzwi. Wykazuje dobre w\u0142a\u015bciwo\u015bci akustyczne i termoizolacyjne."},{"@type":"BreadcrumbList","@id":"https:\/\/proventuss.eu\/ro\/produkt\/dupont-insta-stik-flex\/#breadcrumb","itemListElement":[{"@type":"ListItem","position":1,"name":"Home","item":"https:\/\/proventuss.eu\/ro\/"},{"@type":"ListItem","position":2,"name":"Produse","item":"https:\/\/proventuss.eu\/produse\/"},{"@type":"ListItem","position":3,"name":"DuPont\u2122 Insta Stik\u2122 Flex+"}]},{"@type":"WebSite","@id":"https:\/\/proventuss.eu\/#website","url":"https:\/\/proventuss.eu\/","name":"Proventuss","description":"","potentialAction":[{"@type":"SearchAction","target":{"@type":"EntryPoint","urlTemplate":"https:\/\/proventuss.eu\/?s={search_term_string}"},"query-input":"required name=search_term_string"}],"inLanguage":"ro-RO"}]}},"_links":{"self":[{"href":"https:\/\/proventuss.eu\/ro\/wp-json\/wp\/v2\/product\/15664"}],"collection":[{"href":"https:\/\/proventuss.eu\/ro\/wp-json\/wp\/v2\/product"}],"about":[{"href":"https:\/\/proventuss.eu\/ro\/wp-json\/wp\/v2\/types\/product"}],"replies":[{"embeddable":true,"href":"https:\/\/proventuss.eu\/ro\/wp-json\/wp\/v2\/comments?post=15664"}],"wp:featuredmedia":[{"embeddable":true,"href":"https:\/\/proventuss.eu\/ro\/wp-json\/wp\/v2\/media\/17526"}],"wp:attachment":[{"href":"https:\/\/proventuss.eu\/ro\/wp-json\/wp\/v2\/media?parent=15664"}],"wp:term":[{"taxonomy":"product_cat","embeddable":true,"href":"https:\/\/proventuss.eu\/ro\/wp-json\/wp\/v2\/product_cat?post=15664"},{"taxonomy":"product_tag","embeddable":true,"href":"https:\/\/proventuss.eu\/ro\/wp-json\/wp\/v2\/product_tag?post=15664"}],"curies":[{"name":"wp","href":"https:\/\/api.w.org\/{rel}","templated":true}]}}