{"id":12817,"date":"2022-04-26T09:30:23","date_gmt":"2022-04-26T09:30:23","guid":{"rendered":"https:\/\/proventuss.eu\/produkt\/hidroizolatie-lichida-servidek-servipak\/"},"modified":"2022-04-26T09:30:23","modified_gmt":"2022-04-26T09:30:23","slug":"hidroizolatie-lichida-servidek-servipak","status":"publish","type":"product","link":"https:\/\/proventuss.eu\/ro\/produs\/hidroizolatie-lichida-servidek-servipak\/","title":{"rendered":"Hidroizola\u021bie lichid\u0103 Servidek\u00ae\/Servipak\u00ae"},"content":{"rendered":"<p>SISTEM LICHID DE IMPERMEABILIZARE. Material hidroizolant bicomponent din cauciuc sintetic si bitum, aplicat la rece, destinat taverselor din beton si otel ale podurilor rutiere si feroviare. Sistemul Servidek\/Servipak\u00ae este utilizat pentru izolarea noilor structuri precum \u0219i pentru \u00eenlocuirea izola\u021biei pe podurile renovate, minimiz\u00e2nd opririle de trafic pe aceste structuri.<\/p>\n<p>AVANTAJE:<br \/>\n\u2022 tolereaza suprafetele umede \u2013 poate fi folosit in diverse conditii meteorologice<br \/>\n\u2022 flexibilitate &#8211; compenseaz\u0103 fisurile din substrat datorate deform\u0103rii \u0219i contrac\u021biei substratului<br \/>\n\u2022 functionare la temperaturi scazute &#8211; sistemul instalat isi pastreaza proprietatile chiar si la -40\u00b0C<br \/>\n\u2022 setare rapid\u0103 \u2013 lucr\u0103rile de finisare pot fi \u00eencepute imediat dup\u0103 4 ore de la instalarea sistemului.<br \/>\n\u2022 nu necesita amorsare &#8211; sistemul se monteaza direct pe suprafata curatata<br \/>\n\u2022 instalare u\u0219oar\u0103 cu mistrie &#8211; nu necesit\u0103 unelte speciale, pl\u0103ci de protec\u021bie Servipak\u00ae de protec\u021bie &#8211; protejeaz\u0103 hidroizola\u021bia \u00eempotriva deterior\u0103rilor cauzate de lucr\u0103rile de finisare \u0219i echipamentele de turnare a asfaltului<br \/>\n\u2022 posibilitate de a\u015fezare pe beton \u201eproasp\u0103t\u201d &#8211; la nevoie, sistemul poate fi a\u015fezat pe beton \u201eproasp\u0103t\u201d, de obicei dup\u0103 24 de ore, tot ca protec\u0163ie a betonului<\/p>\n<p>AMBALARE:<br \/>\nSERVIDEK\u00ae:<br \/>\nContainer: 20,47 kg + 4,5 kg<\/p>\n<p>SERVIPAK\u00ae:<br \/>\nRecipient &#8211; farfurie<br \/>\nGr. 3 mm, 3 mm x 1 m x 1,5 m<br \/>\nGr. 6 mm, 6 mm x 1 m x 1,5 m<br \/>\nGr. 12 mm, 12 mm x 1 m x 1 m<\/p>\n","protected":false},"excerpt":{"rendered":"<p>SISTEM LICHID DE IMPERMEABILIZARE. Material hidroizolant bicomponent din cauciuc sintetic si bitum, aplicat la rece, destinat taverselor din beton si otel ale podurilor rutiere si feroviare. Sistemul Servidek\/Servipak\u00ae este utilizat pentru izolarea noilor structuri precum \u0219i pentru \u00eenlocuirea izola\u021biei pe podurile renovate, minimiz\u00e2nd opririle de trafic pe aceste structuri. AVANTAJE: \u2022 tolereaza suprafetele umede \u2013 [&hellip;]<\/p>\n","protected":false},"featured_media":9711,"comment_status":"open","ping_status":"closed","template":"","meta":{"_acf_changed":false},"product_cat":[460],"product_tag":[],"acf":[],"yoast_head":"<!-- This site is optimized with the Yoast SEO plugin v22.9 - https:\/\/yoast.com\/wordpress\/plugins\/seo\/ -->\n<title>Hidroizola\u021bie lichid\u0103 Servidek\u00ae\/Servipak\u00ae - Proventuss<\/title>\n<meta name=\"robots\" content=\"index, follow, max-snippet:-1, max-image-preview:large, max-video-preview:-1\" \/>\n<link rel=\"canonical\" href=\"https:\/\/proventuss.eu\/ro\/produkt\/hidroizolatie-lichida-servidek-servipak\/\" \/>\n<meta property=\"og:locale\" content=\"ro_RO\" \/>\n<meta property=\"og:type\" content=\"article\" \/>\n<meta property=\"og:title\" content=\"Hidroizola\u021bie lichid\u0103 Servidek\u00ae\/Servipak\u00ae - Proventuss\" \/>\n<meta property=\"og:description\" content=\"SISTEM LICHID DE IMPERMEABILIZARE. Material hidroizolant bicomponent din cauciuc sintetic si bitum, aplicat la rece, destinat taverselor din beton si otel ale podurilor rutiere si feroviare. Sistemul Servidek\/Servipak\u00ae este utilizat pentru izolarea noilor structuri precum \u0219i pentru \u00eenlocuirea izola\u021biei pe podurile renovate, minimiz\u00e2nd opririle de trafic pe aceste structuri. AVANTAJE: \u2022 tolereaza suprafetele umede \u2013 [&hellip;]\" \/>\n<meta property=\"og:url\" content=\"https:\/\/proventuss.eu\/ro\/produkt\/hidroizolatie-lichida-servidek-servipak\/\" \/>\n<meta property=\"og:site_name\" content=\"Proventuss\" \/>\n<meta property=\"og:image\" content=\"https:\/\/proventuss.eu\/wp-content\/uploads\/2022\/04\/hydro-servepak-servidek.jpg\" \/>\n\t<meta property=\"og:image:width\" content=\"1024\" \/>\n\t<meta property=\"og:image:height\" content=\"683\" \/>\n\t<meta property=\"og:image:type\" content=\"image\/jpeg\" \/>\n<meta name=\"twitter:card\" content=\"summary_large_image\" \/>\n<meta name=\"twitter:label1\" content=\"Timp estimat pentru citire\" \/>\n\t<meta name=\"twitter:data1\" content=\"1 minut\" \/>\n<script type=\"application\/ld+json\" class=\"yoast-schema-graph\">{\"@context\":\"https:\/\/schema.org\",\"@graph\":[{\"@type\":\"WebPage\",\"@id\":\"https:\/\/proventuss.eu\/ro\/produkt\/hidroizolatie-lichida-servidek-servipak\/\",\"url\":\"https:\/\/proventuss.eu\/ro\/produkt\/hidroizolatie-lichida-servidek-servipak\/\",\"name\":\"Hidroizola\u021bie lichid\u0103 Servidek\u00ae\/Servipak\u00ae - Proventuss\",\"isPartOf\":{\"@id\":\"https:\/\/proventuss.eu\/#website\"},\"primaryImageOfPage\":{\"@id\":\"https:\/\/proventuss.eu\/ro\/produkt\/hidroizolatie-lichida-servidek-servipak\/#primaryimage\"},\"image\":{\"@id\":\"https:\/\/proventuss.eu\/ro\/produkt\/hidroizolatie-lichida-servidek-servipak\/#primaryimage\"},\"thumbnailUrl\":\"https:\/\/proventuss.eu\/wp-content\/uploads\/2022\/04\/hydro-servepak-servidek.jpg\",\"datePublished\":\"2022-04-26T09:30:23+00:00\",\"dateModified\":\"2022-04-26T09:30:23+00:00\",\"breadcrumb\":{\"@id\":\"https:\/\/proventuss.eu\/ro\/produkt\/hidroizolatie-lichida-servidek-servipak\/#breadcrumb\"},\"inLanguage\":\"ro-RO\",\"potentialAction\":[{\"@type\":\"ReadAction\",\"target\":[\"https:\/\/proventuss.eu\/ro\/produkt\/hidroizolatie-lichida-servidek-servipak\/\"]}]},{\"@type\":\"ImageObject\",\"inLanguage\":\"ro-RO\",\"@id\":\"https:\/\/proventuss.eu\/ro\/produkt\/hidroizolatie-lichida-servidek-servipak\/#primaryimage\",\"url\":\"https:\/\/proventuss.eu\/wp-content\/uploads\/2022\/04\/hydro-servepak-servidek.jpg\",\"contentUrl\":\"https:\/\/proventuss.eu\/wp-content\/uploads\/2022\/04\/hydro-servepak-servidek.jpg\",\"width\":1024,\"height\":683},{\"@type\":\"BreadcrumbList\",\"@id\":\"https:\/\/proventuss.eu\/ro\/produkt\/hidroizolatie-lichida-servidek-servipak\/#breadcrumb\",\"itemListElement\":[{\"@type\":\"ListItem\",\"position\":1,\"name\":\"Home\",\"item\":\"https:\/\/proventuss.eu\/ro\/\"},{\"@type\":\"ListItem\",\"position\":2,\"name\":\"Produse\",\"item\":\"https:\/\/proventuss.eu\/produse\/\"},{\"@type\":\"ListItem\",\"position\":3,\"name\":\"Hidroizola\u021bie lichid\u0103 Servidek\u00ae\/Servipak\u00ae\"}]},{\"@type\":\"WebSite\",\"@id\":\"https:\/\/proventuss.eu\/#website\",\"url\":\"https:\/\/proventuss.eu\/\",\"name\":\"Proventuss\",\"description\":\"\",\"potentialAction\":[{\"@type\":\"SearchAction\",\"target\":{\"@type\":\"EntryPoint\",\"urlTemplate\":\"https:\/\/proventuss.eu\/?s={search_term_string}\"},\"query-input\":\"required name=search_term_string\"}],\"inLanguage\":\"ro-RO\"}]}<\/script>\n<!-- \/ Yoast SEO plugin. -->","yoast_head_json":{"title":"Hidroizola\u021bie lichid\u0103 Servidek\u00ae\/Servipak\u00ae - Proventuss","robots":{"index":"index","follow":"follow","max-snippet":"max-snippet:-1","max-image-preview":"max-image-preview:large","max-video-preview":"max-video-preview:-1"},"canonical":"https:\/\/proventuss.eu\/ro\/produkt\/hidroizolatie-lichida-servidek-servipak\/","og_locale":"ro_RO","og_type":"article","og_title":"Hidroizola\u021bie lichid\u0103 Servidek\u00ae\/Servipak\u00ae - Proventuss","og_description":"SISTEM LICHID DE IMPERMEABILIZARE. Material hidroizolant bicomponent din cauciuc sintetic si bitum, aplicat la rece, destinat taverselor din beton si otel ale podurilor rutiere si feroviare. Sistemul Servidek\/Servipak\u00ae este utilizat pentru izolarea noilor structuri precum \u0219i pentru \u00eenlocuirea izola\u021biei pe podurile renovate, minimiz\u00e2nd opririle de trafic pe aceste structuri. AVANTAJE: \u2022 tolereaza suprafetele umede \u2013 [&hellip;]","og_url":"https:\/\/proventuss.eu\/ro\/produkt\/hidroizolatie-lichida-servidek-servipak\/","og_site_name":"Proventuss","og_image":[{"width":1024,"height":683,"url":"https:\/\/proventuss.eu\/wp-content\/uploads\/2022\/04\/hydro-servepak-servidek.jpg","type":"image\/jpeg"}],"twitter_card":"summary_large_image","twitter_misc":{"Timp estimat pentru citire":"1 minut"},"schema":{"@context":"https:\/\/schema.org","@graph":[{"@type":"WebPage","@id":"https:\/\/proventuss.eu\/ro\/produkt\/hidroizolatie-lichida-servidek-servipak\/","url":"https:\/\/proventuss.eu\/ro\/produkt\/hidroizolatie-lichida-servidek-servipak\/","name":"Hidroizola\u021bie lichid\u0103 Servidek\u00ae\/Servipak\u00ae - Proventuss","isPartOf":{"@id":"https:\/\/proventuss.eu\/#website"},"primaryImageOfPage":{"@id":"https:\/\/proventuss.eu\/ro\/produkt\/hidroizolatie-lichida-servidek-servipak\/#primaryimage"},"image":{"@id":"https:\/\/proventuss.eu\/ro\/produkt\/hidroizolatie-lichida-servidek-servipak\/#primaryimage"},"thumbnailUrl":"https:\/\/proventuss.eu\/wp-content\/uploads\/2022\/04\/hydro-servepak-servidek.jpg","datePublished":"2022-04-26T09:30:23+00:00","dateModified":"2022-04-26T09:30:23+00:00","breadcrumb":{"@id":"https:\/\/proventuss.eu\/ro\/produkt\/hidroizolatie-lichida-servidek-servipak\/#breadcrumb"},"inLanguage":"ro-RO","potentialAction":[{"@type":"ReadAction","target":["https:\/\/proventuss.eu\/ro\/produkt\/hidroizolatie-lichida-servidek-servipak\/"]}]},{"@type":"ImageObject","inLanguage":"ro-RO","@id":"https:\/\/proventuss.eu\/ro\/produkt\/hidroizolatie-lichida-servidek-servipak\/#primaryimage","url":"https:\/\/proventuss.eu\/wp-content\/uploads\/2022\/04\/hydro-servepak-servidek.jpg","contentUrl":"https:\/\/proventuss.eu\/wp-content\/uploads\/2022\/04\/hydro-servepak-servidek.jpg","width":1024,"height":683},{"@type":"BreadcrumbList","@id":"https:\/\/proventuss.eu\/ro\/produkt\/hidroizolatie-lichida-servidek-servipak\/#breadcrumb","itemListElement":[{"@type":"ListItem","position":1,"name":"Home","item":"https:\/\/proventuss.eu\/ro\/"},{"@type":"ListItem","position":2,"name":"Produse","item":"https:\/\/proventuss.eu\/produse\/"},{"@type":"ListItem","position":3,"name":"Hidroizola\u021bie lichid\u0103 Servidek\u00ae\/Servipak\u00ae"}]},{"@type":"WebSite","@id":"https:\/\/proventuss.eu\/#website","url":"https:\/\/proventuss.eu\/","name":"Proventuss","description":"","potentialAction":[{"@type":"SearchAction","target":{"@type":"EntryPoint","urlTemplate":"https:\/\/proventuss.eu\/?s={search_term_string}"},"query-input":"required name=search_term_string"}],"inLanguage":"ro-RO"}]}},"_links":{"self":[{"href":"https:\/\/proventuss.eu\/ro\/wp-json\/wp\/v2\/product\/12817"}],"collection":[{"href":"https:\/\/proventuss.eu\/ro\/wp-json\/wp\/v2\/product"}],"about":[{"href":"https:\/\/proventuss.eu\/ro\/wp-json\/wp\/v2\/types\/product"}],"replies":[{"embeddable":true,"href":"https:\/\/proventuss.eu\/ro\/wp-json\/wp\/v2\/comments?post=12817"}],"wp:featuredmedia":[{"embeddable":true,"href":"https:\/\/proventuss.eu\/ro\/wp-json\/wp\/v2\/media\/9711"}],"wp:attachment":[{"href":"https:\/\/proventuss.eu\/ro\/wp-json\/wp\/v2\/media?parent=12817"}],"wp:term":[{"taxonomy":"product_cat","embeddable":true,"href":"https:\/\/proventuss.eu\/ro\/wp-json\/wp\/v2\/product_cat?post=12817"},{"taxonomy":"product_tag","embeddable":true,"href":"https:\/\/proventuss.eu\/ro\/wp-json\/wp\/v2\/product_tag?post=12817"}],"curies":[{"name":"wp","href":"https:\/\/api.w.org\/{rel}","templated":true}]}}