{"id":12816,"date":"2022-04-26T09:26:20","date_gmt":"2022-04-26T09:26:20","guid":{"rendered":"https:\/\/proventuss.eu\/produkt\/film-hdpe-system-preprufe\/"},"modified":"2022-04-26T09:26:20","modified_gmt":"2022-04-26T09:26:20","slug":"film-hdpe-system-preprufe","status":"publish","type":"product","link":"https:\/\/proventuss.eu\/ro\/produs\/film-hdpe-system-preprufe\/","title":{"rendered":"Film HDPE System Preprufe\u00ae"},"content":{"rendered":"<p>PREPRUFE ESTE UN FILM HDPE MODIFICAT, care este acoperit pe o parte cu un agent care asigura o aderenta eficienta la legatura structurala cu betonul. Aceast\u0103 aderen\u021b\u0103 este sporit\u0103 de greutatea betonului \u0219i nu permite migrarea apei \u00eentre izola\u021bie \u0219i beton. Din acelea\u0219i motive, sistemul Preprufe nu este susceptibil la contaminarea solului.<\/p>\n<p>AVANTAJE:<br \/>\n\u2022 rezistent la intemperii pana la 40 de zile din momentul ouarii<br \/>\n\u2022 este o barier\u0103 eficient\u0103 \u00eempotriva apei, umidit\u0103\u021bii, radonului \u0219i metanului<br \/>\n\u2022 este rezistent la agenti chimici, in special saruri, cloruri si sulfuri<br \/>\n\u2022 este rezistent la presiunea hidrostatica de pana la 70 m de coloana de apa, atat la articulatii cat si impotriva migrarii laterale a apei<br \/>\n\u2022 nu este necesar beton de protec\u021bie<br \/>\n\u2022 sistemul are marcajul CE \u0219i aprob\u0103rile interna\u021bionale, de ex. BBA, IBDiM, COBR, EOTA, ICITE, CSTB<\/p>\n<p>Sistemul Preprufe asigur\u0103 rapiditatea \u0219i simplitatea implement\u0103rii, independen\u021ba fa\u021b\u0103 de condi\u021biile meteorologice, minimizeaz\u0103 riscul de gre\u0219eal\u0103 \u0219i economise\u0219te timp \u0219i costuri.<\/p>\n","protected":false},"excerpt":{"rendered":"<p>PREPRUFE ESTE UN FILM HDPE MODIFICAT, care este acoperit pe o parte cu un agent care asigura o aderenta eficienta la legatura structurala cu betonul. Aceast\u0103 aderen\u021b\u0103 este sporit\u0103 de greutatea betonului \u0219i nu permite migrarea apei \u00eentre izola\u021bie \u0219i beton. Din acelea\u0219i motive, sistemul Preprufe nu este susceptibil la contaminarea solului. AVANTAJE: \u2022 rezistent [&hellip;]<\/p>\n","protected":false},"featured_media":12576,"comment_status":"open","ping_status":"closed","template":"","meta":{"_acf_changed":false},"product_cat":[460],"product_tag":[],"acf":[],"yoast_head":"<!-- This site is optimized with the Yoast SEO plugin v22.9 - https:\/\/yoast.com\/wordpress\/plugins\/seo\/ -->\n<title>Film HDPE System Preprufe\u00ae - Proventuss<\/title>\n<meta name=\"robots\" content=\"index, follow, max-snippet:-1, max-image-preview:large, max-video-preview:-1\" \/>\n<link rel=\"canonical\" href=\"https:\/\/proventuss.eu\/ro\/produkt\/film-hdpe-system-preprufe\/\" \/>\n<meta property=\"og:locale\" content=\"ro_RO\" \/>\n<meta property=\"og:type\" content=\"article\" \/>\n<meta property=\"og:title\" content=\"Film HDPE System Preprufe\u00ae - Proventuss\" \/>\n<meta property=\"og:description\" content=\"PREPRUFE ESTE UN FILM HDPE MODIFICAT, care este acoperit pe o parte cu un agent care asigura o aderenta eficienta la legatura structurala cu betonul. Aceast\u0103 aderen\u021b\u0103 este sporit\u0103 de greutatea betonului \u0219i nu permite migrarea apei \u00eentre izola\u021bie \u0219i beton. Din acelea\u0219i motive, sistemul Preprufe nu este susceptibil la contaminarea solului. AVANTAJE: \u2022 rezistent [&hellip;]\" \/>\n<meta property=\"og:url\" content=\"https:\/\/proventuss.eu\/ro\/produkt\/film-hdpe-system-preprufe\/\" \/>\n<meta property=\"og:site_name\" content=\"Proventuss\" \/>\n<meta property=\"og:image\" content=\"https:\/\/proventuss.eu\/wp-content\/uploads\/2022\/04\/SystemPreprufeFoliaHDPE--scaled.jpg\" \/>\n\t<meta property=\"og:image:width\" content=\"2560\" \/>\n\t<meta property=\"og:image:height\" content=\"1920\" \/>\n\t<meta property=\"og:image:type\" content=\"image\/jpeg\" \/>\n<meta name=\"twitter:card\" content=\"summary_large_image\" \/>\n<meta name=\"twitter:label1\" content=\"Timp estimat pentru citire\" \/>\n\t<meta name=\"twitter:data1\" content=\"1 minut\" \/>\n<script type=\"application\/ld+json\" class=\"yoast-schema-graph\">{\"@context\":\"https:\/\/schema.org\",\"@graph\":[{\"@type\":\"WebPage\",\"@id\":\"https:\/\/proventuss.eu\/ro\/produkt\/film-hdpe-system-preprufe\/\",\"url\":\"https:\/\/proventuss.eu\/ro\/produkt\/film-hdpe-system-preprufe\/\",\"name\":\"Film HDPE System Preprufe\u00ae - Proventuss\",\"isPartOf\":{\"@id\":\"https:\/\/proventuss.eu\/#website\"},\"primaryImageOfPage\":{\"@id\":\"https:\/\/proventuss.eu\/ro\/produkt\/film-hdpe-system-preprufe\/#primaryimage\"},\"image\":{\"@id\":\"https:\/\/proventuss.eu\/ro\/produkt\/film-hdpe-system-preprufe\/#primaryimage\"},\"thumbnailUrl\":\"https:\/\/proventuss.eu\/wp-content\/uploads\/2022\/04\/SystemPreprufeFoliaHDPE--scaled.jpg\",\"datePublished\":\"2022-04-26T09:26:20+00:00\",\"dateModified\":\"2022-04-26T09:26:20+00:00\",\"breadcrumb\":{\"@id\":\"https:\/\/proventuss.eu\/ro\/produkt\/film-hdpe-system-preprufe\/#breadcrumb\"},\"inLanguage\":\"ro-RO\",\"potentialAction\":[{\"@type\":\"ReadAction\",\"target\":[\"https:\/\/proventuss.eu\/ro\/produkt\/film-hdpe-system-preprufe\/\"]}]},{\"@type\":\"ImageObject\",\"inLanguage\":\"ro-RO\",\"@id\":\"https:\/\/proventuss.eu\/ro\/produkt\/film-hdpe-system-preprufe\/#primaryimage\",\"url\":\"https:\/\/proventuss.eu\/wp-content\/uploads\/2022\/04\/SystemPreprufeFoliaHDPE--scaled.jpg\",\"contentUrl\":\"https:\/\/proventuss.eu\/wp-content\/uploads\/2022\/04\/SystemPreprufeFoliaHDPE--scaled.jpg\",\"width\":2560,\"height\":1920},{\"@type\":\"BreadcrumbList\",\"@id\":\"https:\/\/proventuss.eu\/ro\/produkt\/film-hdpe-system-preprufe\/#breadcrumb\",\"itemListElement\":[{\"@type\":\"ListItem\",\"position\":1,\"name\":\"Home\",\"item\":\"https:\/\/proventuss.eu\/ro\/\"},{\"@type\":\"ListItem\",\"position\":2,\"name\":\"Produse\",\"item\":\"https:\/\/proventuss.eu\/produse\/\"},{\"@type\":\"ListItem\",\"position\":3,\"name\":\"Film HDPE System Preprufe\u00ae\"}]},{\"@type\":\"WebSite\",\"@id\":\"https:\/\/proventuss.eu\/#website\",\"url\":\"https:\/\/proventuss.eu\/\",\"name\":\"Proventuss\",\"description\":\"\",\"potentialAction\":[{\"@type\":\"SearchAction\",\"target\":{\"@type\":\"EntryPoint\",\"urlTemplate\":\"https:\/\/proventuss.eu\/?s={search_term_string}\"},\"query-input\":\"required name=search_term_string\"}],\"inLanguage\":\"ro-RO\"}]}<\/script>\n<!-- \/ Yoast SEO plugin. -->","yoast_head_json":{"title":"Film HDPE System Preprufe\u00ae - Proventuss","robots":{"index":"index","follow":"follow","max-snippet":"max-snippet:-1","max-image-preview":"max-image-preview:large","max-video-preview":"max-video-preview:-1"},"canonical":"https:\/\/proventuss.eu\/ro\/produkt\/film-hdpe-system-preprufe\/","og_locale":"ro_RO","og_type":"article","og_title":"Film HDPE System Preprufe\u00ae - Proventuss","og_description":"PREPRUFE ESTE UN FILM HDPE MODIFICAT, care este acoperit pe o parte cu un agent care asigura o aderenta eficienta la legatura structurala cu betonul. Aceast\u0103 aderen\u021b\u0103 este sporit\u0103 de greutatea betonului \u0219i nu permite migrarea apei \u00eentre izola\u021bie \u0219i beton. Din acelea\u0219i motive, sistemul Preprufe nu este susceptibil la contaminarea solului. AVANTAJE: \u2022 rezistent [&hellip;]","og_url":"https:\/\/proventuss.eu\/ro\/produkt\/film-hdpe-system-preprufe\/","og_site_name":"Proventuss","og_image":[{"width":2560,"height":1920,"url":"https:\/\/proventuss.eu\/wp-content\/uploads\/2022\/04\/SystemPreprufeFoliaHDPE--scaled.jpg","type":"image\/jpeg"}],"twitter_card":"summary_large_image","twitter_misc":{"Timp estimat pentru citire":"1 minut"},"schema":{"@context":"https:\/\/schema.org","@graph":[{"@type":"WebPage","@id":"https:\/\/proventuss.eu\/ro\/produkt\/film-hdpe-system-preprufe\/","url":"https:\/\/proventuss.eu\/ro\/produkt\/film-hdpe-system-preprufe\/","name":"Film HDPE System Preprufe\u00ae - Proventuss","isPartOf":{"@id":"https:\/\/proventuss.eu\/#website"},"primaryImageOfPage":{"@id":"https:\/\/proventuss.eu\/ro\/produkt\/film-hdpe-system-preprufe\/#primaryimage"},"image":{"@id":"https:\/\/proventuss.eu\/ro\/produkt\/film-hdpe-system-preprufe\/#primaryimage"},"thumbnailUrl":"https:\/\/proventuss.eu\/wp-content\/uploads\/2022\/04\/SystemPreprufeFoliaHDPE--scaled.jpg","datePublished":"2022-04-26T09:26:20+00:00","dateModified":"2022-04-26T09:26:20+00:00","breadcrumb":{"@id":"https:\/\/proventuss.eu\/ro\/produkt\/film-hdpe-system-preprufe\/#breadcrumb"},"inLanguage":"ro-RO","potentialAction":[{"@type":"ReadAction","target":["https:\/\/proventuss.eu\/ro\/produkt\/film-hdpe-system-preprufe\/"]}]},{"@type":"ImageObject","inLanguage":"ro-RO","@id":"https:\/\/proventuss.eu\/ro\/produkt\/film-hdpe-system-preprufe\/#primaryimage","url":"https:\/\/proventuss.eu\/wp-content\/uploads\/2022\/04\/SystemPreprufeFoliaHDPE--scaled.jpg","contentUrl":"https:\/\/proventuss.eu\/wp-content\/uploads\/2022\/04\/SystemPreprufeFoliaHDPE--scaled.jpg","width":2560,"height":1920},{"@type":"BreadcrumbList","@id":"https:\/\/proventuss.eu\/ro\/produkt\/film-hdpe-system-preprufe\/#breadcrumb","itemListElement":[{"@type":"ListItem","position":1,"name":"Home","item":"https:\/\/proventuss.eu\/ro\/"},{"@type":"ListItem","position":2,"name":"Produse","item":"https:\/\/proventuss.eu\/produse\/"},{"@type":"ListItem","position":3,"name":"Film HDPE System Preprufe\u00ae"}]},{"@type":"WebSite","@id":"https:\/\/proventuss.eu\/#website","url":"https:\/\/proventuss.eu\/","name":"Proventuss","description":"","potentialAction":[{"@type":"SearchAction","target":{"@type":"EntryPoint","urlTemplate":"https:\/\/proventuss.eu\/?s={search_term_string}"},"query-input":"required name=search_term_string"}],"inLanguage":"ro-RO"}]}},"_links":{"self":[{"href":"https:\/\/proventuss.eu\/ro\/wp-json\/wp\/v2\/product\/12816"}],"collection":[{"href":"https:\/\/proventuss.eu\/ro\/wp-json\/wp\/v2\/product"}],"about":[{"href":"https:\/\/proventuss.eu\/ro\/wp-json\/wp\/v2\/types\/product"}],"replies":[{"embeddable":true,"href":"https:\/\/proventuss.eu\/ro\/wp-json\/wp\/v2\/comments?post=12816"}],"wp:featuredmedia":[{"embeddable":true,"href":"https:\/\/proventuss.eu\/ro\/wp-json\/wp\/v2\/media\/12576"}],"wp:attachment":[{"href":"https:\/\/proventuss.eu\/ro\/wp-json\/wp\/v2\/media?parent=12816"}],"wp:term":[{"taxonomy":"product_cat","embeddable":true,"href":"https:\/\/proventuss.eu\/ro\/wp-json\/wp\/v2\/product_cat?post=12816"},{"taxonomy":"product_tag","embeddable":true,"href":"https:\/\/proventuss.eu\/ro\/wp-json\/wp\/v2\/product_tag?post=12816"}],"curies":[{"name":"wp","href":"https:\/\/api.w.org\/{rel}","templated":true}]}}