{"id":12815,"date":"2022-04-26T09:33:42","date_gmt":"2022-04-26T09:33:42","guid":{"rendered":"https:\/\/proventuss.eu\/produkt\/12815\/"},"modified":"2023-04-28T08:30:44","modified_gmt":"2023-04-28T08:30:44","slug":"membrana-hidroizolatoare-bituthene","status":"publish","type":"product","link":"https:\/\/proventuss.eu\/ro\/produs\/membrana-hidroizolatoare-bituthene\/","title":{"rendered":"Membrana hidroizolatoare BITUTHENE\u00ae"},"content":{"rendered":"<p>Piete si parcari. Acoperi\u0219uri inversate, acoperi\u0219uri verzi \u0219i terase \u00eenalte. Pere\u021bii subsolului. Tuneluri, sta\u021bii de metrou \u0219i produse de infrastructur\u0103. Pentru aceste aplica\u021bii \u0219i multe altele, exist\u0103 produsul BITUTHENE\u00ae dezvoltat de GCP. BITUTHENE\u00ae este un SISTEM DE MEMBRAN\u0102 DE IMPERMEABILIZARE aplicat dup\u0103 turnarea betonului. Eficacitatea sa a fost confirmat\u0103 \u00een multe proiecte diferite. De lung\u0103 durat\u0103, versatil \u0219i u\u0219or de instalat.<\/p>\n<p>AVANTAJE:<br \/>\n\u2022 folie solida si adeziv special dezvoltat asigura protectie maxima impotriva apei<br \/>\n\u2022 Membrana flexibil\u0103 \u0219i puternic\u0103 ofer\u0103 capacitatea de a lep\u0103da fisurile \u0219i se mi\u0219c\u0103 cu betonul, g\u0103zduind o tasare fin\u0103<br \/>\n\u2022 grosimea controlat\u0103 asigur\u0103 nicio abatere<\/p>\n<p>BITUTHENE\u00ae este disponibil \u00een mai multe tipuri, adaptate nevoilor proiectului. Este furnizat \u00een foi u\u0219or de asamblat, poate fi instalat la rece p\u00e2n\u0103 la -5\u00b0C \u0219i poate fi amplasat pe o mare varietate de suprafe\u021be de beton. Propriet\u0103\u021bile sale robuste de impermeabilizare, combinate cu instalarea u\u0219oar\u0103, asigur\u0103 c\u0103 produsul este prietenos cu antreprenorii, oferind cl\u0103dirilor valoare ad\u0103ugat\u0103.<\/p>\n","protected":false},"excerpt":{"rendered":"<p>Piete si parcari. Acoperi\u0219uri inversate, acoperi\u0219uri verzi \u0219i terase \u00eenalte. Pere\u021bii subsolului. Tuneluri, sta\u021bii de metrou \u0219i produse de infrastructur\u0103. Pentru aceste aplica\u021bii \u0219i multe altele, exist\u0103 produsul BITUTHENE\u00ae dezvoltat de GCP. BITUTHENE\u00ae este un SISTEM DE MEMBRAN\u0102 DE IMPERMEABILIZARE aplicat dup\u0103 turnarea betonului. Eficacitatea sa a fost confirmat\u0103 \u00een multe proiecte diferite. De lung\u0103 [&hellip;]<\/p>\n","protected":false},"featured_media":9710,"comment_status":"open","ping_status":"closed","template":"","meta":{"_acf_changed":false},"product_cat":[460],"product_tag":[],"acf":[],"yoast_head":"<!-- This site is optimized with the Yoast SEO plugin v22.9 - https:\/\/yoast.com\/wordpress\/plugins\/seo\/ -->\n<title>Membrana hidroizolatoare BITUTHENE\u00ae - Proventuss<\/title>\n<meta name=\"robots\" content=\"index, follow, max-snippet:-1, max-image-preview:large, max-video-preview:-1\" \/>\n<link rel=\"canonical\" href=\"https:\/\/proventuss.eu\/produkt\/bituthene\/\" \/>\n<meta property=\"og:locale\" content=\"ro_RO\" \/>\n<meta property=\"og:type\" content=\"article\" \/>\n<meta property=\"og:title\" content=\"Membrana hidroizolatoare BITUTHENE\u00ae - Proventuss\" \/>\n<meta property=\"og:description\" content=\"Piete si parcari. Acoperi\u0219uri inversate, acoperi\u0219uri verzi \u0219i terase \u00eenalte. Pere\u021bii subsolului. Tuneluri, sta\u021bii de metrou \u0219i produse de infrastructur\u0103. Pentru aceste aplica\u021bii \u0219i multe altele, exist\u0103 produsul BITUTHENE\u00ae dezvoltat de GCP. BITUTHENE\u00ae este un SISTEM DE MEMBRAN\u0102 DE IMPERMEABILIZARE aplicat dup\u0103 turnarea betonului. Eficacitatea sa a fost confirmat\u0103 \u00een multe proiecte diferite. De lung\u0103 [&hellip;]\" \/>\n<meta property=\"og:url\" content=\"https:\/\/proventuss.eu\/produkt\/bituthene\/\" \/>\n<meta property=\"og:site_name\" content=\"Proventuss\" \/>\n<meta property=\"article:modified_time\" content=\"2023-04-28T08:30:44+00:00\" \/>\n<meta property=\"og:image\" content=\"https:\/\/proventuss.eu\/wp-content\/uploads\/2022\/04\/hydro-bituthene.jpg\" \/>\n\t<meta property=\"og:image:width\" content=\"1024\" \/>\n\t<meta property=\"og:image:height\" content=\"678\" \/>\n\t<meta property=\"og:image:type\" content=\"image\/jpeg\" \/>\n<meta name=\"twitter:card\" content=\"summary_large_image\" \/>\n<meta name=\"twitter:label1\" content=\"Timp estimat pentru citire\" \/>\n\t<meta name=\"twitter:data1\" content=\"1 minut\" \/>\n<script type=\"application\/ld+json\" class=\"yoast-schema-graph\">{\"@context\":\"https:\/\/schema.org\",\"@graph\":[{\"@type\":\"WebPage\",\"@id\":\"https:\/\/proventuss.eu\/produkt\/bituthene\/\",\"url\":\"https:\/\/proventuss.eu\/produkt\/bituthene\/\",\"name\":\"Membrana hidroizolatoare BITUTHENE\u00ae - Proventuss\",\"isPartOf\":{\"@id\":\"https:\/\/proventuss.eu\/#website\"},\"primaryImageOfPage\":{\"@id\":\"https:\/\/proventuss.eu\/produkt\/bituthene\/#primaryimage\"},\"image\":{\"@id\":\"https:\/\/proventuss.eu\/produkt\/bituthene\/#primaryimage\"},\"thumbnailUrl\":\"https:\/\/proventuss.eu\/wp-content\/uploads\/2022\/04\/hydro-bituthene.jpg\",\"datePublished\":\"2022-04-26T09:33:42+00:00\",\"dateModified\":\"2023-04-28T08:30:44+00:00\",\"breadcrumb\":{\"@id\":\"https:\/\/proventuss.eu\/produkt\/bituthene\/#breadcrumb\"},\"inLanguage\":\"ro-RO\",\"potentialAction\":[{\"@type\":\"ReadAction\",\"target\":[\"https:\/\/proventuss.eu\/produkt\/bituthene\/\"]}]},{\"@type\":\"ImageObject\",\"inLanguage\":\"ro-RO\",\"@id\":\"https:\/\/proventuss.eu\/produkt\/bituthene\/#primaryimage\",\"url\":\"https:\/\/proventuss.eu\/wp-content\/uploads\/2022\/04\/hydro-bituthene.jpg\",\"contentUrl\":\"https:\/\/proventuss.eu\/wp-content\/uploads\/2022\/04\/hydro-bituthene.jpg\",\"width\":1024,\"height\":678},{\"@type\":\"BreadcrumbList\",\"@id\":\"https:\/\/proventuss.eu\/produkt\/bituthene\/#breadcrumb\",\"itemListElement\":[{\"@type\":\"ListItem\",\"position\":1,\"name\":\"Home\",\"item\":\"https:\/\/proventuss.eu\/ro\/\"},{\"@type\":\"ListItem\",\"position\":2,\"name\":\"Produse\",\"item\":\"https:\/\/proventuss.eu\/produse\/\"},{\"@type\":\"ListItem\",\"position\":3,\"name\":\"Membrana hidroizolatoare BITUTHENE\u00ae\"}]},{\"@type\":\"WebSite\",\"@id\":\"https:\/\/proventuss.eu\/#website\",\"url\":\"https:\/\/proventuss.eu\/\",\"name\":\"Proventuss\",\"description\":\"\",\"potentialAction\":[{\"@type\":\"SearchAction\",\"target\":{\"@type\":\"EntryPoint\",\"urlTemplate\":\"https:\/\/proventuss.eu\/?s={search_term_string}\"},\"query-input\":\"required name=search_term_string\"}],\"inLanguage\":\"ro-RO\"}]}<\/script>\n<!-- \/ Yoast SEO plugin. -->","yoast_head_json":{"title":"Membrana hidroizolatoare BITUTHENE\u00ae - Proventuss","robots":{"index":"index","follow":"follow","max-snippet":"max-snippet:-1","max-image-preview":"max-image-preview:large","max-video-preview":"max-video-preview:-1"},"canonical":"https:\/\/proventuss.eu\/produkt\/bituthene\/","og_locale":"ro_RO","og_type":"article","og_title":"Membrana hidroizolatoare BITUTHENE\u00ae - Proventuss","og_description":"Piete si parcari. Acoperi\u0219uri inversate, acoperi\u0219uri verzi \u0219i terase \u00eenalte. Pere\u021bii subsolului. Tuneluri, sta\u021bii de metrou \u0219i produse de infrastructur\u0103. Pentru aceste aplica\u021bii \u0219i multe altele, exist\u0103 produsul BITUTHENE\u00ae dezvoltat de GCP. BITUTHENE\u00ae este un SISTEM DE MEMBRAN\u0102 DE IMPERMEABILIZARE aplicat dup\u0103 turnarea betonului. Eficacitatea sa a fost confirmat\u0103 \u00een multe proiecte diferite. De lung\u0103 [&hellip;]","og_url":"https:\/\/proventuss.eu\/produkt\/bituthene\/","og_site_name":"Proventuss","article_modified_time":"2023-04-28T08:30:44+00:00","og_image":[{"width":1024,"height":678,"url":"https:\/\/proventuss.eu\/wp-content\/uploads\/2022\/04\/hydro-bituthene.jpg","type":"image\/jpeg"}],"twitter_card":"summary_large_image","twitter_misc":{"Timp estimat pentru citire":"1 minut"},"schema":{"@context":"https:\/\/schema.org","@graph":[{"@type":"WebPage","@id":"https:\/\/proventuss.eu\/produkt\/bituthene\/","url":"https:\/\/proventuss.eu\/produkt\/bituthene\/","name":"Membrana hidroizolatoare BITUTHENE\u00ae - Proventuss","isPartOf":{"@id":"https:\/\/proventuss.eu\/#website"},"primaryImageOfPage":{"@id":"https:\/\/proventuss.eu\/produkt\/bituthene\/#primaryimage"},"image":{"@id":"https:\/\/proventuss.eu\/produkt\/bituthene\/#primaryimage"},"thumbnailUrl":"https:\/\/proventuss.eu\/wp-content\/uploads\/2022\/04\/hydro-bituthene.jpg","datePublished":"2022-04-26T09:33:42+00:00","dateModified":"2023-04-28T08:30:44+00:00","breadcrumb":{"@id":"https:\/\/proventuss.eu\/produkt\/bituthene\/#breadcrumb"},"inLanguage":"ro-RO","potentialAction":[{"@type":"ReadAction","target":["https:\/\/proventuss.eu\/produkt\/bituthene\/"]}]},{"@type":"ImageObject","inLanguage":"ro-RO","@id":"https:\/\/proventuss.eu\/produkt\/bituthene\/#primaryimage","url":"https:\/\/proventuss.eu\/wp-content\/uploads\/2022\/04\/hydro-bituthene.jpg","contentUrl":"https:\/\/proventuss.eu\/wp-content\/uploads\/2022\/04\/hydro-bituthene.jpg","width":1024,"height":678},{"@type":"BreadcrumbList","@id":"https:\/\/proventuss.eu\/produkt\/bituthene\/#breadcrumb","itemListElement":[{"@type":"ListItem","position":1,"name":"Home","item":"https:\/\/proventuss.eu\/ro\/"},{"@type":"ListItem","position":2,"name":"Produse","item":"https:\/\/proventuss.eu\/produse\/"},{"@type":"ListItem","position":3,"name":"Membrana hidroizolatoare BITUTHENE\u00ae"}]},{"@type":"WebSite","@id":"https:\/\/proventuss.eu\/#website","url":"https:\/\/proventuss.eu\/","name":"Proventuss","description":"","potentialAction":[{"@type":"SearchAction","target":{"@type":"EntryPoint","urlTemplate":"https:\/\/proventuss.eu\/?s={search_term_string}"},"query-input":"required name=search_term_string"}],"inLanguage":"ro-RO"}]}},"_links":{"self":[{"href":"https:\/\/proventuss.eu\/ro\/wp-json\/wp\/v2\/product\/12815"}],"collection":[{"href":"https:\/\/proventuss.eu\/ro\/wp-json\/wp\/v2\/product"}],"about":[{"href":"https:\/\/proventuss.eu\/ro\/wp-json\/wp\/v2\/types\/product"}],"replies":[{"embeddable":true,"href":"https:\/\/proventuss.eu\/ro\/wp-json\/wp\/v2\/comments?post=12815"}],"wp:featuredmedia":[{"embeddable":true,"href":"https:\/\/proventuss.eu\/ro\/wp-json\/wp\/v2\/media\/9710"}],"wp:attachment":[{"href":"https:\/\/proventuss.eu\/ro\/wp-json\/wp\/v2\/media?parent=12815"}],"wp:term":[{"taxonomy":"product_cat","embeddable":true,"href":"https:\/\/proventuss.eu\/ro\/wp-json\/wp\/v2\/product_cat?post=12815"},{"taxonomy":"product_tag","embeddable":true,"href":"https:\/\/proventuss.eu\/ro\/wp-json\/wp\/v2\/product_tag?post=12815"}],"curies":[{"name":"wp","href":"https:\/\/api.w.org\/{rel}","templated":true}]}}