{"id":12704,"date":"2023-03-22T10:56:20","date_gmt":"2023-03-22T10:56:20","guid":{"rendered":"https:\/\/proventuss.eu\/produkt\/graco-pompa-baterie\/"},"modified":"2023-03-22T10:56:20","modified_gmt":"2023-03-22T10:56:20","slug":"graco-pompa-baterie","status":"publish","type":"product","link":"https:\/\/proventuss.eu\/ro\/produs\/graco-pompa-baterie\/","title":{"rendered":"GRACO pomp\u0103 baterie"},"content":{"rendered":"<p>Echipament avansat de spray manual airless<br \/>\nSmartControl pentru Perfect Airless Finish cu spray manual. Presiunea setat\u0103 precis acoper\u0103 suprafa\u021ba cu un strat la orice vitez\u0103 &#8211; f\u0103r\u0103 sub\u021biere! Func\u021bia ProControl regleaz\u0103 viteza motorului pentru un control total al presiunii. Pulverizeaz\u0103 toate straturile arhitecturale.<\/p>\n<p><strong>AVANTAJE:<\/strong><br \/>\n&#8211; Perfect Airless Finish \u2013 suprafa\u021b\u0103 neted\u0103 \u015fi egal\u0103 indiferent de vitez\u0103. Un singur strat, f\u0103r\u0103 dilu\u021bia materialului \u2013 toate straturile arhitecturii interioare \u015fi de finish<br \/>\n&#8211; Fiabilitate \u2013 mereu \u015fi pentru orice job. Design nou pentru o cur\u0103\u021bare u\u015foar\u0103.<\/p>\n","protected":false},"excerpt":{"rendered":"<p>Echipament avansat de spray manual airless SmartControl pentru Perfect Airless Finish cu spray manual. Presiunea setat\u0103 precis acoper\u0103 suprafa\u021ba cu un strat la orice vitez\u0103 &#8211; f\u0103r\u0103 sub\u021biere! Func\u021bia ProControl regleaz\u0103 viteza motorului pentru un control total al presiunii. Pulverizeaz\u0103 toate straturile arhitecturale. AVANTAJE: &#8211; Perfect Airless Finish \u2013 suprafa\u021b\u0103 neted\u0103 \u015fi egal\u0103 indiferent de [&hellip;]<\/p>\n","protected":false},"featured_media":11803,"comment_status":"open","ping_status":"closed","template":"","meta":{"_acf_changed":false},"product_cat":[411,409],"product_tag":[],"acf":[],"yoast_head":"<!-- This site is optimized with the Yoast SEO plugin v22.9 - https:\/\/yoast.com\/wordpress\/plugins\/seo\/ -->\n<title>GRACO pomp\u0103 baterie - Proventuss<\/title>\n<meta name=\"robots\" content=\"index, follow, max-snippet:-1, max-image-preview:large, max-video-preview:-1\" \/>\n<link rel=\"canonical\" href=\"https:\/\/proventuss.eu\/ro\/produkt\/graco-pompa-baterie\/\" \/>\n<meta property=\"og:locale\" content=\"ro_RO\" \/>\n<meta property=\"og:type\" content=\"article\" \/>\n<meta property=\"og:title\" content=\"GRACO pomp\u0103 baterie - Proventuss\" \/>\n<meta property=\"og:description\" content=\"Echipament avansat de spray manual airless SmartControl pentru Perfect Airless Finish cu spray manual. Presiunea setat\u0103 precis acoper\u0103 suprafa\u021ba cu un strat la orice vitez\u0103 &#8211; f\u0103r\u0103 sub\u021biere! Func\u021bia ProControl regleaz\u0103 viteza motorului pentru un control total al presiunii. Pulverizeaz\u0103 toate straturile arhitecturale. AVANTAJE: &#8211; Perfect Airless Finish \u2013 suprafa\u021b\u0103 neted\u0103 \u015fi egal\u0103 indiferent de [&hellip;]\" \/>\n<meta property=\"og:url\" content=\"https:\/\/proventuss.eu\/ro\/produkt\/graco-pompa-baterie\/\" \/>\n<meta property=\"og:site_name\" content=\"Proventuss\" \/>\n<meta property=\"og:image\" content=\"https:\/\/proventuss.eu\/wp-content\/uploads\/2023\/03\/graco-dewalt-pistolet.jpg\" \/>\n\t<meta property=\"og:image:width\" content=\"1042\" \/>\n\t<meta property=\"og:image:height\" content=\"859\" \/>\n\t<meta property=\"og:image:type\" content=\"image\/jpeg\" \/>\n<meta name=\"twitter:card\" content=\"summary_large_image\" \/>\n<script type=\"application\/ld+json\" class=\"yoast-schema-graph\">{\"@context\":\"https:\/\/schema.org\",\"@graph\":[{\"@type\":\"WebPage\",\"@id\":\"https:\/\/proventuss.eu\/ro\/produkt\/graco-pompa-baterie\/\",\"url\":\"https:\/\/proventuss.eu\/ro\/produkt\/graco-pompa-baterie\/\",\"name\":\"GRACO pomp\u0103 baterie - Proventuss\",\"isPartOf\":{\"@id\":\"https:\/\/proventuss.eu\/#website\"},\"primaryImageOfPage\":{\"@id\":\"https:\/\/proventuss.eu\/ro\/produkt\/graco-pompa-baterie\/#primaryimage\"},\"image\":{\"@id\":\"https:\/\/proventuss.eu\/ro\/produkt\/graco-pompa-baterie\/#primaryimage\"},\"thumbnailUrl\":\"https:\/\/proventuss.eu\/wp-content\/uploads\/2023\/03\/graco-dewalt-pistolet.jpg\",\"datePublished\":\"2023-03-22T10:56:20+00:00\",\"dateModified\":\"2023-03-22T10:56:20+00:00\",\"breadcrumb\":{\"@id\":\"https:\/\/proventuss.eu\/ro\/produkt\/graco-pompa-baterie\/#breadcrumb\"},\"inLanguage\":\"ro-RO\",\"potentialAction\":[{\"@type\":\"ReadAction\",\"target\":[\"https:\/\/proventuss.eu\/ro\/produkt\/graco-pompa-baterie\/\"]}]},{\"@type\":\"ImageObject\",\"inLanguage\":\"ro-RO\",\"@id\":\"https:\/\/proventuss.eu\/ro\/produkt\/graco-pompa-baterie\/#primaryimage\",\"url\":\"https:\/\/proventuss.eu\/wp-content\/uploads\/2023\/03\/graco-dewalt-pistolet.jpg\",\"contentUrl\":\"https:\/\/proventuss.eu\/wp-content\/uploads\/2023\/03\/graco-dewalt-pistolet.jpg\",\"width\":1042,\"height\":859},{\"@type\":\"BreadcrumbList\",\"@id\":\"https:\/\/proventuss.eu\/ro\/produkt\/graco-pompa-baterie\/#breadcrumb\",\"itemListElement\":[{\"@type\":\"ListItem\",\"position\":1,\"name\":\"Home\",\"item\":\"https:\/\/proventuss.eu\/ro\/\"},{\"@type\":\"ListItem\",\"position\":2,\"name\":\"Produse\",\"item\":\"https:\/\/proventuss.eu\/produse\/\"},{\"@type\":\"ListItem\",\"position\":3,\"name\":\"GRACO pomp\u0103 baterie\"}]},{\"@type\":\"WebSite\",\"@id\":\"https:\/\/proventuss.eu\/#website\",\"url\":\"https:\/\/proventuss.eu\/\",\"name\":\"Proventuss\",\"description\":\"\",\"potentialAction\":[{\"@type\":\"SearchAction\",\"target\":{\"@type\":\"EntryPoint\",\"urlTemplate\":\"https:\/\/proventuss.eu\/?s={search_term_string}\"},\"query-input\":\"required name=search_term_string\"}],\"inLanguage\":\"ro-RO\"}]}<\/script>\n<!-- \/ Yoast SEO plugin. -->","yoast_head_json":{"title":"GRACO pomp\u0103 baterie - Proventuss","robots":{"index":"index","follow":"follow","max-snippet":"max-snippet:-1","max-image-preview":"max-image-preview:large","max-video-preview":"max-video-preview:-1"},"canonical":"https:\/\/proventuss.eu\/ro\/produkt\/graco-pompa-baterie\/","og_locale":"ro_RO","og_type":"article","og_title":"GRACO pomp\u0103 baterie - Proventuss","og_description":"Echipament avansat de spray manual airless SmartControl pentru Perfect Airless Finish cu spray manual. Presiunea setat\u0103 precis acoper\u0103 suprafa\u021ba cu un strat la orice vitez\u0103 &#8211; f\u0103r\u0103 sub\u021biere! Func\u021bia ProControl regleaz\u0103 viteza motorului pentru un control total al presiunii. Pulverizeaz\u0103 toate straturile arhitecturale. AVANTAJE: &#8211; Perfect Airless Finish \u2013 suprafa\u021b\u0103 neted\u0103 \u015fi egal\u0103 indiferent de [&hellip;]","og_url":"https:\/\/proventuss.eu\/ro\/produkt\/graco-pompa-baterie\/","og_site_name":"Proventuss","og_image":[{"width":1042,"height":859,"url":"https:\/\/proventuss.eu\/wp-content\/uploads\/2023\/03\/graco-dewalt-pistolet.jpg","type":"image\/jpeg"}],"twitter_card":"summary_large_image","schema":{"@context":"https:\/\/schema.org","@graph":[{"@type":"WebPage","@id":"https:\/\/proventuss.eu\/ro\/produkt\/graco-pompa-baterie\/","url":"https:\/\/proventuss.eu\/ro\/produkt\/graco-pompa-baterie\/","name":"GRACO pomp\u0103 baterie - Proventuss","isPartOf":{"@id":"https:\/\/proventuss.eu\/#website"},"primaryImageOfPage":{"@id":"https:\/\/proventuss.eu\/ro\/produkt\/graco-pompa-baterie\/#primaryimage"},"image":{"@id":"https:\/\/proventuss.eu\/ro\/produkt\/graco-pompa-baterie\/#primaryimage"},"thumbnailUrl":"https:\/\/proventuss.eu\/wp-content\/uploads\/2023\/03\/graco-dewalt-pistolet.jpg","datePublished":"2023-03-22T10:56:20+00:00","dateModified":"2023-03-22T10:56:20+00:00","breadcrumb":{"@id":"https:\/\/proventuss.eu\/ro\/produkt\/graco-pompa-baterie\/#breadcrumb"},"inLanguage":"ro-RO","potentialAction":[{"@type":"ReadAction","target":["https:\/\/proventuss.eu\/ro\/produkt\/graco-pompa-baterie\/"]}]},{"@type":"ImageObject","inLanguage":"ro-RO","@id":"https:\/\/proventuss.eu\/ro\/produkt\/graco-pompa-baterie\/#primaryimage","url":"https:\/\/proventuss.eu\/wp-content\/uploads\/2023\/03\/graco-dewalt-pistolet.jpg","contentUrl":"https:\/\/proventuss.eu\/wp-content\/uploads\/2023\/03\/graco-dewalt-pistolet.jpg","width":1042,"height":859},{"@type":"BreadcrumbList","@id":"https:\/\/proventuss.eu\/ro\/produkt\/graco-pompa-baterie\/#breadcrumb","itemListElement":[{"@type":"ListItem","position":1,"name":"Home","item":"https:\/\/proventuss.eu\/ro\/"},{"@type":"ListItem","position":2,"name":"Produse","item":"https:\/\/proventuss.eu\/produse\/"},{"@type":"ListItem","position":3,"name":"GRACO pomp\u0103 baterie"}]},{"@type":"WebSite","@id":"https:\/\/proventuss.eu\/#website","url":"https:\/\/proventuss.eu\/","name":"Proventuss","description":"","potentialAction":[{"@type":"SearchAction","target":{"@type":"EntryPoint","urlTemplate":"https:\/\/proventuss.eu\/?s={search_term_string}"},"query-input":"required name=search_term_string"}],"inLanguage":"ro-RO"}]}},"_links":{"self":[{"href":"https:\/\/proventuss.eu\/ro\/wp-json\/wp\/v2\/product\/12704"}],"collection":[{"href":"https:\/\/proventuss.eu\/ro\/wp-json\/wp\/v2\/product"}],"about":[{"href":"https:\/\/proventuss.eu\/ro\/wp-json\/wp\/v2\/types\/product"}],"replies":[{"embeddable":true,"href":"https:\/\/proventuss.eu\/ro\/wp-json\/wp\/v2\/comments?post=12704"}],"wp:featuredmedia":[{"embeddable":true,"href":"https:\/\/proventuss.eu\/ro\/wp-json\/wp\/v2\/media\/11803"}],"wp:attachment":[{"href":"https:\/\/proventuss.eu\/ro\/wp-json\/wp\/v2\/media?parent=12704"}],"wp:term":[{"taxonomy":"product_cat","embeddable":true,"href":"https:\/\/proventuss.eu\/ro\/wp-json\/wp\/v2\/product_cat?post=12704"},{"taxonomy":"product_tag","embeddable":true,"href":"https:\/\/proventuss.eu\/ro\/wp-json\/wp\/v2\/product_tag?post=12704"}],"curies":[{"name":"wp","href":"https:\/\/api.w.org\/{rel}","templated":true}]}}