{"id":12703,"date":"2023-02-14T13:18:14","date_gmt":"2023-02-14T13:18:14","guid":{"rendered":"https:\/\/proventuss.eu\/produkt\/ecostar-evoclass\/"},"modified":"2023-05-26T09:37:36","modified_gmt":"2023-05-26T09:37:36","slug":"ecostar-evoclass","status":"publish","type":"product","link":"https:\/\/proventuss.eu\/ro\/produs\/ecostar-evoclass\/","title":{"rendered":"Ecostar evoclass"},"content":{"rendered":"<p>Pomp\u0103 puternic\u0103 pentru amestec bicomponente pentru cele mai comune aplica\u021bii<\/p>\n<p><strong>OPTIUNI:<\/strong><br \/>\n&#8211; Manipulator pentru o operare confortabil\u0103<br \/>\n&#8211; Versiune \u020bnc\u0103lzit\u0103 pentru componenta A<br \/>\n&#8211; Dispozitiv pentru \u020bnc\u0103rcare cartu\u015f<br \/>\n&#8211; Alimentator pentru butoaie de 200ltr din component B (PU)<br \/>\n&#8211; Diferite bra\u021be \u015fi extensii pentru furtun<br \/>\n&#8211; Pomp\u0103 de cl\u0103tire pentru solvent de cur\u0103\u021bare<br \/>\n&#8211; Congelator<\/p>\n","protected":false},"excerpt":{"rendered":"<p>Pomp\u0103 puternic\u0103 pentru amestec bicomponente pentru cele mai comune aplica\u021bii OPTIUNI: &#8211; Manipulator pentru o operare confortabil\u0103 &#8211; Versiune \u020bnc\u0103lzit\u0103 pentru componenta A &#8211; Dispozitiv pentru \u020bnc\u0103rcare cartu\u015f &#8211; Alimentator pentru butoaie de 200ltr din component B (PU) &#8211; Diferite bra\u021be \u015fi extensii pentru furtun &#8211; Pomp\u0103 de cl\u0103tire pentru solvent de cur\u0103\u021bare &#8211; Congelator<\/p>\n","protected":false},"featured_media":11129,"comment_status":"open","ping_status":"closed","template":"","meta":{"_acf_changed":false},"product_cat":[411,409],"product_tag":[],"acf":[],"yoast_head":"<!-- This site is optimized with the Yoast SEO plugin v22.9 - https:\/\/yoast.com\/wordpress\/plugins\/seo\/ -->\n<title>Ecostar evoclass - Proventuss<\/title>\n<meta name=\"robots\" content=\"index, follow, max-snippet:-1, max-image-preview:large, max-video-preview:-1\" \/>\n<link rel=\"canonical\" href=\"https:\/\/proventuss.eu\/ro\/produkt\/ecostar-evoclass\/\" \/>\n<meta property=\"og:locale\" content=\"ro_RO\" \/>\n<meta property=\"og:type\" content=\"article\" \/>\n<meta property=\"og:title\" content=\"Ecostar evoclass - Proventuss\" \/>\n<meta property=\"og:description\" content=\"Pomp\u0103 puternic\u0103 pentru amestec bicomponente pentru cele mai comune aplica\u021bii OPTIUNI: &#8211; Manipulator pentru o operare confortabil\u0103 &#8211; Versiune \u020bnc\u0103lzit\u0103 pentru componenta A &#8211; Dispozitiv pentru \u020bnc\u0103rcare cartu\u015f &#8211; Alimentator pentru butoaie de 200ltr din component B (PU) &#8211; Diferite bra\u021be \u015fi extensii pentru furtun &#8211; Pomp\u0103 de cl\u0103tire pentru solvent de cur\u0103\u021bare &#8211; Congelator\" \/>\n<meta property=\"og:url\" content=\"https:\/\/proventuss.eu\/ro\/produkt\/ecostar-evoclass\/\" \/>\n<meta property=\"og:site_name\" content=\"Proventuss\" \/>\n<meta property=\"article:modified_time\" content=\"2023-05-26T09:37:36+00:00\" \/>\n<meta property=\"og:image\" content=\"https:\/\/proventuss.eu\/wp-content\/uploads\/2023\/02\/EcoStar_evoclass-681x1024.png\" \/>\n\t<meta property=\"og:image:width\" content=\"681\" \/>\n\t<meta property=\"og:image:height\" content=\"1024\" \/>\n\t<meta property=\"og:image:type\" content=\"image\/png\" \/>\n<meta name=\"twitter:card\" content=\"summary_large_image\" \/>\n<script type=\"application\/ld+json\" class=\"yoast-schema-graph\">{\"@context\":\"https:\/\/schema.org\",\"@graph\":[{\"@type\":\"WebPage\",\"@id\":\"https:\/\/proventuss.eu\/ro\/produkt\/ecostar-evoclass\/\",\"url\":\"https:\/\/proventuss.eu\/ro\/produkt\/ecostar-evoclass\/\",\"name\":\"Ecostar evoclass - Proventuss\",\"isPartOf\":{\"@id\":\"https:\/\/proventuss.eu\/#website\"},\"primaryImageOfPage\":{\"@id\":\"https:\/\/proventuss.eu\/ro\/produkt\/ecostar-evoclass\/#primaryimage\"},\"image\":{\"@id\":\"https:\/\/proventuss.eu\/ro\/produkt\/ecostar-evoclass\/#primaryimage\"},\"thumbnailUrl\":\"https:\/\/proventuss.eu\/wp-content\/uploads\/2023\/02\/EcoStar_evoclass-e1676379275333.png\",\"datePublished\":\"2023-02-14T13:18:14+00:00\",\"dateModified\":\"2023-05-26T09:37:36+00:00\",\"breadcrumb\":{\"@id\":\"https:\/\/proventuss.eu\/ro\/produkt\/ecostar-evoclass\/#breadcrumb\"},\"inLanguage\":\"ro-RO\",\"potentialAction\":[{\"@type\":\"ReadAction\",\"target\":[\"https:\/\/proventuss.eu\/ro\/produkt\/ecostar-evoclass\/\"]}]},{\"@type\":\"ImageObject\",\"inLanguage\":\"ro-RO\",\"@id\":\"https:\/\/proventuss.eu\/ro\/produkt\/ecostar-evoclass\/#primaryimage\",\"url\":\"https:\/\/proventuss.eu\/wp-content\/uploads\/2023\/02\/EcoStar_evoclass-e1676379275333.png\",\"contentUrl\":\"https:\/\/proventuss.eu\/wp-content\/uploads\/2023\/02\/EcoStar_evoclass-e1676379275333.png\",\"width\":4082,\"height\":6138},{\"@type\":\"BreadcrumbList\",\"@id\":\"https:\/\/proventuss.eu\/ro\/produkt\/ecostar-evoclass\/#breadcrumb\",\"itemListElement\":[{\"@type\":\"ListItem\",\"position\":1,\"name\":\"Home\",\"item\":\"https:\/\/proventuss.eu\/ro\/\"},{\"@type\":\"ListItem\",\"position\":2,\"name\":\"Produse\",\"item\":\"https:\/\/proventuss.eu\/produse\/\"},{\"@type\":\"ListItem\",\"position\":3,\"name\":\"Ecostar evoclass\"}]},{\"@type\":\"WebSite\",\"@id\":\"https:\/\/proventuss.eu\/#website\",\"url\":\"https:\/\/proventuss.eu\/\",\"name\":\"Proventuss\",\"description\":\"\",\"potentialAction\":[{\"@type\":\"SearchAction\",\"target\":{\"@type\":\"EntryPoint\",\"urlTemplate\":\"https:\/\/proventuss.eu\/?s={search_term_string}\"},\"query-input\":\"required name=search_term_string\"}],\"inLanguage\":\"ro-RO\"}]}<\/script>\n<!-- \/ Yoast SEO plugin. -->","yoast_head_json":{"title":"Ecostar evoclass - Proventuss","robots":{"index":"index","follow":"follow","max-snippet":"max-snippet:-1","max-image-preview":"max-image-preview:large","max-video-preview":"max-video-preview:-1"},"canonical":"https:\/\/proventuss.eu\/ro\/produkt\/ecostar-evoclass\/","og_locale":"ro_RO","og_type":"article","og_title":"Ecostar evoclass - Proventuss","og_description":"Pomp\u0103 puternic\u0103 pentru amestec bicomponente pentru cele mai comune aplica\u021bii OPTIUNI: &#8211; Manipulator pentru o operare confortabil\u0103 &#8211; Versiune \u020bnc\u0103lzit\u0103 pentru componenta A &#8211; Dispozitiv pentru \u020bnc\u0103rcare cartu\u015f &#8211; Alimentator pentru butoaie de 200ltr din component B (PU) &#8211; Diferite bra\u021be \u015fi extensii pentru furtun &#8211; Pomp\u0103 de cl\u0103tire pentru solvent de cur\u0103\u021bare &#8211; Congelator","og_url":"https:\/\/proventuss.eu\/ro\/produkt\/ecostar-evoclass\/","og_site_name":"Proventuss","article_modified_time":"2023-05-26T09:37:36+00:00","og_image":[{"width":681,"height":1024,"url":"https:\/\/proventuss.eu\/wp-content\/uploads\/2023\/02\/EcoStar_evoclass-681x1024.png","type":"image\/png"}],"twitter_card":"summary_large_image","schema":{"@context":"https:\/\/schema.org","@graph":[{"@type":"WebPage","@id":"https:\/\/proventuss.eu\/ro\/produkt\/ecostar-evoclass\/","url":"https:\/\/proventuss.eu\/ro\/produkt\/ecostar-evoclass\/","name":"Ecostar evoclass - Proventuss","isPartOf":{"@id":"https:\/\/proventuss.eu\/#website"},"primaryImageOfPage":{"@id":"https:\/\/proventuss.eu\/ro\/produkt\/ecostar-evoclass\/#primaryimage"},"image":{"@id":"https:\/\/proventuss.eu\/ro\/produkt\/ecostar-evoclass\/#primaryimage"},"thumbnailUrl":"https:\/\/proventuss.eu\/wp-content\/uploads\/2023\/02\/EcoStar_evoclass-e1676379275333.png","datePublished":"2023-02-14T13:18:14+00:00","dateModified":"2023-05-26T09:37:36+00:00","breadcrumb":{"@id":"https:\/\/proventuss.eu\/ro\/produkt\/ecostar-evoclass\/#breadcrumb"},"inLanguage":"ro-RO","potentialAction":[{"@type":"ReadAction","target":["https:\/\/proventuss.eu\/ro\/produkt\/ecostar-evoclass\/"]}]},{"@type":"ImageObject","inLanguage":"ro-RO","@id":"https:\/\/proventuss.eu\/ro\/produkt\/ecostar-evoclass\/#primaryimage","url":"https:\/\/proventuss.eu\/wp-content\/uploads\/2023\/02\/EcoStar_evoclass-e1676379275333.png","contentUrl":"https:\/\/proventuss.eu\/wp-content\/uploads\/2023\/02\/EcoStar_evoclass-e1676379275333.png","width":4082,"height":6138},{"@type":"BreadcrumbList","@id":"https:\/\/proventuss.eu\/ro\/produkt\/ecostar-evoclass\/#breadcrumb","itemListElement":[{"@type":"ListItem","position":1,"name":"Home","item":"https:\/\/proventuss.eu\/ro\/"},{"@type":"ListItem","position":2,"name":"Produse","item":"https:\/\/proventuss.eu\/produse\/"},{"@type":"ListItem","position":3,"name":"Ecostar evoclass"}]},{"@type":"WebSite","@id":"https:\/\/proventuss.eu\/#website","url":"https:\/\/proventuss.eu\/","name":"Proventuss","description":"","potentialAction":[{"@type":"SearchAction","target":{"@type":"EntryPoint","urlTemplate":"https:\/\/proventuss.eu\/?s={search_term_string}"},"query-input":"required name=search_term_string"}],"inLanguage":"ro-RO"}]}},"_links":{"self":[{"href":"https:\/\/proventuss.eu\/ro\/wp-json\/wp\/v2\/product\/12703"}],"collection":[{"href":"https:\/\/proventuss.eu\/ro\/wp-json\/wp\/v2\/product"}],"about":[{"href":"https:\/\/proventuss.eu\/ro\/wp-json\/wp\/v2\/types\/product"}],"replies":[{"embeddable":true,"href":"https:\/\/proventuss.eu\/ro\/wp-json\/wp\/v2\/comments?post=12703"}],"wp:featuredmedia":[{"embeddable":true,"href":"https:\/\/proventuss.eu\/ro\/wp-json\/wp\/v2\/media\/11129"}],"wp:attachment":[{"href":"https:\/\/proventuss.eu\/ro\/wp-json\/wp\/v2\/media?parent=12703"}],"wp:term":[{"taxonomy":"product_cat","embeddable":true,"href":"https:\/\/proventuss.eu\/ro\/wp-json\/wp\/v2\/product_cat?post=12703"},{"taxonomy":"product_tag","embeddable":true,"href":"https:\/\/proventuss.eu\/ro\/wp-json\/wp\/v2\/product_tag?post=12703"}],"curies":[{"name":"wp","href":"https:\/\/api.w.org\/{rel}","templated":true}]}}