{"id":12702,"date":"2023-02-14T13:21:42","date_gmt":"2023-02-14T13:21:42","guid":{"rendered":"https:\/\/proventuss.eu\/produkt\/contiflow-versa\/"},"modified":"2023-05-09T14:18:13","modified_gmt":"2023-05-09T14:18:13","slug":"contiflow-versa","status":"publish","type":"product","link":"https:\/\/proventuss.eu\/ro\/produs\/contiflow-versa\/","title":{"rendered":"ContiFlow Versa"},"content":{"rendered":"<p>ContiFlow Versa este un sistem 2C de dozare mobil \u015fi compact pentru procesarea materialelor 2C cu v\u00e2scozitate sc\u0103zut\u0103 \u015fi ridicat\u0103.<br \/>\nFlexibilitatea sa face sistemul partenerul dumneavoastr\u0103 \u020bn zone de lucru cu provoc\u0103ri.<\/p>\n<p><strong>FUNCTII STANDARD:<\/strong><br \/>\n&#8211; Ecran tactil 7\u201d<br \/>\n&#8211; Acurate\u021be ridicat\u0103 \u020bn dozare datorit\u0103 distan\u021bei mici dintre dozator \u015fi unitatea de aplicare<br \/>\n&#8211; Operare extrem de confortabil\u0103 cu bra\u021b pivotant \u015fi suport echilibrant<br \/>\n&#8211; Cu diferite op\u021biuni \u015fi func\u021bii configurabile pentru cerin\u021bele dumneavoastr\u0103<br \/>\n&#8211; Inclus confortabil pistol manual cu un design ergonomic al comutatorului<br \/>\n&#8211; Monitorizarea presiunii la intrare \u015fi ie\u015fire<br \/>\n&#8211; Diferite posibile sisteme de alimentare<br \/>\n&#8211; Avertizor pentru butoi gol<\/p>\n<p><strong>OPTIUNI:<\/strong><br \/>\n&#8211; Pistol u\u015for \u015fi confortabil de aplicare p\u00e2n\u0103 la 600gr, unghi ajustabil \u015fi unitate de mixare montat\u0103 pe bra\u021bul pivotant<br \/>\n&#8211; Controlul ratei de mixare cu celulele de m\u0103surare<br \/>\n&#8211; Disponibil \u020bn combina\u021bie cu unit\u0103\u021bi de alimentare RT sau vase de presiune \u020bn func\u021bie de material \u015fi consum<br \/>\n&#8211; P\u00e2n\u0103 la 8 cilcuri de \u020bnc\u0103lzire posibile<br \/>\n&#8211; Monitorizare \u020bn linie a ratei de mixare (op\u021bional incl. regulator)<br \/>\n&#8211; MPC (Controlul Presiunii Matri\u021bei) pentru procesele RTM\/RIM \u020bn produc\u021bia compozit\u0103<br \/>\n&#8211; P\u00e2n\u0103 la 64 de programe de m\u0103surare<br \/>\n&#8211; Corpul ma\u015finii rulant<br \/>\n&#8211; Alternativ\u0103 cu \u020bntrerup\u0103tor de picior sau de m\u00e2n\u0103<br \/>\n&#8211; Evacuare<br \/>\n&#8211; Supap\u0103 snuff back<br \/>\n&#8211; Agitator electric.<\/p>\n","protected":false},"excerpt":{"rendered":"<p>ContiFlow Versa este un sistem 2C de dozare mobil \u015fi compact pentru procesarea materialelor 2C cu v\u00e2scozitate sc\u0103zut\u0103 \u015fi ridicat\u0103. Flexibilitatea sa face sistemul partenerul dumneavoastr\u0103 \u020bn zone de lucru cu provoc\u0103ri. FUNCTII STANDARD: &#8211; Ecran tactil 7\u201d &#8211; Acurate\u021be ridicat\u0103 \u020bn dozare datorit\u0103 distan\u021bei mici dintre dozator \u015fi unitatea de aplicare &#8211; Operare extrem [&hellip;]<\/p>\n","protected":false},"featured_media":11317,"comment_status":"open","ping_status":"closed","template":"","meta":{"_acf_changed":false},"product_cat":[411,409],"product_tag":[],"acf":[],"yoast_head":"<!-- This site is optimized with the Yoast SEO plugin v22.9 - https:\/\/yoast.com\/wordpress\/plugins\/seo\/ -->\n<title>ContiFlow Versa - Proventuss<\/title>\n<meta name=\"robots\" content=\"index, follow, max-snippet:-1, max-image-preview:large, max-video-preview:-1\" \/>\n<link rel=\"canonical\" href=\"https:\/\/proventuss.eu\/ro\/produkt\/contiflow-versa\/\" \/>\n<meta property=\"og:locale\" content=\"ro_RO\" \/>\n<meta property=\"og:type\" content=\"article\" \/>\n<meta property=\"og:title\" content=\"ContiFlow Versa - Proventuss\" \/>\n<meta property=\"og:description\" content=\"ContiFlow Versa este un sistem 2C de dozare mobil \u015fi compact pentru procesarea materialelor 2C cu v\u00e2scozitate sc\u0103zut\u0103 \u015fi ridicat\u0103. Flexibilitatea sa face sistemul partenerul dumneavoastr\u0103 \u020bn zone de lucru cu provoc\u0103ri. FUNCTII STANDARD: &#8211; Ecran tactil 7\u201d &#8211; Acurate\u021be ridicat\u0103 \u020bn dozare datorit\u0103 distan\u021bei mici dintre dozator \u015fi unitatea de aplicare &#8211; Operare extrem [&hellip;]\" \/>\n<meta property=\"og:url\" content=\"https:\/\/proventuss.eu\/ro\/produkt\/contiflow-versa\/\" \/>\n<meta property=\"og:site_name\" content=\"Proventuss\" \/>\n<meta property=\"article:modified_time\" content=\"2023-05-09T14:18:13+00:00\" \/>\n<meta property=\"og:image\" content=\"https:\/\/proventuss.eu\/wp-content\/uploads\/2023\/02\/Conti-Flow-Versa-1500x1200-1.png\" \/>\n\t<meta property=\"og:image:width\" content=\"1200\" \/>\n\t<meta property=\"og:image:height\" content=\"1500\" \/>\n\t<meta property=\"og:image:type\" content=\"image\/png\" \/>\n<meta name=\"twitter:card\" content=\"summary_large_image\" \/>\n<meta name=\"twitter:label1\" content=\"Timp estimat pentru citire\" \/>\n\t<meta name=\"twitter:data1\" content=\"1 minut\" \/>\n<script type=\"application\/ld+json\" class=\"yoast-schema-graph\">{\"@context\":\"https:\/\/schema.org\",\"@graph\":[{\"@type\":\"WebPage\",\"@id\":\"https:\/\/proventuss.eu\/ro\/produkt\/contiflow-versa\/\",\"url\":\"https:\/\/proventuss.eu\/ro\/produkt\/contiflow-versa\/\",\"name\":\"ContiFlow Versa - Proventuss\",\"isPartOf\":{\"@id\":\"https:\/\/proventuss.eu\/#website\"},\"primaryImageOfPage\":{\"@id\":\"https:\/\/proventuss.eu\/ro\/produkt\/contiflow-versa\/#primaryimage\"},\"image\":{\"@id\":\"https:\/\/proventuss.eu\/ro\/produkt\/contiflow-versa\/#primaryimage\"},\"thumbnailUrl\":\"https:\/\/proventuss.eu\/wp-content\/uploads\/2023\/02\/Conti-Flow-Versa-1500x1200-1.png\",\"datePublished\":\"2023-02-14T13:21:42+00:00\",\"dateModified\":\"2023-05-09T14:18:13+00:00\",\"breadcrumb\":{\"@id\":\"https:\/\/proventuss.eu\/ro\/produkt\/contiflow-versa\/#breadcrumb\"},\"inLanguage\":\"ro-RO\",\"potentialAction\":[{\"@type\":\"ReadAction\",\"target\":[\"https:\/\/proventuss.eu\/ro\/produkt\/contiflow-versa\/\"]}]},{\"@type\":\"ImageObject\",\"inLanguage\":\"ro-RO\",\"@id\":\"https:\/\/proventuss.eu\/ro\/produkt\/contiflow-versa\/#primaryimage\",\"url\":\"https:\/\/proventuss.eu\/wp-content\/uploads\/2023\/02\/Conti-Flow-Versa-1500x1200-1.png\",\"contentUrl\":\"https:\/\/proventuss.eu\/wp-content\/uploads\/2023\/02\/Conti-Flow-Versa-1500x1200-1.png\",\"width\":1200,\"height\":1500},{\"@type\":\"BreadcrumbList\",\"@id\":\"https:\/\/proventuss.eu\/ro\/produkt\/contiflow-versa\/#breadcrumb\",\"itemListElement\":[{\"@type\":\"ListItem\",\"position\":1,\"name\":\"Home\",\"item\":\"https:\/\/proventuss.eu\/ro\/\"},{\"@type\":\"ListItem\",\"position\":2,\"name\":\"Produse\",\"item\":\"https:\/\/proventuss.eu\/produse\/\"},{\"@type\":\"ListItem\",\"position\":3,\"name\":\"ContiFlow Versa\"}]},{\"@type\":\"WebSite\",\"@id\":\"https:\/\/proventuss.eu\/#website\",\"url\":\"https:\/\/proventuss.eu\/\",\"name\":\"Proventuss\",\"description\":\"\",\"potentialAction\":[{\"@type\":\"SearchAction\",\"target\":{\"@type\":\"EntryPoint\",\"urlTemplate\":\"https:\/\/proventuss.eu\/?s={search_term_string}\"},\"query-input\":\"required name=search_term_string\"}],\"inLanguage\":\"ro-RO\"}]}<\/script>\n<!-- \/ Yoast SEO plugin. -->","yoast_head_json":{"title":"ContiFlow Versa - Proventuss","robots":{"index":"index","follow":"follow","max-snippet":"max-snippet:-1","max-image-preview":"max-image-preview:large","max-video-preview":"max-video-preview:-1"},"canonical":"https:\/\/proventuss.eu\/ro\/produkt\/contiflow-versa\/","og_locale":"ro_RO","og_type":"article","og_title":"ContiFlow Versa - Proventuss","og_description":"ContiFlow Versa este un sistem 2C de dozare mobil \u015fi compact pentru procesarea materialelor 2C cu v\u00e2scozitate sc\u0103zut\u0103 \u015fi ridicat\u0103. Flexibilitatea sa face sistemul partenerul dumneavoastr\u0103 \u020bn zone de lucru cu provoc\u0103ri. FUNCTII STANDARD: &#8211; Ecran tactil 7\u201d &#8211; Acurate\u021be ridicat\u0103 \u020bn dozare datorit\u0103 distan\u021bei mici dintre dozator \u015fi unitatea de aplicare &#8211; Operare extrem [&hellip;]","og_url":"https:\/\/proventuss.eu\/ro\/produkt\/contiflow-versa\/","og_site_name":"Proventuss","article_modified_time":"2023-05-09T14:18:13+00:00","og_image":[{"width":1200,"height":1500,"url":"https:\/\/proventuss.eu\/wp-content\/uploads\/2023\/02\/Conti-Flow-Versa-1500x1200-1.png","type":"image\/png"}],"twitter_card":"summary_large_image","twitter_misc":{"Timp estimat pentru citire":"1 minut"},"schema":{"@context":"https:\/\/schema.org","@graph":[{"@type":"WebPage","@id":"https:\/\/proventuss.eu\/ro\/produkt\/contiflow-versa\/","url":"https:\/\/proventuss.eu\/ro\/produkt\/contiflow-versa\/","name":"ContiFlow Versa - Proventuss","isPartOf":{"@id":"https:\/\/proventuss.eu\/#website"},"primaryImageOfPage":{"@id":"https:\/\/proventuss.eu\/ro\/produkt\/contiflow-versa\/#primaryimage"},"image":{"@id":"https:\/\/proventuss.eu\/ro\/produkt\/contiflow-versa\/#primaryimage"},"thumbnailUrl":"https:\/\/proventuss.eu\/wp-content\/uploads\/2023\/02\/Conti-Flow-Versa-1500x1200-1.png","datePublished":"2023-02-14T13:21:42+00:00","dateModified":"2023-05-09T14:18:13+00:00","breadcrumb":{"@id":"https:\/\/proventuss.eu\/ro\/produkt\/contiflow-versa\/#breadcrumb"},"inLanguage":"ro-RO","potentialAction":[{"@type":"ReadAction","target":["https:\/\/proventuss.eu\/ro\/produkt\/contiflow-versa\/"]}]},{"@type":"ImageObject","inLanguage":"ro-RO","@id":"https:\/\/proventuss.eu\/ro\/produkt\/contiflow-versa\/#primaryimage","url":"https:\/\/proventuss.eu\/wp-content\/uploads\/2023\/02\/Conti-Flow-Versa-1500x1200-1.png","contentUrl":"https:\/\/proventuss.eu\/wp-content\/uploads\/2023\/02\/Conti-Flow-Versa-1500x1200-1.png","width":1200,"height":1500},{"@type":"BreadcrumbList","@id":"https:\/\/proventuss.eu\/ro\/produkt\/contiflow-versa\/#breadcrumb","itemListElement":[{"@type":"ListItem","position":1,"name":"Home","item":"https:\/\/proventuss.eu\/ro\/"},{"@type":"ListItem","position":2,"name":"Produse","item":"https:\/\/proventuss.eu\/produse\/"},{"@type":"ListItem","position":3,"name":"ContiFlow Versa"}]},{"@type":"WebSite","@id":"https:\/\/proventuss.eu\/#website","url":"https:\/\/proventuss.eu\/","name":"Proventuss","description":"","potentialAction":[{"@type":"SearchAction","target":{"@type":"EntryPoint","urlTemplate":"https:\/\/proventuss.eu\/?s={search_term_string}"},"query-input":"required name=search_term_string"}],"inLanguage":"ro-RO"}]}},"_links":{"self":[{"href":"https:\/\/proventuss.eu\/ro\/wp-json\/wp\/v2\/product\/12702"}],"collection":[{"href":"https:\/\/proventuss.eu\/ro\/wp-json\/wp\/v2\/product"}],"about":[{"href":"https:\/\/proventuss.eu\/ro\/wp-json\/wp\/v2\/types\/product"}],"replies":[{"embeddable":true,"href":"https:\/\/proventuss.eu\/ro\/wp-json\/wp\/v2\/comments?post=12702"}],"wp:featuredmedia":[{"embeddable":true,"href":"https:\/\/proventuss.eu\/ro\/wp-json\/wp\/v2\/media\/11317"}],"wp:attachment":[{"href":"https:\/\/proventuss.eu\/ro\/wp-json\/wp\/v2\/media?parent=12702"}],"wp:term":[{"taxonomy":"product_cat","embeddable":true,"href":"https:\/\/proventuss.eu\/ro\/wp-json\/wp\/v2\/product_cat?post=12702"},{"taxonomy":"product_tag","embeddable":true,"href":"https:\/\/proventuss.eu\/ro\/wp-json\/wp\/v2\/product_tag?post=12702"}],"curies":[{"name":"wp","href":"https:\/\/api.w.org\/{rel}","templated":true}]}}