{"id":12701,"date":"2023-03-23T08:16:32","date_gmt":"2023-03-23T08:16:32","guid":{"rendered":"https:\/\/proventuss.eu\/produkt\/membrana-auto-adeziva-rezistenta-la-apa-si-vapori-bituthene-8000-pentru-structuri-subterane\/"},"modified":"2023-03-23T08:16:32","modified_gmt":"2023-03-23T08:16:32","slug":"membrana-auto-adeziva-rezistenta-la-apa-si-vapori-bituthene-8000-pentru-structuri-subterane","status":"publish","type":"product","link":"https:\/\/proventuss.eu\/ro\/produs\/membrana-auto-adeziva-rezistenta-la-apa-si-vapori-bituthene-8000-pentru-structuri-subterane\/","title":{"rendered":"Membran\u0103 auto-adeziv\u0103 rezistent\u0103 la ap\u0103 \u015fi vapori Bituthene 8000 pentru structuri subterane"},"content":{"rendered":"<p>Bituthene 8000 combin\u0103 tehnologia adeziv\u0103 dovedit\u0103 Bituthene cu strat gri de suport unic pentru performan\u021b\u0103 \u020bmbun\u0103t\u0103\u021bit\u0103 \u015fi instalare mai u\u015foar\u0103. Bituthene 8000 este extrem de solid\u0103 \u015fi durabil\u0103. Orice deteriorare accidental\u0103 a diafragmei care \u020bn mod normal ar trece neobservat\u0103 devine vizibil\u0103 ca un punct negru pe o suprafa\u021b\u0103 gri deschis.<\/p>\n<p><strong>AVANTAJE:<\/strong><br \/>\n&#8211; Rezistent\u0103 la ap\u0103 \u015fi umezeal\u0103 \u2013 asigur\u0103 protec\u021bia tuturor structurilor subterane<br \/>\n&#8211; Etan\u015f\u0103 la gaz \u2013 rezistent\u0103 la metan, dioxid de carbon \u015fi radon. Dep\u0103\u015fe\u015fte cerin\u021bele stabilite \u020bn raportul 211 BRE (radon) \u015fi 212 (metan \u015fi dioxid de carbon).<br \/>\n&#8211; Rezistent\u0103 la presiune hidrostatic\u0103 \u2013 70m coloan\u0103 de ap\u0103<br \/>\n&#8211; Gam\u0103 larg\u0103 de aplica\u021bii \u2013 posibilitatea aplic\u0103rii \u020bntr-o gam\u0103 larg\u0103 de temperaturi cuprinse \u020bntre -5C \u015fi +35C, inclusiv pe suprafe\u021be umede<br \/>\n&#8211; U\u015for de folosit la temperaturi \u020bnalte \u2013 reduce absorb\u021bia solar\u0103 cu mai mult de 20%<br \/>\n&#8211; Suprafa\u021b\u0103 unic\u0103 \u2013 suprafa\u021ba neted\u0103, flexibil\u0103 asigur\u0103 rezisten\u021b\u0103 \u020bnalt\u0103 la sf\u00e2\u015fiere \u015fi la \u020bn\u021bepare.<br \/>\n&#8211; U\u015for de asamblat \u2013 liniile imprimate faciliteaz\u0103 aplicarea \u015fi asigur\u0103 suprapunere minim\u0103. Culoarea deschis\u0103 face repara\u021bia mai u\u015foar\u0103 eviden\u021biind deterior\u0103rile accidentale.<br \/>\n&#8211; Compatibilitea sistemului &#8211; poate fi combinat cu foile de membran\u0103 Preprufe, membrana lichid\u0103 Bituthene LM \u015fi pl\u0103cile de drenaj Hydroduct.<\/p>\n","protected":false},"excerpt":{"rendered":"<p>Bituthene 8000 combin\u0103 tehnologia adeziv\u0103 dovedit\u0103 Bituthene cu strat gri de suport unic pentru performan\u021b\u0103 \u020bmbun\u0103t\u0103\u021bit\u0103 \u015fi instalare mai u\u015foar\u0103. Bituthene 8000 este extrem de solid\u0103 \u015fi durabil\u0103. Orice deteriorare accidental\u0103 a diafragmei care \u020bn mod normal ar trece neobservat\u0103 devine vizibil\u0103 ca un punct negru pe o suprafa\u021b\u0103 gri deschis. AVANTAJE: &#8211; Rezistent\u0103 la [&hellip;]<\/p>\n","protected":false},"featured_media":11877,"comment_status":"open","ping_status":"closed","template":"","meta":{"_acf_changed":false},"product_cat":[460],"product_tag":[],"acf":[],"yoast_head":"<!-- This site is optimized with the Yoast SEO plugin v22.9 - https:\/\/yoast.com\/wordpress\/plugins\/seo\/ -->\n<title>Membran\u0103 auto-adeziv\u0103 rezistent\u0103 la ap\u0103 \u015fi vapori Bituthene 8000 pentru structuri subterane - Proventuss<\/title>\n<meta name=\"robots\" content=\"index, follow, max-snippet:-1, max-image-preview:large, max-video-preview:-1\" \/>\n<link rel=\"canonical\" href=\"https:\/\/proventuss.eu\/ro\/produkt\/membrana-auto-adeziva-rezistenta-la-apa-si-vapori-bituthene-8000-pentru-structuri-subterane\/\" \/>\n<meta property=\"og:locale\" content=\"ro_RO\" \/>\n<meta property=\"og:type\" content=\"article\" \/>\n<meta property=\"og:title\" content=\"Membran\u0103 auto-adeziv\u0103 rezistent\u0103 la ap\u0103 \u015fi vapori Bituthene 8000 pentru structuri subterane - Proventuss\" \/>\n<meta property=\"og:description\" content=\"Bituthene 8000 combin\u0103 tehnologia adeziv\u0103 dovedit\u0103 Bituthene cu strat gri de suport unic pentru performan\u021b\u0103 \u020bmbun\u0103t\u0103\u021bit\u0103 \u015fi instalare mai u\u015foar\u0103. Bituthene 8000 este extrem de solid\u0103 \u015fi durabil\u0103. Orice deteriorare accidental\u0103 a diafragmei care \u020bn mod normal ar trece neobservat\u0103 devine vizibil\u0103 ca un punct negru pe o suprafa\u021b\u0103 gri deschis. AVANTAJE: &#8211; Rezistent\u0103 la [&hellip;]\" \/>\n<meta property=\"og:url\" content=\"https:\/\/proventuss.eu\/ro\/produkt\/membrana-auto-adeziva-rezistenta-la-apa-si-vapori-bituthene-8000-pentru-structuri-subterane\/\" \/>\n<meta property=\"og:site_name\" content=\"Proventuss\" \/>\n<meta property=\"og:image\" content=\"https:\/\/proventuss.eu\/wp-content\/uploads\/2023\/03\/shutterstock_252856777-strona.jpg\" \/>\n\t<meta property=\"og:image:width\" content=\"2330\" \/>\n\t<meta property=\"og:image:height\" content=\"1553\" \/>\n\t<meta property=\"og:image:type\" content=\"image\/jpeg\" \/>\n<meta name=\"twitter:card\" content=\"summary_large_image\" \/>\n<meta name=\"twitter:label1\" content=\"Timp estimat pentru citire\" \/>\n\t<meta name=\"twitter:data1\" content=\"1 minut\" \/>\n<script type=\"application\/ld+json\" class=\"yoast-schema-graph\">{\"@context\":\"https:\/\/schema.org\",\"@graph\":[{\"@type\":\"WebPage\",\"@id\":\"https:\/\/proventuss.eu\/ro\/produkt\/membrana-auto-adeziva-rezistenta-la-apa-si-vapori-bituthene-8000-pentru-structuri-subterane\/\",\"url\":\"https:\/\/proventuss.eu\/ro\/produkt\/membrana-auto-adeziva-rezistenta-la-apa-si-vapori-bituthene-8000-pentru-structuri-subterane\/\",\"name\":\"Membran\u0103 auto-adeziv\u0103 rezistent\u0103 la ap\u0103 \u015fi vapori Bituthene 8000 pentru structuri subterane - Proventuss\",\"isPartOf\":{\"@id\":\"https:\/\/proventuss.eu\/#website\"},\"primaryImageOfPage\":{\"@id\":\"https:\/\/proventuss.eu\/ro\/produkt\/membrana-auto-adeziva-rezistenta-la-apa-si-vapori-bituthene-8000-pentru-structuri-subterane\/#primaryimage\"},\"image\":{\"@id\":\"https:\/\/proventuss.eu\/ro\/produkt\/membrana-auto-adeziva-rezistenta-la-apa-si-vapori-bituthene-8000-pentru-structuri-subterane\/#primaryimage\"},\"thumbnailUrl\":\"https:\/\/proventuss.eu\/wp-content\/uploads\/2023\/03\/shutterstock_252856777-strona.jpg\",\"datePublished\":\"2023-03-23T08:16:32+00:00\",\"dateModified\":\"2023-03-23T08:16:32+00:00\",\"breadcrumb\":{\"@id\":\"https:\/\/proventuss.eu\/ro\/produkt\/membrana-auto-adeziva-rezistenta-la-apa-si-vapori-bituthene-8000-pentru-structuri-subterane\/#breadcrumb\"},\"inLanguage\":\"ro-RO\",\"potentialAction\":[{\"@type\":\"ReadAction\",\"target\":[\"https:\/\/proventuss.eu\/ro\/produkt\/membrana-auto-adeziva-rezistenta-la-apa-si-vapori-bituthene-8000-pentru-structuri-subterane\/\"]}]},{\"@type\":\"ImageObject\",\"inLanguage\":\"ro-RO\",\"@id\":\"https:\/\/proventuss.eu\/ro\/produkt\/membrana-auto-adeziva-rezistenta-la-apa-si-vapori-bituthene-8000-pentru-structuri-subterane\/#primaryimage\",\"url\":\"https:\/\/proventuss.eu\/wp-content\/uploads\/2023\/03\/shutterstock_252856777-strona.jpg\",\"contentUrl\":\"https:\/\/proventuss.eu\/wp-content\/uploads\/2023\/03\/shutterstock_252856777-strona.jpg\",\"width\":2330,\"height\":1553,\"caption\":\"Photovoltaic modules with reflection of cloudy sky\"},{\"@type\":\"BreadcrumbList\",\"@id\":\"https:\/\/proventuss.eu\/ro\/produkt\/membrana-auto-adeziva-rezistenta-la-apa-si-vapori-bituthene-8000-pentru-structuri-subterane\/#breadcrumb\",\"itemListElement\":[{\"@type\":\"ListItem\",\"position\":1,\"name\":\"Home\",\"item\":\"https:\/\/proventuss.eu\/ro\/\"},{\"@type\":\"ListItem\",\"position\":2,\"name\":\"Produse\",\"item\":\"https:\/\/proventuss.eu\/produse\/\"},{\"@type\":\"ListItem\",\"position\":3,\"name\":\"Membran\u0103 auto-adeziv\u0103 rezistent\u0103 la ap\u0103 \u015fi vapori Bituthene 8000 pentru structuri subterane\"}]},{\"@type\":\"WebSite\",\"@id\":\"https:\/\/proventuss.eu\/#website\",\"url\":\"https:\/\/proventuss.eu\/\",\"name\":\"Proventuss\",\"description\":\"\",\"potentialAction\":[{\"@type\":\"SearchAction\",\"target\":{\"@type\":\"EntryPoint\",\"urlTemplate\":\"https:\/\/proventuss.eu\/?s={search_term_string}\"},\"query-input\":\"required name=search_term_string\"}],\"inLanguage\":\"ro-RO\"}]}<\/script>\n<!-- \/ Yoast SEO plugin. -->","yoast_head_json":{"title":"Membran\u0103 auto-adeziv\u0103 rezistent\u0103 la ap\u0103 \u015fi vapori Bituthene 8000 pentru structuri subterane - Proventuss","robots":{"index":"index","follow":"follow","max-snippet":"max-snippet:-1","max-image-preview":"max-image-preview:large","max-video-preview":"max-video-preview:-1"},"canonical":"https:\/\/proventuss.eu\/ro\/produkt\/membrana-auto-adeziva-rezistenta-la-apa-si-vapori-bituthene-8000-pentru-structuri-subterane\/","og_locale":"ro_RO","og_type":"article","og_title":"Membran\u0103 auto-adeziv\u0103 rezistent\u0103 la ap\u0103 \u015fi vapori Bituthene 8000 pentru structuri subterane - Proventuss","og_description":"Bituthene 8000 combin\u0103 tehnologia adeziv\u0103 dovedit\u0103 Bituthene cu strat gri de suport unic pentru performan\u021b\u0103 \u020bmbun\u0103t\u0103\u021bit\u0103 \u015fi instalare mai u\u015foar\u0103. Bituthene 8000 este extrem de solid\u0103 \u015fi durabil\u0103. Orice deteriorare accidental\u0103 a diafragmei care \u020bn mod normal ar trece neobservat\u0103 devine vizibil\u0103 ca un punct negru pe o suprafa\u021b\u0103 gri deschis. AVANTAJE: &#8211; Rezistent\u0103 la [&hellip;]","og_url":"https:\/\/proventuss.eu\/ro\/produkt\/membrana-auto-adeziva-rezistenta-la-apa-si-vapori-bituthene-8000-pentru-structuri-subterane\/","og_site_name":"Proventuss","og_image":[{"width":2330,"height":1553,"url":"https:\/\/proventuss.eu\/wp-content\/uploads\/2023\/03\/shutterstock_252856777-strona.jpg","type":"image\/jpeg"}],"twitter_card":"summary_large_image","twitter_misc":{"Timp estimat pentru citire":"1 minut"},"schema":{"@context":"https:\/\/schema.org","@graph":[{"@type":"WebPage","@id":"https:\/\/proventuss.eu\/ro\/produkt\/membrana-auto-adeziva-rezistenta-la-apa-si-vapori-bituthene-8000-pentru-structuri-subterane\/","url":"https:\/\/proventuss.eu\/ro\/produkt\/membrana-auto-adeziva-rezistenta-la-apa-si-vapori-bituthene-8000-pentru-structuri-subterane\/","name":"Membran\u0103 auto-adeziv\u0103 rezistent\u0103 la ap\u0103 \u015fi vapori Bituthene 8000 pentru structuri subterane - Proventuss","isPartOf":{"@id":"https:\/\/proventuss.eu\/#website"},"primaryImageOfPage":{"@id":"https:\/\/proventuss.eu\/ro\/produkt\/membrana-auto-adeziva-rezistenta-la-apa-si-vapori-bituthene-8000-pentru-structuri-subterane\/#primaryimage"},"image":{"@id":"https:\/\/proventuss.eu\/ro\/produkt\/membrana-auto-adeziva-rezistenta-la-apa-si-vapori-bituthene-8000-pentru-structuri-subterane\/#primaryimage"},"thumbnailUrl":"https:\/\/proventuss.eu\/wp-content\/uploads\/2023\/03\/shutterstock_252856777-strona.jpg","datePublished":"2023-03-23T08:16:32+00:00","dateModified":"2023-03-23T08:16:32+00:00","breadcrumb":{"@id":"https:\/\/proventuss.eu\/ro\/produkt\/membrana-auto-adeziva-rezistenta-la-apa-si-vapori-bituthene-8000-pentru-structuri-subterane\/#breadcrumb"},"inLanguage":"ro-RO","potentialAction":[{"@type":"ReadAction","target":["https:\/\/proventuss.eu\/ro\/produkt\/membrana-auto-adeziva-rezistenta-la-apa-si-vapori-bituthene-8000-pentru-structuri-subterane\/"]}]},{"@type":"ImageObject","inLanguage":"ro-RO","@id":"https:\/\/proventuss.eu\/ro\/produkt\/membrana-auto-adeziva-rezistenta-la-apa-si-vapori-bituthene-8000-pentru-structuri-subterane\/#primaryimage","url":"https:\/\/proventuss.eu\/wp-content\/uploads\/2023\/03\/shutterstock_252856777-strona.jpg","contentUrl":"https:\/\/proventuss.eu\/wp-content\/uploads\/2023\/03\/shutterstock_252856777-strona.jpg","width":2330,"height":1553,"caption":"Photovoltaic modules with reflection of cloudy sky"},{"@type":"BreadcrumbList","@id":"https:\/\/proventuss.eu\/ro\/produkt\/membrana-auto-adeziva-rezistenta-la-apa-si-vapori-bituthene-8000-pentru-structuri-subterane\/#breadcrumb","itemListElement":[{"@type":"ListItem","position":1,"name":"Home","item":"https:\/\/proventuss.eu\/ro\/"},{"@type":"ListItem","position":2,"name":"Produse","item":"https:\/\/proventuss.eu\/produse\/"},{"@type":"ListItem","position":3,"name":"Membran\u0103 auto-adeziv\u0103 rezistent\u0103 la ap\u0103 \u015fi vapori Bituthene 8000 pentru structuri subterane"}]},{"@type":"WebSite","@id":"https:\/\/proventuss.eu\/#website","url":"https:\/\/proventuss.eu\/","name":"Proventuss","description":"","potentialAction":[{"@type":"SearchAction","target":{"@type":"EntryPoint","urlTemplate":"https:\/\/proventuss.eu\/?s={search_term_string}"},"query-input":"required name=search_term_string"}],"inLanguage":"ro-RO"}]}},"_links":{"self":[{"href":"https:\/\/proventuss.eu\/ro\/wp-json\/wp\/v2\/product\/12701"}],"collection":[{"href":"https:\/\/proventuss.eu\/ro\/wp-json\/wp\/v2\/product"}],"about":[{"href":"https:\/\/proventuss.eu\/ro\/wp-json\/wp\/v2\/types\/product"}],"replies":[{"embeddable":true,"href":"https:\/\/proventuss.eu\/ro\/wp-json\/wp\/v2\/comments?post=12701"}],"wp:featuredmedia":[{"embeddable":true,"href":"https:\/\/proventuss.eu\/ro\/wp-json\/wp\/v2\/media\/11877"}],"wp:attachment":[{"href":"https:\/\/proventuss.eu\/ro\/wp-json\/wp\/v2\/media?parent=12701"}],"wp:term":[{"taxonomy":"product_cat","embeddable":true,"href":"https:\/\/proventuss.eu\/ro\/wp-json\/wp\/v2\/product_cat?post=12701"},{"taxonomy":"product_tag","embeddable":true,"href":"https:\/\/proventuss.eu\/ro\/wp-json\/wp\/v2\/product_tag?post=12701"}],"curies":[{"name":"wp","href":"https:\/\/api.w.org\/{rel}","templated":true}]}}