{"id":12700,"date":"2023-03-23T08:11:29","date_gmt":"2023-03-23T08:11:29","guid":{"rendered":"https:\/\/proventuss.eu\/produkt\/membrana-hidroizolanta-hdpe-cu-proprietati-adezive-bituthene-4000\/"},"modified":"2023-03-23T08:11:29","modified_gmt":"2023-03-23T08:11:29","slug":"membrana-hidroizolanta-hdpe-cu-proprietati-adezive-bituthene-4000","status":"publish","type":"product","link":"https:\/\/proventuss.eu\/ro\/produs\/membrana-hidroizolanta-hdpe-cu-proprietati-adezive-bituthene-4000\/","title":{"rendered":"Membran\u0103 hidroizolanta HDPE cu propriet\u0103\u021bi adezive Bituthene 4000"},"content":{"rendered":"<p>Bituthene 4000 este o membran\u0103 flexibil\u0103 care se a\u015feaz\u0103 la rece, auto adeziv\u0103, care combin\u0103 \u020bnalta performan\u021b\u0103 a foliei HDPE laminat\u0103 \u020bn cruce cu un compus de bitum super lipicios.<\/p>\n<p><strong>AVANTAJE:<\/strong><br \/>\n&#8211; Se aplic\u0103 la rece \u2013 aplicare u\u015foar\u0103 pe suprafe\u021be de beton, \u020bn special la temperaturi sc\u0103zute<br \/>\n&#8211; Posibilitatea de aplicare pe beton \u201eproasp\u0103t\u201d \u2013 scurteaz\u0103 timpul de execu\u021bie<br \/>\n&#8211; Sistem primer tolerant la umezeal\u0103 \u2013 permite aplicarea pe suprafe\u021be ude \u015fi \u020bn condi\u021bii de vreme extrem\u0103<br \/>\n&#8211; Folosit\u0103 \u020bntr-o gam\u0103 larg\u0103 de temperaturi \u2013 foarte bun\u0103 adeziune reciproc\u0103 \u015fi de suprafa\u021b\u0103 de la -5C la +35C<br \/>\n&#8211; Conectare durabil\u0103 \u2013 conectorii ranforsa\u021bi asigur\u0103 extra siguran\u021b\u0103<br \/>\n&#8211; Folia laminat\u0103 \u020bn cruce \u2013 asigur\u0103 stabilitatea dimensiunii, rezisten\u021b\u0103 la sf\u00e2\u015fiere, \u020bn\u021bepare sau impact<br \/>\n&#8211; Flexibilitate \u2013 acoper\u0103 fisurile cauzate de contrac\u021bia betonului<br \/>\n&#8211; Etan\u015f\u0103 la gaz \u2013 rezistent\u0103 la metan, dioxid de carbon \u015fi radon. Dep\u0103\u015fe\u015fte cerin\u021bele raportului 211 BRE (radon) \u015fi 212 (metan \u015fi dioxid de carbon)<\/p>\n","protected":false},"excerpt":{"rendered":"<p>Bituthene 4000 este o membran\u0103 flexibil\u0103 care se a\u015feaz\u0103 la rece, auto adeziv\u0103, care combin\u0103 \u020bnalta performan\u021b\u0103 a foliei HDPE laminat\u0103 \u020bn cruce cu un compus de bitum super lipicios. AVANTAJE: &#8211; Se aplic\u0103 la rece \u2013 aplicare u\u015foar\u0103 pe suprafe\u021be de beton, \u020bn special la temperaturi sc\u0103zute &#8211; Posibilitatea de aplicare pe beton \u201eproasp\u0103t\u201d [&hellip;]<\/p>\n","protected":false},"featured_media":11885,"comment_status":"open","ping_status":"closed","template":"","meta":{"_acf_changed":false},"product_cat":[460],"product_tag":[],"acf":[],"yoast_head":"<!-- This site is optimized with the Yoast SEO plugin v22.9 - https:\/\/yoast.com\/wordpress\/plugins\/seo\/ -->\n<title>Membran\u0103 hidroizolanta HDPE cu propriet\u0103\u021bi adezive Bituthene 4000 - Proventuss<\/title>\n<meta name=\"robots\" content=\"index, follow, max-snippet:-1, max-image-preview:large, max-video-preview:-1\" \/>\n<link rel=\"canonical\" href=\"https:\/\/proventuss.eu\/ro\/produkt\/membrana-hidroizolanta-hdpe-cu-proprietati-adezive-bituthene-4000\/\" \/>\n<meta property=\"og:locale\" content=\"ro_RO\" \/>\n<meta property=\"og:type\" content=\"article\" \/>\n<meta property=\"og:title\" content=\"Membran\u0103 hidroizolanta HDPE cu propriet\u0103\u021bi adezive Bituthene 4000 - Proventuss\" \/>\n<meta property=\"og:description\" content=\"Bituthene 4000 este o membran\u0103 flexibil\u0103 care se a\u015feaz\u0103 la rece, auto adeziv\u0103, care combin\u0103 \u020bnalta performan\u021b\u0103 a foliei HDPE laminat\u0103 \u020bn cruce cu un compus de bitum super lipicios. AVANTAJE: &#8211; Se aplic\u0103 la rece \u2013 aplicare u\u015foar\u0103 pe suprafe\u021be de beton, \u020bn special la temperaturi sc\u0103zute &#8211; Posibilitatea de aplicare pe beton \u201eproasp\u0103t\u201d [&hellip;]\" \/>\n<meta property=\"og:url\" content=\"https:\/\/proventuss.eu\/ro\/produkt\/membrana-hidroizolanta-hdpe-cu-proprietati-adezive-bituthene-4000\/\" \/>\n<meta property=\"og:site_name\" content=\"Proventuss\" \/>\n<meta property=\"og:image\" content=\"https:\/\/proventuss.eu\/wp-content\/uploads\/2023\/03\/bithuthene-strona.jpg\" \/>\n\t<meta property=\"og:image:width\" content=\"2036\" \/>\n\t<meta property=\"og:image:height\" content=\"1357\" \/>\n\t<meta property=\"og:image:type\" content=\"image\/jpeg\" \/>\n<meta name=\"twitter:card\" content=\"summary_large_image\" \/>\n<meta name=\"twitter:label1\" content=\"Timp estimat pentru citire\" \/>\n\t<meta name=\"twitter:data1\" content=\"1 minut\" \/>\n<script type=\"application\/ld+json\" class=\"yoast-schema-graph\">{\"@context\":\"https:\/\/schema.org\",\"@graph\":[{\"@type\":\"WebPage\",\"@id\":\"https:\/\/proventuss.eu\/ro\/produkt\/membrana-hidroizolanta-hdpe-cu-proprietati-adezive-bituthene-4000\/\",\"url\":\"https:\/\/proventuss.eu\/ro\/produkt\/membrana-hidroizolanta-hdpe-cu-proprietati-adezive-bituthene-4000\/\",\"name\":\"Membran\u0103 hidroizolanta HDPE cu propriet\u0103\u021bi adezive Bituthene 4000 - Proventuss\",\"isPartOf\":{\"@id\":\"https:\/\/proventuss.eu\/#website\"},\"primaryImageOfPage\":{\"@id\":\"https:\/\/proventuss.eu\/ro\/produkt\/membrana-hidroizolanta-hdpe-cu-proprietati-adezive-bituthene-4000\/#primaryimage\"},\"image\":{\"@id\":\"https:\/\/proventuss.eu\/ro\/produkt\/membrana-hidroizolanta-hdpe-cu-proprietati-adezive-bituthene-4000\/#primaryimage\"},\"thumbnailUrl\":\"https:\/\/proventuss.eu\/wp-content\/uploads\/2023\/03\/bithuthene-strona.jpg\",\"datePublished\":\"2023-03-23T08:11:29+00:00\",\"dateModified\":\"2023-03-23T08:11:29+00:00\",\"breadcrumb\":{\"@id\":\"https:\/\/proventuss.eu\/ro\/produkt\/membrana-hidroizolanta-hdpe-cu-proprietati-adezive-bituthene-4000\/#breadcrumb\"},\"inLanguage\":\"ro-RO\",\"potentialAction\":[{\"@type\":\"ReadAction\",\"target\":[\"https:\/\/proventuss.eu\/ro\/produkt\/membrana-hidroizolanta-hdpe-cu-proprietati-adezive-bituthene-4000\/\"]}]},{\"@type\":\"ImageObject\",\"inLanguage\":\"ro-RO\",\"@id\":\"https:\/\/proventuss.eu\/ro\/produkt\/membrana-hidroizolanta-hdpe-cu-proprietati-adezive-bituthene-4000\/#primaryimage\",\"url\":\"https:\/\/proventuss.eu\/wp-content\/uploads\/2023\/03\/bithuthene-strona.jpg\",\"contentUrl\":\"https:\/\/proventuss.eu\/wp-content\/uploads\/2023\/03\/bithuthene-strona.jpg\",\"width\":2036,\"height\":1357,\"caption\":\"Photovoltaic modules with reflection of cloudy sky\"},{\"@type\":\"BreadcrumbList\",\"@id\":\"https:\/\/proventuss.eu\/ro\/produkt\/membrana-hidroizolanta-hdpe-cu-proprietati-adezive-bituthene-4000\/#breadcrumb\",\"itemListElement\":[{\"@type\":\"ListItem\",\"position\":1,\"name\":\"Home\",\"item\":\"https:\/\/proventuss.eu\/ro\/\"},{\"@type\":\"ListItem\",\"position\":2,\"name\":\"Produse\",\"item\":\"https:\/\/proventuss.eu\/produse\/\"},{\"@type\":\"ListItem\",\"position\":3,\"name\":\"Membran\u0103 hidroizolanta HDPE cu propriet\u0103\u021bi adezive Bituthene 4000\"}]},{\"@type\":\"WebSite\",\"@id\":\"https:\/\/proventuss.eu\/#website\",\"url\":\"https:\/\/proventuss.eu\/\",\"name\":\"Proventuss\",\"description\":\"\",\"potentialAction\":[{\"@type\":\"SearchAction\",\"target\":{\"@type\":\"EntryPoint\",\"urlTemplate\":\"https:\/\/proventuss.eu\/?s={search_term_string}\"},\"query-input\":\"required name=search_term_string\"}],\"inLanguage\":\"ro-RO\"}]}<\/script>\n<!-- \/ Yoast SEO plugin. -->","yoast_head_json":{"title":"Membran\u0103 hidroizolanta HDPE cu propriet\u0103\u021bi adezive Bituthene 4000 - Proventuss","robots":{"index":"index","follow":"follow","max-snippet":"max-snippet:-1","max-image-preview":"max-image-preview:large","max-video-preview":"max-video-preview:-1"},"canonical":"https:\/\/proventuss.eu\/ro\/produkt\/membrana-hidroizolanta-hdpe-cu-proprietati-adezive-bituthene-4000\/","og_locale":"ro_RO","og_type":"article","og_title":"Membran\u0103 hidroizolanta HDPE cu propriet\u0103\u021bi adezive Bituthene 4000 - Proventuss","og_description":"Bituthene 4000 este o membran\u0103 flexibil\u0103 care se a\u015feaz\u0103 la rece, auto adeziv\u0103, care combin\u0103 \u020bnalta performan\u021b\u0103 a foliei HDPE laminat\u0103 \u020bn cruce cu un compus de bitum super lipicios. AVANTAJE: &#8211; Se aplic\u0103 la rece \u2013 aplicare u\u015foar\u0103 pe suprafe\u021be de beton, \u020bn special la temperaturi sc\u0103zute &#8211; Posibilitatea de aplicare pe beton \u201eproasp\u0103t\u201d [&hellip;]","og_url":"https:\/\/proventuss.eu\/ro\/produkt\/membrana-hidroizolanta-hdpe-cu-proprietati-adezive-bituthene-4000\/","og_site_name":"Proventuss","og_image":[{"width":2036,"height":1357,"url":"https:\/\/proventuss.eu\/wp-content\/uploads\/2023\/03\/bithuthene-strona.jpg","type":"image\/jpeg"}],"twitter_card":"summary_large_image","twitter_misc":{"Timp estimat pentru citire":"1 minut"},"schema":{"@context":"https:\/\/schema.org","@graph":[{"@type":"WebPage","@id":"https:\/\/proventuss.eu\/ro\/produkt\/membrana-hidroizolanta-hdpe-cu-proprietati-adezive-bituthene-4000\/","url":"https:\/\/proventuss.eu\/ro\/produkt\/membrana-hidroizolanta-hdpe-cu-proprietati-adezive-bituthene-4000\/","name":"Membran\u0103 hidroizolanta HDPE cu propriet\u0103\u021bi adezive Bituthene 4000 - Proventuss","isPartOf":{"@id":"https:\/\/proventuss.eu\/#website"},"primaryImageOfPage":{"@id":"https:\/\/proventuss.eu\/ro\/produkt\/membrana-hidroizolanta-hdpe-cu-proprietati-adezive-bituthene-4000\/#primaryimage"},"image":{"@id":"https:\/\/proventuss.eu\/ro\/produkt\/membrana-hidroizolanta-hdpe-cu-proprietati-adezive-bituthene-4000\/#primaryimage"},"thumbnailUrl":"https:\/\/proventuss.eu\/wp-content\/uploads\/2023\/03\/bithuthene-strona.jpg","datePublished":"2023-03-23T08:11:29+00:00","dateModified":"2023-03-23T08:11:29+00:00","breadcrumb":{"@id":"https:\/\/proventuss.eu\/ro\/produkt\/membrana-hidroizolanta-hdpe-cu-proprietati-adezive-bituthene-4000\/#breadcrumb"},"inLanguage":"ro-RO","potentialAction":[{"@type":"ReadAction","target":["https:\/\/proventuss.eu\/ro\/produkt\/membrana-hidroizolanta-hdpe-cu-proprietati-adezive-bituthene-4000\/"]}]},{"@type":"ImageObject","inLanguage":"ro-RO","@id":"https:\/\/proventuss.eu\/ro\/produkt\/membrana-hidroizolanta-hdpe-cu-proprietati-adezive-bituthene-4000\/#primaryimage","url":"https:\/\/proventuss.eu\/wp-content\/uploads\/2023\/03\/bithuthene-strona.jpg","contentUrl":"https:\/\/proventuss.eu\/wp-content\/uploads\/2023\/03\/bithuthene-strona.jpg","width":2036,"height":1357,"caption":"Photovoltaic modules with reflection of cloudy sky"},{"@type":"BreadcrumbList","@id":"https:\/\/proventuss.eu\/ro\/produkt\/membrana-hidroizolanta-hdpe-cu-proprietati-adezive-bituthene-4000\/#breadcrumb","itemListElement":[{"@type":"ListItem","position":1,"name":"Home","item":"https:\/\/proventuss.eu\/ro\/"},{"@type":"ListItem","position":2,"name":"Produse","item":"https:\/\/proventuss.eu\/produse\/"},{"@type":"ListItem","position":3,"name":"Membran\u0103 hidroizolanta HDPE cu propriet\u0103\u021bi adezive Bituthene 4000"}]},{"@type":"WebSite","@id":"https:\/\/proventuss.eu\/#website","url":"https:\/\/proventuss.eu\/","name":"Proventuss","description":"","potentialAction":[{"@type":"SearchAction","target":{"@type":"EntryPoint","urlTemplate":"https:\/\/proventuss.eu\/?s={search_term_string}"},"query-input":"required name=search_term_string"}],"inLanguage":"ro-RO"}]}},"_links":{"self":[{"href":"https:\/\/proventuss.eu\/ro\/wp-json\/wp\/v2\/product\/12700"}],"collection":[{"href":"https:\/\/proventuss.eu\/ro\/wp-json\/wp\/v2\/product"}],"about":[{"href":"https:\/\/proventuss.eu\/ro\/wp-json\/wp\/v2\/types\/product"}],"replies":[{"embeddable":true,"href":"https:\/\/proventuss.eu\/ro\/wp-json\/wp\/v2\/comments?post=12700"}],"wp:featuredmedia":[{"embeddable":true,"href":"https:\/\/proventuss.eu\/ro\/wp-json\/wp\/v2\/media\/11885"}],"wp:attachment":[{"href":"https:\/\/proventuss.eu\/ro\/wp-json\/wp\/v2\/media?parent=12700"}],"wp:term":[{"taxonomy":"product_cat","embeddable":true,"href":"https:\/\/proventuss.eu\/ro\/wp-json\/wp\/v2\/product_cat?post=12700"},{"taxonomy":"product_tag","embeddable":true,"href":"https:\/\/proventuss.eu\/ro\/wp-json\/wp\/v2\/product_tag?post=12700"}],"curies":[{"name":"wp","href":"https:\/\/api.w.org\/{rel}","templated":true}]}}