{"id":12699,"date":"2023-03-20T12:35:24","date_gmt":"2023-03-20T12:35:24","guid":{"rendered":"https:\/\/proventuss.eu\/produkt\/preprufe-300r-plus\/"},"modified":"2023-03-20T12:35:24","modified_gmt":"2023-03-20T12:35:24","slug":"preprufe-300r-plus","status":"publish","type":"product","link":"https:\/\/proventuss.eu\/ro\/produs\/preprufe-300r-plus\/","title":{"rendered":"Preprufe 300R Plus"},"content":{"rendered":"<p>Noua genera\u021bie de membrane Preprufe cu sistemul unic Preprufe ZipLap pentru aplicarea rapid\u0103 \u015fi u\u015foar\u0103 \u020bn orice sezon \u015fi climat \u020bn zonele subterane ale cl\u0103dirii.<\/p>\n<p>Membranele izolatoare Preprufe Plus sunt foi compozit con\u021bin\u00e2nd membran\u0103 HDPE pur\u0103, un strat adeziv sensibil la presiune \u015fi un strat superior din strat protector pe care se poate p\u0103\u015fi cu Preprufe ZipLap, r\u00e2nduri duble de adeziv pentru a spori securitatea \u015fi a u\u015fura instalarea la loca\u021bie.<\/p>\n<p>GCP a combinat Tehnologia avansat\u0103 de lipire dovedit\u0103 cu peste 25 de ani de experien\u021b\u0103 \u020bn proiecte mari ca s\u0103 creeze o membran\u0103 hidroizolant\u0103 cu propriet\u0103\u021bi unice, cu avantaje tehnice \u015fi economice. Tehnologia Avansat\u0103 de Lipire \u2013 tehnologie care asigur\u0103 o lipire continu\u0103 \u015fi permanent\u0103 pe beton plasat direct sau adiacent, prevenind migra\u021bia apei \u020bntre structur\u0103 \u015fi membran\u0103, protec\u021bie \u020bmbun\u0103t\u0103\u021bit\u0103 semnificativ \u020bmpotriva scurgerilor.<\/p>\n<p>Beneficii \u020bn timpul aplic\u0103rii \u2013 Sistemul Preprufe Plus Sistem este simplu, rapid \u015fi sigur. Produsele adi\u021bionale sunt limitate la o singur\u0103 band\u0103 \u015fi Membrana Lichid\u0103 Bituthene LM pentru nevoile de etan\u015fare detaliu. \u020antreaga instalare poate fi f\u0103cut\u0103 de doi angaja\u021bi instrui\u021bi, ceea ce economise\u015fte timp \u015fi costuri. Preprufe ZipLap asigur\u0103 lipire rapid\u0103 \u015fi eficient\u0103 chiar \u015fi in condi\u021bii adverse.<\/p>\n<p>AVANTAJE:<br \/>\n-Rapid, simplu \u015fi sigur \u2013 creat pentru instalarea eficient\u0103 \u020bn \u015fantier \u015fi propriet\u0103\u021bi hidroizolante de lung\u0103 durat\u0103.<br \/>\n-Tehnologia Avansat\u0103 de Lipire reduce riscurile \u2013 creaz\u0103 o lipire continu\u0103 \u015fi permanent\u0103 cu structura betonului armat. Singura solu\u021bie dovedit\u0103 c\u0103 previne migra\u021bia cu mare presiune a apei.<br \/>\n-Straturile dublu-adezive hidroizolante Preprufe ZipLap \u2013 u\u015for de instalat tot anul chiar \u015fi \u020bn condi\u021bii dificile. Straturile r\u0103m\u00e2n curate \u015fi uscate p\u00e2n\u0103 la aplicarea sigilantului.<br \/>\n-Reduce costurile \u015fi timpul \u2013 instalare rapid\u0103 cu o echip\u0103 format\u0103 din 2 oameni<br \/>\n-F\u0103r\u0103 aditivi ascun\u015fi \u2013 f\u0103r\u0103 primer, sigilan\u021bi, suduri de filet sau echipament special necesar<br \/>\n-Timp de expunere extins \u2013 un strat unic de protec\u021bie care asigur\u0103 protec\u021bie la expunerea UV p\u00e2n\u0103 la 56 de zile \u020bnainte de \u020bnceperea plas\u0103rii amestecului de beton. Ofer\u0103 posibilitatea planific\u0103rii flexibile a construc\u021biei \u020bn cazul unor \u020bnt\u00e2rizeri de implementare a proiectului.<br \/>\n-U\u015for \u015fi u\u015for de manevrat \u2013 zon\u0103 mic\u0103 de depozitare \u015fi siguran\u021b\u0103 mai mare \u020bn compara\u021bie cu alte tehnologii mai groase, mai grele \u015fi cu un volum mai mare<br \/>\n-Sistem simplu -instalarea sistemului de izola\u021bie necesit\u0103 doar o membran\u0103 \u015fi o singur\u0103 band\u0103<br \/>\n-U\u015foar\u0103 modelare a detaliilor \u2013 conectarea integral\u0103 a membranei cu structura printr-un strat adeziv elimin\u0103 nevoia de a \u020bmp\u0103r\u021bi elemntele \u020bn c\u00e2mpuri mai mici, ca \u020bn cazurile \u020bn care sistemul nu este \u020bnrudit cu structura.<\/p>\n<p>&#8216;-Neted, suprafa\u021b\u0103 non-absorbant\u0103 \u2013 spre deosebire de membranele acoperite cu geotextile, membrana rezist\u0103 \u020bn fa\u021ba contamin\u0103rii din \u015fantier \u015fi este u\u015for de cur\u0103\u021bat \u020bnainte de a se turna betonul, asigur\u00e2nd o lipire permanent\u0103 cu structura<br \/>\n&#8216;-Nu necesit\u0103 \u020bmp\u0103r\u021birea elementelor pe c\u00e2mpuri \u2013 conexiunea aderent\u0103 integral\u0103 elimin\u0103 nevoia unor diviziuni complexe folosite \u020bn cazul membranelor care nu se lipesc activ de beton.<br \/>\n&#8216;-Un singur strat, aplicat la rece \u2013 sistem un singur strat, nu necesit\u0103 un strat de protec\u021bie sau s\u0103 se lucreze cu flacar\u0103 deschis\u0103<br \/>\n&#8216;-Geomembrana HDPE impermeabil\u0103 \u015fi rezistent\u0103 \u2013 durabil\u0103, rezistent\u0103, protejeaz\u0103 structura \u020bmpotriva atacului chimicalelor, ac\u021biunea s\u0103rii \u015fi sulfidelor \u015fi penetrarea gazelor.<br \/>\n&#8216;-25 de ani de experien\u021b\u0103 \u2013 Membranele Preprufe sunt folosite de peste 25 de ani \u020bn proiecte mari sau mici din \u020bntreaga lume<br \/>\n&#8216;-Izola\u021bie pasiv\u0103 \u2013 spre deosebire de sistemele bazate pe bentonite, sistemul nu necesit\u0103 activare, este rezistent la contaminarea solului, ploaie \u015fi cicluri uscat-ud \u020bn timpul construc\u021biei \u015fi folosirea structurii.<br \/>\n&#8216;-Sistem complet GCP \u2013 Gama complet\u0103 GCP de benzi hidrofile \u015fi PVC pentru protec\u021bia \u020bmbin\u0103rilor structurale de expansiune, inclusiv \u020bmbin\u0103rile de expansiune larg\u0103 (zone seismice). Pot fi folosite \u020bmpreun\u0103 cu gama de membrane auto-adezive GCP pentru a fi instalate pe structurile deja existente.<\/p>\n","protected":false},"excerpt":{"rendered":"<p>Noua genera\u021bie de membrane Preprufe cu sistemul unic Preprufe ZipLap pentru aplicarea rapid\u0103 \u015fi u\u015foar\u0103 \u020bn orice sezon \u015fi climat \u020bn zonele subterane ale cl\u0103dirii. Membranele izolatoare Preprufe Plus sunt foi compozit con\u021bin\u00e2nd membran\u0103 HDPE pur\u0103, un strat adeziv sensibil la presiune \u015fi un strat superior din strat protector pe care se poate p\u0103\u015fi cu [&hellip;]<\/p>\n","protected":false},"featured_media":12568,"comment_status":"open","ping_status":"closed","template":"","meta":{"_acf_changed":false},"product_cat":[460],"product_tag":[],"acf":[],"yoast_head":"<!-- This site is optimized with the Yoast SEO plugin v22.9 - https:\/\/yoast.com\/wordpress\/plugins\/seo\/ -->\n<title>Preprufe 300R Plus - Proventuss<\/title>\n<meta name=\"robots\" content=\"index, follow, max-snippet:-1, max-image-preview:large, max-video-preview:-1\" \/>\n<link rel=\"canonical\" href=\"https:\/\/proventuss.eu\/ro\/produkt\/preprufe-300r-plus\/\" \/>\n<meta property=\"og:locale\" content=\"ro_RO\" \/>\n<meta property=\"og:type\" content=\"article\" \/>\n<meta property=\"og:title\" content=\"Preprufe 300R Plus - Proventuss\" \/>\n<meta property=\"og:description\" content=\"Noua genera\u021bie de membrane Preprufe cu sistemul unic Preprufe ZipLap pentru aplicarea rapid\u0103 \u015fi u\u015foar\u0103 \u020bn orice sezon \u015fi climat \u020bn zonele subterane ale cl\u0103dirii. Membranele izolatoare Preprufe Plus sunt foi compozit con\u021bin\u00e2nd membran\u0103 HDPE pur\u0103, un strat adeziv sensibil la presiune \u015fi un strat superior din strat protector pe care se poate p\u0103\u015fi cu [&hellip;]\" \/>\n<meta property=\"og:url\" content=\"https:\/\/proventuss.eu\/ro\/produkt\/preprufe-300r-plus\/\" \/>\n<meta property=\"og:site_name\" content=\"Proventuss\" \/>\n<meta property=\"og:image\" content=\"https:\/\/proventuss.eu\/wp-content\/uploads\/2023\/03\/Preprufe-300Rplus.jpg\" \/>\n\t<meta property=\"og:image:width\" content=\"2048\" \/>\n\t<meta property=\"og:image:height\" content=\"1536\" \/>\n\t<meta property=\"og:image:type\" content=\"image\/jpeg\" \/>\n<meta name=\"twitter:card\" content=\"summary_large_image\" \/>\n<meta name=\"twitter:label1\" content=\"Timp estimat pentru citire\" \/>\n\t<meta name=\"twitter:data1\" content=\"3 minute\" \/>\n<script type=\"application\/ld+json\" class=\"yoast-schema-graph\">{\"@context\":\"https:\/\/schema.org\",\"@graph\":[{\"@type\":\"WebPage\",\"@id\":\"https:\/\/proventuss.eu\/ro\/produkt\/preprufe-300r-plus\/\",\"url\":\"https:\/\/proventuss.eu\/ro\/produkt\/preprufe-300r-plus\/\",\"name\":\"Preprufe 300R Plus - Proventuss\",\"isPartOf\":{\"@id\":\"https:\/\/proventuss.eu\/#website\"},\"primaryImageOfPage\":{\"@id\":\"https:\/\/proventuss.eu\/ro\/produkt\/preprufe-300r-plus\/#primaryimage\"},\"image\":{\"@id\":\"https:\/\/proventuss.eu\/ro\/produkt\/preprufe-300r-plus\/#primaryimage\"},\"thumbnailUrl\":\"https:\/\/proventuss.eu\/wp-content\/uploads\/2023\/03\/Preprufe-300Rplus.jpg\",\"datePublished\":\"2023-03-20T12:35:24+00:00\",\"dateModified\":\"2023-03-20T12:35:24+00:00\",\"breadcrumb\":{\"@id\":\"https:\/\/proventuss.eu\/ro\/produkt\/preprufe-300r-plus\/#breadcrumb\"},\"inLanguage\":\"ro-RO\",\"potentialAction\":[{\"@type\":\"ReadAction\",\"target\":[\"https:\/\/proventuss.eu\/ro\/produkt\/preprufe-300r-plus\/\"]}]},{\"@type\":\"ImageObject\",\"inLanguage\":\"ro-RO\",\"@id\":\"https:\/\/proventuss.eu\/ro\/produkt\/preprufe-300r-plus\/#primaryimage\",\"url\":\"https:\/\/proventuss.eu\/wp-content\/uploads\/2023\/03\/Preprufe-300Rplus.jpg\",\"contentUrl\":\"https:\/\/proventuss.eu\/wp-content\/uploads\/2023\/03\/Preprufe-300Rplus.jpg\",\"width\":2048,\"height\":1536},{\"@type\":\"BreadcrumbList\",\"@id\":\"https:\/\/proventuss.eu\/ro\/produkt\/preprufe-300r-plus\/#breadcrumb\",\"itemListElement\":[{\"@type\":\"ListItem\",\"position\":1,\"name\":\"Home\",\"item\":\"https:\/\/proventuss.eu\/ro\/\"},{\"@type\":\"ListItem\",\"position\":2,\"name\":\"Produse\",\"item\":\"https:\/\/proventuss.eu\/produse\/\"},{\"@type\":\"ListItem\",\"position\":3,\"name\":\"Preprufe 300R Plus\"}]},{\"@type\":\"WebSite\",\"@id\":\"https:\/\/proventuss.eu\/#website\",\"url\":\"https:\/\/proventuss.eu\/\",\"name\":\"Proventuss\",\"description\":\"\",\"potentialAction\":[{\"@type\":\"SearchAction\",\"target\":{\"@type\":\"EntryPoint\",\"urlTemplate\":\"https:\/\/proventuss.eu\/?s={search_term_string}\"},\"query-input\":\"required name=search_term_string\"}],\"inLanguage\":\"ro-RO\"}]}<\/script>\n<!-- \/ Yoast SEO plugin. -->","yoast_head_json":{"title":"Preprufe 300R Plus - Proventuss","robots":{"index":"index","follow":"follow","max-snippet":"max-snippet:-1","max-image-preview":"max-image-preview:large","max-video-preview":"max-video-preview:-1"},"canonical":"https:\/\/proventuss.eu\/ro\/produkt\/preprufe-300r-plus\/","og_locale":"ro_RO","og_type":"article","og_title":"Preprufe 300R Plus - Proventuss","og_description":"Noua genera\u021bie de membrane Preprufe cu sistemul unic Preprufe ZipLap pentru aplicarea rapid\u0103 \u015fi u\u015foar\u0103 \u020bn orice sezon \u015fi climat \u020bn zonele subterane ale cl\u0103dirii. Membranele izolatoare Preprufe Plus sunt foi compozit con\u021bin\u00e2nd membran\u0103 HDPE pur\u0103, un strat adeziv sensibil la presiune \u015fi un strat superior din strat protector pe care se poate p\u0103\u015fi cu [&hellip;]","og_url":"https:\/\/proventuss.eu\/ro\/produkt\/preprufe-300r-plus\/","og_site_name":"Proventuss","og_image":[{"width":2048,"height":1536,"url":"https:\/\/proventuss.eu\/wp-content\/uploads\/2023\/03\/Preprufe-300Rplus.jpg","type":"image\/jpeg"}],"twitter_card":"summary_large_image","twitter_misc":{"Timp estimat pentru citire":"3 minute"},"schema":{"@context":"https:\/\/schema.org","@graph":[{"@type":"WebPage","@id":"https:\/\/proventuss.eu\/ro\/produkt\/preprufe-300r-plus\/","url":"https:\/\/proventuss.eu\/ro\/produkt\/preprufe-300r-plus\/","name":"Preprufe 300R Plus - Proventuss","isPartOf":{"@id":"https:\/\/proventuss.eu\/#website"},"primaryImageOfPage":{"@id":"https:\/\/proventuss.eu\/ro\/produkt\/preprufe-300r-plus\/#primaryimage"},"image":{"@id":"https:\/\/proventuss.eu\/ro\/produkt\/preprufe-300r-plus\/#primaryimage"},"thumbnailUrl":"https:\/\/proventuss.eu\/wp-content\/uploads\/2023\/03\/Preprufe-300Rplus.jpg","datePublished":"2023-03-20T12:35:24+00:00","dateModified":"2023-03-20T12:35:24+00:00","breadcrumb":{"@id":"https:\/\/proventuss.eu\/ro\/produkt\/preprufe-300r-plus\/#breadcrumb"},"inLanguage":"ro-RO","potentialAction":[{"@type":"ReadAction","target":["https:\/\/proventuss.eu\/ro\/produkt\/preprufe-300r-plus\/"]}]},{"@type":"ImageObject","inLanguage":"ro-RO","@id":"https:\/\/proventuss.eu\/ro\/produkt\/preprufe-300r-plus\/#primaryimage","url":"https:\/\/proventuss.eu\/wp-content\/uploads\/2023\/03\/Preprufe-300Rplus.jpg","contentUrl":"https:\/\/proventuss.eu\/wp-content\/uploads\/2023\/03\/Preprufe-300Rplus.jpg","width":2048,"height":1536},{"@type":"BreadcrumbList","@id":"https:\/\/proventuss.eu\/ro\/produkt\/preprufe-300r-plus\/#breadcrumb","itemListElement":[{"@type":"ListItem","position":1,"name":"Home","item":"https:\/\/proventuss.eu\/ro\/"},{"@type":"ListItem","position":2,"name":"Produse","item":"https:\/\/proventuss.eu\/produse\/"},{"@type":"ListItem","position":3,"name":"Preprufe 300R Plus"}]},{"@type":"WebSite","@id":"https:\/\/proventuss.eu\/#website","url":"https:\/\/proventuss.eu\/","name":"Proventuss","description":"","potentialAction":[{"@type":"SearchAction","target":{"@type":"EntryPoint","urlTemplate":"https:\/\/proventuss.eu\/?s={search_term_string}"},"query-input":"required name=search_term_string"}],"inLanguage":"ro-RO"}]}},"_links":{"self":[{"href":"https:\/\/proventuss.eu\/ro\/wp-json\/wp\/v2\/product\/12699"}],"collection":[{"href":"https:\/\/proventuss.eu\/ro\/wp-json\/wp\/v2\/product"}],"about":[{"href":"https:\/\/proventuss.eu\/ro\/wp-json\/wp\/v2\/types\/product"}],"replies":[{"embeddable":true,"href":"https:\/\/proventuss.eu\/ro\/wp-json\/wp\/v2\/comments?post=12699"}],"wp:featuredmedia":[{"embeddable":true,"href":"https:\/\/proventuss.eu\/ro\/wp-json\/wp\/v2\/media\/12568"}],"wp:attachment":[{"href":"https:\/\/proventuss.eu\/ro\/wp-json\/wp\/v2\/media?parent=12699"}],"wp:term":[{"taxonomy":"product_cat","embeddable":true,"href":"https:\/\/proventuss.eu\/ro\/wp-json\/wp\/v2\/product_cat?post=12699"},{"taxonomy":"product_tag","embeddable":true,"href":"https:\/\/proventuss.eu\/ro\/wp-json\/wp\/v2\/product_tag?post=12699"}],"curies":[{"name":"wp","href":"https:\/\/api.w.org\/{rel}","templated":true}]}}