{"id":12698,"date":"2023-03-20T12:44:06","date_gmt":"2023-03-20T12:44:06","guid":{"rendered":"https:\/\/proventuss.eu\/produkt\/preprufe-250\/"},"modified":"2023-04-13T13:15:31","modified_gmt":"2023-04-13T13:15:31","slug":"preprufe-250","status":"publish","type":"product","link":"https:\/\/proventuss.eu\/ro\/produs\/preprufe-250\/","title":{"rendered":"Preprufe 250"},"content":{"rendered":"<p>Lipirea membranelor hidroizolante Preprufe 250 cu amestec de beton turnat pentru pl\u0103ci de funda\u021bie \u015fi cofraje pentru pere\u021bi cu o singur\u0103 fa\u021b\u0103 pentru p\u0103r\u021bile subterane ale cl\u0103dirilor.<\/p>\n<p>Preprufe 250 este un compozit, foaie de membran\u0103, const\u00e2nd \u020bntr-un strat purt\u0103tor HDPE, un strat adeziv activ \u015fi un strat rezistent la condi\u021biile meteo.<br \/>\nUtiliz\u00e2nd Tehnologia Unic\u0103 de lipire avansat\u0103 GCO, Preprufe 250 creaz\u0103 o lipire continu\u0103 \u015fi permanent\u0103 cu betonul ca s\u0103 previn\u0103 migra\u021bia apei \u015fi s\u0103 asigure durabilitate pe termen lung \u015fi protec\u021bie hidroizolant\u0103.<\/p>\n<p><strong>Sistemul Preprufe 250 include:<\/strong><br \/>\n&#8211; Preprufe 250 \u2013 membran\u0103 etan\u015f\u0103 pentru uz orizontal sub pl\u0103ci de beton sau pentru uz vertical \u020bn sisteme de cofraje permanente.<br \/>\n&#8211; Preprufe Band\u0103 \u2013 band\u0103 auto-adeziv\u0103 cu o l\u0103\u021bime de 100mm pentru unirea capetelor rolei, marginilor t\u0103iate, sigilarea \u020bn\u021bep\u0103turilor \u015fi a detaliilor. Versiune LT a benzii pentru aplic\u0103ri la temperaturi cuprinse \u020bntre -4C \u015fi +30C. Versiunea HC pentru aplic\u0103ri de la +10C.<br \/>\n&#8211; Bituthene LM \u2013 lichid pentru izolare de \u020bnalt\u0103 calitate, pentru sigilarea diferitelor tipuri de \u020bn\u021bep\u0103turi ale membranei.<\/p>\n<p>Preprufe 250 este plasat orizontal pe suprafe\u021be de beton preg\u0103tite \u020bn mod adecvat sau vertical pe cofraje fixe cu o singur\u0103 fa\u021b\u0103. Amestecul de beton este turnat direct pe fa\u021ba activ\u0103 a membranei. Stratul adeziv activ special conceput al membanei Preprufe creaz\u0103 o sigilare continu\u0103 \u015fi integral\u0103 a amestecului de beton turnat. Membrana Preprufe 250 este destinat\u0103 folosirii \u020bn structuri din beton armat, betonate \u020bn \u015fantier.<\/p>\n<p><strong>Avantajele produsului:<\/strong><br \/>\n&#8211; A\u015fezat la rece: sigur, nu necesit\u0103 echipament special<br \/>\n&#8211; Protejeaz\u0103 \u020bmpotriva migra\u021biei transverasale a apei<br \/>\n&#8211; Rapid \u015fi u\u015for de a\u015fezat<br \/>\n&#8211; Ajut\u0103 la evitarea \u020bnt\u00e2rzierilor \u020bn proiect<br \/>\n&#8211; Barier\u0103 excelent\u0103 \u020bmpotriva vaporilor de ap\u0103 \u015fi gaz<br \/>\n&#8211; Impermeabil\u0103 \u020bn mod natural, nu necesit\u0103 activare<br \/>\n&#8211; Rezistent\u0103 la chimicale \u2013 durabil\u0103<br \/>\n&#8211; Nu necesit\u0103 strat protector: pl\u0103ci de protec\u021bie, beton de protec\u021bie dup\u0103 instalarea membranei \u020bnainte de betonare<br \/>\n&#8211; Rezistent UV: poate fi l\u0103sat\u0103 40 de zile<br \/>\n&#8211; Acoperire mai mare a rolei: logistic\u0103 mai u\u015foar\u0103<\/p>\n","protected":false},"excerpt":{"rendered":"<p>Lipirea membranelor hidroizolante Preprufe 250 cu amestec de beton turnat pentru pl\u0103ci de funda\u021bie \u015fi cofraje pentru pere\u021bi cu o singur\u0103 fa\u021b\u0103 pentru p\u0103r\u021bile subterane ale cl\u0103dirilor. Preprufe 250 este un compozit, foaie de membran\u0103, const\u00e2nd \u020bntr-un strat purt\u0103tor HDPE, un strat adeziv activ \u015fi un strat rezistent la condi\u021biile meteo. Utiliz\u00e2nd Tehnologia Unic\u0103 de [&hellip;]<\/p>\n","protected":false},"featured_media":12584,"comment_status":"open","ping_status":"closed","template":"","meta":{"_acf_changed":false},"product_cat":[460],"product_tag":[],"acf":[],"yoast_head":"<!-- This site is optimized with the Yoast SEO plugin v22.9 - https:\/\/yoast.com\/wordpress\/plugins\/seo\/ -->\n<title>Preprufe 250 - Proventuss<\/title>\n<meta name=\"robots\" content=\"index, follow, max-snippet:-1, max-image-preview:large, max-video-preview:-1\" \/>\n<link rel=\"canonical\" href=\"https:\/\/proventuss.eu\/ro\/produkt\/preprufe-250\/\" \/>\n<meta property=\"og:locale\" content=\"ro_RO\" \/>\n<meta property=\"og:type\" content=\"article\" \/>\n<meta property=\"og:title\" content=\"Preprufe 250 - Proventuss\" \/>\n<meta property=\"og:description\" content=\"Lipirea membranelor hidroizolante Preprufe 250 cu amestec de beton turnat pentru pl\u0103ci de funda\u021bie \u015fi cofraje pentru pere\u021bi cu o singur\u0103 fa\u021b\u0103 pentru p\u0103r\u021bile subterane ale cl\u0103dirilor. Preprufe 250 este un compozit, foaie de membran\u0103, const\u00e2nd \u020bntr-un strat purt\u0103tor HDPE, un strat adeziv activ \u015fi un strat rezistent la condi\u021biile meteo. Utiliz\u00e2nd Tehnologia Unic\u0103 de [&hellip;]\" \/>\n<meta property=\"og:url\" content=\"https:\/\/proventuss.eu\/ro\/produkt\/preprufe-250\/\" \/>\n<meta property=\"og:site_name\" content=\"Proventuss\" \/>\n<meta property=\"article:modified_time\" content=\"2023-04-13T13:15:31+00:00\" \/>\n<meta property=\"og:image\" content=\"https:\/\/proventuss.eu\/wp-content\/uploads\/2023\/03\/shutterstock_1852800412-scaled.jpg\" \/>\n\t<meta property=\"og:image:width\" content=\"2560\" \/>\n\t<meta property=\"og:image:height\" content=\"1706\" \/>\n\t<meta property=\"og:image:type\" content=\"image\/jpeg\" \/>\n<meta name=\"twitter:card\" content=\"summary_large_image\" \/>\n<meta name=\"twitter:label1\" content=\"Timp estimat pentru citire\" \/>\n\t<meta name=\"twitter:data1\" content=\"2 minute\" \/>\n<script type=\"application\/ld+json\" class=\"yoast-schema-graph\">{\"@context\":\"https:\/\/schema.org\",\"@graph\":[{\"@type\":\"WebPage\",\"@id\":\"https:\/\/proventuss.eu\/ro\/produkt\/preprufe-250\/\",\"url\":\"https:\/\/proventuss.eu\/ro\/produkt\/preprufe-250\/\",\"name\":\"Preprufe 250 - Proventuss\",\"isPartOf\":{\"@id\":\"https:\/\/proventuss.eu\/#website\"},\"primaryImageOfPage\":{\"@id\":\"https:\/\/proventuss.eu\/ro\/produkt\/preprufe-250\/#primaryimage\"},\"image\":{\"@id\":\"https:\/\/proventuss.eu\/ro\/produkt\/preprufe-250\/#primaryimage\"},\"thumbnailUrl\":\"https:\/\/proventuss.eu\/wp-content\/uploads\/2023\/03\/shutterstock_1852800412-scaled.jpg\",\"datePublished\":\"2023-03-20T12:44:06+00:00\",\"dateModified\":\"2023-04-13T13:15:31+00:00\",\"breadcrumb\":{\"@id\":\"https:\/\/proventuss.eu\/ro\/produkt\/preprufe-250\/#breadcrumb\"},\"inLanguage\":\"ro-RO\",\"potentialAction\":[{\"@type\":\"ReadAction\",\"target\":[\"https:\/\/proventuss.eu\/ro\/produkt\/preprufe-250\/\"]}]},{\"@type\":\"ImageObject\",\"inLanguage\":\"ro-RO\",\"@id\":\"https:\/\/proventuss.eu\/ro\/produkt\/preprufe-250\/#primaryimage\",\"url\":\"https:\/\/proventuss.eu\/wp-content\/uploads\/2023\/03\/shutterstock_1852800412-scaled.jpg\",\"contentUrl\":\"https:\/\/proventuss.eu\/wp-content\/uploads\/2023\/03\/shutterstock_1852800412-scaled.jpg\",\"width\":2560,\"height\":1706},{\"@type\":\"BreadcrumbList\",\"@id\":\"https:\/\/proventuss.eu\/ro\/produkt\/preprufe-250\/#breadcrumb\",\"itemListElement\":[{\"@type\":\"ListItem\",\"position\":1,\"name\":\"Home\",\"item\":\"https:\/\/proventuss.eu\/ro\/\"},{\"@type\":\"ListItem\",\"position\":2,\"name\":\"Produse\",\"item\":\"https:\/\/proventuss.eu\/produse\/\"},{\"@type\":\"ListItem\",\"position\":3,\"name\":\"Preprufe 250\"}]},{\"@type\":\"WebSite\",\"@id\":\"https:\/\/proventuss.eu\/#website\",\"url\":\"https:\/\/proventuss.eu\/\",\"name\":\"Proventuss\",\"description\":\"\",\"potentialAction\":[{\"@type\":\"SearchAction\",\"target\":{\"@type\":\"EntryPoint\",\"urlTemplate\":\"https:\/\/proventuss.eu\/?s={search_term_string}\"},\"query-input\":\"required name=search_term_string\"}],\"inLanguage\":\"ro-RO\"}]}<\/script>\n<!-- \/ Yoast SEO plugin. -->","yoast_head_json":{"title":"Preprufe 250 - Proventuss","robots":{"index":"index","follow":"follow","max-snippet":"max-snippet:-1","max-image-preview":"max-image-preview:large","max-video-preview":"max-video-preview:-1"},"canonical":"https:\/\/proventuss.eu\/ro\/produkt\/preprufe-250\/","og_locale":"ro_RO","og_type":"article","og_title":"Preprufe 250 - Proventuss","og_description":"Lipirea membranelor hidroizolante Preprufe 250 cu amestec de beton turnat pentru pl\u0103ci de funda\u021bie \u015fi cofraje pentru pere\u021bi cu o singur\u0103 fa\u021b\u0103 pentru p\u0103r\u021bile subterane ale cl\u0103dirilor. Preprufe 250 este un compozit, foaie de membran\u0103, const\u00e2nd \u020bntr-un strat purt\u0103tor HDPE, un strat adeziv activ \u015fi un strat rezistent la condi\u021biile meteo. Utiliz\u00e2nd Tehnologia Unic\u0103 de [&hellip;]","og_url":"https:\/\/proventuss.eu\/ro\/produkt\/preprufe-250\/","og_site_name":"Proventuss","article_modified_time":"2023-04-13T13:15:31+00:00","og_image":[{"width":2560,"height":1706,"url":"https:\/\/proventuss.eu\/wp-content\/uploads\/2023\/03\/shutterstock_1852800412-scaled.jpg","type":"image\/jpeg"}],"twitter_card":"summary_large_image","twitter_misc":{"Timp estimat pentru citire":"2 minute"},"schema":{"@context":"https:\/\/schema.org","@graph":[{"@type":"WebPage","@id":"https:\/\/proventuss.eu\/ro\/produkt\/preprufe-250\/","url":"https:\/\/proventuss.eu\/ro\/produkt\/preprufe-250\/","name":"Preprufe 250 - Proventuss","isPartOf":{"@id":"https:\/\/proventuss.eu\/#website"},"primaryImageOfPage":{"@id":"https:\/\/proventuss.eu\/ro\/produkt\/preprufe-250\/#primaryimage"},"image":{"@id":"https:\/\/proventuss.eu\/ro\/produkt\/preprufe-250\/#primaryimage"},"thumbnailUrl":"https:\/\/proventuss.eu\/wp-content\/uploads\/2023\/03\/shutterstock_1852800412-scaled.jpg","datePublished":"2023-03-20T12:44:06+00:00","dateModified":"2023-04-13T13:15:31+00:00","breadcrumb":{"@id":"https:\/\/proventuss.eu\/ro\/produkt\/preprufe-250\/#breadcrumb"},"inLanguage":"ro-RO","potentialAction":[{"@type":"ReadAction","target":["https:\/\/proventuss.eu\/ro\/produkt\/preprufe-250\/"]}]},{"@type":"ImageObject","inLanguage":"ro-RO","@id":"https:\/\/proventuss.eu\/ro\/produkt\/preprufe-250\/#primaryimage","url":"https:\/\/proventuss.eu\/wp-content\/uploads\/2023\/03\/shutterstock_1852800412-scaled.jpg","contentUrl":"https:\/\/proventuss.eu\/wp-content\/uploads\/2023\/03\/shutterstock_1852800412-scaled.jpg","width":2560,"height":1706},{"@type":"BreadcrumbList","@id":"https:\/\/proventuss.eu\/ro\/produkt\/preprufe-250\/#breadcrumb","itemListElement":[{"@type":"ListItem","position":1,"name":"Home","item":"https:\/\/proventuss.eu\/ro\/"},{"@type":"ListItem","position":2,"name":"Produse","item":"https:\/\/proventuss.eu\/produse\/"},{"@type":"ListItem","position":3,"name":"Preprufe 250"}]},{"@type":"WebSite","@id":"https:\/\/proventuss.eu\/#website","url":"https:\/\/proventuss.eu\/","name":"Proventuss","description":"","potentialAction":[{"@type":"SearchAction","target":{"@type":"EntryPoint","urlTemplate":"https:\/\/proventuss.eu\/?s={search_term_string}"},"query-input":"required name=search_term_string"}],"inLanguage":"ro-RO"}]}},"_links":{"self":[{"href":"https:\/\/proventuss.eu\/ro\/wp-json\/wp\/v2\/product\/12698"}],"collection":[{"href":"https:\/\/proventuss.eu\/ro\/wp-json\/wp\/v2\/product"}],"about":[{"href":"https:\/\/proventuss.eu\/ro\/wp-json\/wp\/v2\/types\/product"}],"replies":[{"embeddable":true,"href":"https:\/\/proventuss.eu\/ro\/wp-json\/wp\/v2\/comments?post=12698"}],"wp:featuredmedia":[{"embeddable":true,"href":"https:\/\/proventuss.eu\/ro\/wp-json\/wp\/v2\/media\/12584"}],"wp:attachment":[{"href":"https:\/\/proventuss.eu\/ro\/wp-json\/wp\/v2\/media?parent=12698"}],"wp:term":[{"taxonomy":"product_cat","embeddable":true,"href":"https:\/\/proventuss.eu\/ro\/wp-json\/wp\/v2\/product_cat?post=12698"},{"taxonomy":"product_tag","embeddable":true,"href":"https:\/\/proventuss.eu\/ro\/wp-json\/wp\/v2\/product_tag?post=12698"}],"curies":[{"name":"wp","href":"https:\/\/api.w.org\/{rel}","templated":true}]}}