{"id":12696,"date":"2023-03-14T13:43:59","date_gmt":"2023-03-14T13:43:59","guid":{"rendered":"https:\/\/proventuss.eu\/produkt\/dowsil-pv-8301-sigilant-cu-%c8%8bntarire-rapida\/"},"modified":"2023-03-14T13:43:59","modified_gmt":"2023-03-14T13:43:59","slug":"dowsil-pv-8301-sigilant-cu-%c8%8bntarire-rapida","status":"publish","type":"product","link":"https:\/\/proventuss.eu\/ro\/produs\/dowsil-pv-8301-sigilant-cu-%c8%8bntarire-rapida\/","title":{"rendered":"DOWSIL PV-8301 Sigilant cu \u020bnt\u0103rire rapid\u0103"},"content":{"rendered":"<p>Adeziv bicomponent, cu \u020bnt\u0103rire rapid\u0103 creat pentru lipirea \u015finei \u015fi sigilarea ramelor. Sigilantul cu amestec 10:1 este destinat pentru a fi folosit cu baza PV 8300. Sigilantul este certificat UL \u015fi creat s\u0103 asigure lipirea pe termen lung \u015fi protectia \u020bmpotriva umezelii \u015fi a degrad\u0103rii produse de mediul \u020bnconjur\u0103tor.<\/p>\n","protected":false},"excerpt":{"rendered":"<p>Adeziv bicomponent, cu \u020bnt\u0103rire rapid\u0103 creat pentru lipirea \u015finei \u015fi sigilarea ramelor. Sigilantul cu amestec 10:1 este destinat pentru a fi folosit cu baza PV 8300. Sigilantul este certificat UL \u015fi creat s\u0103 asigure lipirea pe termen lung \u015fi protectia \u020bmpotriva umezelii \u015fi a degrad\u0103rii produse de mediul \u020bnconjur\u0103tor.<\/p>\n","protected":false},"featured_media":12383,"comment_status":"open","ping_status":"closed","template":"","meta":{"_acf_changed":false},"product_cat":[15],"product_tag":[],"acf":[],"yoast_head":"<!-- This site is optimized with the Yoast SEO plugin v22.9 - https:\/\/yoast.com\/wordpress\/plugins\/seo\/ -->\n<title>DOWSIL PV-8301 Sigilant cu \u020bnt\u0103rire rapid\u0103 - Proventuss<\/title>\n<meta name=\"robots\" content=\"index, follow, max-snippet:-1, max-image-preview:large, max-video-preview:-1\" \/>\n<link rel=\"canonical\" href=\"https:\/\/proventuss.eu\/ro\/produkt\/dowsil-pv-8301-sigilant-cu-\u020bntarire-rapida\/\" \/>\n<meta property=\"og:locale\" content=\"ro_RO\" \/>\n<meta property=\"og:type\" content=\"article\" \/>\n<meta property=\"og:title\" content=\"DOWSIL PV-8301 Sigilant cu \u020bnt\u0103rire rapid\u0103 - Proventuss\" \/>\n<meta property=\"og:description\" content=\"Adeziv bicomponent, cu \u020bnt\u0103rire rapid\u0103 creat pentru lipirea \u015finei \u015fi sigilarea ramelor. Sigilantul cu amestec 10:1 este destinat pentru a fi folosit cu baza PV 8300. Sigilantul este certificat UL \u015fi creat s\u0103 asigure lipirea pe termen lung \u015fi protectia \u020bmpotriva umezelii \u015fi a degrad\u0103rii produse de mediul \u020bnconjur\u0103tor.\" \/>\n<meta property=\"og:url\" content=\"https:\/\/proventuss.eu\/ro\/produkt\/dowsil-pv-8301-sigilant-cu-\u020bntarire-rapida\/\" \/>\n<meta property=\"og:site_name\" content=\"Proventuss\" \/>\n<meta property=\"og:image\" content=\"https:\/\/proventuss.eu\/wp-content\/uploads\/2023\/03\/Solar-Dm.jpg\" \/>\n\t<meta property=\"og:image:width\" content=\"1332\" \/>\n\t<meta property=\"og:image:height\" content=\"889\" \/>\n\t<meta property=\"og:image:type\" content=\"image\/jpeg\" \/>\n<meta name=\"twitter:card\" content=\"summary_large_image\" \/>\n<script type=\"application\/ld+json\" class=\"yoast-schema-graph\">{\"@context\":\"https:\/\/schema.org\",\"@graph\":[{\"@type\":\"WebPage\",\"@id\":\"https:\/\/proventuss.eu\/ro\/produkt\/dowsil-pv-8301-sigilant-cu-%c8%8bntarire-rapida\/\",\"url\":\"https:\/\/proventuss.eu\/ro\/produkt\/dowsil-pv-8301-sigilant-cu-%c8%8bntarire-rapida\/\",\"name\":\"DOWSIL PV-8301 Sigilant cu \u020bnt\u0103rire rapid\u0103 - Proventuss\",\"isPartOf\":{\"@id\":\"https:\/\/proventuss.eu\/#website\"},\"primaryImageOfPage\":{\"@id\":\"https:\/\/proventuss.eu\/ro\/produkt\/dowsil-pv-8301-sigilant-cu-%c8%8bntarire-rapida\/#primaryimage\"},\"image\":{\"@id\":\"https:\/\/proventuss.eu\/ro\/produkt\/dowsil-pv-8301-sigilant-cu-%c8%8bntarire-rapida\/#primaryimage\"},\"thumbnailUrl\":\"https:\/\/proventuss.eu\/wp-content\/uploads\/2023\/03\/Solar-Dm.jpg\",\"datePublished\":\"2023-03-14T13:43:59+00:00\",\"dateModified\":\"2023-03-14T13:43:59+00:00\",\"breadcrumb\":{\"@id\":\"https:\/\/proventuss.eu\/ro\/produkt\/dowsil-pv-8301-sigilant-cu-%c8%8bntarire-rapida\/#breadcrumb\"},\"inLanguage\":\"ro-RO\",\"potentialAction\":[{\"@type\":\"ReadAction\",\"target\":[\"https:\/\/proventuss.eu\/ro\/produkt\/dowsil-pv-8301-sigilant-cu-%c8%8bntarire-rapida\/\"]}]},{\"@type\":\"ImageObject\",\"inLanguage\":\"ro-RO\",\"@id\":\"https:\/\/proventuss.eu\/ro\/produkt\/dowsil-pv-8301-sigilant-cu-%c8%8bntarire-rapida\/#primaryimage\",\"url\":\"https:\/\/proventuss.eu\/wp-content\/uploads\/2023\/03\/Solar-Dm.jpg\",\"contentUrl\":\"https:\/\/proventuss.eu\/wp-content\/uploads\/2023\/03\/Solar-Dm.jpg\",\"width\":1332,\"height\":889,\"caption\":\"Close-up of Solar cell farm power plant eco technology.landscape of Solar cell panels in a photovoltaic power plant.concept of sustainable resources.\"},{\"@type\":\"BreadcrumbList\",\"@id\":\"https:\/\/proventuss.eu\/ro\/produkt\/dowsil-pv-8301-sigilant-cu-%c8%8bntarire-rapida\/#breadcrumb\",\"itemListElement\":[{\"@type\":\"ListItem\",\"position\":1,\"name\":\"Home\",\"item\":\"https:\/\/proventuss.eu\/ro\/\"},{\"@type\":\"ListItem\",\"position\":2,\"name\":\"Produse\",\"item\":\"https:\/\/proventuss.eu\/produse\/\"},{\"@type\":\"ListItem\",\"position\":3,\"name\":\"DOWSIL PV-8301 Sigilant cu \u020bnt\u0103rire rapid\u0103\"}]},{\"@type\":\"WebSite\",\"@id\":\"https:\/\/proventuss.eu\/#website\",\"url\":\"https:\/\/proventuss.eu\/\",\"name\":\"Proventuss\",\"description\":\"\",\"potentialAction\":[{\"@type\":\"SearchAction\",\"target\":{\"@type\":\"EntryPoint\",\"urlTemplate\":\"https:\/\/proventuss.eu\/?s={search_term_string}\"},\"query-input\":\"required name=search_term_string\"}],\"inLanguage\":\"ro-RO\"}]}<\/script>\n<!-- \/ Yoast SEO plugin. -->","yoast_head_json":{"title":"DOWSIL PV-8301 Sigilant cu \u020bnt\u0103rire rapid\u0103 - Proventuss","robots":{"index":"index","follow":"follow","max-snippet":"max-snippet:-1","max-image-preview":"max-image-preview:large","max-video-preview":"max-video-preview:-1"},"canonical":"https:\/\/proventuss.eu\/ro\/produkt\/dowsil-pv-8301-sigilant-cu-\u020bntarire-rapida\/","og_locale":"ro_RO","og_type":"article","og_title":"DOWSIL PV-8301 Sigilant cu \u020bnt\u0103rire rapid\u0103 - Proventuss","og_description":"Adeziv bicomponent, cu \u020bnt\u0103rire rapid\u0103 creat pentru lipirea \u015finei \u015fi sigilarea ramelor. Sigilantul cu amestec 10:1 este destinat pentru a fi folosit cu baza PV 8300. Sigilantul este certificat UL \u015fi creat s\u0103 asigure lipirea pe termen lung \u015fi protectia \u020bmpotriva umezelii \u015fi a degrad\u0103rii produse de mediul \u020bnconjur\u0103tor.","og_url":"https:\/\/proventuss.eu\/ro\/produkt\/dowsil-pv-8301-sigilant-cu-\u020bntarire-rapida\/","og_site_name":"Proventuss","og_image":[{"width":1332,"height":889,"url":"https:\/\/proventuss.eu\/wp-content\/uploads\/2023\/03\/Solar-Dm.jpg","type":"image\/jpeg"}],"twitter_card":"summary_large_image","schema":{"@context":"https:\/\/schema.org","@graph":[{"@type":"WebPage","@id":"https:\/\/proventuss.eu\/ro\/produkt\/dowsil-pv-8301-sigilant-cu-%c8%8bntarire-rapida\/","url":"https:\/\/proventuss.eu\/ro\/produkt\/dowsil-pv-8301-sigilant-cu-%c8%8bntarire-rapida\/","name":"DOWSIL PV-8301 Sigilant cu \u020bnt\u0103rire rapid\u0103 - Proventuss","isPartOf":{"@id":"https:\/\/proventuss.eu\/#website"},"primaryImageOfPage":{"@id":"https:\/\/proventuss.eu\/ro\/produkt\/dowsil-pv-8301-sigilant-cu-%c8%8bntarire-rapida\/#primaryimage"},"image":{"@id":"https:\/\/proventuss.eu\/ro\/produkt\/dowsil-pv-8301-sigilant-cu-%c8%8bntarire-rapida\/#primaryimage"},"thumbnailUrl":"https:\/\/proventuss.eu\/wp-content\/uploads\/2023\/03\/Solar-Dm.jpg","datePublished":"2023-03-14T13:43:59+00:00","dateModified":"2023-03-14T13:43:59+00:00","breadcrumb":{"@id":"https:\/\/proventuss.eu\/ro\/produkt\/dowsil-pv-8301-sigilant-cu-%c8%8bntarire-rapida\/#breadcrumb"},"inLanguage":"ro-RO","potentialAction":[{"@type":"ReadAction","target":["https:\/\/proventuss.eu\/ro\/produkt\/dowsil-pv-8301-sigilant-cu-%c8%8bntarire-rapida\/"]}]},{"@type":"ImageObject","inLanguage":"ro-RO","@id":"https:\/\/proventuss.eu\/ro\/produkt\/dowsil-pv-8301-sigilant-cu-%c8%8bntarire-rapida\/#primaryimage","url":"https:\/\/proventuss.eu\/wp-content\/uploads\/2023\/03\/Solar-Dm.jpg","contentUrl":"https:\/\/proventuss.eu\/wp-content\/uploads\/2023\/03\/Solar-Dm.jpg","width":1332,"height":889,"caption":"Close-up of Solar cell farm power plant eco technology.landscape of Solar cell panels in a photovoltaic power plant.concept of sustainable resources."},{"@type":"BreadcrumbList","@id":"https:\/\/proventuss.eu\/ro\/produkt\/dowsil-pv-8301-sigilant-cu-%c8%8bntarire-rapida\/#breadcrumb","itemListElement":[{"@type":"ListItem","position":1,"name":"Home","item":"https:\/\/proventuss.eu\/ro\/"},{"@type":"ListItem","position":2,"name":"Produse","item":"https:\/\/proventuss.eu\/produse\/"},{"@type":"ListItem","position":3,"name":"DOWSIL PV-8301 Sigilant cu \u020bnt\u0103rire rapid\u0103"}]},{"@type":"WebSite","@id":"https:\/\/proventuss.eu\/#website","url":"https:\/\/proventuss.eu\/","name":"Proventuss","description":"","potentialAction":[{"@type":"SearchAction","target":{"@type":"EntryPoint","urlTemplate":"https:\/\/proventuss.eu\/?s={search_term_string}"},"query-input":"required name=search_term_string"}],"inLanguage":"ro-RO"}]}},"_links":{"self":[{"href":"https:\/\/proventuss.eu\/ro\/wp-json\/wp\/v2\/product\/12696"}],"collection":[{"href":"https:\/\/proventuss.eu\/ro\/wp-json\/wp\/v2\/product"}],"about":[{"href":"https:\/\/proventuss.eu\/ro\/wp-json\/wp\/v2\/types\/product"}],"replies":[{"embeddable":true,"href":"https:\/\/proventuss.eu\/ro\/wp-json\/wp\/v2\/comments?post=12696"}],"wp:featuredmedia":[{"embeddable":true,"href":"https:\/\/proventuss.eu\/ro\/wp-json\/wp\/v2\/media\/12383"}],"wp:attachment":[{"href":"https:\/\/proventuss.eu\/ro\/wp-json\/wp\/v2\/media?parent=12696"}],"wp:term":[{"taxonomy":"product_cat","embeddable":true,"href":"https:\/\/proventuss.eu\/ro\/wp-json\/wp\/v2\/product_cat?post=12696"},{"taxonomy":"product_tag","embeddable":true,"href":"https:\/\/proventuss.eu\/ro\/wp-json\/wp\/v2\/product_tag?post=12696"}],"curies":[{"name":"wp","href":"https:\/\/api.w.org\/{rel}","templated":true}]}}